{"id":5272,"date":"2018-12-13T14:17:37","date_gmt":"2018-12-13T13:17:37","guid":{"rendered":"https:\/\/schramas.nl\/?post_type=product&#038;p=5272"},"modified":"2026-04-20T17:45:22","modified_gmt":"2026-04-20T15:45:22","slug":"elstar","status":"publish","type":"product","link":"https:\/\/www.schramas.com\/de\/shop\/elstar\/","title":{"rendered":"Malus domestica 'Elstar' Apfelbaum, 5 Liter Topf"},"content":{"rendered":"<p>Nat\u00fcrlich kennen wir alle den \u201eElstar\u201c! Es ist immer noch eine der meistverkauften Apfelsorten im Handel. Es ist ein saftiger, knackiger Apfel mit cremewei\u00dfem Fruchtfleisch. Sein Aroma und Geschmack: frisch und herrlich s\u00fc\u00df. Die meisten Elstar-\u00c4pfel sind gr\u00fcngelb mit einem leuchtend roten Schimmer. Dieser Apfel wird Ihnen von schramas.com im 5-Liter-Topf mit einer Pflanzenh\u00f6he von 80-100 cm angeboten.<\/p>","protected":false},"excerpt":{"rendered":"<p>Malus domestica 'Elstar'<\/p>\n<p>Sehr beliebte Apfelsorte.<\/p>\n<p>Geschmack: frisch-s\u00fc\u00df.<\/p>\n<p>Fruchtfarbe: gr\u00fcn-gelb mit leuchtend roter F\u00e4rbung.<\/p>\n<p>Maximale H\u00f6he: 2,5 bis 3 Meter<\/p>\n<p>sowohl f\u00fcr die Terrasse als auch f\u00fcr den offenen Boden geeignet<\/p>\n<p>Lieferh\u00f6he inkl. Topf:80-100 cm<\/p>\n<p>Topfgr\u00f6\u00dfe: 5 Liter.<\/p>","protected":false},"featured_media":36154,"template":"","meta":{"_joinchat":[]},"product_brand":[],"product_cat":[20,262,233,803],"product_tag":[569,582,584,352,583,351,316],"class_list":{"0":"post-5272","1":"product","2":"type-product","3":"status-publish","4":"has-post-thumbnail","6":"product_cat-appels","7":"product_cat-bomen-struiken","8":"product_cat-fruitbomen","9":"product_cat-herfst","10":"product_tag-appel","11":"product_tag-elstar","12":"product_tag-fris-zoet","13":"product_tag-geent","14":"product_tag-rood-geel","15":"product_tag-winterhard","16":"product_tag-zelfbestuivend","17":"pa_bloeimaanden-maart","18":"pa_bloeimaanden-april","19":"pa_groeihoogte-200-300-cm","20":"pa_pot-met-pot","22":"first","23":"instock","24":"taxable","25":"shipping-taxable","26":"purchasable","27":"product-type-simple"},"yoast_head":"<!-- This site is optimized with the Yoast SEO plugin v24.2 - https:\/\/yoast.com\/wordpress\/plugins\/seo\/ -->\n<title>Malus domestica &#039;Elstar&#039; appelboom, 5 liter pot kopen | Planten eenvoudig online bestellen | Schramas.com<\/title>\n<meta name=\"robots\" content=\"index, follow, max-snippet:-1, max-image-preview:large, max-video-preview:-1\" \/>\n<link rel=\"canonical\" href=\"https:\/\/www.schramas.com\/de\/shop\/elstar\/\" \/>\n<meta property=\"og:locale\" content=\"de_DE\" \/>\n<meta property=\"og:type\" content=\"article\" \/>\n<meta property=\"og:title\" content=\"Malus domestica &#039;Elstar&#039; appelboom, 5 liter pot kopen | Planten eenvoudig online bestellen | Schramas.com\" \/>\n<meta property=\"og:description\" content=\"Malus domestica &#039;Elstar&#039;  Zeer populaire appelsoort.  Smaak: fris- zoet.  Kleur vrucht: groengeel met helder rode blos.  Hoogte max: 2,5 tot 3 meter  geschikt voor zowel patio als volle grond  Leverhoogte incl. pot:80-100 cm  Pot maat: 5 liter.\" \/>\n<meta property=\"og:url\" content=\"https:\/\/www.schramas.com\/de\/shop\/elstar\/\" \/>\n<meta property=\"og:site_name\" content=\"Planten eenvoudig online bestellen | Schramas.com\" \/>\n<meta property=\"article:publisher\" content=\"https:\/\/www.facebook.com\/Schramascom-106872874153195\/\" \/>\n<meta property=\"article:modified_time\" content=\"2026-04-20T15:45:22+00:00\" \/>\n<meta property=\"og:image\" content=\"http:\/\/www.schramas.com\/wp-content\/uploads\/2018\/12\/Malus-domestica-Elstar-5L.jpg\" \/>\n\t<meta property=\"og:image:width\" content=\"1600\" \/>\n\t<meta property=\"og:image:height\" content=\"1600\" \/>\n\t<meta property=\"og:image:type\" content=\"image\/jpeg\" \/>\n<meta name=\"twitter:card\" content=\"summary_large_image\" \/>\n<script type=\"application\/ld+json\" class=\"yoast-schema-graph\">{\"@context\":\"https:\/\/schema.org\",\"@graph\":[{\"@type\":[\"WebPage\",\"ItemPage\"],\"@id\":\"https:\/\/www.schramas.com\/winkel\/elstar\/\",\"url\":\"https:\/\/www.schramas.com\/winkel\/elstar\/\",\"name\":\"Malus domestica 'Elstar' appelboom, 5 liter pot kopen | Planten eenvoudig online bestellen | Schramas.com\",\"isPartOf\":{\"@id\":\"https:\/\/www.schramas.com\/#website\"},\"primaryImageOfPage\":{\"@id\":\"https:\/\/www.schramas.com\/winkel\/elstar\/#primaryimage\"},\"image\":{\"@id\":\"https:\/\/www.schramas.com\/winkel\/elstar\/#primaryimage\"},\"thumbnailUrl\":\"https:\/\/www.schramas.com\/wp-content\/uploads\/2018\/12\/Malus-domestica-Elstar-5L.jpg\",\"datePublished\":\"2018-12-13T13:17:37+00:00\",\"dateModified\":\"2026-04-20T15:45:22+00:00\",\"breadcrumb\":{\"@id\":\"https:\/\/www.schramas.com\/winkel\/elstar\/#breadcrumb\"},\"inLanguage\":\"de\",\"potentialAction\":[{\"@type\":\"ReadAction\",\"target\":[\"https:\/\/www.schramas.com\/winkel\/elstar\/\"]}]},{\"@type\":\"ImageObject\",\"inLanguage\":\"de\",\"@id\":\"https:\/\/www.schramas.com\/winkel\/elstar\/#primaryimage\",\"url\":\"https:\/\/www.schramas.com\/wp-content\/uploads\/2018\/12\/Malus-domestica-Elstar-5L.jpg\",\"contentUrl\":\"https:\/\/www.schramas.com\/wp-content\/uploads\/2018\/12\/Malus-domestica-Elstar-5L.jpg\",\"width\":1600,\"height\":1600},{\"@type\":\"BreadcrumbList\",\"@id\":\"https:\/\/www.schramas.com\/winkel\/elstar\/#breadcrumb\",\"itemListElement\":[{\"@type\":\"ListItem\",\"position\":1,\"name\":\"Product\",\"item\":\"https:\/\/www.schramas.com\/assortiment\/\"},{\"@type\":\"ListItem\",\"position\":2,\"name\":\"Bomen &amp; Struiken\",\"item\":\"https:\/\/www.schramas.com\/product-category\/bomen-struiken\/\"},{\"@type\":\"ListItem\",\"position\":3,\"name\":\"Fruitbomen\",\"item\":\"https:\/\/www.schramas.com\/product-category\/bomen-struiken\/fruitbomen\/\"},{\"@type\":\"ListItem\",\"position\":4,\"name\":\"Appels\",\"item\":\"https:\/\/www.schramas.com\/product-category\/bomen-struiken\/fruitbomen\/appels\/\"},{\"@type\":\"ListItem\",\"position\":5,\"name\":\"Malus domestica &#8216;Elstar&#8217; appelboom, 5 liter pot\"}]},{\"@type\":\"WebSite\",\"@id\":\"https:\/\/www.schramas.com\/#website\",\"url\":\"https:\/\/www.schramas.com\/\",\"name\":\"Schramas.com | Tuinplanten eenvoudig online bestellen | Direct van onze Kwekerij\",\"description\":\"\",\"alternateName\":\"Schramas.com - Alle planten direct van de kweker\",\"potentialAction\":[{\"@type\":\"SearchAction\",\"target\":{\"@type\":\"EntryPoint\",\"urlTemplate\":\"https:\/\/www.schramas.com\/?s={search_term_string}\"},\"query-input\":{\"@type\":\"PropertyValueSpecification\",\"valueRequired\":true,\"valueName\":\"search_term_string\"}}],\"inLanguage\":\"de\"}]}<\/script>\n<!-- \/ Yoast SEO plugin. -->","yoast_head_json":{"title":"Kaufen Sie Malus Domestica &#039;Elstar&#039; Apfelbaum, 5 Liter Topf | Pflanzen einfach online bestellen | Schramas.com","robots":{"index":"index","follow":"follow","max-snippet":"max-snippet:-1","max-image-preview":"max-image-preview:large","max-video-preview":"max-video-preview:-1"},"canonical":"https:\/\/www.schramas.com\/de\/shop\/elstar\/","og_locale":"de_DE","og_type":"article","og_title":"Malus domestica 'Elstar' appelboom, 5 liter pot kopen | Planten eenvoudig online bestellen | Schramas.com","og_description":"Malus domestica 'Elstar'  Zeer populaire appelsoort.  Smaak: fris- zoet.  Kleur vrucht: groengeel met helder rode blos.  Hoogte max: 2,5 tot 3 meter  geschikt voor zowel patio als volle grond  Leverhoogte incl. pot:80-100 cm  Pot maat: 5 liter.","og_url":"https:\/\/www.schramas.com\/de\/shop\/elstar\/","og_site_name":"Planten eenvoudig online bestellen | Schramas.com","article_publisher":"https:\/\/www.facebook.com\/Schramascom-106872874153195\/","article_modified_time":"2026-04-20T15:45:22+00:00","og_image":[{"width":1600,"height":1600,"url":"http:\/\/www.schramas.com\/wp-content\/uploads\/2018\/12\/Malus-domestica-Elstar-5L.jpg","type":"image\/jpeg"}],"twitter_card":"summary_large_image","schema":{"@context":"https:\/\/schema.org","@graph":[{"@type":["WebPage","ItemPage"],"@id":"https:\/\/www.schramas.com\/winkel\/elstar\/","url":"https:\/\/www.schramas.com\/winkel\/elstar\/","name":"Kaufen Sie Malus Domestica &#039;Elstar&#039; Apfelbaum, 5 Liter Topf | Pflanzen einfach online bestellen | Schramas.com","isPartOf":{"@id":"https:\/\/www.schramas.com\/#website"},"primaryImageOfPage":{"@id":"https:\/\/www.schramas.com\/winkel\/elstar\/#primaryimage"},"image":{"@id":"https:\/\/www.schramas.com\/winkel\/elstar\/#primaryimage"},"thumbnailUrl":"https:\/\/www.schramas.com\/wp-content\/uploads\/2018\/12\/Malus-domestica-Elstar-5L.jpg","datePublished":"2018-12-13T13:17:37+00:00","dateModified":"2026-04-20T15:45:22+00:00","breadcrumb":{"@id":"https:\/\/www.schramas.com\/winkel\/elstar\/#breadcrumb"},"inLanguage":"de","potentialAction":[{"@type":"ReadAction","target":["https:\/\/www.schramas.com\/winkel\/elstar\/"]}]},{"@type":"ImageObject","inLanguage":"de","@id":"https:\/\/www.schramas.com\/winkel\/elstar\/#primaryimage","url":"https:\/\/www.schramas.com\/wp-content\/uploads\/2018\/12\/Malus-domestica-Elstar-5L.jpg","contentUrl":"https:\/\/www.schramas.com\/wp-content\/uploads\/2018\/12\/Malus-domestica-Elstar-5L.jpg","width":1600,"height":1600},{"@type":"BreadcrumbList","@id":"https:\/\/www.schramas.com\/winkel\/elstar\/#breadcrumb","itemListElement":[{"@type":"ListItem","position":1,"name":"Product","item":"https:\/\/www.schramas.com\/assortiment\/"},{"@type":"ListItem","position":2,"name":"Bomen &amp; Struiken","item":"https:\/\/www.schramas.com\/product-category\/bomen-struiken\/"},{"@type":"ListItem","position":3,"name":"Fruitbomen","item":"https:\/\/www.schramas.com\/product-category\/bomen-struiken\/fruitbomen\/"},{"@type":"ListItem","position":4,"name":"Appels","item":"https:\/\/www.schramas.com\/product-category\/bomen-struiken\/fruitbomen\/appels\/"},{"@type":"ListItem","position":5,"name":"Malus domestica &#8216;Elstar&#8217; appelboom, 5 liter pot"}]},{"@type":"WebSite","@id":"https:\/\/www.schramas.com\/#website","url":"https:\/\/www.schramas.com\/","name":"Schramas.com | Gartenpflanzen einfach online bestellen | Direkt aus unserer G\u00e4rtnerei","description":"","alternateName":"Schramas.com - Alle planten direct van de kweker","potentialAction":[{"@type":"SearchAction","target":{"@type":"EntryPoint","urlTemplate":"https:\/\/www.schramas.com\/?s={search_term_string}"},"query-input":{"@type":"PropertyValueSpecification","valueRequired":true,"valueName":"search_term_string"}}],"inLanguage":"de"}]}},"_links":{"self":[{"href":"https:\/\/www.schramas.com\/de\/wp-json\/wp\/v2\/product\/5272","targetHints":{"allow":["GET"]}}],"collection":[{"href":"https:\/\/www.schramas.com\/de\/wp-json\/wp\/v2\/product"}],"about":[{"href":"https:\/\/www.schramas.com\/de\/wp-json\/wp\/v2\/types\/product"}],"version-history":[{"count":1,"href":"https:\/\/www.schramas.com\/de\/wp-json\/wp\/v2\/product\/5272\/revisions"}],"predecessor-version":[{"id":45080,"href":"https:\/\/www.schramas.com\/de\/wp-json\/wp\/v2\/product\/5272\/revisions\/45080"}],"wp:featuredmedia":[{"embeddable":true,"href":"https:\/\/www.schramas.com\/de\/wp-json\/wp\/v2\/media\/36154"}],"wp:attachment":[{"href":"https:\/\/www.schramas.com\/de\/wp-json\/wp\/v2\/media?parent=5272"}],"wp:term":[{"taxonomy":"product_brand","embeddable":true,"href":"https:\/\/www.schramas.com\/de\/wp-json\/wp\/v2\/product_brand?post=5272"},{"taxonomy":"product_cat","embeddable":true,"href":"https:\/\/www.schramas.com\/de\/wp-json\/wp\/v2\/product_cat?post=5272"},{"taxonomy":"product_tag","embeddable":true,"href":"https:\/\/www.schramas.com\/de\/wp-json\/wp\/v2\/product_tag?post=5272"}],"curies":[{"name":"wp","href":"https:\/\/api.w.org\/{rel}","templated":true}]}}