{"id":5274,"date":"2018-12-13T14:22:10","date_gmt":"2018-12-13T13:22:10","guid":{"rendered":"https:\/\/schramas.nl\/?post_type=product&#038;p=5274"},"modified":"2026-04-07T18:31:12","modified_gmt":"2026-04-07T16:31:12","slug":"baya-marisa","status":"publish","type":"product","link":"https:\/\/www.schramas.com\/de\/shop\/baya-marisa\/","title":{"rendered":"Malus domestica 'Baya Marisa'\u00ae roter Apfel mit rotem Fruchtfleisch, 5 Liter Topf"},"content":{"rendered":"<p>Baya Marisa\u00ae ist ein k\u00f6stlicher s\u00fc\u00df-saurer Apfel, der reich an Vitaminen und Antioxidantien ist. Sowohl die Au\u00dfenseite als auch das Fruchtfleisch sind tiefrot gef\u00e4rbt. Dieser schmackhafte Speiseapfel eignet sich auch zur Herstellung von Apfelkuchen, Apfelsaft und in Salaten, wobei die sch\u00f6ne rote Farbe erhalten bleibt.<\/p>\n<p>Im Fr\u00fchling sind die Bl\u00fcten ebenfalls rot und die austretenden Triebe haben eine rote Blattfarbe. Dieser selbstbest\u00e4ubende und sehr anmutige Apfelbaum eignet sich f\u00fcr den Garten und den Innenhof und ist bei Lieferung mindestens 70 cm hoch. Dieser Baum wird von Schramas in einem gro\u00dfen 3-Liter-Topf geliefert.<\/p>","protected":false},"excerpt":{"rendered":"<p>Ein selbstbest\u00e4ubender Apfelbaum<\/p>\n<p>Frucht: roter Apfel mit rotem Fruchtfleisch!<\/p>\n<p>Geschmack: s\u00fc\u00df und sauer<\/p>\n<p>Baumh\u00f6he: 150-170 cm im Topf; 250\u2013350 cm im Freiland<\/p>\n<p>Sowohl f\u00fcr die Terrasse als auch f\u00fcr den Au\u00dfenbereich geeignet<\/p>","protected":false},"featured_media":20371,"template":"","meta":{"_joinchat":[]},"product_brand":[],"product_cat":[20,262,233,2391,294],"product_tag":[348,352,693,587,353,351,316,350],"class_list":{"0":"post-5274","1":"product","2":"type-product","3":"status-publish","4":"has-post-thumbnail","6":"product_cat-appels","7":"product_cat-bomen-struiken","8":"product_cat-fruitbomen","9":"product_cat-mediterrane-en-exotische-fruitplanten","10":"product_cat-specials","11":"product_tag-appe","12":"product_tag-geent","13":"product_tag-l-baya-marisa","14":"product_tag-rood","15":"product_tag-rood-vruchtvlees","16":"product_tag-winterhard","17":"product_tag-zelfbestuivend","18":"product_tag-zoetzuur","19":"pa_bloeimaanden-maart","20":"pa_bloeimaanden-april","21":"pa_ewd_uwcf_colors-rood-2","22":"pa_groeihoogte-300-cm","23":"pa_pot-5-liter-pot","25":"first","26":"outofstock","27":"featured","28":"taxable","29":"shipping-taxable","30":"purchasable","31":"product-type-simple"},"yoast_head":"<!-- This site is optimized with the Yoast SEO plugin v24.2 - https:\/\/yoast.com\/wordpress\/plugins\/seo\/ -->\n<title>Malus domestica &#039;Baya Marisa&#039;\u00ae rode appel met rood vruchtvlees, 5 liter pot kopen | Planten eenvoudig online bestellen | Schramas.com<\/title>\n<meta name=\"robots\" content=\"index, follow, max-snippet:-1, max-image-preview:large, max-video-preview:-1\" \/>\n<link rel=\"canonical\" href=\"https:\/\/www.schramas.com\/de\/shop\/baya-marisa\/\" \/>\n<meta property=\"og:locale\" content=\"de_DE\" \/>\n<meta property=\"og:type\" content=\"article\" \/>\n<meta property=\"og:title\" content=\"Malus domestica &#039;Baya Marisa&#039;\u00ae rode appel met rood vruchtvlees, 5 liter pot kopen | Planten eenvoudig online bestellen | Schramas.com\" \/>\n<meta property=\"og:description\" content=\"Een zelfbestuivende appelboom  Vrucht: rode appel met rood vruchtvlees!  Smaak: zoet zuur  Hoogte boom: 150-170 cm in pot; 250-350cm in de volle grond  Geschikt voor zowel patio\/binnenplaats als in volle grond\" \/>\n<meta property=\"og:url\" content=\"https:\/\/www.schramas.com\/de\/shop\/baya-marisa\/\" \/>\n<meta property=\"og:site_name\" content=\"Planten eenvoudig online bestellen | Schramas.com\" \/>\n<meta property=\"article:publisher\" content=\"https:\/\/www.facebook.com\/Schramascom-106872874153195\/\" \/>\n<meta property=\"article:modified_time\" content=\"2026-04-07T16:31:12+00:00\" \/>\n<meta property=\"og:image\" content=\"http:\/\/www.schramas.com\/wp-content\/uploads\/2018\/12\/baya-sfeer.jpg\" \/>\n\t<meta property=\"og:image:width\" content=\"1200\" \/>\n\t<meta property=\"og:image:height\" content=\"1200\" \/>\n\t<meta property=\"og:image:type\" content=\"image\/jpeg\" \/>\n<meta name=\"twitter:card\" content=\"summary_large_image\" \/>\n<script type=\"application\/ld+json\" class=\"yoast-schema-graph\">{\"@context\":\"https:\/\/schema.org\",\"@graph\":[{\"@type\":[\"WebPage\",\"ItemPage\"],\"@id\":\"https:\/\/www.schramas.com\/winkel\/baya-marisa\/\",\"url\":\"https:\/\/www.schramas.com\/winkel\/baya-marisa\/\",\"name\":\"Malus domestica 'Baya Marisa'\u00ae rode appel met rood vruchtvlees, 5 liter pot kopen | Planten eenvoudig online bestellen | Schramas.com\",\"isPartOf\":{\"@id\":\"https:\/\/www.schramas.com\/#website\"},\"primaryImageOfPage\":{\"@id\":\"https:\/\/www.schramas.com\/winkel\/baya-marisa\/#primaryimage\"},\"image\":{\"@id\":\"https:\/\/www.schramas.com\/winkel\/baya-marisa\/#primaryimage\"},\"thumbnailUrl\":\"https:\/\/www.schramas.com\/wp-content\/uploads\/2018\/12\/baya-sfeer.jpg\",\"datePublished\":\"2018-12-13T13:22:10+00:00\",\"dateModified\":\"2026-04-07T16:31:12+00:00\",\"breadcrumb\":{\"@id\":\"https:\/\/www.schramas.com\/winkel\/baya-marisa\/#breadcrumb\"},\"inLanguage\":\"de\",\"potentialAction\":[{\"@type\":\"ReadAction\",\"target\":[\"https:\/\/www.schramas.com\/winkel\/baya-marisa\/\"]}]},{\"@type\":\"ImageObject\",\"inLanguage\":\"de\",\"@id\":\"https:\/\/www.schramas.com\/winkel\/baya-marisa\/#primaryimage\",\"url\":\"https:\/\/www.schramas.com\/wp-content\/uploads\/2018\/12\/baya-sfeer.jpg\",\"contentUrl\":\"https:\/\/www.schramas.com\/wp-content\/uploads\/2018\/12\/baya-sfeer.jpg\",\"width\":1200,\"height\":1200},{\"@type\":\"BreadcrumbList\",\"@id\":\"https:\/\/www.schramas.com\/winkel\/baya-marisa\/#breadcrumb\",\"itemListElement\":[{\"@type\":\"ListItem\",\"position\":1,\"name\":\"Product\",\"item\":\"https:\/\/www.schramas.com\/assortiment\/\"},{\"@type\":\"ListItem\",\"position\":2,\"name\":\"Bomen &amp; Struiken\",\"item\":\"https:\/\/www.schramas.com\/product-category\/bomen-struiken\/\"},{\"@type\":\"ListItem\",\"position\":3,\"name\":\"Fruitbomen\",\"item\":\"https:\/\/www.schramas.com\/product-category\/bomen-struiken\/fruitbomen\/\"},{\"@type\":\"ListItem\",\"position\":4,\"name\":\"Appels\",\"item\":\"https:\/\/www.schramas.com\/product-category\/bomen-struiken\/fruitbomen\/appels\/\"},{\"@type\":\"ListItem\",\"position\":5,\"name\":\"Malus domestica &#8216;Baya Marisa&#8217;\u00ae rode appel met rood vruchtvlees, 5 liter pot\"}]},{\"@type\":\"WebSite\",\"@id\":\"https:\/\/www.schramas.com\/#website\",\"url\":\"https:\/\/www.schramas.com\/\",\"name\":\"Schramas.com | Tuinplanten eenvoudig online bestellen | Direct van onze Kwekerij\",\"description\":\"\",\"alternateName\":\"Schramas.com - Alle planten direct van de kweker\",\"potentialAction\":[{\"@type\":\"SearchAction\",\"target\":{\"@type\":\"EntryPoint\",\"urlTemplate\":\"https:\/\/www.schramas.com\/?s={search_term_string}\"},\"query-input\":{\"@type\":\"PropertyValueSpecification\",\"valueRequired\":true,\"valueName\":\"search_term_string\"}}],\"inLanguage\":\"de\"}]}<\/script>\n<!-- \/ Yoast SEO plugin. -->","yoast_head_json":{"title":"Kaufen Sie Malus Domestica &#039;Baya Marisa&#039;\u00ae roter Apfel mit rotem Fruchtfleisch, 5 Liter Glas | Pflanzen einfach online bestellen | Schramas.com","robots":{"index":"index","follow":"follow","max-snippet":"max-snippet:-1","max-image-preview":"max-image-preview:large","max-video-preview":"max-video-preview:-1"},"canonical":"https:\/\/www.schramas.com\/de\/shop\/baya-marisa\/","og_locale":"de_DE","og_type":"article","og_title":"Malus domestica 'Baya Marisa'\u00ae rode appel met rood vruchtvlees, 5 liter pot kopen | Planten eenvoudig online bestellen | Schramas.com","og_description":"Een zelfbestuivende appelboom  Vrucht: rode appel met rood vruchtvlees!  Smaak: zoet zuur  Hoogte boom: 150-170 cm in pot; 250-350cm in de volle grond  Geschikt voor zowel patio\/binnenplaats als in volle grond","og_url":"https:\/\/www.schramas.com\/de\/shop\/baya-marisa\/","og_site_name":"Planten eenvoudig online bestellen | Schramas.com","article_publisher":"https:\/\/www.facebook.com\/Schramascom-106872874153195\/","article_modified_time":"2026-04-07T16:31:12+00:00","og_image":[{"width":1200,"height":1200,"url":"http:\/\/www.schramas.com\/wp-content\/uploads\/2018\/12\/baya-sfeer.jpg","type":"image\/jpeg"}],"twitter_card":"summary_large_image","schema":{"@context":"https:\/\/schema.org","@graph":[{"@type":["WebPage","ItemPage"],"@id":"https:\/\/www.schramas.com\/winkel\/baya-marisa\/","url":"https:\/\/www.schramas.com\/winkel\/baya-marisa\/","name":"Kaufen Sie Malus Domestica &#039;Baya Marisa&#039;\u00ae roter Apfel mit rotem Fruchtfleisch, 5 Liter Glas | Pflanzen einfach online bestellen | Schramas.com","isPartOf":{"@id":"https:\/\/www.schramas.com\/#website"},"primaryImageOfPage":{"@id":"https:\/\/www.schramas.com\/winkel\/baya-marisa\/#primaryimage"},"image":{"@id":"https:\/\/www.schramas.com\/winkel\/baya-marisa\/#primaryimage"},"thumbnailUrl":"https:\/\/www.schramas.com\/wp-content\/uploads\/2018\/12\/baya-sfeer.jpg","datePublished":"2018-12-13T13:22:10+00:00","dateModified":"2026-04-07T16:31:12+00:00","breadcrumb":{"@id":"https:\/\/www.schramas.com\/winkel\/baya-marisa\/#breadcrumb"},"inLanguage":"de","potentialAction":[{"@type":"ReadAction","target":["https:\/\/www.schramas.com\/winkel\/baya-marisa\/"]}]},{"@type":"ImageObject","inLanguage":"de","@id":"https:\/\/www.schramas.com\/winkel\/baya-marisa\/#primaryimage","url":"https:\/\/www.schramas.com\/wp-content\/uploads\/2018\/12\/baya-sfeer.jpg","contentUrl":"https:\/\/www.schramas.com\/wp-content\/uploads\/2018\/12\/baya-sfeer.jpg","width":1200,"height":1200},{"@type":"BreadcrumbList","@id":"https:\/\/www.schramas.com\/winkel\/baya-marisa\/#breadcrumb","itemListElement":[{"@type":"ListItem","position":1,"name":"Product","item":"https:\/\/www.schramas.com\/assortiment\/"},{"@type":"ListItem","position":2,"name":"Bomen &amp; Struiken","item":"https:\/\/www.schramas.com\/product-category\/bomen-struiken\/"},{"@type":"ListItem","position":3,"name":"Fruitbomen","item":"https:\/\/www.schramas.com\/product-category\/bomen-struiken\/fruitbomen\/"},{"@type":"ListItem","position":4,"name":"Appels","item":"https:\/\/www.schramas.com\/product-category\/bomen-struiken\/fruitbomen\/appels\/"},{"@type":"ListItem","position":5,"name":"Malus domestica &#8216;Baya Marisa&#8217;\u00ae rode appel met rood vruchtvlees, 5 liter pot"}]},{"@type":"WebSite","@id":"https:\/\/www.schramas.com\/#website","url":"https:\/\/www.schramas.com\/","name":"Schramas.com | Gartenpflanzen einfach online bestellen | Direkt aus unserer G\u00e4rtnerei","description":"","alternateName":"Schramas.com - Alle planten direct van de kweker","potentialAction":[{"@type":"SearchAction","target":{"@type":"EntryPoint","urlTemplate":"https:\/\/www.schramas.com\/?s={search_term_string}"},"query-input":{"@type":"PropertyValueSpecification","valueRequired":true,"valueName":"search_term_string"}}],"inLanguage":"de"}]}},"_links":{"self":[{"href":"https:\/\/www.schramas.com\/de\/wp-json\/wp\/v2\/product\/5274","targetHints":{"allow":["GET"]}}],"collection":[{"href":"https:\/\/www.schramas.com\/de\/wp-json\/wp\/v2\/product"}],"about":[{"href":"https:\/\/www.schramas.com\/de\/wp-json\/wp\/v2\/types\/product"}],"version-history":[{"count":2,"href":"https:\/\/www.schramas.com\/de\/wp-json\/wp\/v2\/product\/5274\/revisions"}],"predecessor-version":[{"id":60748,"href":"https:\/\/www.schramas.com\/de\/wp-json\/wp\/v2\/product\/5274\/revisions\/60748"}],"wp:featuredmedia":[{"embeddable":true,"href":"https:\/\/www.schramas.com\/de\/wp-json\/wp\/v2\/media\/20371"}],"wp:attachment":[{"href":"https:\/\/www.schramas.com\/de\/wp-json\/wp\/v2\/media?parent=5274"}],"wp:term":[{"taxonomy":"product_brand","embeddable":true,"href":"https:\/\/www.schramas.com\/de\/wp-json\/wp\/v2\/product_brand?post=5274"},{"taxonomy":"product_cat","embeddable":true,"href":"https:\/\/www.schramas.com\/de\/wp-json\/wp\/v2\/product_cat?post=5274"},{"taxonomy":"product_tag","embeddable":true,"href":"https:\/\/www.schramas.com\/de\/wp-json\/wp\/v2\/product_tag?post=5274"}],"curies":[{"name":"wp","href":"https:\/\/api.w.org\/{rel}","templated":true}]}}