{"id":53132,"date":"2025-06-05T09:15:07","date_gmt":"2025-06-05T07:15:07","guid":{"rendered":"https:\/\/www.schramas.com\/?post_type=product&#038;p=53132"},"modified":"2026-03-26T16:37:41","modified_gmt":"2026-03-26T15:37:41","slug":"schefflera-taiwaniana-winterharter-fingerbaum-hohe-50cm-2-liter-topf","status":"publish","type":"product","link":"https:\/\/www.schramas.com\/de\/shop\/schefflera-taiwaniana-winterharter-fingerbaum-hohe-50cm-2-liter-topf\/","title":{"rendered":"Schefflera taiwaniana, Winterharter Fingerbaum, H\u00f6he 50cm, 2 Liter Topf"},"content":{"rendered":"<p data-start=\"107\" data-end=\"535\">Die <em data-start=\"110\" data-end=\"133\">Schefflera taiwaniana<\/em>, auch bekannt als Hardy Finger Tree, bringt einen Hauch von subtropischer Atmosph\u00e4re in Ihren Garten. Urspr\u00fcnglich aus den Bergw\u00e4ldern Taiwans stammend, zeichnet sich dieser anmutige Strauch durch seine sch\u00f6nen, handf\u00f6rmigen Bl\u00e4tter aus. Diese Bl\u00e4tter, die f\u00e4cherf\u00f6rmig an den Zweigen wachsen, sorgen f\u00fcr einen exotischen Akzent und machen die Pflanze zu einem echten Blickfang in jedem Beet oder auf einer Terrasse.<\/p>\n<p data-start=\"537\" data-end=\"899\"><strong data-start=\"540\" data-end=\"562\">Wachstum und Aussehen<\/strong><br data-start=\"562\" data-end=\"565\" \/>Die <em data-start=\"568\" data-end=\"591\">Schefflera taiwaniana<\/em> w\u00e4chst ruhig und gleichm\u00e4\u00dfig und erreicht nach etwa 10 Jahren eine H\u00f6he von 1,5 bis 2 Metern. Er bildet einen dichten, gut verzweigten Strauch und hat ein elegantes, nat\u00fcrliches Aussehen. Die Bl\u00e4tter sind ledrig und dunkelgr\u00fcn und haben eine ausgepr\u00e4gte Handform, die an eine Fingerpflanze erinnert.<\/p>\n<p data-start=\"901\" data-end=\"1133\"><strong data-start=\"904\" data-end=\"925\">Bl\u00fcte und Fr\u00fcchte<\/strong><br data-start=\"925\" data-end=\"928\" \/>Wenn er \u00e4lter ist, kann dieser Fingerbaum im August und September mit gr\u00fcnlich-braunen Bl\u00fctenrispen bl\u00fchen. Die Bl\u00fcten sind zart und werden von kleinen Fr\u00fcchten gefolgt, die der Pflanze einen zus\u00e4tzlichen Zierwert verleihen.<\/p>\n<p data-start=\"1135\" data-end=\"1461\"><strong data-start=\"1138\" data-end=\"1167\">Pflege und Standort<\/strong><br data-start=\"1167\" data-end=\"1170\" \/>Die <em data-start=\"1173\" data-end=\"1196\">Schefflera taiwaniana<\/em> w\u00e4chst am besten an einem gesch\u00fctzten Platz in der Sonne oder im Halbschatten. Die Pflanze stellt wenig Anspr\u00fcche an den Boden, solange er gut durchl\u00e4ssig ist. Sie mag einen feuchten, nassen Boden und vertr\u00e4gt Luftverschmutzung gut, was sie f\u00fcr st\u00e4dtische G\u00e4rten geeignet macht.<\/p>\n<p data-start=\"1463\" data-end=\"1651\">Obwohl die Pflanze bis zu einer Temperatur von -8 bis -10 \u00b0C einigerma\u00dfen winterhart ist, verdient sie in strengen Wintern einen zus\u00e4tzlichen Schutz. Erw\u00e4gen Sie, bei K\u00e4lteeinbr\u00fcchen Mulch oder Vlies auszulegen.<\/p>\n<p data-start=\"1653\" data-end=\"1877\"><strong data-start=\"1656\" data-end=\"1678\">Pflege und Beschneidung<\/strong><br data-start=\"1678\" data-end=\"1681\" \/>Die <em data-start=\"1684\" data-end=\"1707\">Schefflera taiwaniana<\/em> kann gut in Form geschnitten werden, wenn sie zu gro\u00df oder zu breit wird. Ein leichter R\u00fcckschnitt im Fr\u00fchjahr h\u00e4lt die Pflanze kompakt und f\u00f6rdert frisches, neues Wachstum.<\/p>\n<p><strong data-start=\"1879\" data-end=\"1905\">Pluspunkte in einer Reihe:<\/strong><\/p>\n<p>Exotisches Aussehen mit einzigartigen handgeformten Bl\u00e4ttern<br data-start=\"1963\" data-end=\"1966\" \/>M\u00e4\u00dfig winterhart, mit leichtem Schutz f\u00fcr niederl\u00e4ndische G\u00e4rten geeignet<br data-start=\"2041\" data-end=\"2044\" \/>Pflegeleicht und gut kombinierbar mit anderen Zierstr\u00e4uchern<br data-start=\"2114\" data-end=\"2117\" \/>Kann auch in T\u00f6pfen f\u00fcr Terrasse oder Balkon gehalten werden<\/p>","protected":false},"excerpt":{"rendered":"<p>Schefflera taiwaniana<\/p>\n<p>Fingerbaum<\/p>\n<p>M\u00e4\u00dfig widerstandsf\u00e4hig<\/p>\n<p>Lieferh\u00f6he inkl. Topf: ca. 50 cm<\/p>\n<p>Topfgr\u00f6\u00dfe: 2 Liter<\/p>","protected":false},"featured_media":53133,"template":"","meta":{"_joinchat":[]},"product_brand":[],"product_cat":[303,300,229,305],"product_tag":[3059,1367,1369,3058,1454,3056,1351,3055,2769,3053,495,2819,3057,1541,610,3054,1476],"class_list":{"0":"post-53132","1":"product","2":"type-product","3":"status-publish","4":"has-post-thumbnail","6":"product_cat-groenblijvende-heesters","7":"product_cat-heesters","8":"product_cat-sierheesters","9":"product_cat-planten-heesters","10":"product_tag-beschutte-standplaats","11":"product_tag-bloempluimen","12":"product_tag-borderplant","13":"product_tag-exotische-uitstraling","14":"product_tag-goed-doorlatende-grond","15":"product_tag-groenblijvende-struik","16":"product_tag-halfschaduw","17":"product_tag-handvormig-blad","18":"product_tag-matig-winterhard","19":"product_tag-schefflera-taiwaniana","20":"product_tag-sierheester","21":"product_tag-stadstuin","22":"product_tag-taiwan","23":"product_tag-terrasplant","24":"product_tag-tuinplant","25":"product_tag-winterharde-vingerboom","26":"product_tag-zon","27":"pa_groeihoogte-300-cm","28":"pa_pot-zonder-pot","30":"first","31":"outofstock","32":"taxable","33":"shipping-taxable","34":"purchasable","35":"product-type-simple"},"yoast_head":"<!-- This site is optimized with the Yoast SEO plugin v24.2 - https:\/\/yoast.com\/wordpress\/plugins\/seo\/ -->\n<title>Schefflera taiwaniana, Winterharde Vingerboom, Hoogte 50cm, 2 liter pot kopen | Planten eenvoudig online bestellen | Schramas.com<\/title>\n<meta name=\"robots\" content=\"index, follow, max-snippet:-1, max-image-preview:large, max-video-preview:-1\" \/>\n<link rel=\"canonical\" href=\"https:\/\/www.schramas.com\/de\/shop\/schefflera-taiwaniana-winterharter-fingerbaum-hohe-50cm-2-liter-topf\/\" \/>\n<meta property=\"og:locale\" content=\"de_DE\" \/>\n<meta property=\"og:type\" content=\"article\" \/>\n<meta property=\"og:title\" content=\"Schefflera taiwaniana, Winterharde Vingerboom, Hoogte 50cm, 2 liter pot kopen | Planten eenvoudig online bestellen | Schramas.com\" \/>\n<meta property=\"og:description\" content=\"Schefflera taiwaniana  Vingerboom  Matig winterhard  Leverhoogte incl. pot: circa 50 cm  Potmaat: 2 Liter\" \/>\n<meta property=\"og:url\" content=\"https:\/\/www.schramas.com\/de\/shop\/schefflera-taiwaniana-winterharter-fingerbaum-hohe-50cm-2-liter-topf\/\" \/>\n<meta property=\"og:site_name\" content=\"Planten eenvoudig online bestellen | Schramas.com\" \/>\n<meta property=\"article:publisher\" content=\"https:\/\/www.facebook.com\/Schramascom-106872874153195\/\" \/>\n<meta property=\"article:modified_time\" content=\"2026-03-26T15:37:41+00:00\" \/>\n<meta property=\"og:image\" content=\"http:\/\/www.schramas.com\/wp-content\/uploads\/2025\/06\/Schefflera-taiwaniana-sfeer.webp\" \/>\n\t<meta property=\"og:image:width\" content=\"800\" \/>\n\t<meta property=\"og:image:height\" content=\"800\" \/>\n\t<meta property=\"og:image:type\" content=\"image\/webp\" \/>\n<meta name=\"twitter:card\" content=\"summary_large_image\" \/>\n<meta name=\"twitter:label1\" content=\"Gesch\u00e4tzte Lesezeit\" \/>\n\t<meta name=\"twitter:data1\" content=\"1\u00a0Minute\" \/>\n<script type=\"application\/ld+json\" class=\"yoast-schema-graph\">{\"@context\":\"https:\/\/schema.org\",\"@graph\":[{\"@type\":[\"WebPage\",\"ItemPage\"],\"@id\":\"https:\/\/www.schramas.com\/winkel\/schefflera-taiwaniana-winterharde-vingerboom-hoogte-50cm-2-liter-pot\/\",\"url\":\"https:\/\/www.schramas.com\/winkel\/schefflera-taiwaniana-winterharde-vingerboom-hoogte-50cm-2-liter-pot\/\",\"name\":\"Schefflera taiwaniana, Winterharde Vingerboom, Hoogte 50cm, 2 liter pot kopen | Planten eenvoudig online bestellen | Schramas.com\",\"isPartOf\":{\"@id\":\"https:\/\/www.schramas.com\/#website\"},\"primaryImageOfPage\":{\"@id\":\"https:\/\/www.schramas.com\/winkel\/schefflera-taiwaniana-winterharde-vingerboom-hoogte-50cm-2-liter-pot\/#primaryimage\"},\"image\":{\"@id\":\"https:\/\/www.schramas.com\/winkel\/schefflera-taiwaniana-winterharde-vingerboom-hoogte-50cm-2-liter-pot\/#primaryimage\"},\"thumbnailUrl\":\"https:\/\/www.schramas.com\/wp-content\/uploads\/2025\/06\/Schefflera-taiwaniana-sfeer.webp\",\"datePublished\":\"2025-06-05T07:15:07+00:00\",\"dateModified\":\"2026-03-26T15:37:41+00:00\",\"breadcrumb\":{\"@id\":\"https:\/\/www.schramas.com\/winkel\/schefflera-taiwaniana-winterharde-vingerboom-hoogte-50cm-2-liter-pot\/#breadcrumb\"},\"inLanguage\":\"de\",\"potentialAction\":[{\"@type\":\"ReadAction\",\"target\":[\"https:\/\/www.schramas.com\/winkel\/schefflera-taiwaniana-winterharde-vingerboom-hoogte-50cm-2-liter-pot\/\"]}]},{\"@type\":\"ImageObject\",\"inLanguage\":\"de\",\"@id\":\"https:\/\/www.schramas.com\/winkel\/schefflera-taiwaniana-winterharde-vingerboom-hoogte-50cm-2-liter-pot\/#primaryimage\",\"url\":\"https:\/\/www.schramas.com\/wp-content\/uploads\/2025\/06\/Schefflera-taiwaniana-sfeer.webp\",\"contentUrl\":\"https:\/\/www.schramas.com\/wp-content\/uploads\/2025\/06\/Schefflera-taiwaniana-sfeer.webp\",\"width\":800,\"height\":800},{\"@type\":\"BreadcrumbList\",\"@id\":\"https:\/\/www.schramas.com\/winkel\/schefflera-taiwaniana-winterharde-vingerboom-hoogte-50cm-2-liter-pot\/#breadcrumb\",\"itemListElement\":[{\"@type\":\"ListItem\",\"position\":1,\"name\":\"Product\",\"item\":\"https:\/\/www.schramas.com\/assortiment\/\"},{\"@type\":\"ListItem\",\"position\":2,\"name\":\"Tuinplanten\",\"item\":\"https:\/\/www.schramas.com\/product-category\/planten-heesters\/\"},{\"@type\":\"ListItem\",\"position\":3,\"name\":\"Schefflera taiwaniana, Winterharde Vingerboom, Hoogte 50cm, 2 liter pot\"}]},{\"@type\":\"WebSite\",\"@id\":\"https:\/\/www.schramas.com\/#website\",\"url\":\"https:\/\/www.schramas.com\/\",\"name\":\"Schramas.com | Tuinplanten eenvoudig online bestellen | Direct van onze Kwekerij\",\"description\":\"\",\"alternateName\":\"Schramas.com - Alle planten direct van de kweker\",\"potentialAction\":[{\"@type\":\"SearchAction\",\"target\":{\"@type\":\"EntryPoint\",\"urlTemplate\":\"https:\/\/www.schramas.com\/?s={search_term_string}\"},\"query-input\":{\"@type\":\"PropertyValueSpecification\",\"valueRequired\":true,\"valueName\":\"search_term_string\"}}],\"inLanguage\":\"de\"}]}<\/script>\n<!-- \/ Yoast SEO plugin. -->","yoast_head_json":{"title":"Schefflera taiwaniana, Winterharter Fingerbaum, H\u00f6he 50cm, 2 Liter Topf kaufen | Pflanzen leicht online kaufen | Schramas.de","robots":{"index":"index","follow":"follow","max-snippet":"max-snippet:-1","max-image-preview":"max-image-preview:large","max-video-preview":"max-video-preview:-1"},"canonical":"https:\/\/www.schramas.com\/de\/shop\/schefflera-taiwaniana-winterharter-fingerbaum-hohe-50cm-2-liter-topf\/","og_locale":"de_DE","og_type":"article","og_title":"Schefflera taiwaniana, Winterharde Vingerboom, Hoogte 50cm, 2 liter pot kopen | Planten eenvoudig online bestellen | Schramas.com","og_description":"Schefflera taiwaniana  Vingerboom  Matig winterhard  Leverhoogte incl. pot: circa 50 cm  Potmaat: 2 Liter","og_url":"https:\/\/www.schramas.com\/de\/shop\/schefflera-taiwaniana-winterharter-fingerbaum-hohe-50cm-2-liter-topf\/","og_site_name":"Planten eenvoudig online bestellen | Schramas.com","article_publisher":"https:\/\/www.facebook.com\/Schramascom-106872874153195\/","article_modified_time":"2026-03-26T15:37:41+00:00","og_image":[{"width":800,"height":800,"url":"http:\/\/www.schramas.com\/wp-content\/uploads\/2025\/06\/Schefflera-taiwaniana-sfeer.webp","type":"image\/webp"}],"twitter_card":"summary_large_image","twitter_misc":{"Gesch\u00e4tzte Lesezeit":"1\u00a0Minute"},"schema":{"@context":"https:\/\/schema.org","@graph":[{"@type":["WebPage","ItemPage"],"@id":"https:\/\/www.schramas.com\/winkel\/schefflera-taiwaniana-winterharde-vingerboom-hoogte-50cm-2-liter-pot\/","url":"https:\/\/www.schramas.com\/winkel\/schefflera-taiwaniana-winterharde-vingerboom-hoogte-50cm-2-liter-pot\/","name":"Schefflera taiwaniana, Winterharter Fingerbaum, H\u00f6he 50cm, 2 Liter Topf kaufen | Pflanzen leicht online kaufen | Schramas.de","isPartOf":{"@id":"https:\/\/www.schramas.com\/#website"},"primaryImageOfPage":{"@id":"https:\/\/www.schramas.com\/winkel\/schefflera-taiwaniana-winterharde-vingerboom-hoogte-50cm-2-liter-pot\/#primaryimage"},"image":{"@id":"https:\/\/www.schramas.com\/winkel\/schefflera-taiwaniana-winterharde-vingerboom-hoogte-50cm-2-liter-pot\/#primaryimage"},"thumbnailUrl":"https:\/\/www.schramas.com\/wp-content\/uploads\/2025\/06\/Schefflera-taiwaniana-sfeer.webp","datePublished":"2025-06-05T07:15:07+00:00","dateModified":"2026-03-26T15:37:41+00:00","breadcrumb":{"@id":"https:\/\/www.schramas.com\/winkel\/schefflera-taiwaniana-winterharde-vingerboom-hoogte-50cm-2-liter-pot\/#breadcrumb"},"inLanguage":"de","potentialAction":[{"@type":"ReadAction","target":["https:\/\/www.schramas.com\/winkel\/schefflera-taiwaniana-winterharde-vingerboom-hoogte-50cm-2-liter-pot\/"]}]},{"@type":"ImageObject","inLanguage":"de","@id":"https:\/\/www.schramas.com\/winkel\/schefflera-taiwaniana-winterharde-vingerboom-hoogte-50cm-2-liter-pot\/#primaryimage","url":"https:\/\/www.schramas.com\/wp-content\/uploads\/2025\/06\/Schefflera-taiwaniana-sfeer.webp","contentUrl":"https:\/\/www.schramas.com\/wp-content\/uploads\/2025\/06\/Schefflera-taiwaniana-sfeer.webp","width":800,"height":800},{"@type":"BreadcrumbList","@id":"https:\/\/www.schramas.com\/winkel\/schefflera-taiwaniana-winterharde-vingerboom-hoogte-50cm-2-liter-pot\/#breadcrumb","itemListElement":[{"@type":"ListItem","position":1,"name":"Product","item":"https:\/\/www.schramas.com\/assortiment\/"},{"@type":"ListItem","position":2,"name":"Tuinplanten","item":"https:\/\/www.schramas.com\/product-category\/planten-heesters\/"},{"@type":"ListItem","position":3,"name":"Schefflera taiwaniana, Winterharde Vingerboom, Hoogte 50cm, 2 liter pot"}]},{"@type":"WebSite","@id":"https:\/\/www.schramas.com\/#website","url":"https:\/\/www.schramas.com\/","name":"Schramas.com | Gartenpflanzen einfach online bestellen | Direkt aus unserer G\u00e4rtnerei","description":"","alternateName":"Schramas.com - Alle planten direct van de kweker","potentialAction":[{"@type":"SearchAction","target":{"@type":"EntryPoint","urlTemplate":"https:\/\/www.schramas.com\/?s={search_term_string}"},"query-input":{"@type":"PropertyValueSpecification","valueRequired":true,"valueName":"search_term_string"}}],"inLanguage":"de"}]}},"_links":{"self":[{"href":"https:\/\/www.schramas.com\/de\/wp-json\/wp\/v2\/product\/53132","targetHints":{"allow":["GET"]}}],"collection":[{"href":"https:\/\/www.schramas.com\/de\/wp-json\/wp\/v2\/product"}],"about":[{"href":"https:\/\/www.schramas.com\/de\/wp-json\/wp\/v2\/types\/product"}],"version-history":[{"count":1,"href":"https:\/\/www.schramas.com\/de\/wp-json\/wp\/v2\/product\/53132\/revisions"}],"predecessor-version":[{"id":53139,"href":"https:\/\/www.schramas.com\/de\/wp-json\/wp\/v2\/product\/53132\/revisions\/53139"}],"wp:featuredmedia":[{"embeddable":true,"href":"https:\/\/www.schramas.com\/de\/wp-json\/wp\/v2\/media\/53133"}],"wp:attachment":[{"href":"https:\/\/www.schramas.com\/de\/wp-json\/wp\/v2\/media?parent=53132"}],"wp:term":[{"taxonomy":"product_brand","embeddable":true,"href":"https:\/\/www.schramas.com\/de\/wp-json\/wp\/v2\/product_brand?post=53132"},{"taxonomy":"product_cat","embeddable":true,"href":"https:\/\/www.schramas.com\/de\/wp-json\/wp\/v2\/product_cat?post=53132"},{"taxonomy":"product_tag","embeddable":true,"href":"https:\/\/www.schramas.com\/de\/wp-json\/wp\/v2\/product_tag?post=53132"}],"curies":[{"name":"wp","href":"https:\/\/api.w.org\/{rel}","templated":true}]}}