{"id":53658,"date":"2011-06-17T15:39:28","date_gmt":"2011-06-17T13:39:28","guid":{"rendered":"https:\/\/www.schramas.com\/?post_type=product&#038;p=53658"},"modified":"2026-04-29T07:50:56","modified_gmt":"2026-04-29T05:50:56","slug":"satz-von-3-kamelie-kamelie-japonica-kramers-supreme-dame-campbell-bonomiana-hohe-30cm-9cm-topf","status":"publish","type":"product","link":"https:\/\/www.schramas.com\/de\/shop\/satz-von-3-kamelie-kamelie-japonica-kramers-supreme-dame-campbell-bonomiana-hohe-30cm-9cm-topf\/","title":{"rendered":"Satz von 3 Kamelien - Camellia japonica 'Kramer's Supreme', 'Lady Campbell', 'Bonomiana' - H\u00f6he 30cm - 9cm Topf"},"content":{"rendered":"<p data-start=\"111\" data-end=\"574\">Diese <strong data-start=\"116\" data-end=\"150\">Satz von drei Camellia japonica<\/strong>-Sorten bringen Farbe, Eleganz und Struktur in den Garten, auch wenn viele andere Pflanzen noch in der Ruhephase sind. Jede Sorte hat ihre eigene Bl\u00fctenform und -farbe, aber sie haben einige starke Merkmale gemeinsam: dunkelgr\u00fcne, gl\u00e4nzende Bl\u00e4tter, die auch im Winter nicht welken, eine kompakte Wuchsform und eine reiche Bl\u00fcte im zeitigen Fr\u00fchjahr. Ideal f\u00fcr Rabatten, schattige Pl\u00e4tze oder in Ziert\u00f6pfen auf Terrasse oder Balkon.<\/p>\n<p data-start=\"581\" data-end=\"628\">1. <strong data-start=\"588\" data-end=\"628\">Kamelie japonica \u2018Kramer's Supreme\u2019<\/strong><\/p>\n<ul data-start=\"629\" data-end=\"838\">\n<li data-start=\"629\" data-end=\"655\">\n<p data-start=\"631\" data-end=\"655\"><strong data-start=\"631\" data-end=\"645\">Farbe der Bl\u00fcte<\/strong>: Tiefrot<\/p>\n<\/li>\n<li data-start=\"656\" data-end=\"685\">\n<p data-start=\"658\" data-end=\"685\"><strong data-start=\"658\" data-end=\"667\">Bl\u00fcte<\/strong>: Februar - M\u00e4rz<\/p>\n<\/li>\n<li data-start=\"686\" data-end=\"757\">\n<p data-start=\"688\" data-end=\"757\"><strong data-start=\"688\" data-end=\"701\">Form der Blume<\/strong>Gro\u00df, doppelt gef\u00fcllt, pfingstrosenf\u00f6rmig (bis zu 12 cm Durchmesser)<\/p>\n<\/li>\n<li data-start=\"758\" data-end=\"802\">\n<p data-start=\"760\" data-end=\"802\"><strong data-start=\"760\" data-end=\"778\">Einzelheiten<\/strong>: Leicht duftende Blumen<\/p>\n<\/li>\n<li data-start=\"803\" data-end=\"838\">\n<p data-start=\"805\" data-end=\"838\"><strong data-start=\"805\" data-end=\"819\">Wachstumsmodus<\/strong>: Aufrecht und buschig<\/p>\n<\/li>\n<\/ul>\n<p data-start=\"840\" data-end=\"1059\">\u2018Kramer's Supreme\u2019 ist eine der beliebtesten Kamelien wegen ihrer gro\u00dfen, intensiv roten Bl\u00fcten mit pfingstrosenartiger Textur. Die robusten, ledrigen Bl\u00e4tter sorgen das ganze Jahr \u00fcber f\u00fcr ein gepflegtes Aussehen.<\/p>\n<p data-start=\"1066\" data-end=\"1110\">2. <strong data-start=\"1073\" data-end=\"1110\">Kamelie japonica \u2018Lady Campbell\u2019<\/strong><\/p>\n<ul data-start=\"1111\" data-end=\"1319\">\n<li data-start=\"1111\" data-end=\"1149\">\n<p data-start=\"1113\" data-end=\"1149\"><strong data-start=\"1113\" data-end=\"1127\">Farbe der Bl\u00fcte<\/strong>: Rosa bis karminrot<\/p>\n<\/li>\n<li data-start=\"1150\" data-end=\"1174\">\n<p data-start=\"1152\" data-end=\"1174\"><strong data-start=\"1152\" data-end=\"1161\">Bl\u00fcte<\/strong>M\u00e4rz - Mai<\/p>\n<\/li>\n<li data-start=\"1175\" data-end=\"1211\">\n<p data-start=\"1177\" data-end=\"1211\"><strong data-start=\"1177\" data-end=\"1190\">Form der Blume<\/strong>: Vollmundig, kompakt<\/p>\n<\/li>\n<li data-start=\"1212\" data-end=\"1268\">\n<p data-start=\"1214\" data-end=\"1268\"><strong data-start=\"1214\" data-end=\"1232\">Einzelheiten<\/strong>Sehr bl\u00fchfreudig und kompakt wachsend<\/p>\n<\/li>\n<li data-start=\"1269\" data-end=\"1319\">\n<p data-start=\"1271\" data-end=\"1319\"><strong data-start=\"1271\" data-end=\"1285\">Wachstumsmodus<\/strong>: Kompakt, aufrecht (bis zu 2 m)<\/p>\n<\/li>\n<\/ul>\n<p data-start=\"1321\" data-end=\"1496\">\u2018Lady Campbell\u2019 ist bekannt f\u00fcr ihre lange Bl\u00fctezeit und ihren Bl\u00fctenreichtum. Dank ihrer kompakten Form eignet sie sich perfekt f\u00fcr kleinere G\u00e4rten oder als Akzentstaude.<\/p>\n<p data-start=\"1503\" data-end=\"1543\">3. <strong data-start=\"1510\" data-end=\"1543\">Kamelie japonica \u2018Bonomiana\u2019<\/strong><\/p>\n<ul data-start=\"1544\" data-end=\"1766\">\n<li data-start=\"1544\" data-end=\"1594\">\n<p data-start=\"1546\" data-end=\"1594\"><strong data-start=\"1546\" data-end=\"1560\">Farbe der Bl\u00fcte<\/strong>Wei\u00df-rosa mit karminroten Streifen<\/p>\n<\/li>\n<li data-start=\"1595\" data-end=\"1624\">\n<p data-start=\"1597\" data-end=\"1624\"><strong data-start=\"1597\" data-end=\"1606\">Bl\u00fcte<\/strong>: Februar - April<\/p>\n<\/li>\n<li data-start=\"1625\" data-end=\"1674\">\n<p data-start=\"1627\" data-end=\"1674\"><strong data-start=\"1627\" data-end=\"1640\">Form der Blume<\/strong>: Gro\u00df, gef\u00fcllt (7-10 cm Durchmesser)<\/p>\n<\/li>\n<li data-start=\"1675\" data-end=\"1728\">\n<p data-start=\"1677\" data-end=\"1728\"><strong data-start=\"1677\" data-end=\"1695\">Einzelheiten<\/strong>Einzigartige gestreifte Bl\u00fctenbl\u00e4tter<\/p>\n<\/li>\n<li data-start=\"1729\" data-end=\"1766\">\n<p data-start=\"1731\" data-end=\"1766\"><strong data-start=\"1731\" data-end=\"1745\">Wachstumsmodus<\/strong>: Kompakt und anmutig<\/p>\n<\/li>\n<\/ul>\n<p data-start=\"1768\" data-end=\"1929\">\u2018Die Kamelie \u2019Bonomiana' ist dank ihrer marmorierten Bl\u00fcten ein besonderer Blickfang. Die Kombination aus Wei\u00df, Rosa und Rot verleiht dieser Kamelie einen auff\u00e4lligen, verspielten Charakter.<\/p>\n<p data-start=\"1936\" data-end=\"1964\">Pflege &amp; Stellplatz<\/p>\n<p data-start=\"1965\" data-end=\"2239\">Alle drei Kamelien bevorzugen einen Platz im <strong data-start=\"2023\" data-end=\"2054\">Halb- bis Vollschatten<\/strong> mit <strong data-start=\"2059\" data-end=\"2096\">gut durchl\u00e4ssiger, leicht saurer Boden<\/strong>. Ein gesch\u00fctzter Standort verhindert Frostsch\u00e4den an den Bl\u00fctenknospen. Achten Sie darauf, dass die Wurzeln vor allem im Winter nicht \u00fcber l\u00e4ngere Zeit nass sind.<\/p>\n<ul data-start=\"2241\" data-end=\"2495\">\n<li data-start=\"2241\" data-end=\"2334\">\n<p data-start=\"2243\" data-end=\"2334\"><strong data-start=\"2243\" data-end=\"2261\">Widerstandsf\u00e4higkeit<\/strong>: M\u00e4\u00dfig bis gut winterhart (bis ca. -12 \u00b0C an einem gesch\u00fctzten Standort)<\/p>\n<\/li>\n<li data-start=\"2335\" data-end=\"2395\">\n<p data-start=\"2337\" data-end=\"2395\"><strong data-start=\"2337\" data-end=\"2348\">Beschneiden<\/strong>: Falls erforderlich, nach der Bl\u00fcte, um die Form zu erhalten<\/p>\n<\/li>\n<li data-start=\"2396\" data-end=\"2495\">\n<p data-start=\"2398\" data-end=\"2495\"><strong data-start=\"2398\" data-end=\"2411\">Wartung<\/strong>Geringe Anspr\u00fcche, regelm\u00e4\u00dfige D\u00fcngung im Fr\u00fchjahr f\u00f6rdert Bl\u00fcte und Blattqualit\u00e4t<\/p>\n<\/li>\n<\/ul>\n<p data-start=\"2502\" data-end=\"2526\">Produktspezifikationen<\/p>\n<ul data-start=\"2527\" data-end=\"2869\">\n<li data-start=\"2527\" data-end=\"2569\">\n<p data-start=\"2529\" data-end=\"2569\"><strong data-start=\"2529\" data-end=\"2546\">Lateinischer Name<\/strong>: <em data-start=\"2548\" data-end=\"2567\">Kamelie (Camellia japonica)<\/em><\/p>\n<\/li>\n<li data-start=\"2570\" data-end=\"2622\">\n<p data-start=\"2572\" data-end=\"2622\"><strong data-start=\"2572\" data-end=\"2589\">Lieferform<\/strong>: Satz von 3 Pflanzen in 9 cm Topf<\/p>\n<\/li>\n<li data-start=\"2623\" data-end=\"2661\">\n<p data-start=\"2625\" data-end=\"2661\"><strong data-start=\"2625\" data-end=\"2648\">H\u00f6he bei Lieferung<\/strong>: ca. 30 cm<\/p>\n<\/li>\n<li data-start=\"2662\" data-end=\"2723\">\n<p data-start=\"2664\" data-end=\"2723\"><strong data-start=\"2664\" data-end=\"2672\">Blatt<\/strong>: Dunkelgr\u00fcn, gl\u00e4nzend, lederartig (immergr\u00fcn)<\/p>\n<\/li>\n<li data-start=\"2724\" data-end=\"2801\">\n<p data-start=\"2726\" data-end=\"2801\"><strong data-start=\"2726\" data-end=\"2737\">Verwendung<\/strong>: Rabatten, T\u00f6pfe, schattige G\u00e4rten, einzeln oder in Gruppen<\/p>\n<\/li>\n<li data-start=\"2802\" data-end=\"2869\">\n<p data-start=\"2804\" data-end=\"2869\"><strong data-start=\"2804\" data-end=\"2827\">Bl\u00fctezeit insgesamt<\/strong>: Februar bis Mai (je nach Art)<\/p>\n<\/li>\n<\/ul>","protected":false},"excerpt":{"rendered":"<p>3x Kamelie japonica<\/p>\n<p>Bl\u00fctenstand: Rot, rosa und wei\u00df<\/p>\n<p>Maximale H\u00f6he: ca. 200cm<\/p>\n<p>Winterhart bis -21 \u00b0C<\/p>\n<p>Lieferh\u00f6he inkl. Topf: ca. 30 cm<\/p>\n<p>Topfgr\u00f6\u00dfe: 9cm<\/p>","protected":false},"featured_media":53659,"template":"","meta":{"_joinchat":[]},"product_brand":[],"product_cat":[303,300,867,1012,229,305],"product_tag":[2675,3137,3139,3138,3140,3142,3132,3133,3056,3135,3136,1360,3143,495,3141,2999,3134],"class_list":{"0":"post-53658","1":"product","2":"type-product","3":"status-publish","4":"has-post-thumbnail","6":"product_cat-groenblijvende-heesters","7":"product_cat-heesters","8":"product_cat-pakket-deals","9":"product_cat-overige-deals","10":"product_cat-sierheesters","11":"product_cat-planten-heesters","12":"product_tag-bloeiende-kuipplant","13":"product_tag-bonomiana","14":"product_tag-camelia-gestreept","15":"product_tag-camelia-rood","16":"product_tag-camelia-roze","17":"product_tag-camelia-tuin","18":"product_tag-camellia-japonica","19":"product_tag-camellia-set","20":"product_tag-groenblijvende-struik","21":"product_tag-kramers-supreme","22":"product_tag-lady-campbell","23":"product_tag-schaduwplant","24":"product_tag-set-camelias","25":"product_tag-sierheester","26":"product_tag-tuinplant-halfschaduw","27":"product_tag-vroege-bloeier","28":"product_tag-winterbloeiende-struiken","29":"pa_ewd_uwcf_colors-groen-2","30":"pa_groeihoogte-300-cm","31":"pa_pot-9-cm-pot","33":"first","34":"instock","35":"taxable","36":"shipping-taxable","37":"purchasable","38":"product-type-simple"},"yoast_head":"<!-- This site is optimized with the Yoast SEO plugin v24.2 - https:\/\/yoast.com\/wordpress\/plugins\/seo\/ -->\n<title>Set van 3 Camellia - Camellia japonica &#039;Kramer&#039;s Supreme&#039;, &#039;Lady Campbell&#039;, &#039;Bonomiana&#039; - Hoogte 30cm - 9cm pot kopen | Planten eenvoudig online bestellen | Schramas.com<\/title>\n<meta name=\"robots\" content=\"index, follow, max-snippet:-1, max-image-preview:large, max-video-preview:-1\" \/>\n<link rel=\"canonical\" href=\"https:\/\/www.schramas.com\/de\/shop\/satz-von-3-kamelie-kamelie-japonica-kramers-supreme-dame-campbell-bonomiana-hohe-30cm-9cm-topf\/\" \/>\n<meta property=\"og:locale\" content=\"de_DE\" \/>\n<meta property=\"og:type\" content=\"article\" \/>\n<meta property=\"og:title\" content=\"Set van 3 Camellia - Camellia japonica &#039;Kramer&#039;s Supreme&#039;, &#039;Lady Campbell&#039;, &#039;Bonomiana&#039; - Hoogte 30cm - 9cm pot kopen | Planten eenvoudig online bestellen | Schramas.com\" \/>\n<meta property=\"og:description\" content=\"3x Camellia japonica  Bloeiwijze: Rood, roze en wit  Hoogte max: circa 200cm  Winterhard tot -21C  Leverhoogte incl. pot: circa 30 cm  Potmaat: 9cm\" \/>\n<meta property=\"og:url\" content=\"https:\/\/www.schramas.com\/de\/shop\/satz-von-3-kamelie-kamelie-japonica-kramers-supreme-dame-campbell-bonomiana-hohe-30cm-9cm-topf\/\" \/>\n<meta property=\"og:site_name\" content=\"Planten eenvoudig online bestellen | Schramas.com\" \/>\n<meta property=\"article:publisher\" content=\"https:\/\/www.facebook.com\/Schramascom-106872874153195\/\" \/>\n<meta property=\"article:modified_time\" content=\"2026-04-29T05:50:56+00:00\" \/>\n<meta property=\"og:image\" content=\"http:\/\/www.schramas.com\/wp-content\/uploads\/2025\/06\/Camellia-set.webp\" \/>\n\t<meta property=\"og:image:width\" content=\"800\" \/>\n\t<meta property=\"og:image:height\" content=\"800\" \/>\n\t<meta property=\"og:image:type\" content=\"image\/webp\" \/>\n<meta name=\"twitter:card\" content=\"summary_large_image\" \/>\n<meta name=\"twitter:label1\" content=\"Gesch\u00e4tzte Lesezeit\" \/>\n\t<meta name=\"twitter:data1\" content=\"1\u00a0Minute\" \/>\n<script type=\"application\/ld+json\" class=\"yoast-schema-graph\">{\"@context\":\"https:\/\/schema.org\",\"@graph\":[{\"@type\":[\"WebPage\",\"ItemPage\"],\"@id\":\"https:\/\/www.schramas.com\/winkel\/set-van-3-camellia-camellia-japonica-kramers-supreme-lady-campbell-bonomiana-hoogte-30cm-9cm-pot\/\",\"url\":\"https:\/\/www.schramas.com\/winkel\/set-van-3-camellia-camellia-japonica-kramers-supreme-lady-campbell-bonomiana-hoogte-30cm-9cm-pot\/\",\"name\":\"Set van 3 Camellia - Camellia japonica 'Kramer's Supreme', 'Lady Campbell', 'Bonomiana' - Hoogte 30cm - 9cm pot kopen | Planten eenvoudig online bestellen | Schramas.com\",\"isPartOf\":{\"@id\":\"https:\/\/www.schramas.com\/#website\"},\"primaryImageOfPage\":{\"@id\":\"https:\/\/www.schramas.com\/winkel\/set-van-3-camellia-camellia-japonica-kramers-supreme-lady-campbell-bonomiana-hoogte-30cm-9cm-pot\/#primaryimage\"},\"image\":{\"@id\":\"https:\/\/www.schramas.com\/winkel\/set-van-3-camellia-camellia-japonica-kramers-supreme-lady-campbell-bonomiana-hoogte-30cm-9cm-pot\/#primaryimage\"},\"thumbnailUrl\":\"https:\/\/www.schramas.com\/wp-content\/uploads\/2025\/06\/Camellia-set.webp\",\"datePublished\":\"2011-06-17T13:39:28+00:00\",\"dateModified\":\"2026-04-29T05:50:56+00:00\",\"breadcrumb\":{\"@id\":\"https:\/\/www.schramas.com\/winkel\/set-van-3-camellia-camellia-japonica-kramers-supreme-lady-campbell-bonomiana-hoogte-30cm-9cm-pot\/#breadcrumb\"},\"inLanguage\":\"de\",\"potentialAction\":[{\"@type\":\"ReadAction\",\"target\":[\"https:\/\/www.schramas.com\/winkel\/set-van-3-camellia-camellia-japonica-kramers-supreme-lady-campbell-bonomiana-hoogte-30cm-9cm-pot\/\"]}]},{\"@type\":\"ImageObject\",\"inLanguage\":\"de\",\"@id\":\"https:\/\/www.schramas.com\/winkel\/set-van-3-camellia-camellia-japonica-kramers-supreme-lady-campbell-bonomiana-hoogte-30cm-9cm-pot\/#primaryimage\",\"url\":\"https:\/\/www.schramas.com\/wp-content\/uploads\/2025\/06\/Camellia-set.webp\",\"contentUrl\":\"https:\/\/www.schramas.com\/wp-content\/uploads\/2025\/06\/Camellia-set.webp\",\"width\":800,\"height\":800},{\"@type\":\"BreadcrumbList\",\"@id\":\"https:\/\/www.schramas.com\/winkel\/set-van-3-camellia-camellia-japonica-kramers-supreme-lady-campbell-bonomiana-hoogte-30cm-9cm-pot\/#breadcrumb\",\"itemListElement\":[{\"@type\":\"ListItem\",\"position\":1,\"name\":\"Product\",\"item\":\"https:\/\/www.schramas.com\/assortiment\/\"},{\"@type\":\"ListItem\",\"position\":2,\"name\":\"Pakketdeals\",\"item\":\"https:\/\/www.schramas.com\/product-category\/pakket-deals\/\"},{\"@type\":\"ListItem\",\"position\":3,\"name\":\"Set van 3 Camellia &#8211; Camellia japonica &#8216;Kramer&#8217;s Supreme&#8217;, &#8216;Lady Campbell&#8217;, &#8216;Bonomiana&#8217; &#8211; Hoogte 30cm &#8211; 9cm pot\"}]},{\"@type\":\"WebSite\",\"@id\":\"https:\/\/www.schramas.com\/#website\",\"url\":\"https:\/\/www.schramas.com\/\",\"name\":\"Schramas.com | Tuinplanten eenvoudig online bestellen | Direct van onze Kwekerij\",\"description\":\"\",\"alternateName\":\"Schramas.com - Alle planten direct van de kweker\",\"potentialAction\":[{\"@type\":\"SearchAction\",\"target\":{\"@type\":\"EntryPoint\",\"urlTemplate\":\"https:\/\/www.schramas.com\/?s={search_term_string}\"},\"query-input\":{\"@type\":\"PropertyValueSpecification\",\"valueRequired\":true,\"valueName\":\"search_term_string\"}}],\"inLanguage\":\"de\"}]}<\/script>\n<!-- \/ Yoast SEO plugin. -->","yoast_head_json":{"title":"3er Set Kamelie - Camellia japonica 'Kramer's Supreme', 'Lady Campbell', 'Bonomiana' - H\u00f6he 30cm - 9cm Topf kaufen | Pflanzen leicht online kaufen | Schramas.de","robots":{"index":"index","follow":"follow","max-snippet":"max-snippet:-1","max-image-preview":"max-image-preview:large","max-video-preview":"max-video-preview:-1"},"canonical":"https:\/\/www.schramas.com\/de\/shop\/satz-von-3-kamelie-kamelie-japonica-kramers-supreme-dame-campbell-bonomiana-hohe-30cm-9cm-topf\/","og_locale":"de_DE","og_type":"article","og_title":"Set van 3 Camellia - Camellia japonica 'Kramer's Supreme', 'Lady Campbell', 'Bonomiana' - Hoogte 30cm - 9cm pot kopen | Planten eenvoudig online bestellen | Schramas.com","og_description":"3x Camellia japonica  Bloeiwijze: Rood, roze en wit  Hoogte max: circa 200cm  Winterhard tot -21C  Leverhoogte incl. pot: circa 30 cm  Potmaat: 9cm","og_url":"https:\/\/www.schramas.com\/de\/shop\/satz-von-3-kamelie-kamelie-japonica-kramers-supreme-dame-campbell-bonomiana-hohe-30cm-9cm-topf\/","og_site_name":"Planten eenvoudig online bestellen | Schramas.com","article_publisher":"https:\/\/www.facebook.com\/Schramascom-106872874153195\/","article_modified_time":"2026-04-29T05:50:56+00:00","og_image":[{"width":800,"height":800,"url":"http:\/\/www.schramas.com\/wp-content\/uploads\/2025\/06\/Camellia-set.webp","type":"image\/webp"}],"twitter_card":"summary_large_image","twitter_misc":{"Gesch\u00e4tzte Lesezeit":"1\u00a0Minute"},"schema":{"@context":"https:\/\/schema.org","@graph":[{"@type":["WebPage","ItemPage"],"@id":"https:\/\/www.schramas.com\/winkel\/set-van-3-camellia-camellia-japonica-kramers-supreme-lady-campbell-bonomiana-hoogte-30cm-9cm-pot\/","url":"https:\/\/www.schramas.com\/winkel\/set-van-3-camellia-camellia-japonica-kramers-supreme-lady-campbell-bonomiana-hoogte-30cm-9cm-pot\/","name":"3er Set Kamelie - Camellia japonica 'Kramer's Supreme', 'Lady Campbell', 'Bonomiana' - H\u00f6he 30cm - 9cm Topf kaufen | Pflanzen leicht online kaufen | Schramas.de","isPartOf":{"@id":"https:\/\/www.schramas.com\/#website"},"primaryImageOfPage":{"@id":"https:\/\/www.schramas.com\/winkel\/set-van-3-camellia-camellia-japonica-kramers-supreme-lady-campbell-bonomiana-hoogte-30cm-9cm-pot\/#primaryimage"},"image":{"@id":"https:\/\/www.schramas.com\/winkel\/set-van-3-camellia-camellia-japonica-kramers-supreme-lady-campbell-bonomiana-hoogte-30cm-9cm-pot\/#primaryimage"},"thumbnailUrl":"https:\/\/www.schramas.com\/wp-content\/uploads\/2025\/06\/Camellia-set.webp","datePublished":"2011-06-17T13:39:28+00:00","dateModified":"2026-04-29T05:50:56+00:00","breadcrumb":{"@id":"https:\/\/www.schramas.com\/winkel\/set-van-3-camellia-camellia-japonica-kramers-supreme-lady-campbell-bonomiana-hoogte-30cm-9cm-pot\/#breadcrumb"},"inLanguage":"de","potentialAction":[{"@type":"ReadAction","target":["https:\/\/www.schramas.com\/winkel\/set-van-3-camellia-camellia-japonica-kramers-supreme-lady-campbell-bonomiana-hoogte-30cm-9cm-pot\/"]}]},{"@type":"ImageObject","inLanguage":"de","@id":"https:\/\/www.schramas.com\/winkel\/set-van-3-camellia-camellia-japonica-kramers-supreme-lady-campbell-bonomiana-hoogte-30cm-9cm-pot\/#primaryimage","url":"https:\/\/www.schramas.com\/wp-content\/uploads\/2025\/06\/Camellia-set.webp","contentUrl":"https:\/\/www.schramas.com\/wp-content\/uploads\/2025\/06\/Camellia-set.webp","width":800,"height":800},{"@type":"BreadcrumbList","@id":"https:\/\/www.schramas.com\/winkel\/set-van-3-camellia-camellia-japonica-kramers-supreme-lady-campbell-bonomiana-hoogte-30cm-9cm-pot\/#breadcrumb","itemListElement":[{"@type":"ListItem","position":1,"name":"Product","item":"https:\/\/www.schramas.com\/assortiment\/"},{"@type":"ListItem","position":2,"name":"Pakketdeals","item":"https:\/\/www.schramas.com\/product-category\/pakket-deals\/"},{"@type":"ListItem","position":3,"name":"Set van 3 Camellia &#8211; Camellia japonica &#8216;Kramer&#8217;s Supreme&#8217;, &#8216;Lady Campbell&#8217;, &#8216;Bonomiana&#8217; &#8211; Hoogte 30cm &#8211; 9cm pot"}]},{"@type":"WebSite","@id":"https:\/\/www.schramas.com\/#website","url":"https:\/\/www.schramas.com\/","name":"Schramas.com | Gartenpflanzen einfach online bestellen | Direkt aus unserer G\u00e4rtnerei","description":"","alternateName":"Schramas.com - Alle planten direct van de kweker","potentialAction":[{"@type":"SearchAction","target":{"@type":"EntryPoint","urlTemplate":"https:\/\/www.schramas.com\/?s={search_term_string}"},"query-input":{"@type":"PropertyValueSpecification","valueRequired":true,"valueName":"search_term_string"}}],"inLanguage":"de"}]}},"_links":{"self":[{"href":"https:\/\/www.schramas.com\/de\/wp-json\/wp\/v2\/product\/53658","targetHints":{"allow":["GET"]}}],"collection":[{"href":"https:\/\/www.schramas.com\/de\/wp-json\/wp\/v2\/product"}],"about":[{"href":"https:\/\/www.schramas.com\/de\/wp-json\/wp\/v2\/types\/product"}],"version-history":[{"count":2,"href":"https:\/\/www.schramas.com\/de\/wp-json\/wp\/v2\/product\/53658\/revisions"}],"predecessor-version":[{"id":59576,"href":"https:\/\/www.schramas.com\/de\/wp-json\/wp\/v2\/product\/53658\/revisions\/59576"}],"wp:featuredmedia":[{"embeddable":true,"href":"https:\/\/www.schramas.com\/de\/wp-json\/wp\/v2\/media\/53659"}],"wp:attachment":[{"href":"https:\/\/www.schramas.com\/de\/wp-json\/wp\/v2\/media?parent=53658"}],"wp:term":[{"taxonomy":"product_brand","embeddable":true,"href":"https:\/\/www.schramas.com\/de\/wp-json\/wp\/v2\/product_brand?post=53658"},{"taxonomy":"product_cat","embeddable":true,"href":"https:\/\/www.schramas.com\/de\/wp-json\/wp\/v2\/product_cat?post=53658"},{"taxonomy":"product_tag","embeddable":true,"href":"https:\/\/www.schramas.com\/de\/wp-json\/wp\/v2\/product_tag?post=53658"}],"curies":[{"name":"wp","href":"https:\/\/api.w.org\/{rel}","templated":true}]}}