{"id":53668,"date":"2025-06-17T16:15:38","date_gmt":"2025-06-17T14:15:38","guid":{"rendered":"https:\/\/www.schramas.com\/?post_type=product&#038;p=53668"},"modified":"2026-03-26T16:37:44","modified_gmt":"2026-03-26T15:37:44","slug":"satz-von-3-hibiskus-moscheutos-hibiskus-kupfer-konigin-feuerball-jazzberry-marmelade-hohe-40cm-12cm-topf","status":"publish","type":"product","link":"https:\/\/www.schramas.com\/de\/shop\/satz-von-3-hibiskus-moscheutos-hibiskus-kupfer-konigin-feuerball-jazzberry-marmelade-hohe-40cm-12cm-topf\/","title":{"rendered":"Satz von 3 Hibiskus Moscheutos - Hibiskus 'Copper Queen', 'Fireball', 'Jazzberry Jam' - H\u00f6he 40cm - 12cm Topf"},"content":{"rendered":"<p data-start=\"107\" data-end=\"476\">Dieser Satz von drei <strong data-start=\"125\" data-end=\"160\">Hibiskus moscheutos Sorten<\/strong> bietet im Sommer ein beeindruckendes Schauspiel aus riesigen Bl\u00fcten und buntem Laub. Die Pflanzen bl\u00fchen reichlich im Sommer bis tief in den Herbst hinein und eignen sich f\u00fcr Rabatten, sonnige Terrassen und T\u00f6pfe. Mit ihren tropisch anmutenden Untertassenbl\u00fcten und ihrer hohen Winterh\u00e4rte sind sie eine beeindruckende Wahl f\u00fcr jeden Gartenliebhaber.<\/p>\n<p data-start=\"483\" data-end=\"528\">1. <strong data-start=\"490\" data-end=\"528\">Hibiskus moscheutos \u2018Kupferk\u00f6nigin\u2019<\/strong><\/p>\n<ul data-start=\"529\" data-end=\"745\">\n<li data-start=\"529\" data-end=\"590\">\n<p data-start=\"531\" data-end=\"590\"><strong data-start=\"531\" data-end=\"545\">Farbe der Bl\u00fcte<\/strong>Hellrosa bis wei\u00df mit himbeerroter Mitte<\/p>\n<\/li>\n<li data-start=\"591\" data-end=\"654\">\n<p data-start=\"593\" data-end=\"654\"><strong data-start=\"593\" data-end=\"606\">Farbe des Blattes<\/strong>: Tiefes Rotbraun, bleibt den ganzen Sommer \u00fcber auff\u00e4llig<\/p>\n<\/li>\n<li data-start=\"655\" data-end=\"690\">\n<p data-start=\"657\" data-end=\"690\"><strong data-start=\"657\" data-end=\"673\">Gr\u00f6\u00dfe der Bl\u00fcte<\/strong>: Bis zu 28 cm breit<\/p>\n<\/li>\n<li data-start=\"691\" data-end=\"720\">\n<p data-start=\"693\" data-end=\"720\"><strong data-start=\"693\" data-end=\"702\">Bl\u00fcte<\/strong>Juli - September<\/p>\n<\/li>\n<li data-start=\"721\" data-end=\"745\">\n<p data-start=\"723\" data-end=\"745\"><strong data-start=\"723\" data-end=\"733\">H\u00f6he<\/strong>: Ca. 120 cm<\/p>\n<\/li>\n<\/ul>\n<p data-start=\"747\" data-end=\"1052\">\u2018Copper Queen\u2019 ist eine verbesserte Version von \u2018Kopper King\u2019 mit tiefer gef\u00e4rbtem Laub und einer intensiveren Bl\u00fctenzeichnung. Die gro\u00dfen Bl\u00fcten \u00f6ffnen sich blassrosa und verblassen zu wei\u00df, mit einem auffallend kontrastierenden roten Auge, das sich in Adern bis zum Bl\u00fctenblattrand erstreckt. Eine kr\u00e4ftige Pflanze f\u00fcr einen sonnigen Platz.<\/p>\n<p data-start=\"1059\" data-end=\"1100\">2. <strong data-start=\"1066\" data-end=\"1100\">Hibiskus moscheutos \u2018Feuerball\u2019<\/strong><\/p>\n<ul data-start=\"1101\" data-end=\"1281\">\n<li data-start=\"1101\" data-end=\"1142\">\n<p data-start=\"1103\" data-end=\"1142\"><strong data-start=\"1103\" data-end=\"1117\">Farbe der Bl\u00fcte<\/strong>: Tiefrot, untertassenf\u00f6rmig<\/p>\n<\/li>\n<li data-start=\"1143\" data-end=\"1187\">\n<p data-start=\"1145\" data-end=\"1187\"><strong data-start=\"1145\" data-end=\"1158\">Farbe des Blattes<\/strong>Tiefviolett, fein eingeschnitten<\/p>\n<\/li>\n<li data-start=\"1188\" data-end=\"1223\">\n<p data-start=\"1190\" data-end=\"1223\"><strong data-start=\"1190\" data-end=\"1206\">Gr\u00f6\u00dfe der Bl\u00fcte<\/strong>: Bis zu 30 cm breit<\/p>\n<\/li>\n<li data-start=\"1224\" data-end=\"1256\">\n<p data-start=\"1226\" data-end=\"1256\"><strong data-start=\"1226\" data-end=\"1235\">Bl\u00fcte<\/strong>Juli - erster Frost<\/p>\n<\/li>\n<li data-start=\"1257\" data-end=\"1281\">\n<p data-start=\"1259\" data-end=\"1281\"><strong data-start=\"1259\" data-end=\"1269\">H\u00f6he<\/strong>: Ca. 150 cm<\/p>\n<\/li>\n<\/ul>\n<p data-start=\"1283\" data-end=\"1564\">\u2018Fireball\u2019 ist ein spektakul\u00e4rer Hibiskus mit intensiv roten Bl\u00fcten, die \u00fcber violett-rotem Laub erscheinen. Die untertassenf\u00f6rmigen Bl\u00fcten sind ein echter Blickfang und bleiben bis zum ersten Nachtfrost erhalten. Diese Sorte ist besonders winterhart und f\u00fcr warme, sonnige Standorte geeignet.<\/p>\n<p data-start=\"1571\" data-end=\"1617\">3. <strong data-start=\"1578\" data-end=\"1617\">Hibiskus moscheutos \u2018Jazzberry Jam\u2019<\/strong><\/p>\n<ul data-start=\"1618\" data-end=\"1787\">\n<li data-start=\"1618\" data-end=\"1665\">\n<p data-start=\"1620\" data-end=\"1665\"><strong data-start=\"1620\" data-end=\"1634\">Farbe der Bl\u00fcte<\/strong>: Tiefes Magenta mit einem roten Auge<\/p>\n<\/li>\n<li data-start=\"1666\" data-end=\"1692\">\n<p data-start=\"1668\" data-end=\"1692\"><strong data-start=\"1668\" data-end=\"1681\">Farbe des Blattes<\/strong>: Frisches Gr\u00fcn<\/p>\n<\/li>\n<li data-start=\"1693\" data-end=\"1728\">\n<p data-start=\"1695\" data-end=\"1728\"><strong data-start=\"1695\" data-end=\"1711\">Gr\u00f6\u00dfe der Bl\u00fcte<\/strong>: Bis zu 25 cm breit<\/p>\n<\/li>\n<li data-start=\"1729\" data-end=\"1762\">\n<p data-start=\"1731\" data-end=\"1762\"><strong data-start=\"1731\" data-end=\"1740\">Bl\u00fcte<\/strong>: August - September<\/p>\n<\/li>\n<li data-start=\"1763\" data-end=\"1787\">\n<p data-start=\"1765\" data-end=\"1787\"><strong data-start=\"1765\" data-end=\"1775\">H\u00f6he<\/strong>: Ca. 100 cm<\/p>\n<\/li>\n<\/ul>\n<p data-start=\"1789\" data-end=\"2059\">\u2018Jazzberry Jam\u2019 hat einen kompakteren Wuchs als die beiden anderen Sorten und eignet sich daher perfekt f\u00fcr T\u00f6pfe oder den vorderen Rand eines Beetes. Die leicht duftenden Bl\u00fcten sind intensiv gef\u00e4rbt und heben sich sch\u00f6n von dem frischen Laub ab. Eine bl\u00fchfreudige Wahl mit einer etwas sp\u00e4teren Bl\u00fctezeit.<\/p>\n<p data-start=\"2066\" data-end=\"2089\">Allgemeine Pflege<\/p>\n<ul data-start=\"2090\" data-end=\"2476\">\n<li data-start=\"2090\" data-end=\"2144\">\n<p data-start=\"2092\" data-end=\"2144\"><strong data-start=\"2092\" data-end=\"2107\">Standort<\/strong>Volle Sonne, gesch\u00fctzt vor starkem Wind<\/p>\n<\/li>\n<li data-start=\"2145\" data-end=\"2213\">\n<p data-start=\"2147\" data-end=\"2213\"><strong data-start=\"2147\" data-end=\"2156\">Boden<\/strong>N\u00e4hrstoffreicher, gut durchl\u00e4ssiger, aber feuchtigkeitsbewahrender Boden<\/p>\n<\/li>\n<li data-start=\"2214\" data-end=\"2275\">\n<p data-start=\"2216\" data-end=\"2275\"><strong data-start=\"2216\" data-end=\"2225\">Wasser<\/strong>: Regelm\u00e4\u00dfig gie\u00dfen, besonders in Trockenperioden<\/p>\n<\/li>\n<li data-start=\"2276\" data-end=\"2344\">\n<p data-start=\"2278\" data-end=\"2344\"><strong data-start=\"2278\" data-end=\"2287\">Pflaume<\/strong>: Im Herbst auf etwa 10 cm \u00fcber dem Boden zur\u00fcckschneiden<\/p>\n<\/li>\n<li data-start=\"2345\" data-end=\"2399\">\n<p data-start=\"2347\" data-end=\"2399\"><strong data-start=\"2347\" data-end=\"2360\">Befruchtung<\/strong>: Regelm\u00e4\u00dfige F\u00fctterung in der Wachstumsperiode<\/p>\n<\/li>\n<li data-start=\"2400\" data-end=\"2476\">\n<p data-start=\"2402\" data-end=\"2476\"><strong data-start=\"2402\" data-end=\"2420\">Einzelheiten<\/strong>Erscheint im Fr\u00fchjahr langsam, w\u00e4chst dann aber schnell<\/p>\n<\/li>\n<\/ul>\n<p data-start=\"2478\" data-end=\"2647\">Mit einer Vielzahl von Farben und Blattformen ist dieses Hibiskus-Set perfekt f\u00fcr alle, die einen tropischen Look im Garten suchen, ohne auf Widerstandsf\u00e4higkeit zu verzichten.<\/p>","protected":false},"excerpt":{"rendered":"<p>3x Hibiskus moscheutos<\/p>\n<p>Sumpf-Sibiskus<\/p>\n<p>Maximale H\u00f6he: ca. 120cm<\/p>\n<p>Hardy<\/p>\n<p>Lieferh\u00f6he inkl. Topf: ca. 40 cm<\/p>\n<p>Topfgr\u00f6\u00dfe: 12cm<\/p>","protected":false},"featured_media":53669,"template":"","meta":{"_joinchat":[]},"product_brand":[],"product_cat":[302,300,867,1012,229,305,306],"product_tag":[3159,3151,1369,3146,3147,2711,3158,3144,3145,3148,3154,3152,3153,3156,1802,1541,3157,3150,784,3155,3149,2692],"class_list":{"0":"post-53668","1":"product","2":"type-product","3":"status-publish","4":"has-post-thumbnail","6":"product_cat-bladverliezende-heesters","7":"product_cat-heesters","8":"product_cat-pakket-deals","9":"product_cat-overige-deals","10":"product_cat-sierheesters","11":"product_cat-planten-heesters","12":"product_cat-vaste-planten","13":"product_tag-bloeiende-tuinplant","14":"product_tag-bloeiperiode-zomer","15":"product_tag-borderplant","16":"product_tag-copper-queen","17":"product_tag-fireball","18":"product_tag-grote-bloemen","19":"product_tag-hibiscus-mix","20":"product_tag-hibiscus-moscheutos","21":"product_tag-hibiscus-set","22":"product_tag-jazzberry-jam","23":"product_tag-magenta-hibiscus","24":"product_tag-rode-hibiscus","25":"product_tag-roze-hibiscus","26":"product_tag-schotelbloemen","27":"product_tag-sierplant","28":"product_tag-terrasplant","29":"product_tag-tropische-uitstraling","30":"product_tag-tuinhibiscus","31":"product_tag-vaste-plant","32":"product_tag-vaste-zomerbloeier","33":"product_tag-winterharde-hibiscus","34":"product_tag-zonminnende-plant","35":"pa_ewd_uwcf_colors-groen-2","36":"pa_groeihoogte-300-cm","37":"pa_pot-9-cm-pot","39":"first","40":"outofstock","41":"taxable","42":"shipping-taxable","43":"purchasable","44":"product-type-simple"},"yoast_head":"<!-- This site is optimized with the Yoast SEO plugin v24.2 - https:\/\/yoast.com\/wordpress\/plugins\/seo\/ -->\n<title>Set van 3 Hibiscus Moscheutos - Hibiscus &#039;Copper Queen&#039;, &#039;Fireball&#039;, &#039;Jazzberry Jam&#039; - Hoogte 40cm - 12cm pot kopen | Planten eenvoudig online bestellen | Schramas.com<\/title>\n<meta name=\"robots\" content=\"index, follow, max-snippet:-1, max-image-preview:large, max-video-preview:-1\" \/>\n<link rel=\"canonical\" href=\"https:\/\/www.schramas.com\/de\/shop\/satz-von-3-hibiskus-moscheutos-hibiskus-kupfer-konigin-feuerball-jazzberry-marmelade-hohe-40cm-12cm-topf\/\" \/>\n<meta property=\"og:locale\" content=\"de_DE\" \/>\n<meta property=\"og:type\" content=\"article\" \/>\n<meta property=\"og:title\" content=\"Set van 3 Hibiscus Moscheutos - Hibiscus &#039;Copper Queen&#039;, &#039;Fireball&#039;, &#039;Jazzberry Jam&#039; - Hoogte 40cm - 12cm pot kopen | Planten eenvoudig online bestellen | Schramas.com\" \/>\n<meta property=\"og:description\" content=\"3x Hibiscus Moscheutos  moerashibiscus  Hoogte max: circa 120cm  Winterhard  Leverhoogte incl. pot: circa 40 cm  Potmaat: 12cm\" \/>\n<meta property=\"og:url\" content=\"https:\/\/www.schramas.com\/de\/shop\/satz-von-3-hibiskus-moscheutos-hibiskus-kupfer-konigin-feuerball-jazzberry-marmelade-hohe-40cm-12cm-topf\/\" \/>\n<meta property=\"og:site_name\" content=\"Planten eenvoudig online bestellen | Schramas.com\" \/>\n<meta property=\"article:publisher\" content=\"https:\/\/www.facebook.com\/Schramascom-106872874153195\/\" \/>\n<meta property=\"article:modified_time\" content=\"2026-03-26T15:37:44+00:00\" \/>\n<meta property=\"og:image\" content=\"http:\/\/www.schramas.com\/wp-content\/uploads\/2025\/06\/Hibiscus-m-Set.webp\" \/>\n\t<meta property=\"og:image:width\" content=\"800\" \/>\n\t<meta property=\"og:image:height\" content=\"800\" \/>\n\t<meta property=\"og:image:type\" content=\"image\/webp\" \/>\n<meta name=\"twitter:card\" content=\"summary_large_image\" \/>\n<meta name=\"twitter:label1\" content=\"Gesch\u00e4tzte Lesezeit\" \/>\n\t<meta name=\"twitter:data1\" content=\"1\u00a0Minute\" \/>\n<script type=\"application\/ld+json\" class=\"yoast-schema-graph\">{\"@context\":\"https:\/\/schema.org\",\"@graph\":[{\"@type\":[\"WebPage\",\"ItemPage\"],\"@id\":\"https:\/\/www.schramas.com\/winkel\/set-van-3-hibiscus-moscheutos-hibiscus-copper-queen-fireball-jazzberry-jam-hoogte-40cm-12cm-pot\/\",\"url\":\"https:\/\/www.schramas.com\/winkel\/set-van-3-hibiscus-moscheutos-hibiscus-copper-queen-fireball-jazzberry-jam-hoogte-40cm-12cm-pot\/\",\"name\":\"Set van 3 Hibiscus Moscheutos - Hibiscus 'Copper Queen', 'Fireball', 'Jazzberry Jam' - Hoogte 40cm - 12cm pot kopen | Planten eenvoudig online bestellen | Schramas.com\",\"isPartOf\":{\"@id\":\"https:\/\/www.schramas.com\/#website\"},\"primaryImageOfPage\":{\"@id\":\"https:\/\/www.schramas.com\/winkel\/set-van-3-hibiscus-moscheutos-hibiscus-copper-queen-fireball-jazzberry-jam-hoogte-40cm-12cm-pot\/#primaryimage\"},\"image\":{\"@id\":\"https:\/\/www.schramas.com\/winkel\/set-van-3-hibiscus-moscheutos-hibiscus-copper-queen-fireball-jazzberry-jam-hoogte-40cm-12cm-pot\/#primaryimage\"},\"thumbnailUrl\":\"https:\/\/www.schramas.com\/wp-content\/uploads\/2025\/06\/Hibiscus-m-Set.webp\",\"datePublished\":\"2025-06-17T14:15:38+00:00\",\"dateModified\":\"2026-03-26T15:37:44+00:00\",\"breadcrumb\":{\"@id\":\"https:\/\/www.schramas.com\/winkel\/set-van-3-hibiscus-moscheutos-hibiscus-copper-queen-fireball-jazzberry-jam-hoogte-40cm-12cm-pot\/#breadcrumb\"},\"inLanguage\":\"de\",\"potentialAction\":[{\"@type\":\"ReadAction\",\"target\":[\"https:\/\/www.schramas.com\/winkel\/set-van-3-hibiscus-moscheutos-hibiscus-copper-queen-fireball-jazzberry-jam-hoogte-40cm-12cm-pot\/\"]}]},{\"@type\":\"ImageObject\",\"inLanguage\":\"de\",\"@id\":\"https:\/\/www.schramas.com\/winkel\/set-van-3-hibiscus-moscheutos-hibiscus-copper-queen-fireball-jazzberry-jam-hoogte-40cm-12cm-pot\/#primaryimage\",\"url\":\"https:\/\/www.schramas.com\/wp-content\/uploads\/2025\/06\/Hibiscus-m-Set.webp\",\"contentUrl\":\"https:\/\/www.schramas.com\/wp-content\/uploads\/2025\/06\/Hibiscus-m-Set.webp\",\"width\":800,\"height\":800},{\"@type\":\"BreadcrumbList\",\"@id\":\"https:\/\/www.schramas.com\/winkel\/set-van-3-hibiscus-moscheutos-hibiscus-copper-queen-fireball-jazzberry-jam-hoogte-40cm-12cm-pot\/#breadcrumb\",\"itemListElement\":[{\"@type\":\"ListItem\",\"position\":1,\"name\":\"Product\",\"item\":\"https:\/\/www.schramas.com\/assortiment\/\"},{\"@type\":\"ListItem\",\"position\":2,\"name\":\"Pakketdeals\",\"item\":\"https:\/\/www.schramas.com\/product-category\/pakket-deals\/\"},{\"@type\":\"ListItem\",\"position\":3,\"name\":\"Set van 3 Hibiscus Moscheutos &#8211; Hibiscus &#8216;Copper Queen&#8217;, &#8216;Fireball&#8217;, &#8216;Jazzberry Jam&#8217; &#8211; Hoogte 40cm &#8211; 12cm pot\"}]},{\"@type\":\"WebSite\",\"@id\":\"https:\/\/www.schramas.com\/#website\",\"url\":\"https:\/\/www.schramas.com\/\",\"name\":\"Schramas.com | Tuinplanten eenvoudig online bestellen | Direct van onze Kwekerij\",\"description\":\"\",\"alternateName\":\"Schramas.com - Alle planten direct van de kweker\",\"potentialAction\":[{\"@type\":\"SearchAction\",\"target\":{\"@type\":\"EntryPoint\",\"urlTemplate\":\"https:\/\/www.schramas.com\/?s={search_term_string}\"},\"query-input\":{\"@type\":\"PropertyValueSpecification\",\"valueRequired\":true,\"valueName\":\"search_term_string\"}}],\"inLanguage\":\"de\"}]}<\/script>\n<!-- \/ Yoast SEO plugin. -->","yoast_head_json":{"title":"3er Set Hibiskus Moscheutos - Hibiskus 'Copper Queen', 'Fireball', 'Jazzberry Jam' - H\u00f6he 40cm - 12cm Topf kaufen | Pflanzen einfach online bestellen | Schramas.de","robots":{"index":"index","follow":"follow","max-snippet":"max-snippet:-1","max-image-preview":"max-image-preview:large","max-video-preview":"max-video-preview:-1"},"canonical":"https:\/\/www.schramas.com\/de\/shop\/satz-von-3-hibiskus-moscheutos-hibiskus-kupfer-konigin-feuerball-jazzberry-marmelade-hohe-40cm-12cm-topf\/","og_locale":"de_DE","og_type":"article","og_title":"Set van 3 Hibiscus Moscheutos - Hibiscus 'Copper Queen', 'Fireball', 'Jazzberry Jam' - Hoogte 40cm - 12cm pot kopen | Planten eenvoudig online bestellen | Schramas.com","og_description":"3x Hibiscus Moscheutos  moerashibiscus  Hoogte max: circa 120cm  Winterhard  Leverhoogte incl. pot: circa 40 cm  Potmaat: 12cm","og_url":"https:\/\/www.schramas.com\/de\/shop\/satz-von-3-hibiskus-moscheutos-hibiskus-kupfer-konigin-feuerball-jazzberry-marmelade-hohe-40cm-12cm-topf\/","og_site_name":"Planten eenvoudig online bestellen | Schramas.com","article_publisher":"https:\/\/www.facebook.com\/Schramascom-106872874153195\/","article_modified_time":"2026-03-26T15:37:44+00:00","og_image":[{"width":800,"height":800,"url":"http:\/\/www.schramas.com\/wp-content\/uploads\/2025\/06\/Hibiscus-m-Set.webp","type":"image\/webp"}],"twitter_card":"summary_large_image","twitter_misc":{"Gesch\u00e4tzte Lesezeit":"1\u00a0Minute"},"schema":{"@context":"https:\/\/schema.org","@graph":[{"@type":["WebPage","ItemPage"],"@id":"https:\/\/www.schramas.com\/winkel\/set-van-3-hibiscus-moscheutos-hibiscus-copper-queen-fireball-jazzberry-jam-hoogte-40cm-12cm-pot\/","url":"https:\/\/www.schramas.com\/winkel\/set-van-3-hibiscus-moscheutos-hibiscus-copper-queen-fireball-jazzberry-jam-hoogte-40cm-12cm-pot\/","name":"3er Set Hibiskus Moscheutos - Hibiskus 'Copper Queen', 'Fireball', 'Jazzberry Jam' - H\u00f6he 40cm - 12cm Topf kaufen | Pflanzen einfach online bestellen | Schramas.de","isPartOf":{"@id":"https:\/\/www.schramas.com\/#website"},"primaryImageOfPage":{"@id":"https:\/\/www.schramas.com\/winkel\/set-van-3-hibiscus-moscheutos-hibiscus-copper-queen-fireball-jazzberry-jam-hoogte-40cm-12cm-pot\/#primaryimage"},"image":{"@id":"https:\/\/www.schramas.com\/winkel\/set-van-3-hibiscus-moscheutos-hibiscus-copper-queen-fireball-jazzberry-jam-hoogte-40cm-12cm-pot\/#primaryimage"},"thumbnailUrl":"https:\/\/www.schramas.com\/wp-content\/uploads\/2025\/06\/Hibiscus-m-Set.webp","datePublished":"2025-06-17T14:15:38+00:00","dateModified":"2026-03-26T15:37:44+00:00","breadcrumb":{"@id":"https:\/\/www.schramas.com\/winkel\/set-van-3-hibiscus-moscheutos-hibiscus-copper-queen-fireball-jazzberry-jam-hoogte-40cm-12cm-pot\/#breadcrumb"},"inLanguage":"de","potentialAction":[{"@type":"ReadAction","target":["https:\/\/www.schramas.com\/winkel\/set-van-3-hibiscus-moscheutos-hibiscus-copper-queen-fireball-jazzberry-jam-hoogte-40cm-12cm-pot\/"]}]},{"@type":"ImageObject","inLanguage":"de","@id":"https:\/\/www.schramas.com\/winkel\/set-van-3-hibiscus-moscheutos-hibiscus-copper-queen-fireball-jazzberry-jam-hoogte-40cm-12cm-pot\/#primaryimage","url":"https:\/\/www.schramas.com\/wp-content\/uploads\/2025\/06\/Hibiscus-m-Set.webp","contentUrl":"https:\/\/www.schramas.com\/wp-content\/uploads\/2025\/06\/Hibiscus-m-Set.webp","width":800,"height":800},{"@type":"BreadcrumbList","@id":"https:\/\/www.schramas.com\/winkel\/set-van-3-hibiscus-moscheutos-hibiscus-copper-queen-fireball-jazzberry-jam-hoogte-40cm-12cm-pot\/#breadcrumb","itemListElement":[{"@type":"ListItem","position":1,"name":"Product","item":"https:\/\/www.schramas.com\/assortiment\/"},{"@type":"ListItem","position":2,"name":"Pakketdeals","item":"https:\/\/www.schramas.com\/product-category\/pakket-deals\/"},{"@type":"ListItem","position":3,"name":"Set van 3 Hibiscus Moscheutos &#8211; Hibiscus &#8216;Copper Queen&#8217;, &#8216;Fireball&#8217;, &#8216;Jazzberry Jam&#8217; &#8211; Hoogte 40cm &#8211; 12cm pot"}]},{"@type":"WebSite","@id":"https:\/\/www.schramas.com\/#website","url":"https:\/\/www.schramas.com\/","name":"Schramas.com | Gartenpflanzen einfach online bestellen | Direkt aus unserer G\u00e4rtnerei","description":"","alternateName":"Schramas.com - Alle planten direct van de kweker","potentialAction":[{"@type":"SearchAction","target":{"@type":"EntryPoint","urlTemplate":"https:\/\/www.schramas.com\/?s={search_term_string}"},"query-input":{"@type":"PropertyValueSpecification","valueRequired":true,"valueName":"search_term_string"}}],"inLanguage":"de"}]}},"_links":{"self":[{"href":"https:\/\/www.schramas.com\/de\/wp-json\/wp\/v2\/product\/53668","targetHints":{"allow":["GET"]}}],"collection":[{"href":"https:\/\/www.schramas.com\/de\/wp-json\/wp\/v2\/product"}],"about":[{"href":"https:\/\/www.schramas.com\/de\/wp-json\/wp\/v2\/types\/product"}],"version-history":[{"count":2,"href":"https:\/\/www.schramas.com\/de\/wp-json\/wp\/v2\/product\/53668\/revisions"}],"predecessor-version":[{"id":53677,"href":"https:\/\/www.schramas.com\/de\/wp-json\/wp\/v2\/product\/53668\/revisions\/53677"}],"wp:featuredmedia":[{"embeddable":true,"href":"https:\/\/www.schramas.com\/de\/wp-json\/wp\/v2\/media\/53669"}],"wp:attachment":[{"href":"https:\/\/www.schramas.com\/de\/wp-json\/wp\/v2\/media?parent=53668"}],"wp:term":[{"taxonomy":"product_brand","embeddable":true,"href":"https:\/\/www.schramas.com\/de\/wp-json\/wp\/v2\/product_brand?post=53668"},{"taxonomy":"product_cat","embeddable":true,"href":"https:\/\/www.schramas.com\/de\/wp-json\/wp\/v2\/product_cat?post=53668"},{"taxonomy":"product_tag","embeddable":true,"href":"https:\/\/www.schramas.com\/de\/wp-json\/wp\/v2\/product_tag?post=53668"}],"curies":[{"name":"wp","href":"https:\/\/api.w.org\/{rel}","templated":true}]}}