{"id":5885,"date":"2019-09-19T14:42:48","date_gmt":"2019-09-19T12:42:48","guid":{"rendered":"http:\/\/www.schramas.com\/?post_type=product&#038;p=5885"},"modified":"2026-04-29T08:38:48","modified_gmt":"2026-04-29T06:38:48","slug":"erdbeere-himbeere-rubus-illecebrosus","status":"publish","type":"product","link":"https:\/\/www.schramas.com\/de\/shop\/erdbeere-himbeere-rubus-illecebrosus\/","title":{"rendered":"Rubus illecebrosus, Erdbeere-Himbeere, 3 T\u00f6pfe \u00e0 9 cm"},"content":{"rendered":"<p>Diese Rubus illecebrosus-Pflanze stammt urspr\u00fcnglich aus Japan. Es handelt sich um eine schmackhafte Erdbeer-Himbeer-Sorte, die bodendeckend w\u00e4chst.<\/p>\n<p>Die Fr\u00fcchte \u00e4hneln Himbeeren, sind aber gr\u00f6\u00dfer, k\u00f6stlich saftig und frisch s\u00fc\u00df. Sowohl die leuchtend roten Fr\u00fcchte als auch die sch\u00f6nen wei\u00dfen Bl\u00fcten verleihen dieser Pflanze zudem einen hohen Zierwert. Die Pflanze wird nicht h\u00f6her als ca. 1 bis 1,5 Meter und ist winterhart bis -25 Grad.<\/p>\n<p>Es gibt kleine Dornen an den Zweigen, aber die sch\u00f6nen Fr\u00fcchte mit einem k\u00f6stlichen Geschmack machen das wett! Im Winter scheinen die Pflanzen zu verschwinden, doch im Fr\u00fchling kommen sie \u00fcberraschend schnell wieder zur\u00fcck.<\/p>\n<p>Lieferung in drei kleinen Anzuchtt\u00f6pfen von 9 cm<\/p>","protected":false},"excerpt":{"rendered":"<p>Rubus illecebrosus.<\/p>\n<p>Erdbeer-Himbeere<\/p>\n<p>Geschmack: frisch-s\u00fc\u00df<\/p>\n<p>Fruchtfarbe: rot<\/p>\n<p>H\u00f6he max.: ca. 1-1,5 Meter<\/p>\n<p>Bodendecker<\/p>\n<p>Selbstbest\u00e4ubend<\/p>\n<p>Lieferh\u00f6he inkl. Topf: ca. 25 cm<\/p>\n<p>Topfgr\u00f6\u00dfe: ca. 9 cm<\/p>\n<p>Sowohl f\u00fcr die Terrasse als auch f\u00fcr den offenen Boden geeignet.<\/p>","protected":false},"featured_media":19126,"template":"","meta":{"_joinchat":[]},"product_brand":[],"product_cat":[16,1028,262,480,42,234,835,294],"product_tag":[644,675,673,351,674],"class_list":{"0":"post-5885","1":"product","2":"type-product","3":"status-publish","4":"has-post-thumbnail","6":"product_cat-diversen","7":"product_cat-aardbeien","8":"product_cat-bomen-struiken","9":"product_cat-diversen-struiken","10":"product_cat-frambozen","11":"product_cat-fruitstruiken","12":"product_cat-hardlopers","13":"product_cat-specials","14":"product_tag-aardbei-framboos","15":"product_tag-bodemdekkend","16":"product_tag-rubus-illecebrosus","17":"product_tag-winterhard","18":"product_tag-zembes","19":"pa_bloeimaanden-mei","20":"pa_bloeimaanden-juni","21":"pa_bloeimaanden-juli","22":"pa_bloeimaanden-augustus","23":"pa_bloeimaanden-september","24":"pa_ewd_uwcf_colors-rood-2","25":"pa_groeihoogte-60-150-cm","26":"pa_pot-9-cm-pot","28":"first","29":"instock","30":"taxable","31":"shipping-taxable","32":"purchasable","33":"product-type-simple"},"yoast_head":"<!-- This site is optimized with the Yoast SEO plugin v24.2 - https:\/\/yoast.com\/wordpress\/plugins\/seo\/ -->\n<title>Rubus illecebrosus, aardbei-framboos, 3 potjes van 9 cm kopen | Planten eenvoudig online bestellen | Schramas.com<\/title>\n<meta name=\"robots\" content=\"index, follow, max-snippet:-1, max-image-preview:large, max-video-preview:-1\" \/>\n<link rel=\"canonical\" href=\"https:\/\/www.schramas.com\/de\/shop\/erdbeere-himbeere-rubus-illecebrosus\/\" \/>\n<meta property=\"og:locale\" content=\"de_DE\" \/>\n<meta property=\"og:type\" content=\"article\" \/>\n<meta property=\"og:title\" content=\"Rubus illecebrosus, aardbei-framboos, 3 potjes van 9 cm kopen | Planten eenvoudig online bestellen | Schramas.com\" \/>\n<meta property=\"og:description\" content=\"Rubus illecebrosus.  Aardbeiframboos  Smaak: fris zoet  Kleur vrucht: rood  Hoogte max.: circa 1-1,5 meter  Bodembedekker  Zelfbestuivend  Leverhoogte incl. pot: circa 25 cm  Potmaat: circa 9 cm  Geschikt voor zowel patio als volle grond.\" \/>\n<meta property=\"og:url\" content=\"https:\/\/www.schramas.com\/de\/shop\/erdbeere-himbeere-rubus-illecebrosus\/\" \/>\n<meta property=\"og:site_name\" content=\"Planten eenvoudig online bestellen | Schramas.com\" \/>\n<meta property=\"article:publisher\" content=\"https:\/\/www.facebook.com\/Schramascom-106872874153195\/\" \/>\n<meta property=\"article:modified_time\" content=\"2026-04-29T06:38:48+00:00\" \/>\n<meta property=\"og:image\" content=\"http:\/\/www.schramas.com\/wp-content\/uploads\/2019\/09\/Rubus-illecebrosus-bewerkt-voorjaar-vooraanzicht-met-cirkel-1.jpg\" \/>\n\t<meta property=\"og:image:width\" content=\"1200\" \/>\n\t<meta property=\"og:image:height\" content=\"1200\" \/>\n\t<meta property=\"og:image:type\" content=\"image\/jpeg\" \/>\n<meta name=\"twitter:card\" content=\"summary_large_image\" \/>\n<meta name=\"twitter:label1\" content=\"Gesch\u00e4tzte Lesezeit\" \/>\n\t<meta name=\"twitter:data1\" content=\"1\u00a0Minute\" \/>\n<script type=\"application\/ld+json\" class=\"yoast-schema-graph\">{\"@context\":\"https:\/\/schema.org\",\"@graph\":[{\"@type\":[\"WebPage\",\"ItemPage\"],\"@id\":\"https:\/\/www.schramas.com\/winkel\/aardbei-framboos-rubus-illecebrosus\/\",\"url\":\"https:\/\/www.schramas.com\/winkel\/aardbei-framboos-rubus-illecebrosus\/\",\"name\":\"Rubus illecebrosus, aardbei-framboos, 3 potjes van 9 cm kopen | Planten eenvoudig online bestellen | Schramas.com\",\"isPartOf\":{\"@id\":\"https:\/\/www.schramas.com\/#website\"},\"primaryImageOfPage\":{\"@id\":\"https:\/\/www.schramas.com\/winkel\/aardbei-framboos-rubus-illecebrosus\/#primaryimage\"},\"image\":{\"@id\":\"https:\/\/www.schramas.com\/winkel\/aardbei-framboos-rubus-illecebrosus\/#primaryimage\"},\"thumbnailUrl\":\"https:\/\/www.schramas.com\/wp-content\/uploads\/2019\/09\/Rubus-illecebrosus-bewerkt-voorjaar-vooraanzicht-met-cirkel-1.jpg\",\"datePublished\":\"2019-09-19T12:42:48+00:00\",\"dateModified\":\"2026-04-29T06:38:48+00:00\",\"breadcrumb\":{\"@id\":\"https:\/\/www.schramas.com\/winkel\/aardbei-framboos-rubus-illecebrosus\/#breadcrumb\"},\"inLanguage\":\"de\",\"potentialAction\":[{\"@type\":\"ReadAction\",\"target\":[\"https:\/\/www.schramas.com\/winkel\/aardbei-framboos-rubus-illecebrosus\/\"]}]},{\"@type\":\"ImageObject\",\"inLanguage\":\"de\",\"@id\":\"https:\/\/www.schramas.com\/winkel\/aardbei-framboos-rubus-illecebrosus\/#primaryimage\",\"url\":\"https:\/\/www.schramas.com\/wp-content\/uploads\/2019\/09\/Rubus-illecebrosus-bewerkt-voorjaar-vooraanzicht-met-cirkel-1.jpg\",\"contentUrl\":\"https:\/\/www.schramas.com\/wp-content\/uploads\/2019\/09\/Rubus-illecebrosus-bewerkt-voorjaar-vooraanzicht-met-cirkel-1.jpg\",\"width\":1200,\"height\":1200},{\"@type\":\"BreadcrumbList\",\"@id\":\"https:\/\/www.schramas.com\/winkel\/aardbei-framboos-rubus-illecebrosus\/#breadcrumb\",\"itemListElement\":[{\"@type\":\"ListItem\",\"position\":1,\"name\":\"Product\",\"item\":\"https:\/\/www.schramas.com\/assortiment\/\"},{\"@type\":\"ListItem\",\"position\":2,\"name\":\"Diversen planten\",\"item\":\"https:\/\/www.schramas.com\/product-category\/diversen\/\"},{\"@type\":\"ListItem\",\"position\":3,\"name\":\"Rubus illecebrosus, aardbei-framboos, 3 potjes van 9 cm\"}]},{\"@type\":\"WebSite\",\"@id\":\"https:\/\/www.schramas.com\/#website\",\"url\":\"https:\/\/www.schramas.com\/\",\"name\":\"Schramas.com | Tuinplanten eenvoudig online bestellen | Direct van onze Kwekerij\",\"description\":\"\",\"alternateName\":\"Schramas.com - Alle planten direct van de kweker\",\"potentialAction\":[{\"@type\":\"SearchAction\",\"target\":{\"@type\":\"EntryPoint\",\"urlTemplate\":\"https:\/\/www.schramas.com\/?s={search_term_string}\"},\"query-input\":{\"@type\":\"PropertyValueSpecification\",\"valueRequired\":true,\"valueName\":\"search_term_string\"}}],\"inLanguage\":\"de\"}]}<\/script>\n<!-- \/ Yoast SEO plugin. -->","yoast_head_json":{"title":"Kaufen Sie Rubus illecebrosus, Erdbeer-Himbeere, 3 T\u00f6pfe \u00e0 9 cm | Pflanzen einfach online bestellen | Schramas.com","robots":{"index":"index","follow":"follow","max-snippet":"max-snippet:-1","max-image-preview":"max-image-preview:large","max-video-preview":"max-video-preview:-1"},"canonical":"https:\/\/www.schramas.com\/de\/shop\/erdbeere-himbeere-rubus-illecebrosus\/","og_locale":"de_DE","og_type":"article","og_title":"Rubus illecebrosus, aardbei-framboos, 3 potjes van 9 cm kopen | Planten eenvoudig online bestellen | Schramas.com","og_description":"Rubus illecebrosus.  Aardbeiframboos  Smaak: fris zoet  Kleur vrucht: rood  Hoogte max.: circa 1-1,5 meter  Bodembedekker  Zelfbestuivend  Leverhoogte incl. pot: circa 25 cm  Potmaat: circa 9 cm  Geschikt voor zowel patio als volle grond.","og_url":"https:\/\/www.schramas.com\/de\/shop\/erdbeere-himbeere-rubus-illecebrosus\/","og_site_name":"Planten eenvoudig online bestellen | Schramas.com","article_publisher":"https:\/\/www.facebook.com\/Schramascom-106872874153195\/","article_modified_time":"2026-04-29T06:38:48+00:00","og_image":[{"width":1200,"height":1200,"url":"http:\/\/www.schramas.com\/wp-content\/uploads\/2019\/09\/Rubus-illecebrosus-bewerkt-voorjaar-vooraanzicht-met-cirkel-1.jpg","type":"image\/jpeg"}],"twitter_card":"summary_large_image","twitter_misc":{"Gesch\u00e4tzte Lesezeit":"1\u00a0Minute"},"schema":{"@context":"https:\/\/schema.org","@graph":[{"@type":["WebPage","ItemPage"],"@id":"https:\/\/www.schramas.com\/winkel\/aardbei-framboos-rubus-illecebrosus\/","url":"https:\/\/www.schramas.com\/winkel\/aardbei-framboos-rubus-illecebrosus\/","name":"Kaufen Sie Rubus illecebrosus, Erdbeer-Himbeere, 3 T\u00f6pfe \u00e0 9 cm | Pflanzen einfach online bestellen | Schramas.com","isPartOf":{"@id":"https:\/\/www.schramas.com\/#website"},"primaryImageOfPage":{"@id":"https:\/\/www.schramas.com\/winkel\/aardbei-framboos-rubus-illecebrosus\/#primaryimage"},"image":{"@id":"https:\/\/www.schramas.com\/winkel\/aardbei-framboos-rubus-illecebrosus\/#primaryimage"},"thumbnailUrl":"https:\/\/www.schramas.com\/wp-content\/uploads\/2019\/09\/Rubus-illecebrosus-bewerkt-voorjaar-vooraanzicht-met-cirkel-1.jpg","datePublished":"2019-09-19T12:42:48+00:00","dateModified":"2026-04-29T06:38:48+00:00","breadcrumb":{"@id":"https:\/\/www.schramas.com\/winkel\/aardbei-framboos-rubus-illecebrosus\/#breadcrumb"},"inLanguage":"de","potentialAction":[{"@type":"ReadAction","target":["https:\/\/www.schramas.com\/winkel\/aardbei-framboos-rubus-illecebrosus\/"]}]},{"@type":"ImageObject","inLanguage":"de","@id":"https:\/\/www.schramas.com\/winkel\/aardbei-framboos-rubus-illecebrosus\/#primaryimage","url":"https:\/\/www.schramas.com\/wp-content\/uploads\/2019\/09\/Rubus-illecebrosus-bewerkt-voorjaar-vooraanzicht-met-cirkel-1.jpg","contentUrl":"https:\/\/www.schramas.com\/wp-content\/uploads\/2019\/09\/Rubus-illecebrosus-bewerkt-voorjaar-vooraanzicht-met-cirkel-1.jpg","width":1200,"height":1200},{"@type":"BreadcrumbList","@id":"https:\/\/www.schramas.com\/winkel\/aardbei-framboos-rubus-illecebrosus\/#breadcrumb","itemListElement":[{"@type":"ListItem","position":1,"name":"Product","item":"https:\/\/www.schramas.com\/assortiment\/"},{"@type":"ListItem","position":2,"name":"Diversen planten","item":"https:\/\/www.schramas.com\/product-category\/diversen\/"},{"@type":"ListItem","position":3,"name":"Rubus illecebrosus, aardbei-framboos, 3 potjes van 9 cm"}]},{"@type":"WebSite","@id":"https:\/\/www.schramas.com\/#website","url":"https:\/\/www.schramas.com\/","name":"Schramas.com | Gartenpflanzen einfach online bestellen | Direkt aus unserer G\u00e4rtnerei","description":"","alternateName":"Schramas.com - Alle planten direct van de kweker","potentialAction":[{"@type":"SearchAction","target":{"@type":"EntryPoint","urlTemplate":"https:\/\/www.schramas.com\/?s={search_term_string}"},"query-input":{"@type":"PropertyValueSpecification","valueRequired":true,"valueName":"search_term_string"}}],"inLanguage":"de"}]}},"_links":{"self":[{"href":"https:\/\/www.schramas.com\/de\/wp-json\/wp\/v2\/product\/5885","targetHints":{"allow":["GET"]}}],"collection":[{"href":"https:\/\/www.schramas.com\/de\/wp-json\/wp\/v2\/product"}],"about":[{"href":"https:\/\/www.schramas.com\/de\/wp-json\/wp\/v2\/types\/product"}],"version-history":[{"count":1,"href":"https:\/\/www.schramas.com\/de\/wp-json\/wp\/v2\/product\/5885\/revisions"}],"predecessor-version":[{"id":44555,"href":"https:\/\/www.schramas.com\/de\/wp-json\/wp\/v2\/product\/5885\/revisions\/44555"}],"wp:featuredmedia":[{"embeddable":true,"href":"https:\/\/www.schramas.com\/de\/wp-json\/wp\/v2\/media\/19126"}],"wp:attachment":[{"href":"https:\/\/www.schramas.com\/de\/wp-json\/wp\/v2\/media?parent=5885"}],"wp:term":[{"taxonomy":"product_brand","embeddable":true,"href":"https:\/\/www.schramas.com\/de\/wp-json\/wp\/v2\/product_brand?post=5885"},{"taxonomy":"product_cat","embeddable":true,"href":"https:\/\/www.schramas.com\/de\/wp-json\/wp\/v2\/product_cat?post=5885"},{"taxonomy":"product_tag","embeddable":true,"href":"https:\/\/www.schramas.com\/de\/wp-json\/wp\/v2\/product_tag?post=5885"}],"curies":[{"name":"wp","href":"https:\/\/api.w.org\/{rel}","templated":true}]}}