{"id":59069,"date":"2011-09-08T14:57:28","date_gmt":"2011-09-08T12:57:28","guid":{"rendered":"https:\/\/www.schramas.com\/?post_type=product&#038;p=59069"},"modified":"2026-03-26T16:38:08","modified_gmt":"2026-03-26T15:38:08","slug":"set-van-4-coniferen-thuja-occ-smaragd-h-20cm-9cm-pot","status":"publish","type":"product","link":"https:\/\/www.schramas.com\/de\/shop\/set-van-4-coniferen-thuja-occ-smaragd-h-20cm-9cm-pot\/","title":{"rendered":"Satz von 4 Koniferen - Thuja occ. \u2018Emerald\u2019 - H 20cm - 9cm Topf"},"content":{"rendered":"<p>Westlicher Lebensbaum oder Thuja occidentalis 'Emerald' Nadelbaum.<\/p>\n<p>Thuja occidentalis 'Emerald' ist eine sch\u00f6ne Heckenkonifere mit einer dichten, kompakten Wuchsform. Thuja occidentalis 'Smaragd' w\u00e4chst f\u00fcr eine Heckenkonifere relativ langsam. Thuja occidentalis 'Smaragd' wird ca. 400 cm hoch und hat eine frischgr\u00fcne Laubfarbe. Wie alle Heckenkoniferen ist sie winterhart. Schmal pyramidenf\u00f6rmiger Nadelbaum. H\u00f6he 3 - 4 m, Breite bis zu 1 m. Kompakte Wuchsform. Laub dunkelgr\u00fcn. Vertr\u00e4gt den Schnitt gut, kann als Heckenpflanze verwendet werden. Heller Standort. Humusreicher Boden.<\/p>","protected":false},"excerpt":{"rendered":"<p>Thuja occidentalis 'Smaragd' Nadelbaum<\/p>\n<p>Sowohl f\u00fcr die Terrasse als auch f\u00fcr den offenen Boden geeignet.<\/p>\n<p>Bl\u00fctezeit: Fr\u00fchling<\/p>\n<p>Leverhoogte incl. pot: 40cm<\/p>\n<p>Max. H\u00f6he: ca. 400 cm<\/p>","protected":false},"featured_media":59070,"template":"","meta":{"_joinchat":[]},"product_brand":[],"product_cat":[762,867,1012,305],"product_tag":[1313,499,3650,3644,3647,3649,3646,3648,3645],"class_list":{"0":"post-59069","1":"product","2":"type-product","3":"status-publish","4":"has-post-thumbnail","6":"product_cat-hagen","7":"product_cat-pakket-deals","8":"product_cat-overige-deals","9":"product_cat-planten-heesters","10":"product_tag-haagplant","11":"product_tag-groenblijvend","12":"product_tag-groene-haag","13":"product_tag-haagconifeer-kopen","14":"product_tag-levensboom-kopen","15":"product_tag-smaragd","16":"product_tag-thuja-kopen","17":"product_tag-thuja-occidentalis-kopen","18":"product_tag-wintergroene-haagplant","19":"pa_bloeimaanden-juni","20":"pa_bloeimaanden-augustus","21":"pa_ewd_uwcf_colors-groen-2","22":"pa_groeihoogte-300-cm","23":"pa_pot-9-cm-pot","25":"first","26":"outofstock","27":"taxable","28":"shipping-taxable","29":"purchasable","30":"product-type-simple"},"yoast_head":"<!-- This site is optimized with the Yoast SEO plugin v24.2 - https:\/\/yoast.com\/wordpress\/plugins\/seo\/ -->\n<title>Set van 4 coniferen - Thuja occ. &#039;Smaragd&#039; - H 20cm - 9cm pot kopen | Planten eenvoudig online bestellen | Schramas.com<\/title>\n<meta name=\"robots\" content=\"index, follow, max-snippet:-1, max-image-preview:large, max-video-preview:-1\" \/>\n<link rel=\"canonical\" href=\"https:\/\/www.schramas.com\/de\/shop\/set-van-4-coniferen-thuja-occ-smaragd-h-20cm-9cm-pot\/\" \/>\n<meta property=\"og:locale\" content=\"de_DE\" \/>\n<meta property=\"og:type\" content=\"article\" \/>\n<meta property=\"og:title\" content=\"Set van 4 coniferen - Thuja occ. &#039;Smaragd&#039; - H 20cm - 9cm pot kopen | Planten eenvoudig online bestellen | Schramas.com\" \/>\n<meta property=\"og:description\" content=\"Thuja occidentalis \u2018Smaragd\u2019 conifeer  Geschikt voor zowel patio als volle grond.  Bloeitijd: Voorjaar  Leverhoogte incl. pot: 40cm  Max. hoogte: circa 400 cm\" \/>\n<meta property=\"og:url\" content=\"https:\/\/www.schramas.com\/de\/shop\/set-van-4-coniferen-thuja-occ-smaragd-h-20cm-9cm-pot\/\" \/>\n<meta property=\"og:site_name\" content=\"Planten eenvoudig online bestellen | Schramas.com\" \/>\n<meta property=\"article:publisher\" content=\"https:\/\/www.facebook.com\/Schramascom-106872874153195\/\" \/>\n<meta property=\"article:modified_time\" content=\"2026-03-26T15:38:08+00:00\" \/>\n<meta property=\"og:image\" content=\"http:\/\/www.schramas.com\/wp-content\/uploads\/2025\/09\/Thuja-occidentalis-Smaragd-Pakketdeal-p9-sfeer.webp\" \/>\n\t<meta property=\"og:image:width\" content=\"800\" \/>\n\t<meta property=\"og:image:height\" content=\"800\" \/>\n\t<meta property=\"og:image:type\" content=\"image\/webp\" \/>\n<meta name=\"twitter:card\" content=\"summary_large_image\" \/>\n<script type=\"application\/ld+json\" class=\"yoast-schema-graph\">{\"@context\":\"https:\/\/schema.org\",\"@graph\":[{\"@type\":[\"WebPage\",\"ItemPage\"],\"@id\":\"https:\/\/www.schramas.com\/winkel\/set-van-4-coniferen-thuja-occ-smaragd-h-20cm-9cm-pot\/\",\"url\":\"https:\/\/www.schramas.com\/winkel\/set-van-4-coniferen-thuja-occ-smaragd-h-20cm-9cm-pot\/\",\"name\":\"Set van 4 coniferen - Thuja occ. 'Smaragd' - H 20cm - 9cm pot kopen | Planten eenvoudig online bestellen | Schramas.com\",\"isPartOf\":{\"@id\":\"https:\/\/www.schramas.com\/#website\"},\"primaryImageOfPage\":{\"@id\":\"https:\/\/www.schramas.com\/winkel\/set-van-4-coniferen-thuja-occ-smaragd-h-20cm-9cm-pot\/#primaryimage\"},\"image\":{\"@id\":\"https:\/\/www.schramas.com\/winkel\/set-van-4-coniferen-thuja-occ-smaragd-h-20cm-9cm-pot\/#primaryimage\"},\"thumbnailUrl\":\"https:\/\/www.schramas.com\/wp-content\/uploads\/2025\/09\/Thuja-occidentalis-Smaragd-Pakketdeal-p9-sfeer.webp\",\"datePublished\":\"2011-09-08T12:57:28+00:00\",\"dateModified\":\"2026-03-26T15:38:08+00:00\",\"breadcrumb\":{\"@id\":\"https:\/\/www.schramas.com\/winkel\/set-van-4-coniferen-thuja-occ-smaragd-h-20cm-9cm-pot\/#breadcrumb\"},\"inLanguage\":\"de\",\"potentialAction\":[{\"@type\":\"ReadAction\",\"target\":[\"https:\/\/www.schramas.com\/winkel\/set-van-4-coniferen-thuja-occ-smaragd-h-20cm-9cm-pot\/\"]}]},{\"@type\":\"ImageObject\",\"inLanguage\":\"de\",\"@id\":\"https:\/\/www.schramas.com\/winkel\/set-van-4-coniferen-thuja-occ-smaragd-h-20cm-9cm-pot\/#primaryimage\",\"url\":\"https:\/\/www.schramas.com\/wp-content\/uploads\/2025\/09\/Thuja-occidentalis-Smaragd-Pakketdeal-p9-sfeer.webp\",\"contentUrl\":\"https:\/\/www.schramas.com\/wp-content\/uploads\/2025\/09\/Thuja-occidentalis-Smaragd-Pakketdeal-p9-sfeer.webp\",\"width\":800,\"height\":800},{\"@type\":\"BreadcrumbList\",\"@id\":\"https:\/\/www.schramas.com\/winkel\/set-van-4-coniferen-thuja-occ-smaragd-h-20cm-9cm-pot\/#breadcrumb\",\"itemListElement\":[{\"@type\":\"ListItem\",\"position\":1,\"name\":\"Product\",\"item\":\"https:\/\/www.schramas.com\/assortiment\/\"},{\"@type\":\"ListItem\",\"position\":2,\"name\":\"Tuinplanten\",\"item\":\"https:\/\/www.schramas.com\/product-category\/planten-heesters\/\"},{\"@type\":\"ListItem\",\"position\":3,\"name\":\"Hagen\",\"item\":\"https:\/\/www.schramas.com\/product-category\/planten-heesters\/hagen\/\"},{\"@type\":\"ListItem\",\"position\":4,\"name\":\"Set van 4 coniferen &#8211; Thuja occ. &#8216;Smaragd&#8217; &#8211; H 20cm &#8211; 9cm pot\"}]},{\"@type\":\"WebSite\",\"@id\":\"https:\/\/www.schramas.com\/#website\",\"url\":\"https:\/\/www.schramas.com\/\",\"name\":\"Schramas.com | Tuinplanten eenvoudig online bestellen | Direct van onze Kwekerij\",\"description\":\"\",\"alternateName\":\"Schramas.com - Alle planten direct van de kweker\",\"potentialAction\":[{\"@type\":\"SearchAction\",\"target\":{\"@type\":\"EntryPoint\",\"urlTemplate\":\"https:\/\/www.schramas.com\/?s={search_term_string}\"},\"query-input\":{\"@type\":\"PropertyValueSpecification\",\"valueRequired\":true,\"valueName\":\"search_term_string\"}}],\"inLanguage\":\"de\"}]}<\/script>\n<!-- \/ Yoast SEO plugin. -->","yoast_head_json":{"title":"Set van 4 coniferen - Thuja occ. 'Smaragd' - H 20cm - 9cm pot kopen | Planten eenvoudig online bestellen | Schramas.com","robots":{"index":"index","follow":"follow","max-snippet":"max-snippet:-1","max-image-preview":"max-image-preview:large","max-video-preview":"max-video-preview:-1"},"canonical":"https:\/\/www.schramas.com\/de\/shop\/set-van-4-coniferen-thuja-occ-smaragd-h-20cm-9cm-pot\/","og_locale":"de_DE","og_type":"article","og_title":"Set van 4 coniferen - Thuja occ. 'Smaragd' - H 20cm - 9cm pot kopen | Planten eenvoudig online bestellen | Schramas.com","og_description":"Thuja occidentalis \u2018Smaragd\u2019 conifeer  Geschikt voor zowel patio als volle grond.  Bloeitijd: Voorjaar  Leverhoogte incl. pot: 40cm  Max. hoogte: circa 400 cm","og_url":"https:\/\/www.schramas.com\/de\/shop\/set-van-4-coniferen-thuja-occ-smaragd-h-20cm-9cm-pot\/","og_site_name":"Planten eenvoudig online bestellen | Schramas.com","article_publisher":"https:\/\/www.facebook.com\/Schramascom-106872874153195\/","article_modified_time":"2026-03-26T15:38:08+00:00","og_image":[{"width":800,"height":800,"url":"http:\/\/www.schramas.com\/wp-content\/uploads\/2025\/09\/Thuja-occidentalis-Smaragd-Pakketdeal-p9-sfeer.webp","type":"image\/webp"}],"twitter_card":"summary_large_image","schema":{"@context":"https:\/\/schema.org","@graph":[{"@type":["WebPage","ItemPage"],"@id":"https:\/\/www.schramas.com\/winkel\/set-van-4-coniferen-thuja-occ-smaragd-h-20cm-9cm-pot\/","url":"https:\/\/www.schramas.com\/winkel\/set-van-4-coniferen-thuja-occ-smaragd-h-20cm-9cm-pot\/","name":"Set van 4 coniferen - Thuja occ. 'Smaragd' - H 20cm - 9cm pot kopen | Planten eenvoudig online bestellen | Schramas.com","isPartOf":{"@id":"https:\/\/www.schramas.com\/#website"},"primaryImageOfPage":{"@id":"https:\/\/www.schramas.com\/winkel\/set-van-4-coniferen-thuja-occ-smaragd-h-20cm-9cm-pot\/#primaryimage"},"image":{"@id":"https:\/\/www.schramas.com\/winkel\/set-van-4-coniferen-thuja-occ-smaragd-h-20cm-9cm-pot\/#primaryimage"},"thumbnailUrl":"https:\/\/www.schramas.com\/wp-content\/uploads\/2025\/09\/Thuja-occidentalis-Smaragd-Pakketdeal-p9-sfeer.webp","datePublished":"2011-09-08T12:57:28+00:00","dateModified":"2026-03-26T15:38:08+00:00","breadcrumb":{"@id":"https:\/\/www.schramas.com\/winkel\/set-van-4-coniferen-thuja-occ-smaragd-h-20cm-9cm-pot\/#breadcrumb"},"inLanguage":"de","potentialAction":[{"@type":"ReadAction","target":["https:\/\/www.schramas.com\/winkel\/set-van-4-coniferen-thuja-occ-smaragd-h-20cm-9cm-pot\/"]}]},{"@type":"ImageObject","inLanguage":"de","@id":"https:\/\/www.schramas.com\/winkel\/set-van-4-coniferen-thuja-occ-smaragd-h-20cm-9cm-pot\/#primaryimage","url":"https:\/\/www.schramas.com\/wp-content\/uploads\/2025\/09\/Thuja-occidentalis-Smaragd-Pakketdeal-p9-sfeer.webp","contentUrl":"https:\/\/www.schramas.com\/wp-content\/uploads\/2025\/09\/Thuja-occidentalis-Smaragd-Pakketdeal-p9-sfeer.webp","width":800,"height":800},{"@type":"BreadcrumbList","@id":"https:\/\/www.schramas.com\/winkel\/set-van-4-coniferen-thuja-occ-smaragd-h-20cm-9cm-pot\/#breadcrumb","itemListElement":[{"@type":"ListItem","position":1,"name":"Product","item":"https:\/\/www.schramas.com\/assortiment\/"},{"@type":"ListItem","position":2,"name":"Tuinplanten","item":"https:\/\/www.schramas.com\/product-category\/planten-heesters\/"},{"@type":"ListItem","position":3,"name":"Hagen","item":"https:\/\/www.schramas.com\/product-category\/planten-heesters\/hagen\/"},{"@type":"ListItem","position":4,"name":"Set van 4 coniferen &#8211; Thuja occ. &#8216;Smaragd&#8217; &#8211; H 20cm &#8211; 9cm pot"}]},{"@type":"WebSite","@id":"https:\/\/www.schramas.com\/#website","url":"https:\/\/www.schramas.com\/","name":"Schramas.com | Gartenpflanzen einfach online bestellen | Direkt aus unserer G\u00e4rtnerei","description":"","alternateName":"Schramas.com - Alle planten direct van de kweker","potentialAction":[{"@type":"SearchAction","target":{"@type":"EntryPoint","urlTemplate":"https:\/\/www.schramas.com\/?s={search_term_string}"},"query-input":{"@type":"PropertyValueSpecification","valueRequired":true,"valueName":"search_term_string"}}],"inLanguage":"de"}]}},"_links":{"self":[{"href":"https:\/\/www.schramas.com\/de\/wp-json\/wp\/v2\/product\/59069","targetHints":{"allow":["GET"]}}],"collection":[{"href":"https:\/\/www.schramas.com\/de\/wp-json\/wp\/v2\/product"}],"about":[{"href":"https:\/\/www.schramas.com\/de\/wp-json\/wp\/v2\/types\/product"}],"version-history":[{"count":1,"href":"https:\/\/www.schramas.com\/de\/wp-json\/wp\/v2\/product\/59069\/revisions"}],"predecessor-version":[{"id":59074,"href":"https:\/\/www.schramas.com\/de\/wp-json\/wp\/v2\/product\/59069\/revisions\/59074"}],"wp:featuredmedia":[{"embeddable":true,"href":"https:\/\/www.schramas.com\/de\/wp-json\/wp\/v2\/media\/59070"}],"wp:attachment":[{"href":"https:\/\/www.schramas.com\/de\/wp-json\/wp\/v2\/media?parent=59069"}],"wp:term":[{"taxonomy":"product_brand","embeddable":true,"href":"https:\/\/www.schramas.com\/de\/wp-json\/wp\/v2\/product_brand?post=59069"},{"taxonomy":"product_cat","embeddable":true,"href":"https:\/\/www.schramas.com\/de\/wp-json\/wp\/v2\/product_cat?post=59069"},{"taxonomy":"product_tag","embeddable":true,"href":"https:\/\/www.schramas.com\/de\/wp-json\/wp\/v2\/product_tag?post=59069"}],"curies":[{"name":"wp","href":"https:\/\/api.w.org\/{rel}","templated":true}]}}