{"id":59075,"date":"2025-09-08T15:10:12","date_gmt":"2025-09-08T13:10:12","guid":{"rendered":"https:\/\/www.schramas.com\/?post_type=product&#038;p=59075"},"modified":"2026-04-30T15:27:05","modified_gmt":"2026-04-30T13:27:05","slug":"set-van-3-kiwis-hayward-solo-atlas-2x-vrouwelijk-1x-mannelijk-hoogte-20cm-9cm-pot","status":"publish","type":"product","link":"https:\/\/www.schramas.com\/de\/shop\/set-van-3-kiwis-hayward-solo-atlas-2x-vrouwelijk-1x-mannelijk-hoogte-20cm-9cm-pot\/","title":{"rendered":"Satz von 3 Kiwis - Hayward, Solo, Atlas - 2x weiblich, 1x m\u00e4nnlich - H\u00f6he 20cm - 9cm Topf"},"content":{"rendered":"<p>Bringen Sie eine schmackhafte und exotische Note in Ihren Garten mit dieser vielf\u00e4ltigen Kollektion von drei Kiwi-Pflanzen:<\/p>\n<p><strong>Actinidia deliciosa Hayward (weiblich)<\/strong> - Diese weibliche Kiwipflanze, die als Actinidia deliciosa 'Hayward' bekannt ist, braucht ein m\u00e4nnliches Gegenst\u00fcck, wie Actinidia deliciosa 'Atlas', um Fr\u00fcchte zu tragen. Pflanzen Sie sie an einen gesch\u00fctzten Ort, damit die Bl\u00fcten im Fr\u00fchjahr nicht erfrieren. Nach 2 bis 3 Jahren beginnt die Hayward-Kiwi Fr\u00fcchte zu tragen. Sie gedeiht am besten an einem sonnigen Standort mit gen\u00fcgend Platz f\u00fcr eine reiche Ernte im sp\u00e4teren Leben. Diese Kiwipflanze vertr\u00e4gt Frost bis zu -20 Grad Celsius und ist damit gut f\u00fcr unser Klima geeignet. F\u00fcr junge Pflanzen ist bei m\u00e4\u00dfigem bis strengem Frost ein gewisser Schutz empfehlenswert.<\/p>\n<p><strong>Actinidia deliciosa 'Solo'<\/strong> <strong>(weiblich\/selbstbefruchtend)<\/strong>- Diese Sorte ist f\u00fcr ihre kleinen essbaren Fr\u00fcchte mit saftigem gr\u00fcnem Fruchtfleisch bekannt. Die Chinesische Stachelbeere oder gelbe Kiwi wird aber auch wegen ihrer gro\u00dfen, herzf\u00f6rmigen Bl\u00e4tter und jungen, r\u00f6tlich behaarten St\u00e4ngel gesch\u00e4tzt. Sie ist eine schnell wachsende Kletterpflanze, die sowohl in voller Sonne als auch im Halbschatten gedeiht. Als Jungpflanze braucht sie einen gewissen Schutz vor Frost.<\/p>\n<p><strong>Actinidia deliciosa 'Atlas' (m\u00e4nnlich)<\/strong> - Obwohl diese Kiwi-Sorte selbst keine Fr\u00fcchte tr\u00e4gt, liefert sie wertvollen Pollen f\u00fcr die Best\u00e4ubung weiblicher Kiwi-Sorten wie Actinidia deliciosa 'Hayward'. Auf diese Weise tr\u00e4gt der Atlas zu einer reicheren Ernte bei. W\u00e4hrend der Bl\u00fctezeit im Mai-Juni zeigt Actinidia deliciosa 'Atlas' ihre wei\u00dfen Bl\u00fcten.<\/p>\n<p>Die Kiwipflanze gedeiht am besten an einer gesch\u00fctzten, sonnigen Mauer oder einem Zaun in fruchtbarem, gut durchl\u00e4ssigem Boden. Sie kann auch in einem Topf auf einem Balkon oder einer Terrasse stehen. Geben Sie der Kiwi einen Platz, an dem sie klettern kann, indem Sie ein Gestell, Gitter oder gespannte Dr\u00e4hte verwenden. Regelm\u00e4\u00dfiger R\u00fcckschnitt h\u00e4lt die Pflanze sch\u00f6n und f\u00f6rdert den Bl\u00fctenansatz.<\/p>","protected":false},"excerpt":{"rendered":"<p>3x Actinidia deliciosa<\/p>\n<p>2x weiblich, 1x m\u00e4nnlich<\/p>\n<p>Hayward, Solo, Atlas<\/p>\n<p>Max. H\u00f6he ca. 400 cm<\/p>\n<p>Laubabwerfend<\/p>\n<p>Hardy<\/p>\n<p>Geliefert in einem 9 cm Topf<\/p>","protected":false},"featured_media":59076,"template":"","meta":{"_joinchat":[]},"product_brand":[],"product_cat":[262,1011,234,36,867],"product_tag":[652,862,872,1251,316],"class_list":{"0":"post-59075","1":"product","2":"type-product","3":"status-publish","4":"has-post-thumbnail","6":"product_cat-bomen-struiken","7":"product_cat-fruit-deals","8":"product_cat-fruitstruiken","9":"product_cat-kiwis","10":"product_cat-pakket-deals","11":"product_tag-kiwi","12":"product_tag-mannelijk","13":"product_tag-mix","14":"product_tag-vrouwelijk","15":"product_tag-zelfbestuivend","16":"pa_ewd_uwcf_colors-mixed","17":"pa_groeihoogte-300-cm","18":"pa_pot-9-cm-pot","20":"first","21":"instock","22":"taxable","23":"shipping-taxable","24":"purchasable","25":"product-type-simple"},"yoast_head":"<!-- This site is optimized with the Yoast SEO plugin v24.2 - https:\/\/yoast.com\/wordpress\/plugins\/seo\/ -->\n<title>Set Van 3 Kiwi&#039;s - Hayward, Solo, Atlas - 2x vrouwelijk, 1x mannelijk - Hoogte 20cm - 9cm pot kopen | Planten eenvoudig online bestellen | Schramas.com<\/title>\n<meta name=\"robots\" content=\"index, follow, max-snippet:-1, max-image-preview:large, max-video-preview:-1\" \/>\n<link rel=\"canonical\" href=\"https:\/\/www.schramas.com\/de\/shop\/set-van-3-kiwis-hayward-solo-atlas-2x-vrouwelijk-1x-mannelijk-hoogte-20cm-9cm-pot\/\" \/>\n<meta property=\"og:locale\" content=\"de_DE\" \/>\n<meta property=\"og:type\" content=\"article\" \/>\n<meta property=\"og:title\" content=\"Set Van 3 Kiwi&#039;s - Hayward, Solo, Atlas - 2x vrouwelijk, 1x mannelijk - Hoogte 20cm - 9cm pot kopen | Planten eenvoudig online bestellen | Schramas.com\" \/>\n<meta property=\"og:description\" content=\"3x Actinidia deliciosa  2x vrouwelijk, 1x mannelijk  Hayward, Solo, Atlas  Max. hoogte ca. 400 cm  Bladverliezend  Winterhard  Geleverd in een 9cm pot\" \/>\n<meta property=\"og:url\" content=\"https:\/\/www.schramas.com\/de\/shop\/set-van-3-kiwis-hayward-solo-atlas-2x-vrouwelijk-1x-mannelijk-hoogte-20cm-9cm-pot\/\" \/>\n<meta property=\"og:site_name\" content=\"Planten eenvoudig online bestellen | Schramas.com\" \/>\n<meta property=\"article:publisher\" content=\"https:\/\/www.facebook.com\/Schramascom-106872874153195\/\" \/>\n<meta property=\"article:modified_time\" content=\"2026-04-30T13:27:05+00:00\" \/>\n<meta property=\"og:image\" content=\"http:\/\/www.schramas.com\/wp-content\/uploads\/2025\/09\/Set-kiwi-p9-pakketdeal-sfeer.webp\" \/>\n\t<meta property=\"og:image:width\" content=\"800\" \/>\n\t<meta property=\"og:image:height\" content=\"800\" \/>\n\t<meta property=\"og:image:type\" content=\"image\/webp\" \/>\n<meta name=\"twitter:card\" content=\"summary_large_image\" \/>\n<meta name=\"twitter:label1\" content=\"Gesch\u00e4tzte Lesezeit\" \/>\n\t<meta name=\"twitter:data1\" content=\"1\u00a0Minute\" \/>\n<script type=\"application\/ld+json\" class=\"yoast-schema-graph\">{\"@context\":\"https:\/\/schema.org\",\"@graph\":[{\"@type\":[\"WebPage\",\"ItemPage\"],\"@id\":\"https:\/\/www.schramas.com\/winkel\/set-van-3-kiwis-hayward-solo-atlas-2x-vrouwelijk-1x-mannelijk-hoogte-20cm-9cm-pot\/\",\"url\":\"https:\/\/www.schramas.com\/winkel\/set-van-3-kiwis-hayward-solo-atlas-2x-vrouwelijk-1x-mannelijk-hoogte-20cm-9cm-pot\/\",\"name\":\"Set Van 3 Kiwi's - Hayward, Solo, Atlas - 2x vrouwelijk, 1x mannelijk - Hoogte 20cm - 9cm pot kopen | Planten eenvoudig online bestellen | Schramas.com\",\"isPartOf\":{\"@id\":\"https:\/\/www.schramas.com\/#website\"},\"primaryImageOfPage\":{\"@id\":\"https:\/\/www.schramas.com\/winkel\/set-van-3-kiwis-hayward-solo-atlas-2x-vrouwelijk-1x-mannelijk-hoogte-20cm-9cm-pot\/#primaryimage\"},\"image\":{\"@id\":\"https:\/\/www.schramas.com\/winkel\/set-van-3-kiwis-hayward-solo-atlas-2x-vrouwelijk-1x-mannelijk-hoogte-20cm-9cm-pot\/#primaryimage\"},\"thumbnailUrl\":\"https:\/\/www.schramas.com\/wp-content\/uploads\/2025\/09\/Set-kiwi-p9-pakketdeal-sfeer.webp\",\"datePublished\":\"2025-09-08T13:10:12+00:00\",\"dateModified\":\"2026-04-30T13:27:05+00:00\",\"breadcrumb\":{\"@id\":\"https:\/\/www.schramas.com\/winkel\/set-van-3-kiwis-hayward-solo-atlas-2x-vrouwelijk-1x-mannelijk-hoogte-20cm-9cm-pot\/#breadcrumb\"},\"inLanguage\":\"de\",\"potentialAction\":[{\"@type\":\"ReadAction\",\"target\":[\"https:\/\/www.schramas.com\/winkel\/set-van-3-kiwis-hayward-solo-atlas-2x-vrouwelijk-1x-mannelijk-hoogte-20cm-9cm-pot\/\"]}]},{\"@type\":\"ImageObject\",\"inLanguage\":\"de\",\"@id\":\"https:\/\/www.schramas.com\/winkel\/set-van-3-kiwis-hayward-solo-atlas-2x-vrouwelijk-1x-mannelijk-hoogte-20cm-9cm-pot\/#primaryimage\",\"url\":\"https:\/\/www.schramas.com\/wp-content\/uploads\/2025\/09\/Set-kiwi-p9-pakketdeal-sfeer.webp\",\"contentUrl\":\"https:\/\/www.schramas.com\/wp-content\/uploads\/2025\/09\/Set-kiwi-p9-pakketdeal-sfeer.webp\",\"width\":800,\"height\":800},{\"@type\":\"BreadcrumbList\",\"@id\":\"https:\/\/www.schramas.com\/winkel\/set-van-3-kiwis-hayward-solo-atlas-2x-vrouwelijk-1x-mannelijk-hoogte-20cm-9cm-pot\/#breadcrumb\",\"itemListElement\":[{\"@type\":\"ListItem\",\"position\":1,\"name\":\"Product\",\"item\":\"https:\/\/www.schramas.com\/assortiment\/\"},{\"@type\":\"ListItem\",\"position\":2,\"name\":\"Bomen &amp; Struiken\",\"item\":\"https:\/\/www.schramas.com\/product-category\/bomen-struiken\/\"},{\"@type\":\"ListItem\",\"position\":3,\"name\":\"Set Van 3 Kiwi&#8217;s &#8211; Hayward, Solo, Atlas &#8211; 2x vrouwelijk, 1x mannelijk &#8211; Hoogte 20cm &#8211; 9cm pot\"}]},{\"@type\":\"WebSite\",\"@id\":\"https:\/\/www.schramas.com\/#website\",\"url\":\"https:\/\/www.schramas.com\/\",\"name\":\"Schramas.com | Tuinplanten eenvoudig online bestellen | Direct van onze Kwekerij\",\"description\":\"\",\"alternateName\":\"Schramas.com - Alle planten direct van de kweker\",\"potentialAction\":[{\"@type\":\"SearchAction\",\"target\":{\"@type\":\"EntryPoint\",\"urlTemplate\":\"https:\/\/www.schramas.com\/?s={search_term_string}\"},\"query-input\":{\"@type\":\"PropertyValueSpecification\",\"valueRequired\":true,\"valueName\":\"search_term_string\"}}],\"inLanguage\":\"de\"}]}<\/script>\n<!-- \/ Yoast SEO plugin. -->","yoast_head_json":{"title":"Set Van 3 Kiwi's - Hayward, Solo, Atlas - 2x vrouwelijk, 1x mannelijk - Hoogte 20cm - 9cm pot kopen | Planten eenvoudig online bestellen | Schramas.com","robots":{"index":"index","follow":"follow","max-snippet":"max-snippet:-1","max-image-preview":"max-image-preview:large","max-video-preview":"max-video-preview:-1"},"canonical":"https:\/\/www.schramas.com\/de\/shop\/set-van-3-kiwis-hayward-solo-atlas-2x-vrouwelijk-1x-mannelijk-hoogte-20cm-9cm-pot\/","og_locale":"de_DE","og_type":"article","og_title":"Set Van 3 Kiwi's - Hayward, Solo, Atlas - 2x vrouwelijk, 1x mannelijk - Hoogte 20cm - 9cm pot kopen | Planten eenvoudig online bestellen | Schramas.com","og_description":"3x Actinidia deliciosa  2x vrouwelijk, 1x mannelijk  Hayward, Solo, Atlas  Max. hoogte ca. 400 cm  Bladverliezend  Winterhard  Geleverd in een 9cm pot","og_url":"https:\/\/www.schramas.com\/de\/shop\/set-van-3-kiwis-hayward-solo-atlas-2x-vrouwelijk-1x-mannelijk-hoogte-20cm-9cm-pot\/","og_site_name":"Planten eenvoudig online bestellen | Schramas.com","article_publisher":"https:\/\/www.facebook.com\/Schramascom-106872874153195\/","article_modified_time":"2026-04-30T13:27:05+00:00","og_image":[{"width":800,"height":800,"url":"http:\/\/www.schramas.com\/wp-content\/uploads\/2025\/09\/Set-kiwi-p9-pakketdeal-sfeer.webp","type":"image\/webp"}],"twitter_card":"summary_large_image","twitter_misc":{"Gesch\u00e4tzte Lesezeit":"1\u00a0Minute"},"schema":{"@context":"https:\/\/schema.org","@graph":[{"@type":["WebPage","ItemPage"],"@id":"https:\/\/www.schramas.com\/winkel\/set-van-3-kiwis-hayward-solo-atlas-2x-vrouwelijk-1x-mannelijk-hoogte-20cm-9cm-pot\/","url":"https:\/\/www.schramas.com\/winkel\/set-van-3-kiwis-hayward-solo-atlas-2x-vrouwelijk-1x-mannelijk-hoogte-20cm-9cm-pot\/","name":"Set Van 3 Kiwi's - Hayward, Solo, Atlas - 2x vrouwelijk, 1x mannelijk - Hoogte 20cm - 9cm pot kopen | Planten eenvoudig online bestellen | Schramas.com","isPartOf":{"@id":"https:\/\/www.schramas.com\/#website"},"primaryImageOfPage":{"@id":"https:\/\/www.schramas.com\/winkel\/set-van-3-kiwis-hayward-solo-atlas-2x-vrouwelijk-1x-mannelijk-hoogte-20cm-9cm-pot\/#primaryimage"},"image":{"@id":"https:\/\/www.schramas.com\/winkel\/set-van-3-kiwis-hayward-solo-atlas-2x-vrouwelijk-1x-mannelijk-hoogte-20cm-9cm-pot\/#primaryimage"},"thumbnailUrl":"https:\/\/www.schramas.com\/wp-content\/uploads\/2025\/09\/Set-kiwi-p9-pakketdeal-sfeer.webp","datePublished":"2025-09-08T13:10:12+00:00","dateModified":"2026-04-30T13:27:05+00:00","breadcrumb":{"@id":"https:\/\/www.schramas.com\/winkel\/set-van-3-kiwis-hayward-solo-atlas-2x-vrouwelijk-1x-mannelijk-hoogte-20cm-9cm-pot\/#breadcrumb"},"inLanguage":"de","potentialAction":[{"@type":"ReadAction","target":["https:\/\/www.schramas.com\/winkel\/set-van-3-kiwis-hayward-solo-atlas-2x-vrouwelijk-1x-mannelijk-hoogte-20cm-9cm-pot\/"]}]},{"@type":"ImageObject","inLanguage":"de","@id":"https:\/\/www.schramas.com\/winkel\/set-van-3-kiwis-hayward-solo-atlas-2x-vrouwelijk-1x-mannelijk-hoogte-20cm-9cm-pot\/#primaryimage","url":"https:\/\/www.schramas.com\/wp-content\/uploads\/2025\/09\/Set-kiwi-p9-pakketdeal-sfeer.webp","contentUrl":"https:\/\/www.schramas.com\/wp-content\/uploads\/2025\/09\/Set-kiwi-p9-pakketdeal-sfeer.webp","width":800,"height":800},{"@type":"BreadcrumbList","@id":"https:\/\/www.schramas.com\/winkel\/set-van-3-kiwis-hayward-solo-atlas-2x-vrouwelijk-1x-mannelijk-hoogte-20cm-9cm-pot\/#breadcrumb","itemListElement":[{"@type":"ListItem","position":1,"name":"Product","item":"https:\/\/www.schramas.com\/assortiment\/"},{"@type":"ListItem","position":2,"name":"Bomen &amp; Struiken","item":"https:\/\/www.schramas.com\/product-category\/bomen-struiken\/"},{"@type":"ListItem","position":3,"name":"Set Van 3 Kiwi&#8217;s &#8211; Hayward, Solo, Atlas &#8211; 2x vrouwelijk, 1x mannelijk &#8211; Hoogte 20cm &#8211; 9cm pot"}]},{"@type":"WebSite","@id":"https:\/\/www.schramas.com\/#website","url":"https:\/\/www.schramas.com\/","name":"Schramas.com | Gartenpflanzen einfach online bestellen | Direkt aus unserer G\u00e4rtnerei","description":"","alternateName":"Schramas.com - Alle planten direct van de kweker","potentialAction":[{"@type":"SearchAction","target":{"@type":"EntryPoint","urlTemplate":"https:\/\/www.schramas.com\/?s={search_term_string}"},"query-input":{"@type":"PropertyValueSpecification","valueRequired":true,"valueName":"search_term_string"}}],"inLanguage":"de"}]}},"_links":{"self":[{"href":"https:\/\/www.schramas.com\/de\/wp-json\/wp\/v2\/product\/59075","targetHints":{"allow":["GET"]}}],"collection":[{"href":"https:\/\/www.schramas.com\/de\/wp-json\/wp\/v2\/product"}],"about":[{"href":"https:\/\/www.schramas.com\/de\/wp-json\/wp\/v2\/types\/product"}],"version-history":[{"count":1,"href":"https:\/\/www.schramas.com\/de\/wp-json\/wp\/v2\/product\/59075\/revisions"}],"predecessor-version":[{"id":59080,"href":"https:\/\/www.schramas.com\/de\/wp-json\/wp\/v2\/product\/59075\/revisions\/59080"}],"wp:featuredmedia":[{"embeddable":true,"href":"https:\/\/www.schramas.com\/de\/wp-json\/wp\/v2\/media\/59076"}],"wp:attachment":[{"href":"https:\/\/www.schramas.com\/de\/wp-json\/wp\/v2\/media?parent=59075"}],"wp:term":[{"taxonomy":"product_brand","embeddable":true,"href":"https:\/\/www.schramas.com\/de\/wp-json\/wp\/v2\/product_brand?post=59075"},{"taxonomy":"product_cat","embeddable":true,"href":"https:\/\/www.schramas.com\/de\/wp-json\/wp\/v2\/product_cat?post=59075"},{"taxonomy":"product_tag","embeddable":true,"href":"https:\/\/www.schramas.com\/de\/wp-json\/wp\/v2\/product_tag?post=59075"}],"curies":[{"name":"wp","href":"https:\/\/api.w.org\/{rel}","templated":true}]}}