{"id":63933,"date":"2025-12-09T12:21:20","date_gmt":"2025-12-09T11:21:20","guid":{"rendered":"https:\/\/www.schramas.com\/?post_type=product&#038;p=63933"},"modified":"2026-04-03T16:31:27","modified_gmt":"2026-04-03T14:31:27","slug":"malus-domestica-alter-apfelbaum-akmene-unterlage-m9-45l-topf-ca-2m","status":"publish","type":"product","link":"https:\/\/www.schramas.com\/de\/shop\/malus-domestica-alter-apfelbaum-akmene-unterlage-m9-45l-topf-ca-2m\/","title":{"rendered":"Malus domestica - Alter Apfelbaum \u2018Akmene\u2019 - Unterlage M9 - 45L Topf - ca. 2m"},"content":{"rendered":"<p data-start=\"141\" data-end=\"302\">Diese \u2018alten\u2019 Apfelb\u00e4ume bieten sofort reife Struktur, Charakter und Ertrag im Garten; ausgewachsene Exemplare in gro\u00dfen T\u00f6pfen, die sofort gepflanzt werden k\u00f6nnen.<\/p>\n<p data-start=\"304\" data-end=\"898\">Die <strong data-start=\"307\" data-end=\"335\">Malus domestica \u2018Akmene\u2019<\/strong> ist eine moderne, gesunde Apfelsorte aus Litauen, die f\u00fcr ihre <strong data-start=\"404\" data-end=\"423\">erfrischend s\u00fc\u00dfer Geschmack<\/strong> mit einem subtilen w\u00fcrzigen Aroma. Die \u00c4pfel sind mittelgro\u00df, fest und sehr gut f\u00fcr den Frischverzehr geeignet, lassen sich aber auch gut zu P\u00fcree, Saft und zum Backen verwenden. Dieser alte Apfelbaum kommt auf eine H\u00f6he von ca. <strong data-start=\"640\" data-end=\"651\">2 Meter<\/strong>, aufgewachsen in einem <strong data-start=\"671\" data-end=\"687\">45-Liter-Topf<\/strong> unter <strong data-start=\"691\" data-end=\"707\">Unterlage M9<\/strong>. Der kompakte Wuchs dieser Unterlage h\u00e4lt den Baum \u00fcberschaubar und <strong data-start=\"786\" data-end=\"816\">wird es bald in Produktion gehen<\/strong>, Ideal f\u00fcr kleinere G\u00e4rten oder f\u00fcr Liebhaber, die geordnete B\u00e4ume bevorzugen.<\/p>\n<p data-start=\"900\" data-end=\"1283\">Akmene bl\u00fcht im Fr\u00fchjahr \u00fcppig mit blassrosa bis wei\u00dfen Bl\u00fcten, die viele Bienen anlocken. Geerntet wird im <strong data-start=\"1026\" data-end=\"1058\">Sp\u00e4tsommer bis Fr\u00fchherbst<\/strong>, Die \u00c4pfel f\u00e4rben sich je nach Sonneneinstrahlung warmgelb bis r\u00f6tlich-rosa. Die Sorte ist <strong data-start=\"1156\" data-end=\"1174\">selbstbest\u00e4ubend<\/strong>, Sie tr\u00e4gt jedoch besser, wenn andere Sorten in der N\u00e4he sind, wie z. B. \u2018Elstar\u2019, \u2018James Grieve\u2019 oder \u2018Santana\u2019.<\/p>\n<p data-start=\"1285\" data-end=\"1684\">Dieser Apfelbaum ist <strong data-start=\"1303\" data-end=\"1317\">hardy<\/strong>, sehr geeignet f\u00fcr das niederl\u00e4ndische Klima und w\u00e4chst am besten auf einem <strong data-start=\"1389\" data-end=\"1436\">sonniger, fruchtbarer und gut durchl\u00e4ssiger Boden<\/strong>. Dank ihrer M9-Unterlage bleibt diese Sorte kompakter und ist damit ideal f\u00fcr kleinere G\u00e4rten, Formschnitt oder intensiven Reihenobstbau. Aufgrund ihres reifen Alters liefert sie sofort Fr\u00fcchte und verleiht dem Garten sofort K\u00f6rper und Charakter.<\/p>\n<p data-start=\"1686\" data-end=\"1760\">F\u00fcr einen sicheren Transport sind diese schweren B\u00e4ume <strong data-start=\"1732\" data-end=\"1759\">auf einer Palette verschickt<\/strong>.<\/p>\n<p data-start=\"1762\" data-end=\"2030\"><strong data-start=\"1762\" data-end=\"1776\">Vorteile:<\/strong><br data-start=\"1776\" data-end=\"1779\" \/>Gro\u00dfer, ausgewachsener Apfelbaum (ca. 2 m hoch)<br data-start=\"1821\" data-end=\"1824\" \/>Unterlage M9: kompakt, handlich und schnell fruchtend<br data-start=\"1879\" data-end=\"1882\" \/>Frisch s\u00fc\u00dfe, feste \u00c4pfel mit leichter Sch\u00e4rfe<br data-start=\"1930\" data-end=\"1933\" \/>Abriebfest und wartungsarm<br data-start=\"1966\" data-end=\"1969\" \/>Widerstandsf\u00e4hig und bienenfreundlich<br data-start=\"1999\" data-end=\"2002\" \/>Sicherer Versand auf Palette<\/p>\n<p data-start=\"2032\" data-end=\"2312\"><strong data-start=\"2032\" data-end=\"2075\">Warum wurde dieser alte Obstbaum ausgew\u00e4hlt?<\/strong><br data-start=\"2075\" data-end=\"2078\" \/>\u2714 Kompakter Wuchs durch den M9-Wurzelstock, ideal f\u00fcr kleinere G\u00e4rten<br data-start=\"2141\" data-end=\"2144\" \/>\u2714 Starke, gesunde Rasse mit nat\u00fcrlicher Krankheitsresistenz<br data-start=\"2197\" data-end=\"2200\" \/>\u2714 Sofort reifer Baum mit schnellem Ertrag<br data-start=\"2244\" data-end=\"2247\" \/>\u2714 Unempfindlich und f\u00fcr eine Vielzahl von Bodenverh\u00e4ltnissen geeignet<\/p>\n<p data-start=\"2314\" data-end=\"2479\"><strong data-start=\"2314\" data-end=\"2335\">Bl\u00fcte &amp; Fr\u00fcchte:<\/strong><br data-start=\"2335\" data-end=\"2338\" \/>Bl\u00fcte im April-Mai; Ernte im <strong data-start=\"2367\" data-end=\"2388\">September-Oktober<\/strong>. Die \u00c4pfel sind frisch-s\u00fc\u00df, fest und aromatisch - geeignet f\u00fcr den Frischverzehr und die Verarbeitung.<\/p>\n<p data-start=\"2481\" data-end=\"2722\"><strong data-start=\"2481\" data-end=\"2510\">Platzierung &amp; Pflege:<\/strong><br data-start=\"2510\" data-end=\"2513\" \/>Sonniger Standort; n\u00e4hrstoffreicher, gut durchl\u00e4ssiger Boden. Nach der Pflanzung regelm\u00e4\u00dfig gie\u00dfen. J\u00e4hrlicher Winterschnitt f\u00f6rdert Form, Luftigkeit und h\u00f6here Produktion. F\u00fcr einen maximalen Ertrag werden Best\u00e4uber empfohlen.<\/p>\n<p data-start=\"2724\" data-end=\"2974\"><strong data-start=\"2724\" data-end=\"2758\">Spezifikationen auf einen Blick<\/strong><br data-start=\"2758\" data-end=\"2761\" \/>- H\u00f6he bei Lieferung: ca. 2 m<br data-start=\"2791\" data-end=\"2794\" \/>- Topfgr\u00f6\u00dfe: 45 L<br data-start=\"2809\" data-end=\"2812\" \/>- Unterlage: M9<br data-start=\"2827\" data-end=\"2830\" \/>- Bl\u00fctezeit: April-Mai<br data-start=\"2848\" data-end=\"2851\" \/>- Erntezeit: September-Oktober<br data-start=\"2877\" data-end=\"2880\" \/>- Port de la plante : kompakte alte Baumstruktur<br data-start=\"2921\" data-end=\"2924\" \/>- Geeignet f\u00fcr: Garten, Hof, kleinere Obstg\u00e4rten<\/p>\n<p data-start=\"2976\" data-end=\"3132\">Unser Akmene auf M9 ist ein gesunder, kompakter und produktiver Apfelbaum, der einen sofortigen Mehrwert f\u00fcr den Garten darstellt. (Der gelieferte Baum kann leicht vom Foto abweichen.)<\/p>","protected":false},"excerpt":{"rendered":"<p>- 1 x Malus domestica \u2018Akmene\u2019 - Unterlage M9 - frisch-s\u00fc\u00dfe, schorfresistente \u00c4pfel<br data-start=\"3291\" data-end=\"3294\" \/>- F\u00f6rderh\u00f6he ca. 2 m - Topfgr\u00f6\u00dfe 45 Liter<br data-start=\"3334\" data-end=\"3337\" \/>- Selbstbefruchtend, h\u00f6herer Ertrag mit \u2018Elstar\u2019 oder \u2018James Grieve\u2019.\u2019<br data-start=\"3402\" data-end=\"3405\" \/>- Ernte im September-Oktober<br data-start=\"3433\" data-end=\"3436\" \/>- Standort: Sonne - fruchtbarer, gut durchl\u00e4ssiger Boden<br data-start=\"3489\" data-end=\"3492\" \/>- Widerstandsf\u00e4higer, kompakter Wuchs durch die M9-Unterlage<br data-start=\"3538\" data-end=\"3541\" \/>- Versand: auf Palette f\u00fcr sicheren Transport<\/p>","protected":false},"featured_media":63928,"template":"","meta":{"_joinchat":[]},"product_brand":[],"product_cat":[233,3716],"product_tag":[3088,3725,3729,3728,3730,4173,4175,3721,691,3722,3720,3114,4174,3732,3727,3104,4176,2179,2215,3719,2214,3724,3718,3726,3113,4178,3731,4177],"class_list":{"0":"post-63933","1":"product","2":"type-product","3":"status-publish","4":"has-post-thumbnail","6":"product_cat-fruitbomen","7":"product_cat-oude-en-grote-fruitbomen","8":"product_tag-alkmene","9":"product_tag-appelbomen-kwekerij","10":"product_tag-appelboom-zelfplukkend","11":"product_tag-appeloogst","12":"product_tag-bestuivende-rassen","13":"product_tag-bitterfeld","14":"product_tag-bramley","15":"product_tag-bramley-appel","16":"product_tag-ecolette","17":"product_tag-elstar-boom","18":"product_tag-fruitboom-45l","19":"product_tag-goudreinet","20":"product_tag-groninger-kroon-appel","21":"product_tag-grote-fruitboom-kopen","22":"product_tag-hoogstam-appel","23":"product_tag-james-grieve","24":"product_tag-m111","25":"product_tag-m9","26":"product_tag-malus-domestica","27":"product_tag-nostalgische-appelrassen","28":"product_tag-notarisappel","29":"product_tag-notenfruitboom-alternatief","30":"product_tag-oude-appelboom","31":"product_tag-pluktuin","32":"product_tag-rode-boskoop","33":"product_tag-sterappel","34":"product_tag-winterharde-appels","35":"product_tag-zoete-emgaard","36":"product_shipping_class-grote-fruitbomen","37":"pa_ewd_uwcf_colors-groen-2","38":"pa_groeihoogte-300-cm","39":"pa_pot-45-liter-pot","41":"first","42":"instock","43":"taxable","44":"shipping-taxable","45":"purchasable","46":"product-type-simple"},"yoast_head":"<!-- This site is optimized with the Yoast SEO plugin v24.2 - https:\/\/yoast.com\/wordpress\/plugins\/seo\/ -->\n<title>Malus domestica - Oude Appelboom &#039;Akmene&#039; - Onderstam M9 - 45L pot - ca. 2m kopen | Planten eenvoudig online bestellen | Schramas.com<\/title>\n<meta name=\"robots\" content=\"index, follow, max-snippet:-1, max-image-preview:large, max-video-preview:-1\" \/>\n<link rel=\"canonical\" href=\"https:\/\/www.schramas.com\/de\/shop\/malus-domestica-alter-apfelbaum-akmene-unterlage-m9-45l-topf-ca-2m\/\" \/>\n<meta property=\"og:locale\" content=\"de_DE\" \/>\n<meta property=\"og:type\" content=\"article\" \/>\n<meta property=\"og:title\" content=\"Malus domestica - Oude Appelboom &#039;Akmene&#039; - Onderstam M9 - 45L pot - ca. 2m kopen | Planten eenvoudig online bestellen | Schramas.com\" \/>\n<meta property=\"og:description\" content=\"\u2022 1 x Malus domestica \u2018Akmene\u2019 \u2013 onderstam M9 \u2013 friszoete, schurftresistente appels\u2022 Leverhoogte ca. 2 m \u2013 potmaat 45 liter\u2022 Zelfbestuivend, hogere opbrengst met \u2018Elstar\u2019 of \u2018James Grieve\u2019\u2022 Oogst in september\u2013oktober\u2022 Standplaats: zon \u2013 voedzame, goed doorlatende grond\u2022 Winterhard, compacte groei door M9-onderstam\u2022 Verzending: op pallet voor veilig transport\" \/>\n<meta property=\"og:url\" content=\"https:\/\/www.schramas.com\/de\/shop\/malus-domestica-alter-apfelbaum-akmene-unterlage-m9-45l-topf-ca-2m\/\" \/>\n<meta property=\"og:site_name\" content=\"Planten eenvoudig online bestellen | Schramas.com\" \/>\n<meta property=\"article:publisher\" content=\"https:\/\/www.facebook.com\/Schramascom-106872874153195\/\" \/>\n<meta property=\"article:modified_time\" content=\"2026-04-03T14:31:27+00:00\" \/>\n<meta property=\"og:image\" content=\"http:\/\/www.schramas.com\/wp-content\/uploads\/2025\/12\/IMG20250822153012-scaled.jpg\" \/>\n\t<meta property=\"og:image:width\" content=\"1920\" \/>\n\t<meta property=\"og:image:height\" content=\"2560\" \/>\n\t<meta property=\"og:image:type\" content=\"image\/jpeg\" \/>\n<meta name=\"twitter:card\" content=\"summary_large_image\" \/>\n<meta name=\"twitter:label1\" content=\"Gesch\u00e4tzte Lesezeit\" \/>\n\t<meta name=\"twitter:data1\" content=\"1\u00a0Minute\" \/>\n<script type=\"application\/ld+json\" class=\"yoast-schema-graph\">{\"@context\":\"https:\/\/schema.org\",\"@graph\":[{\"@type\":[\"WebPage\",\"ItemPage\"],\"@id\":\"https:\/\/www.schramas.com\/winkel\/malus-domestica-oude-appelboom-akmene-onderstam-m9-45l-pot-ca-2m\/\",\"url\":\"https:\/\/www.schramas.com\/winkel\/malus-domestica-oude-appelboom-akmene-onderstam-m9-45l-pot-ca-2m\/\",\"name\":\"Malus domestica - Oude Appelboom 'Akmene' - Onderstam M9 - 45L pot - ca. 2m kopen | Planten eenvoudig online bestellen | Schramas.com\",\"isPartOf\":{\"@id\":\"https:\/\/www.schramas.com\/#website\"},\"primaryImageOfPage\":{\"@id\":\"https:\/\/www.schramas.com\/winkel\/malus-domestica-oude-appelboom-akmene-onderstam-m9-45l-pot-ca-2m\/#primaryimage\"},\"image\":{\"@id\":\"https:\/\/www.schramas.com\/winkel\/malus-domestica-oude-appelboom-akmene-onderstam-m9-45l-pot-ca-2m\/#primaryimage\"},\"thumbnailUrl\":\"https:\/\/www.schramas.com\/wp-content\/uploads\/2025\/12\/IMG20250822153012-scaled.jpg\",\"datePublished\":\"2025-12-09T11:21:20+00:00\",\"dateModified\":\"2026-04-03T14:31:27+00:00\",\"breadcrumb\":{\"@id\":\"https:\/\/www.schramas.com\/winkel\/malus-domestica-oude-appelboom-akmene-onderstam-m9-45l-pot-ca-2m\/#breadcrumb\"},\"inLanguage\":\"de\",\"potentialAction\":[{\"@type\":\"ReadAction\",\"target\":[\"https:\/\/www.schramas.com\/winkel\/malus-domestica-oude-appelboom-akmene-onderstam-m9-45l-pot-ca-2m\/\"]}]},{\"@type\":\"ImageObject\",\"inLanguage\":\"de\",\"@id\":\"https:\/\/www.schramas.com\/winkel\/malus-domestica-oude-appelboom-akmene-onderstam-m9-45l-pot-ca-2m\/#primaryimage\",\"url\":\"https:\/\/www.schramas.com\/wp-content\/uploads\/2025\/12\/IMG20250822153012-scaled.jpg\",\"contentUrl\":\"https:\/\/www.schramas.com\/wp-content\/uploads\/2025\/12\/IMG20250822153012-scaled.jpg\",\"width\":1920,\"height\":2560,\"caption\":\"oplus_3211314\"},{\"@type\":\"BreadcrumbList\",\"@id\":\"https:\/\/www.schramas.com\/winkel\/malus-domestica-oude-appelboom-akmene-onderstam-m9-45l-pot-ca-2m\/#breadcrumb\",\"itemListElement\":[{\"@type\":\"ListItem\",\"position\":1,\"name\":\"Product\",\"item\":\"https:\/\/www.schramas.com\/assortiment\/\"},{\"@type\":\"ListItem\",\"position\":2,\"name\":\"Bomen &amp; Struiken\",\"item\":\"https:\/\/www.schramas.com\/product-category\/bomen-struiken\/\"},{\"@type\":\"ListItem\",\"position\":3,\"name\":\"Fruitbomen\",\"item\":\"https:\/\/www.schramas.com\/product-category\/bomen-struiken\/fruitbomen\/\"},{\"@type\":\"ListItem\",\"position\":4,\"name\":\"Oude\/grote fruitbomen\",\"item\":\"https:\/\/www.schramas.com\/product-category\/bomen-struiken\/fruitbomen\/oude-en-grote-fruitbomen\/\"},{\"@type\":\"ListItem\",\"position\":5,\"name\":\"Malus domestica &#8211; Oude Appelboom &#8216;Akmene&#8217; &#8211; Onderstam M9 &#8211; 45L pot &#8211; ca. 2m\"}]},{\"@type\":\"WebSite\",\"@id\":\"https:\/\/www.schramas.com\/#website\",\"url\":\"https:\/\/www.schramas.com\/\",\"name\":\"Schramas.com | Tuinplanten eenvoudig online bestellen | Direct van onze Kwekerij\",\"description\":\"\",\"alternateName\":\"Schramas.com - Alle planten direct van de kweker\",\"potentialAction\":[{\"@type\":\"SearchAction\",\"target\":{\"@type\":\"EntryPoint\",\"urlTemplate\":\"https:\/\/www.schramas.com\/?s={search_term_string}\"},\"query-input\":{\"@type\":\"PropertyValueSpecification\",\"valueRequired\":true,\"valueName\":\"search_term_string\"}}],\"inLanguage\":\"de\"}]}<\/script>\n<!-- \/ Yoast SEO plugin. -->","yoast_head_json":{"title":"Malus domestica - Alter Apfelbaum 'Akmene' - Unterlage M9 - 45L Topf - ca. 2m kaufen | Pflanzen einfach online bestellen | Schramas.de","robots":{"index":"index","follow":"follow","max-snippet":"max-snippet:-1","max-image-preview":"max-image-preview:large","max-video-preview":"max-video-preview:-1"},"canonical":"https:\/\/www.schramas.com\/de\/shop\/malus-domestica-alter-apfelbaum-akmene-unterlage-m9-45l-topf-ca-2m\/","og_locale":"de_DE","og_type":"article","og_title":"Malus domestica - Oude Appelboom 'Akmene' - Onderstam M9 - 45L pot - ca. 2m kopen | Planten eenvoudig online bestellen | Schramas.com","og_description":"\u2022 1 x Malus domestica \u2018Akmene\u2019 \u2013 onderstam M9 \u2013 friszoete, schurftresistente appels\u2022 Leverhoogte ca. 2 m \u2013 potmaat 45 liter\u2022 Zelfbestuivend, hogere opbrengst met \u2018Elstar\u2019 of \u2018James Grieve\u2019\u2022 Oogst in september\u2013oktober\u2022 Standplaats: zon \u2013 voedzame, goed doorlatende grond\u2022 Winterhard, compacte groei door M9-onderstam\u2022 Verzending: op pallet voor veilig transport","og_url":"https:\/\/www.schramas.com\/de\/shop\/malus-domestica-alter-apfelbaum-akmene-unterlage-m9-45l-topf-ca-2m\/","og_site_name":"Planten eenvoudig online bestellen | Schramas.com","article_publisher":"https:\/\/www.facebook.com\/Schramascom-106872874153195\/","article_modified_time":"2026-04-03T14:31:27+00:00","og_image":[{"width":1920,"height":2560,"url":"http:\/\/www.schramas.com\/wp-content\/uploads\/2025\/12\/IMG20250822153012-scaled.jpg","type":"image\/jpeg"}],"twitter_card":"summary_large_image","twitter_misc":{"Gesch\u00e4tzte Lesezeit":"1\u00a0Minute"},"schema":{"@context":"https:\/\/schema.org","@graph":[{"@type":["WebPage","ItemPage"],"@id":"https:\/\/www.schramas.com\/winkel\/malus-domestica-oude-appelboom-akmene-onderstam-m9-45l-pot-ca-2m\/","url":"https:\/\/www.schramas.com\/winkel\/malus-domestica-oude-appelboom-akmene-onderstam-m9-45l-pot-ca-2m\/","name":"Malus domestica - Alter Apfelbaum 'Akmene' - Unterlage M9 - 45L Topf - ca. 2m kaufen | Pflanzen einfach online bestellen | Schramas.de","isPartOf":{"@id":"https:\/\/www.schramas.com\/#website"},"primaryImageOfPage":{"@id":"https:\/\/www.schramas.com\/winkel\/malus-domestica-oude-appelboom-akmene-onderstam-m9-45l-pot-ca-2m\/#primaryimage"},"image":{"@id":"https:\/\/www.schramas.com\/winkel\/malus-domestica-oude-appelboom-akmene-onderstam-m9-45l-pot-ca-2m\/#primaryimage"},"thumbnailUrl":"https:\/\/www.schramas.com\/wp-content\/uploads\/2025\/12\/IMG20250822153012-scaled.jpg","datePublished":"2025-12-09T11:21:20+00:00","dateModified":"2026-04-03T14:31:27+00:00","breadcrumb":{"@id":"https:\/\/www.schramas.com\/winkel\/malus-domestica-oude-appelboom-akmene-onderstam-m9-45l-pot-ca-2m\/#breadcrumb"},"inLanguage":"de","potentialAction":[{"@type":"ReadAction","target":["https:\/\/www.schramas.com\/winkel\/malus-domestica-oude-appelboom-akmene-onderstam-m9-45l-pot-ca-2m\/"]}]},{"@type":"ImageObject","inLanguage":"de","@id":"https:\/\/www.schramas.com\/winkel\/malus-domestica-oude-appelboom-akmene-onderstam-m9-45l-pot-ca-2m\/#primaryimage","url":"https:\/\/www.schramas.com\/wp-content\/uploads\/2025\/12\/IMG20250822153012-scaled.jpg","contentUrl":"https:\/\/www.schramas.com\/wp-content\/uploads\/2025\/12\/IMG20250822153012-scaled.jpg","width":1920,"height":2560,"caption":"oplus_3211314"},{"@type":"BreadcrumbList","@id":"https:\/\/www.schramas.com\/winkel\/malus-domestica-oude-appelboom-akmene-onderstam-m9-45l-pot-ca-2m\/#breadcrumb","itemListElement":[{"@type":"ListItem","position":1,"name":"Product","item":"https:\/\/www.schramas.com\/assortiment\/"},{"@type":"ListItem","position":2,"name":"Bomen &amp; Struiken","item":"https:\/\/www.schramas.com\/product-category\/bomen-struiken\/"},{"@type":"ListItem","position":3,"name":"Fruitbomen","item":"https:\/\/www.schramas.com\/product-category\/bomen-struiken\/fruitbomen\/"},{"@type":"ListItem","position":4,"name":"Oude\/grote fruitbomen","item":"https:\/\/www.schramas.com\/product-category\/bomen-struiken\/fruitbomen\/oude-en-grote-fruitbomen\/"},{"@type":"ListItem","position":5,"name":"Malus domestica &#8211; Oude Appelboom &#8216;Akmene&#8217; &#8211; Onderstam M9 &#8211; 45L pot &#8211; ca. 2m"}]},{"@type":"WebSite","@id":"https:\/\/www.schramas.com\/#website","url":"https:\/\/www.schramas.com\/","name":"Schramas.com | Gartenpflanzen einfach online bestellen | Direkt aus unserer G\u00e4rtnerei","description":"","alternateName":"Schramas.com - Alle planten direct van de kweker","potentialAction":[{"@type":"SearchAction","target":{"@type":"EntryPoint","urlTemplate":"https:\/\/www.schramas.com\/?s={search_term_string}"},"query-input":{"@type":"PropertyValueSpecification","valueRequired":true,"valueName":"search_term_string"}}],"inLanguage":"de"}]}},"_links":{"self":[{"href":"https:\/\/www.schramas.com\/de\/wp-json\/wp\/v2\/product\/63933","targetHints":{"allow":["GET"]}}],"collection":[{"href":"https:\/\/www.schramas.com\/de\/wp-json\/wp\/v2\/product"}],"about":[{"href":"https:\/\/www.schramas.com\/de\/wp-json\/wp\/v2\/types\/product"}],"version-history":[{"count":1,"href":"https:\/\/www.schramas.com\/de\/wp-json\/wp\/v2\/product\/63933\/revisions"}],"predecessor-version":[{"id":63934,"href":"https:\/\/www.schramas.com\/de\/wp-json\/wp\/v2\/product\/63933\/revisions\/63934"}],"wp:featuredmedia":[{"embeddable":true,"href":"https:\/\/www.schramas.com\/de\/wp-json\/wp\/v2\/media\/63928"}],"wp:attachment":[{"href":"https:\/\/www.schramas.com\/de\/wp-json\/wp\/v2\/media?parent=63933"}],"wp:term":[{"taxonomy":"product_brand","embeddable":true,"href":"https:\/\/www.schramas.com\/de\/wp-json\/wp\/v2\/product_brand?post=63933"},{"taxonomy":"product_cat","embeddable":true,"href":"https:\/\/www.schramas.com\/de\/wp-json\/wp\/v2\/product_cat?post=63933"},{"taxonomy":"product_tag","embeddable":true,"href":"https:\/\/www.schramas.com\/de\/wp-json\/wp\/v2\/product_tag?post=63933"}],"curies":[{"name":"wp","href":"https:\/\/api.w.org\/{rel}","templated":true}]}}