{"id":64204,"date":"2025-12-12T16:13:11","date_gmt":"2025-12-12T15:13:11","guid":{"rendered":"https:\/\/www.schramas.com\/?post_type=product&#038;p=64204"},"modified":"2026-03-26T16:38:51","modified_gmt":"2026-03-26T15:38:51","slug":"pyrus-communis-familie-alter-birnbaum-mit-5-arten-auf-1-baum-45l-topf-ca-2m","status":"publish","type":"product","link":"https:\/\/www.schramas.com\/de\/shop\/pyrus-communis-familie-alter-birnbaum-mit-5-arten-auf-1-baum-45l-topf-ca-2m\/","title":{"rendered":"Pyrus communis \u2018Family\u2019 - Alter Birnbaum mit 5 Arten auf 1 Baum - 45L Topf - ca. 2m"},"content":{"rendered":"<p data-start=\"180\" data-end=\"341\">Diese \u2018alten\u2019 Birnb\u00e4ume bieten sofort eine reife Struktur, Charakter und Ertrag im Garten; ausgewachsene Exemplare in ger\u00e4umigen T\u00f6pfen, die sofort gepflanzt werden k\u00f6nnen.<\/p>\n<p data-start=\"343\" data-end=\"928\">Die <strong data-start=\"346\" data-end=\"373\">Pyrus communis \u2018Familie\u2019<\/strong> ist ein besonderer und exklusiver Birnbaum, auf dem <strong data-start=\"423\" data-end=\"457\">f\u00fcnf verschiedene Birnensorten<\/strong> miteinander veredelt wurden. Dieser einzigartige Baum ist speziell f\u00fcr Familien und Enthusiasten kuratiert, die genie\u00dfen wollen <strong data-start=\"571\" data-end=\"606\">verschiedene Geschmacksrichtungen und Anwendungen<\/strong>, ohne mehrere B\u00e4ume pflanzen zu m\u00fcssen. An diesem Baum wachsen die Sorten <strong data-start=\"680\" data-end=\"759\">Konferenz, Gieser Wildeman, Doyenn\u00e9 du Comice, Beurr\u00e9 Hardy und Clara Frijs<\/strong>. Der Baum wird in einer H\u00f6he von etwa <strong data-start=\"808\" data-end=\"819\">2 Meter<\/strong>, gewachsen in einem <strong data-start=\"837\" data-end=\"853\">45-Liter-Topf<\/strong> und ist bereits vollst\u00e4ndig mit mehreren, gleichm\u00e4\u00dfig verteilten Pfropf\u00e4sten aufgebaut.<\/p>\n<p data-start=\"930\" data-end=\"1482\">Im Fr\u00fchjahr bl\u00fcht der Familienbirnbaum reichlich mit wei\u00dfen Bl\u00fcten. Da mehrere Sorten zur gleichen Zeit bl\u00fchen, gibt es <strong data-start=\"1049\" data-end=\"1074\">gegenseitige Befruchtung<\/strong> Platz, was einen zuverl\u00e4ssigen Fruchtansatz gew\u00e4hrleistet. Im Laufe der Saison entwickelt sich eine vielf\u00e4ltige Ernte: von der frischen Sommerbirne <strong data-start=\"1219\" data-end=\"1234\">Clara Frijs<\/strong>, \u00fcber die aromatische <strong data-start=\"1255\" data-end=\"1271\">Beurre Hardy<\/strong> und die buttrige <strong data-start=\"1290\" data-end=\"1311\">Doyenne du Comice<\/strong>, zur ber\u00fchmten Handbirne <strong data-start=\"1337\" data-end=\"1351\">Konferenz<\/strong> und die klassische Schmorbirne <strong data-start=\"1378\" data-end=\"1397\">Gieser Wildemann<\/strong>. Dies bietet eine <strong data-start=\"1418\" data-end=\"1453\">lange und gestaffelte Erntezeit<\/strong> und viel Abwechslung in der Nutzung.<\/p>\n<p data-start=\"1484\" data-end=\"1823\">Dieser Birnbaum ist <strong data-start=\"1502\" data-end=\"1516\">hardy<\/strong>, Sie ist gut an das niederl\u00e4ndische Klima angepasst und w\u00e4chst am besten auf einem <strong data-start=\"1588\" data-end=\"1635\">sonniger, fruchtbarer und gut durchl\u00e4ssiger Boden<\/strong>. Sein reifes Alter macht den Baum sofort produktiv und macht ihn zu einem echten Blickfang im Garten. Ideal f\u00fcr Familien, kleinere G\u00e4rten oder f\u00fcr diejenigen, die die maximale Ernte von einem Baum erhalten m\u00f6chten.<\/p>\n<p data-start=\"1825\" data-end=\"1899\">F\u00fcr einen sicheren Transport sind diese schweren B\u00e4ume <strong data-start=\"1871\" data-end=\"1898\">auf einer Palette verschickt<\/strong>.<\/p>\n<p data-start=\"1901\" data-end=\"2192\"><strong data-start=\"1901\" data-end=\"1915\">Vorteile:<\/strong><br data-start=\"1915\" data-end=\"1918\" \/>Einzigartiger Familienbirnbaum mit 5 Birnensorten an einem Stamm<br data-start=\"1972\" data-end=\"1975\" \/>Unterschiede in Geschmack, Verwendung und Erntezeitpunkt<br data-start=\"2014\" data-end=\"2017\" \/>Gegenseitige Best\u00e4ubung f\u00fcr sichere Ertr\u00e4ge<br data-start=\"2065\" data-end=\"2068\" \/>Ausgewachsener Baum (ca. 2 m hoch) mit direkter Fruchtbildung<br data-start=\"2123\" data-end=\"2126\" \/>Widerstandsf\u00e4hig und pflegeleicht<br data-start=\"2161\" data-end=\"2164\" \/>Sicherer Versand auf Palette<\/p>\n<p data-start=\"2194\" data-end=\"2419\"><strong data-start=\"2194\" data-end=\"2237\">Warum wurde dieser alte Obstbaum ausgew\u00e4hlt?<\/strong><br data-start=\"2237\" data-end=\"2240\" \/>\u2714 Ein Baum, f\u00fcnf verschiedene Birnensorten<br data-start=\"2282\" data-end=\"2285\" \/>\u2714 Ideal f\u00fcr Familien und kleinere G\u00e4rten<br data-start=\"2326\" data-end=\"2329\" \/>\u2714 Lange Erntezeit von Sommer bis Herbst<br data-start=\"2370\" data-end=\"2373\" \/>\u2714 Sofort reifer Baum mit schnellem Ertrag<\/p>\n<p data-start=\"2421\" data-end=\"2737\"><strong data-start=\"2421\" data-end=\"2442\">Bl\u00fcte &amp; Fr\u00fcchte:<\/strong><br data-start=\"2442\" data-end=\"2445\" \/>Bl\u00fcte im April; Ernte gestaffelt von <strong data-start=\"2480\" data-end=\"2504\">August bis Oktober<\/strong>, je nach Rasse.<br data-start=\"2530\" data-end=\"2533\" \/>- Clara Frijs: fr\u00fch, frisch-s\u00fc\u00df<br data-start=\"2563\" data-end=\"2566\" \/>- Beurr\u00e9 Hardy: aromatisch und saftig<br data-start=\"2602\" data-end=\"2605\" \/>- Doyenn\u00e9 du Comice: buttrig weich und voller Geschmack<br data-start=\"2653\" data-end=\"2656\" \/>- Konferenz: s\u00fc\u00df und gut haltbar<br data-start=\"2693\" data-end=\"2696\" \/>- Gieser Wildeman: ideal als Schmorbirne<\/p>\n<p data-start=\"2739\" data-end=\"2984\"><strong data-start=\"2739\" data-end=\"2768\">Platzierung &amp; Pflege:<\/strong><br data-start=\"2768\" data-end=\"2771\" \/>Sonniger Standort; n\u00e4hrstoffreicher, gut durchl\u00e4ssiger Boden. Nach der Pflanzung regelm\u00e4\u00dfig gie\u00dfen. Ein j\u00e4hrlicher Winterschnitt ist wichtig, um die verschiedenen Sorten auszugleichen und ein gleichm\u00e4\u00dfiges Wachstum zu gew\u00e4hrleisten.<\/p>\n<p data-start=\"2986\" data-end=\"3244\"><strong data-start=\"2986\" data-end=\"3020\">Spezifikationen auf einen Blick<\/strong><br data-start=\"3020\" data-end=\"3023\" \/>- H\u00f6he bei Lieferung: ca. 2 m<br data-start=\"3053\" data-end=\"3056\" \/>- Topfgr\u00f6\u00dfe: 45 L<br data-start=\"3071\" data-end=\"3074\" \/>- Anzahl der Sorten: 5 Birnensorten an einem Baum<br data-start=\"3117\" data-end=\"3120\" \/>- Bl\u00fctezeit: April<br data-start=\"3134\" data-end=\"3137\" \/>- Erntezeit: August-Oktober<br data-start=\"3162\" data-end=\"3165\" \/>- Port de la plante : veredelter Mehrsortenbaum<br data-start=\"3201\" data-end=\"3204\" \/>- Geeignet f\u00fcr: Garten, Hof, Familiengarten<\/p>\n<p data-start=\"3246\" data-end=\"3437\">Die <strong data-start=\"3249\" data-end=\"3276\">Pyrus communis \u2018Familie\u2019<\/strong> ist ein einzigartiger, charaktervoller und \u00e4u\u00dferst praktischer Birnbaum, der der ganzen Familie jahrelang Freude an der Ernte bereitet. (Der gelieferte Baum kann leicht vom Foto abweichen).<\/p>","protected":false},"excerpt":{"rendered":"<p>- 1 x Pyrus communis \u2018Family\u2019 - 5 Birnensorten an einem Baum<br data-start=\"3582\" data-end=\"3585\" \/>- F\u00f6rderh\u00f6he ca. 2 m - Topfgr\u00f6\u00dfe 45 Liter<br data-start=\"3625\" data-end=\"3628\" \/>- Sorten: Conference, Gieser Wildeman, Doyenn\u00e9 du Comice, Beurr\u00e9 Hardy, Clara Frijs<br data-start=\"3711\" data-end=\"3714\" \/>- Lange Erntezeit: August-Oktober<br data-start=\"3752\" data-end=\"3755\" \/>- Standort: Sonne - fruchtbarer, gut durchl\u00e4ssiger Boden<br data-start=\"3808\" data-end=\"3811\" \/>- Hardy, sofort produktiv<br data-start=\"3842\" data-end=\"3845\" \/>- Versand: auf Palette f\u00fcr sicheren Transport<\/p>","protected":false},"featured_media":64205,"template":"","meta":{"_joinchat":[]},"product_brand":[],"product_cat":[233,3716],"product_tag":[4289,4290,4288,3738,4286,4213,3846,1599,4215,4287,4196,4214,4216,4202,4191,4190,4194,4192,4208,4193,4209,4207,3844,4203,4204,4189,4205,4210,4199,4197,4195,2339,4206,4201,4211,4212,3312],"class_list":{"0":"post-64204","1":"product","2":"type-product","3":"status-publish","4":"has-post-thumbnail","6":"product_cat-fruitbomen","7":"product_cat-oude-en-grote-fruitbomen","8":"product_tag-bijzondere-perenboom","9":"product_tag-bijzondere-perenboom-kopen","10":"product_tag-buerre-hardy-peren","11":"product_tag-clapps-favourite-perenboom","12":"product_tag-clara-frijs-peren","13":"product_tag-conference-kopen","14":"product_tag-conference-perenboom-kopen","15":"product_tag-doyenne-du-comice","16":"product_tag-doyenne-du-comice-kopen","17":"product_tag-doyenne-du-comice-peren","18":"product_tag-handperen-kopen","19":"product_tag-kirchensaller","20":"product_tag-kruidenierspeer","21":"product_tag-oude-perenbomen-kwekerij","22":"product_tag-oude-perenboom-kopen","23":"product_tag-perenbomen-kopen","24":"product_tag-perenbomen-online-bestellen","25":"product_tag-perenboom-45-liter-pot","26":"product_tag-perenboom-45l-pot","27":"product_tag-perenboom-ba29","28":"product_tag-perenboom-ba29-onderstam","29":"product_tag-perenboom-boomgaard","30":"product_tag-perenboom-direct-van-de-kweker","31":"product_tag-perenboom-directe-levering","32":"product_tag-perenboom-hoge-opbrengst","33":"product_tag-perenboom-kopen","34":"product_tag-perenboom-met-zoete-peren","35":"product_tag-perenboom-rijkdragend","36":"product_tag-perenboom-snoeien","37":"product_tag-perenboom-voor-kleine-tuin","38":"product_tag-pyrus-communis-kopen","39":"product_tag-pyrus-communis-triomphe-de-vienne","40":"product_tag-volwassen-perenboom-in-pot","41":"product_tag-winterharde-perenboom","42":"product_tag-winterjan","43":"product_tag-winterriet-peer-bestellen","44":"product_tag-zelfbestuivende-perenboom","45":"product_shipping_class-grote-fruitbomen","46":"pa_ewd_uwcf_colors-groen-2","47":"pa_groeihoogte-300-cm","48":"pa_pot-45-liter-pot","50":"first","51":"instock","52":"taxable","53":"shipping-taxable","54":"purchasable","55":"product-type-simple"},"yoast_head":"<!-- This site is optimized with the Yoast SEO plugin v24.2 - https:\/\/yoast.com\/wordpress\/plugins\/seo\/ -->\n<title>Pyrus communis &#039;Family&#039; - Oude Perenboom met 5 soorten op 1 boom - 45L pot - ca. 2m kopen | Planten eenvoudig online bestellen | Schramas.com<\/title>\n<meta name=\"robots\" content=\"index, follow, max-snippet:-1, max-image-preview:large, max-video-preview:-1\" \/>\n<link rel=\"canonical\" href=\"https:\/\/www.schramas.com\/de\/shop\/pyrus-communis-familie-alter-birnbaum-mit-5-arten-auf-1-baum-45l-topf-ca-2m\/\" \/>\n<meta property=\"og:locale\" content=\"de_DE\" \/>\n<meta property=\"og:type\" content=\"article\" \/>\n<meta property=\"og:title\" content=\"Pyrus communis &#039;Family&#039; - Oude Perenboom met 5 soorten op 1 boom - 45L pot - ca. 2m kopen | Planten eenvoudig online bestellen | Schramas.com\" \/>\n<meta property=\"og:description\" content=\"\u2022 1 x Pyrus communis \u2018Family\u2019 \u2013 5 perenrassen op \u00e9\u00e9n boom\u2022 Leverhoogte ca. 2 m \u2013 potmaat 45 liter\u2022 Rassen: Conference, Gieser Wildeman, Doyenn\u00e9 du Comice, Beurr\u00e9 Hardy, Clara Frijs\u2022 Lange oogstperiode: augustus\u2013oktober\u2022 Standplaats: zon \u2013 voedzame, goed doorlatende grond\u2022 Winterhard, direct productief\u2022 Verzending: op pallet voor veilig transport\" \/>\n<meta property=\"og:url\" content=\"https:\/\/www.schramas.com\/de\/shop\/pyrus-communis-familie-alter-birnbaum-mit-5-arten-auf-1-baum-45l-topf-ca-2m\/\" \/>\n<meta property=\"og:site_name\" content=\"Planten eenvoudig online bestellen | Schramas.com\" \/>\n<meta property=\"article:publisher\" content=\"https:\/\/www.facebook.com\/Schramascom-106872874153195\/\" \/>\n<meta property=\"article:modified_time\" content=\"2026-03-26T15:38:51+00:00\" \/>\n<meta property=\"og:image\" content=\"http:\/\/www.schramas.com\/wp-content\/uploads\/2025\/12\/IMG20250822155208-scaled.jpg\" \/>\n\t<meta property=\"og:image:width\" content=\"1920\" \/>\n\t<meta property=\"og:image:height\" content=\"2560\" \/>\n\t<meta property=\"og:image:type\" content=\"image\/jpeg\" \/>\n<meta name=\"twitter:card\" content=\"summary_large_image\" \/>\n<meta name=\"twitter:label1\" content=\"Gesch\u00e4tzte Lesezeit\" \/>\n\t<meta name=\"twitter:data1\" content=\"1\u00a0Minute\" \/>\n<script type=\"application\/ld+json\" class=\"yoast-schema-graph\">{\"@context\":\"https:\/\/schema.org\",\"@graph\":[{\"@type\":[\"WebPage\",\"ItemPage\"],\"@id\":\"https:\/\/www.schramas.com\/winkel\/pyrus-communis-family-oude-perenboom-met-5-soorten-op-1-boom-45l-pot-ca-2m\/\",\"url\":\"https:\/\/www.schramas.com\/winkel\/pyrus-communis-family-oude-perenboom-met-5-soorten-op-1-boom-45l-pot-ca-2m\/\",\"name\":\"Pyrus communis 'Family' - Oude Perenboom met 5 soorten op 1 boom - 45L pot - ca. 2m kopen | Planten eenvoudig online bestellen | Schramas.com\",\"isPartOf\":{\"@id\":\"https:\/\/www.schramas.com\/#website\"},\"primaryImageOfPage\":{\"@id\":\"https:\/\/www.schramas.com\/winkel\/pyrus-communis-family-oude-perenboom-met-5-soorten-op-1-boom-45l-pot-ca-2m\/#primaryimage\"},\"image\":{\"@id\":\"https:\/\/www.schramas.com\/winkel\/pyrus-communis-family-oude-perenboom-met-5-soorten-op-1-boom-45l-pot-ca-2m\/#primaryimage\"},\"thumbnailUrl\":\"https:\/\/www.schramas.com\/wp-content\/uploads\/2025\/12\/IMG20250822155208-scaled.jpg\",\"datePublished\":\"2025-12-12T15:13:11+00:00\",\"dateModified\":\"2026-03-26T15:38:51+00:00\",\"breadcrumb\":{\"@id\":\"https:\/\/www.schramas.com\/winkel\/pyrus-communis-family-oude-perenboom-met-5-soorten-op-1-boom-45l-pot-ca-2m\/#breadcrumb\"},\"inLanguage\":\"de\",\"potentialAction\":[{\"@type\":\"ReadAction\",\"target\":[\"https:\/\/www.schramas.com\/winkel\/pyrus-communis-family-oude-perenboom-met-5-soorten-op-1-boom-45l-pot-ca-2m\/\"]}]},{\"@type\":\"ImageObject\",\"inLanguage\":\"de\",\"@id\":\"https:\/\/www.schramas.com\/winkel\/pyrus-communis-family-oude-perenboom-met-5-soorten-op-1-boom-45l-pot-ca-2m\/#primaryimage\",\"url\":\"https:\/\/www.schramas.com\/wp-content\/uploads\/2025\/12\/IMG20250822155208-scaled.jpg\",\"contentUrl\":\"https:\/\/www.schramas.com\/wp-content\/uploads\/2025\/12\/IMG20250822155208-scaled.jpg\",\"width\":1920,\"height\":2560,\"caption\":\"oplus_3211314\"},{\"@type\":\"BreadcrumbList\",\"@id\":\"https:\/\/www.schramas.com\/winkel\/pyrus-communis-family-oude-perenboom-met-5-soorten-op-1-boom-45l-pot-ca-2m\/#breadcrumb\",\"itemListElement\":[{\"@type\":\"ListItem\",\"position\":1,\"name\":\"Product\",\"item\":\"https:\/\/www.schramas.com\/assortiment\/\"},{\"@type\":\"ListItem\",\"position\":2,\"name\":\"Bomen &amp; Struiken\",\"item\":\"https:\/\/www.schramas.com\/product-category\/bomen-struiken\/\"},{\"@type\":\"ListItem\",\"position\":3,\"name\":\"Fruitbomen\",\"item\":\"https:\/\/www.schramas.com\/product-category\/bomen-struiken\/fruitbomen\/\"},{\"@type\":\"ListItem\",\"position\":4,\"name\":\"Oude\/grote fruitbomen\",\"item\":\"https:\/\/www.schramas.com\/product-category\/bomen-struiken\/fruitbomen\/oude-en-grote-fruitbomen\/\"},{\"@type\":\"ListItem\",\"position\":5,\"name\":\"Pyrus communis &#8216;Family&#8217; &#8211; Oude Perenboom met 5 soorten op 1 boom &#8211; 45L pot &#8211; ca. 2m\"}]},{\"@type\":\"WebSite\",\"@id\":\"https:\/\/www.schramas.com\/#website\",\"url\":\"https:\/\/www.schramas.com\/\",\"name\":\"Schramas.com | Tuinplanten eenvoudig online bestellen | Direct van onze Kwekerij\",\"description\":\"\",\"alternateName\":\"Schramas.com - Alle planten direct van de kweker\",\"potentialAction\":[{\"@type\":\"SearchAction\",\"target\":{\"@type\":\"EntryPoint\",\"urlTemplate\":\"https:\/\/www.schramas.com\/?s={search_term_string}\"},\"query-input\":{\"@type\":\"PropertyValueSpecification\",\"valueRequired\":true,\"valueName\":\"search_term_string\"}}],\"inLanguage\":\"de\"}]}<\/script>\n<!-- \/ Yoast SEO plugin. -->","yoast_head_json":{"title":"Pyrus communis 'Family' - Alter Birnbaum mit 5 Arten auf 1 Baum - 45L Topf - ca. 2m kaufen | Pflanzen einfach online bestellen | Schramas.de","robots":{"index":"index","follow":"follow","max-snippet":"max-snippet:-1","max-image-preview":"max-image-preview:large","max-video-preview":"max-video-preview:-1"},"canonical":"https:\/\/www.schramas.com\/de\/shop\/pyrus-communis-familie-alter-birnbaum-mit-5-arten-auf-1-baum-45l-topf-ca-2m\/","og_locale":"de_DE","og_type":"article","og_title":"Pyrus communis 'Family' - Oude Perenboom met 5 soorten op 1 boom - 45L pot - ca. 2m kopen | Planten eenvoudig online bestellen | Schramas.com","og_description":"\u2022 1 x Pyrus communis \u2018Family\u2019 \u2013 5 perenrassen op \u00e9\u00e9n boom\u2022 Leverhoogte ca. 2 m \u2013 potmaat 45 liter\u2022 Rassen: Conference, Gieser Wildeman, Doyenn\u00e9 du Comice, Beurr\u00e9 Hardy, Clara Frijs\u2022 Lange oogstperiode: augustus\u2013oktober\u2022 Standplaats: zon \u2013 voedzame, goed doorlatende grond\u2022 Winterhard, direct productief\u2022 Verzending: op pallet voor veilig transport","og_url":"https:\/\/www.schramas.com\/de\/shop\/pyrus-communis-familie-alter-birnbaum-mit-5-arten-auf-1-baum-45l-topf-ca-2m\/","og_site_name":"Planten eenvoudig online bestellen | Schramas.com","article_publisher":"https:\/\/www.facebook.com\/Schramascom-106872874153195\/","article_modified_time":"2026-03-26T15:38:51+00:00","og_image":[{"width":1920,"height":2560,"url":"http:\/\/www.schramas.com\/wp-content\/uploads\/2025\/12\/IMG20250822155208-scaled.jpg","type":"image\/jpeg"}],"twitter_card":"summary_large_image","twitter_misc":{"Gesch\u00e4tzte Lesezeit":"1\u00a0Minute"},"schema":{"@context":"https:\/\/schema.org","@graph":[{"@type":["WebPage","ItemPage"],"@id":"https:\/\/www.schramas.com\/winkel\/pyrus-communis-family-oude-perenboom-met-5-soorten-op-1-boom-45l-pot-ca-2m\/","url":"https:\/\/www.schramas.com\/winkel\/pyrus-communis-family-oude-perenboom-met-5-soorten-op-1-boom-45l-pot-ca-2m\/","name":"Pyrus communis 'Family' - Alter Birnbaum mit 5 Arten auf 1 Baum - 45L Topf - ca. 2m kaufen | Pflanzen einfach online bestellen | Schramas.de","isPartOf":{"@id":"https:\/\/www.schramas.com\/#website"},"primaryImageOfPage":{"@id":"https:\/\/www.schramas.com\/winkel\/pyrus-communis-family-oude-perenboom-met-5-soorten-op-1-boom-45l-pot-ca-2m\/#primaryimage"},"image":{"@id":"https:\/\/www.schramas.com\/winkel\/pyrus-communis-family-oude-perenboom-met-5-soorten-op-1-boom-45l-pot-ca-2m\/#primaryimage"},"thumbnailUrl":"https:\/\/www.schramas.com\/wp-content\/uploads\/2025\/12\/IMG20250822155208-scaled.jpg","datePublished":"2025-12-12T15:13:11+00:00","dateModified":"2026-03-26T15:38:51+00:00","breadcrumb":{"@id":"https:\/\/www.schramas.com\/winkel\/pyrus-communis-family-oude-perenboom-met-5-soorten-op-1-boom-45l-pot-ca-2m\/#breadcrumb"},"inLanguage":"de","potentialAction":[{"@type":"ReadAction","target":["https:\/\/www.schramas.com\/winkel\/pyrus-communis-family-oude-perenboom-met-5-soorten-op-1-boom-45l-pot-ca-2m\/"]}]},{"@type":"ImageObject","inLanguage":"de","@id":"https:\/\/www.schramas.com\/winkel\/pyrus-communis-family-oude-perenboom-met-5-soorten-op-1-boom-45l-pot-ca-2m\/#primaryimage","url":"https:\/\/www.schramas.com\/wp-content\/uploads\/2025\/12\/IMG20250822155208-scaled.jpg","contentUrl":"https:\/\/www.schramas.com\/wp-content\/uploads\/2025\/12\/IMG20250822155208-scaled.jpg","width":1920,"height":2560,"caption":"oplus_3211314"},{"@type":"BreadcrumbList","@id":"https:\/\/www.schramas.com\/winkel\/pyrus-communis-family-oude-perenboom-met-5-soorten-op-1-boom-45l-pot-ca-2m\/#breadcrumb","itemListElement":[{"@type":"ListItem","position":1,"name":"Product","item":"https:\/\/www.schramas.com\/assortiment\/"},{"@type":"ListItem","position":2,"name":"Bomen &amp; Struiken","item":"https:\/\/www.schramas.com\/product-category\/bomen-struiken\/"},{"@type":"ListItem","position":3,"name":"Fruitbomen","item":"https:\/\/www.schramas.com\/product-category\/bomen-struiken\/fruitbomen\/"},{"@type":"ListItem","position":4,"name":"Oude\/grote fruitbomen","item":"https:\/\/www.schramas.com\/product-category\/bomen-struiken\/fruitbomen\/oude-en-grote-fruitbomen\/"},{"@type":"ListItem","position":5,"name":"Pyrus communis &#8216;Family&#8217; &#8211; Oude Perenboom met 5 soorten op 1 boom &#8211; 45L pot &#8211; ca. 2m"}]},{"@type":"WebSite","@id":"https:\/\/www.schramas.com\/#website","url":"https:\/\/www.schramas.com\/","name":"Schramas.com | Gartenpflanzen einfach online bestellen | Direkt aus unserer G\u00e4rtnerei","description":"","alternateName":"Schramas.com - Alle planten direct van de kweker","potentialAction":[{"@type":"SearchAction","target":{"@type":"EntryPoint","urlTemplate":"https:\/\/www.schramas.com\/?s={search_term_string}"},"query-input":{"@type":"PropertyValueSpecification","valueRequired":true,"valueName":"search_term_string"}}],"inLanguage":"de"}]}},"_links":{"self":[{"href":"https:\/\/www.schramas.com\/de\/wp-json\/wp\/v2\/product\/64204","targetHints":{"allow":["GET"]}}],"collection":[{"href":"https:\/\/www.schramas.com\/de\/wp-json\/wp\/v2\/product"}],"about":[{"href":"https:\/\/www.schramas.com\/de\/wp-json\/wp\/v2\/types\/product"}],"version-history":[{"count":1,"href":"https:\/\/www.schramas.com\/de\/wp-json\/wp\/v2\/product\/64204\/revisions"}],"predecessor-version":[{"id":64212,"href":"https:\/\/www.schramas.com\/de\/wp-json\/wp\/v2\/product\/64204\/revisions\/64212"}],"wp:featuredmedia":[{"embeddable":true,"href":"https:\/\/www.schramas.com\/de\/wp-json\/wp\/v2\/media\/64205"}],"wp:attachment":[{"href":"https:\/\/www.schramas.com\/de\/wp-json\/wp\/v2\/media?parent=64204"}],"wp:term":[{"taxonomy":"product_brand","embeddable":true,"href":"https:\/\/www.schramas.com\/de\/wp-json\/wp\/v2\/product_brand?post=64204"},{"taxonomy":"product_cat","embeddable":true,"href":"https:\/\/www.schramas.com\/de\/wp-json\/wp\/v2\/product_cat?post=64204"},{"taxonomy":"product_tag","embeddable":true,"href":"https:\/\/www.schramas.com\/de\/wp-json\/wp\/v2\/product_tag?post=64204"}],"curies":[{"name":"wp","href":"https:\/\/api.w.org\/{rel}","templated":true}]}}