{"id":8004,"date":"2019-11-15T17:48:33","date_gmt":"2019-11-15T16:48:33","guid":{"rendered":"https:\/\/www.schramas.com\/?post_type=product&#038;p=8004"},"modified":"2026-02-19T10:34:38","modified_gmt":"2026-02-19T09:34:38","slug":"malus-domestica-m9-verpflanzbar","status":"publish","type":"product","link":"https:\/\/www.schramas.com\/de\/shop\/malus-domestica-m9-verpflanzbar\/","title":{"rendered":"Malus domestica M9 8mm+ veredelbar"},"content":{"rendered":"<p>Die Malus Domestica M9 ist die weltweit am h\u00e4ufigsten verwendete und beliebteste Unterlage f\u00fcr Apfelb\u00e4ume. Dieser schwach bis m\u00e4\u00dfig kr\u00e4ftige Wurzelstock ist ideal f\u00fcr den intensiven Obstanbau und wird h\u00e4ufig in Obstg\u00e4rten und kompakten G\u00e4rten verwendet. Auf M9-Wurzelstock veredelte Apfelb\u00e4ume bleiben relativ klein, was sie ideal f\u00fcr begrenzte Platzverh\u00e4ltnisse und eine einfache Pflege macht.<\/p>\n<p>Wesentliche Merkmale:<br \/>\nWuchskraft: Der M9-Wurzelstock reduziert die Wuchskraft des Baumes auf 40% eines S\u00e4mlings, was zu B\u00e4umen mit einer H\u00f6he von etwa 1,8 bis 2,5 Metern f\u00fchrt.<br \/>\nGeeignet f\u00fcr den Intensivanbau: Durch den kompakten Wuchs k\u00f6nnen B\u00e4ume auf einem M9-Wurzelstock dicht nebeneinander gepflanzt werden, mit einem empfohlenen Pflanzabstand von 2 bis 3 Metern.<br \/>\nFr\u00fcher Fruchtansatz: Dieser Wurzelstock f\u00f6rdert eine fr\u00fche Ernte; Die ersten \u00c4pfel erscheinen ab dem zweiten Jahr nach der Pflanzung.<br \/>\nFruchtqualit\u00e4t: M9 f\u00f6rdert eine einheitliche Fruchtgr\u00f6\u00dfe und -farbe und macht die Sorte ideal f\u00fcr den kommerziellen Obstanbau.<br \/>\nUnterst\u00fctzung: Aufgrund der schw\u00e4cheren Wurzelstruktur ist eine dauerhafte Unterst\u00fctzung wie ein Pfosten oder Stock f\u00fcr die Stabilit\u00e4t unerl\u00e4sslich.<br \/>\nAnwendungen:<br \/>\nDer M9-Wurzelstock ist perfekt f\u00fcr den Anbau von:<\/p>\n<p>Kleine Apfelb\u00e4ume wie Spindelb\u00e4ume, Buschb\u00e4ume und Schr\u00e4gb\u00e4ume.<br \/>\nG\u00e4rten und Obstg\u00e4rten mit begrenztem Platzangebot.<br \/>\nVielseitige Apfelsorten, da diese Unterlage mit den meisten Sorten kompatibel ist.<br \/>\nPflege:<br \/>\nDer M9 gedeiht am besten in fruchtbaren, gut durchl\u00e4ssigen B\u00f6den. Sorgen Sie f\u00fcr ausreichend N\u00e4hrstoffe, um den Baum gesund zu halten, und pflanzen Sie ihn an einem Ort, der gem\u00e4\u00dfigten Wintern standh\u00e4lt. Vermeiden Sie extrem kaltes Klima, da der Wurzelstock empfindlich auf starken Frost reagieren kann.<\/p>\n<p>Schlussfolgerung:<br \/>\nDer Malus Domestica M9 ist der Standard im Obstanbau und bietet eine hervorragende Grundlage f\u00fcr gesunde, produktive Apfelb\u00e4ume. Ideal sowohl f\u00fcr den professionellen Z\u00fcchter als auch f\u00fcr den Hobbyg\u00e4rtner.<\/p>","protected":false},"excerpt":{"rendered":"<p>Schwachw\u00fcchsige, winterharte Unterlage, geeignet f\u00fcr niedrige St\u00e4mme.<\/p>","protected":false},"featured_media":8095,"template":"","meta":{"_joinchat":[]},"product_brand":[],"product_cat":[263],"product_tag":[569,2180,1199,2181,568,1015,1874,2182,571],"class_list":{"0":"post-8004","1":"product","2":"type-product","3":"status-publish","4":"has-post-thumbnail","6":"product_cat-malus","7":"product_tag-appel","8":"product_tag-appelboom-onderstam","9":"product_tag-compacte-groei","10":"product_tag-intensieve-teelt","11":"product_tag-onderstam","12":"product_tag-rootstock","13":"product_tag-vroege-vruchtzetting","14":"product_tag-wereldwijd-meest-gebruikt","15":"product_tag-zwak-groeiend","17":"first","18":"outofstock","19":"taxable","20":"shipping-taxable","21":"purchasable","22":"product-type-simple"},"yoast_head":"<!-- This site is optimized with the Yoast SEO plugin v24.2 - https:\/\/yoast.com\/wordpress\/plugins\/seo\/ -->\n<title>Malus domestica M9 8mm+ entbaar kopen | Planten eenvoudig online bestellen | Schramas.com<\/title>\n<meta name=\"robots\" content=\"index, follow, max-snippet:-1, max-image-preview:large, max-video-preview:-1\" \/>\n<link rel=\"canonical\" href=\"https:\/\/www.schramas.com\/de\/shop\/malus-domestica-m9-verpflanzbar\/\" \/>\n<meta property=\"og:locale\" content=\"de_DE\" \/>\n<meta property=\"og:type\" content=\"article\" \/>\n<meta property=\"og:title\" content=\"Malus domestica M9 8mm+ entbaar kopen | Planten eenvoudig online bestellen | Schramas.com\" \/>\n<meta property=\"og:description\" content=\"Zwakgroeiende winterharde onderstam geschikt voor laagstam.\" \/>\n<meta property=\"og:url\" content=\"https:\/\/www.schramas.com\/de\/shop\/malus-domestica-m9-verpflanzbar\/\" \/>\n<meta property=\"og:site_name\" content=\"Planten eenvoudig online bestellen | Schramas.com\" \/>\n<meta property=\"article:publisher\" content=\"https:\/\/www.facebook.com\/Schramascom-106872874153195\/\" \/>\n<meta property=\"article:modified_time\" content=\"2026-02-19T09:34:38+00:00\" \/>\n<meta property=\"og:image\" content=\"http:\/\/www.schramas.com\/wp-content\/uploads\/2019\/11\/IMG-20181029-WA0017.jpg\" \/>\n\t<meta property=\"og:image:width\" content=\"1600\" \/>\n\t<meta property=\"og:image:height\" content=\"900\" \/>\n\t<meta property=\"og:image:type\" content=\"image\/jpeg\" \/>\n<meta name=\"twitter:card\" content=\"summary_large_image\" \/>\n<meta name=\"twitter:label1\" content=\"Gesch\u00e4tzte Lesezeit\" \/>\n\t<meta name=\"twitter:data1\" content=\"1\u00a0Minute\" \/>\n<script type=\"application\/ld+json\" class=\"yoast-schema-graph\">{\"@context\":\"https:\/\/schema.org\",\"@graph\":[{\"@type\":[\"WebPage\",\"ItemPage\"],\"@id\":\"https:\/\/www.schramas.com\/winkel\/malus-domestica-m9-entbaar\/\",\"url\":\"https:\/\/www.schramas.com\/winkel\/malus-domestica-m9-entbaar\/\",\"name\":\"Malus domestica M9 8mm+ entbaar kopen | Planten eenvoudig online bestellen | Schramas.com\",\"isPartOf\":{\"@id\":\"https:\/\/www.schramas.com\/#website\"},\"primaryImageOfPage\":{\"@id\":\"https:\/\/www.schramas.com\/winkel\/malus-domestica-m9-entbaar\/#primaryimage\"},\"image\":{\"@id\":\"https:\/\/www.schramas.com\/winkel\/malus-domestica-m9-entbaar\/#primaryimage\"},\"thumbnailUrl\":\"https:\/\/www.schramas.com\/wp-content\/uploads\/2019\/11\/IMG-20181029-WA0017.jpg\",\"datePublished\":\"2019-11-15T16:48:33+00:00\",\"dateModified\":\"2026-02-19T09:34:38+00:00\",\"breadcrumb\":{\"@id\":\"https:\/\/www.schramas.com\/winkel\/malus-domestica-m9-entbaar\/#breadcrumb\"},\"inLanguage\":\"de\",\"potentialAction\":[{\"@type\":\"ReadAction\",\"target\":[\"https:\/\/www.schramas.com\/winkel\/malus-domestica-m9-entbaar\/\"]}]},{\"@type\":\"ImageObject\",\"inLanguage\":\"de\",\"@id\":\"https:\/\/www.schramas.com\/winkel\/malus-domestica-m9-entbaar\/#primaryimage\",\"url\":\"https:\/\/www.schramas.com\/wp-content\/uploads\/2019\/11\/IMG-20181029-WA0017.jpg\",\"contentUrl\":\"https:\/\/www.schramas.com\/wp-content\/uploads\/2019\/11\/IMG-20181029-WA0017.jpg\",\"width\":1600,\"height\":900},{\"@type\":\"BreadcrumbList\",\"@id\":\"https:\/\/www.schramas.com\/winkel\/malus-domestica-m9-entbaar\/#breadcrumb\",\"itemListElement\":[{\"@type\":\"ListItem\",\"position\":1,\"name\":\"Product\",\"item\":\"https:\/\/www.schramas.com\/assortiment\/\"},{\"@type\":\"ListItem\",\"position\":2,\"name\":\"Zelf kweken \/ Onderstammen\",\"item\":\"https:\/\/www.schramas.com\/product-category\/zelf-kweken\/\"},{\"@type\":\"ListItem\",\"position\":3,\"name\":\"Onderstammen voor Appels\",\"item\":\"https:\/\/www.schramas.com\/product-category\/zelf-kweken\/malus\/\"},{\"@type\":\"ListItem\",\"position\":4,\"name\":\"Malus domestica M9 8mm+ entbaar\"}]},{\"@type\":\"WebSite\",\"@id\":\"https:\/\/www.schramas.com\/#website\",\"url\":\"https:\/\/www.schramas.com\/\",\"name\":\"Schramas.com | Tuinplanten eenvoudig online bestellen | Direct van onze Kwekerij\",\"description\":\"\",\"alternateName\":\"Schramas.com - Alle planten direct van de kweker\",\"potentialAction\":[{\"@type\":\"SearchAction\",\"target\":{\"@type\":\"EntryPoint\",\"urlTemplate\":\"https:\/\/www.schramas.com\/?s={search_term_string}\"},\"query-input\":{\"@type\":\"PropertyValueSpecification\",\"valueRequired\":true,\"valueName\":\"search_term_string\"}}],\"inLanguage\":\"de\"}]}<\/script>\n<!-- \/ Yoast SEO plugin. -->","yoast_head_json":{"title":"Kaufen Sie Malus Domestica M9 8mm+ pfropfbar | Pflanzen einfach online bestellen | Schramas.com","robots":{"index":"index","follow":"follow","max-snippet":"max-snippet:-1","max-image-preview":"max-image-preview:large","max-video-preview":"max-video-preview:-1"},"canonical":"https:\/\/www.schramas.com\/de\/shop\/malus-domestica-m9-verpflanzbar\/","og_locale":"de_DE","og_type":"article","og_title":"Malus domestica M9 8mm+ entbaar kopen | Planten eenvoudig online bestellen | Schramas.com","og_description":"Zwakgroeiende winterharde onderstam geschikt voor laagstam.","og_url":"https:\/\/www.schramas.com\/de\/shop\/malus-domestica-m9-verpflanzbar\/","og_site_name":"Planten eenvoudig online bestellen | Schramas.com","article_publisher":"https:\/\/www.facebook.com\/Schramascom-106872874153195\/","article_modified_time":"2026-02-19T09:34:38+00:00","og_image":[{"width":1600,"height":900,"url":"http:\/\/www.schramas.com\/wp-content\/uploads\/2019\/11\/IMG-20181029-WA0017.jpg","type":"image\/jpeg"}],"twitter_card":"summary_large_image","twitter_misc":{"Gesch\u00e4tzte Lesezeit":"1\u00a0Minute"},"schema":{"@context":"https:\/\/schema.org","@graph":[{"@type":["WebPage","ItemPage"],"@id":"https:\/\/www.schramas.com\/winkel\/malus-domestica-m9-entbaar\/","url":"https:\/\/www.schramas.com\/winkel\/malus-domestica-m9-entbaar\/","name":"Kaufen Sie Malus Domestica M9 8mm+ pfropfbar | Pflanzen einfach online bestellen | Schramas.com","isPartOf":{"@id":"https:\/\/www.schramas.com\/#website"},"primaryImageOfPage":{"@id":"https:\/\/www.schramas.com\/winkel\/malus-domestica-m9-entbaar\/#primaryimage"},"image":{"@id":"https:\/\/www.schramas.com\/winkel\/malus-domestica-m9-entbaar\/#primaryimage"},"thumbnailUrl":"https:\/\/www.schramas.com\/wp-content\/uploads\/2019\/11\/IMG-20181029-WA0017.jpg","datePublished":"2019-11-15T16:48:33+00:00","dateModified":"2026-02-19T09:34:38+00:00","breadcrumb":{"@id":"https:\/\/www.schramas.com\/winkel\/malus-domestica-m9-entbaar\/#breadcrumb"},"inLanguage":"de","potentialAction":[{"@type":"ReadAction","target":["https:\/\/www.schramas.com\/winkel\/malus-domestica-m9-entbaar\/"]}]},{"@type":"ImageObject","inLanguage":"de","@id":"https:\/\/www.schramas.com\/winkel\/malus-domestica-m9-entbaar\/#primaryimage","url":"https:\/\/www.schramas.com\/wp-content\/uploads\/2019\/11\/IMG-20181029-WA0017.jpg","contentUrl":"https:\/\/www.schramas.com\/wp-content\/uploads\/2019\/11\/IMG-20181029-WA0017.jpg","width":1600,"height":900},{"@type":"BreadcrumbList","@id":"https:\/\/www.schramas.com\/winkel\/malus-domestica-m9-entbaar\/#breadcrumb","itemListElement":[{"@type":"ListItem","position":1,"name":"Product","item":"https:\/\/www.schramas.com\/assortiment\/"},{"@type":"ListItem","position":2,"name":"Zelf kweken \/ Onderstammen","item":"https:\/\/www.schramas.com\/product-category\/zelf-kweken\/"},{"@type":"ListItem","position":3,"name":"Onderstammen voor Appels","item":"https:\/\/www.schramas.com\/product-category\/zelf-kweken\/malus\/"},{"@type":"ListItem","position":4,"name":"Malus domestica M9 8mm+ entbaar"}]},{"@type":"WebSite","@id":"https:\/\/www.schramas.com\/#website","url":"https:\/\/www.schramas.com\/","name":"Schramas.com | Gartenpflanzen einfach online bestellen | Direkt aus unserer G\u00e4rtnerei","description":"","alternateName":"Schramas.com - Alle planten direct van de kweker","potentialAction":[{"@type":"SearchAction","target":{"@type":"EntryPoint","urlTemplate":"https:\/\/www.schramas.com\/?s={search_term_string}"},"query-input":{"@type":"PropertyValueSpecification","valueRequired":true,"valueName":"search_term_string"}}],"inLanguage":"de"}]}},"_links":{"self":[{"href":"https:\/\/www.schramas.com\/de\/wp-json\/wp\/v2\/product\/8004","targetHints":{"allow":["GET"]}}],"collection":[{"href":"https:\/\/www.schramas.com\/de\/wp-json\/wp\/v2\/product"}],"about":[{"href":"https:\/\/www.schramas.com\/de\/wp-json\/wp\/v2\/types\/product"}],"version-history":[{"count":1,"href":"https:\/\/www.schramas.com\/de\/wp-json\/wp\/v2\/product\/8004\/revisions"}],"predecessor-version":[{"id":45118,"href":"https:\/\/www.schramas.com\/de\/wp-json\/wp\/v2\/product\/8004\/revisions\/45118"}],"wp:featuredmedia":[{"embeddable":true,"href":"https:\/\/www.schramas.com\/de\/wp-json\/wp\/v2\/media\/8095"}],"wp:attachment":[{"href":"https:\/\/www.schramas.com\/de\/wp-json\/wp\/v2\/media?parent=8004"}],"wp:term":[{"taxonomy":"product_brand","embeddable":true,"href":"https:\/\/www.schramas.com\/de\/wp-json\/wp\/v2\/product_brand?post=8004"},{"taxonomy":"product_cat","embeddable":true,"href":"https:\/\/www.schramas.com\/de\/wp-json\/wp\/v2\/product_cat?post=8004"},{"taxonomy":"product_tag","embeddable":true,"href":"https:\/\/www.schramas.com\/de\/wp-json\/wp\/v2\/product_tag?post=8004"}],"curies":[{"name":"wp","href":"https:\/\/api.w.org\/{rel}","templated":true}]}}