{"id":8046,"date":"2019-11-15T19:46:11","date_gmt":"2019-11-15T18:46:11","guid":{"rendered":"https:\/\/www.schramas.com\/?post_type=product&#038;p=8046"},"modified":"2026-02-19T10:34:33","modified_gmt":"2026-02-19T09:34:33","slug":"prunus-domestica-st-julien-ist-eine-veredelbare-pflanze","status":"publish","type":"product","link":"https:\/\/www.schramas.com\/de\/shop\/prunus-domestica-st-julien-ist-eine-veredelbare-pflanze\/","title":{"rendered":"Prunus domestica St julien A 8mm+ veredelbar"},"content":{"rendered":"<p>Die Prunus Domestica &#039;St. Julien A\u2018 ist ein mittelstarker Wurzelstock, der f\u00fcr seine Vielseitigkeit und Zuverl\u00e4ssigkeit bekannt ist. Dieser Wurzelstock eignet sich f\u00fcr eine Vielzahl von Steinobstsorten wie Pflaumen, Pfirsiche, Nektarinen und einige Aprikosen.<\/p>\n<p>Wesentliche Merkmale:<br \/>\nWuchskraft: Halbw\u00fcchsig, mit einer Gr\u00f6\u00dfe des ausgewachsenen Baumes von etwa 751 TP3T im Vergleich zu einem S\u00e4mling.<br \/>\nKompatibilit\u00e4t: Geeignet f\u00fcr europ\u00e4ische und japanische Pflaumen, Mirabellen, Damaszener Pflaumen und Pfirsiche. Kann auch f\u00fcr Aprikosen verwendet werden, obwohl dies weniger verbreitet ist.<br \/>\nWinterh\u00e4rte: Resistent gegen kaltes Klima und Temperaturschwankungen im Fr\u00fchjahr.<br \/>\nVorteile:<br \/>\nProduktivit\u00e4t: Fr\u00fche Fruchtbildung und guter Fruchtertrag bei ausgezeichneter Gr\u00f6\u00dfe.<br \/>\nSelbstwachsend: Keine dauerhafte Unterst\u00fctzung erforderlich, was die Wartung erleichtert.<br \/>\nWiderstandsf\u00e4higkeit: M\u00e4\u00dfige Resistenz gegen Phytophthora, Bakterienkrebs und Wurzelhalsgallen.<br \/>\nAnwendungen:<br \/>\nBodentypen: Geeignet f\u00fcr eine Vielzahl von B\u00f6den, wobei die Anf\u00e4lligkeit f\u00fcr Wurzelknotennematoden und PTSL (Peach Tree Short-livedness) ber\u00fccksichtigt werden sollte.<br \/>\nKlimazonen: Ideal geeignet f\u00fcr k\u00fchlere Gebiete mit schwankenden Fr\u00fchlingstemperaturen.<br \/>\nSchlussfolgerung:<br \/>\nDie &#039;St. Julien A\u2018 ist eine ausgezeichnete Wahl f\u00fcr Z\u00fcchter, die einen zuverl\u00e4ssigen, mittelstarken Wurzelstock mit breiter Kompatibilit\u00e4t und einer nachgewiesenen Erfolgsbilanz in kalten Klimazonen suchen. Dank seiner Vielseitigkeit und Haltbarkeit ist dieser Wurzelstock nach wie vor eine beliebte Wahl sowohl in gewerblichen als auch in privaten Obstg\u00e4rten.<\/p>","protected":false},"excerpt":{"rendered":"<p>Starkw\u00fcchsiger, winterharter Wurzelstock f\u00fcr Pflaumen und Aprikosen.<\/p>","protected":false},"featured_media":8093,"template":"","meta":{"_joinchat":[]},"product_brand":[],"product_cat":[264],"product_tag":[309,580,568,576,573,1015],"class_list":{"0":"post-8046","1":"product","2":"type-product","3":"status-publish","4":"has-post-thumbnail","6":"product_cat-prunus","7":"product_tag-abrikoos","8":"product_tag-matig-sterk-groeiend","9":"product_tag-onderstam","10":"product_tag-perzik","11":"product_tag-pruim","12":"product_tag-rootstock","14":"first","15":"outofstock","16":"taxable","17":"shipping-taxable","18":"purchasable","19":"product-type-simple"},"yoast_head":"<!-- This site is optimized with the Yoast SEO plugin v24.2 - https:\/\/yoast.com\/wordpress\/plugins\/seo\/ -->\n<title>Prunus domestica St julien A 8mm+ entbaar kopen | Planten eenvoudig online bestellen | Schramas.com<\/title>\n<meta name=\"robots\" content=\"index, follow, max-snippet:-1, max-image-preview:large, max-video-preview:-1\" \/>\n<link rel=\"canonical\" href=\"https:\/\/www.schramas.com\/de\/shop\/prunus-domestica-st-julien-ist-eine-veredelbare-pflanze\/\" \/>\n<meta property=\"og:locale\" content=\"de_DE\" \/>\n<meta property=\"og:type\" content=\"article\" \/>\n<meta property=\"og:title\" content=\"Prunus domestica St julien A 8mm+ entbaar kopen | Planten eenvoudig online bestellen | Schramas.com\" \/>\n<meta property=\"og:description\" content=\"Sterkgroeiende winterharde onderstam geschikt voor pruimen en abrikozen.\" \/>\n<meta property=\"og:url\" content=\"https:\/\/www.schramas.com\/de\/shop\/prunus-domestica-st-julien-ist-eine-veredelbare-pflanze\/\" \/>\n<meta property=\"og:site_name\" content=\"Planten eenvoudig online bestellen | Schramas.com\" \/>\n<meta property=\"article:publisher\" content=\"https:\/\/www.facebook.com\/Schramascom-106872874153195\/\" \/>\n<meta property=\"article:modified_time\" content=\"2026-02-19T09:34:33+00:00\" \/>\n<meta property=\"og:image\" content=\"http:\/\/www.schramas.com\/wp-content\/uploads\/2019\/11\/S766-e1574070682807-scaled.jpg\" \/>\n\t<meta property=\"og:image:width\" content=\"1920\" \/>\n\t<meta property=\"og:image:height\" content=\"2560\" \/>\n\t<meta property=\"og:image:type\" content=\"image\/jpeg\" \/>\n<meta name=\"twitter:card\" content=\"summary_large_image\" \/>\n<meta name=\"twitter:label1\" content=\"Gesch\u00e4tzte Lesezeit\" \/>\n\t<meta name=\"twitter:data1\" content=\"1\u00a0Minute\" \/>\n<script type=\"application\/ld+json\" class=\"yoast-schema-graph\">{\"@context\":\"https:\/\/schema.org\",\"@graph\":[{\"@type\":[\"WebPage\",\"ItemPage\"],\"@id\":\"https:\/\/www.schramas.com\/winkel\/prunus-domestica-st-julien-a-entbaar\/\",\"url\":\"https:\/\/www.schramas.com\/winkel\/prunus-domestica-st-julien-a-entbaar\/\",\"name\":\"Prunus domestica St julien A 8mm+ entbaar kopen | Planten eenvoudig online bestellen | Schramas.com\",\"isPartOf\":{\"@id\":\"https:\/\/www.schramas.com\/#website\"},\"primaryImageOfPage\":{\"@id\":\"https:\/\/www.schramas.com\/winkel\/prunus-domestica-st-julien-a-entbaar\/#primaryimage\"},\"image\":{\"@id\":\"https:\/\/www.schramas.com\/winkel\/prunus-domestica-st-julien-a-entbaar\/#primaryimage\"},\"thumbnailUrl\":\"https:\/\/www.schramas.com\/wp-content\/uploads\/2019\/11\/S766-e1574070682807-scaled.jpg\",\"datePublished\":\"2019-11-15T18:46:11+00:00\",\"dateModified\":\"2026-02-19T09:34:33+00:00\",\"breadcrumb\":{\"@id\":\"https:\/\/www.schramas.com\/winkel\/prunus-domestica-st-julien-a-entbaar\/#breadcrumb\"},\"inLanguage\":\"de\",\"potentialAction\":[{\"@type\":\"ReadAction\",\"target\":[\"https:\/\/www.schramas.com\/winkel\/prunus-domestica-st-julien-a-entbaar\/\"]}]},{\"@type\":\"ImageObject\",\"inLanguage\":\"de\",\"@id\":\"https:\/\/www.schramas.com\/winkel\/prunus-domestica-st-julien-a-entbaar\/#primaryimage\",\"url\":\"https:\/\/www.schramas.com\/wp-content\/uploads\/2019\/11\/S766-e1574070682807-scaled.jpg\",\"contentUrl\":\"https:\/\/www.schramas.com\/wp-content\/uploads\/2019\/11\/S766-e1574070682807-scaled.jpg\",\"width\":1920,\"height\":2560},{\"@type\":\"BreadcrumbList\",\"@id\":\"https:\/\/www.schramas.com\/winkel\/prunus-domestica-st-julien-a-entbaar\/#breadcrumb\",\"itemListElement\":[{\"@type\":\"ListItem\",\"position\":1,\"name\":\"Product\",\"item\":\"https:\/\/www.schramas.com\/assortiment\/\"},{\"@type\":\"ListItem\",\"position\":2,\"name\":\"Zelf kweken \/ Onderstammen\",\"item\":\"https:\/\/www.schramas.com\/product-category\/zelf-kweken\/\"},{\"@type\":\"ListItem\",\"position\":3,\"name\":\"Onderstammen voor pruimen, kersen, abrikozen, nectarines en perziken\",\"item\":\"https:\/\/www.schramas.com\/product-category\/zelf-kweken\/prunus\/\"},{\"@type\":\"ListItem\",\"position\":4,\"name\":\"Prunus domestica St julien A 8mm+ entbaar\"}]},{\"@type\":\"WebSite\",\"@id\":\"https:\/\/www.schramas.com\/#website\",\"url\":\"https:\/\/www.schramas.com\/\",\"name\":\"Schramas.com | Tuinplanten eenvoudig online bestellen | Direct van onze Kwekerij\",\"description\":\"\",\"alternateName\":\"Schramas.com - Alle planten direct van de kweker\",\"potentialAction\":[{\"@type\":\"SearchAction\",\"target\":{\"@type\":\"EntryPoint\",\"urlTemplate\":\"https:\/\/www.schramas.com\/?s={search_term_string}\"},\"query-input\":{\"@type\":\"PropertyValueSpecification\",\"valueRequired\":true,\"valueName\":\"search_term_string\"}}],\"inLanguage\":\"de\"}]}<\/script>\n<!-- \/ Yoast SEO plugin. -->","yoast_head_json":{"title":"Kaufen Sie Prunus Domestica St Julien A 8mm+ veredelbar | Pflanzen einfach online bestellen | Schramas.com","robots":{"index":"index","follow":"follow","max-snippet":"max-snippet:-1","max-image-preview":"max-image-preview:large","max-video-preview":"max-video-preview:-1"},"canonical":"https:\/\/www.schramas.com\/de\/shop\/prunus-domestica-st-julien-ist-eine-veredelbare-pflanze\/","og_locale":"de_DE","og_type":"article","og_title":"Prunus domestica St julien A 8mm+ entbaar kopen | Planten eenvoudig online bestellen | Schramas.com","og_description":"Sterkgroeiende winterharde onderstam geschikt voor pruimen en abrikozen.","og_url":"https:\/\/www.schramas.com\/de\/shop\/prunus-domestica-st-julien-ist-eine-veredelbare-pflanze\/","og_site_name":"Planten eenvoudig online bestellen | Schramas.com","article_publisher":"https:\/\/www.facebook.com\/Schramascom-106872874153195\/","article_modified_time":"2026-02-19T09:34:33+00:00","og_image":[{"width":1920,"height":2560,"url":"http:\/\/www.schramas.com\/wp-content\/uploads\/2019\/11\/S766-e1574070682807-scaled.jpg","type":"image\/jpeg"}],"twitter_card":"summary_large_image","twitter_misc":{"Gesch\u00e4tzte Lesezeit":"1\u00a0Minute"},"schema":{"@context":"https:\/\/schema.org","@graph":[{"@type":["WebPage","ItemPage"],"@id":"https:\/\/www.schramas.com\/winkel\/prunus-domestica-st-julien-a-entbaar\/","url":"https:\/\/www.schramas.com\/winkel\/prunus-domestica-st-julien-a-entbaar\/","name":"Kaufen Sie Prunus Domestica St Julien A 8mm+ veredelbar | Pflanzen einfach online bestellen | Schramas.com","isPartOf":{"@id":"https:\/\/www.schramas.com\/#website"},"primaryImageOfPage":{"@id":"https:\/\/www.schramas.com\/winkel\/prunus-domestica-st-julien-a-entbaar\/#primaryimage"},"image":{"@id":"https:\/\/www.schramas.com\/winkel\/prunus-domestica-st-julien-a-entbaar\/#primaryimage"},"thumbnailUrl":"https:\/\/www.schramas.com\/wp-content\/uploads\/2019\/11\/S766-e1574070682807-scaled.jpg","datePublished":"2019-11-15T18:46:11+00:00","dateModified":"2026-02-19T09:34:33+00:00","breadcrumb":{"@id":"https:\/\/www.schramas.com\/winkel\/prunus-domestica-st-julien-a-entbaar\/#breadcrumb"},"inLanguage":"de","potentialAction":[{"@type":"ReadAction","target":["https:\/\/www.schramas.com\/winkel\/prunus-domestica-st-julien-a-entbaar\/"]}]},{"@type":"ImageObject","inLanguage":"de","@id":"https:\/\/www.schramas.com\/winkel\/prunus-domestica-st-julien-a-entbaar\/#primaryimage","url":"https:\/\/www.schramas.com\/wp-content\/uploads\/2019\/11\/S766-e1574070682807-scaled.jpg","contentUrl":"https:\/\/www.schramas.com\/wp-content\/uploads\/2019\/11\/S766-e1574070682807-scaled.jpg","width":1920,"height":2560},{"@type":"BreadcrumbList","@id":"https:\/\/www.schramas.com\/winkel\/prunus-domestica-st-julien-a-entbaar\/#breadcrumb","itemListElement":[{"@type":"ListItem","position":1,"name":"Product","item":"https:\/\/www.schramas.com\/assortiment\/"},{"@type":"ListItem","position":2,"name":"Zelf kweken \/ Onderstammen","item":"https:\/\/www.schramas.com\/product-category\/zelf-kweken\/"},{"@type":"ListItem","position":3,"name":"Onderstammen voor pruimen, kersen, abrikozen, nectarines en perziken","item":"https:\/\/www.schramas.com\/product-category\/zelf-kweken\/prunus\/"},{"@type":"ListItem","position":4,"name":"Prunus domestica St julien A 8mm+ entbaar"}]},{"@type":"WebSite","@id":"https:\/\/www.schramas.com\/#website","url":"https:\/\/www.schramas.com\/","name":"Schramas.com | Gartenpflanzen einfach online bestellen | Direkt aus unserer G\u00e4rtnerei","description":"","alternateName":"Schramas.com - Alle planten direct van de kweker","potentialAction":[{"@type":"SearchAction","target":{"@type":"EntryPoint","urlTemplate":"https:\/\/www.schramas.com\/?s={search_term_string}"},"query-input":{"@type":"PropertyValueSpecification","valueRequired":true,"valueName":"search_term_string"}}],"inLanguage":"de"}]}},"_links":{"self":[{"href":"https:\/\/www.schramas.com\/de\/wp-json\/wp\/v2\/product\/8046","targetHints":{"allow":["GET"]}}],"collection":[{"href":"https:\/\/www.schramas.com\/de\/wp-json\/wp\/v2\/product"}],"about":[{"href":"https:\/\/www.schramas.com\/de\/wp-json\/wp\/v2\/types\/product"}],"version-history":[{"count":1,"href":"https:\/\/www.schramas.com\/de\/wp-json\/wp\/v2\/product\/8046\/revisions"}],"predecessor-version":[{"id":45131,"href":"https:\/\/www.schramas.com\/de\/wp-json\/wp\/v2\/product\/8046\/revisions\/45131"}],"wp:featuredmedia":[{"embeddable":true,"href":"https:\/\/www.schramas.com\/de\/wp-json\/wp\/v2\/media\/8093"}],"wp:attachment":[{"href":"https:\/\/www.schramas.com\/de\/wp-json\/wp\/v2\/media?parent=8046"}],"wp:term":[{"taxonomy":"product_brand","embeddable":true,"href":"https:\/\/www.schramas.com\/de\/wp-json\/wp\/v2\/product_brand?post=8046"},{"taxonomy":"product_cat","embeddable":true,"href":"https:\/\/www.schramas.com\/de\/wp-json\/wp\/v2\/product_cat?post=8046"},{"taxonomy":"product_tag","embeddable":true,"href":"https:\/\/www.schramas.com\/de\/wp-json\/wp\/v2\/product_tag?post=8046"}],"curies":[{"name":"wp","href":"https:\/\/api.w.org\/{rel}","templated":true}]}}