{"id":8177,"date":"2019-11-18T15:50:15","date_gmt":"2019-11-18T14:50:15","guid":{"rendered":"https:\/\/www.schramas.com\/?post_type=product&#038;p=8177"},"modified":"2026-02-19T10:34:24","modified_gmt":"2026-02-19T09:34:24","slug":"cydonia-oblonga-kwee-ba29","status":"publish","type":"product","link":"https:\/\/www.schramas.com\/de\/shop\/cydonia-oblonga-kwee-ba29\/","title":{"rendered":"Cydonia oblonga Kwee Ba29  <8mm plantgoed"},"content":{"rendered":"<p>Cydonia oblonga 'Kwee BA29' ist eine halbw\u00fcchsige Unterlage, ideal f\u00fcr Birnb\u00e4ume auf weniger fruchtbaren B\u00f6den oder in trockeneren Klimazonen. Diese Unterlage ist st\u00e4rker als die MA- oder Sydo-Unterlage und eignet sich hervorragend f\u00fcr den Intensivanbau und den traditionellen Obstanbau.<\/p>\n<p>Wesentliche Merkmale:<br \/>\nWuchsst\u00e4rke: Halbw\u00fcchsig, geeignet f\u00fcr 3-4 m hohe B\u00e4ume.<br \/>\nFruchtgr\u00f6\u00dfe: Liefert gro\u00dfe, gleichm\u00e4\u00dfige Fr\u00fcchte von hoher Qualit\u00e4t.<br \/>\nKompatibilit\u00e4t: Geeignet f\u00fcr die meisten europ\u00e4ischen Birnensorten, aber nicht f\u00fcr alle.<br \/>\nAnwendungen:<br \/>\nBodenarten: Besonders geeignet f\u00fcr kalkhaltige und trockenere B\u00f6den, wie in S\u00fcdeuropa und im Mittelmeerraum.<br \/>\nKlima: Gedeiht gut unter warmen, trockenen Bedingungen.<br \/>\nVerwendung: Ideal f\u00fcr Str\u00e4ucher, kleine Standardb\u00e4ume und F\u00e4cherformen sowie f\u00fcr Spalier- und Spalierb\u00e4ume.<br \/>\nAnweisungen f\u00fcr die Anpflanzung:<br \/>\nPflanzabstand: Empfohlener Pflanzabstand 3,5-4 Meter.<br \/>\nUnterst\u00fctzung: Bei gut entwickelten B\u00e4umen ist in der Regel keine zus\u00e4tzliche Unterst\u00fctzung erforderlich.<br \/>\nAnbaubedingungen: Auf k\u00fchleren, fruchtbaren B\u00f6den kann eine andere Unterlage, wie z. B. Adams oder MA, bevorzugt werden.<br \/>\nVorteile:<br \/>\nHohe Produktivit\u00e4t: Fr\u00fche und konstante Ertr\u00e4ge mit ausgezeichneter Fruchtqualit\u00e4t.<br \/>\nAnpassungsf\u00e4higkeit: Geeignet f\u00fcr verschiedene Anbausysteme und Bodenverh\u00e4ltnisse.<br \/>\nDauerhaftigkeit: Robust in trockenen und weniger fruchtbaren Bedingungen.<br \/>\nSchlussfolgerung:<br \/>\nDie Kwee BA29 ist eine zuverl\u00e4ssige und vielseitige Wahl f\u00fcr Birnenz\u00fcchter, die starke, produktive B\u00e4ume unter schwierigen Bedingungen anstreben. Mit ihrer Wuchsst\u00e4rke und Anpassungsf\u00e4higkeit ist diese Unterlage eine ausgezeichnete Wahl f\u00fcr den kommerziellen Anbau und f\u00fcr Spezialanwendungen.<\/p>","protected":false},"excerpt":{"rendered":"<p>Starkw\u00fcchsige, winterharte Unterlage f\u00fcr Halb- und Hochst\u00e4mme.<\/p>","protected":false},"featured_media":8080,"template":"","meta":{"_joinchat":[]},"product_brand":[],"product_cat":[266],"product_tag":[568,572,1015,570],"class_list":{"0":"post-8177","1":"product","2":"type-product","3":"status-publish","4":"has-post-thumbnail","6":"product_cat-pyrus","7":"product_tag-onderstam","8":"product_tag-peer","9":"product_tag-rootstock","10":"product_tag-sterk-groeiend","12":"first","13":"outofstock","14":"taxable","15":"shipping-taxable","16":"purchasable","17":"product-type-simple"},"yoast_head":"<!-- This site is optimized with the Yoast SEO plugin v24.2 - https:\/\/yoast.com\/wordpress\/plugins\/seo\/ -->\n<title>Cydonia oblonga Kwee Ba29<\/title>\n<meta name=\"robots\" content=\"index, follow, max-snippet:-1, max-image-preview:large, max-video-preview:-1\" \/>\n<link rel=\"canonical\" href=\"https:\/\/www.schramas.com\/de\/shop\/cydonia-oblonga-kwee-ba29\/\" \/>\n<meta property=\"og:locale\" content=\"de_DE\" \/>\n<meta property=\"og:type\" content=\"article\" \/>\n<meta property=\"og:title\" content=\"Cydonia oblonga Kwee Ba29\" \/>\n<meta property=\"og:description\" content=\"Sterkgroeiende winterharde onderstam voor half en hoogstam.\" \/>\n<meta property=\"og:url\" content=\"https:\/\/www.schramas.com\/de\/shop\/cydonia-oblonga-kwee-ba29\/\" \/>\n<meta property=\"og:site_name\" content=\"Planten eenvoudig online bestellen | Schramas.com\" \/>\n<meta property=\"article:publisher\" content=\"https:\/\/www.facebook.com\/Schramascom-106872874153195\/\" \/>\n<meta property=\"article:modified_time\" content=\"2026-02-19T09:34:24+00:00\" \/>\n<meta property=\"og:image\" content=\"http:\/\/www.schramas.com\/wp-content\/uploads\/2019\/11\/Quince-Mcp2-scaled.jpg\" \/>\n\t<meta property=\"og:image:width\" content=\"2560\" \/>\n\t<meta property=\"og:image:height\" content=\"1920\" \/>\n\t<meta property=\"og:image:type\" content=\"image\/jpeg\" \/>\n<meta name=\"twitter:card\" content=\"summary_large_image\" \/>\n<meta name=\"twitter:label1\" content=\"Gesch\u00e4tzte Lesezeit\" \/>\n\t<meta name=\"twitter:data1\" content=\"1\u00a0Minute\" \/>\n<script type=\"application\/ld+json\" class=\"yoast-schema-graph\">{\"@context\":\"https:\/\/schema.org\",\"@graph\":[{\"@type\":[\"WebPage\",\"ItemPage\"],\"@id\":\"https:\/\/www.schramas.com\/winkel\/cydonia-oblonga-kwee-ba29\/\",\"url\":\"https:\/\/www.schramas.com\/winkel\/cydonia-oblonga-kwee-ba29\/\",\"name\":\"Cydonia oblonga Kwee Ba29\",\"isPartOf\":{\"@id\":\"https:\/\/www.schramas.com\/#website\"},\"primaryImageOfPage\":{\"@id\":\"https:\/\/www.schramas.com\/winkel\/cydonia-oblonga-kwee-ba29\/#primaryimage\"},\"image\":{\"@id\":\"https:\/\/www.schramas.com\/winkel\/cydonia-oblonga-kwee-ba29\/#primaryimage\"},\"thumbnailUrl\":\"https:\/\/www.schramas.com\/wp-content\/uploads\/2019\/11\/Quince-Mcp2-scaled.jpg\",\"datePublished\":\"2019-11-18T14:50:15+00:00\",\"dateModified\":\"2026-02-19T09:34:24+00:00\",\"breadcrumb\":{\"@id\":\"https:\/\/www.schramas.com\/winkel\/cydonia-oblonga-kwee-ba29\/#breadcrumb\"},\"inLanguage\":\"de\",\"potentialAction\":[{\"@type\":\"ReadAction\",\"target\":[\"https:\/\/www.schramas.com\/winkel\/cydonia-oblonga-kwee-ba29\/\"]}]},{\"@type\":\"ImageObject\",\"inLanguage\":\"de\",\"@id\":\"https:\/\/www.schramas.com\/winkel\/cydonia-oblonga-kwee-ba29\/#primaryimage\",\"url\":\"https:\/\/www.schramas.com\/wp-content\/uploads\/2019\/11\/Quince-Mcp2-scaled.jpg\",\"contentUrl\":\"https:\/\/www.schramas.com\/wp-content\/uploads\/2019\/11\/Quince-Mcp2-scaled.jpg\",\"width\":2560,\"height\":1920},{\"@type\":\"BreadcrumbList\",\"@id\":\"https:\/\/www.schramas.com\/winkel\/cydonia-oblonga-kwee-ba29\/#breadcrumb\",\"itemListElement\":[{\"@type\":\"ListItem\",\"position\":1,\"name\":\"Product\",\"item\":\"https:\/\/www.schramas.com\/assortiment\/\"},{\"@type\":\"ListItem\",\"position\":2,\"name\":\"Zelf kweken \/ Onderstammen\",\"item\":\"https:\/\/www.schramas.com\/product-category\/zelf-kweken\/\"},{\"@type\":\"ListItem\",\"position\":3,\"name\":\"Onderstammen voor Peren\",\"item\":\"https:\/\/www.schramas.com\/product-category\/zelf-kweken\/pyrus\/\"},{\"@type\":\"ListItem\",\"position\":4,\"name\":\"Cydonia oblonga Kwee Ba29\"}]},{\"@type\":\"WebSite\",\"@id\":\"https:\/\/www.schramas.com\/#website\",\"url\":\"https:\/\/www.schramas.com\/\",\"name\":\"Schramas.com | Tuinplanten eenvoudig online bestellen | Direct van onze Kwekerij\",\"description\":\"\",\"alternateName\":\"Schramas.com - Alle planten direct van de kweker\",\"potentialAction\":[{\"@type\":\"SearchAction\",\"target\":{\"@type\":\"EntryPoint\",\"urlTemplate\":\"https:\/\/www.schramas.com\/?s={search_term_string}\"},\"query-input\":{\"@type\":\"PropertyValueSpecification\",\"valueRequired\":true,\"valueName\":\"search_term_string\"}}],\"inLanguage\":\"de\"}]}<\/script>\n<!-- \/ Yoast SEO plugin. -->","yoast_head_json":{"title":"Cydonia oblonga Kwee Ba29","robots":{"index":"index","follow":"follow","max-snippet":"max-snippet:-1","max-image-preview":"max-image-preview:large","max-video-preview":"max-video-preview:-1"},"canonical":"https:\/\/www.schramas.com\/de\/shop\/cydonia-oblonga-kwee-ba29\/","og_locale":"de_DE","og_type":"article","og_title":"Cydonia oblonga Kwee Ba29","og_description":"Sterkgroeiende winterharde onderstam voor half en hoogstam.","og_url":"https:\/\/www.schramas.com\/de\/shop\/cydonia-oblonga-kwee-ba29\/","og_site_name":"Planten eenvoudig online bestellen | Schramas.com","article_publisher":"https:\/\/www.facebook.com\/Schramascom-106872874153195\/","article_modified_time":"2026-02-19T09:34:24+00:00","og_image":[{"width":2560,"height":1920,"url":"http:\/\/www.schramas.com\/wp-content\/uploads\/2019\/11\/Quince-Mcp2-scaled.jpg","type":"image\/jpeg"}],"twitter_card":"summary_large_image","twitter_misc":{"Gesch\u00e4tzte Lesezeit":"1\u00a0Minute"},"schema":{"@context":"https:\/\/schema.org","@graph":[{"@type":["WebPage","ItemPage"],"@id":"https:\/\/www.schramas.com\/winkel\/cydonia-oblonga-kwee-ba29\/","url":"https:\/\/www.schramas.com\/winkel\/cydonia-oblonga-kwee-ba29\/","name":"Cydonia oblonga Kwee Ba29","isPartOf":{"@id":"https:\/\/www.schramas.com\/#website"},"primaryImageOfPage":{"@id":"https:\/\/www.schramas.com\/winkel\/cydonia-oblonga-kwee-ba29\/#primaryimage"},"image":{"@id":"https:\/\/www.schramas.com\/winkel\/cydonia-oblonga-kwee-ba29\/#primaryimage"},"thumbnailUrl":"https:\/\/www.schramas.com\/wp-content\/uploads\/2019\/11\/Quince-Mcp2-scaled.jpg","datePublished":"2019-11-18T14:50:15+00:00","dateModified":"2026-02-19T09:34:24+00:00","breadcrumb":{"@id":"https:\/\/www.schramas.com\/winkel\/cydonia-oblonga-kwee-ba29\/#breadcrumb"},"inLanguage":"de","potentialAction":[{"@type":"ReadAction","target":["https:\/\/www.schramas.com\/winkel\/cydonia-oblonga-kwee-ba29\/"]}]},{"@type":"ImageObject","inLanguage":"de","@id":"https:\/\/www.schramas.com\/winkel\/cydonia-oblonga-kwee-ba29\/#primaryimage","url":"https:\/\/www.schramas.com\/wp-content\/uploads\/2019\/11\/Quince-Mcp2-scaled.jpg","contentUrl":"https:\/\/www.schramas.com\/wp-content\/uploads\/2019\/11\/Quince-Mcp2-scaled.jpg","width":2560,"height":1920},{"@type":"BreadcrumbList","@id":"https:\/\/www.schramas.com\/winkel\/cydonia-oblonga-kwee-ba29\/#breadcrumb","itemListElement":[{"@type":"ListItem","position":1,"name":"Product","item":"https:\/\/www.schramas.com\/assortiment\/"},{"@type":"ListItem","position":2,"name":"Zelf kweken \/ Onderstammen","item":"https:\/\/www.schramas.com\/product-category\/zelf-kweken\/"},{"@type":"ListItem","position":3,"name":"Onderstammen voor Peren","item":"https:\/\/www.schramas.com\/product-category\/zelf-kweken\/pyrus\/"},{"@type":"ListItem","position":4,"name":"Cydonia oblonga Kwee Ba29"}]},{"@type":"WebSite","@id":"https:\/\/www.schramas.com\/#website","url":"https:\/\/www.schramas.com\/","name":"Schramas.com | Gartenpflanzen einfach online bestellen | Direkt aus unserer G\u00e4rtnerei","description":"","alternateName":"Schramas.com - Alle planten direct van de kweker","potentialAction":[{"@type":"SearchAction","target":{"@type":"EntryPoint","urlTemplate":"https:\/\/www.schramas.com\/?s={search_term_string}"},"query-input":{"@type":"PropertyValueSpecification","valueRequired":true,"valueName":"search_term_string"}}],"inLanguage":"de"}]}},"_links":{"self":[{"href":"https:\/\/www.schramas.com\/de\/wp-json\/wp\/v2\/product\/8177","targetHints":{"allow":["GET"]}}],"collection":[{"href":"https:\/\/www.schramas.com\/de\/wp-json\/wp\/v2\/product"}],"about":[{"href":"https:\/\/www.schramas.com\/de\/wp-json\/wp\/v2\/types\/product"}],"version-history":[{"count":2,"href":"https:\/\/www.schramas.com\/de\/wp-json\/wp\/v2\/product\/8177\/revisions"}],"predecessor-version":[{"id":45158,"href":"https:\/\/www.schramas.com\/de\/wp-json\/wp\/v2\/product\/8177\/revisions\/45158"}],"wp:featuredmedia":[{"embeddable":true,"href":"https:\/\/www.schramas.com\/de\/wp-json\/wp\/v2\/media\/8080"}],"wp:attachment":[{"href":"https:\/\/www.schramas.com\/de\/wp-json\/wp\/v2\/media?parent=8177"}],"wp:term":[{"taxonomy":"product_brand","embeddable":true,"href":"https:\/\/www.schramas.com\/de\/wp-json\/wp\/v2\/product_brand?post=8177"},{"taxonomy":"product_cat","embeddable":true,"href":"https:\/\/www.schramas.com\/de\/wp-json\/wp\/v2\/product_cat?post=8177"},{"taxonomy":"product_tag","embeddable":true,"href":"https:\/\/www.schramas.com\/de\/wp-json\/wp\/v2\/product_tag?post=8177"}],"curies":[{"name":"wp","href":"https:\/\/api.w.org\/{rel}","templated":true}]}}