{"id":8291,"date":"2019-11-20T09:24:35","date_gmt":"2019-11-20T08:24:35","guid":{"rendered":"https:\/\/www.schramas.com\/?post_type=product&#038;p=8291"},"modified":"2026-03-26T16:33:37","modified_gmt":"2026-03-26T15:33:37","slug":"aronia-prunifolia-viking-9-cm-topf","status":"publish","type":"product","link":"https:\/\/www.schramas.com\/de\/shop\/aronia-prunifolia-viking-9-cm-topf\/","title":{"rendered":"Aronia prunifolia 'Viking' Aronia, 9 cm Topf"},"content":{"rendered":"<p>Die Apfelbeere ist wie der Apfel und die Birne ein Strauch aus der Familie der Rosengew\u00e4chse. Die Beeren sind s\u00e4uerlich mit Apfelaromen und voller Antioxidantien. Daraus wird viel Marmelade und Saft hergestellt, aber auch als Kompott oder in Marinaden f\u00fcr Wildgerichte eignen sich die Beeren hervorragend (die S\u00e4ure der Beeren macht das Fleisch zarter). Der Strauch bl\u00fcht Anfang Mai in h\u00e4ufig von Bienen und Schmetterlingen besuchten Gr\u00e4sern, bringt wundersch\u00f6ne schwarze Beerenb\u00fcschel hervor und, um das Ganze abzurunden, im Herbst eine spektakul\u00e4re rote Blattf\u00e4rbung. Die Produkth\u00f6he betr\u00e4gt +\/_ 50 cm\u00a0<\/p>","protected":false},"excerpt":{"rendered":"<p>Aronia prunifolia 'Wikinger'<\/p>\n<p>Apfelbeere<\/p>\n<p>Geschmack: frisch-s\u00e4uerlicher Geschmack.<\/p>\n<p>Fruchtfarbe: schwarz<\/p>\n<p>H\u00f6he max: 2 Meter<\/p>\n<p>Der Strauch eignet sich als Trennhecke oder als Solit\u00e4r.<\/p>\n<p>Selbstbest\u00e4ubend<\/p>\n<p>Sowohl f\u00fcr die Terrasse als auch f\u00fcr den offenen Boden geeignet.<\/p>\n<p>Lieferh\u00f6he inkl. Topf: +\/_ 50 cm<\/p>\n<p>Topfgr\u00f6\u00dfe: 9 cm.<\/p>","protected":false},"featured_media":12565,"template":"","meta":{"_joinchat":[]},"product_brand":[],"product_cat":[48,262,233],"product_tag":[550,548,551,495,549,351,552],"class_list":{"0":"post-8291","1":"product","2":"type-product","3":"status-publish","4":"has-post-thumbnail","6":"product_cat-appelbes","7":"product_cat-bomen-struiken","8":"product_cat-fruitbomen","9":"product_tag-appelbes","10":"product_tag-aronia","11":"product_tag-eetbaar-fruit","12":"product_tag-sierheester","13":"product_tag-viking","14":"product_tag-winterhard","15":"product_tag-wrang","16":"pa_bloeimaanden-mei","17":"pa_groeihoogte-150-200-cm","18":"pa_pot-9-cm-pot","20":"first","21":"outofstock","22":"taxable","23":"shipping-taxable","24":"purchasable","25":"product-type-simple"},"yoast_head":"<!-- This site is optimized with the Yoast SEO plugin v24.2 - https:\/\/yoast.com\/wordpress\/plugins\/seo\/ -->\n<title>Aronia prunifolia &#039;Viking&#039; appelbes, 9 cm pot kopen | Planten eenvoudig online bestellen | Schramas.com<\/title>\n<meta name=\"robots\" content=\"index, follow, max-snippet:-1, max-image-preview:large, max-video-preview:-1\" \/>\n<link rel=\"canonical\" href=\"https:\/\/www.schramas.com\/de\/shop\/aronia-prunifolia-viking-9-cm-topf\/\" \/>\n<meta property=\"og:locale\" content=\"de_DE\" \/>\n<meta property=\"og:type\" content=\"article\" \/>\n<meta property=\"og:title\" content=\"Aronia prunifolia &#039;Viking&#039; appelbes, 9 cm pot kopen | Planten eenvoudig online bestellen | Schramas.com\" \/>\n<meta property=\"og:description\" content=\"Aronia prunifolia &#039;Viking&#039; Appelbes Smaak: frisse wrange smaak. Kleur vrucht: zwart Hoogte max: 2 meter Struik geschikt als afscheidingshaag of solitair. Zelf bestuivend Geschikt voor zowel patio als volle grond. Leverhoogte incl. pot:+\/_ 50 cm Pot maat: 9 cm.\" \/>\n<meta property=\"og:url\" content=\"https:\/\/www.schramas.com\/de\/shop\/aronia-prunifolia-viking-9-cm-topf\/\" \/>\n<meta property=\"og:site_name\" content=\"Planten eenvoudig online bestellen | Schramas.com\" \/>\n<meta property=\"article:publisher\" content=\"https:\/\/www.facebook.com\/Schramascom-106872874153195\/\" \/>\n<meta property=\"article:modified_time\" content=\"2026-03-26T15:33:37+00:00\" \/>\n<meta property=\"og:image\" content=\"https:\/\/www.schramas.com\/wp-content\/uploads\/2020\/10\/Aronia-prunifolia-Viking-Schramas-met-cirkel.png\" \/>\n\t<meta property=\"og:image:width\" content=\"500\" \/>\n\t<meta property=\"og:image:height\" content=\"500\" \/>\n\t<meta property=\"og:image:type\" content=\"image\/png\" \/>\n<meta name=\"twitter:card\" content=\"summary_large_image\" \/>\n<script type=\"application\/ld+json\" class=\"yoast-schema-graph\">{\"@context\":\"https:\/\/schema.org\",\"@graph\":[{\"@type\":[\"WebPage\",\"ItemPage\"],\"@id\":\"https:\/\/www.schramas.com\/winkel\/aronia-prunifolia-viking-9-cm-pot\/\",\"url\":\"https:\/\/www.schramas.com\/winkel\/aronia-prunifolia-viking-9-cm-pot\/\",\"name\":\"Aronia prunifolia 'Viking' appelbes, 9 cm pot kopen | Planten eenvoudig online bestellen | Schramas.com\",\"isPartOf\":{\"@id\":\"https:\/\/www.schramas.com\/#website\"},\"primaryImageOfPage\":{\"@id\":\"https:\/\/www.schramas.com\/winkel\/aronia-prunifolia-viking-9-cm-pot\/#primaryimage\"},\"image\":{\"@id\":\"https:\/\/www.schramas.com\/winkel\/aronia-prunifolia-viking-9-cm-pot\/#primaryimage\"},\"thumbnailUrl\":\"https:\/\/www.schramas.com\/wp-content\/uploads\/2020\/10\/Aronia-prunifolia-Viking-Schramas-met-cirkel.png\",\"datePublished\":\"2019-11-20T08:24:35+00:00\",\"dateModified\":\"2026-03-26T15:33:37+00:00\",\"breadcrumb\":{\"@id\":\"https:\/\/www.schramas.com\/winkel\/aronia-prunifolia-viking-9-cm-pot\/#breadcrumb\"},\"inLanguage\":\"de\",\"potentialAction\":[{\"@type\":\"ReadAction\",\"target\":[\"https:\/\/www.schramas.com\/winkel\/aronia-prunifolia-viking-9-cm-pot\/\"]}]},{\"@type\":\"ImageObject\",\"inLanguage\":\"de\",\"@id\":\"https:\/\/www.schramas.com\/winkel\/aronia-prunifolia-viking-9-cm-pot\/#primaryimage\",\"url\":\"https:\/\/www.schramas.com\/wp-content\/uploads\/2020\/10\/Aronia-prunifolia-Viking-Schramas-met-cirkel.png\",\"contentUrl\":\"https:\/\/www.schramas.com\/wp-content\/uploads\/2020\/10\/Aronia-prunifolia-Viking-Schramas-met-cirkel.png\",\"width\":500,\"height\":500},{\"@type\":\"BreadcrumbList\",\"@id\":\"https:\/\/www.schramas.com\/winkel\/aronia-prunifolia-viking-9-cm-pot\/#breadcrumb\",\"itemListElement\":[{\"@type\":\"ListItem\",\"position\":1,\"name\":\"Product\",\"item\":\"https:\/\/www.schramas.com\/assortiment\/\"},{\"@type\":\"ListItem\",\"position\":2,\"name\":\"Bomen &amp; Struiken\",\"item\":\"https:\/\/www.schramas.com\/product-category\/bomen-struiken\/\"},{\"@type\":\"ListItem\",\"position\":3,\"name\":\"Fruitbomen\",\"item\":\"https:\/\/www.schramas.com\/product-category\/bomen-struiken\/fruitbomen\/\"},{\"@type\":\"ListItem\",\"position\":4,\"name\":\"Aronia prunifolia &#8216;Viking&#8217; appelbes, 9 cm pot\"}]},{\"@type\":\"WebSite\",\"@id\":\"https:\/\/www.schramas.com\/#website\",\"url\":\"https:\/\/www.schramas.com\/\",\"name\":\"Schramas.com | Tuinplanten eenvoudig online bestellen | Direct van onze Kwekerij\",\"description\":\"\",\"alternateName\":\"Schramas.com - Alle planten direct van de kweker\",\"potentialAction\":[{\"@type\":\"SearchAction\",\"target\":{\"@type\":\"EntryPoint\",\"urlTemplate\":\"https:\/\/www.schramas.com\/?s={search_term_string}\"},\"query-input\":{\"@type\":\"PropertyValueSpecification\",\"valueRequired\":true,\"valueName\":\"search_term_string\"}}],\"inLanguage\":\"de\"}]}<\/script>\n<!-- \/ Yoast SEO plugin. -->","yoast_head_json":{"title":"Kaufen Sie Aronia prunifolia &#039;Viking&#039; Apfelbeere, 9 cm Topf | Pflanzen einfach online bestellen | Schramas.com","robots":{"index":"index","follow":"follow","max-snippet":"max-snippet:-1","max-image-preview":"max-image-preview:large","max-video-preview":"max-video-preview:-1"},"canonical":"https:\/\/www.schramas.com\/de\/shop\/aronia-prunifolia-viking-9-cm-topf\/","og_locale":"de_DE","og_type":"article","og_title":"Aronia prunifolia 'Viking' appelbes, 9 cm pot kopen | Planten eenvoudig online bestellen | Schramas.com","og_description":"Aronia prunifolia 'Viking' Appelbes Smaak: frisse wrange smaak. Kleur vrucht: zwart Hoogte max: 2 meter Struik geschikt als afscheidingshaag of solitair. Zelf bestuivend Geschikt voor zowel patio als volle grond. Leverhoogte incl. pot:+\/_ 50 cm Pot maat: 9 cm.","og_url":"https:\/\/www.schramas.com\/de\/shop\/aronia-prunifolia-viking-9-cm-topf\/","og_site_name":"Planten eenvoudig online bestellen | Schramas.com","article_publisher":"https:\/\/www.facebook.com\/Schramascom-106872874153195\/","article_modified_time":"2026-03-26T15:33:37+00:00","og_image":[{"width":500,"height":500,"url":"https:\/\/www.schramas.com\/wp-content\/uploads\/2020\/10\/Aronia-prunifolia-Viking-Schramas-met-cirkel.png","type":"image\/png"}],"twitter_card":"summary_large_image","schema":{"@context":"https:\/\/schema.org","@graph":[{"@type":["WebPage","ItemPage"],"@id":"https:\/\/www.schramas.com\/winkel\/aronia-prunifolia-viking-9-cm-pot\/","url":"https:\/\/www.schramas.com\/winkel\/aronia-prunifolia-viking-9-cm-pot\/","name":"Kaufen Sie Aronia prunifolia &#039;Viking&#039; Apfelbeere, 9 cm Topf | Pflanzen einfach online bestellen | Schramas.com","isPartOf":{"@id":"https:\/\/www.schramas.com\/#website"},"primaryImageOfPage":{"@id":"https:\/\/www.schramas.com\/winkel\/aronia-prunifolia-viking-9-cm-pot\/#primaryimage"},"image":{"@id":"https:\/\/www.schramas.com\/winkel\/aronia-prunifolia-viking-9-cm-pot\/#primaryimage"},"thumbnailUrl":"https:\/\/www.schramas.com\/wp-content\/uploads\/2020\/10\/Aronia-prunifolia-Viking-Schramas-met-cirkel.png","datePublished":"2019-11-20T08:24:35+00:00","dateModified":"2026-03-26T15:33:37+00:00","breadcrumb":{"@id":"https:\/\/www.schramas.com\/winkel\/aronia-prunifolia-viking-9-cm-pot\/#breadcrumb"},"inLanguage":"de","potentialAction":[{"@type":"ReadAction","target":["https:\/\/www.schramas.com\/winkel\/aronia-prunifolia-viking-9-cm-pot\/"]}]},{"@type":"ImageObject","inLanguage":"de","@id":"https:\/\/www.schramas.com\/winkel\/aronia-prunifolia-viking-9-cm-pot\/#primaryimage","url":"https:\/\/www.schramas.com\/wp-content\/uploads\/2020\/10\/Aronia-prunifolia-Viking-Schramas-met-cirkel.png","contentUrl":"https:\/\/www.schramas.com\/wp-content\/uploads\/2020\/10\/Aronia-prunifolia-Viking-Schramas-met-cirkel.png","width":500,"height":500},{"@type":"BreadcrumbList","@id":"https:\/\/www.schramas.com\/winkel\/aronia-prunifolia-viking-9-cm-pot\/#breadcrumb","itemListElement":[{"@type":"ListItem","position":1,"name":"Product","item":"https:\/\/www.schramas.com\/assortiment\/"},{"@type":"ListItem","position":2,"name":"Bomen &amp; Struiken","item":"https:\/\/www.schramas.com\/product-category\/bomen-struiken\/"},{"@type":"ListItem","position":3,"name":"Fruitbomen","item":"https:\/\/www.schramas.com\/product-category\/bomen-struiken\/fruitbomen\/"},{"@type":"ListItem","position":4,"name":"Aronia prunifolia &#8216;Viking&#8217; appelbes, 9 cm pot"}]},{"@type":"WebSite","@id":"https:\/\/www.schramas.com\/#website","url":"https:\/\/www.schramas.com\/","name":"Schramas.com | Gartenpflanzen einfach online bestellen | Direkt aus unserer G\u00e4rtnerei","description":"","alternateName":"Schramas.com - Alle planten direct van de kweker","potentialAction":[{"@type":"SearchAction","target":{"@type":"EntryPoint","urlTemplate":"https:\/\/www.schramas.com\/?s={search_term_string}"},"query-input":{"@type":"PropertyValueSpecification","valueRequired":true,"valueName":"search_term_string"}}],"inLanguage":"de"}]}},"_links":{"self":[{"href":"https:\/\/www.schramas.com\/de\/wp-json\/wp\/v2\/product\/8291","targetHints":{"allow":["GET"]}}],"collection":[{"href":"https:\/\/www.schramas.com\/de\/wp-json\/wp\/v2\/product"}],"about":[{"href":"https:\/\/www.schramas.com\/de\/wp-json\/wp\/v2\/types\/product"}],"version-history":[{"count":0,"href":"https:\/\/www.schramas.com\/de\/wp-json\/wp\/v2\/product\/8291\/revisions"}],"wp:featuredmedia":[{"embeddable":true,"href":"https:\/\/www.schramas.com\/de\/wp-json\/wp\/v2\/media\/12565"}],"wp:attachment":[{"href":"https:\/\/www.schramas.com\/de\/wp-json\/wp\/v2\/media?parent=8291"}],"wp:term":[{"taxonomy":"product_brand","embeddable":true,"href":"https:\/\/www.schramas.com\/de\/wp-json\/wp\/v2\/product_brand?post=8291"},{"taxonomy":"product_cat","embeddable":true,"href":"https:\/\/www.schramas.com\/de\/wp-json\/wp\/v2\/product_cat?post=8291"},{"taxonomy":"product_tag","embeddable":true,"href":"https:\/\/www.schramas.com\/de\/wp-json\/wp\/v2\/product_tag?post=8291"}],"curies":[{"name":"wp","href":"https:\/\/api.w.org\/{rel}","templated":true}]}}