{"id":8420,"date":"2019-11-29T17:01:34","date_gmt":"2019-11-29T16:01:34","guid":{"rendered":"https:\/\/www.schramas.com\/?post_type=product&#038;p=8420"},"modified":"2026-04-14T15:24:50","modified_gmt":"2026-04-14T13:24:50","slug":"ceanothus-impressus-himmelslerche-2-liter-topf","status":"publish","type":"product","link":"https:\/\/www.schramas.com\/de\/shop\/ceanothus-impressus-himmelslerche-2-liter-topf\/","title":{"rendered":"Ceanothus impressus 'Skylark' Amerikanischer Flieder, 2 Liter Topf"},"content":{"rendered":"<p>Diese Pflanze sorgt f\u00fcr ein Meer von blauen Bl\u00fcten im Garten und ist auch im Winter immergr\u00fcn! Sie ist eine gute Tr\u00e4gerpflanze f\u00fcr Nutzinsekten wie Bienen und Schmetterlinge.<\/p>","protected":false},"excerpt":{"rendered":"<p>Ceanothus impressus 'Feldlerche'<\/p>\n<p>Amerikanischer Flieder.<\/p>\n<p>Bl\u00fctenstand: Blau-violette Bl\u00fcte. Juni\/Aug.<\/p>\n<p>Max. H\u00f6he 100 - 200 cm<\/p>\n<p>Gr\u00fcn bleiben.<\/p>\n<p>Widerstandsf\u00e4hig bis -15<\/p>\n<p>Lieferh\u00f6he inkl. Topf: 40-50 cm<\/p>\n<p>Topfgr\u00f6\u00dfe: 2-Liter-Topf<\/p>","protected":false},"featured_media":51177,"template":"","meta":{"_joinchat":[]},"product_brand":[],"product_cat":[303,300,229,305],"product_tag":[502,503,505,501,499,495,504,351],"class_list":{"0":"post-8420","1":"product","2":"type-product","3":"status-publish","4":"has-post-thumbnail","6":"product_cat-groenblijvende-heesters","7":"product_cat-heesters","8":"product_cat-sierheesters","9":"product_cat-planten-heesters","10":"product_tag-amerikaanse-sering","11":"product_tag-bijenplant","12":"product_tag-blauw-paars","13":"product_tag-ceanothus","14":"product_tag-groenblijvend","15":"product_tag-sierheester","16":"product_tag-vlinderplant","17":"product_tag-winterhard","18":"pa_bloeimaanden-juni","19":"pa_bloeimaanden-augustus","20":"pa_groeihoogte-150-200-cm","21":"pa_pot-zonder-pot","23":"first","24":"instock","25":"taxable","26":"shipping-taxable","27":"purchasable","28":"product-type-simple"},"yoast_head":"<!-- This site is optimized with the Yoast SEO plugin v24.2 - https:\/\/yoast.com\/wordpress\/plugins\/seo\/ -->\n<title>Ceanothus impressus &#039;Skylark&#039; Amerikaanse sering, 2 liter pot kopen | Planten eenvoudig online bestellen | Schramas.com<\/title>\n<meta name=\"robots\" content=\"index, follow, max-snippet:-1, max-image-preview:large, max-video-preview:-1\" \/>\n<link rel=\"canonical\" href=\"https:\/\/www.schramas.com\/de\/shop\/ceanothus-impressus-himmelslerche-2-liter-topf\/\" \/>\n<meta property=\"og:locale\" content=\"de_DE\" \/>\n<meta property=\"og:type\" content=\"article\" \/>\n<meta property=\"og:title\" content=\"Ceanothus impressus &#039;Skylark&#039; Amerikaanse sering, 2 liter pot kopen | Planten eenvoudig online bestellen | Schramas.com\" \/>\n<meta property=\"og:description\" content=\"Ceanothus impressus &#039;Skylark&#039;  Amerikaanse sering.  Bloeiwijze: Blauw\/paarse bloem. Juni\/ Aug.  Max. hoogte 100 - 200 cm  Groen blijvend.  Winterhard tot -15  Leverhoogte incl. pot: 40- 50 cm  Potmaat: 2 liter pot\" \/>\n<meta property=\"og:url\" content=\"https:\/\/www.schramas.com\/de\/shop\/ceanothus-impressus-himmelslerche-2-liter-topf\/\" \/>\n<meta property=\"og:site_name\" content=\"Planten eenvoudig online bestellen | Schramas.com\" \/>\n<meta property=\"article:publisher\" content=\"https:\/\/www.facebook.com\/Schramascom-106872874153195\/\" \/>\n<meta property=\"article:modified_time\" content=\"2026-04-14T13:24:50+00:00\" \/>\n<meta property=\"og:image\" content=\"http:\/\/www.schramas.com\/wp-content\/uploads\/2019\/11\/Ceanothus-skylark-sfeer.webp\" \/>\n\t<meta property=\"og:image:width\" content=\"800\" \/>\n\t<meta property=\"og:image:height\" content=\"800\" \/>\n\t<meta property=\"og:image:type\" content=\"image\/webp\" \/>\n<meta name=\"twitter:card\" content=\"summary_large_image\" \/>\n<script type=\"application\/ld+json\" class=\"yoast-schema-graph\">{\"@context\":\"https:\/\/schema.org\",\"@graph\":[{\"@type\":[\"WebPage\",\"ItemPage\"],\"@id\":\"https:\/\/www.schramas.com\/winkel\/ceanothus-impressus-sky-lark-2-liter-pot\/\",\"url\":\"https:\/\/www.schramas.com\/winkel\/ceanothus-impressus-sky-lark-2-liter-pot\/\",\"name\":\"Ceanothus impressus 'Skylark' Amerikaanse sering, 2 liter pot kopen | Planten eenvoudig online bestellen | Schramas.com\",\"isPartOf\":{\"@id\":\"https:\/\/www.schramas.com\/#website\"},\"primaryImageOfPage\":{\"@id\":\"https:\/\/www.schramas.com\/winkel\/ceanothus-impressus-sky-lark-2-liter-pot\/#primaryimage\"},\"image\":{\"@id\":\"https:\/\/www.schramas.com\/winkel\/ceanothus-impressus-sky-lark-2-liter-pot\/#primaryimage\"},\"thumbnailUrl\":\"https:\/\/www.schramas.com\/wp-content\/uploads\/2019\/11\/Ceanothus-skylark-sfeer.webp\",\"datePublished\":\"2019-11-29T16:01:34+00:00\",\"dateModified\":\"2026-04-14T13:24:50+00:00\",\"breadcrumb\":{\"@id\":\"https:\/\/www.schramas.com\/winkel\/ceanothus-impressus-sky-lark-2-liter-pot\/#breadcrumb\"},\"inLanguage\":\"de\",\"potentialAction\":[{\"@type\":\"ReadAction\",\"target\":[\"https:\/\/www.schramas.com\/winkel\/ceanothus-impressus-sky-lark-2-liter-pot\/\"]}]},{\"@type\":\"ImageObject\",\"inLanguage\":\"de\",\"@id\":\"https:\/\/www.schramas.com\/winkel\/ceanothus-impressus-sky-lark-2-liter-pot\/#primaryimage\",\"url\":\"https:\/\/www.schramas.com\/wp-content\/uploads\/2019\/11\/Ceanothus-skylark-sfeer.webp\",\"contentUrl\":\"https:\/\/www.schramas.com\/wp-content\/uploads\/2019\/11\/Ceanothus-skylark-sfeer.webp\",\"width\":800,\"height\":800},{\"@type\":\"BreadcrumbList\",\"@id\":\"https:\/\/www.schramas.com\/winkel\/ceanothus-impressus-sky-lark-2-liter-pot\/#breadcrumb\",\"itemListElement\":[{\"@type\":\"ListItem\",\"position\":1,\"name\":\"Product\",\"item\":\"https:\/\/www.schramas.com\/assortiment\/\"},{\"@type\":\"ListItem\",\"position\":2,\"name\":\"Tuinplanten\",\"item\":\"https:\/\/www.schramas.com\/product-category\/planten-heesters\/\"},{\"@type\":\"ListItem\",\"position\":3,\"name\":\"Heesters\",\"item\":\"https:\/\/www.schramas.com\/product-category\/planten-heesters\/heesters\/\"},{\"@type\":\"ListItem\",\"position\":4,\"name\":\"Sierheesters\",\"item\":\"https:\/\/www.schramas.com\/product-category\/planten-heesters\/heesters\/sierheesters\/\"},{\"@type\":\"ListItem\",\"position\":5,\"name\":\"Ceanothus impressus &#8216;Skylark&#8217; Amerikaanse sering, 2 liter pot\"}]},{\"@type\":\"WebSite\",\"@id\":\"https:\/\/www.schramas.com\/#website\",\"url\":\"https:\/\/www.schramas.com\/\",\"name\":\"Schramas.com | Tuinplanten eenvoudig online bestellen | Direct van onze Kwekerij\",\"description\":\"\",\"alternateName\":\"Schramas.com - Alle planten direct van de kweker\",\"potentialAction\":[{\"@type\":\"SearchAction\",\"target\":{\"@type\":\"EntryPoint\",\"urlTemplate\":\"https:\/\/www.schramas.com\/?s={search_term_string}\"},\"query-input\":{\"@type\":\"PropertyValueSpecification\",\"valueRequired\":true,\"valueName\":\"search_term_string\"}}],\"inLanguage\":\"de\"}]}<\/script>\n<!-- \/ Yoast SEO plugin. -->","yoast_head_json":{"title":"Ceanothus impressus 'Skylark' Amerikanischer Flieder, 2 Liter Topf kaufen | Pflanzen einfach online bestellen | Schramas.de","robots":{"index":"index","follow":"follow","max-snippet":"max-snippet:-1","max-image-preview":"max-image-preview:large","max-video-preview":"max-video-preview:-1"},"canonical":"https:\/\/www.schramas.com\/de\/shop\/ceanothus-impressus-himmelslerche-2-liter-topf\/","og_locale":"de_DE","og_type":"article","og_title":"Ceanothus impressus 'Skylark' Amerikaanse sering, 2 liter pot kopen | Planten eenvoudig online bestellen | Schramas.com","og_description":"Ceanothus impressus 'Skylark'  Amerikaanse sering.  Bloeiwijze: Blauw\/paarse bloem. Juni\/ Aug.  Max. hoogte 100 - 200 cm  Groen blijvend.  Winterhard tot -15  Leverhoogte incl. pot: 40- 50 cm  Potmaat: 2 liter pot","og_url":"https:\/\/www.schramas.com\/de\/shop\/ceanothus-impressus-himmelslerche-2-liter-topf\/","og_site_name":"Planten eenvoudig online bestellen | Schramas.com","article_publisher":"https:\/\/www.facebook.com\/Schramascom-106872874153195\/","article_modified_time":"2026-04-14T13:24:50+00:00","og_image":[{"width":800,"height":800,"url":"http:\/\/www.schramas.com\/wp-content\/uploads\/2019\/11\/Ceanothus-skylark-sfeer.webp","type":"image\/webp"}],"twitter_card":"summary_large_image","schema":{"@context":"https:\/\/schema.org","@graph":[{"@type":["WebPage","ItemPage"],"@id":"https:\/\/www.schramas.com\/winkel\/ceanothus-impressus-sky-lark-2-liter-pot\/","url":"https:\/\/www.schramas.com\/winkel\/ceanothus-impressus-sky-lark-2-liter-pot\/","name":"Ceanothus impressus 'Skylark' Amerikanischer Flieder, 2 Liter Topf kaufen | Pflanzen einfach online bestellen | Schramas.de","isPartOf":{"@id":"https:\/\/www.schramas.com\/#website"},"primaryImageOfPage":{"@id":"https:\/\/www.schramas.com\/winkel\/ceanothus-impressus-sky-lark-2-liter-pot\/#primaryimage"},"image":{"@id":"https:\/\/www.schramas.com\/winkel\/ceanothus-impressus-sky-lark-2-liter-pot\/#primaryimage"},"thumbnailUrl":"https:\/\/www.schramas.com\/wp-content\/uploads\/2019\/11\/Ceanothus-skylark-sfeer.webp","datePublished":"2019-11-29T16:01:34+00:00","dateModified":"2026-04-14T13:24:50+00:00","breadcrumb":{"@id":"https:\/\/www.schramas.com\/winkel\/ceanothus-impressus-sky-lark-2-liter-pot\/#breadcrumb"},"inLanguage":"de","potentialAction":[{"@type":"ReadAction","target":["https:\/\/www.schramas.com\/winkel\/ceanothus-impressus-sky-lark-2-liter-pot\/"]}]},{"@type":"ImageObject","inLanguage":"de","@id":"https:\/\/www.schramas.com\/winkel\/ceanothus-impressus-sky-lark-2-liter-pot\/#primaryimage","url":"https:\/\/www.schramas.com\/wp-content\/uploads\/2019\/11\/Ceanothus-skylark-sfeer.webp","contentUrl":"https:\/\/www.schramas.com\/wp-content\/uploads\/2019\/11\/Ceanothus-skylark-sfeer.webp","width":800,"height":800},{"@type":"BreadcrumbList","@id":"https:\/\/www.schramas.com\/winkel\/ceanothus-impressus-sky-lark-2-liter-pot\/#breadcrumb","itemListElement":[{"@type":"ListItem","position":1,"name":"Product","item":"https:\/\/www.schramas.com\/assortiment\/"},{"@type":"ListItem","position":2,"name":"Tuinplanten","item":"https:\/\/www.schramas.com\/product-category\/planten-heesters\/"},{"@type":"ListItem","position":3,"name":"Heesters","item":"https:\/\/www.schramas.com\/product-category\/planten-heesters\/heesters\/"},{"@type":"ListItem","position":4,"name":"Sierheesters","item":"https:\/\/www.schramas.com\/product-category\/planten-heesters\/heesters\/sierheesters\/"},{"@type":"ListItem","position":5,"name":"Ceanothus impressus &#8216;Skylark&#8217; Amerikaanse sering, 2 liter pot"}]},{"@type":"WebSite","@id":"https:\/\/www.schramas.com\/#website","url":"https:\/\/www.schramas.com\/","name":"Schramas.com | Gartenpflanzen einfach online bestellen | Direkt aus unserer G\u00e4rtnerei","description":"","alternateName":"Schramas.com - Alle planten direct van de kweker","potentialAction":[{"@type":"SearchAction","target":{"@type":"EntryPoint","urlTemplate":"https:\/\/www.schramas.com\/?s={search_term_string}"},"query-input":{"@type":"PropertyValueSpecification","valueRequired":true,"valueName":"search_term_string"}}],"inLanguage":"de"}]}},"_links":{"self":[{"href":"https:\/\/www.schramas.com\/de\/wp-json\/wp\/v2\/product\/8420","targetHints":{"allow":["GET"]}}],"collection":[{"href":"https:\/\/www.schramas.com\/de\/wp-json\/wp\/v2\/product"}],"about":[{"href":"https:\/\/www.schramas.com\/de\/wp-json\/wp\/v2\/types\/product"}],"version-history":[{"count":1,"href":"https:\/\/www.schramas.com\/de\/wp-json\/wp\/v2\/product\/8420\/revisions"}],"predecessor-version":[{"id":49978,"href":"https:\/\/www.schramas.com\/de\/wp-json\/wp\/v2\/product\/8420\/revisions\/49978"}],"wp:featuredmedia":[{"embeddable":true,"href":"https:\/\/www.schramas.com\/de\/wp-json\/wp\/v2\/media\/51177"}],"wp:attachment":[{"href":"https:\/\/www.schramas.com\/de\/wp-json\/wp\/v2\/media?parent=8420"}],"wp:term":[{"taxonomy":"product_brand","embeddable":true,"href":"https:\/\/www.schramas.com\/de\/wp-json\/wp\/v2\/product_brand?post=8420"},{"taxonomy":"product_cat","embeddable":true,"href":"https:\/\/www.schramas.com\/de\/wp-json\/wp\/v2\/product_cat?post=8420"},{"taxonomy":"product_tag","embeddable":true,"href":"https:\/\/www.schramas.com\/de\/wp-json\/wp\/v2\/product_tag?post=8420"}],"curies":[{"name":"wp","href":"https:\/\/api.w.org\/{rel}","templated":true}]}}