{"id":9346,"date":"2020-03-25T16:16:40","date_gmt":"2020-03-25T15:16:40","guid":{"rendered":"https:\/\/www.schramas.com\/?post_type=product&#038;p=9346"},"modified":"2026-03-26T16:33:56","modified_gmt":"2026-03-26T15:33:56","slug":"ribes-rubrum-weiser-hollander-2-liter-topf","status":"publish","type":"product","link":"https:\/\/www.schramas.com\/de\/shop\/ribes-rubrum-weiser-hollander-2-liter-topf\/","title":{"rendered":"Ribes rubrum 'White Dutchman', Wei\u00dfe Johannisbeere, 2-Liter-Topf"},"content":{"rendered":"<p>Diese Sorte ist eine der \u00e4ltesten Johannisbeersorten. Sie w\u00e4chst schnell, hat die schmackhaftesten Beeren und ist sehr ertragreich. Die Beeren reifen fr\u00fch (oft schon im Juli) und sind s\u00fc\u00dfer als rote Johannisbeeren. Je mehr Sonne, desto s\u00fc\u00dfer die Beere.<\/p>","protected":false},"excerpt":{"rendered":"<p>Ribes rubrum 'Wei\u00dfer Holl\u00e4nder'<\/p>\n<p>Wei\u00dfe Johannisbeere.<\/p>\n<p>Geschmack frisch und s\u00fc\u00df<\/p>\n<p>Farbe der Fr\u00fcchte gelb-wei\u00df (je nach Anzahl der Sonnenstunden gelber)<\/p>\n<p>H\u00f6he max: 1,75 Meter<\/p>\n<p>Sowohl f\u00fcr die Terrasse als auch f\u00fcr den offenen Boden geeignet.<\/p>\n<p>Selbstbefruchtend.<\/p>\n<p>Hardy<\/p>\n<p>Lieferh\u00f6he inkl. Topf: +\/_50 cm<\/p>\n<p>Topfgr\u00f6\u00dfe: 2 Liter.<\/p>","protected":false},"featured_media":12488,"template":"","meta":{"_joinchat":[]},"product_brand":[],"product_cat":[41],"product_tag":[646,603,598,351,649,648,316],"class_list":{"0":"post-9346","1":"product","2":"type-product","3":"status-publish","4":"has-post-thumbnail","6":"product_cat-aalbessen","7":"product_tag-aalbes","8":"product_tag-bessen","9":"product_tag-ribes","10":"product_tag-winterhard","11":"product_tag-witte-bes","12":"product_tag-witte-hollander","13":"product_tag-zelfbestuivend","14":"pa_bloeimaanden-mei","15":"pa_bloeimaanden-juni","16":"pa_ewd_uwcf_colors-wit","17":"pa_groeihoogte-150-200-cm","18":"pa_pot-9-cm-pot","20":"first","21":"instock","22":"taxable","23":"shipping-taxable","24":"purchasable","25":"product-type-simple"},"yoast_head":"<!-- This site is optimized with the Yoast SEO plugin v24.2 - https:\/\/yoast.com\/wordpress\/plugins\/seo\/ -->\n<title>Ribes rubrum &#039;Witte Hollander&#039;, witte aalbes, 2 liter pot kopen | Planten eenvoudig online bestellen | Schramas.com<\/title>\n<meta name=\"robots\" content=\"index, follow, max-snippet:-1, max-image-preview:large, max-video-preview:-1\" \/>\n<link rel=\"canonical\" href=\"https:\/\/www.schramas.com\/de\/shop\/ribes-rubrum-weiser-hollander-2-liter-topf\/\" \/>\n<meta property=\"og:locale\" content=\"de_DE\" \/>\n<meta property=\"og:type\" content=\"article\" \/>\n<meta property=\"og:title\" content=\"Ribes rubrum &#039;Witte Hollander&#039;, witte aalbes, 2 liter pot kopen | Planten eenvoudig online bestellen | Schramas.com\" \/>\n<meta property=\"og:description\" content=\"Ribes rubrum &#039;Witte Hollander&#039;  Witte aalbes.  Smaak fris zoet  Kleur vrucht geel wit ( geler naar gelang het aantal zonuren)  Hoogte max: 1,75 meter  Geschikt voor zowel patio als volle grond.  Zelf bestuivend.  Winterhard  Leverhoogte incl. pot: +\/_50 cm  Pot maat: 2 liter.\" \/>\n<meta property=\"og:url\" content=\"https:\/\/www.schramas.com\/de\/shop\/ribes-rubrum-weiser-hollander-2-liter-topf\/\" \/>\n<meta property=\"og:site_name\" content=\"Planten eenvoudig online bestellen | Schramas.com\" \/>\n<meta property=\"article:publisher\" content=\"https:\/\/www.facebook.com\/Schramascom-106872874153195\/\" \/>\n<meta property=\"article:modified_time\" content=\"2026-03-26T15:33:56+00:00\" \/>\n<meta property=\"og:image\" content=\"http:\/\/www.schramas.com\/wp-content\/uploads\/2020\/10\/Ribes-rubrum-Witte-Hollander-fruit-scaled.jpg\" \/>\n\t<meta property=\"og:image:width\" content=\"2560\" \/>\n\t<meta property=\"og:image:height\" content=\"1440\" \/>\n\t<meta property=\"og:image:type\" content=\"image\/jpeg\" \/>\n<meta name=\"twitter:card\" content=\"summary_large_image\" \/>\n<script type=\"application\/ld+json\" class=\"yoast-schema-graph\">{\"@context\":\"https:\/\/schema.org\",\"@graph\":[{\"@type\":[\"WebPage\",\"ItemPage\"],\"@id\":\"https:\/\/www.schramas.com\/winkel\/ribes-rubrum-witte-hollander-2-liter-pot\/\",\"url\":\"https:\/\/www.schramas.com\/winkel\/ribes-rubrum-witte-hollander-2-liter-pot\/\",\"name\":\"Ribes rubrum 'Witte Hollander', witte aalbes, 2 liter pot kopen | Planten eenvoudig online bestellen | Schramas.com\",\"isPartOf\":{\"@id\":\"https:\/\/www.schramas.com\/#website\"},\"primaryImageOfPage\":{\"@id\":\"https:\/\/www.schramas.com\/winkel\/ribes-rubrum-witte-hollander-2-liter-pot\/#primaryimage\"},\"image\":{\"@id\":\"https:\/\/www.schramas.com\/winkel\/ribes-rubrum-witte-hollander-2-liter-pot\/#primaryimage\"},\"thumbnailUrl\":\"https:\/\/www.schramas.com\/wp-content\/uploads\/2020\/10\/Ribes-rubrum-Witte-Hollander-fruit-scaled.jpg\",\"datePublished\":\"2020-03-25T15:16:40+00:00\",\"dateModified\":\"2026-03-26T15:33:56+00:00\",\"breadcrumb\":{\"@id\":\"https:\/\/www.schramas.com\/winkel\/ribes-rubrum-witte-hollander-2-liter-pot\/#breadcrumb\"},\"inLanguage\":\"de\",\"potentialAction\":[{\"@type\":\"ReadAction\",\"target\":[\"https:\/\/www.schramas.com\/winkel\/ribes-rubrum-witte-hollander-2-liter-pot\/\"]}]},{\"@type\":\"ImageObject\",\"inLanguage\":\"de\",\"@id\":\"https:\/\/www.schramas.com\/winkel\/ribes-rubrum-witte-hollander-2-liter-pot\/#primaryimage\",\"url\":\"https:\/\/www.schramas.com\/wp-content\/uploads\/2020\/10\/Ribes-rubrum-Witte-Hollander-fruit-scaled.jpg\",\"contentUrl\":\"https:\/\/www.schramas.com\/wp-content\/uploads\/2020\/10\/Ribes-rubrum-Witte-Hollander-fruit-scaled.jpg\",\"width\":2560,\"height\":1440},{\"@type\":\"BreadcrumbList\",\"@id\":\"https:\/\/www.schramas.com\/winkel\/ribes-rubrum-witte-hollander-2-liter-pot\/#breadcrumb\",\"itemListElement\":[{\"@type\":\"ListItem\",\"position\":1,\"name\":\"Product\",\"item\":\"https:\/\/www.schramas.com\/assortiment\/\"},{\"@type\":\"ListItem\",\"position\":2,\"name\":\"Bomen &amp; Struiken\",\"item\":\"https:\/\/www.schramas.com\/product-category\/bomen-struiken\/\"},{\"@type\":\"ListItem\",\"position\":3,\"name\":\"Fruitstruiken\",\"item\":\"https:\/\/www.schramas.com\/de\/produktkategorie\/baume-und-straucher\/obststraucher\/\"},{\"@type\":\"ListItem\",\"position\":4,\"name\":\"Aalbessen\",\"item\":\"https:\/\/www.schramas.com\/product-category\/bomen-struiken\/fruitstruiken\/aalbessen\/\"},{\"@type\":\"ListItem\",\"position\":5,\"name\":\"Ribes rubrum &#8216;Witte Hollander&#8217;, witte aalbes, 2 liter pot\"}]},{\"@type\":\"WebSite\",\"@id\":\"https:\/\/www.schramas.com\/#website\",\"url\":\"https:\/\/www.schramas.com\/\",\"name\":\"Schramas.com | Tuinplanten eenvoudig online bestellen | Direct van onze Kwekerij\",\"description\":\"\",\"alternateName\":\"Schramas.com - Alle planten direct van de kweker\",\"potentialAction\":[{\"@type\":\"SearchAction\",\"target\":{\"@type\":\"EntryPoint\",\"urlTemplate\":\"https:\/\/www.schramas.com\/?s={search_term_string}\"},\"query-input\":{\"@type\":\"PropertyValueSpecification\",\"valueRequired\":true,\"valueName\":\"search_term_string\"}}],\"inLanguage\":\"de\"}]}<\/script>\n<!-- \/ Yoast SEO plugin. -->","yoast_head_json":{"title":"Ribes rubrum 'White Dutchman', wei\u00dfe Johannisbeere, 2 Liter Topf kaufen | Pflanzen einfach online bestellen | Schramas.de","robots":{"index":"index","follow":"follow","max-snippet":"max-snippet:-1","max-image-preview":"max-image-preview:large","max-video-preview":"max-video-preview:-1"},"canonical":"https:\/\/www.schramas.com\/de\/shop\/ribes-rubrum-weiser-hollander-2-liter-topf\/","og_locale":"de_DE","og_type":"article","og_title":"Ribes rubrum 'Witte Hollander', witte aalbes, 2 liter pot kopen | Planten eenvoudig online bestellen | Schramas.com","og_description":"Ribes rubrum 'Witte Hollander'  Witte aalbes.  Smaak fris zoet  Kleur vrucht geel wit ( geler naar gelang het aantal zonuren)  Hoogte max: 1,75 meter  Geschikt voor zowel patio als volle grond.  Zelf bestuivend.  Winterhard  Leverhoogte incl. pot: +\/_50 cm  Pot maat: 2 liter.","og_url":"https:\/\/www.schramas.com\/de\/shop\/ribes-rubrum-weiser-hollander-2-liter-topf\/","og_site_name":"Planten eenvoudig online bestellen | Schramas.com","article_publisher":"https:\/\/www.facebook.com\/Schramascom-106872874153195\/","article_modified_time":"2026-03-26T15:33:56+00:00","og_image":[{"width":2560,"height":1440,"url":"http:\/\/www.schramas.com\/wp-content\/uploads\/2020\/10\/Ribes-rubrum-Witte-Hollander-fruit-scaled.jpg","type":"image\/jpeg"}],"twitter_card":"summary_large_image","schema":{"@context":"https:\/\/schema.org","@graph":[{"@type":["WebPage","ItemPage"],"@id":"https:\/\/www.schramas.com\/winkel\/ribes-rubrum-witte-hollander-2-liter-pot\/","url":"https:\/\/www.schramas.com\/winkel\/ribes-rubrum-witte-hollander-2-liter-pot\/","name":"Ribes rubrum 'White Dutchman', wei\u00dfe Johannisbeere, 2 Liter Topf kaufen | Pflanzen einfach online bestellen | Schramas.de","isPartOf":{"@id":"https:\/\/www.schramas.com\/#website"},"primaryImageOfPage":{"@id":"https:\/\/www.schramas.com\/winkel\/ribes-rubrum-witte-hollander-2-liter-pot\/#primaryimage"},"image":{"@id":"https:\/\/www.schramas.com\/winkel\/ribes-rubrum-witte-hollander-2-liter-pot\/#primaryimage"},"thumbnailUrl":"https:\/\/www.schramas.com\/wp-content\/uploads\/2020\/10\/Ribes-rubrum-Witte-Hollander-fruit-scaled.jpg","datePublished":"2020-03-25T15:16:40+00:00","dateModified":"2026-03-26T15:33:56+00:00","breadcrumb":{"@id":"https:\/\/www.schramas.com\/winkel\/ribes-rubrum-witte-hollander-2-liter-pot\/#breadcrumb"},"inLanguage":"de","potentialAction":[{"@type":"ReadAction","target":["https:\/\/www.schramas.com\/winkel\/ribes-rubrum-witte-hollander-2-liter-pot\/"]}]},{"@type":"ImageObject","inLanguage":"de","@id":"https:\/\/www.schramas.com\/winkel\/ribes-rubrum-witte-hollander-2-liter-pot\/#primaryimage","url":"https:\/\/www.schramas.com\/wp-content\/uploads\/2020\/10\/Ribes-rubrum-Witte-Hollander-fruit-scaled.jpg","contentUrl":"https:\/\/www.schramas.com\/wp-content\/uploads\/2020\/10\/Ribes-rubrum-Witte-Hollander-fruit-scaled.jpg","width":2560,"height":1440},{"@type":"BreadcrumbList","@id":"https:\/\/www.schramas.com\/winkel\/ribes-rubrum-witte-hollander-2-liter-pot\/#breadcrumb","itemListElement":[{"@type":"ListItem","position":1,"name":"Product","item":"https:\/\/www.schramas.com\/assortiment\/"},{"@type":"ListItem","position":2,"name":"Bomen &amp; Struiken","item":"https:\/\/www.schramas.com\/product-category\/bomen-struiken\/"},{"@type":"ListItem","position":3,"name":"Fruitstruiken","item":"https:\/\/www.schramas.com\/de\/produktkategorie\/baume-und-straucher\/obststraucher\/"},{"@type":"ListItem","position":4,"name":"Aalbessen","item":"https:\/\/www.schramas.com\/product-category\/bomen-struiken\/fruitstruiken\/aalbessen\/"},{"@type":"ListItem","position":5,"name":"Ribes rubrum &#8216;Witte Hollander&#8217;, witte aalbes, 2 liter pot"}]},{"@type":"WebSite","@id":"https:\/\/www.schramas.com\/#website","url":"https:\/\/www.schramas.com\/","name":"Schramas.com | Gartenpflanzen einfach online bestellen | Direkt aus unserer G\u00e4rtnerei","description":"","alternateName":"Schramas.com - Alle planten direct van de kweker","potentialAction":[{"@type":"SearchAction","target":{"@type":"EntryPoint","urlTemplate":"https:\/\/www.schramas.com\/?s={search_term_string}"},"query-input":{"@type":"PropertyValueSpecification","valueRequired":true,"valueName":"search_term_string"}}],"inLanguage":"de"}]}},"_links":{"self":[{"href":"https:\/\/www.schramas.com\/de\/wp-json\/wp\/v2\/product\/9346","targetHints":{"allow":["GET"]}}],"collection":[{"href":"https:\/\/www.schramas.com\/de\/wp-json\/wp\/v2\/product"}],"about":[{"href":"https:\/\/www.schramas.com\/de\/wp-json\/wp\/v2\/types\/product"}],"version-history":[{"count":1,"href":"https:\/\/www.schramas.com\/de\/wp-json\/wp\/v2\/product\/9346\/revisions"}],"predecessor-version":[{"id":59277,"href":"https:\/\/www.schramas.com\/de\/wp-json\/wp\/v2\/product\/9346\/revisions\/59277"}],"wp:featuredmedia":[{"embeddable":true,"href":"https:\/\/www.schramas.com\/de\/wp-json\/wp\/v2\/media\/12488"}],"wp:attachment":[{"href":"https:\/\/www.schramas.com\/de\/wp-json\/wp\/v2\/media?parent=9346"}],"wp:term":[{"taxonomy":"product_brand","embeddable":true,"href":"https:\/\/www.schramas.com\/de\/wp-json\/wp\/v2\/product_brand?post=9346"},{"taxonomy":"product_cat","embeddable":true,"href":"https:\/\/www.schramas.com\/de\/wp-json\/wp\/v2\/product_cat?post=9346"},{"taxonomy":"product_tag","embeddable":true,"href":"https:\/\/www.schramas.com\/de\/wp-json\/wp\/v2\/product_tag?post=9346"}],"curies":[{"name":"wp","href":"https:\/\/api.w.org\/{rel}","templated":true}]}}