{"id":9350,"date":"2020-03-25T16:44:01","date_gmt":"2020-03-25T15:44:01","guid":{"rendered":"https:\/\/www.schramas.com\/?post_type=product&#038;p=9350"},"modified":"2026-03-26T16:33:56","modified_gmt":"2026-03-26T15:33:56","slug":"ribes-uva-crispa-reflamba-2-liter-topf","status":"publish","type":"product","link":"https:\/\/www.schramas.com\/de\/shop\/ribes-uva-crispa-reflamba-2-liter-topf\/","title":{"rendered":"Ribes uva-crispa 'Reflamba', Stachelbeere, 2-Liter-Topf"},"content":{"rendered":"<p>Dieser stachelige Freund bringt k\u00f6stliche, saftige, rote und s\u00fc\u00dfe Stachelbeeren hervor. Die Stachelbeere liebt einen sonnigen Platz. Wenn Sie im Herbst das alte und abgestorbene Holz wegschneiden, k\u00f6nnen Sie Jahr f\u00fcr Jahr diese gesunde K\u00f6stlichkeit genie\u00dfen! Ein guter Nebeneffekt ist, dass diese Sorte wenig anf\u00e4llig f\u00fcr Krankheiten ist.<\/p>","protected":false},"excerpt":{"rendered":"<p>Ribes uva-crispa 'Reflamba'<\/p>\n<p>Stachelbeerrot oder Stachelbeerrot<\/p>\n<p>Geschmack: s\u00fc\u00df<\/p>\n<p>Fruchtfarbe: rot<\/p>\n<p>H\u00f6he max: 70 - 90 cm<\/p>\n<p>Lieferh\u00f6he inkl. Topf: +\/_60 cm<\/p>\n<p>Topfgr\u00f6\u00dfe: 2 Liter.<\/p>\n<p>Sowohl f\u00fcr die Terrasse als auch f\u00fcr den offenen Boden geeignet, aber Vorsicht mit den Stacheln!<\/p>\n<p>Selbstbest\u00e4ubend<\/p>","protected":false},"featured_media":12675,"template":"","meta":{"_joinchat":[]},"product_brand":[],"product_cat":[16,262,480,234,43],"product_tag":[603,602,601,600,758,598,587,351],"class_list":{"0":"post-9350","1":"product","2":"type-product","3":"status-publish","4":"has-post-thumbnail","6":"product_cat-diversen","7":"product_cat-bomen-struiken","8":"product_cat-diversen-struiken","9":"product_cat-fruitstruiken","10":"product_cat-kruisbessen","11":"product_tag-bessen","12":"product_tag-heester","13":"product_tag-klapbes","14":"product_tag-kruisbes","15":"product_tag-reflamba","16":"product_tag-ribes","17":"product_tag-rood","18":"product_tag-winterhard","19":"pa_bloeimaanden-april","20":"pa_bloeimaanden-mei","21":"pa_ewd_uwcf_colors-rood-2","22":"pa_groeihoogte-60-150-cm","23":"pa_pot-met-pot","25":"first","26":"outofstock","27":"taxable","28":"shipping-taxable","29":"purchasable","30":"product-type-simple"},"yoast_head":"<!-- This site is optimized with the Yoast SEO plugin v24.2 - https:\/\/yoast.com\/wordpress\/plugins\/seo\/ -->\n<title>Ribes uva-crispa &#039;Reflamba&#039;, kruisbes, 2 liter pot kopen | Planten eenvoudig online bestellen | Schramas.com<\/title>\n<meta name=\"robots\" content=\"index, follow, max-snippet:-1, max-image-preview:large, max-video-preview:-1\" \/>\n<link rel=\"canonical\" href=\"https:\/\/www.schramas.com\/de\/shop\/ribes-uva-crispa-reflamba-2-liter-topf\/\" \/>\n<meta property=\"og:locale\" content=\"de_DE\" \/>\n<meta property=\"og:type\" content=\"article\" \/>\n<meta property=\"og:title\" content=\"Ribes uva-crispa &#039;Reflamba&#039;, kruisbes, 2 liter pot kopen | Planten eenvoudig online bestellen | Schramas.com\" \/>\n<meta property=\"og:description\" content=\"Ribes uva-crispa &#039;Reflamba&#039;  Kruisbes rood of klapbes rood  Smaak: zoet  Kleur vrucht: rood  hoogte max: 70 - 90 cm  Leverhoogte incl. pot: +\/_60 cm  Pot maat: 2 liter.  geschikt voor zowel patio als volle grond maar let op voor de stekels !  Zelf bestuivend\" \/>\n<meta property=\"og:url\" content=\"https:\/\/www.schramas.com\/de\/shop\/ribes-uva-crispa-reflamba-2-liter-topf\/\" \/>\n<meta property=\"og:site_name\" content=\"Planten eenvoudig online bestellen | Schramas.com\" \/>\n<meta property=\"article:publisher\" content=\"https:\/\/www.facebook.com\/Schramascom-106872874153195\/\" \/>\n<meta property=\"article:modified_time\" content=\"2026-03-26T15:33:56+00:00\" \/>\n<meta property=\"og:image\" content=\"https:\/\/www.schramas.com\/wp-content\/uploads\/2020\/03\/Ribes-uva-crispa-reflamba-detail.png\" \/>\n\t<meta property=\"og:image:width\" content=\"500\" \/>\n\t<meta property=\"og:image:height\" content=\"500\" \/>\n\t<meta property=\"og:image:type\" content=\"image\/png\" \/>\n<meta name=\"twitter:card\" content=\"summary_large_image\" \/>\n<script type=\"application\/ld+json\" class=\"yoast-schema-graph\">{\"@context\":\"https:\/\/schema.org\",\"@graph\":[{\"@type\":[\"WebPage\",\"ItemPage\"],\"@id\":\"https:\/\/www.schramas.com\/en\/shop\/ribes-uva-crispa-reflamba-2-litre-pot\/\",\"url\":\"https:\/\/www.schramas.com\/en\/shop\/ribes-uva-crispa-reflamba-2-litre-pot\/\",\"name\":\"Ribes uva-crispa 'Reflamba', kruisbes, 2 liter pot kopen | Planten eenvoudig online bestellen | Schramas.com\",\"isPartOf\":{\"@id\":\"https:\/\/www.schramas.com\/#website\"},\"primaryImageOfPage\":{\"@id\":\"https:\/\/www.schramas.com\/en\/shop\/ribes-uva-crispa-reflamba-2-litre-pot\/#primaryimage\"},\"image\":{\"@id\":\"https:\/\/www.schramas.com\/en\/shop\/ribes-uva-crispa-reflamba-2-litre-pot\/#primaryimage\"},\"thumbnailUrl\":\"https:\/\/www.schramas.com\/wp-content\/uploads\/2020\/03\/Ribes-uva-crispa-reflamba-detail.png\",\"datePublished\":\"2020-03-25T15:44:01+00:00\",\"dateModified\":\"2026-03-26T15:33:56+00:00\",\"breadcrumb\":{\"@id\":\"https:\/\/www.schramas.com\/en\/shop\/ribes-uva-crispa-reflamba-2-litre-pot\/#breadcrumb\"},\"inLanguage\":\"de\",\"potentialAction\":[{\"@type\":\"ReadAction\",\"target\":[\"https:\/\/www.schramas.com\/en\/shop\/ribes-uva-crispa-reflamba-2-litre-pot\/\"]}]},{\"@type\":\"ImageObject\",\"inLanguage\":\"de\",\"@id\":\"https:\/\/www.schramas.com\/en\/shop\/ribes-uva-crispa-reflamba-2-litre-pot\/#primaryimage\",\"url\":\"https:\/\/www.schramas.com\/wp-content\/uploads\/2020\/03\/Ribes-uva-crispa-reflamba-detail.png\",\"contentUrl\":\"https:\/\/www.schramas.com\/wp-content\/uploads\/2020\/03\/Ribes-uva-crispa-reflamba-detail.png\",\"width\":500,\"height\":500},{\"@type\":\"BreadcrumbList\",\"@id\":\"https:\/\/www.schramas.com\/en\/shop\/ribes-uva-crispa-reflamba-2-litre-pot\/#breadcrumb\",\"itemListElement\":[{\"@type\":\"ListItem\",\"position\":1,\"name\":\"Product\",\"item\":\"https:\/\/www.schramas.com\/assortiment\/\"},{\"@type\":\"ListItem\",\"position\":2,\"name\":\"Bomen &amp; Struiken\",\"item\":\"https:\/\/www.schramas.com\/product-category\/bomen-struiken\/\"},{\"@type\":\"ListItem\",\"position\":3,\"name\":\"Fruitstruiken\",\"item\":\"https:\/\/www.schramas.com\/de\/produktkategorie\/baume-und-straucher\/obststraucher\/\"},{\"@type\":\"ListItem\",\"position\":4,\"name\":\"Kruisbessen\",\"item\":\"https:\/\/www.schramas.com\/de\/produktkategorie\/baume-und-straucher\/obststraucher\/stachelbeeren\/\"},{\"@type\":\"ListItem\",\"position\":5,\"name\":\"Ribes uva-crispa &#8216;Reflamba&#8217;, kruisbes, 2 liter pot\"}]},{\"@type\":\"WebSite\",\"@id\":\"https:\/\/www.schramas.com\/#website\",\"url\":\"https:\/\/www.schramas.com\/\",\"name\":\"Schramas.com | Tuinplanten eenvoudig online bestellen | Direct van onze Kwekerij\",\"description\":\"\",\"alternateName\":\"Schramas.com - Alle planten direct van de kweker\",\"potentialAction\":[{\"@type\":\"SearchAction\",\"target\":{\"@type\":\"EntryPoint\",\"urlTemplate\":\"https:\/\/www.schramas.com\/?s={search_term_string}\"},\"query-input\":{\"@type\":\"PropertyValueSpecification\",\"valueRequired\":true,\"valueName\":\"search_term_string\"}}],\"inLanguage\":\"de\"}]}<\/script>\n<!-- \/ Yoast SEO plugin. -->","yoast_head_json":{"title":"Ribes uva-crispa 'Reflamba', Stachelbeere, 2-Liter-Topf kaufen | Pflanzen leicht online kaufen | Schramas.de","robots":{"index":"index","follow":"follow","max-snippet":"max-snippet:-1","max-image-preview":"max-image-preview:large","max-video-preview":"max-video-preview:-1"},"canonical":"https:\/\/www.schramas.com\/de\/shop\/ribes-uva-crispa-reflamba-2-liter-topf\/","og_locale":"de_DE","og_type":"article","og_title":"Ribes uva-crispa 'Reflamba', kruisbes, 2 liter pot kopen | Planten eenvoudig online bestellen | Schramas.com","og_description":"Ribes uva-crispa 'Reflamba'  Kruisbes rood of klapbes rood  Smaak: zoet  Kleur vrucht: rood  hoogte max: 70 - 90 cm  Leverhoogte incl. pot: +\/_60 cm  Pot maat: 2 liter.  geschikt voor zowel patio als volle grond maar let op voor de stekels !  Zelf bestuivend","og_url":"https:\/\/www.schramas.com\/de\/shop\/ribes-uva-crispa-reflamba-2-liter-topf\/","og_site_name":"Planten eenvoudig online bestellen | Schramas.com","article_publisher":"https:\/\/www.facebook.com\/Schramascom-106872874153195\/","article_modified_time":"2026-03-26T15:33:56+00:00","og_image":[{"width":500,"height":500,"url":"https:\/\/www.schramas.com\/wp-content\/uploads\/2020\/03\/Ribes-uva-crispa-reflamba-detail.png","type":"image\/png"}],"twitter_card":"summary_large_image","schema":{"@context":"https:\/\/schema.org","@graph":[{"@type":["WebPage","ItemPage"],"@id":"https:\/\/www.schramas.com\/en\/shop\/ribes-uva-crispa-reflamba-2-litre-pot\/","url":"https:\/\/www.schramas.com\/en\/shop\/ribes-uva-crispa-reflamba-2-litre-pot\/","name":"Ribes uva-crispa 'Reflamba', Stachelbeere, 2-Liter-Topf kaufen | Pflanzen leicht online kaufen | Schramas.de","isPartOf":{"@id":"https:\/\/www.schramas.com\/#website"},"primaryImageOfPage":{"@id":"https:\/\/www.schramas.com\/en\/shop\/ribes-uva-crispa-reflamba-2-litre-pot\/#primaryimage"},"image":{"@id":"https:\/\/www.schramas.com\/en\/shop\/ribes-uva-crispa-reflamba-2-litre-pot\/#primaryimage"},"thumbnailUrl":"https:\/\/www.schramas.com\/wp-content\/uploads\/2020\/03\/Ribes-uva-crispa-reflamba-detail.png","datePublished":"2020-03-25T15:44:01+00:00","dateModified":"2026-03-26T15:33:56+00:00","breadcrumb":{"@id":"https:\/\/www.schramas.com\/en\/shop\/ribes-uva-crispa-reflamba-2-litre-pot\/#breadcrumb"},"inLanguage":"de","potentialAction":[{"@type":"ReadAction","target":["https:\/\/www.schramas.com\/en\/shop\/ribes-uva-crispa-reflamba-2-litre-pot\/"]}]},{"@type":"ImageObject","inLanguage":"de","@id":"https:\/\/www.schramas.com\/en\/shop\/ribes-uva-crispa-reflamba-2-litre-pot\/#primaryimage","url":"https:\/\/www.schramas.com\/wp-content\/uploads\/2020\/03\/Ribes-uva-crispa-reflamba-detail.png","contentUrl":"https:\/\/www.schramas.com\/wp-content\/uploads\/2020\/03\/Ribes-uva-crispa-reflamba-detail.png","width":500,"height":500},{"@type":"BreadcrumbList","@id":"https:\/\/www.schramas.com\/en\/shop\/ribes-uva-crispa-reflamba-2-litre-pot\/#breadcrumb","itemListElement":[{"@type":"ListItem","position":1,"name":"Product","item":"https:\/\/www.schramas.com\/assortiment\/"},{"@type":"ListItem","position":2,"name":"Bomen &amp; Struiken","item":"https:\/\/www.schramas.com\/product-category\/bomen-struiken\/"},{"@type":"ListItem","position":3,"name":"Fruitstruiken","item":"https:\/\/www.schramas.com\/de\/produktkategorie\/baume-und-straucher\/obststraucher\/"},{"@type":"ListItem","position":4,"name":"Kruisbessen","item":"https:\/\/www.schramas.com\/de\/produktkategorie\/baume-und-straucher\/obststraucher\/stachelbeeren\/"},{"@type":"ListItem","position":5,"name":"Ribes uva-crispa &#8216;Reflamba&#8217;, kruisbes, 2 liter pot"}]},{"@type":"WebSite","@id":"https:\/\/www.schramas.com\/#website","url":"https:\/\/www.schramas.com\/","name":"Schramas.com | Gartenpflanzen einfach online bestellen | Direkt aus unserer G\u00e4rtnerei","description":"","alternateName":"Schramas.com - Alle planten direct van de kweker","potentialAction":[{"@type":"SearchAction","target":{"@type":"EntryPoint","urlTemplate":"https:\/\/www.schramas.com\/?s={search_term_string}"},"query-input":{"@type":"PropertyValueSpecification","valueRequired":true,"valueName":"search_term_string"}}],"inLanguage":"de"}]}},"_links":{"self":[{"href":"https:\/\/www.schramas.com\/de\/wp-json\/wp\/v2\/product\/9350","targetHints":{"allow":["GET"]}}],"collection":[{"href":"https:\/\/www.schramas.com\/de\/wp-json\/wp\/v2\/product"}],"about":[{"href":"https:\/\/www.schramas.com\/de\/wp-json\/wp\/v2\/types\/product"}],"version-history":[{"count":1,"href":"https:\/\/www.schramas.com\/de\/wp-json\/wp\/v2\/product\/9350\/revisions"}],"predecessor-version":[{"id":45393,"href":"https:\/\/www.schramas.com\/de\/wp-json\/wp\/v2\/product\/9350\/revisions\/45393"}],"wp:featuredmedia":[{"embeddable":true,"href":"https:\/\/www.schramas.com\/de\/wp-json\/wp\/v2\/media\/12675"}],"wp:attachment":[{"href":"https:\/\/www.schramas.com\/de\/wp-json\/wp\/v2\/media?parent=9350"}],"wp:term":[{"taxonomy":"product_brand","embeddable":true,"href":"https:\/\/www.schramas.com\/de\/wp-json\/wp\/v2\/product_brand?post=9350"},{"taxonomy":"product_cat","embeddable":true,"href":"https:\/\/www.schramas.com\/de\/wp-json\/wp\/v2\/product_cat?post=9350"},{"taxonomy":"product_tag","embeddable":true,"href":"https:\/\/www.schramas.com\/de\/wp-json\/wp\/v2\/product_tag?post=9350"}],"curies":[{"name":"wp","href":"https:\/\/api.w.org\/{rel}","templated":true}]}}