{"id":9755,"date":"2020-04-08T14:28:07","date_gmt":"2020-04-08T12:28:07","guid":{"rendered":"https:\/\/www.schramas.com\/?post_type=product&#038;p=9755"},"modified":"2026-03-26T16:34:01","modified_gmt":"2026-03-26T15:34:01","slug":"ribes-uva-crispa-hinnonmaki-rote-stachelbeere-stachelbeere-rotbeere-wurzelstock-wurzelnackt-fur-garten-gemusegarten-und-balkon-1-pflanze","status":"publish","type":"product","link":"https:\/\/www.schramas.com\/de\/shop\/ribes-uva-crispa-hinnonmaki-rote-stachelbeere-stachelbeere-rotbeere-wurzelstock-wurzelnackt-fur-garten-gemusegarten-und-balkon-1-pflanze\/","title":{"rendered":"Ribes uva-crispa 'Hinnonmaki Rod' Rote Stachelbeere, Wurzelstock, 1 Pflanze"},"content":{"rendered":"<p>Die Stachelbeere erlebt aufgrund ihres hohen Gehalts an Vitaminen und Antioxidantien ein Comeback! Dieser stachelige Freund bringt k\u00f6stliche saftige rote Stachelbeeren hervor. Die Stachelbeere mag einen sonnigen Standort. Die Stachelbeeren wachsen auf mindestens einj\u00e4hrigem Holz. Wenn Sie im Herbst das alte und tote Holz entfernen, k\u00f6nnen Sie diese gesunde K\u00f6stlichkeit Jahr f\u00fcr Jahr genie\u00dfen!<\/p>","protected":false},"excerpt":{"rendered":"<p>Ribes uva-crispa &#039;Hinnonmaki R\u00f6d&#039; 1 St\u00fcck<\/p>\n<p>Gr\u00fcne Stachelbeere 1 St\u00fcck<\/p>\n<p>Geschmack: s\u00fc\u00df-s\u00e4uerlich-aromatisch<\/p>\n<p>Fruchtfarbe: rot<\/p>\n<p>H\u00f6he max: 1,75 Meter<\/p>\n<p>Sowohl f\u00fcr die Terrasse als auch f\u00fcr den offenen Boden geeignet.<\/p>\n<p>Selbstbest\u00e4ubend<\/p>\n<p>Frostsicher<\/p>\n<p>F\u00f6rderh\u00f6he +\/_40-cm<\/p>\n<p>Topfgr\u00f6\u00dfe: Dieses Produkt wird als Wurzelstock ohne Topf geliefert.<\/p>","protected":false},"featured_media":16279,"template":"","meta":{"_joinchat":[]},"product_brand":[],"product_cat":[262,233,234,43],"product_tag":[589,601,759,351,316],"class_list":{"0":"post-9755","1":"product","2":"type-product","3":"status-publish","4":"has-post-thumbnail","6":"product_cat-bomen-struiken","7":"product_cat-fruitbomen","8":"product_cat-fruitstruiken","9":"product_cat-kruisbessen","10":"product_tag-groen","11":"product_tag-klapbes","12":"product_tag-ribes-uva-crispahinnonmaki-grun-kruisbes","13":"product_tag-winterhard","14":"product_tag-zelfbestuivend","16":"first","17":"outofstock","18":"taxable","19":"shipping-taxable","20":"purchasable","21":"product-type-simple"},"yoast_head":"<!-- This site is optimized with the Yoast SEO plugin v24.2 - https:\/\/yoast.com\/wordpress\/plugins\/seo\/ -->\n<title>Ribes uva-crispa &#039;Hinnonmaki Rod&#039; rode kruisbes, wortelgoed, 1 plant kopen | Planten eenvoudig online bestellen | Schramas.com<\/title>\n<meta name=\"robots\" content=\"index, follow, max-snippet:-1, max-image-preview:large, max-video-preview:-1\" \/>\n<link rel=\"canonical\" href=\"https:\/\/www.schramas.com\/de\/shop\/ribes-uva-crispa-hinnonmaki-rote-stachelbeere-stachelbeere-rotbeere-wurzelstock-wurzelnackt-fur-garten-gemusegarten-und-balkon-1-pflanze\/\" \/>\n<meta property=\"og:locale\" content=\"de_DE\" \/>\n<meta property=\"og:type\" content=\"article\" \/>\n<meta property=\"og:title\" content=\"Ribes uva-crispa &#039;Hinnonmaki Rod&#039; rode kruisbes, wortelgoed, 1 plant kopen | Planten eenvoudig online bestellen | Schramas.com\" \/>\n<meta property=\"og:description\" content=\"Ribes uva-crispa &#039;Hinnonmaki R\u00f6d&#039; 1 stuks  Groene kruisbes 1 stuks  Smaak: zoet-zuur aromatisch  Kleur vrucht: rood  Hoogte max: 1.75\u00a0 meter  Geschikt voor zowel patio als volle grond.  Zelf bestuivend  Vorst bestending  Leverhoogte +\/_40-cm  Pot maat: Dit product woord aangeleverd als wortelgoed zonder pot.\" \/>\n<meta property=\"og:url\" content=\"https:\/\/www.schramas.com\/de\/shop\/ribes-uva-crispa-hinnonmaki-rote-stachelbeere-stachelbeere-rotbeere-wurzelstock-wurzelnackt-fur-garten-gemusegarten-und-balkon-1-pflanze\/\" \/>\n<meta property=\"og:site_name\" content=\"Planten eenvoudig online bestellen | Schramas.com\" \/>\n<meta property=\"article:publisher\" content=\"https:\/\/www.facebook.com\/Schramascom-106872874153195\/\" \/>\n<meta property=\"article:modified_time\" content=\"2026-03-26T15:34:01+00:00\" \/>\n<meta property=\"og:image\" content=\"https:\/\/www.schramas.com\/wp-content\/uploads\/2021\/06\/210617_9508891114390_Ribes-uva-crispa-Hinnomaki-Rod-bewerkt-vooraanzicht.png\" \/>\n\t<meta property=\"og:image:width\" content=\"1200\" \/>\n\t<meta property=\"og:image:height\" content=\"1200\" \/>\n\t<meta property=\"og:image:type\" content=\"image\/png\" \/>\n<meta name=\"twitter:card\" content=\"summary_large_image\" \/>\n<script type=\"application\/ld+json\" class=\"yoast-schema-graph\">{\"@context\":\"https:\/\/schema.org\",\"@graph\":[{\"@type\":[\"WebPage\",\"ItemPage\"],\"@id\":\"https:\/\/www.schramas.com\/fr\/boutique\/ribes-uva-crispa-hinnonmaki-groseille-rouge-groseille-rouge-porte-greffe-a-racines-nues-pour-jardin-potager-et-balcon-1-plante\/\",\"url\":\"https:\/\/www.schramas.com\/fr\/boutique\/ribes-uva-crispa-hinnonmaki-groseille-rouge-groseille-rouge-porte-greffe-a-racines-nues-pour-jardin-potager-et-balcon-1-plante\/\",\"name\":\"Ribes uva-crispa 'Hinnonmaki Rod' rode kruisbes, wortelgoed, 1 plant kopen | Planten eenvoudig online bestellen | Schramas.com\",\"isPartOf\":{\"@id\":\"https:\/\/www.schramas.com\/#website\"},\"primaryImageOfPage\":{\"@id\":\"https:\/\/www.schramas.com\/fr\/boutique\/ribes-uva-crispa-hinnonmaki-groseille-rouge-groseille-rouge-porte-greffe-a-racines-nues-pour-jardin-potager-et-balcon-1-plante\/#primaryimage\"},\"image\":{\"@id\":\"https:\/\/www.schramas.com\/fr\/boutique\/ribes-uva-crispa-hinnonmaki-groseille-rouge-groseille-rouge-porte-greffe-a-racines-nues-pour-jardin-potager-et-balcon-1-plante\/#primaryimage\"},\"thumbnailUrl\":\"https:\/\/www.schramas.com\/wp-content\/uploads\/2021\/06\/210617_9508891114390_Ribes-uva-crispa-Hinnomaki-Rod-bewerkt-vooraanzicht.png\",\"datePublished\":\"2020-04-08T12:28:07+00:00\",\"dateModified\":\"2026-03-26T15:34:01+00:00\",\"breadcrumb\":{\"@id\":\"https:\/\/www.schramas.com\/fr\/boutique\/ribes-uva-crispa-hinnonmaki-groseille-rouge-groseille-rouge-porte-greffe-a-racines-nues-pour-jardin-potager-et-balcon-1-plante\/#breadcrumb\"},\"inLanguage\":\"de\",\"potentialAction\":[{\"@type\":\"ReadAction\",\"target\":[\"https:\/\/www.schramas.com\/fr\/boutique\/ribes-uva-crispa-hinnonmaki-groseille-rouge-groseille-rouge-porte-greffe-a-racines-nues-pour-jardin-potager-et-balcon-1-plante\/\"]}]},{\"@type\":\"ImageObject\",\"inLanguage\":\"de\",\"@id\":\"https:\/\/www.schramas.com\/fr\/boutique\/ribes-uva-crispa-hinnonmaki-groseille-rouge-groseille-rouge-porte-greffe-a-racines-nues-pour-jardin-potager-et-balcon-1-plante\/#primaryimage\",\"url\":\"https:\/\/www.schramas.com\/wp-content\/uploads\/2021\/06\/210617_9508891114390_Ribes-uva-crispa-Hinnomaki-Rod-bewerkt-vooraanzicht.png\",\"contentUrl\":\"https:\/\/www.schramas.com\/wp-content\/uploads\/2021\/06\/210617_9508891114390_Ribes-uva-crispa-Hinnomaki-Rod-bewerkt-vooraanzicht.png\",\"width\":1200,\"height\":1200},{\"@type\":\"BreadcrumbList\",\"@id\":\"https:\/\/www.schramas.com\/fr\/boutique\/ribes-uva-crispa-hinnonmaki-groseille-rouge-groseille-rouge-porte-greffe-a-racines-nues-pour-jardin-potager-et-balcon-1-plante\/#breadcrumb\",\"itemListElement\":[{\"@type\":\"ListItem\",\"position\":1,\"name\":\"Product\",\"item\":\"https:\/\/www.schramas.com\/assortiment\/\"},{\"@type\":\"ListItem\",\"position\":2,\"name\":\"Bomen &amp; Struiken\",\"item\":\"https:\/\/www.schramas.com\/product-category\/bomen-struiken\/\"},{\"@type\":\"ListItem\",\"position\":3,\"name\":\"Fruitstruiken\",\"item\":\"https:\/\/www.schramas.com\/de\/produktkategorie\/baume-und-straucher\/obststraucher\/\"},{\"@type\":\"ListItem\",\"position\":4,\"name\":\"Kruisbessen\",\"item\":\"https:\/\/www.schramas.com\/de\/produktkategorie\/baume-und-straucher\/obststraucher\/stachelbeeren\/\"},{\"@type\":\"ListItem\",\"position\":5,\"name\":\"Ribes uva-crispa &#8216;Hinnonmaki Rod&#8217; rode kruisbes, wortelgoed, 1 plant\"}]},{\"@type\":\"WebSite\",\"@id\":\"https:\/\/www.schramas.com\/#website\",\"url\":\"https:\/\/www.schramas.com\/\",\"name\":\"Schramas.com | Tuinplanten eenvoudig online bestellen | Direct van onze Kwekerij\",\"description\":\"\",\"alternateName\":\"Schramas.com - Alle planten direct van de kweker\",\"potentialAction\":[{\"@type\":\"SearchAction\",\"target\":{\"@type\":\"EntryPoint\",\"urlTemplate\":\"https:\/\/www.schramas.com\/?s={search_term_string}\"},\"query-input\":{\"@type\":\"PropertyValueSpecification\",\"valueRequired\":true,\"valueName\":\"search_term_string\"}}],\"inLanguage\":\"de\"}]}<\/script>\n<!-- \/ Yoast SEO plugin. -->","yoast_head_json":{"title":"Kaufen Sie Ribes uva-crispa &#039;Hinnonmaki Rod&#039; rote Stachelbeere, Wurzelstock, 1 Pflanze | Pflanzen einfach online bestellen | Schramas.com","robots":{"index":"index","follow":"follow","max-snippet":"max-snippet:-1","max-image-preview":"max-image-preview:large","max-video-preview":"max-video-preview:-1"},"canonical":"https:\/\/www.schramas.com\/de\/shop\/ribes-uva-crispa-hinnonmaki-rote-stachelbeere-stachelbeere-rotbeere-wurzelstock-wurzelnackt-fur-garten-gemusegarten-und-balkon-1-pflanze\/","og_locale":"de_DE","og_type":"article","og_title":"Ribes uva-crispa 'Hinnonmaki Rod' rode kruisbes, wortelgoed, 1 plant kopen | Planten eenvoudig online bestellen | Schramas.com","og_description":"Ribes uva-crispa 'Hinnonmaki R\u00f6d' 1 stuks  Groene kruisbes 1 stuks  Smaak: zoet-zuur aromatisch  Kleur vrucht: rood  Hoogte max: 1.75\u00a0 meter  Geschikt voor zowel patio als volle grond.  Zelf bestuivend  Vorst bestending  Leverhoogte +\/_40-cm  Pot maat: Dit product woord aangeleverd als wortelgoed zonder pot.","og_url":"https:\/\/www.schramas.com\/de\/shop\/ribes-uva-crispa-hinnonmaki-rote-stachelbeere-stachelbeere-rotbeere-wurzelstock-wurzelnackt-fur-garten-gemusegarten-und-balkon-1-pflanze\/","og_site_name":"Planten eenvoudig online bestellen | Schramas.com","article_publisher":"https:\/\/www.facebook.com\/Schramascom-106872874153195\/","article_modified_time":"2026-03-26T15:34:01+00:00","og_image":[{"width":1200,"height":1200,"url":"https:\/\/www.schramas.com\/wp-content\/uploads\/2021\/06\/210617_9508891114390_Ribes-uva-crispa-Hinnomaki-Rod-bewerkt-vooraanzicht.png","type":"image\/png"}],"twitter_card":"summary_large_image","schema":{"@context":"https:\/\/schema.org","@graph":[{"@type":["WebPage","ItemPage"],"@id":"https:\/\/www.schramas.com\/fr\/boutique\/ribes-uva-crispa-hinnonmaki-groseille-rouge-groseille-rouge-porte-greffe-a-racines-nues-pour-jardin-potager-et-balcon-1-plante\/","url":"https:\/\/www.schramas.com\/fr\/boutique\/ribes-uva-crispa-hinnonmaki-groseille-rouge-groseille-rouge-porte-greffe-a-racines-nues-pour-jardin-potager-et-balcon-1-plante\/","name":"Kaufen Sie Ribes uva-crispa &#039;Hinnonmaki Rod&#039; rote Stachelbeere, Wurzelstock, 1 Pflanze | Pflanzen einfach online bestellen | Schramas.com","isPartOf":{"@id":"https:\/\/www.schramas.com\/#website"},"primaryImageOfPage":{"@id":"https:\/\/www.schramas.com\/fr\/boutique\/ribes-uva-crispa-hinnonmaki-groseille-rouge-groseille-rouge-porte-greffe-a-racines-nues-pour-jardin-potager-et-balcon-1-plante\/#primaryimage"},"image":{"@id":"https:\/\/www.schramas.com\/fr\/boutique\/ribes-uva-crispa-hinnonmaki-groseille-rouge-groseille-rouge-porte-greffe-a-racines-nues-pour-jardin-potager-et-balcon-1-plante\/#primaryimage"},"thumbnailUrl":"https:\/\/www.schramas.com\/wp-content\/uploads\/2021\/06\/210617_9508891114390_Ribes-uva-crispa-Hinnomaki-Rod-bewerkt-vooraanzicht.png","datePublished":"2020-04-08T12:28:07+00:00","dateModified":"2026-03-26T15:34:01+00:00","breadcrumb":{"@id":"https:\/\/www.schramas.com\/fr\/boutique\/ribes-uva-crispa-hinnonmaki-groseille-rouge-groseille-rouge-porte-greffe-a-racines-nues-pour-jardin-potager-et-balcon-1-plante\/#breadcrumb"},"inLanguage":"de","potentialAction":[{"@type":"ReadAction","target":["https:\/\/www.schramas.com\/fr\/boutique\/ribes-uva-crispa-hinnonmaki-groseille-rouge-groseille-rouge-porte-greffe-a-racines-nues-pour-jardin-potager-et-balcon-1-plante\/"]}]},{"@type":"ImageObject","inLanguage":"de","@id":"https:\/\/www.schramas.com\/fr\/boutique\/ribes-uva-crispa-hinnonmaki-groseille-rouge-groseille-rouge-porte-greffe-a-racines-nues-pour-jardin-potager-et-balcon-1-plante\/#primaryimage","url":"https:\/\/www.schramas.com\/wp-content\/uploads\/2021\/06\/210617_9508891114390_Ribes-uva-crispa-Hinnomaki-Rod-bewerkt-vooraanzicht.png","contentUrl":"https:\/\/www.schramas.com\/wp-content\/uploads\/2021\/06\/210617_9508891114390_Ribes-uva-crispa-Hinnomaki-Rod-bewerkt-vooraanzicht.png","width":1200,"height":1200},{"@type":"BreadcrumbList","@id":"https:\/\/www.schramas.com\/fr\/boutique\/ribes-uva-crispa-hinnonmaki-groseille-rouge-groseille-rouge-porte-greffe-a-racines-nues-pour-jardin-potager-et-balcon-1-plante\/#breadcrumb","itemListElement":[{"@type":"ListItem","position":1,"name":"Product","item":"https:\/\/www.schramas.com\/assortiment\/"},{"@type":"ListItem","position":2,"name":"Bomen &amp; Struiken","item":"https:\/\/www.schramas.com\/product-category\/bomen-struiken\/"},{"@type":"ListItem","position":3,"name":"Fruitstruiken","item":"https:\/\/www.schramas.com\/de\/produktkategorie\/baume-und-straucher\/obststraucher\/"},{"@type":"ListItem","position":4,"name":"Kruisbessen","item":"https:\/\/www.schramas.com\/de\/produktkategorie\/baume-und-straucher\/obststraucher\/stachelbeeren\/"},{"@type":"ListItem","position":5,"name":"Ribes uva-crispa &#8216;Hinnonmaki Rod&#8217; rode kruisbes, wortelgoed, 1 plant"}]},{"@type":"WebSite","@id":"https:\/\/www.schramas.com\/#website","url":"https:\/\/www.schramas.com\/","name":"Schramas.com | Gartenpflanzen einfach online bestellen | Direkt aus unserer G\u00e4rtnerei","description":"","alternateName":"Schramas.com - Alle planten direct van de kweker","potentialAction":[{"@type":"SearchAction","target":{"@type":"EntryPoint","urlTemplate":"https:\/\/www.schramas.com\/?s={search_term_string}"},"query-input":{"@type":"PropertyValueSpecification","valueRequired":true,"valueName":"search_term_string"}}],"inLanguage":"de"}]}},"_links":{"self":[{"href":"https:\/\/www.schramas.com\/de\/wp-json\/wp\/v2\/product\/9755","targetHints":{"allow":["GET"]}}],"collection":[{"href":"https:\/\/www.schramas.com\/de\/wp-json\/wp\/v2\/product"}],"about":[{"href":"https:\/\/www.schramas.com\/de\/wp-json\/wp\/v2\/types\/product"}],"version-history":[{"count":0,"href":"https:\/\/www.schramas.com\/de\/wp-json\/wp\/v2\/product\/9755\/revisions"}],"wp:featuredmedia":[{"embeddable":true,"href":"https:\/\/www.schramas.com\/de\/wp-json\/wp\/v2\/media\/16279"}],"wp:attachment":[{"href":"https:\/\/www.schramas.com\/de\/wp-json\/wp\/v2\/media?parent=9755"}],"wp:term":[{"taxonomy":"product_brand","embeddable":true,"href":"https:\/\/www.schramas.com\/de\/wp-json\/wp\/v2\/product_brand?post=9755"},{"taxonomy":"product_cat","embeddable":true,"href":"https:\/\/www.schramas.com\/de\/wp-json\/wp\/v2\/product_cat?post=9755"},{"taxonomy":"product_tag","embeddable":true,"href":"https:\/\/www.schramas.com\/de\/wp-json\/wp\/v2\/product_tag?post=9755"}],"curies":[{"name":"wp","href":"https:\/\/api.w.org\/{rel}","templated":true}]}}