{"id":9966,"date":"2020-04-11T10:29:39","date_gmt":"2020-04-11T08:29:39","guid":{"rendered":"https:\/\/www.schramas.com\/?post_type=product&#038;p=9966"},"modified":"2026-03-26T16:34:06","modified_gmt":"2026-03-26T15:34:06","slug":"acer-palmatum-atropurpureum-japanischer-ahorn-3-liter-topf-rot-blatt-rot-acer-topf-gewachsen-fur-garten-terrasse-und-balkon","status":"publish","type":"product","link":"https:\/\/www.schramas.com\/de\/shop\/acer-palmatum-atropurpureum-japanischer-ahorn-3-liter-topf-rot-blatt-rot-acer-topf-gewachsen-fur-garten-terrasse-und-balkon\/","title":{"rendered":"Acer palmatum 'Atropurpureum', roter japanischer Ahorn, 3 Liter Topf"},"content":{"rendered":"<p>Dieser japanische Ahorn w\u00e4chst langsam und gedeiht gut im Garten und auf Terrassen oder Balkonen. Stellen Sie diesen Baum an einen gesch\u00fctzten, halbschattigen Platz, damit die Blattfarbe optimal zur Geltung kommt. Dieser Baum hat das ganze Jahr \u00fcber sch\u00f6ne br\u00e4unlich-rote Bl\u00e4tter, die sich im Herbst leuchtend rot bis tiefrot f\u00e4rben. Ein sehr farbenfroher Baum. Die Produkth\u00f6he betr\u00e4gt etwa 50 cm.<\/p>","protected":false},"excerpt":{"rendered":"<p>Acer palmatum \u00c1tropurpureum'<\/p>\n<p>Japanischer Ahorn<\/p>\n<p>Bl\u00fctenstand: rotes Blatt<\/p>\n<p>Max. H\u00f6he ca. 300 cm<\/p>\n<p>Laubabwerfend<\/p>\n<p>Hardy<\/p>\n<p>Lieferh\u00f6he inkl. Topf: ca. 50 cm<\/p>\n<p>Topfgr\u00f6\u00dfe: 3-Liter-Topf<\/p>","protected":false},"featured_media":21251,"template":"","meta":{"_joinchat":[]},"product_brand":[],"product_cat":[302,228,300,835,3193,229,305],"product_tag":[786,787,767],"class_list":{"0":"post-9966","1":"product","2":"type-product","3":"status-publish","4":"has-post-thumbnail","6":"product_cat-bladverliezende-heesters","7":"product_cat-drachtplant","8":"product_cat-heesters","9":"product_cat-hardlopers","10":"product_cat-sierbomen","11":"product_cat-sierheesters","12":"product_cat-planten-heesters","13":"product_tag-japanse-esdoorn","14":"product_tag-rode-acer","15":"product_tag-rood-blad","16":"pa_bloeimaanden-juni","17":"pa_bloeimaanden-augustus","18":"pa_groeihoogte-150-200-cm","19":"pa_pot-zonder-pot","21":"first","22":"outofstock","23":"taxable","24":"shipping-taxable","25":"purchasable","26":"product-type-simple"},"yoast_head":"<!-- This site is optimized with the Yoast SEO plugin v24.2 - https:\/\/yoast.com\/wordpress\/plugins\/seo\/ -->\n<title>Acer palmatum &#039;Atropurpureum&#039;, rode Japanse esdoorn, 3 liter pot kopen | Planten eenvoudig online bestellen | Schramas.com<\/title>\n<meta name=\"robots\" content=\"index, follow, max-snippet:-1, max-image-preview:large, max-video-preview:-1\" \/>\n<link rel=\"canonical\" href=\"https:\/\/www.schramas.com\/de\/shop\/acer-palmatum-atropurpureum-japanischer-ahorn-3-liter-topf-rot-blatt-rot-acer-topf-gewachsen-fur-garten-terrasse-und-balkon\/\" \/>\n<meta property=\"og:locale\" content=\"de_DE\" \/>\n<meta property=\"og:type\" content=\"article\" \/>\n<meta property=\"og:title\" content=\"Acer palmatum &#039;Atropurpureum&#039;, rode Japanse esdoorn, 3 liter pot kopen | Planten eenvoudig online bestellen | Schramas.com\" \/>\n<meta property=\"og:description\" content=\"Acer palmatum \u00c1tropurpureum&#039;  Japanse esdoorn  Bloeiwijze: rood blad  Max. hoogte circa 300 cm  Bladverliezend  Winterhard  Leverhoogte incl. pot: circa 50 cm  Potmaat: 3 liter pot\" \/>\n<meta property=\"og:url\" content=\"https:\/\/www.schramas.com\/de\/shop\/acer-palmatum-atropurpureum-japanischer-ahorn-3-liter-topf-rot-blatt-rot-acer-topf-gewachsen-fur-garten-terrasse-und-balkon\/\" \/>\n<meta property=\"og:site_name\" content=\"Planten eenvoudig online bestellen | Schramas.com\" \/>\n<meta property=\"article:publisher\" content=\"https:\/\/www.facebook.com\/Schramascom-106872874153195\/\" \/>\n<meta property=\"article:modified_time\" content=\"2026-03-26T15:34:06+00:00\" \/>\n<meta property=\"og:image\" content=\"http:\/\/www.schramas.com\/wp-content\/uploads\/2020\/04\/Atropuprea-Sfeer-new.jpg\" \/>\n\t<meta property=\"og:image:width\" content=\"1200\" \/>\n\t<meta property=\"og:image:height\" content=\"1200\" \/>\n\t<meta property=\"og:image:type\" content=\"image\/jpeg\" \/>\n<meta name=\"twitter:card\" content=\"summary_large_image\" \/>\n<script type=\"application\/ld+json\" class=\"yoast-schema-graph\">{\"@context\":\"https:\/\/schema.org\",\"@graph\":[{\"@type\":[\"WebPage\",\"ItemPage\"],\"@id\":\"https:\/\/www.schramas.com\/winkel\/acer-palmatum-atropurpureum-japanse-esdoorn-3-liter-pot-rood-blad-rode-acer-pot-gekweekt-voor-tuin-terras-en-balkon\/\",\"url\":\"https:\/\/www.schramas.com\/winkel\/acer-palmatum-atropurpureum-japanse-esdoorn-3-liter-pot-rood-blad-rode-acer-pot-gekweekt-voor-tuin-terras-en-balkon\/\",\"name\":\"Acer palmatum 'Atropurpureum', rode Japanse esdoorn, 3 liter pot kopen | Planten eenvoudig online bestellen | Schramas.com\",\"isPartOf\":{\"@id\":\"https:\/\/www.schramas.com\/#website\"},\"primaryImageOfPage\":{\"@id\":\"https:\/\/www.schramas.com\/winkel\/acer-palmatum-atropurpureum-japanse-esdoorn-3-liter-pot-rood-blad-rode-acer-pot-gekweekt-voor-tuin-terras-en-balkon\/#primaryimage\"},\"image\":{\"@id\":\"https:\/\/www.schramas.com\/winkel\/acer-palmatum-atropurpureum-japanse-esdoorn-3-liter-pot-rood-blad-rode-acer-pot-gekweekt-voor-tuin-terras-en-balkon\/#primaryimage\"},\"thumbnailUrl\":\"https:\/\/www.schramas.com\/wp-content\/uploads\/2020\/04\/Atropuprea-Sfeer-new.jpg\",\"datePublished\":\"2020-04-11T08:29:39+00:00\",\"dateModified\":\"2026-03-26T15:34:06+00:00\",\"breadcrumb\":{\"@id\":\"https:\/\/www.schramas.com\/winkel\/acer-palmatum-atropurpureum-japanse-esdoorn-3-liter-pot-rood-blad-rode-acer-pot-gekweekt-voor-tuin-terras-en-balkon\/#breadcrumb\"},\"inLanguage\":\"de\",\"potentialAction\":[{\"@type\":\"ReadAction\",\"target\":[\"https:\/\/www.schramas.com\/winkel\/acer-palmatum-atropurpureum-japanse-esdoorn-3-liter-pot-rood-blad-rode-acer-pot-gekweekt-voor-tuin-terras-en-balkon\/\"]}]},{\"@type\":\"ImageObject\",\"inLanguage\":\"de\",\"@id\":\"https:\/\/www.schramas.com\/winkel\/acer-palmatum-atropurpureum-japanse-esdoorn-3-liter-pot-rood-blad-rode-acer-pot-gekweekt-voor-tuin-terras-en-balkon\/#primaryimage\",\"url\":\"https:\/\/www.schramas.com\/wp-content\/uploads\/2020\/04\/Atropuprea-Sfeer-new.jpg\",\"contentUrl\":\"https:\/\/www.schramas.com\/wp-content\/uploads\/2020\/04\/Atropuprea-Sfeer-new.jpg\",\"width\":1200,\"height\":1200},{\"@type\":\"BreadcrumbList\",\"@id\":\"https:\/\/www.schramas.com\/winkel\/acer-palmatum-atropurpureum-japanse-esdoorn-3-liter-pot-rood-blad-rode-acer-pot-gekweekt-voor-tuin-terras-en-balkon\/#breadcrumb\",\"itemListElement\":[{\"@type\":\"ListItem\",\"position\":1,\"name\":\"Product\",\"item\":\"https:\/\/www.schramas.com\/assortiment\/\"},{\"@type\":\"ListItem\",\"position\":2,\"name\":\"Tuinplanten\",\"item\":\"https:\/\/www.schramas.com\/product-category\/planten-heesters\/\"},{\"@type\":\"ListItem\",\"position\":3,\"name\":\"Heesters\",\"item\":\"https:\/\/www.schramas.com\/product-category\/planten-heesters\/heesters\/\"},{\"@type\":\"ListItem\",\"position\":4,\"name\":\"Sierheesters\",\"item\":\"https:\/\/www.schramas.com\/product-category\/planten-heesters\/heesters\/sierheesters\/\"},{\"@type\":\"ListItem\",\"position\":5,\"name\":\"Acer palmatum &#8216;Atropurpureum&#8217;, rode Japanse esdoorn, 3 liter pot\"}]},{\"@type\":\"WebSite\",\"@id\":\"https:\/\/www.schramas.com\/#website\",\"url\":\"https:\/\/www.schramas.com\/\",\"name\":\"Schramas.com | Tuinplanten eenvoudig online bestellen | Direct van onze Kwekerij\",\"description\":\"\",\"alternateName\":\"Schramas.com - Alle planten direct van de kweker\",\"potentialAction\":[{\"@type\":\"SearchAction\",\"target\":{\"@type\":\"EntryPoint\",\"urlTemplate\":\"https:\/\/www.schramas.com\/?s={search_term_string}\"},\"query-input\":{\"@type\":\"PropertyValueSpecification\",\"valueRequired\":true,\"valueName\":\"search_term_string\"}}],\"inLanguage\":\"de\"}]}<\/script>\n<!-- \/ Yoast SEO plugin. -->","yoast_head_json":{"title":"Acer palmatum 'Atropurpureum', roter japanischer Ahorn, 3 Liter Topf kaufen | Pflanzen leicht online kaufen | Schramas.de","robots":{"index":"index","follow":"follow","max-snippet":"max-snippet:-1","max-image-preview":"max-image-preview:large","max-video-preview":"max-video-preview:-1"},"canonical":"https:\/\/www.schramas.com\/de\/shop\/acer-palmatum-atropurpureum-japanischer-ahorn-3-liter-topf-rot-blatt-rot-acer-topf-gewachsen-fur-garten-terrasse-und-balkon\/","og_locale":"de_DE","og_type":"article","og_title":"Acer palmatum 'Atropurpureum', rode Japanse esdoorn, 3 liter pot kopen | Planten eenvoudig online bestellen | Schramas.com","og_description":"Acer palmatum \u00c1tropurpureum'  Japanse esdoorn  Bloeiwijze: rood blad  Max. hoogte circa 300 cm  Bladverliezend  Winterhard  Leverhoogte incl. pot: circa 50 cm  Potmaat: 3 liter pot","og_url":"https:\/\/www.schramas.com\/de\/shop\/acer-palmatum-atropurpureum-japanischer-ahorn-3-liter-topf-rot-blatt-rot-acer-topf-gewachsen-fur-garten-terrasse-und-balkon\/","og_site_name":"Planten eenvoudig online bestellen | Schramas.com","article_publisher":"https:\/\/www.facebook.com\/Schramascom-106872874153195\/","article_modified_time":"2026-03-26T15:34:06+00:00","og_image":[{"width":1200,"height":1200,"url":"http:\/\/www.schramas.com\/wp-content\/uploads\/2020\/04\/Atropuprea-Sfeer-new.jpg","type":"image\/jpeg"}],"twitter_card":"summary_large_image","schema":{"@context":"https:\/\/schema.org","@graph":[{"@type":["WebPage","ItemPage"],"@id":"https:\/\/www.schramas.com\/winkel\/acer-palmatum-atropurpureum-japanse-esdoorn-3-liter-pot-rood-blad-rode-acer-pot-gekweekt-voor-tuin-terras-en-balkon\/","url":"https:\/\/www.schramas.com\/winkel\/acer-palmatum-atropurpureum-japanse-esdoorn-3-liter-pot-rood-blad-rode-acer-pot-gekweekt-voor-tuin-terras-en-balkon\/","name":"Acer palmatum 'Atropurpureum', roter japanischer Ahorn, 3 Liter Topf kaufen | Pflanzen leicht online kaufen | Schramas.de","isPartOf":{"@id":"https:\/\/www.schramas.com\/#website"},"primaryImageOfPage":{"@id":"https:\/\/www.schramas.com\/winkel\/acer-palmatum-atropurpureum-japanse-esdoorn-3-liter-pot-rood-blad-rode-acer-pot-gekweekt-voor-tuin-terras-en-balkon\/#primaryimage"},"image":{"@id":"https:\/\/www.schramas.com\/winkel\/acer-palmatum-atropurpureum-japanse-esdoorn-3-liter-pot-rood-blad-rode-acer-pot-gekweekt-voor-tuin-terras-en-balkon\/#primaryimage"},"thumbnailUrl":"https:\/\/www.schramas.com\/wp-content\/uploads\/2020\/04\/Atropuprea-Sfeer-new.jpg","datePublished":"2020-04-11T08:29:39+00:00","dateModified":"2026-03-26T15:34:06+00:00","breadcrumb":{"@id":"https:\/\/www.schramas.com\/winkel\/acer-palmatum-atropurpureum-japanse-esdoorn-3-liter-pot-rood-blad-rode-acer-pot-gekweekt-voor-tuin-terras-en-balkon\/#breadcrumb"},"inLanguage":"de","potentialAction":[{"@type":"ReadAction","target":["https:\/\/www.schramas.com\/winkel\/acer-palmatum-atropurpureum-japanse-esdoorn-3-liter-pot-rood-blad-rode-acer-pot-gekweekt-voor-tuin-terras-en-balkon\/"]}]},{"@type":"ImageObject","inLanguage":"de","@id":"https:\/\/www.schramas.com\/winkel\/acer-palmatum-atropurpureum-japanse-esdoorn-3-liter-pot-rood-blad-rode-acer-pot-gekweekt-voor-tuin-terras-en-balkon\/#primaryimage","url":"https:\/\/www.schramas.com\/wp-content\/uploads\/2020\/04\/Atropuprea-Sfeer-new.jpg","contentUrl":"https:\/\/www.schramas.com\/wp-content\/uploads\/2020\/04\/Atropuprea-Sfeer-new.jpg","width":1200,"height":1200},{"@type":"BreadcrumbList","@id":"https:\/\/www.schramas.com\/winkel\/acer-palmatum-atropurpureum-japanse-esdoorn-3-liter-pot-rood-blad-rode-acer-pot-gekweekt-voor-tuin-terras-en-balkon\/#breadcrumb","itemListElement":[{"@type":"ListItem","position":1,"name":"Product","item":"https:\/\/www.schramas.com\/assortiment\/"},{"@type":"ListItem","position":2,"name":"Tuinplanten","item":"https:\/\/www.schramas.com\/product-category\/planten-heesters\/"},{"@type":"ListItem","position":3,"name":"Heesters","item":"https:\/\/www.schramas.com\/product-category\/planten-heesters\/heesters\/"},{"@type":"ListItem","position":4,"name":"Sierheesters","item":"https:\/\/www.schramas.com\/product-category\/planten-heesters\/heesters\/sierheesters\/"},{"@type":"ListItem","position":5,"name":"Acer palmatum &#8216;Atropurpureum&#8217;, rode Japanse esdoorn, 3 liter pot"}]},{"@type":"WebSite","@id":"https:\/\/www.schramas.com\/#website","url":"https:\/\/www.schramas.com\/","name":"Schramas.com | Gartenpflanzen einfach online bestellen | Direkt aus unserer G\u00e4rtnerei","description":"","alternateName":"Schramas.com - Alle planten direct van de kweker","potentialAction":[{"@type":"SearchAction","target":{"@type":"EntryPoint","urlTemplate":"https:\/\/www.schramas.com\/?s={search_term_string}"},"query-input":{"@type":"PropertyValueSpecification","valueRequired":true,"valueName":"search_term_string"}}],"inLanguage":"de"}]}},"_links":{"self":[{"href":"https:\/\/www.schramas.com\/de\/wp-json\/wp\/v2\/product\/9966","targetHints":{"allow":["GET"]}}],"collection":[{"href":"https:\/\/www.schramas.com\/de\/wp-json\/wp\/v2\/product"}],"about":[{"href":"https:\/\/www.schramas.com\/de\/wp-json\/wp\/v2\/types\/product"}],"version-history":[{"count":1,"href":"https:\/\/www.schramas.com\/de\/wp-json\/wp\/v2\/product\/9966\/revisions"}],"predecessor-version":[{"id":54296,"href":"https:\/\/www.schramas.com\/de\/wp-json\/wp\/v2\/product\/9966\/revisions\/54296"}],"wp:featuredmedia":[{"embeddable":true,"href":"https:\/\/www.schramas.com\/de\/wp-json\/wp\/v2\/media\/21251"}],"wp:attachment":[{"href":"https:\/\/www.schramas.com\/de\/wp-json\/wp\/v2\/media?parent=9966"}],"wp:term":[{"taxonomy":"product_brand","embeddable":true,"href":"https:\/\/www.schramas.com\/de\/wp-json\/wp\/v2\/product_brand?post=9966"},{"taxonomy":"product_cat","embeddable":true,"href":"https:\/\/www.schramas.com\/de\/wp-json\/wp\/v2\/product_cat?post=9966"},{"taxonomy":"product_tag","embeddable":true,"href":"https:\/\/www.schramas.com\/de\/wp-json\/wp\/v2\/product_tag?post=9966"}],"curies":[{"name":"wp","href":"https:\/\/api.w.org\/{rel}","templated":true}]}}