{"id":10603,"date":"2020-04-21T13:54:07","date_gmt":"2020-04-21T11:54:07","guid":{"rendered":"https:\/\/www.schramas.com\/?post_type=product&#038;p=10603"},"modified":"2026-04-21T21:10:36","modified_gmt":"2026-04-21T19:10:36","slug":"prunus-persica-donut-vild-eller-flad-fersken-grundstamme-ferskentrae-til-haven-kokkenhave-terrasse-og-altan","status":"publish","type":"product","link":"https:\/\/www.schramas.com\/dk\/butik\/prunus-persica-donut-vild-eller-flad-fersken-grundstamme-ferskentrae-til-haven-kokkenhave-terrasse-og-altan\/","title":{"rendered":"Prunus persica Donut vild eller flad fersken, grundstamme"},"content":{"rendered":"<p>Den velkendte flade eller vilde fersken, der ogs\u00e5 er saftig og s\u00f8d! Dette ferskentr\u00e6 vokser ogs\u00e5 fremragende i Europa, vi anbefaler en varm, l\u00e6 placering og beskyttelse mod frost det f\u00f8rste \u00e5r. Den flade vilde fersken byder p\u00e5 en masse smag og er nem at holde p\u00e5, mens den spiser. Alene blomstringen g\u00f8r dette ferskentr\u00e6 smukt at have i din have. Ferskenen blomstrer meget tidligt p\u00e5 \u00e5ret (februar marts), s\u00e5 det er vigtigt at beskytte blomsten mod frost! Ferskner er selvbest\u00f8vende og kan derfor v\u00e6re solit\u00e6re. Vi leverer dette tr\u00e6 som rodmateriale fra k\u00f8leskabet Du skal f\u00f8rst placere tr\u00e6et med r\u00f8dderne i en spand vand i 24 timer og derefter plante det. Et tilbud fra schramas.com<\/p>","protected":false},"excerpt":{"rendered":"<p>Prunus persica 'Donut'<\/p>\n<p>Donut flat eller vild fersken<\/p>\n<p>Smag: s\u00f8d.<\/p>\n<p>Frugtfarve: gulr\u00f8d.<\/p>\n<p>Velegnet til b\u00e5de terrasse og \u00e5bent terr\u00e6n.<\/p>\n<p>selvbest\u00f8vende<\/p>\n<p>Beskyt mod frost det f\u00f8rste \u00e5r.<\/p>\n<p>Leverhoogte: +\/_100 cm<\/p>\n<p>Dette tr\u00e6 leveres som rodmateriale, alts\u00e5 uden potte.<\/p>","protected":false},"featured_media":13675,"template":"","meta":{"_joinchat":[]},"product_brand":[],"product_cat":[761,24],"product_tag":[700,352,701,702,351,316,328],"class_list":{"0":"post-10603","1":"product","2":"type-product","3":"status-publish","4":"has-post-thumbnail","6":"product_cat-lente","7":"product_cat-perziken","8":"product_tag-donut","9":"product_tag-geent","10":"product_tag-platte-perzik","11":"product_tag-wilde-perzik","12":"product_tag-winterhard","13":"product_tag-zelfbestuivend","14":"product_tag-zoet","15":"pa_bloeimaanden-februari","16":"pa_bloeimaanden-maart","17":"pa_groeihoogte-300-cm","18":"pa_pot-met-pot","20":"first","21":"outofstock","22":"taxable","23":"shipping-taxable","24":"purchasable","25":"product-type-simple"},"yoast_head":"<!-- This site is optimized with the Yoast SEO plugin v24.2 - https:\/\/yoast.com\/wordpress\/plugins\/seo\/ -->\n<title>Prunus persica Donut wilde of platte perzik, wortelgoed kopen | Planten eenvoudig online bestellen | Schramas.com<\/title>\n<meta name=\"robots\" content=\"index, follow, max-snippet:-1, max-image-preview:large, max-video-preview:-1\" \/>\n<link rel=\"canonical\" href=\"https:\/\/www.schramas.com\/dk\/butik\/prunus-persica-donut-vild-eller-flad-fersken-grundstamme-ferskentrae-til-haven-kokkenhave-terrasse-og-altan\/\" \/>\n<meta property=\"og:locale\" content=\"da_DK\" \/>\n<meta property=\"og:type\" content=\"article\" \/>\n<meta property=\"og:title\" content=\"Prunus persica Donut wilde of platte perzik, wortelgoed kopen | Planten eenvoudig online bestellen | Schramas.com\" \/>\n<meta property=\"og:description\" content=\"Prunus persica &#039;Donut&#039;  Donut platte of wilde perzik  Smaak: zoet.  Kleur vrucht: geel rood.  Geschikt voor zowel patio als volle grond.  zelf bestuivend  Eerste jaar beschermen tegen de vorst.  Leverhoogte: +\/_100 cm  Deze boom word als wortelgoed geleverd dus zonder pot.\" \/>\n<meta property=\"og:url\" content=\"https:\/\/www.schramas.com\/dk\/butik\/prunus-persica-donut-vild-eller-flad-fersken-grundstamme-ferskentrae-til-haven-kokkenhave-terrasse-og-altan\/\" \/>\n<meta property=\"og:site_name\" content=\"Planten eenvoudig online bestellen | Schramas.com\" \/>\n<meta property=\"article:publisher\" content=\"https:\/\/www.facebook.com\/Schramascom-106872874153195\/\" \/>\n<meta property=\"article:modified_time\" content=\"2026-04-21T19:10:36+00:00\" \/>\n<meta property=\"og:image\" content=\"http:\/\/www.schramas.com\/wp-content\/uploads\/2018\/08\/Prunus-persica-donut-wortelgoed.png\" \/>\n\t<meta property=\"og:image:width\" content=\"500\" \/>\n\t<meta property=\"og:image:height\" content=\"500\" \/>\n\t<meta property=\"og:image:type\" content=\"image\/png\" \/>\n<meta name=\"twitter:card\" content=\"summary_large_image\" \/>\n<meta name=\"twitter:label1\" content=\"Estimeret l\u00e6setid\" \/>\n\t<meta name=\"twitter:data1\" content=\"1 minut\" \/>\n<script type=\"application\/ld+json\" class=\"yoast-schema-graph\">{\"@context\":\"https:\/\/schema.org\",\"@graph\":[{\"@type\":[\"WebPage\",\"ItemPage\"],\"@id\":\"https:\/\/www.schramas.com\/winkel\/prunus-persica-donut-wilde-of-platte-perzik-wortelgoed-perzik-boom-voor-tuin-moestuin-terras-en-balkon\/\",\"url\":\"https:\/\/www.schramas.com\/winkel\/prunus-persica-donut-wilde-of-platte-perzik-wortelgoed-perzik-boom-voor-tuin-moestuin-terras-en-balkon\/\",\"name\":\"Prunus persica Donut wilde of platte perzik, wortelgoed kopen | Planten eenvoudig online bestellen | Schramas.com\",\"isPartOf\":{\"@id\":\"https:\/\/www.schramas.com\/#website\"},\"primaryImageOfPage\":{\"@id\":\"https:\/\/www.schramas.com\/winkel\/prunus-persica-donut-wilde-of-platte-perzik-wortelgoed-perzik-boom-voor-tuin-moestuin-terras-en-balkon\/#primaryimage\"},\"image\":{\"@id\":\"https:\/\/www.schramas.com\/winkel\/prunus-persica-donut-wilde-of-platte-perzik-wortelgoed-perzik-boom-voor-tuin-moestuin-terras-en-balkon\/#primaryimage\"},\"thumbnailUrl\":\"https:\/\/www.schramas.com\/wp-content\/uploads\/2018\/08\/Prunus-persica-donut-wortelgoed.png\",\"datePublished\":\"2020-04-21T11:54:07+00:00\",\"dateModified\":\"2026-04-21T19:10:36+00:00\",\"breadcrumb\":{\"@id\":\"https:\/\/www.schramas.com\/winkel\/prunus-persica-donut-wilde-of-platte-perzik-wortelgoed-perzik-boom-voor-tuin-moestuin-terras-en-balkon\/#breadcrumb\"},\"inLanguage\":\"da-DK\",\"potentialAction\":[{\"@type\":\"ReadAction\",\"target\":[\"https:\/\/www.schramas.com\/winkel\/prunus-persica-donut-wilde-of-platte-perzik-wortelgoed-perzik-boom-voor-tuin-moestuin-terras-en-balkon\/\"]}]},{\"@type\":\"ImageObject\",\"inLanguage\":\"da-DK\",\"@id\":\"https:\/\/www.schramas.com\/winkel\/prunus-persica-donut-wilde-of-platte-perzik-wortelgoed-perzik-boom-voor-tuin-moestuin-terras-en-balkon\/#primaryimage\",\"url\":\"https:\/\/www.schramas.com\/wp-content\/uploads\/2018\/08\/Prunus-persica-donut-wortelgoed.png\",\"contentUrl\":\"https:\/\/www.schramas.com\/wp-content\/uploads\/2018\/08\/Prunus-persica-donut-wortelgoed.png\",\"width\":500,\"height\":500},{\"@type\":\"BreadcrumbList\",\"@id\":\"https:\/\/www.schramas.com\/winkel\/prunus-persica-donut-wilde-of-platte-perzik-wortelgoed-perzik-boom-voor-tuin-moestuin-terras-en-balkon\/#breadcrumb\",\"itemListElement\":[{\"@type\":\"ListItem\",\"position\":1,\"name\":\"Product\",\"item\":\"https:\/\/www.schramas.com\/assortiment\/\"},{\"@type\":\"ListItem\",\"position\":2,\"name\":\"Bomen &amp; Struiken\",\"item\":\"https:\/\/www.schramas.com\/product-category\/bomen-struiken\/\"},{\"@type\":\"ListItem\",\"position\":3,\"name\":\"Fruitbomen\",\"item\":\"https:\/\/www.schramas.com\/product-category\/bomen-struiken\/fruitbomen\/\"},{\"@type\":\"ListItem\",\"position\":4,\"name\":\"Perziken\",\"item\":\"https:\/\/www.schramas.com\/product-category\/bomen-struiken\/fruitbomen\/perziken\/\"},{\"@type\":\"ListItem\",\"position\":5,\"name\":\"Prunus persica Donut wilde of platte perzik, wortelgoed\"}]},{\"@type\":\"WebSite\",\"@id\":\"https:\/\/www.schramas.com\/#website\",\"url\":\"https:\/\/www.schramas.com\/\",\"name\":\"Schramas.com | Tuinplanten eenvoudig online bestellen | Direct van onze Kwekerij\",\"description\":\"\",\"alternateName\":\"Schramas.com - Alle planten direct van de kweker\",\"potentialAction\":[{\"@type\":\"SearchAction\",\"target\":{\"@type\":\"EntryPoint\",\"urlTemplate\":\"https:\/\/www.schramas.com\/?s={search_term_string}\"},\"query-input\":{\"@type\":\"PropertyValueSpecification\",\"valueRequired\":true,\"valueName\":\"search_term_string\"}}],\"inLanguage\":\"da-DK\"}]}<\/script>\n<!-- \/ Yoast SEO plugin. -->","yoast_head_json":{"title":"Prunus persica K\u00f8b Donut vild eller flad fersken, rodfrugter | Bestil nemt planter online | Schramas.com","robots":{"index":"index","follow":"follow","max-snippet":"max-snippet:-1","max-image-preview":"max-image-preview:large","max-video-preview":"max-video-preview:-1"},"canonical":"https:\/\/www.schramas.com\/dk\/butik\/prunus-persica-donut-vild-eller-flad-fersken-grundstamme-ferskentrae-til-haven-kokkenhave-terrasse-og-altan\/","og_locale":"da_DK","og_type":"article","og_title":"Prunus persica Donut wilde of platte perzik, wortelgoed kopen | Planten eenvoudig online bestellen | Schramas.com","og_description":"Prunus persica 'Donut'  Donut platte of wilde perzik  Smaak: zoet.  Kleur vrucht: geel rood.  Geschikt voor zowel patio als volle grond.  zelf bestuivend  Eerste jaar beschermen tegen de vorst.  Leverhoogte: +\/_100 cm  Deze boom word als wortelgoed geleverd dus zonder pot.","og_url":"https:\/\/www.schramas.com\/dk\/butik\/prunus-persica-donut-vild-eller-flad-fersken-grundstamme-ferskentrae-til-haven-kokkenhave-terrasse-og-altan\/","og_site_name":"Planten eenvoudig online bestellen | Schramas.com","article_publisher":"https:\/\/www.facebook.com\/Schramascom-106872874153195\/","article_modified_time":"2026-04-21T19:10:36+00:00","og_image":[{"width":500,"height":500,"url":"http:\/\/www.schramas.com\/wp-content\/uploads\/2018\/08\/Prunus-persica-donut-wortelgoed.png","type":"image\/png"}],"twitter_card":"summary_large_image","twitter_misc":{"Estimeret l\u00e6setid":"1 minut"},"schema":{"@context":"https:\/\/schema.org","@graph":[{"@type":["WebPage","ItemPage"],"@id":"https:\/\/www.schramas.com\/winkel\/prunus-persica-donut-wilde-of-platte-perzik-wortelgoed-perzik-boom-voor-tuin-moestuin-terras-en-balkon\/","url":"https:\/\/www.schramas.com\/winkel\/prunus-persica-donut-wilde-of-platte-perzik-wortelgoed-perzik-boom-voor-tuin-moestuin-terras-en-balkon\/","name":"Prunus persica K\u00f8b Donut vild eller flad fersken, rodfrugter | Bestil nemt planter online | Schramas.com","isPartOf":{"@id":"https:\/\/www.schramas.com\/#website"},"primaryImageOfPage":{"@id":"https:\/\/www.schramas.com\/winkel\/prunus-persica-donut-wilde-of-platte-perzik-wortelgoed-perzik-boom-voor-tuin-moestuin-terras-en-balkon\/#primaryimage"},"image":{"@id":"https:\/\/www.schramas.com\/winkel\/prunus-persica-donut-wilde-of-platte-perzik-wortelgoed-perzik-boom-voor-tuin-moestuin-terras-en-balkon\/#primaryimage"},"thumbnailUrl":"https:\/\/www.schramas.com\/wp-content\/uploads\/2018\/08\/Prunus-persica-donut-wortelgoed.png","datePublished":"2020-04-21T11:54:07+00:00","dateModified":"2026-04-21T19:10:36+00:00","breadcrumb":{"@id":"https:\/\/www.schramas.com\/winkel\/prunus-persica-donut-wilde-of-platte-perzik-wortelgoed-perzik-boom-voor-tuin-moestuin-terras-en-balkon\/#breadcrumb"},"inLanguage":"da-DK","potentialAction":[{"@type":"ReadAction","target":["https:\/\/www.schramas.com\/winkel\/prunus-persica-donut-wilde-of-platte-perzik-wortelgoed-perzik-boom-voor-tuin-moestuin-terras-en-balkon\/"]}]},{"@type":"ImageObject","inLanguage":"da-DK","@id":"https:\/\/www.schramas.com\/winkel\/prunus-persica-donut-wilde-of-platte-perzik-wortelgoed-perzik-boom-voor-tuin-moestuin-terras-en-balkon\/#primaryimage","url":"https:\/\/www.schramas.com\/wp-content\/uploads\/2018\/08\/Prunus-persica-donut-wortelgoed.png","contentUrl":"https:\/\/www.schramas.com\/wp-content\/uploads\/2018\/08\/Prunus-persica-donut-wortelgoed.png","width":500,"height":500},{"@type":"BreadcrumbList","@id":"https:\/\/www.schramas.com\/winkel\/prunus-persica-donut-wilde-of-platte-perzik-wortelgoed-perzik-boom-voor-tuin-moestuin-terras-en-balkon\/#breadcrumb","itemListElement":[{"@type":"ListItem","position":1,"name":"Product","item":"https:\/\/www.schramas.com\/assortiment\/"},{"@type":"ListItem","position":2,"name":"Bomen &amp; Struiken","item":"https:\/\/www.schramas.com\/product-category\/bomen-struiken\/"},{"@type":"ListItem","position":3,"name":"Fruitbomen","item":"https:\/\/www.schramas.com\/product-category\/bomen-struiken\/fruitbomen\/"},{"@type":"ListItem","position":4,"name":"Perziken","item":"https:\/\/www.schramas.com\/product-category\/bomen-struiken\/fruitbomen\/perziken\/"},{"@type":"ListItem","position":5,"name":"Prunus persica Donut wilde of platte perzik, wortelgoed"}]},{"@type":"WebSite","@id":"https:\/\/www.schramas.com\/#website","url":"https:\/\/www.schramas.com\/","name":"Schramas.com | Haveplanter bestilles nemt online | Direkte fra vores gartneri","description":"","alternateName":"Schramas.com - Alle planten direct van de kweker","potentialAction":[{"@type":"SearchAction","target":{"@type":"EntryPoint","urlTemplate":"https:\/\/www.schramas.com\/?s={search_term_string}"},"query-input":{"@type":"PropertyValueSpecification","valueRequired":true,"valueName":"search_term_string"}}],"inLanguage":"da-DK"}]}},"_links":{"self":[{"href":"https:\/\/www.schramas.com\/dk\/wp-json\/wp\/v2\/product\/10603","targetHints":{"allow":["GET"]}}],"collection":[{"href":"https:\/\/www.schramas.com\/dk\/wp-json\/wp\/v2\/product"}],"about":[{"href":"https:\/\/www.schramas.com\/dk\/wp-json\/wp\/v2\/types\/product"}],"version-history":[{"count":2,"href":"https:\/\/www.schramas.com\/dk\/wp-json\/wp\/v2\/product\/10603\/revisions"}],"predecessor-version":[{"id":65896,"href":"https:\/\/www.schramas.com\/dk\/wp-json\/wp\/v2\/product\/10603\/revisions\/65896"}],"wp:featuredmedia":[{"embeddable":true,"href":"https:\/\/www.schramas.com\/dk\/wp-json\/wp\/v2\/media\/13675"}],"wp:attachment":[{"href":"https:\/\/www.schramas.com\/dk\/wp-json\/wp\/v2\/media?parent=10603"}],"wp:term":[{"taxonomy":"product_brand","embeddable":true,"href":"https:\/\/www.schramas.com\/dk\/wp-json\/wp\/v2\/product_brand?post=10603"},{"taxonomy":"product_cat","embeddable":true,"href":"https:\/\/www.schramas.com\/dk\/wp-json\/wp\/v2\/product_cat?post=10603"},{"taxonomy":"product_tag","embeddable":true,"href":"https:\/\/www.schramas.com\/dk\/wp-json\/wp\/v2\/product_tag?post=10603"}],"curies":[{"name":"wp","href":"https:\/\/api.w.org\/{rel}","templated":true}]}}