{"id":11037,"date":"2020-05-06T13:39:30","date_gmt":"2020-05-06T11:39:30","guid":{"rendered":"https:\/\/www.schramas.com\/?post_type=product&#038;p=11037"},"modified":"2026-03-26T16:34:18","modified_gmt":"2026-03-26T15:34:18","slug":"acer-palmatum-summer-gold-japansk-ahorn-3-liter-potte-gulgron-orange-blad-speciel-acer-potte-dyrket-til-have-terrasse-og-altan","status":"publish","type":"product","link":"https:\/\/www.schramas.com\/dk\/butik\/acer-palmatum-summer-gold-japansk-ahorn-3-liter-potte-gulgron-orange-blad-speciel-acer-potte-dyrket-til-have-terrasse-og-altan\/","title":{"rendered":"Acer palmatum 'Summer Gold', japansk ahorn, 3-liters potte"},"content":{"rendered":"<p>Denne japanske ahorn vokser langsomt og g\u00f8r sig derfor rigtig godt i haven eller p\u00e5 terrassen og altanen. Et fuldt udvokset tr\u00e6 er ikke h\u00f8jere end 1,5 til 2,5 meter. Placer tr\u00e6et p\u00e5 en beskyttet halvskyggeplads for at holde bladfarven bedst mulig. Tr\u00e6et starter om for\u00e5ret med dybt indsk\u00e5rne, smukke, gule blade, som bliver gulgr\u00f8nne om sommeren. Om efter\u00e5ret bliver bladene orange. Kort sagt: aldrig en kedelig have med denne Acer palmatum 'Orange Dream'. Produktets h\u00f8jde er ca. 50 cm. Et farverigt tilbud fra schramas.com.<\/p>","protected":false},"excerpt":{"rendered":"<p>Acer palmatum 'Sommerguld'<\/p>\n<p>Japansk ahorn<\/p>\n<p>Blomsterstand: udfoldede blade friske gule og senere gr\u00f8ngule og om efter\u00e5ret orange blade<\/p>\n<p>L\u00f8vf\u00e6ldende<\/p>\n<p>Hardy<\/p>\n<p>Maks. h\u00f8jde ca. 300 cm<\/p>\n<p>Leveringsh\u00f8jde inkl. potte: ca. 50 cm<\/p>\n<p>Grydest\u00f8rrelse: 3 liter<\/p>","protected":false},"featured_media":11038,"template":"","meta":{"_joinchat":[]},"product_brand":[],"product_cat":[302,262,300,3193,229,305],"product_tag":[795,786,794],"class_list":{"0":"post-11037","1":"product","2":"type-product","3":"status-publish","4":"has-post-thumbnail","6":"product_cat-bladverliezende-heesters","7":"product_cat-bomen-struiken","8":"product_cat-heesters","9":"product_cat-sierbomen","10":"product_cat-sierheesters","11":"product_cat-planten-heesters","12":"product_tag-geel-groen-oranje-blad","13":"product_tag-japanse-esdoorn","14":"product_tag-kleinblijvende-japanse-esdoorn","15":"pa_bloeimaanden-juni","16":"pa_bloeimaanden-augustus","17":"pa_groeihoogte-150-200-cm","18":"pa_pot-zonder-pot","20":"first","21":"outofstock","22":"taxable","23":"shipping-taxable","24":"purchasable","25":"product-type-simple"},"yoast_head":"<!-- This site is optimized with the Yoast SEO plugin v24.2 - https:\/\/yoast.com\/wordpress\/plugins\/seo\/ -->\n<title>Acer palmatum &#039;Summer Gold&#039;, Japanse esdoorn, 3 liter pot kopen | Planten eenvoudig online bestellen | Schramas.com<\/title>\n<meta name=\"robots\" content=\"index, follow, max-snippet:-1, max-image-preview:large, max-video-preview:-1\" \/>\n<link rel=\"canonical\" href=\"https:\/\/www.schramas.com\/dk\/butik\/acer-palmatum-summer-gold-japansk-ahorn-3-liter-potte-gulgron-orange-blad-speciel-acer-potte-dyrket-til-have-terrasse-og-altan\/\" \/>\n<meta property=\"og:locale\" content=\"da_DK\" \/>\n<meta property=\"og:type\" content=\"article\" \/>\n<meta property=\"og:title\" content=\"Acer palmatum &#039;Summer Gold&#039;, Japanse esdoorn, 3 liter pot kopen | Planten eenvoudig online bestellen | Schramas.com\" \/>\n<meta property=\"og:description\" content=\"Acer palmatum&#039; Summer Gold&#039;  Japanse esdoorn  Bloeiwijze: uitlopend blad fris geel en later groengeel en in de herfst oranje blad  Bladverliezend  Winterhard  Max. hoogte circa 300 cm  Leverhoogte incl. pot: ca. 50cm  Potmaat: 3 liter\" \/>\n<meta property=\"og:url\" content=\"https:\/\/www.schramas.com\/dk\/butik\/acer-palmatum-summer-gold-japansk-ahorn-3-liter-potte-gulgron-orange-blad-speciel-acer-potte-dyrket-til-have-terrasse-og-altan\/\" \/>\n<meta property=\"og:site_name\" content=\"Planten eenvoudig online bestellen | Schramas.com\" \/>\n<meta property=\"article:publisher\" content=\"https:\/\/www.facebook.com\/Schramascom-106872874153195\/\" \/>\n<meta property=\"article:modified_time\" content=\"2026-03-26T15:34:18+00:00\" \/>\n<meta property=\"og:image\" content=\"http:\/\/www.schramas.com\/wp-content\/uploads\/2020\/05\/summergold.jpg\" \/>\n\t<meta property=\"og:image:width\" content=\"284\" \/>\n\t<meta property=\"og:image:height\" content=\"177\" \/>\n\t<meta property=\"og:image:type\" content=\"image\/jpeg\" \/>\n<meta name=\"twitter:card\" content=\"summary_large_image\" \/>\n<script type=\"application\/ld+json\" class=\"yoast-schema-graph\">{\"@context\":\"https:\/\/schema.org\",\"@graph\":[{\"@type\":[\"WebPage\",\"ItemPage\"],\"@id\":\"https:\/\/www.schramas.com\/winkel\/acer-palmatum-summer-gold-japanse-esdoorn-3-liter-pot-geel-groen-oranje-blad-bijzondere-acer-pot-gekweekt-voor-tuin-terras-en-balkon\/\",\"url\":\"https:\/\/www.schramas.com\/winkel\/acer-palmatum-summer-gold-japanse-esdoorn-3-liter-pot-geel-groen-oranje-blad-bijzondere-acer-pot-gekweekt-voor-tuin-terras-en-balkon\/\",\"name\":\"Acer palmatum 'Summer Gold', Japanse esdoorn, 3 liter pot kopen | Planten eenvoudig online bestellen | Schramas.com\",\"isPartOf\":{\"@id\":\"https:\/\/www.schramas.com\/#website\"},\"primaryImageOfPage\":{\"@id\":\"https:\/\/www.schramas.com\/winkel\/acer-palmatum-summer-gold-japanse-esdoorn-3-liter-pot-geel-groen-oranje-blad-bijzondere-acer-pot-gekweekt-voor-tuin-terras-en-balkon\/#primaryimage\"},\"image\":{\"@id\":\"https:\/\/www.schramas.com\/winkel\/acer-palmatum-summer-gold-japanse-esdoorn-3-liter-pot-geel-groen-oranje-blad-bijzondere-acer-pot-gekweekt-voor-tuin-terras-en-balkon\/#primaryimage\"},\"thumbnailUrl\":\"https:\/\/www.schramas.com\/wp-content\/uploads\/2020\/05\/summergold.jpg\",\"datePublished\":\"2020-05-06T11:39:30+00:00\",\"dateModified\":\"2026-03-26T15:34:18+00:00\",\"breadcrumb\":{\"@id\":\"https:\/\/www.schramas.com\/winkel\/acer-palmatum-summer-gold-japanse-esdoorn-3-liter-pot-geel-groen-oranje-blad-bijzondere-acer-pot-gekweekt-voor-tuin-terras-en-balkon\/#breadcrumb\"},\"inLanguage\":\"da-DK\",\"potentialAction\":[{\"@type\":\"ReadAction\",\"target\":[\"https:\/\/www.schramas.com\/winkel\/acer-palmatum-summer-gold-japanse-esdoorn-3-liter-pot-geel-groen-oranje-blad-bijzondere-acer-pot-gekweekt-voor-tuin-terras-en-balkon\/\"]}]},{\"@type\":\"ImageObject\",\"inLanguage\":\"da-DK\",\"@id\":\"https:\/\/www.schramas.com\/winkel\/acer-palmatum-summer-gold-japanse-esdoorn-3-liter-pot-geel-groen-oranje-blad-bijzondere-acer-pot-gekweekt-voor-tuin-terras-en-balkon\/#primaryimage\",\"url\":\"https:\/\/www.schramas.com\/wp-content\/uploads\/2020\/05\/summergold.jpg\",\"contentUrl\":\"https:\/\/www.schramas.com\/wp-content\/uploads\/2020\/05\/summergold.jpg\",\"width\":284,\"height\":177},{\"@type\":\"BreadcrumbList\",\"@id\":\"https:\/\/www.schramas.com\/winkel\/acer-palmatum-summer-gold-japanse-esdoorn-3-liter-pot-geel-groen-oranje-blad-bijzondere-acer-pot-gekweekt-voor-tuin-terras-en-balkon\/#breadcrumb\",\"itemListElement\":[{\"@type\":\"ListItem\",\"position\":1,\"name\":\"Product\",\"item\":\"https:\/\/www.schramas.com\/assortiment\/\"},{\"@type\":\"ListItem\",\"position\":2,\"name\":\"Tuinplanten\",\"item\":\"https:\/\/www.schramas.com\/product-category\/planten-heesters\/\"},{\"@type\":\"ListItem\",\"position\":3,\"name\":\"Heesters\",\"item\":\"https:\/\/www.schramas.com\/product-category\/planten-heesters\/heesters\/\"},{\"@type\":\"ListItem\",\"position\":4,\"name\":\"Sierheesters\",\"item\":\"https:\/\/www.schramas.com\/product-category\/planten-heesters\/heesters\/sierheesters\/\"},{\"@type\":\"ListItem\",\"position\":5,\"name\":\"Acer palmatum &#8216;Summer Gold&#8217;, Japanse esdoorn, 3 liter pot\"}]},{\"@type\":\"WebSite\",\"@id\":\"https:\/\/www.schramas.com\/#website\",\"url\":\"https:\/\/www.schramas.com\/\",\"name\":\"Schramas.com | Tuinplanten eenvoudig online bestellen | Direct van onze Kwekerij\",\"description\":\"\",\"alternateName\":\"Schramas.com - Alle planten direct van de kweker\",\"potentialAction\":[{\"@type\":\"SearchAction\",\"target\":{\"@type\":\"EntryPoint\",\"urlTemplate\":\"https:\/\/www.schramas.com\/?s={search_term_string}\"},\"query-input\":{\"@type\":\"PropertyValueSpecification\",\"valueRequired\":true,\"valueName\":\"search_term_string\"}}],\"inLanguage\":\"da-DK\"}]}<\/script>\n<!-- \/ Yoast SEO plugin. -->","yoast_head_json":{"title":"Acer palmatum 'Summer Gold', japansk ahorn, k\u00f8b 3 liter potte | K\u00f8b planter nemt online | Schramas.com","robots":{"index":"index","follow":"follow","max-snippet":"max-snippet:-1","max-image-preview":"max-image-preview:large","max-video-preview":"max-video-preview:-1"},"canonical":"https:\/\/www.schramas.com\/dk\/butik\/acer-palmatum-summer-gold-japansk-ahorn-3-liter-potte-gulgron-orange-blad-speciel-acer-potte-dyrket-til-have-terrasse-og-altan\/","og_locale":"da_DK","og_type":"article","og_title":"Acer palmatum 'Summer Gold', Japanse esdoorn, 3 liter pot kopen | Planten eenvoudig online bestellen | Schramas.com","og_description":"Acer palmatum' Summer Gold'  Japanse esdoorn  Bloeiwijze: uitlopend blad fris geel en later groengeel en in de herfst oranje blad  Bladverliezend  Winterhard  Max. hoogte circa 300 cm  Leverhoogte incl. pot: ca. 50cm  Potmaat: 3 liter","og_url":"https:\/\/www.schramas.com\/dk\/butik\/acer-palmatum-summer-gold-japansk-ahorn-3-liter-potte-gulgron-orange-blad-speciel-acer-potte-dyrket-til-have-terrasse-og-altan\/","og_site_name":"Planten eenvoudig online bestellen | Schramas.com","article_publisher":"https:\/\/www.facebook.com\/Schramascom-106872874153195\/","article_modified_time":"2026-03-26T15:34:18+00:00","og_image":[{"width":284,"height":177,"url":"http:\/\/www.schramas.com\/wp-content\/uploads\/2020\/05\/summergold.jpg","type":"image\/jpeg"}],"twitter_card":"summary_large_image","schema":{"@context":"https:\/\/schema.org","@graph":[{"@type":["WebPage","ItemPage"],"@id":"https:\/\/www.schramas.com\/winkel\/acer-palmatum-summer-gold-japanse-esdoorn-3-liter-pot-geel-groen-oranje-blad-bijzondere-acer-pot-gekweekt-voor-tuin-terras-en-balkon\/","url":"https:\/\/www.schramas.com\/winkel\/acer-palmatum-summer-gold-japanse-esdoorn-3-liter-pot-geel-groen-oranje-blad-bijzondere-acer-pot-gekweekt-voor-tuin-terras-en-balkon\/","name":"Acer palmatum 'Summer Gold', japansk ahorn, k\u00f8b 3 liter potte | K\u00f8b planter nemt online | Schramas.com","isPartOf":{"@id":"https:\/\/www.schramas.com\/#website"},"primaryImageOfPage":{"@id":"https:\/\/www.schramas.com\/winkel\/acer-palmatum-summer-gold-japanse-esdoorn-3-liter-pot-geel-groen-oranje-blad-bijzondere-acer-pot-gekweekt-voor-tuin-terras-en-balkon\/#primaryimage"},"image":{"@id":"https:\/\/www.schramas.com\/winkel\/acer-palmatum-summer-gold-japanse-esdoorn-3-liter-pot-geel-groen-oranje-blad-bijzondere-acer-pot-gekweekt-voor-tuin-terras-en-balkon\/#primaryimage"},"thumbnailUrl":"https:\/\/www.schramas.com\/wp-content\/uploads\/2020\/05\/summergold.jpg","datePublished":"2020-05-06T11:39:30+00:00","dateModified":"2026-03-26T15:34:18+00:00","breadcrumb":{"@id":"https:\/\/www.schramas.com\/winkel\/acer-palmatum-summer-gold-japanse-esdoorn-3-liter-pot-geel-groen-oranje-blad-bijzondere-acer-pot-gekweekt-voor-tuin-terras-en-balkon\/#breadcrumb"},"inLanguage":"da-DK","potentialAction":[{"@type":"ReadAction","target":["https:\/\/www.schramas.com\/winkel\/acer-palmatum-summer-gold-japanse-esdoorn-3-liter-pot-geel-groen-oranje-blad-bijzondere-acer-pot-gekweekt-voor-tuin-terras-en-balkon\/"]}]},{"@type":"ImageObject","inLanguage":"da-DK","@id":"https:\/\/www.schramas.com\/winkel\/acer-palmatum-summer-gold-japanse-esdoorn-3-liter-pot-geel-groen-oranje-blad-bijzondere-acer-pot-gekweekt-voor-tuin-terras-en-balkon\/#primaryimage","url":"https:\/\/www.schramas.com\/wp-content\/uploads\/2020\/05\/summergold.jpg","contentUrl":"https:\/\/www.schramas.com\/wp-content\/uploads\/2020\/05\/summergold.jpg","width":284,"height":177},{"@type":"BreadcrumbList","@id":"https:\/\/www.schramas.com\/winkel\/acer-palmatum-summer-gold-japanse-esdoorn-3-liter-pot-geel-groen-oranje-blad-bijzondere-acer-pot-gekweekt-voor-tuin-terras-en-balkon\/#breadcrumb","itemListElement":[{"@type":"ListItem","position":1,"name":"Product","item":"https:\/\/www.schramas.com\/assortiment\/"},{"@type":"ListItem","position":2,"name":"Tuinplanten","item":"https:\/\/www.schramas.com\/product-category\/planten-heesters\/"},{"@type":"ListItem","position":3,"name":"Heesters","item":"https:\/\/www.schramas.com\/product-category\/planten-heesters\/heesters\/"},{"@type":"ListItem","position":4,"name":"Sierheesters","item":"https:\/\/www.schramas.com\/product-category\/planten-heesters\/heesters\/sierheesters\/"},{"@type":"ListItem","position":5,"name":"Acer palmatum &#8216;Summer Gold&#8217;, Japanse esdoorn, 3 liter pot"}]},{"@type":"WebSite","@id":"https:\/\/www.schramas.com\/#website","url":"https:\/\/www.schramas.com\/","name":"Schramas.com | Haveplanter bestilles nemt online | Direkte fra vores gartneri","description":"","alternateName":"Schramas.com - Alle planten direct van de kweker","potentialAction":[{"@type":"SearchAction","target":{"@type":"EntryPoint","urlTemplate":"https:\/\/www.schramas.com\/?s={search_term_string}"},"query-input":{"@type":"PropertyValueSpecification","valueRequired":true,"valueName":"search_term_string"}}],"inLanguage":"da-DK"}]}},"_links":{"self":[{"href":"https:\/\/www.schramas.com\/dk\/wp-json\/wp\/v2\/product\/11037","targetHints":{"allow":["GET"]}}],"collection":[{"href":"https:\/\/www.schramas.com\/dk\/wp-json\/wp\/v2\/product"}],"about":[{"href":"https:\/\/www.schramas.com\/dk\/wp-json\/wp\/v2\/types\/product"}],"version-history":[{"count":1,"href":"https:\/\/www.schramas.com\/dk\/wp-json\/wp\/v2\/product\/11037\/revisions"}],"predecessor-version":[{"id":54294,"href":"https:\/\/www.schramas.com\/dk\/wp-json\/wp\/v2\/product\/11037\/revisions\/54294"}],"wp:featuredmedia":[{"embeddable":true,"href":"https:\/\/www.schramas.com\/dk\/wp-json\/wp\/v2\/media\/11038"}],"wp:attachment":[{"href":"https:\/\/www.schramas.com\/dk\/wp-json\/wp\/v2\/media?parent=11037"}],"wp:term":[{"taxonomy":"product_brand","embeddable":true,"href":"https:\/\/www.schramas.com\/dk\/wp-json\/wp\/v2\/product_brand?post=11037"},{"taxonomy":"product_cat","embeddable":true,"href":"https:\/\/www.schramas.com\/dk\/wp-json\/wp\/v2\/product_cat?post=11037"},{"taxonomy":"product_tag","embeddable":true,"href":"https:\/\/www.schramas.com\/dk\/wp-json\/wp\/v2\/product_tag?post=11037"}],"curies":[{"name":"wp","href":"https:\/\/api.w.org\/{rel}","templated":true}]}}