{"id":12326,"date":"2020-09-15T10:12:24","date_gmt":"2020-09-15T08:12:24","guid":{"rendered":"https:\/\/www.schramas.com\/?post_type=product&#038;p=12326"},"modified":"2026-03-26T16:34:19","modified_gmt":"2026-03-26T15:34:19","slug":"fargesia-robusta-bambus-staude-til-have-terrasse-altan","status":"publish","type":"product","link":"https:\/\/www.schramas.com\/dk\/butik\/fargesia-robusta-bambus-staude-til-have-terrasse-altan\/","title":{"rendered":"Fargesia robusta bambus, staude i 4-liters potte 50 cm +."},"content":{"rendered":"<p>Denne bambusart er stolpeformende, hvilket betyder, at den ikke breder sig i haven. Fargesia er fremragende som skillev\u00e6g, men kan selvf\u00f8lgelig ogs\u00e5 st\u00e5 alene. Den er h\u00e5rdf\u00f8r og stedsegr\u00f8n. Fordi d\u00e6kbladene bliver siddende p\u00e5 de unge st\u00e6ngler, f\u00e5r denne bambusart en smuk gr\u00f8n-hvid effekt. Denne plante spreder sig ikke, men kan nemt blive 3,5 meter h\u00f8j!<\/p>\n<p>Leveres i en 4-liters potte, der er 50 cm + h\u00f8j.<\/p>","protected":false},"excerpt":{"rendered":"<p>Fargesia robusta (bambus)<\/p>\n<p>Bladfarve: gr\u00f8n, gennem de bagvedliggende h\u00f8jblade er st\u00e6nglen gr\u00f8n-hvidstribet<\/p>\n<p>H\u00e5rdf\u00f8r, stedsegr\u00f8n<\/p>\n<p>H\u00f8jde: ca. 25-30 cm<\/p>\n<p>Pottest\u00f8rrelse: 2 liter potte<\/p>","protected":false},"featured_media":16286,"template":"","meta":{"_joinchat":[]},"product_brand":[],"product_cat":[303,229,805],"product_tag":[540,541,539,542,499,351],"class_list":{"0":"post-12326","1":"product","2":"type-product","3":"status-publish","4":"has-post-thumbnail","6":"product_cat-groenblijvende-heesters","7":"product_cat-sierheesters","8":"product_cat-winter","9":"product_tag-bamboe","10":"product_tag-bamboo","11":"product_tag-fargesia","12":"product_tag-groen-wit","13":"product_tag-groenblijvend","14":"product_tag-winterhard","15":"pa_groeihoogte-300-cm","16":"pa_pot-zonder-pot","18":"first","19":"outofstock","20":"taxable","21":"shipping-taxable","22":"purchasable","23":"product-type-simple"},"yoast_head":"<!-- This site is optimized with the Yoast SEO plugin v24.2 - https:\/\/yoast.com\/wordpress\/plugins\/seo\/ -->\n<title>Fargesia robusta bamboe, vaste plant in 4 liter pot 50cm + kopen | Planten eenvoudig online bestellen | Schramas.com<\/title>\n<meta name=\"robots\" content=\"index, follow, max-snippet:-1, max-image-preview:large, max-video-preview:-1\" \/>\n<link rel=\"canonical\" href=\"https:\/\/www.schramas.com\/dk\/butik\/fargesia-robusta-bambus-staude-til-have-terrasse-altan\/\" \/>\n<meta property=\"og:locale\" content=\"da_DK\" \/>\n<meta property=\"og:type\" content=\"article\" \/>\n<meta property=\"og:title\" content=\"Fargesia robusta bamboe, vaste plant in 4 liter pot 50cm + kopen | Planten eenvoudig online bestellen | Schramas.com\" \/>\n<meta property=\"og:description\" content=\"Fargesia robusta ( bamboe)  Kleur blad: groen, door achterblijvend schutblad is de stengel groen wit gestreept  Winterhard, groenblijvend  Hoogte: circa 25-30 cm  Potmaat: 2 liter pot\" \/>\n<meta property=\"og:url\" content=\"https:\/\/www.schramas.com\/dk\/butik\/fargesia-robusta-bambus-staude-til-have-terrasse-altan\/\" \/>\n<meta property=\"og:site_name\" content=\"Planten eenvoudig online bestellen | Schramas.com\" \/>\n<meta property=\"article:publisher\" content=\"https:\/\/www.facebook.com\/Schramascom-106872874153195\/\" \/>\n<meta property=\"article:modified_time\" content=\"2026-03-26T15:34:19+00:00\" \/>\n<meta property=\"og:image\" content=\"https:\/\/www.schramas.com\/wp-content\/uploads\/2021\/06\/210617_9509675411162_Fargesia-robusta-bewerkt-vooraanzicht.png\" \/>\n\t<meta property=\"og:image:width\" content=\"1200\" \/>\n\t<meta property=\"og:image:height\" content=\"1200\" \/>\n\t<meta property=\"og:image:type\" content=\"image\/png\" \/>\n<meta name=\"twitter:card\" content=\"summary_large_image\" \/>\n<script type=\"application\/ld+json\" class=\"yoast-schema-graph\">{\"@context\":\"https:\/\/schema.org\",\"@graph\":[{\"@type\":[\"WebPage\",\"ItemPage\"],\"@id\":\"https:\/\/www.schramas.com\/winkel\/fargesia-robusta-bamboe-vaste-plant-voor-tuin-terras-balkon\/\",\"url\":\"https:\/\/www.schramas.com\/winkel\/fargesia-robusta-bamboe-vaste-plant-voor-tuin-terras-balkon\/\",\"name\":\"Fargesia robusta bamboe, vaste plant in 4 liter pot 50cm + kopen | Planten eenvoudig online bestellen | Schramas.com\",\"isPartOf\":{\"@id\":\"https:\/\/www.schramas.com\/#website\"},\"primaryImageOfPage\":{\"@id\":\"https:\/\/www.schramas.com\/winkel\/fargesia-robusta-bamboe-vaste-plant-voor-tuin-terras-balkon\/#primaryimage\"},\"image\":{\"@id\":\"https:\/\/www.schramas.com\/winkel\/fargesia-robusta-bamboe-vaste-plant-voor-tuin-terras-balkon\/#primaryimage\"},\"thumbnailUrl\":\"https:\/\/www.schramas.com\/wp-content\/uploads\/2021\/06\/210617_9509675411162_Fargesia-robusta-bewerkt-vooraanzicht.png\",\"datePublished\":\"2020-09-15T08:12:24+00:00\",\"dateModified\":\"2026-03-26T15:34:19+00:00\",\"breadcrumb\":{\"@id\":\"https:\/\/www.schramas.com\/winkel\/fargesia-robusta-bamboe-vaste-plant-voor-tuin-terras-balkon\/#breadcrumb\"},\"inLanguage\":\"da-DK\",\"potentialAction\":[{\"@type\":\"ReadAction\",\"target\":[\"https:\/\/www.schramas.com\/winkel\/fargesia-robusta-bamboe-vaste-plant-voor-tuin-terras-balkon\/\"]}]},{\"@type\":\"ImageObject\",\"inLanguage\":\"da-DK\",\"@id\":\"https:\/\/www.schramas.com\/winkel\/fargesia-robusta-bamboe-vaste-plant-voor-tuin-terras-balkon\/#primaryimage\",\"url\":\"https:\/\/www.schramas.com\/wp-content\/uploads\/2021\/06\/210617_9509675411162_Fargesia-robusta-bewerkt-vooraanzicht.png\",\"contentUrl\":\"https:\/\/www.schramas.com\/wp-content\/uploads\/2021\/06\/210617_9509675411162_Fargesia-robusta-bewerkt-vooraanzicht.png\",\"width\":1200,\"height\":1200},{\"@type\":\"BreadcrumbList\",\"@id\":\"https:\/\/www.schramas.com\/winkel\/fargesia-robusta-bamboe-vaste-plant-voor-tuin-terras-balkon\/#breadcrumb\",\"itemListElement\":[{\"@type\":\"ListItem\",\"position\":1,\"name\":\"Product\",\"item\":\"https:\/\/www.schramas.com\/assortiment\/\"},{\"@type\":\"ListItem\",\"position\":2,\"name\":\"Tuinplanten\",\"item\":\"https:\/\/www.schramas.com\/product-category\/planten-heesters\/\"},{\"@type\":\"ListItem\",\"position\":3,\"name\":\"Heesters\",\"item\":\"https:\/\/www.schramas.com\/product-category\/planten-heesters\/heesters\/\"},{\"@type\":\"ListItem\",\"position\":4,\"name\":\"Sierheesters\",\"item\":\"https:\/\/www.schramas.com\/product-category\/planten-heesters\/heesters\/sierheesters\/\"},{\"@type\":\"ListItem\",\"position\":5,\"name\":\"Fargesia robusta bamboe, vaste plant in 4 liter pot 50cm +\"}]},{\"@type\":\"WebSite\",\"@id\":\"https:\/\/www.schramas.com\/#website\",\"url\":\"https:\/\/www.schramas.com\/\",\"name\":\"Schramas.com | Tuinplanten eenvoudig online bestellen | Direct van onze Kwekerij\",\"description\":\"\",\"alternateName\":\"Schramas.com - Alle planten direct van de kweker\",\"potentialAction\":[{\"@type\":\"SearchAction\",\"target\":{\"@type\":\"EntryPoint\",\"urlTemplate\":\"https:\/\/www.schramas.com\/?s={search_term_string}\"},\"query-input\":{\"@type\":\"PropertyValueSpecification\",\"valueRequired\":true,\"valueName\":\"search_term_string\"}}],\"inLanguage\":\"da-DK\"}]}<\/script>\n<!-- \/ Yoast SEO plugin. -->","yoast_head_json":{"title":"Fargesia robusta bambus, fler\u00e5rig plante i 4 liters potte 50cm + k\u00f8b | Planter nem online bestilling | Schramas.com","robots":{"index":"index","follow":"follow","max-snippet":"max-snippet:-1","max-image-preview":"max-image-preview:large","max-video-preview":"max-video-preview:-1"},"canonical":"https:\/\/www.schramas.com\/dk\/butik\/fargesia-robusta-bambus-staude-til-have-terrasse-altan\/","og_locale":"da_DK","og_type":"article","og_title":"Fargesia robusta bamboe, vaste plant in 4 liter pot 50cm + kopen | Planten eenvoudig online bestellen | Schramas.com","og_description":"Fargesia robusta ( bamboe)  Kleur blad: groen, door achterblijvend schutblad is de stengel groen wit gestreept  Winterhard, groenblijvend  Hoogte: circa 25-30 cm  Potmaat: 2 liter pot","og_url":"https:\/\/www.schramas.com\/dk\/butik\/fargesia-robusta-bambus-staude-til-have-terrasse-altan\/","og_site_name":"Planten eenvoudig online bestellen | Schramas.com","article_publisher":"https:\/\/www.facebook.com\/Schramascom-106872874153195\/","article_modified_time":"2026-03-26T15:34:19+00:00","og_image":[{"width":1200,"height":1200,"url":"https:\/\/www.schramas.com\/wp-content\/uploads\/2021\/06\/210617_9509675411162_Fargesia-robusta-bewerkt-vooraanzicht.png","type":"image\/png"}],"twitter_card":"summary_large_image","schema":{"@context":"https:\/\/schema.org","@graph":[{"@type":["WebPage","ItemPage"],"@id":"https:\/\/www.schramas.com\/winkel\/fargesia-robusta-bamboe-vaste-plant-voor-tuin-terras-balkon\/","url":"https:\/\/www.schramas.com\/winkel\/fargesia-robusta-bamboe-vaste-plant-voor-tuin-terras-balkon\/","name":"Fargesia robusta bambus, fler\u00e5rig plante i 4 liters potte 50cm + k\u00f8b | Planter nem online bestilling | Schramas.com","isPartOf":{"@id":"https:\/\/www.schramas.com\/#website"},"primaryImageOfPage":{"@id":"https:\/\/www.schramas.com\/winkel\/fargesia-robusta-bamboe-vaste-plant-voor-tuin-terras-balkon\/#primaryimage"},"image":{"@id":"https:\/\/www.schramas.com\/winkel\/fargesia-robusta-bamboe-vaste-plant-voor-tuin-terras-balkon\/#primaryimage"},"thumbnailUrl":"https:\/\/www.schramas.com\/wp-content\/uploads\/2021\/06\/210617_9509675411162_Fargesia-robusta-bewerkt-vooraanzicht.png","datePublished":"2020-09-15T08:12:24+00:00","dateModified":"2026-03-26T15:34:19+00:00","breadcrumb":{"@id":"https:\/\/www.schramas.com\/winkel\/fargesia-robusta-bamboe-vaste-plant-voor-tuin-terras-balkon\/#breadcrumb"},"inLanguage":"da-DK","potentialAction":[{"@type":"ReadAction","target":["https:\/\/www.schramas.com\/winkel\/fargesia-robusta-bamboe-vaste-plant-voor-tuin-terras-balkon\/"]}]},{"@type":"ImageObject","inLanguage":"da-DK","@id":"https:\/\/www.schramas.com\/winkel\/fargesia-robusta-bamboe-vaste-plant-voor-tuin-terras-balkon\/#primaryimage","url":"https:\/\/www.schramas.com\/wp-content\/uploads\/2021\/06\/210617_9509675411162_Fargesia-robusta-bewerkt-vooraanzicht.png","contentUrl":"https:\/\/www.schramas.com\/wp-content\/uploads\/2021\/06\/210617_9509675411162_Fargesia-robusta-bewerkt-vooraanzicht.png","width":1200,"height":1200},{"@type":"BreadcrumbList","@id":"https:\/\/www.schramas.com\/winkel\/fargesia-robusta-bamboe-vaste-plant-voor-tuin-terras-balkon\/#breadcrumb","itemListElement":[{"@type":"ListItem","position":1,"name":"Product","item":"https:\/\/www.schramas.com\/assortiment\/"},{"@type":"ListItem","position":2,"name":"Tuinplanten","item":"https:\/\/www.schramas.com\/product-category\/planten-heesters\/"},{"@type":"ListItem","position":3,"name":"Heesters","item":"https:\/\/www.schramas.com\/product-category\/planten-heesters\/heesters\/"},{"@type":"ListItem","position":4,"name":"Sierheesters","item":"https:\/\/www.schramas.com\/product-category\/planten-heesters\/heesters\/sierheesters\/"},{"@type":"ListItem","position":5,"name":"Fargesia robusta bamboe, vaste plant in 4 liter pot 50cm +"}]},{"@type":"WebSite","@id":"https:\/\/www.schramas.com\/#website","url":"https:\/\/www.schramas.com\/","name":"Schramas.com | Haveplanter bestilles nemt online | Direkte fra vores gartneri","description":"","alternateName":"Schramas.com - Alle planten direct van de kweker","potentialAction":[{"@type":"SearchAction","target":{"@type":"EntryPoint","urlTemplate":"https:\/\/www.schramas.com\/?s={search_term_string}"},"query-input":{"@type":"PropertyValueSpecification","valueRequired":true,"valueName":"search_term_string"}}],"inLanguage":"da-DK"}]}},"_links":{"self":[{"href":"https:\/\/www.schramas.com\/dk\/wp-json\/wp\/v2\/product\/12326","targetHints":{"allow":["GET"]}}],"collection":[{"href":"https:\/\/www.schramas.com\/dk\/wp-json\/wp\/v2\/product"}],"about":[{"href":"https:\/\/www.schramas.com\/dk\/wp-json\/wp\/v2\/types\/product"}],"version-history":[{"count":0,"href":"https:\/\/www.schramas.com\/dk\/wp-json\/wp\/v2\/product\/12326\/revisions"}],"wp:featuredmedia":[{"embeddable":true,"href":"https:\/\/www.schramas.com\/dk\/wp-json\/wp\/v2\/media\/16286"}],"wp:attachment":[{"href":"https:\/\/www.schramas.com\/dk\/wp-json\/wp\/v2\/media?parent=12326"}],"wp:term":[{"taxonomy":"product_brand","embeddable":true,"href":"https:\/\/www.schramas.com\/dk\/wp-json\/wp\/v2\/product_brand?post=12326"},{"taxonomy":"product_cat","embeddable":true,"href":"https:\/\/www.schramas.com\/dk\/wp-json\/wp\/v2\/product_cat?post=12326"},{"taxonomy":"product_tag","embeddable":true,"href":"https:\/\/www.schramas.com\/dk\/wp-json\/wp\/v2\/product_tag?post=12326"}],"curies":[{"name":"wp","href":"https:\/\/api.w.org\/{rel}","templated":true}]}}