{"id":13626,"date":"2021-01-30T10:43:01","date_gmt":"2021-01-30T09:43:01","guid":{"rendered":"https:\/\/www.schramas.com\/?post_type=product&#038;p=13626"},"modified":"2026-03-26T16:34:22","modified_gmt":"2026-03-26T15:34:22","slug":"rubus-fruticosus-waldo-grundstamme-tornfri-brombaerbusk","status":"publish","type":"product","link":"https:\/\/www.schramas.com\/dk\/butik\/rubus-fruticosus-waldo-grundstamme-tornfri-brombaerbusk\/","title":{"rendered":"Rubus fruticosus 'Waldo' tornfri bromb\u00e6rbusk, grundstamme"},"content":{"rendered":"<p>Waldo er en tung afsk\u00e6rer af fast, attraktiv frugt med et blankt udseende. B\u00e6rrene er ekstremt store og har en enest\u00e5ende smag. Waldo er en tidligt blomstrende tornefri sort. For de bedste resultater har planten brug for delvis skygge eller fuld sollys. Dette produkt leveres som rodmateriale!<\/p>","protected":false},"excerpt":{"rendered":"<p>Rubus fruticosus Waldo<\/p>\n<p>Smag: s\u00f8d<\/p>\n<p>Maks. h\u00f8jde: 150-200 cm<\/p>\n<p>Beskyt mod frost det f\u00f8rste \u00e5r<\/p>\n<p>Denne busk leveres som grundstamme, alts\u00e5 uden potte.<\/p>","protected":false},"featured_media":13627,"template":"","meta":{"_joinchat":[]},"product_brand":[],"product_cat":[262,44,234],"product_tag":[731,807,806,730],"class_list":{"0":"post-13626","1":"product","2":"type-product","3":"status-publish","4":"has-post-thumbnail","6":"product_cat-bomen-struiken","7":"product_cat-bramen","8":"product_cat-fruitstruiken","9":"product_tag-braam","10":"product_tag-bramen","11":"product_tag-bramenstruik","12":"product_tag-doornloos","13":"pa_groeihoogte-150-200-cm","14":"pa_pot-naaktwortelig","16":"first","17":"outofstock","18":"taxable","19":"shipping-taxable","20":"purchasable","21":"product-type-simple"},"yoast_head":"<!-- This site is optimized with the Yoast SEO plugin v24.2 - https:\/\/yoast.com\/wordpress\/plugins\/seo\/ -->\n<title>Rubus fruticosus &#039;Waldo&#039; doornloze bramenstruik, wortelgoed kopen | Planten eenvoudig online bestellen | Schramas.com<\/title>\n<meta name=\"robots\" content=\"index, follow, max-snippet:-1, max-image-preview:large, max-video-preview:-1\" \/>\n<link rel=\"canonical\" href=\"https:\/\/www.schramas.com\/dk\/butik\/rubus-fruticosus-waldo-grundstamme-tornfri-brombaerbusk\/\" \/>\n<meta property=\"og:locale\" content=\"da_DK\" \/>\n<meta property=\"og:type\" content=\"article\" \/>\n<meta property=\"og:title\" content=\"Rubus fruticosus &#039;Waldo&#039; doornloze bramenstruik, wortelgoed kopen | Planten eenvoudig online bestellen | Schramas.com\" \/>\n<meta property=\"og:description\" content=\"Rubus fruticosus Waldo Smaak: zoet Max. hoogte: 150-200 cm Eerste jaar beschermen tegen vorst Deze struik wordt als wortelgoed geleverd dus zonder pot.\" \/>\n<meta property=\"og:url\" content=\"https:\/\/www.schramas.com\/dk\/butik\/rubus-fruticosus-waldo-grundstamme-tornfri-brombaerbusk\/\" \/>\n<meta property=\"og:site_name\" content=\"Planten eenvoudig online bestellen | Schramas.com\" \/>\n<meta property=\"article:publisher\" content=\"https:\/\/www.facebook.com\/Schramascom-106872874153195\/\" \/>\n<meta property=\"article:modified_time\" content=\"2026-03-26T15:34:22+00:00\" \/>\n<meta property=\"og:image\" content=\"https:\/\/www.schramas.com\/wp-content\/uploads\/2021\/01\/Rubus-fruticosus-Waldo-wortelgoed.png\" \/>\n\t<meta property=\"og:image:width\" content=\"500\" \/>\n\t<meta property=\"og:image:height\" content=\"500\" \/>\n\t<meta property=\"og:image:type\" content=\"image\/png\" \/>\n<meta name=\"twitter:card\" content=\"summary_large_image\" \/>\n<script type=\"application\/ld+json\" class=\"yoast-schema-graph\">{\"@context\":\"https:\/\/schema.org\",\"@graph\":[{\"@type\":[\"WebPage\",\"ItemPage\"],\"@id\":\"https:\/\/www.schramas.com\/en\/shop\/rubus-fruticosus-waldo-bare-root-stock-thornless-blackberry-bush\/\",\"url\":\"https:\/\/www.schramas.com\/en\/shop\/rubus-fruticosus-waldo-bare-root-stock-thornless-blackberry-bush\/\",\"name\":\"Rubus fruticosus 'Waldo' doornloze bramenstruik, wortelgoed kopen | Planten eenvoudig online bestellen | Schramas.com\",\"isPartOf\":{\"@id\":\"https:\/\/www.schramas.com\/#website\"},\"primaryImageOfPage\":{\"@id\":\"https:\/\/www.schramas.com\/en\/shop\/rubus-fruticosus-waldo-bare-root-stock-thornless-blackberry-bush\/#primaryimage\"},\"image\":{\"@id\":\"https:\/\/www.schramas.com\/en\/shop\/rubus-fruticosus-waldo-bare-root-stock-thornless-blackberry-bush\/#primaryimage\"},\"thumbnailUrl\":\"https:\/\/www.schramas.com\/wp-content\/uploads\/2021\/01\/Rubus-fruticosus-Waldo-wortelgoed.png\",\"datePublished\":\"2021-01-30T09:43:01+00:00\",\"dateModified\":\"2026-03-26T15:34:22+00:00\",\"breadcrumb\":{\"@id\":\"https:\/\/www.schramas.com\/en\/shop\/rubus-fruticosus-waldo-bare-root-stock-thornless-blackberry-bush\/#breadcrumb\"},\"inLanguage\":\"da-DK\",\"potentialAction\":[{\"@type\":\"ReadAction\",\"target\":[\"https:\/\/www.schramas.com\/en\/shop\/rubus-fruticosus-waldo-bare-root-stock-thornless-blackberry-bush\/\"]}]},{\"@type\":\"ImageObject\",\"inLanguage\":\"da-DK\",\"@id\":\"https:\/\/www.schramas.com\/en\/shop\/rubus-fruticosus-waldo-bare-root-stock-thornless-blackberry-bush\/#primaryimage\",\"url\":\"https:\/\/www.schramas.com\/wp-content\/uploads\/2021\/01\/Rubus-fruticosus-Waldo-wortelgoed.png\",\"contentUrl\":\"https:\/\/www.schramas.com\/wp-content\/uploads\/2021\/01\/Rubus-fruticosus-Waldo-wortelgoed.png\",\"width\":500,\"height\":500},{\"@type\":\"BreadcrumbList\",\"@id\":\"https:\/\/www.schramas.com\/en\/shop\/rubus-fruticosus-waldo-bare-root-stock-thornless-blackberry-bush\/#breadcrumb\",\"itemListElement\":[{\"@type\":\"ListItem\",\"position\":1,\"name\":\"Product\",\"item\":\"https:\/\/www.schramas.com\/assortiment\/\"},{\"@type\":\"ListItem\",\"position\":2,\"name\":\"Bomen &amp; Struiken\",\"item\":\"https:\/\/www.schramas.com\/product-category\/bomen-struiken\/\"},{\"@type\":\"ListItem\",\"position\":3,\"name\":\"Fruitstruiken\",\"item\":\"https:\/\/www.schramas.com\/de\/produktkategorie\/baume-und-straucher\/obststraucher\/\"},{\"@type\":\"ListItem\",\"position\":4,\"name\":\"Bramen\",\"item\":\"https:\/\/www.schramas.com\/product-category\/bomen-struiken\/fruitstruiken\/bramen\/\"},{\"@type\":\"ListItem\",\"position\":5,\"name\":\"Rubus fruticosus &#8216;Waldo&#8217; doornloze bramenstruik, wortelgoed\"}]},{\"@type\":\"WebSite\",\"@id\":\"https:\/\/www.schramas.com\/#website\",\"url\":\"https:\/\/www.schramas.com\/\",\"name\":\"Schramas.com | Tuinplanten eenvoudig online bestellen | Direct van onze Kwekerij\",\"description\":\"\",\"alternateName\":\"Schramas.com - Alle planten direct van de kweker\",\"potentialAction\":[{\"@type\":\"SearchAction\",\"target\":{\"@type\":\"EntryPoint\",\"urlTemplate\":\"https:\/\/www.schramas.com\/?s={search_term_string}\"},\"query-input\":{\"@type\":\"PropertyValueSpecification\",\"valueRequired\":true,\"valueName\":\"search_term_string\"}}],\"inLanguage\":\"da-DK\"}]}<\/script>\n<!-- \/ Yoast SEO plugin. -->","yoast_head_json":{"title":"K\u00f8b Rubus fruticosus &#039;Waldo&#039; tornfri bromb\u00e6rbusk, grundstamme | Bestil nemt planter online | Schramas.com","robots":{"index":"index","follow":"follow","max-snippet":"max-snippet:-1","max-image-preview":"max-image-preview:large","max-video-preview":"max-video-preview:-1"},"canonical":"https:\/\/www.schramas.com\/dk\/butik\/rubus-fruticosus-waldo-grundstamme-tornfri-brombaerbusk\/","og_locale":"da_DK","og_type":"article","og_title":"Rubus fruticosus 'Waldo' doornloze bramenstruik, wortelgoed kopen | Planten eenvoudig online bestellen | Schramas.com","og_description":"Rubus fruticosus Waldo Smaak: zoet Max. hoogte: 150-200 cm Eerste jaar beschermen tegen vorst Deze struik wordt als wortelgoed geleverd dus zonder pot.","og_url":"https:\/\/www.schramas.com\/dk\/butik\/rubus-fruticosus-waldo-grundstamme-tornfri-brombaerbusk\/","og_site_name":"Planten eenvoudig online bestellen | Schramas.com","article_publisher":"https:\/\/www.facebook.com\/Schramascom-106872874153195\/","article_modified_time":"2026-03-26T15:34:22+00:00","og_image":[{"width":500,"height":500,"url":"https:\/\/www.schramas.com\/wp-content\/uploads\/2021\/01\/Rubus-fruticosus-Waldo-wortelgoed.png","type":"image\/png"}],"twitter_card":"summary_large_image","schema":{"@context":"https:\/\/schema.org","@graph":[{"@type":["WebPage","ItemPage"],"@id":"https:\/\/www.schramas.com\/en\/shop\/rubus-fruticosus-waldo-bare-root-stock-thornless-blackberry-bush\/","url":"https:\/\/www.schramas.com\/en\/shop\/rubus-fruticosus-waldo-bare-root-stock-thornless-blackberry-bush\/","name":"K\u00f8b Rubus fruticosus &#039;Waldo&#039; tornfri bromb\u00e6rbusk, grundstamme | Bestil nemt planter online | Schramas.com","isPartOf":{"@id":"https:\/\/www.schramas.com\/#website"},"primaryImageOfPage":{"@id":"https:\/\/www.schramas.com\/en\/shop\/rubus-fruticosus-waldo-bare-root-stock-thornless-blackberry-bush\/#primaryimage"},"image":{"@id":"https:\/\/www.schramas.com\/en\/shop\/rubus-fruticosus-waldo-bare-root-stock-thornless-blackberry-bush\/#primaryimage"},"thumbnailUrl":"https:\/\/www.schramas.com\/wp-content\/uploads\/2021\/01\/Rubus-fruticosus-Waldo-wortelgoed.png","datePublished":"2021-01-30T09:43:01+00:00","dateModified":"2026-03-26T15:34:22+00:00","breadcrumb":{"@id":"https:\/\/www.schramas.com\/en\/shop\/rubus-fruticosus-waldo-bare-root-stock-thornless-blackberry-bush\/#breadcrumb"},"inLanguage":"da-DK","potentialAction":[{"@type":"ReadAction","target":["https:\/\/www.schramas.com\/en\/shop\/rubus-fruticosus-waldo-bare-root-stock-thornless-blackberry-bush\/"]}]},{"@type":"ImageObject","inLanguage":"da-DK","@id":"https:\/\/www.schramas.com\/en\/shop\/rubus-fruticosus-waldo-bare-root-stock-thornless-blackberry-bush\/#primaryimage","url":"https:\/\/www.schramas.com\/wp-content\/uploads\/2021\/01\/Rubus-fruticosus-Waldo-wortelgoed.png","contentUrl":"https:\/\/www.schramas.com\/wp-content\/uploads\/2021\/01\/Rubus-fruticosus-Waldo-wortelgoed.png","width":500,"height":500},{"@type":"BreadcrumbList","@id":"https:\/\/www.schramas.com\/en\/shop\/rubus-fruticosus-waldo-bare-root-stock-thornless-blackberry-bush\/#breadcrumb","itemListElement":[{"@type":"ListItem","position":1,"name":"Product","item":"https:\/\/www.schramas.com\/assortiment\/"},{"@type":"ListItem","position":2,"name":"Bomen &amp; Struiken","item":"https:\/\/www.schramas.com\/product-category\/bomen-struiken\/"},{"@type":"ListItem","position":3,"name":"Fruitstruiken","item":"https:\/\/www.schramas.com\/de\/produktkategorie\/baume-und-straucher\/obststraucher\/"},{"@type":"ListItem","position":4,"name":"Bramen","item":"https:\/\/www.schramas.com\/product-category\/bomen-struiken\/fruitstruiken\/bramen\/"},{"@type":"ListItem","position":5,"name":"Rubus fruticosus &#8216;Waldo&#8217; doornloze bramenstruik, wortelgoed"}]},{"@type":"WebSite","@id":"https:\/\/www.schramas.com\/#website","url":"https:\/\/www.schramas.com\/","name":"Schramas.com | Haveplanter bestilles nemt online | Direkte fra vores gartneri","description":"","alternateName":"Schramas.com - Alle planten direct van de kweker","potentialAction":[{"@type":"SearchAction","target":{"@type":"EntryPoint","urlTemplate":"https:\/\/www.schramas.com\/?s={search_term_string}"},"query-input":{"@type":"PropertyValueSpecification","valueRequired":true,"valueName":"search_term_string"}}],"inLanguage":"da-DK"}]}},"_links":{"self":[{"href":"https:\/\/www.schramas.com\/dk\/wp-json\/wp\/v2\/product\/13626","targetHints":{"allow":["GET"]}}],"collection":[{"href":"https:\/\/www.schramas.com\/dk\/wp-json\/wp\/v2\/product"}],"about":[{"href":"https:\/\/www.schramas.com\/dk\/wp-json\/wp\/v2\/types\/product"}],"version-history":[{"count":0,"href":"https:\/\/www.schramas.com\/dk\/wp-json\/wp\/v2\/product\/13626\/revisions"}],"wp:featuredmedia":[{"embeddable":true,"href":"https:\/\/www.schramas.com\/dk\/wp-json\/wp\/v2\/media\/13627"}],"wp:attachment":[{"href":"https:\/\/www.schramas.com\/dk\/wp-json\/wp\/v2\/media?parent=13626"}],"wp:term":[{"taxonomy":"product_brand","embeddable":true,"href":"https:\/\/www.schramas.com\/dk\/wp-json\/wp\/v2\/product_brand?post=13626"},{"taxonomy":"product_cat","embeddable":true,"href":"https:\/\/www.schramas.com\/dk\/wp-json\/wp\/v2\/product_cat?post=13626"},{"taxonomy":"product_tag","embeddable":true,"href":"https:\/\/www.schramas.com\/dk\/wp-json\/wp\/v2\/product_tag?post=13626"}],"curies":[{"name":"wp","href":"https:\/\/api.w.org\/{rel}","templated":true}]}}