{"id":16402,"date":"2021-07-01T11:56:19","date_gmt":"2021-07-01T09:56:19","guid":{"rendered":"https:\/\/www.schramas.com\/?post_type=product&#038;p=16402"},"modified":"2026-04-18T14:36:57","modified_gmt":"2026-04-18T12:36:57","slug":"aronia-prunifolia-viking-chokeberry-baerbusk-2-liter-potte","status":"publish","type":"product","link":"https:\/\/www.schramas.com\/dk\/butik\/aronia-prunifolia-viking-chokeberry-baerbusk-2-liter-potte\/","title":{"rendered":"Aronia prunifolia Brilliant, aronia, b\u00e6rbusk, 2 liter potte"},"content":{"rendered":"<p>Aronia prunifolia Brilliant, en aronia.<br \/>\nK\u00f8b Aronia prunifolia 'Brilliant' chokeberry i en 2-liters potte nu! Denne l\u00f8vf\u00e6ldende busk fra rosenfamilien har en unik prydv\u00e6rdi takket v\u00e6re den hvide blomstring i april-maj, de sunde m\u00f8rkegr\u00f8nne blade og de spiselige r\u00f8de eller sorte b\u00e6r. Aronia vokser godt i n\u00e6sten alle jordtyper, undtagen tung lerjord og t\u00e6t sandjord, og er bedst egnet til let fugtig sandjord. Den er mindst modtagelig for ildsot og normalt sund, hvilket g\u00f8r den ideel til integreret eller \u00f8kologisk frugtdyrkning. Denne plante er ogs\u00e5 velegnet til kassebeplantning i offentlige gr\u00f8nne omr\u00e5der med lav vedligeholdelse, plantning under tr\u00e6er, vejkanter og fuglelunde. Aronia er spiselig for mennesker og dyr og er ideel til honningbier. Plant denne plante ud f\u00f8r eller efter vinteren, og klip den gerne, den kan t\u00e5le det!<\/p>","protected":false},"excerpt":{"rendered":"<p>Aronia prunifolia 'Brilliant'<\/p>\n<p>\u00c6bleb\u00e6r<\/p>\n<p>Smag: frisk syrlig smag.<\/p>\n<p>Frugtfarve: r\u00f8d<\/p>\n<p>H\u00f8jde max: 2 meter<\/p>\n<p>Busk velegnet som afgr\u00e6nsende h\u00e6k eller solit\u00e6r.<\/p>\n<p>Selvbest\u00f8vende<\/p>\n<p>Velegnet til b\u00e5de terrasse og \u00e5bent terr\u00e6n.<\/p>\n<p>Leveringsh\u00f8jde inkl. potte: 50 cm<\/p>\n<p>Pottest\u00f8rrelse: 2-liters potte 14 cm.<\/p>","protected":false},"featured_media":22229,"template":"","meta":{"_joinchat":[]},"product_brand":[],"product_cat":[48,262,234],"product_tag":[550,548,551,495,549,351,552],"class_list":{"0":"post-16402","1":"product","2":"type-product","3":"status-publish","4":"has-post-thumbnail","6":"product_cat-appelbes","7":"product_cat-bomen-struiken","8":"product_cat-fruitstruiken","9":"product_tag-appelbes","10":"product_tag-aronia","11":"product_tag-eetbaar-fruit","12":"product_tag-sierheester","13":"product_tag-viking","14":"product_tag-winterhard","15":"product_tag-wrang","16":"pa_bloeimaanden-mei","17":"pa_groeihoogte-150-200-cm","18":"pa_pot-9-cm-pot","20":"first","21":"instock","22":"taxable","23":"shipping-taxable","24":"purchasable","25":"product-type-simple"},"yoast_head":"<!-- This site is optimized with the Yoast SEO plugin v24.2 - https:\/\/yoast.com\/wordpress\/plugins\/seo\/ -->\n<title>Aronia prunifolia Brilliant, appelbes, bessenstruik, 2 liter pot kopen | Planten eenvoudig online bestellen | Schramas.com<\/title>\n<meta name=\"robots\" content=\"index, follow, max-snippet:-1, max-image-preview:large, max-video-preview:-1\" \/>\n<link rel=\"canonical\" href=\"https:\/\/www.schramas.com\/dk\/butik\/aronia-prunifolia-viking-chokeberry-baerbusk-2-liter-potte\/\" \/>\n<meta property=\"og:locale\" content=\"da_DK\" \/>\n<meta property=\"og:type\" content=\"article\" \/>\n<meta property=\"og:title\" content=\"Aronia prunifolia Brilliant, appelbes, bessenstruik, 2 liter pot kopen | Planten eenvoudig online bestellen | Schramas.com\" \/>\n<meta property=\"og:description\" content=\"Aronia prunifolia &#039;Brilliant&#039;  Appelbes  Smaak: frisse wrange smaak.  Kleur vrucht: rood  Hoogte max: 2 meter  Struik geschikt als afscheidingshaag of solitair.  Zelf bestuivend  Geschikt voor zowel patio als volle grond.  Leverhoogte incl. pot: 50 cm  Pot maat: 2 liter pot 14 cm.\" \/>\n<meta property=\"og:url\" content=\"https:\/\/www.schramas.com\/dk\/butik\/aronia-prunifolia-viking-chokeberry-baerbusk-2-liter-potte\/\" \/>\n<meta property=\"og:site_name\" content=\"Planten eenvoudig online bestellen | Schramas.com\" \/>\n<meta property=\"article:publisher\" content=\"https:\/\/www.facebook.com\/Schramascom-106872874153195\/\" \/>\n<meta property=\"article:modified_time\" content=\"2026-04-18T12:36:57+00:00\" \/>\n<meta property=\"og:image\" content=\"http:\/\/www.schramas.com\/wp-content\/uploads\/2021\/07\/aronia-brilliant-sfeer.jpg\" \/>\n\t<meta property=\"og:image:width\" content=\"1200\" \/>\n\t<meta property=\"og:image:height\" content=\"1200\" \/>\n\t<meta property=\"og:image:type\" content=\"image\/jpeg\" \/>\n<meta name=\"twitter:card\" content=\"summary_large_image\" \/>\n<meta name=\"twitter:label1\" content=\"Estimeret l\u00e6setid\" \/>\n\t<meta name=\"twitter:data1\" content=\"1 minut\" \/>\n<script type=\"application\/ld+json\" class=\"yoast-schema-graph\">{\"@context\":\"https:\/\/schema.org\",\"@graph\":[{\"@type\":[\"WebPage\",\"ItemPage\"],\"@id\":\"https:\/\/www.schramas.com\/winkel\/aronia-prunifolia-viking-appelbes-bessenstruik-2-liter-pot\/\",\"url\":\"https:\/\/www.schramas.com\/winkel\/aronia-prunifolia-viking-appelbes-bessenstruik-2-liter-pot\/\",\"name\":\"Aronia prunifolia Brilliant, appelbes, bessenstruik, 2 liter pot kopen | Planten eenvoudig online bestellen | Schramas.com\",\"isPartOf\":{\"@id\":\"https:\/\/www.schramas.com\/#website\"},\"primaryImageOfPage\":{\"@id\":\"https:\/\/www.schramas.com\/winkel\/aronia-prunifolia-viking-appelbes-bessenstruik-2-liter-pot\/#primaryimage\"},\"image\":{\"@id\":\"https:\/\/www.schramas.com\/winkel\/aronia-prunifolia-viking-appelbes-bessenstruik-2-liter-pot\/#primaryimage\"},\"thumbnailUrl\":\"https:\/\/www.schramas.com\/wp-content\/uploads\/2021\/07\/aronia-brilliant-sfeer.jpg\",\"datePublished\":\"2021-07-01T09:56:19+00:00\",\"dateModified\":\"2026-04-18T12:36:57+00:00\",\"breadcrumb\":{\"@id\":\"https:\/\/www.schramas.com\/winkel\/aronia-prunifolia-viking-appelbes-bessenstruik-2-liter-pot\/#breadcrumb\"},\"inLanguage\":\"da-DK\",\"potentialAction\":[{\"@type\":\"ReadAction\",\"target\":[\"https:\/\/www.schramas.com\/winkel\/aronia-prunifolia-viking-appelbes-bessenstruik-2-liter-pot\/\"]}]},{\"@type\":\"ImageObject\",\"inLanguage\":\"da-DK\",\"@id\":\"https:\/\/www.schramas.com\/winkel\/aronia-prunifolia-viking-appelbes-bessenstruik-2-liter-pot\/#primaryimage\",\"url\":\"https:\/\/www.schramas.com\/wp-content\/uploads\/2021\/07\/aronia-brilliant-sfeer.jpg\",\"contentUrl\":\"https:\/\/www.schramas.com\/wp-content\/uploads\/2021\/07\/aronia-brilliant-sfeer.jpg\",\"width\":1200,\"height\":1200},{\"@type\":\"BreadcrumbList\",\"@id\":\"https:\/\/www.schramas.com\/winkel\/aronia-prunifolia-viking-appelbes-bessenstruik-2-liter-pot\/#breadcrumb\",\"itemListElement\":[{\"@type\":\"ListItem\",\"position\":1,\"name\":\"Product\",\"item\":\"https:\/\/www.schramas.com\/assortiment\/\"},{\"@type\":\"ListItem\",\"position\":2,\"name\":\"Bomen &amp; Struiken\",\"item\":\"https:\/\/www.schramas.com\/product-category\/bomen-struiken\/\"},{\"@type\":\"ListItem\",\"position\":3,\"name\":\"Aronia prunifolia Brilliant, appelbes, bessenstruik, 2 liter pot\"}]},{\"@type\":\"WebSite\",\"@id\":\"https:\/\/www.schramas.com\/#website\",\"url\":\"https:\/\/www.schramas.com\/\",\"name\":\"Schramas.com | Tuinplanten eenvoudig online bestellen | Direct van onze Kwekerij\",\"description\":\"\",\"alternateName\":\"Schramas.com - Alle planten direct van de kweker\",\"potentialAction\":[{\"@type\":\"SearchAction\",\"target\":{\"@type\":\"EntryPoint\",\"urlTemplate\":\"https:\/\/www.schramas.com\/?s={search_term_string}\"},\"query-input\":{\"@type\":\"PropertyValueSpecification\",\"valueRequired\":true,\"valueName\":\"search_term_string\"}}],\"inLanguage\":\"da-DK\"}]}<\/script>\n<!-- \/ Yoast SEO plugin. -->","yoast_head_json":{"title":"K\u00f8b Aronia prunifolia Brilliant, chokeberry, b\u00e6rbusk, 2 liter potte | K\u00f8b planter nemt online | Schramas.com","robots":{"index":"index","follow":"follow","max-snippet":"max-snippet:-1","max-image-preview":"max-image-preview:large","max-video-preview":"max-video-preview:-1"},"canonical":"https:\/\/www.schramas.com\/dk\/butik\/aronia-prunifolia-viking-chokeberry-baerbusk-2-liter-potte\/","og_locale":"da_DK","og_type":"article","og_title":"Aronia prunifolia Brilliant, appelbes, bessenstruik, 2 liter pot kopen | Planten eenvoudig online bestellen | Schramas.com","og_description":"Aronia prunifolia 'Brilliant'  Appelbes  Smaak: frisse wrange smaak.  Kleur vrucht: rood  Hoogte max: 2 meter  Struik geschikt als afscheidingshaag of solitair.  Zelf bestuivend  Geschikt voor zowel patio als volle grond.  Leverhoogte incl. pot: 50 cm  Pot maat: 2 liter pot 14 cm.","og_url":"https:\/\/www.schramas.com\/dk\/butik\/aronia-prunifolia-viking-chokeberry-baerbusk-2-liter-potte\/","og_site_name":"Planten eenvoudig online bestellen | Schramas.com","article_publisher":"https:\/\/www.facebook.com\/Schramascom-106872874153195\/","article_modified_time":"2026-04-18T12:36:57+00:00","og_image":[{"width":1200,"height":1200,"url":"http:\/\/www.schramas.com\/wp-content\/uploads\/2021\/07\/aronia-brilliant-sfeer.jpg","type":"image\/jpeg"}],"twitter_card":"summary_large_image","twitter_misc":{"Estimeret l\u00e6setid":"1 minut"},"schema":{"@context":"https:\/\/schema.org","@graph":[{"@type":["WebPage","ItemPage"],"@id":"https:\/\/www.schramas.com\/winkel\/aronia-prunifolia-viking-appelbes-bessenstruik-2-liter-pot\/","url":"https:\/\/www.schramas.com\/winkel\/aronia-prunifolia-viking-appelbes-bessenstruik-2-liter-pot\/","name":"K\u00f8b Aronia prunifolia Brilliant, chokeberry, b\u00e6rbusk, 2 liter potte | K\u00f8b planter nemt online | Schramas.com","isPartOf":{"@id":"https:\/\/www.schramas.com\/#website"},"primaryImageOfPage":{"@id":"https:\/\/www.schramas.com\/winkel\/aronia-prunifolia-viking-appelbes-bessenstruik-2-liter-pot\/#primaryimage"},"image":{"@id":"https:\/\/www.schramas.com\/winkel\/aronia-prunifolia-viking-appelbes-bessenstruik-2-liter-pot\/#primaryimage"},"thumbnailUrl":"https:\/\/www.schramas.com\/wp-content\/uploads\/2021\/07\/aronia-brilliant-sfeer.jpg","datePublished":"2021-07-01T09:56:19+00:00","dateModified":"2026-04-18T12:36:57+00:00","breadcrumb":{"@id":"https:\/\/www.schramas.com\/winkel\/aronia-prunifolia-viking-appelbes-bessenstruik-2-liter-pot\/#breadcrumb"},"inLanguage":"da-DK","potentialAction":[{"@type":"ReadAction","target":["https:\/\/www.schramas.com\/winkel\/aronia-prunifolia-viking-appelbes-bessenstruik-2-liter-pot\/"]}]},{"@type":"ImageObject","inLanguage":"da-DK","@id":"https:\/\/www.schramas.com\/winkel\/aronia-prunifolia-viking-appelbes-bessenstruik-2-liter-pot\/#primaryimage","url":"https:\/\/www.schramas.com\/wp-content\/uploads\/2021\/07\/aronia-brilliant-sfeer.jpg","contentUrl":"https:\/\/www.schramas.com\/wp-content\/uploads\/2021\/07\/aronia-brilliant-sfeer.jpg","width":1200,"height":1200},{"@type":"BreadcrumbList","@id":"https:\/\/www.schramas.com\/winkel\/aronia-prunifolia-viking-appelbes-bessenstruik-2-liter-pot\/#breadcrumb","itemListElement":[{"@type":"ListItem","position":1,"name":"Product","item":"https:\/\/www.schramas.com\/assortiment\/"},{"@type":"ListItem","position":2,"name":"Bomen &amp; Struiken","item":"https:\/\/www.schramas.com\/product-category\/bomen-struiken\/"},{"@type":"ListItem","position":3,"name":"Aronia prunifolia Brilliant, appelbes, bessenstruik, 2 liter pot"}]},{"@type":"WebSite","@id":"https:\/\/www.schramas.com\/#website","url":"https:\/\/www.schramas.com\/","name":"Schramas.com | Haveplanter bestilles nemt online | Direkte fra vores gartneri","description":"","alternateName":"Schramas.com - Alle planten direct van de kweker","potentialAction":[{"@type":"SearchAction","target":{"@type":"EntryPoint","urlTemplate":"https:\/\/www.schramas.com\/?s={search_term_string}"},"query-input":{"@type":"PropertyValueSpecification","valueRequired":true,"valueName":"search_term_string"}}],"inLanguage":"da-DK"}]}},"_links":{"self":[{"href":"https:\/\/www.schramas.com\/dk\/wp-json\/wp\/v2\/product\/16402","targetHints":{"allow":["GET"]}}],"collection":[{"href":"https:\/\/www.schramas.com\/dk\/wp-json\/wp\/v2\/product"}],"about":[{"href":"https:\/\/www.schramas.com\/dk\/wp-json\/wp\/v2\/types\/product"}],"version-history":[{"count":1,"href":"https:\/\/www.schramas.com\/dk\/wp-json\/wp\/v2\/product\/16402\/revisions"}],"predecessor-version":[{"id":59200,"href":"https:\/\/www.schramas.com\/dk\/wp-json\/wp\/v2\/product\/16402\/revisions\/59200"}],"wp:featuredmedia":[{"embeddable":true,"href":"https:\/\/www.schramas.com\/dk\/wp-json\/wp\/v2\/media\/22229"}],"wp:attachment":[{"href":"https:\/\/www.schramas.com\/dk\/wp-json\/wp\/v2\/media?parent=16402"}],"wp:term":[{"taxonomy":"product_brand","embeddable":true,"href":"https:\/\/www.schramas.com\/dk\/wp-json\/wp\/v2\/product_brand?post=16402"},{"taxonomy":"product_cat","embeddable":true,"href":"https:\/\/www.schramas.com\/dk\/wp-json\/wp\/v2\/product_cat?post=16402"},{"taxonomy":"product_tag","embeddable":true,"href":"https:\/\/www.schramas.com\/dk\/wp-json\/wp\/v2\/product_tag?post=16402"}],"curies":[{"name":"wp","href":"https:\/\/api.w.org\/{rel}","templated":true}]}}