{"id":16422,"date":"2021-07-01T15:50:58","date_gmt":"2021-07-01T13:50:58","guid":{"rendered":"https:\/\/www.schramas.com\/?post_type=product&#038;p=16422"},"modified":"2026-04-19T09:58:07","modified_gmt":"2026-04-19T07:58:07","slug":"euonymus-japonica-jean-hugues-japansk-kardinalhat-2-liters-gryde","status":"publish","type":"product","link":"https:\/\/www.schramas.com\/dk\/butik\/euonymus-japonica-jean-hugues-japansk-kardinalhat-2-liters-gryde\/","title":{"rendered":"Euonymus japonica. 'Jean Hugues' japansk kardinalhat, 2 liters potte"},"content":{"rendered":"<p>Euonymus japonica. &#039;Jean Hugues&#039; japanske kardinalhat.<\/p>\n<p>T\u00e6t forgrenet lav busk, der minder om en buksbom. Gr\u00f8nne blanke blade med en up\u00e5faldende blomst.<\/p>\n<p>Vinterh\u00e5rdf\u00f8r til -10\/-15\u00b0C, plant den i l\u00e6 for kolde vinde.<\/p>","protected":false},"excerpt":{"rendered":"<p>Euonymus japonica. &#039;Jean Hugues&#039; japanske kardinalhat.<\/p>\n<p>Japansk kardinalhat<\/p>\n<p>Blomsterstand: Gr\u00f8nlig hvid<\/p>\n<p>Blomstringstid: Maj<\/p>\n<p>Maks. h\u00f8jde: ca. 60 cm<\/p>\n<p>Evergreen<\/p>\n<p>Hardy<\/p>\n<p>Leveringsh\u00f8jde inkl. potte: ca. 40-50 cm<\/p>\n<p>Gryde st\u00f8rrelse: 2 liter<\/p>","protected":false},"featured_media":19768,"template":"","meta":{"_joinchat":[]},"product_brand":[],"product_cat":[262,480,762,295,229,305],"product_tag":[497,494,496,495,351],"class_list":{"0":"post-16422","1":"product","2":"type-product","3":"status-publish","4":"has-post-thumbnail","6":"product_cat-bomen-struiken","7":"product_cat-diversen-struiken","8":"product_cat-hagen","9":"product_cat-maandaanbiedingen","10":"product_cat-sierheesters","11":"product_cat-planten-heesters","12":"product_tag-bodem-bedekker","13":"product_tag-euonymus","14":"product_tag-groenblijvende-heester","15":"product_tag-sierheester","16":"product_tag-winterhard","17":"pa_bloeimaanden-mei","18":"pa_ewd_uwcf_colors-groen-2","19":"pa_ewd_uwcf_colors-wit","20":"pa_groeihoogte-30-60-cm","21":"pa_pot-zonder-pot","23":"first","24":"instock","25":"taxable","26":"shipping-taxable","27":"purchasable","28":"product-type-simple"},"yoast_head":"<!-- This site is optimized with the Yoast SEO plugin v24.2 - https:\/\/yoast.com\/wordpress\/plugins\/seo\/ -->\n<title>Euonymus japonica. &#039;Jean Hugues&#039; Japanse Kardinaalshoed, 2 liter pot kopen | Planten eenvoudig online bestellen | Schramas.com<\/title>\n<meta name=\"robots\" content=\"index, follow, max-snippet:-1, max-image-preview:large, max-video-preview:-1\" \/>\n<link rel=\"canonical\" href=\"https:\/\/www.schramas.com\/dk\/butik\/euonymus-japonica-jean-hugues-japansk-kardinalhat-2-liters-gryde\/\" \/>\n<meta property=\"og:locale\" content=\"da_DK\" \/>\n<meta property=\"og:type\" content=\"article\" \/>\n<meta property=\"og:title\" content=\"Euonymus japonica. &#039;Jean Hugues&#039; Japanse Kardinaalshoed, 2 liter pot kopen | Planten eenvoudig online bestellen | Schramas.com\" \/>\n<meta property=\"og:description\" content=\"Euonymus japonica. &#039;Jean Hugues&#039; Japanse Kardinaalshoed.  Japanse kardinaalhoed  Bloeiwijze: Groenig wit  Bloeitijd: mei  Max. hoogte: ca. 60 cm  Groenblijvend  Winterhard  Leverhoogte incl. pot: ca. 40-50cm  Potmaat: 2 liter\" \/>\n<meta property=\"og:url\" content=\"https:\/\/www.schramas.com\/dk\/butik\/euonymus-japonica-jean-hugues-japansk-kardinalhat-2-liters-gryde\/\" \/>\n<meta property=\"og:site_name\" content=\"Planten eenvoudig online bestellen | Schramas.com\" \/>\n<meta property=\"article:publisher\" content=\"https:\/\/www.facebook.com\/Schramascom-106872874153195\/\" \/>\n<meta property=\"article:modified_time\" content=\"2026-04-19T07:58:07+00:00\" \/>\n<meta property=\"og:image\" content=\"https:\/\/www.schramas.com\/wp-content\/uploads\/2021\/07\/140522-Euonymus-japonicus-Jean-Jugues-bewerkt-vooraanzicht.jpg\" \/>\n\t<meta property=\"og:image:width\" content=\"1200\" \/>\n\t<meta property=\"og:image:height\" content=\"1200\" \/>\n\t<meta property=\"og:image:type\" content=\"image\/jpeg\" \/>\n<meta name=\"twitter:card\" content=\"summary_large_image\" \/>\n<script type=\"application\/ld+json\" class=\"yoast-schema-graph\">{\"@context\":\"https:\/\/schema.org\",\"@graph\":[{\"@type\":[\"WebPage\",\"ItemPage\"],\"@id\":\"https:\/\/www.schramas.com\/winkel\/euonymus-japonica-jean-hugues-japanse-kardinaalshoed-2-liter-pot\/\",\"url\":\"https:\/\/www.schramas.com\/winkel\/euonymus-japonica-jean-hugues-japanse-kardinaalshoed-2-liter-pot\/\",\"name\":\"Euonymus japonica. 'Jean Hugues' Japanse Kardinaalshoed, 2 liter pot kopen | Planten eenvoudig online bestellen | Schramas.com\",\"isPartOf\":{\"@id\":\"https:\/\/www.schramas.com\/#website\"},\"primaryImageOfPage\":{\"@id\":\"https:\/\/www.schramas.com\/winkel\/euonymus-japonica-jean-hugues-japanse-kardinaalshoed-2-liter-pot\/#primaryimage\"},\"image\":{\"@id\":\"https:\/\/www.schramas.com\/winkel\/euonymus-japonica-jean-hugues-japanse-kardinaalshoed-2-liter-pot\/#primaryimage\"},\"thumbnailUrl\":\"https:\/\/www.schramas.com\/wp-content\/uploads\/2021\/07\/140522-Euonymus-japonicus-Jean-Jugues-bewerkt-vooraanzicht.jpg\",\"datePublished\":\"2021-07-01T13:50:58+00:00\",\"dateModified\":\"2026-04-19T07:58:07+00:00\",\"breadcrumb\":{\"@id\":\"https:\/\/www.schramas.com\/winkel\/euonymus-japonica-jean-hugues-japanse-kardinaalshoed-2-liter-pot\/#breadcrumb\"},\"inLanguage\":\"da-DK\",\"potentialAction\":[{\"@type\":\"ReadAction\",\"target\":[\"https:\/\/www.schramas.com\/winkel\/euonymus-japonica-jean-hugues-japanse-kardinaalshoed-2-liter-pot\/\"]}]},{\"@type\":\"ImageObject\",\"inLanguage\":\"da-DK\",\"@id\":\"https:\/\/www.schramas.com\/winkel\/euonymus-japonica-jean-hugues-japanse-kardinaalshoed-2-liter-pot\/#primaryimage\",\"url\":\"https:\/\/www.schramas.com\/wp-content\/uploads\/2021\/07\/140522-Euonymus-japonicus-Jean-Jugues-bewerkt-vooraanzicht.jpg\",\"contentUrl\":\"https:\/\/www.schramas.com\/wp-content\/uploads\/2021\/07\/140522-Euonymus-japonicus-Jean-Jugues-bewerkt-vooraanzicht.jpg\",\"width\":1200,\"height\":1200},{\"@type\":\"BreadcrumbList\",\"@id\":\"https:\/\/www.schramas.com\/winkel\/euonymus-japonica-jean-hugues-japanse-kardinaalshoed-2-liter-pot\/#breadcrumb\",\"itemListElement\":[{\"@type\":\"ListItem\",\"position\":1,\"name\":\"Product\",\"item\":\"https:\/\/www.schramas.com\/assortiment\/\"},{\"@type\":\"ListItem\",\"position\":2,\"name\":\"Tuinplanten\",\"item\":\"https:\/\/www.schramas.com\/product-category\/planten-heesters\/\"},{\"@type\":\"ListItem\",\"position\":3,\"name\":\"Heesters\",\"item\":\"https:\/\/www.schramas.com\/product-category\/planten-heesters\/heesters\/\"},{\"@type\":\"ListItem\",\"position\":4,\"name\":\"Sierheesters\",\"item\":\"https:\/\/www.schramas.com\/product-category\/planten-heesters\/heesters\/sierheesters\/\"},{\"@type\":\"ListItem\",\"position\":5,\"name\":\"Euonymus japonica. &#8216;Jean Hugues&#8217; Japanse Kardinaalshoed, 2 liter pot\"}]},{\"@type\":\"WebSite\",\"@id\":\"https:\/\/www.schramas.com\/#website\",\"url\":\"https:\/\/www.schramas.com\/\",\"name\":\"Schramas.com | Tuinplanten eenvoudig online bestellen | Direct van onze Kwekerij\",\"description\":\"\",\"alternateName\":\"Schramas.com - Alle planten direct van de kweker\",\"potentialAction\":[{\"@type\":\"SearchAction\",\"target\":{\"@type\":\"EntryPoint\",\"urlTemplate\":\"https:\/\/www.schramas.com\/?s={search_term_string}\"},\"query-input\":{\"@type\":\"PropertyValueSpecification\",\"valueRequired\":true,\"valueName\":\"search_term_string\"}}],\"inLanguage\":\"da-DK\"}]}<\/script>\n<!-- \/ Yoast SEO plugin. -->","yoast_head_json":{"title":"Euonymus japonica. K\u00f8b &#039;Jean Hugues&#039; japansk kardinalhat, 2 liters gryde | Bestil nemt planter online | Schramas.com","robots":{"index":"index","follow":"follow","max-snippet":"max-snippet:-1","max-image-preview":"max-image-preview:large","max-video-preview":"max-video-preview:-1"},"canonical":"https:\/\/www.schramas.com\/dk\/butik\/euonymus-japonica-jean-hugues-japansk-kardinalhat-2-liters-gryde\/","og_locale":"da_DK","og_type":"article","og_title":"Euonymus japonica. 'Jean Hugues' Japanse Kardinaalshoed, 2 liter pot kopen | Planten eenvoudig online bestellen | Schramas.com","og_description":"Euonymus japonica. 'Jean Hugues' Japanse Kardinaalshoed.  Japanse kardinaalhoed  Bloeiwijze: Groenig wit  Bloeitijd: mei  Max. hoogte: ca. 60 cm  Groenblijvend  Winterhard  Leverhoogte incl. pot: ca. 40-50cm  Potmaat: 2 liter","og_url":"https:\/\/www.schramas.com\/dk\/butik\/euonymus-japonica-jean-hugues-japansk-kardinalhat-2-liters-gryde\/","og_site_name":"Planten eenvoudig online bestellen | Schramas.com","article_publisher":"https:\/\/www.facebook.com\/Schramascom-106872874153195\/","article_modified_time":"2026-04-19T07:58:07+00:00","og_image":[{"width":1200,"height":1200,"url":"https:\/\/www.schramas.com\/wp-content\/uploads\/2021\/07\/140522-Euonymus-japonicus-Jean-Jugues-bewerkt-vooraanzicht.jpg","type":"image\/jpeg"}],"twitter_card":"summary_large_image","schema":{"@context":"https:\/\/schema.org","@graph":[{"@type":["WebPage","ItemPage"],"@id":"https:\/\/www.schramas.com\/winkel\/euonymus-japonica-jean-hugues-japanse-kardinaalshoed-2-liter-pot\/","url":"https:\/\/www.schramas.com\/winkel\/euonymus-japonica-jean-hugues-japanse-kardinaalshoed-2-liter-pot\/","name":"Euonymus japonica. K\u00f8b &#039;Jean Hugues&#039; japansk kardinalhat, 2 liters gryde | Bestil nemt planter online | Schramas.com","isPartOf":{"@id":"https:\/\/www.schramas.com\/#website"},"primaryImageOfPage":{"@id":"https:\/\/www.schramas.com\/winkel\/euonymus-japonica-jean-hugues-japanse-kardinaalshoed-2-liter-pot\/#primaryimage"},"image":{"@id":"https:\/\/www.schramas.com\/winkel\/euonymus-japonica-jean-hugues-japanse-kardinaalshoed-2-liter-pot\/#primaryimage"},"thumbnailUrl":"https:\/\/www.schramas.com\/wp-content\/uploads\/2021\/07\/140522-Euonymus-japonicus-Jean-Jugues-bewerkt-vooraanzicht.jpg","datePublished":"2021-07-01T13:50:58+00:00","dateModified":"2026-04-19T07:58:07+00:00","breadcrumb":{"@id":"https:\/\/www.schramas.com\/winkel\/euonymus-japonica-jean-hugues-japanse-kardinaalshoed-2-liter-pot\/#breadcrumb"},"inLanguage":"da-DK","potentialAction":[{"@type":"ReadAction","target":["https:\/\/www.schramas.com\/winkel\/euonymus-japonica-jean-hugues-japanse-kardinaalshoed-2-liter-pot\/"]}]},{"@type":"ImageObject","inLanguage":"da-DK","@id":"https:\/\/www.schramas.com\/winkel\/euonymus-japonica-jean-hugues-japanse-kardinaalshoed-2-liter-pot\/#primaryimage","url":"https:\/\/www.schramas.com\/wp-content\/uploads\/2021\/07\/140522-Euonymus-japonicus-Jean-Jugues-bewerkt-vooraanzicht.jpg","contentUrl":"https:\/\/www.schramas.com\/wp-content\/uploads\/2021\/07\/140522-Euonymus-japonicus-Jean-Jugues-bewerkt-vooraanzicht.jpg","width":1200,"height":1200},{"@type":"BreadcrumbList","@id":"https:\/\/www.schramas.com\/winkel\/euonymus-japonica-jean-hugues-japanse-kardinaalshoed-2-liter-pot\/#breadcrumb","itemListElement":[{"@type":"ListItem","position":1,"name":"Product","item":"https:\/\/www.schramas.com\/assortiment\/"},{"@type":"ListItem","position":2,"name":"Tuinplanten","item":"https:\/\/www.schramas.com\/product-category\/planten-heesters\/"},{"@type":"ListItem","position":3,"name":"Heesters","item":"https:\/\/www.schramas.com\/product-category\/planten-heesters\/heesters\/"},{"@type":"ListItem","position":4,"name":"Sierheesters","item":"https:\/\/www.schramas.com\/product-category\/planten-heesters\/heesters\/sierheesters\/"},{"@type":"ListItem","position":5,"name":"Euonymus japonica. &#8216;Jean Hugues&#8217; Japanse Kardinaalshoed, 2 liter pot"}]},{"@type":"WebSite","@id":"https:\/\/www.schramas.com\/#website","url":"https:\/\/www.schramas.com\/","name":"Schramas.com | Haveplanter bestilles nemt online | Direkte fra vores gartneri","description":"","alternateName":"Schramas.com - Alle planten direct van de kweker","potentialAction":[{"@type":"SearchAction","target":{"@type":"EntryPoint","urlTemplate":"https:\/\/www.schramas.com\/?s={search_term_string}"},"query-input":{"@type":"PropertyValueSpecification","valueRequired":true,"valueName":"search_term_string"}}],"inLanguage":"da-DK"}]}},"_links":{"self":[{"href":"https:\/\/www.schramas.com\/dk\/wp-json\/wp\/v2\/product\/16422","targetHints":{"allow":["GET"]}}],"collection":[{"href":"https:\/\/www.schramas.com\/dk\/wp-json\/wp\/v2\/product"}],"about":[{"href":"https:\/\/www.schramas.com\/dk\/wp-json\/wp\/v2\/types\/product"}],"version-history":[{"count":1,"href":"https:\/\/www.schramas.com\/dk\/wp-json\/wp\/v2\/product\/16422\/revisions"}],"predecessor-version":[{"id":50741,"href":"https:\/\/www.schramas.com\/dk\/wp-json\/wp\/v2\/product\/16422\/revisions\/50741"}],"wp:featuredmedia":[{"embeddable":true,"href":"https:\/\/www.schramas.com\/dk\/wp-json\/wp\/v2\/media\/19768"}],"wp:attachment":[{"href":"https:\/\/www.schramas.com\/dk\/wp-json\/wp\/v2\/media?parent=16422"}],"wp:term":[{"taxonomy":"product_brand","embeddable":true,"href":"https:\/\/www.schramas.com\/dk\/wp-json\/wp\/v2\/product_brand?post=16422"},{"taxonomy":"product_cat","embeddable":true,"href":"https:\/\/www.schramas.com\/dk\/wp-json\/wp\/v2\/product_cat?post=16422"},{"taxonomy":"product_tag","embeddable":true,"href":"https:\/\/www.schramas.com\/dk\/wp-json\/wp\/v2\/product_tag?post=16422"}],"curies":[{"name":"wp","href":"https:\/\/api.w.org\/{rel}","templated":true}]}}