{"id":18087,"date":"2022-02-14T10:25:52","date_gmt":"2022-02-14T09:25:52","guid":{"rendered":"https:\/\/www.schramas.com\/?post_type=product&#038;p=18087"},"modified":"2026-04-09T14:32:17","modified_gmt":"2026-04-09T12:32:17","slug":"lonicera-larisa-honningbaer-3-stk-p9","status":"publish","type":"product","link":"https:\/\/www.schramas.com\/dk\/butik\/lonicera-larisa-honningbaer-3-stk-p9\/","title":{"rendered":"Lonicera \"Larisa\", honningb\u00e6r, 3 stk. p9"},"content":{"rendered":"<p>Lonicera caerulea'Larissa' kaldes ogs\u00e5 majb\u00e6r eller honningb\u00e6r.<\/p>\n<p>Blomstrer i det tidlige for\u00e5r, s\u00e5 pas p\u00e5 frost. Larissa har et aflangt s\u00f8dt og syrligt b\u00e6r, der er rigt p\u00e5 b- og c-vitaminer.<\/p>\n<p>Selvbest\u00f8vende, men med andre j\u00e6vnaldrende i n\u00e6rheden vil planten producere flere b\u00e6r.<\/p>\n<p>Blomsten er elsket af bier og b\u00e6rrene af fugle.<\/p>\n<p>Busken er h\u00e5rdf\u00f8r og taber sine blade om efter\u00e5ret. B\u00e6rret vokser i alle jordtyper, og den bedste placering er i sol eller let skygge p\u00e5 et fugtigt sted.<\/p>","protected":false},"excerpt":{"rendered":"<p>Lonicera caerula 'Larissa'<\/p>\n<p>Honningb\u00e6r<\/p>\n<p>Smag: frisk og s\u00f8d<\/p>\n<p>Frugtfarve: bl\u00e5-lilla<\/p>\n<p>H\u00f8jde max: 1,5 - 1,8 meter<\/p>\n<p>Velegnet til b\u00e5de terrasse og \u00e5bent terr\u00e6n<\/p>\n<p>Leveringsh\u00f8jde inkl. potte: +\/_20 cm<\/p>\n<p>Grydest\u00f8rrelse: 0,7L (p9)<\/p>","protected":false},"featured_media":20509,"template":"","meta":{"_joinchat":[]},"product_brand":[],"product_cat":[302,262,234,46,761],"product_tag":[643,676,677,656,351,328],"class_list":{"0":"post-18087","1":"product","2":"type-product","3":"status-publish","4":"has-post-thumbnail","6":"product_cat-bladverliezende-heesters","7":"product_cat-bomen-struiken","8":"product_cat-fruitstruiken","9":"product_cat-lonicera","10":"product_cat-lente","11":"product_tag-honingbes","12":"product_tag-lonicera","13":"product_tag-purple-sweet","14":"product_tag-vitamine","15":"product_tag-winterhard","16":"product_tag-zoet","17":"pa_bloeimaanden-maart","18":"pa_bloeimaanden-april","19":"pa_groeihoogte-150-200-cm","20":"pa_pot-9-cm-pot","22":"first","23":"instock","24":"taxable","25":"shipping-taxable","26":"purchasable","27":"product-type-simple"},"yoast_head":"<!-- This site is optimized with the Yoast SEO plugin v24.2 - https:\/\/yoast.com\/wordpress\/plugins\/seo\/ -->\n<title>Lonicera &quot;Larisa&quot;, honingbes, 3 stuks p9 kopen | Planten eenvoudig online bestellen | Schramas.com<\/title>\n<meta name=\"robots\" content=\"index, follow, max-snippet:-1, max-image-preview:large, max-video-preview:-1\" \/>\n<link rel=\"canonical\" href=\"https:\/\/www.schramas.com\/dk\/butik\/lonicera-larisa-honningbaer-3-stk-p9\/\" \/>\n<meta property=\"og:locale\" content=\"da_DK\" \/>\n<meta property=\"og:type\" content=\"article\" \/>\n<meta property=\"og:title\" content=\"Lonicera &quot;Larisa&quot;, honingbes, 3 stuks p9 kopen | Planten eenvoudig online bestellen | Schramas.com\" \/>\n<meta property=\"og:description\" content=\"Lonicera caerula &#039;Larissa&#039;  Honingbes  Smaak: fris zoet  Kleur vrucht: blauw paars  Hoogte max: 1,5 - 1,8 meter  Geschikt voor zowel patio als volle grond  Leverhoogte incl. pot: +\/_20 cm  Pot maat: 0,7L (p9)\" \/>\n<meta property=\"og:url\" content=\"https:\/\/www.schramas.com\/dk\/butik\/lonicera-larisa-honningbaer-3-stk-p9\/\" \/>\n<meta property=\"og:site_name\" content=\"Planten eenvoudig online bestellen | Schramas.com\" \/>\n<meta property=\"article:publisher\" content=\"https:\/\/www.facebook.com\/Schramascom-106872874153195\/\" \/>\n<meta property=\"article:modified_time\" content=\"2026-04-09T12:32:17+00:00\" \/>\n<meta property=\"og:image\" content=\"http:\/\/www.schramas.com\/wp-content\/uploads\/2022\/09\/larisa-sfeer.jpg\" \/>\n\t<meta property=\"og:image:width\" content=\"1200\" \/>\n\t<meta property=\"og:image:height\" content=\"1200\" \/>\n\t<meta property=\"og:image:type\" content=\"image\/jpeg\" \/>\n<meta name=\"twitter:card\" content=\"summary_large_image\" \/>\n<script type=\"application\/ld+json\" class=\"yoast-schema-graph\">{\"@context\":\"https:\/\/schema.org\",\"@graph\":[{\"@type\":[\"WebPage\",\"ItemPage\"],\"@id\":\"https:\/\/www.schramas.com\/winkel\/lonicera-larisa-honingbes-3-stuks-p9\/\",\"url\":\"https:\/\/www.schramas.com\/winkel\/lonicera-larisa-honingbes-3-stuks-p9\/\",\"name\":\"Lonicera \\\"Larisa\\\", honingbes, 3 stuks p9 kopen | Planten eenvoudig online bestellen | Schramas.com\",\"isPartOf\":{\"@id\":\"https:\/\/www.schramas.com\/#website\"},\"primaryImageOfPage\":{\"@id\":\"https:\/\/www.schramas.com\/winkel\/lonicera-larisa-honingbes-3-stuks-p9\/#primaryimage\"},\"image\":{\"@id\":\"https:\/\/www.schramas.com\/winkel\/lonicera-larisa-honingbes-3-stuks-p9\/#primaryimage\"},\"thumbnailUrl\":\"https:\/\/www.schramas.com\/wp-content\/uploads\/2022\/09\/larisa-sfeer.jpg\",\"datePublished\":\"2022-02-14T09:25:52+00:00\",\"dateModified\":\"2026-04-09T12:32:17+00:00\",\"breadcrumb\":{\"@id\":\"https:\/\/www.schramas.com\/winkel\/lonicera-larisa-honingbes-3-stuks-p9\/#breadcrumb\"},\"inLanguage\":\"da-DK\",\"potentialAction\":[{\"@type\":\"ReadAction\",\"target\":[\"https:\/\/www.schramas.com\/winkel\/lonicera-larisa-honingbes-3-stuks-p9\/\"]}]},{\"@type\":\"ImageObject\",\"inLanguage\":\"da-DK\",\"@id\":\"https:\/\/www.schramas.com\/winkel\/lonicera-larisa-honingbes-3-stuks-p9\/#primaryimage\",\"url\":\"https:\/\/www.schramas.com\/wp-content\/uploads\/2022\/09\/larisa-sfeer.jpg\",\"contentUrl\":\"https:\/\/www.schramas.com\/wp-content\/uploads\/2022\/09\/larisa-sfeer.jpg\",\"width\":1200,\"height\":1200},{\"@type\":\"BreadcrumbList\",\"@id\":\"https:\/\/www.schramas.com\/winkel\/lonicera-larisa-honingbes-3-stuks-p9\/#breadcrumb\",\"itemListElement\":[{\"@type\":\"ListItem\",\"position\":1,\"name\":\"Product\",\"item\":\"https:\/\/www.schramas.com\/assortiment\/\"},{\"@type\":\"ListItem\",\"position\":2,\"name\":\"Bomen &amp; Struiken\",\"item\":\"https:\/\/www.schramas.com\/product-category\/bomen-struiken\/\"},{\"@type\":\"ListItem\",\"position\":3,\"name\":\"Fruitstruiken\",\"item\":\"https:\/\/www.schramas.com\/de\/produktkategorie\/baume-und-straucher\/obststraucher\/\"},{\"@type\":\"ListItem\",\"position\":4,\"name\":\"Honingbessen\",\"item\":\"https:\/\/www.schramas.com\/de\/produktkategorie\/baume-und-straucher\/obststraucher\/lonicera\/\"},{\"@type\":\"ListItem\",\"position\":5,\"name\":\"Lonicera &#8220;Larisa&#8221;, honingbes, 3 stuks p9\"}]},{\"@type\":\"WebSite\",\"@id\":\"https:\/\/www.schramas.com\/#website\",\"url\":\"https:\/\/www.schramas.com\/\",\"name\":\"Schramas.com | Tuinplanten eenvoudig online bestellen | Direct van onze Kwekerij\",\"description\":\"\",\"alternateName\":\"Schramas.com - Alle planten direct van de kweker\",\"potentialAction\":[{\"@type\":\"SearchAction\",\"target\":{\"@type\":\"EntryPoint\",\"urlTemplate\":\"https:\/\/www.schramas.com\/?s={search_term_string}\"},\"query-input\":{\"@type\":\"PropertyValueSpecification\",\"valueRequired\":true,\"valueName\":\"search_term_string\"}}],\"inLanguage\":\"da-DK\"}]}<\/script>\n<!-- \/ Yoast SEO plugin. -->","yoast_head_json":{"title":"Lonicera \"Larisa\", honningb\u00e6r, 3 stk. p9 k\u00f8b | Planter nem online bestilling | Schramas.com","robots":{"index":"index","follow":"follow","max-snippet":"max-snippet:-1","max-image-preview":"max-image-preview:large","max-video-preview":"max-video-preview:-1"},"canonical":"https:\/\/www.schramas.com\/dk\/butik\/lonicera-larisa-honningbaer-3-stk-p9\/","og_locale":"da_DK","og_type":"article","og_title":"Lonicera \"Larisa\", honingbes, 3 stuks p9 kopen | Planten eenvoudig online bestellen | Schramas.com","og_description":"Lonicera caerula 'Larissa'  Honingbes  Smaak: fris zoet  Kleur vrucht: blauw paars  Hoogte max: 1,5 - 1,8 meter  Geschikt voor zowel patio als volle grond  Leverhoogte incl. pot: +\/_20 cm  Pot maat: 0,7L (p9)","og_url":"https:\/\/www.schramas.com\/dk\/butik\/lonicera-larisa-honningbaer-3-stk-p9\/","og_site_name":"Planten eenvoudig online bestellen | Schramas.com","article_publisher":"https:\/\/www.facebook.com\/Schramascom-106872874153195\/","article_modified_time":"2026-04-09T12:32:17+00:00","og_image":[{"width":1200,"height":1200,"url":"http:\/\/www.schramas.com\/wp-content\/uploads\/2022\/09\/larisa-sfeer.jpg","type":"image\/jpeg"}],"twitter_card":"summary_large_image","schema":{"@context":"https:\/\/schema.org","@graph":[{"@type":["WebPage","ItemPage"],"@id":"https:\/\/www.schramas.com\/winkel\/lonicera-larisa-honingbes-3-stuks-p9\/","url":"https:\/\/www.schramas.com\/winkel\/lonicera-larisa-honingbes-3-stuks-p9\/","name":"Lonicera \"Larisa\", honningb\u00e6r, 3 stk. p9 k\u00f8b | Planter nem online bestilling | Schramas.com","isPartOf":{"@id":"https:\/\/www.schramas.com\/#website"},"primaryImageOfPage":{"@id":"https:\/\/www.schramas.com\/winkel\/lonicera-larisa-honingbes-3-stuks-p9\/#primaryimage"},"image":{"@id":"https:\/\/www.schramas.com\/winkel\/lonicera-larisa-honingbes-3-stuks-p9\/#primaryimage"},"thumbnailUrl":"https:\/\/www.schramas.com\/wp-content\/uploads\/2022\/09\/larisa-sfeer.jpg","datePublished":"2022-02-14T09:25:52+00:00","dateModified":"2026-04-09T12:32:17+00:00","breadcrumb":{"@id":"https:\/\/www.schramas.com\/winkel\/lonicera-larisa-honingbes-3-stuks-p9\/#breadcrumb"},"inLanguage":"da-DK","potentialAction":[{"@type":"ReadAction","target":["https:\/\/www.schramas.com\/winkel\/lonicera-larisa-honingbes-3-stuks-p9\/"]}]},{"@type":"ImageObject","inLanguage":"da-DK","@id":"https:\/\/www.schramas.com\/winkel\/lonicera-larisa-honingbes-3-stuks-p9\/#primaryimage","url":"https:\/\/www.schramas.com\/wp-content\/uploads\/2022\/09\/larisa-sfeer.jpg","contentUrl":"https:\/\/www.schramas.com\/wp-content\/uploads\/2022\/09\/larisa-sfeer.jpg","width":1200,"height":1200},{"@type":"BreadcrumbList","@id":"https:\/\/www.schramas.com\/winkel\/lonicera-larisa-honingbes-3-stuks-p9\/#breadcrumb","itemListElement":[{"@type":"ListItem","position":1,"name":"Product","item":"https:\/\/www.schramas.com\/assortiment\/"},{"@type":"ListItem","position":2,"name":"Bomen &amp; Struiken","item":"https:\/\/www.schramas.com\/product-category\/bomen-struiken\/"},{"@type":"ListItem","position":3,"name":"Fruitstruiken","item":"https:\/\/www.schramas.com\/de\/produktkategorie\/baume-und-straucher\/obststraucher\/"},{"@type":"ListItem","position":4,"name":"Honingbessen","item":"https:\/\/www.schramas.com\/de\/produktkategorie\/baume-und-straucher\/obststraucher\/lonicera\/"},{"@type":"ListItem","position":5,"name":"Lonicera &#8220;Larisa&#8221;, honingbes, 3 stuks p9"}]},{"@type":"WebSite","@id":"https:\/\/www.schramas.com\/#website","url":"https:\/\/www.schramas.com\/","name":"Schramas.com | Haveplanter bestilles nemt online | Direkte fra vores gartneri","description":"","alternateName":"Schramas.com - Alle planten direct van de kweker","potentialAction":[{"@type":"SearchAction","target":{"@type":"EntryPoint","urlTemplate":"https:\/\/www.schramas.com\/?s={search_term_string}"},"query-input":{"@type":"PropertyValueSpecification","valueRequired":true,"valueName":"search_term_string"}}],"inLanguage":"da-DK"}]}},"_links":{"self":[{"href":"https:\/\/www.schramas.com\/dk\/wp-json\/wp\/v2\/product\/18087","targetHints":{"allow":["GET"]}}],"collection":[{"href":"https:\/\/www.schramas.com\/dk\/wp-json\/wp\/v2\/product"}],"about":[{"href":"https:\/\/www.schramas.com\/dk\/wp-json\/wp\/v2\/types\/product"}],"version-history":[{"count":1,"href":"https:\/\/www.schramas.com\/dk\/wp-json\/wp\/v2\/product\/18087\/revisions"}],"predecessor-version":[{"id":44608,"href":"https:\/\/www.schramas.com\/dk\/wp-json\/wp\/v2\/product\/18087\/revisions\/44608"}],"wp:featuredmedia":[{"embeddable":true,"href":"https:\/\/www.schramas.com\/dk\/wp-json\/wp\/v2\/media\/20509"}],"wp:attachment":[{"href":"https:\/\/www.schramas.com\/dk\/wp-json\/wp\/v2\/media?parent=18087"}],"wp:term":[{"taxonomy":"product_brand","embeddable":true,"href":"https:\/\/www.schramas.com\/dk\/wp-json\/wp\/v2\/product_brand?post=18087"},{"taxonomy":"product_cat","embeddable":true,"href":"https:\/\/www.schramas.com\/dk\/wp-json\/wp\/v2\/product_cat?post=18087"},{"taxonomy":"product_tag","embeddable":true,"href":"https:\/\/www.schramas.com\/dk\/wp-json\/wp\/v2\/product_tag?post=18087"}],"curies":[{"name":"wp","href":"https:\/\/api.w.org\/{rel}","templated":true}]}}