{"id":18135,"date":"2022-02-19T13:30:35","date_gmt":"2022-02-19T12:30:35","guid":{"rendered":"https:\/\/www.schramas.com\/?post_type=product&#038;p=18135"},"modified":"2026-03-26T16:34:42","modified_gmt":"2026-03-26T15:34:42","slug":"prunus-avium-kordia-kirsebaertrae-gisela-5-grundstamme-grundstamme","status":"publish","type":"product","link":"https:\/\/www.schramas.com\/dk\/butik\/prunus-avium-kordia-kirsebaertrae-gisela-5-grundstamme-grundstamme\/","title":{"rendered":"Prunus avium &#039;Kordia&#039; kirseb\u00e6rtr\u00e6, Gisela 5 grundstamme, grundstamme"},"content":{"rendered":"<p>Cherry Kordia kaldes ogs\u00e5 Attika eller k\u00f8dkirseb\u00e6r. Kordia producerer store m\u00f8rke s\u00f8de kirseb\u00e6r. Afh\u00e6ngig af besk\u00e6ringen bliver Kordiaen +\/- 2,5 til 3 meter h\u00f8j. Som de fleste kirseb\u00e6r skal Kordia have en krydsbest\u00f8ver i n\u00e6rheden for at b\u00e6re frugt. Dette kirseb\u00e6rtr\u00e6 er dyrket p\u00e5 en Gisela 5\u00ae grundstamme. I \u00e5ben jord kan kirseb\u00e6rtr\u00e6et blive op til 3,5 meter h\u00f8jt p\u00e5 grund af grundstammen. Takket v\u00e6re grundstammen kan tr\u00e6et ogs\u00e5 begynde at b\u00e6re frugt i det andet \u00e5r.<\/p>","protected":false},"excerpt":{"rendered":"<p>Prunus avium 'Kordia'<\/p>\n<p>Grundstamme: Gisela 5<\/p>\n<p>Smag: s\u00f8d<\/p>\n<p>Frugtfarve: r\u00f8d<\/p>\n<p>Maks. h\u00f8jde: 3-5 meter afh\u00e6ngigt af besk\u00e6ring og type grundstamme.<\/p>\n<p>Velegnet til \u00e5bent terr\u00e6n<\/p>\n<p>Selvbest\u00f8vende, krydsbest\u00f8v med den for at f\u00e5 flere frugter.<\/p>\n<p>Leveringsh\u00f8jde: +\/- 90 cm<\/p>\n<p>NB! Dette er rodmateriale, tidspunktet for plantning l\u00f8ber fra oktober til begyndelsen af maj<\/p>","protected":false},"featured_media":47335,"template":"","meta":{"_joinchat":[]},"product_brand":[],"product_cat":[262,233,22],"product_tag":[352,575,699,312,351,328],"class_list":{"0":"post-18135","1":"product","2":"type-product","3":"status-publish","4":"has-post-thumbnail","6":"product_cat-bomen-struiken","7":"product_cat-fruitbomen","8":"product_cat-kersen","9":"product_tag-geent","10":"product_tag-kers","11":"product_tag-kordia","12":"product_tag-steenvrucht","13":"product_tag-winterhard","14":"product_tag-zoet","15":"pa_bloeimaanden-april","16":"pa_bloeimaanden-mei","17":"pa_ewd_uwcf_colors-rood-2","18":"pa_groeihoogte-300-cm","19":"pa_pot-naaktwortelig","21":"first","22":"outofstock","23":"taxable","24":"shipping-taxable","25":"purchasable","26":"product-type-simple"},"yoast_head":"<!-- This site is optimized with the Yoast SEO plugin v24.2 - https:\/\/yoast.com\/wordpress\/plugins\/seo\/ -->\n<title>Prunus avium &#039;Kordia&#039; kersenboom, Gisela 5 onderstam, wortelgoed kopen | Planten eenvoudig online bestellen | Schramas.com<\/title>\n<meta name=\"robots\" content=\"index, follow, max-snippet:-1, max-image-preview:large, max-video-preview:-1\" \/>\n<link rel=\"canonical\" href=\"https:\/\/www.schramas.com\/dk\/butik\/prunus-avium-kordia-kirsebaertrae-gisela-5-grundstamme-grundstamme\/\" \/>\n<meta property=\"og:locale\" content=\"da_DK\" \/>\n<meta property=\"og:type\" content=\"article\" \/>\n<meta property=\"og:title\" content=\"Prunus avium &#039;Kordia&#039; kersenboom, Gisela 5 onderstam, wortelgoed kopen | Planten eenvoudig online bestellen | Schramas.com\" \/>\n<meta property=\"og:description\" content=\"Prunus avium &#039;Kordia&#039;  Onderstam: Gisela 5\u00ae  Smaak: zoet  Kleur vrucht: rood  Hoogte max : 3- 5 meter afhankelijk van snoei en type onderstam.  Geschikt voor volle grond  Zelf bestuivend , voor meer fruit kruisbestuiver erbij.  Leverhoogte: +\/- 90 cm  Let op! Dit is wortelgoed , de tijd om te planten loopt van Oktober tot begin Mei\" \/>\n<meta property=\"og:url\" content=\"https:\/\/www.schramas.com\/dk\/butik\/prunus-avium-kordia-kirsebaertrae-gisela-5-grundstamme-grundstamme\/\" \/>\n<meta property=\"og:site_name\" content=\"Planten eenvoudig online bestellen | Schramas.com\" \/>\n<meta property=\"article:publisher\" content=\"https:\/\/www.facebook.com\/Schramascom-106872874153195\/\" \/>\n<meta property=\"article:modified_time\" content=\"2026-03-26T15:34:42+00:00\" \/>\n<meta property=\"og:image\" content=\"https:\/\/www.schramas.com\/wp-content\/uploads\/2022\/02\/kordia.webp\" \/>\n\t<meta property=\"og:image:width\" content=\"500\" \/>\n\t<meta property=\"og:image:height\" content=\"500\" \/>\n\t<meta property=\"og:image:type\" content=\"image\/webp\" \/>\n<meta name=\"twitter:card\" content=\"summary_large_image\" \/>\n<script type=\"application\/ld+json\" class=\"yoast-schema-graph\">{\"@context\":\"https:\/\/schema.org\",\"@graph\":[{\"@type\":[\"WebPage\",\"ItemPage\"],\"@id\":\"https:\/\/www.schramas.com\/de\/shop\/prunus-avium-kordia-kirschbaum-gisela-5-wurzelstock-wurzelstock\/\",\"url\":\"https:\/\/www.schramas.com\/de\/shop\/prunus-avium-kordia-kirschbaum-gisela-5-wurzelstock-wurzelstock\/\",\"name\":\"Prunus avium 'Kordia' kersenboom, Gisela 5 onderstam, wortelgoed kopen | Planten eenvoudig online bestellen | Schramas.com\",\"isPartOf\":{\"@id\":\"https:\/\/www.schramas.com\/#website\"},\"primaryImageOfPage\":{\"@id\":\"https:\/\/www.schramas.com\/de\/shop\/prunus-avium-kordia-kirschbaum-gisela-5-wurzelstock-wurzelstock\/#primaryimage\"},\"image\":{\"@id\":\"https:\/\/www.schramas.com\/de\/shop\/prunus-avium-kordia-kirschbaum-gisela-5-wurzelstock-wurzelstock\/#primaryimage\"},\"thumbnailUrl\":\"https:\/\/www.schramas.com\/wp-content\/uploads\/2022\/02\/kordia.webp\",\"datePublished\":\"2022-02-19T12:30:35+00:00\",\"dateModified\":\"2026-03-26T15:34:42+00:00\",\"breadcrumb\":{\"@id\":\"https:\/\/www.schramas.com\/de\/shop\/prunus-avium-kordia-kirschbaum-gisela-5-wurzelstock-wurzelstock\/#breadcrumb\"},\"inLanguage\":\"da-DK\",\"potentialAction\":[{\"@type\":\"ReadAction\",\"target\":[\"https:\/\/www.schramas.com\/de\/shop\/prunus-avium-kordia-kirschbaum-gisela-5-wurzelstock-wurzelstock\/\"]}]},{\"@type\":\"ImageObject\",\"inLanguage\":\"da-DK\",\"@id\":\"https:\/\/www.schramas.com\/de\/shop\/prunus-avium-kordia-kirschbaum-gisela-5-wurzelstock-wurzelstock\/#primaryimage\",\"url\":\"https:\/\/www.schramas.com\/wp-content\/uploads\/2022\/02\/kordia.webp\",\"contentUrl\":\"https:\/\/www.schramas.com\/wp-content\/uploads\/2022\/02\/kordia.webp\",\"width\":500,\"height\":500},{\"@type\":\"BreadcrumbList\",\"@id\":\"https:\/\/www.schramas.com\/de\/shop\/prunus-avium-kordia-kirschbaum-gisela-5-wurzelstock-wurzelstock\/#breadcrumb\",\"itemListElement\":[{\"@type\":\"ListItem\",\"position\":1,\"name\":\"Product\",\"item\":\"https:\/\/www.schramas.com\/assortiment\/\"},{\"@type\":\"ListItem\",\"position\":2,\"name\":\"Bomen &amp; Struiken\",\"item\":\"https:\/\/www.schramas.com\/product-category\/bomen-struiken\/\"},{\"@type\":\"ListItem\",\"position\":3,\"name\":\"Fruitbomen\",\"item\":\"https:\/\/www.schramas.com\/product-category\/bomen-struiken\/fruitbomen\/\"},{\"@type\":\"ListItem\",\"position\":4,\"name\":\"Kersen\",\"item\":\"https:\/\/www.schramas.com\/product-category\/bomen-struiken\/fruitbomen\/kersen\/\"},{\"@type\":\"ListItem\",\"position\":5,\"name\":\"Prunus avium &#8216;Kordia&#8217; kersenboom, Gisela 5 onderstam, wortelgoed\"}]},{\"@type\":\"WebSite\",\"@id\":\"https:\/\/www.schramas.com\/#website\",\"url\":\"https:\/\/www.schramas.com\/\",\"name\":\"Schramas.com | Tuinplanten eenvoudig online bestellen | Direct van onze Kwekerij\",\"description\":\"\",\"alternateName\":\"Schramas.com - Alle planten direct van de kweker\",\"potentialAction\":[{\"@type\":\"SearchAction\",\"target\":{\"@type\":\"EntryPoint\",\"urlTemplate\":\"https:\/\/www.schramas.com\/?s={search_term_string}\"},\"query-input\":{\"@type\":\"PropertyValueSpecification\",\"valueRequired\":true,\"valueName\":\"search_term_string\"}}],\"inLanguage\":\"da-DK\"}]}<\/script>\n<!-- \/ Yoast SEO plugin. -->","yoast_head_json":{"title":"Prunus avium &#039;Kordia&#039; kirseb\u00e6rtr\u00e6, Gisela 5 grundstamme, k\u00f8b grundstamme | Bestil nemt planter online | Schramas.com","robots":{"index":"index","follow":"follow","max-snippet":"max-snippet:-1","max-image-preview":"max-image-preview:large","max-video-preview":"max-video-preview:-1"},"canonical":"https:\/\/www.schramas.com\/dk\/butik\/prunus-avium-kordia-kirsebaertrae-gisela-5-grundstamme-grundstamme\/","og_locale":"da_DK","og_type":"article","og_title":"Prunus avium 'Kordia' kersenboom, Gisela 5 onderstam, wortelgoed kopen | Planten eenvoudig online bestellen | Schramas.com","og_description":"Prunus avium 'Kordia'  Onderstam: Gisela 5\u00ae  Smaak: zoet  Kleur vrucht: rood  Hoogte max : 3- 5 meter afhankelijk van snoei en type onderstam.  Geschikt voor volle grond  Zelf bestuivend , voor meer fruit kruisbestuiver erbij.  Leverhoogte: +\/- 90 cm  Let op! Dit is wortelgoed , de tijd om te planten loopt van Oktober tot begin Mei","og_url":"https:\/\/www.schramas.com\/dk\/butik\/prunus-avium-kordia-kirsebaertrae-gisela-5-grundstamme-grundstamme\/","og_site_name":"Planten eenvoudig online bestellen | Schramas.com","article_publisher":"https:\/\/www.facebook.com\/Schramascom-106872874153195\/","article_modified_time":"2026-03-26T15:34:42+00:00","og_image":[{"width":500,"height":500,"url":"https:\/\/www.schramas.com\/wp-content\/uploads\/2022\/02\/kordia.webp","type":"image\/webp"}],"twitter_card":"summary_large_image","schema":{"@context":"https:\/\/schema.org","@graph":[{"@type":["WebPage","ItemPage"],"@id":"https:\/\/www.schramas.com\/de\/shop\/prunus-avium-kordia-kirschbaum-gisela-5-wurzelstock-wurzelstock\/","url":"https:\/\/www.schramas.com\/de\/shop\/prunus-avium-kordia-kirschbaum-gisela-5-wurzelstock-wurzelstock\/","name":"Prunus avium &#039;Kordia&#039; kirseb\u00e6rtr\u00e6, Gisela 5 grundstamme, k\u00f8b grundstamme | Bestil nemt planter online | Schramas.com","isPartOf":{"@id":"https:\/\/www.schramas.com\/#website"},"primaryImageOfPage":{"@id":"https:\/\/www.schramas.com\/de\/shop\/prunus-avium-kordia-kirschbaum-gisela-5-wurzelstock-wurzelstock\/#primaryimage"},"image":{"@id":"https:\/\/www.schramas.com\/de\/shop\/prunus-avium-kordia-kirschbaum-gisela-5-wurzelstock-wurzelstock\/#primaryimage"},"thumbnailUrl":"https:\/\/www.schramas.com\/wp-content\/uploads\/2022\/02\/kordia.webp","datePublished":"2022-02-19T12:30:35+00:00","dateModified":"2026-03-26T15:34:42+00:00","breadcrumb":{"@id":"https:\/\/www.schramas.com\/de\/shop\/prunus-avium-kordia-kirschbaum-gisela-5-wurzelstock-wurzelstock\/#breadcrumb"},"inLanguage":"da-DK","potentialAction":[{"@type":"ReadAction","target":["https:\/\/www.schramas.com\/de\/shop\/prunus-avium-kordia-kirschbaum-gisela-5-wurzelstock-wurzelstock\/"]}]},{"@type":"ImageObject","inLanguage":"da-DK","@id":"https:\/\/www.schramas.com\/de\/shop\/prunus-avium-kordia-kirschbaum-gisela-5-wurzelstock-wurzelstock\/#primaryimage","url":"https:\/\/www.schramas.com\/wp-content\/uploads\/2022\/02\/kordia.webp","contentUrl":"https:\/\/www.schramas.com\/wp-content\/uploads\/2022\/02\/kordia.webp","width":500,"height":500},{"@type":"BreadcrumbList","@id":"https:\/\/www.schramas.com\/de\/shop\/prunus-avium-kordia-kirschbaum-gisela-5-wurzelstock-wurzelstock\/#breadcrumb","itemListElement":[{"@type":"ListItem","position":1,"name":"Product","item":"https:\/\/www.schramas.com\/assortiment\/"},{"@type":"ListItem","position":2,"name":"Bomen &amp; Struiken","item":"https:\/\/www.schramas.com\/product-category\/bomen-struiken\/"},{"@type":"ListItem","position":3,"name":"Fruitbomen","item":"https:\/\/www.schramas.com\/product-category\/bomen-struiken\/fruitbomen\/"},{"@type":"ListItem","position":4,"name":"Kersen","item":"https:\/\/www.schramas.com\/product-category\/bomen-struiken\/fruitbomen\/kersen\/"},{"@type":"ListItem","position":5,"name":"Prunus avium &#8216;Kordia&#8217; kersenboom, Gisela 5 onderstam, wortelgoed"}]},{"@type":"WebSite","@id":"https:\/\/www.schramas.com\/#website","url":"https:\/\/www.schramas.com\/","name":"Schramas.com | Haveplanter bestilles nemt online | Direkte fra vores gartneri","description":"","alternateName":"Schramas.com - Alle planten direct van de kweker","potentialAction":[{"@type":"SearchAction","target":{"@type":"EntryPoint","urlTemplate":"https:\/\/www.schramas.com\/?s={search_term_string}"},"query-input":{"@type":"PropertyValueSpecification","valueRequired":true,"valueName":"search_term_string"}}],"inLanguage":"da-DK"}]}},"_links":{"self":[{"href":"https:\/\/www.schramas.com\/dk\/wp-json\/wp\/v2\/product\/18135","targetHints":{"allow":["GET"]}}],"collection":[{"href":"https:\/\/www.schramas.com\/dk\/wp-json\/wp\/v2\/product"}],"about":[{"href":"https:\/\/www.schramas.com\/dk\/wp-json\/wp\/v2\/types\/product"}],"version-history":[{"count":1,"href":"https:\/\/www.schramas.com\/dk\/wp-json\/wp\/v2\/product\/18135\/revisions"}],"predecessor-version":[{"id":47336,"href":"https:\/\/www.schramas.com\/dk\/wp-json\/wp\/v2\/product\/18135\/revisions\/47336"}],"wp:featuredmedia":[{"embeddable":true,"href":"https:\/\/www.schramas.com\/dk\/wp-json\/wp\/v2\/media\/47335"}],"wp:attachment":[{"href":"https:\/\/www.schramas.com\/dk\/wp-json\/wp\/v2\/media?parent=18135"}],"wp:term":[{"taxonomy":"product_brand","embeddable":true,"href":"https:\/\/www.schramas.com\/dk\/wp-json\/wp\/v2\/product_brand?post=18135"},{"taxonomy":"product_cat","embeddable":true,"href":"https:\/\/www.schramas.com\/dk\/wp-json\/wp\/v2\/product_cat?post=18135"},{"taxonomy":"product_tag","embeddable":true,"href":"https:\/\/www.schramas.com\/dk\/wp-json\/wp\/v2\/product_tag?post=18135"}],"curies":[{"name":"wp","href":"https:\/\/api.w.org\/{rel}","templated":true}]}}