{"id":18202,"date":"2022-02-23T13:50:37","date_gmt":"2022-02-23T12:50:37","guid":{"rendered":"https:\/\/www.schramas.com\/?post_type=product&#038;p=18202"},"modified":"2026-03-26T16:34:48","modified_gmt":"2026-03-26T15:34:48","slug":"persimmon-sharon-frugt-lotus-diospirus-tipo","status":"publish","type":"product","link":"https:\/\/www.schramas.com\/dk\/butik\/persimmon-sharon-frugt-lotus-diospirus-tipo\/","title":{"rendered":"Diospyros kaki 'Tipo' - sharonfrugt - 5 liter potte - 100 cm"},"content":{"rendered":"<p>Diospyros kaki, japansk persimmon,<\/p>\n<p>K\u00f8det er vidunderligt s\u00f8dt med noter af abrikos uden en bitter eftersmag. Frugterne er store, runde med en appelsinskal. Disse smukke frugter modner, n\u00e5r alle bladene er v\u00e6k fra tr\u00e6et. Frugterne er modne om efter\u00e5ret, selv nattefrost over frugterne fremskynder modningsprocessen. Jo mere moden, jo s\u00f8dere. Som regel kan de plukkes i november - december<\/p>\n<p>Denne Tipo-variant har gennemsnitlig kraft, lige v\u00e6kst og god produktion.<\/p>\n<p>Delvist h\u00e5rdf\u00f8r eksotisk frugttr\u00e6, de unge skud fryser nogle gange efter h\u00e5rd frost, men selve tr\u00e6et kan godt t\u00e5le vinteren.<\/p>\n<p>Leveringsh\u00f8jde: ca. 100 cm h\u00f8j<\/p>","protected":false},"excerpt":{"rendered":"<p>Kaki (Sharon Fruit), Lotus diospirus Tipo<\/p>\n<p>Smag: s\u00f8d<\/p>\n<p>Frugtfarve: Orange<\/p>\n<p>H\u00f8jde max: 3,5 - 4 meter<\/p>\n<p>Hardy<\/p>\n<p>Leveringsh\u00f8jde inkl. potte: +\/_100 cm<\/p>\n<p>Pottest\u00f8rrelse: 5 liter<\/p>","protected":false},"featured_media":20215,"template":"","meta":{"_joinchat":[]},"product_brand":[],"product_cat":[262,233,931,2391,3193,294],"product_tag":[670,352,671,672,351,316],"class_list":{"0":"post-18202","1":"product","2":"type-product","3":"status-publish","4":"has-post-thumbnail","6":"product_cat-bomen-struiken","7":"product_cat-fruitbomen","8":"product_cat-kaki","9":"product_cat-mediterrane-en-exotische-fruitplanten","10":"product_cat-sierbomen","11":"product_cat-specials","12":"product_tag-diospyros","13":"product_tag-geent","14":"product_tag-kaki","15":"product_tag-sharon","16":"product_tag-winterhard","17":"product_tag-zelfbestuivend","18":"pa_bloeimaanden-mei","19":"pa_ewd_uwcf_colors-oranje","20":"pa_groeihoogte-300-cm","21":"pa_pot-zonder-pot","23":"first","24":"outofstock","25":"taxable","26":"shipping-taxable","27":"purchasable","28":"product-type-simple"},"yoast_head":"<!-- This site is optimized with the Yoast SEO plugin v24.2 - https:\/\/yoast.com\/wordpress\/plugins\/seo\/ -->\n<title>Diospyros kaki &#039;Tipo&#039; - sharonfruit - 5 liter pot - 100cm kopen | Planten eenvoudig online bestellen | Schramas.com<\/title>\n<meta name=\"robots\" content=\"index, follow, max-snippet:-1, max-image-preview:large, max-video-preview:-1\" \/>\n<link rel=\"canonical\" href=\"https:\/\/www.schramas.com\/dk\/butik\/persimmon-sharon-frugt-lotus-diospirus-tipo\/\" \/>\n<meta property=\"og:locale\" content=\"da_DK\" \/>\n<meta property=\"og:type\" content=\"article\" \/>\n<meta property=\"og:title\" content=\"Diospyros kaki &#039;Tipo&#039; - sharonfruit - 5 liter pot - 100cm kopen | Planten eenvoudig online bestellen | Schramas.com\" \/>\n<meta property=\"og:description\" content=\"Kaki (Sharon Fruit), Lotus diospirus Tipo  Smaak: zoet  Kleur vrucht: Oranje  Hoogte max: 3,5 - 4 meter  Winterhard  Leverhoogte incl. pot: +\/_100 cm  Potmaat: 5 liter\" \/>\n<meta property=\"og:url\" content=\"https:\/\/www.schramas.com\/dk\/butik\/persimmon-sharon-frugt-lotus-diospirus-tipo\/\" \/>\n<meta property=\"og:site_name\" content=\"Planten eenvoudig online bestellen | Schramas.com\" \/>\n<meta property=\"article:publisher\" content=\"https:\/\/www.facebook.com\/Schramascom-106872874153195\/\" \/>\n<meta property=\"article:modified_time\" content=\"2026-03-26T15:34:48+00:00\" \/>\n<meta property=\"og:image\" content=\"http:\/\/www.schramas.com\/wp-content\/uploads\/2022\/02\/Kaki-tipo-sfeer.jpg\" \/>\n\t<meta property=\"og:image:width\" content=\"1200\" \/>\n\t<meta property=\"og:image:height\" content=\"1200\" \/>\n\t<meta property=\"og:image:type\" content=\"image\/jpeg\" \/>\n<meta name=\"twitter:card\" content=\"summary_large_image\" \/>\n<meta name=\"twitter:label1\" content=\"Estimeret l\u00e6setid\" \/>\n\t<meta name=\"twitter:data1\" content=\"1 minut\" \/>\n<script type=\"application\/ld+json\" class=\"yoast-schema-graph\">{\"@context\":\"https:\/\/schema.org\",\"@graph\":[{\"@type\":[\"WebPage\",\"ItemPage\"],\"@id\":\"https:\/\/www.schramas.com\/winkel\/kaki-sharon-fruit-lotus-diospirus-tipo\/\",\"url\":\"https:\/\/www.schramas.com\/winkel\/kaki-sharon-fruit-lotus-diospirus-tipo\/\",\"name\":\"Diospyros kaki 'Tipo' - sharonfruit - 5 liter pot - 100cm kopen | Planten eenvoudig online bestellen | Schramas.com\",\"isPartOf\":{\"@id\":\"https:\/\/www.schramas.com\/#website\"},\"primaryImageOfPage\":{\"@id\":\"https:\/\/www.schramas.com\/winkel\/kaki-sharon-fruit-lotus-diospirus-tipo\/#primaryimage\"},\"image\":{\"@id\":\"https:\/\/www.schramas.com\/winkel\/kaki-sharon-fruit-lotus-diospirus-tipo\/#primaryimage\"},\"thumbnailUrl\":\"https:\/\/www.schramas.com\/wp-content\/uploads\/2022\/02\/Kaki-tipo-sfeer.jpg\",\"datePublished\":\"2022-02-23T12:50:37+00:00\",\"dateModified\":\"2026-03-26T15:34:48+00:00\",\"breadcrumb\":{\"@id\":\"https:\/\/www.schramas.com\/winkel\/kaki-sharon-fruit-lotus-diospirus-tipo\/#breadcrumb\"},\"inLanguage\":\"da-DK\",\"potentialAction\":[{\"@type\":\"ReadAction\",\"target\":[\"https:\/\/www.schramas.com\/winkel\/kaki-sharon-fruit-lotus-diospirus-tipo\/\"]}]},{\"@type\":\"ImageObject\",\"inLanguage\":\"da-DK\",\"@id\":\"https:\/\/www.schramas.com\/winkel\/kaki-sharon-fruit-lotus-diospirus-tipo\/#primaryimage\",\"url\":\"https:\/\/www.schramas.com\/wp-content\/uploads\/2022\/02\/Kaki-tipo-sfeer.jpg\",\"contentUrl\":\"https:\/\/www.schramas.com\/wp-content\/uploads\/2022\/02\/Kaki-tipo-sfeer.jpg\",\"width\":1200,\"height\":1200},{\"@type\":\"BreadcrumbList\",\"@id\":\"https:\/\/www.schramas.com\/winkel\/kaki-sharon-fruit-lotus-diospirus-tipo\/#breadcrumb\",\"itemListElement\":[{\"@type\":\"ListItem\",\"position\":1,\"name\":\"Product\",\"item\":\"https:\/\/www.schramas.com\/assortiment\/\"},{\"@type\":\"ListItem\",\"position\":2,\"name\":\"Bomen &amp; Struiken\",\"item\":\"https:\/\/www.schramas.com\/product-category\/bomen-struiken\/\"},{\"@type\":\"ListItem\",\"position\":3,\"name\":\"Fruitbomen\",\"item\":\"https:\/\/www.schramas.com\/product-category\/bomen-struiken\/fruitbomen\/\"},{\"@type\":\"ListItem\",\"position\":4,\"name\":\"Kaki\",\"item\":\"https:\/\/www.schramas.com\/product-category\/bomen-struiken\/fruitbomen\/kaki\/\"},{\"@type\":\"ListItem\",\"position\":5,\"name\":\"Diospyros kaki &#8216;Tipo&#8217; &#8211; sharonfruit &#8211; 5 liter pot &#8211; 100cm\"}]},{\"@type\":\"WebSite\",\"@id\":\"https:\/\/www.schramas.com\/#website\",\"url\":\"https:\/\/www.schramas.com\/\",\"name\":\"Schramas.com | Tuinplanten eenvoudig online bestellen | Direct van onze Kwekerij\",\"description\":\"\",\"alternateName\":\"Schramas.com - Alle planten direct van de kweker\",\"potentialAction\":[{\"@type\":\"SearchAction\",\"target\":{\"@type\":\"EntryPoint\",\"urlTemplate\":\"https:\/\/www.schramas.com\/?s={search_term_string}\"},\"query-input\":{\"@type\":\"PropertyValueSpecification\",\"valueRequired\":true,\"valueName\":\"search_term_string\"}}],\"inLanguage\":\"da-DK\"}]}<\/script>\n<!-- \/ Yoast SEO plugin. -->","yoast_head_json":{"title":"K\u00f8b Diospyros kaki &#039;Tipo&#039; - sharonfrugt - 5 liters gryde - 100cm | Bestil nemt planter online | Schramas.com","robots":{"index":"index","follow":"follow","max-snippet":"max-snippet:-1","max-image-preview":"max-image-preview:large","max-video-preview":"max-video-preview:-1"},"canonical":"https:\/\/www.schramas.com\/dk\/butik\/persimmon-sharon-frugt-lotus-diospirus-tipo\/","og_locale":"da_DK","og_type":"article","og_title":"Diospyros kaki 'Tipo' - sharonfruit - 5 liter pot - 100cm kopen | Planten eenvoudig online bestellen | Schramas.com","og_description":"Kaki (Sharon Fruit), Lotus diospirus Tipo  Smaak: zoet  Kleur vrucht: Oranje  Hoogte max: 3,5 - 4 meter  Winterhard  Leverhoogte incl. pot: +\/_100 cm  Potmaat: 5 liter","og_url":"https:\/\/www.schramas.com\/dk\/butik\/persimmon-sharon-frugt-lotus-diospirus-tipo\/","og_site_name":"Planten eenvoudig online bestellen | Schramas.com","article_publisher":"https:\/\/www.facebook.com\/Schramascom-106872874153195\/","article_modified_time":"2026-03-26T15:34:48+00:00","og_image":[{"width":1200,"height":1200,"url":"http:\/\/www.schramas.com\/wp-content\/uploads\/2022\/02\/Kaki-tipo-sfeer.jpg","type":"image\/jpeg"}],"twitter_card":"summary_large_image","twitter_misc":{"Estimeret l\u00e6setid":"1 minut"},"schema":{"@context":"https:\/\/schema.org","@graph":[{"@type":["WebPage","ItemPage"],"@id":"https:\/\/www.schramas.com\/winkel\/kaki-sharon-fruit-lotus-diospirus-tipo\/","url":"https:\/\/www.schramas.com\/winkel\/kaki-sharon-fruit-lotus-diospirus-tipo\/","name":"K\u00f8b Diospyros kaki &#039;Tipo&#039; - sharonfrugt - 5 liters gryde - 100cm | Bestil nemt planter online | Schramas.com","isPartOf":{"@id":"https:\/\/www.schramas.com\/#website"},"primaryImageOfPage":{"@id":"https:\/\/www.schramas.com\/winkel\/kaki-sharon-fruit-lotus-diospirus-tipo\/#primaryimage"},"image":{"@id":"https:\/\/www.schramas.com\/winkel\/kaki-sharon-fruit-lotus-diospirus-tipo\/#primaryimage"},"thumbnailUrl":"https:\/\/www.schramas.com\/wp-content\/uploads\/2022\/02\/Kaki-tipo-sfeer.jpg","datePublished":"2022-02-23T12:50:37+00:00","dateModified":"2026-03-26T15:34:48+00:00","breadcrumb":{"@id":"https:\/\/www.schramas.com\/winkel\/kaki-sharon-fruit-lotus-diospirus-tipo\/#breadcrumb"},"inLanguage":"da-DK","potentialAction":[{"@type":"ReadAction","target":["https:\/\/www.schramas.com\/winkel\/kaki-sharon-fruit-lotus-diospirus-tipo\/"]}]},{"@type":"ImageObject","inLanguage":"da-DK","@id":"https:\/\/www.schramas.com\/winkel\/kaki-sharon-fruit-lotus-diospirus-tipo\/#primaryimage","url":"https:\/\/www.schramas.com\/wp-content\/uploads\/2022\/02\/Kaki-tipo-sfeer.jpg","contentUrl":"https:\/\/www.schramas.com\/wp-content\/uploads\/2022\/02\/Kaki-tipo-sfeer.jpg","width":1200,"height":1200},{"@type":"BreadcrumbList","@id":"https:\/\/www.schramas.com\/winkel\/kaki-sharon-fruit-lotus-diospirus-tipo\/#breadcrumb","itemListElement":[{"@type":"ListItem","position":1,"name":"Product","item":"https:\/\/www.schramas.com\/assortiment\/"},{"@type":"ListItem","position":2,"name":"Bomen &amp; Struiken","item":"https:\/\/www.schramas.com\/product-category\/bomen-struiken\/"},{"@type":"ListItem","position":3,"name":"Fruitbomen","item":"https:\/\/www.schramas.com\/product-category\/bomen-struiken\/fruitbomen\/"},{"@type":"ListItem","position":4,"name":"Kaki","item":"https:\/\/www.schramas.com\/product-category\/bomen-struiken\/fruitbomen\/kaki\/"},{"@type":"ListItem","position":5,"name":"Diospyros kaki &#8216;Tipo&#8217; &#8211; sharonfruit &#8211; 5 liter pot &#8211; 100cm"}]},{"@type":"WebSite","@id":"https:\/\/www.schramas.com\/#website","url":"https:\/\/www.schramas.com\/","name":"Schramas.com | Haveplanter bestilles nemt online | Direkte fra vores gartneri","description":"","alternateName":"Schramas.com - Alle planten direct van de kweker","potentialAction":[{"@type":"SearchAction","target":{"@type":"EntryPoint","urlTemplate":"https:\/\/www.schramas.com\/?s={search_term_string}"},"query-input":{"@type":"PropertyValueSpecification","valueRequired":true,"valueName":"search_term_string"}}],"inLanguage":"da-DK"}]}},"_links":{"self":[{"href":"https:\/\/www.schramas.com\/dk\/wp-json\/wp\/v2\/product\/18202","targetHints":{"allow":["GET"]}}],"collection":[{"href":"https:\/\/www.schramas.com\/dk\/wp-json\/wp\/v2\/product"}],"about":[{"href":"https:\/\/www.schramas.com\/dk\/wp-json\/wp\/v2\/types\/product"}],"version-history":[{"count":1,"href":"https:\/\/www.schramas.com\/dk\/wp-json\/wp\/v2\/product\/18202\/revisions"}],"predecessor-version":[{"id":42014,"href":"https:\/\/www.schramas.com\/dk\/wp-json\/wp\/v2\/product\/18202\/revisions\/42014"}],"wp:featuredmedia":[{"embeddable":true,"href":"https:\/\/www.schramas.com\/dk\/wp-json\/wp\/v2\/media\/20215"}],"wp:attachment":[{"href":"https:\/\/www.schramas.com\/dk\/wp-json\/wp\/v2\/media?parent=18202"}],"wp:term":[{"taxonomy":"product_brand","embeddable":true,"href":"https:\/\/www.schramas.com\/dk\/wp-json\/wp\/v2\/product_brand?post=18202"},{"taxonomy":"product_cat","embeddable":true,"href":"https:\/\/www.schramas.com\/dk\/wp-json\/wp\/v2\/product_cat?post=18202"},{"taxonomy":"product_tag","embeddable":true,"href":"https:\/\/www.schramas.com\/dk\/wp-json\/wp\/v2\/product_tag?post=18202"}],"curies":[{"name":"wp","href":"https:\/\/api.w.org\/{rel}","templated":true}]}}