{"id":18233,"date":"2022-02-24T13:55:04","date_gmt":"2022-02-24T12:55:04","guid":{"rendered":"https:\/\/www.schramas.com\/?post_type=product&#038;p=18233"},"modified":"2026-05-12T14:37:47","modified_gmt":"2026-05-12T12:37:47","slug":"punica-granatum-akko-granataeble-som-rodmateriale-2l-potte","status":"publish","type":"product","link":"https:\/\/www.schramas.com\/dk\/butik\/punica-granatum-akko-granataeble-som-rodmateriale-2l-potte\/","title":{"rendered":"Punica granatum 'Acco', granat\u00e6ble, 2-liters potte"},"content":{"rendered":"<p>Granat\u00e6blet vokser fra en buskform til et tr\u00e6 og blomstrer n\u00e6sten hele sommeren. P\u00e5 grund af dets begr\u00e6nsede vinterh\u00e5rdf\u00f8rhed er det bedst at beholde dette frugttr\u00e6 som en containerplante, der beskytter dig mod frost om vinteren.<\/p>\n<p>Granat\u00e6blet skylder sit navn til de l\u00e6kre frugter, der falder til jorden, n\u00e5r de er modne, og springer op.<\/p>\n<p>Denne granat\u00e6ble kommer med en h\u00f8jde p\u00e5 cirka 40 cm.<\/p>\n<p>Under de rette forhold vokser den hurtigt til en stor busk eller tr\u00e6.<\/p>\n<p>Vinterh\u00e5rdf\u00f8r til -15 grader Celsius<\/p>","protected":false},"excerpt":{"rendered":"<p>Punica granatum &#039;Akko&#039;, granat\u00e6ble.<\/p>\n<p>Smag: s\u00f8d<\/p>\n<p>Frugt: rund, meget farverig frugt af mellemst\u00f8rrelse. Modner tidligt, i september.<\/p>\n<p>Max h\u00f8jde: cirka 1,5-2 meter<\/p>\n<p>Selvbest\u00f8vende<\/p>\n<p>Vinterh\u00e5rdf\u00f8r til -15C<\/p>\n<p>Leveringsh\u00f8jde inkl. potte: ca. 30 cm<\/p>\n<p>Gryde st\u00f8rrelse: 2 liter<\/p>\n<p>Mest velegnet som krukkeplante<\/p>","protected":false},"featured_media":41217,"template":"","meta":{"_joinchat":[]},"product_brand":[],"product_cat":[262,233,234,47],"product_tag":[713,712,656,351,316],"class_list":{"0":"post-18233","1":"product","2":"type-product","3":"status-publish","4":"has-post-thumbnail","6":"product_cat-bomen-struiken","7":"product_cat-fruitbomen","8":"product_cat-fruitstruiken","9":"product_cat-granaatappels","10":"product_tag-granaatappel","11":"product_tag-punica","12":"product_tag-vitamine","13":"product_tag-winterhard","14":"product_tag-zelfbestuivend","15":"pa_bloeimaanden-juli","16":"pa_bloeimaanden-augustus","17":"pa_ewd_uwcf_colors-oranje","18":"pa_ewd_uwcf_colors-rood-2","19":"pa_groeihoogte-200-300-cm","20":"pa_pot-9-cm-pot","22":"first","23":"instock","24":"taxable","25":"shipping-taxable","26":"purchasable","27":"product-type-simple"},"yoast_head":"<!-- This site is optimized with the Yoast SEO plugin v24.2 - https:\/\/yoast.com\/wordpress\/plugins\/seo\/ -->\n<title>Punica granatum &#039;Acco&#039;, granaatappel, 2 liter pot kopen | Planten eenvoudig online bestellen | Schramas.com<\/title>\n<meta name=\"robots\" content=\"index, follow, max-snippet:-1, max-image-preview:large, max-video-preview:-1\" \/>\n<link rel=\"canonical\" href=\"https:\/\/www.schramas.com\/dk\/butik\/punica-granatum-akko-granataeble-som-rodmateriale-2l-potte\/\" \/>\n<meta property=\"og:locale\" content=\"da_DK\" \/>\n<meta property=\"og:type\" content=\"article\" \/>\n<meta property=\"og:title\" content=\"Punica granatum &#039;Acco&#039;, granaatappel, 2 liter pot kopen | Planten eenvoudig online bestellen | Schramas.com\" \/>\n<meta property=\"og:description\" content=\"Punica granatum &#039;Akko&#039;, granaatappel.  Smaak: zoet  Vrucht: ronde, zeer kleurrijke\u00a0 vrucht van gemiddeld grote. Rijpt vroeg, in september.  Hoogte max: circa 1,5-2 meter  Zelfbestuivend  Winterhard tot -15C  Leverhoogte incl. pot: circa 30 cm  Potmaat: 2 liter  Voornamelijk geschikt als kuipplant\" \/>\n<meta property=\"og:url\" content=\"https:\/\/www.schramas.com\/dk\/butik\/punica-granatum-akko-granataeble-som-rodmateriale-2l-potte\/\" \/>\n<meta property=\"og:site_name\" content=\"Planten eenvoudig online bestellen | Schramas.com\" \/>\n<meta property=\"article:publisher\" content=\"https:\/\/www.facebook.com\/Schramascom-106872874153195\/\" \/>\n<meta property=\"article:modified_time\" content=\"2026-05-12T12:37:47+00:00\" \/>\n<meta property=\"og:image\" content=\"http:\/\/www.schramas.com\/wp-content\/uploads\/2022\/02\/Punica-Granatum-acco-sfeer.jpg\" \/>\n\t<meta property=\"og:image:width\" content=\"1200\" \/>\n\t<meta property=\"og:image:height\" content=\"1200\" \/>\n\t<meta property=\"og:image:type\" content=\"image\/jpeg\" \/>\n<meta name=\"twitter:card\" content=\"summary_large_image\" \/>\n<meta name=\"twitter:label1\" content=\"Estimeret l\u00e6setid\" \/>\n\t<meta name=\"twitter:data1\" content=\"1 minut\" \/>\n<script type=\"application\/ld+json\" class=\"yoast-schema-graph\">{\"@context\":\"https:\/\/schema.org\",\"@graph\":[{\"@type\":[\"WebPage\",\"ItemPage\"],\"@id\":\"https:\/\/www.schramas.com\/winkel\/punica-granatum-akko-granaatappel-als-wortelgoed-2l-pot\/\",\"url\":\"https:\/\/www.schramas.com\/winkel\/punica-granatum-akko-granaatappel-als-wortelgoed-2l-pot\/\",\"name\":\"Punica granatum 'Acco', granaatappel, 2 liter pot kopen | Planten eenvoudig online bestellen | Schramas.com\",\"isPartOf\":{\"@id\":\"https:\/\/www.schramas.com\/#website\"},\"primaryImageOfPage\":{\"@id\":\"https:\/\/www.schramas.com\/winkel\/punica-granatum-akko-granaatappel-als-wortelgoed-2l-pot\/#primaryimage\"},\"image\":{\"@id\":\"https:\/\/www.schramas.com\/winkel\/punica-granatum-akko-granaatappel-als-wortelgoed-2l-pot\/#primaryimage\"},\"thumbnailUrl\":\"https:\/\/www.schramas.com\/wp-content\/uploads\/2022\/02\/Punica-Granatum-acco-sfeer.jpg\",\"datePublished\":\"2022-02-24T12:55:04+00:00\",\"dateModified\":\"2026-05-12T12:37:47+00:00\",\"breadcrumb\":{\"@id\":\"https:\/\/www.schramas.com\/winkel\/punica-granatum-akko-granaatappel-als-wortelgoed-2l-pot\/#breadcrumb\"},\"inLanguage\":\"da-DK\",\"potentialAction\":[{\"@type\":\"ReadAction\",\"target\":[\"https:\/\/www.schramas.com\/winkel\/punica-granatum-akko-granaatappel-als-wortelgoed-2l-pot\/\"]}]},{\"@type\":\"ImageObject\",\"inLanguage\":\"da-DK\",\"@id\":\"https:\/\/www.schramas.com\/winkel\/punica-granatum-akko-granaatappel-als-wortelgoed-2l-pot\/#primaryimage\",\"url\":\"https:\/\/www.schramas.com\/wp-content\/uploads\/2022\/02\/Punica-Granatum-acco-sfeer.jpg\",\"contentUrl\":\"https:\/\/www.schramas.com\/wp-content\/uploads\/2022\/02\/Punica-Granatum-acco-sfeer.jpg\",\"width\":1200,\"height\":1200},{\"@type\":\"BreadcrumbList\",\"@id\":\"https:\/\/www.schramas.com\/winkel\/punica-granatum-akko-granaatappel-als-wortelgoed-2l-pot\/#breadcrumb\",\"itemListElement\":[{\"@type\":\"ListItem\",\"position\":1,\"name\":\"Product\",\"item\":\"https:\/\/www.schramas.com\/assortiment\/\"},{\"@type\":\"ListItem\",\"position\":2,\"name\":\"Bomen &amp; Struiken\",\"item\":\"https:\/\/www.schramas.com\/product-category\/bomen-struiken\/\"},{\"@type\":\"ListItem\",\"position\":3,\"name\":\"Fruitstruiken\",\"item\":\"https:\/\/www.schramas.com\/de\/produktkategorie\/baume-und-straucher\/obststraucher\/\"},{\"@type\":\"ListItem\",\"position\":4,\"name\":\"Granaatappels\",\"item\":\"https:\/\/www.schramas.com\/product-category\/bomen-struiken\/fruitstruiken\/granaatappels\/\"},{\"@type\":\"ListItem\",\"position\":5,\"name\":\"Punica granatum &#8216;Acco&#8217;, granaatappel, 2 liter pot\"}]},{\"@type\":\"WebSite\",\"@id\":\"https:\/\/www.schramas.com\/#website\",\"url\":\"https:\/\/www.schramas.com\/\",\"name\":\"Schramas.com | Tuinplanten eenvoudig online bestellen | Direct van onze Kwekerij\",\"description\":\"\",\"alternateName\":\"Schramas.com - Alle planten direct van de kweker\",\"potentialAction\":[{\"@type\":\"SearchAction\",\"target\":{\"@type\":\"EntryPoint\",\"urlTemplate\":\"https:\/\/www.schramas.com\/?s={search_term_string}\"},\"query-input\":{\"@type\":\"PropertyValueSpecification\",\"valueRequired\":true,\"valueName\":\"search_term_string\"}}],\"inLanguage\":\"da-DK\"}]}<\/script>\n<!-- \/ Yoast SEO plugin. -->","yoast_head_json":{"title":"K\u00f8b Punica granatum &#039;Acco&#039;, granat\u00e6ble, 2 liters gryde | Bestil nemt planter online | Schramas.com","robots":{"index":"index","follow":"follow","max-snippet":"max-snippet:-1","max-image-preview":"max-image-preview:large","max-video-preview":"max-video-preview:-1"},"canonical":"https:\/\/www.schramas.com\/dk\/butik\/punica-granatum-akko-granataeble-som-rodmateriale-2l-potte\/","og_locale":"da_DK","og_type":"article","og_title":"Punica granatum 'Acco', granaatappel, 2 liter pot kopen | Planten eenvoudig online bestellen | Schramas.com","og_description":"Punica granatum 'Akko', granaatappel.  Smaak: zoet  Vrucht: ronde, zeer kleurrijke\u00a0 vrucht van gemiddeld grote. Rijpt vroeg, in september.  Hoogte max: circa 1,5-2 meter  Zelfbestuivend  Winterhard tot -15C  Leverhoogte incl. pot: circa 30 cm  Potmaat: 2 liter  Voornamelijk geschikt als kuipplant","og_url":"https:\/\/www.schramas.com\/dk\/butik\/punica-granatum-akko-granataeble-som-rodmateriale-2l-potte\/","og_site_name":"Planten eenvoudig online bestellen | Schramas.com","article_publisher":"https:\/\/www.facebook.com\/Schramascom-106872874153195\/","article_modified_time":"2026-05-12T12:37:47+00:00","og_image":[{"width":1200,"height":1200,"url":"http:\/\/www.schramas.com\/wp-content\/uploads\/2022\/02\/Punica-Granatum-acco-sfeer.jpg","type":"image\/jpeg"}],"twitter_card":"summary_large_image","twitter_misc":{"Estimeret l\u00e6setid":"1 minut"},"schema":{"@context":"https:\/\/schema.org","@graph":[{"@type":["WebPage","ItemPage"],"@id":"https:\/\/www.schramas.com\/winkel\/punica-granatum-akko-granaatappel-als-wortelgoed-2l-pot\/","url":"https:\/\/www.schramas.com\/winkel\/punica-granatum-akko-granaatappel-als-wortelgoed-2l-pot\/","name":"K\u00f8b Punica granatum &#039;Acco&#039;, granat\u00e6ble, 2 liters gryde | Bestil nemt planter online | Schramas.com","isPartOf":{"@id":"https:\/\/www.schramas.com\/#website"},"primaryImageOfPage":{"@id":"https:\/\/www.schramas.com\/winkel\/punica-granatum-akko-granaatappel-als-wortelgoed-2l-pot\/#primaryimage"},"image":{"@id":"https:\/\/www.schramas.com\/winkel\/punica-granatum-akko-granaatappel-als-wortelgoed-2l-pot\/#primaryimage"},"thumbnailUrl":"https:\/\/www.schramas.com\/wp-content\/uploads\/2022\/02\/Punica-Granatum-acco-sfeer.jpg","datePublished":"2022-02-24T12:55:04+00:00","dateModified":"2026-05-12T12:37:47+00:00","breadcrumb":{"@id":"https:\/\/www.schramas.com\/winkel\/punica-granatum-akko-granaatappel-als-wortelgoed-2l-pot\/#breadcrumb"},"inLanguage":"da-DK","potentialAction":[{"@type":"ReadAction","target":["https:\/\/www.schramas.com\/winkel\/punica-granatum-akko-granaatappel-als-wortelgoed-2l-pot\/"]}]},{"@type":"ImageObject","inLanguage":"da-DK","@id":"https:\/\/www.schramas.com\/winkel\/punica-granatum-akko-granaatappel-als-wortelgoed-2l-pot\/#primaryimage","url":"https:\/\/www.schramas.com\/wp-content\/uploads\/2022\/02\/Punica-Granatum-acco-sfeer.jpg","contentUrl":"https:\/\/www.schramas.com\/wp-content\/uploads\/2022\/02\/Punica-Granatum-acco-sfeer.jpg","width":1200,"height":1200},{"@type":"BreadcrumbList","@id":"https:\/\/www.schramas.com\/winkel\/punica-granatum-akko-granaatappel-als-wortelgoed-2l-pot\/#breadcrumb","itemListElement":[{"@type":"ListItem","position":1,"name":"Product","item":"https:\/\/www.schramas.com\/assortiment\/"},{"@type":"ListItem","position":2,"name":"Bomen &amp; Struiken","item":"https:\/\/www.schramas.com\/product-category\/bomen-struiken\/"},{"@type":"ListItem","position":3,"name":"Fruitstruiken","item":"https:\/\/www.schramas.com\/de\/produktkategorie\/baume-und-straucher\/obststraucher\/"},{"@type":"ListItem","position":4,"name":"Granaatappels","item":"https:\/\/www.schramas.com\/product-category\/bomen-struiken\/fruitstruiken\/granaatappels\/"},{"@type":"ListItem","position":5,"name":"Punica granatum &#8216;Acco&#8217;, granaatappel, 2 liter pot"}]},{"@type":"WebSite","@id":"https:\/\/www.schramas.com\/#website","url":"https:\/\/www.schramas.com\/","name":"Schramas.com | Haveplanter bestilles nemt online | Direkte fra vores gartneri","description":"","alternateName":"Schramas.com - Alle planten direct van de kweker","potentialAction":[{"@type":"SearchAction","target":{"@type":"EntryPoint","urlTemplate":"https:\/\/www.schramas.com\/?s={search_term_string}"},"query-input":{"@type":"PropertyValueSpecification","valueRequired":true,"valueName":"search_term_string"}}],"inLanguage":"da-DK"}]}},"_links":{"self":[{"href":"https:\/\/www.schramas.com\/dk\/wp-json\/wp\/v2\/product\/18233","targetHints":{"allow":["GET"]}}],"collection":[{"href":"https:\/\/www.schramas.com\/dk\/wp-json\/wp\/v2\/product"}],"about":[{"href":"https:\/\/www.schramas.com\/dk\/wp-json\/wp\/v2\/types\/product"}],"version-history":[{"count":1,"href":"https:\/\/www.schramas.com\/dk\/wp-json\/wp\/v2\/product\/18233\/revisions"}],"predecessor-version":[{"id":45392,"href":"https:\/\/www.schramas.com\/dk\/wp-json\/wp\/v2\/product\/18233\/revisions\/45392"}],"wp:featuredmedia":[{"embeddable":true,"href":"https:\/\/www.schramas.com\/dk\/wp-json\/wp\/v2\/media\/41217"}],"wp:attachment":[{"href":"https:\/\/www.schramas.com\/dk\/wp-json\/wp\/v2\/media?parent=18233"}],"wp:term":[{"taxonomy":"product_brand","embeddable":true,"href":"https:\/\/www.schramas.com\/dk\/wp-json\/wp\/v2\/product_brand?post=18233"},{"taxonomy":"product_cat","embeddable":true,"href":"https:\/\/www.schramas.com\/dk\/wp-json\/wp\/v2\/product_cat?post=18233"},{"taxonomy":"product_tag","embeddable":true,"href":"https:\/\/www.schramas.com\/dk\/wp-json\/wp\/v2\/product_tag?post=18233"}],"curies":[{"name":"wp","href":"https:\/\/api.w.org\/{rel}","templated":true}]}}