{"id":18236,"date":"2022-02-24T14:17:15","date_gmt":"2022-02-24T13:17:15","guid":{"rendered":"https:\/\/www.schramas.com\/?post_type=product&#038;p=18236"},"modified":"2026-04-22T10:35:24","modified_gmt":"2026-04-22T08:35:24","slug":"prunus-armeniaca-diamantabrikosrodmateriale-fra-april-i-5l-potte","status":"publish","type":"product","link":"https:\/\/www.schramas.com\/dk\/butik\/prunus-armeniaca-diamantabrikosrodmateriale-fra-april-i-5l-potte\/","title":{"rendered":"Prunus armeniaca 'Diamond' abrikos, 5 liters potte"},"content":{"rendered":"<p>Prunus Armeniaca &#039;Diamant&#039; er et abrikostr\u00e6 med store, s\u00f8de, smukke orange-gule frugter.<\/p>\n<p>Dette tr\u00e6 er ikke s\u00e6rlig modtageligt for sygdomme og blomstrer i midten af marts. P\u00e5 grund af den tidlige blomstring af abrikoser er det tilr\u00e5deligt at beskytte blomsten mod nattefrost og plante tr\u00e6et p\u00e5 et beskyttet og solrigt sted.<\/p>\n<p>Denne abrikos bringes til dig af schramas.com med en planteh\u00f8jde p\u00e5 80-100 cm.<\/p>","protected":false},"excerpt":{"rendered":"<p>Prunus Armeniaca &#039;Diamant<\/p>\n<p>Abrikos<\/p>\n<p>Smag: s\u00f8d<\/p>\n<p>Frugtfarve: orangegul<\/p>\n<p>Maks. h\u00f8jde: ca. 3,5-4 m i \u00e5bent terr\u00e6n afh\u00e6ngigt af besk\u00e6ring og grundstamme<\/p>\n<p>Selvbest\u00f8vende<\/p>\n<p>Leveringsh\u00f8jde inkl. potte: ca. 80-100 cm inkl. potte<\/p>\n<p>Pottest\u00f8rrelse: Leveres som grundstamme og fra april i en stor 5-liters potte.<\/p>\n<p>Velegnet til b\u00e5de terrasse og \u00e5bent land (p\u00e5 et beskyttet og solrigt sted)<\/p>","protected":false},"featured_media":20233,"template":"","meta":{"_joinchat":[]},"product_brand":[],"product_cat":[21,262,233,761],"product_tag":[309,327,719,312,351,316,328],"class_list":{"0":"post-18236","1":"product","2":"type-product","3":"status-publish","4":"has-post-thumbnail","6":"product_cat-abrikozen","7":"product_cat-bomen-struiken","8":"product_cat-fruitbomen","9":"product_cat-lente","10":"product_tag-abrikoos","11":"product_tag-goldrich","12":"product_tag-oranje-geel","13":"product_tag-steenvrucht","14":"product_tag-winterhard","15":"product_tag-zelfbestuivend","16":"product_tag-zoet","17":"pa_bloeimaanden-maart","18":"pa_ewd_uwcf_colors-oranje","19":"pa_groeihoogte-300-cm","20":"pa_pot-5-liter-pot","22":"first","23":"instock","24":"downloadable","25":"taxable","26":"shipping-taxable","27":"purchasable","28":"product-type-simple"},"yoast_head":"<!-- This site is optimized with the Yoast SEO plugin v24.2 - https:\/\/yoast.com\/wordpress\/plugins\/seo\/ -->\n<title>Prunus armeniaca &#039;Diamant&#039; abrikoos, 5 liter pot kopen | Planten eenvoudig online bestellen | Schramas.com<\/title>\n<meta name=\"robots\" content=\"index, follow, max-snippet:-1, max-image-preview:large, max-video-preview:-1\" \/>\n<link rel=\"canonical\" href=\"https:\/\/www.schramas.com\/dk\/butik\/prunus-armeniaca-diamantabrikosrodmateriale-fra-april-i-5l-potte\/\" \/>\n<meta property=\"og:locale\" content=\"da_DK\" \/>\n<meta property=\"og:type\" content=\"article\" \/>\n<meta property=\"og:title\" content=\"Prunus armeniaca &#039;Diamant&#039; abrikoos, 5 liter pot kopen | Planten eenvoudig online bestellen | Schramas.com\" \/>\n<meta property=\"og:description\" content=\"Prunus Armeniaca &#039;Diamant  Abrikoos  Smaak: zoet  Kleur vrucht: oranje geel  Hoogte max: ca. 3,5 -4 meter in volle grond afhankelijk van snoei en onderstam  Zelfbestuivend  Leverhoogte incl. pot: ca. 80-100 cm incl pot  Potmaat: geleverd als wortelgoed en vanaf april in forse 5 liter pot.  Geschikt voor zowel patio als volle grond (op beschutte en zonnige plek)\" \/>\n<meta property=\"og:url\" content=\"https:\/\/www.schramas.com\/dk\/butik\/prunus-armeniaca-diamantabrikosrodmateriale-fra-april-i-5l-potte\/\" \/>\n<meta property=\"og:site_name\" content=\"Planten eenvoudig online bestellen | Schramas.com\" \/>\n<meta property=\"article:publisher\" content=\"https:\/\/www.facebook.com\/Schramascom-106872874153195\/\" \/>\n<meta property=\"article:modified_time\" content=\"2026-04-22T08:35:24+00:00\" \/>\n<meta property=\"og:image\" content=\"http:\/\/www.schramas.com\/wp-content\/uploads\/2022\/02\/Prunus-armeniaca-diamant-sfeer.jpg\" \/>\n\t<meta property=\"og:image:width\" content=\"1200\" \/>\n\t<meta property=\"og:image:height\" content=\"1200\" \/>\n\t<meta property=\"og:image:type\" content=\"image\/jpeg\" \/>\n<meta name=\"twitter:card\" content=\"summary_large_image\" \/>\n<meta name=\"twitter:label1\" content=\"Estimeret l\u00e6setid\" \/>\n\t<meta name=\"twitter:data1\" content=\"1 minut\" \/>\n<script type=\"application\/ld+json\" class=\"yoast-schema-graph\">{\"@context\":\"https:\/\/schema.org\",\"@graph\":[{\"@type\":[\"WebPage\",\"ItemPage\"],\"@id\":\"https:\/\/www.schramas.com\/winkel\/prunus-armeniaca-diamant-abrikoos-wortelgoed-vanaf-april-in-5l-pot\/\",\"url\":\"https:\/\/www.schramas.com\/winkel\/prunus-armeniaca-diamant-abrikoos-wortelgoed-vanaf-april-in-5l-pot\/\",\"name\":\"Prunus armeniaca 'Diamant' abrikoos, 5 liter pot kopen | Planten eenvoudig online bestellen | Schramas.com\",\"isPartOf\":{\"@id\":\"https:\/\/www.schramas.com\/#website\"},\"primaryImageOfPage\":{\"@id\":\"https:\/\/www.schramas.com\/winkel\/prunus-armeniaca-diamant-abrikoos-wortelgoed-vanaf-april-in-5l-pot\/#primaryimage\"},\"image\":{\"@id\":\"https:\/\/www.schramas.com\/winkel\/prunus-armeniaca-diamant-abrikoos-wortelgoed-vanaf-april-in-5l-pot\/#primaryimage\"},\"thumbnailUrl\":\"https:\/\/www.schramas.com\/wp-content\/uploads\/2022\/02\/Prunus-armeniaca-diamant-sfeer.jpg\",\"datePublished\":\"2022-02-24T13:17:15+00:00\",\"dateModified\":\"2026-04-22T08:35:24+00:00\",\"breadcrumb\":{\"@id\":\"https:\/\/www.schramas.com\/winkel\/prunus-armeniaca-diamant-abrikoos-wortelgoed-vanaf-april-in-5l-pot\/#breadcrumb\"},\"inLanguage\":\"da-DK\",\"potentialAction\":[{\"@type\":\"ReadAction\",\"target\":[\"https:\/\/www.schramas.com\/winkel\/prunus-armeniaca-diamant-abrikoos-wortelgoed-vanaf-april-in-5l-pot\/\"]}]},{\"@type\":\"ImageObject\",\"inLanguage\":\"da-DK\",\"@id\":\"https:\/\/www.schramas.com\/winkel\/prunus-armeniaca-diamant-abrikoos-wortelgoed-vanaf-april-in-5l-pot\/#primaryimage\",\"url\":\"https:\/\/www.schramas.com\/wp-content\/uploads\/2022\/02\/Prunus-armeniaca-diamant-sfeer.jpg\",\"contentUrl\":\"https:\/\/www.schramas.com\/wp-content\/uploads\/2022\/02\/Prunus-armeniaca-diamant-sfeer.jpg\",\"width\":1200,\"height\":1200},{\"@type\":\"BreadcrumbList\",\"@id\":\"https:\/\/www.schramas.com\/winkel\/prunus-armeniaca-diamant-abrikoos-wortelgoed-vanaf-april-in-5l-pot\/#breadcrumb\",\"itemListElement\":[{\"@type\":\"ListItem\",\"position\":1,\"name\":\"Product\",\"item\":\"https:\/\/www.schramas.com\/assortiment\/\"},{\"@type\":\"ListItem\",\"position\":2,\"name\":\"Bomen &amp; Struiken\",\"item\":\"https:\/\/www.schramas.com\/product-category\/bomen-struiken\/\"},{\"@type\":\"ListItem\",\"position\":3,\"name\":\"Fruitbomen\",\"item\":\"https:\/\/www.schramas.com\/product-category\/bomen-struiken\/fruitbomen\/\"},{\"@type\":\"ListItem\",\"position\":4,\"name\":\"Abrikozen\",\"item\":\"https:\/\/www.schramas.com\/product-category\/bomen-struiken\/fruitbomen\/abrikozen\/\"},{\"@type\":\"ListItem\",\"position\":5,\"name\":\"Prunus armeniaca &#8216;Diamant&#8217; abrikoos, 5 liter pot\"}]},{\"@type\":\"WebSite\",\"@id\":\"https:\/\/www.schramas.com\/#website\",\"url\":\"https:\/\/www.schramas.com\/\",\"name\":\"Schramas.com | Tuinplanten eenvoudig online bestellen | Direct van onze Kwekerij\",\"description\":\"\",\"alternateName\":\"Schramas.com - Alle planten direct van de kweker\",\"potentialAction\":[{\"@type\":\"SearchAction\",\"target\":{\"@type\":\"EntryPoint\",\"urlTemplate\":\"https:\/\/www.schramas.com\/?s={search_term_string}\"},\"query-input\":{\"@type\":\"PropertyValueSpecification\",\"valueRequired\":true,\"valueName\":\"search_term_string\"}}],\"inLanguage\":\"da-DK\"}]}<\/script>\n<!-- \/ Yoast SEO plugin. -->","yoast_head_json":{"title":"K\u00f8b Prunus Armeniaca &#039;Diamant&#039; abrikos, 5 liter gryde | Bestil nemt planter online | Schramas.com","robots":{"index":"index","follow":"follow","max-snippet":"max-snippet:-1","max-image-preview":"max-image-preview:large","max-video-preview":"max-video-preview:-1"},"canonical":"https:\/\/www.schramas.com\/dk\/butik\/prunus-armeniaca-diamantabrikosrodmateriale-fra-april-i-5l-potte\/","og_locale":"da_DK","og_type":"article","og_title":"Prunus armeniaca 'Diamant' abrikoos, 5 liter pot kopen | Planten eenvoudig online bestellen | Schramas.com","og_description":"Prunus Armeniaca 'Diamant  Abrikoos  Smaak: zoet  Kleur vrucht: oranje geel  Hoogte max: ca. 3,5 -4 meter in volle grond afhankelijk van snoei en onderstam  Zelfbestuivend  Leverhoogte incl. pot: ca. 80-100 cm incl pot  Potmaat: geleverd als wortelgoed en vanaf april in forse 5 liter pot.  Geschikt voor zowel patio als volle grond (op beschutte en zonnige plek)","og_url":"https:\/\/www.schramas.com\/dk\/butik\/prunus-armeniaca-diamantabrikosrodmateriale-fra-april-i-5l-potte\/","og_site_name":"Planten eenvoudig online bestellen | Schramas.com","article_publisher":"https:\/\/www.facebook.com\/Schramascom-106872874153195\/","article_modified_time":"2026-04-22T08:35:24+00:00","og_image":[{"width":1200,"height":1200,"url":"http:\/\/www.schramas.com\/wp-content\/uploads\/2022\/02\/Prunus-armeniaca-diamant-sfeer.jpg","type":"image\/jpeg"}],"twitter_card":"summary_large_image","twitter_misc":{"Estimeret l\u00e6setid":"1 minut"},"schema":{"@context":"https:\/\/schema.org","@graph":[{"@type":["WebPage","ItemPage"],"@id":"https:\/\/www.schramas.com\/winkel\/prunus-armeniaca-diamant-abrikoos-wortelgoed-vanaf-april-in-5l-pot\/","url":"https:\/\/www.schramas.com\/winkel\/prunus-armeniaca-diamant-abrikoos-wortelgoed-vanaf-april-in-5l-pot\/","name":"K\u00f8b Prunus Armeniaca &#039;Diamant&#039; abrikos, 5 liter gryde | Bestil nemt planter online | Schramas.com","isPartOf":{"@id":"https:\/\/www.schramas.com\/#website"},"primaryImageOfPage":{"@id":"https:\/\/www.schramas.com\/winkel\/prunus-armeniaca-diamant-abrikoos-wortelgoed-vanaf-april-in-5l-pot\/#primaryimage"},"image":{"@id":"https:\/\/www.schramas.com\/winkel\/prunus-armeniaca-diamant-abrikoos-wortelgoed-vanaf-april-in-5l-pot\/#primaryimage"},"thumbnailUrl":"https:\/\/www.schramas.com\/wp-content\/uploads\/2022\/02\/Prunus-armeniaca-diamant-sfeer.jpg","datePublished":"2022-02-24T13:17:15+00:00","dateModified":"2026-04-22T08:35:24+00:00","breadcrumb":{"@id":"https:\/\/www.schramas.com\/winkel\/prunus-armeniaca-diamant-abrikoos-wortelgoed-vanaf-april-in-5l-pot\/#breadcrumb"},"inLanguage":"da-DK","potentialAction":[{"@type":"ReadAction","target":["https:\/\/www.schramas.com\/winkel\/prunus-armeniaca-diamant-abrikoos-wortelgoed-vanaf-april-in-5l-pot\/"]}]},{"@type":"ImageObject","inLanguage":"da-DK","@id":"https:\/\/www.schramas.com\/winkel\/prunus-armeniaca-diamant-abrikoos-wortelgoed-vanaf-april-in-5l-pot\/#primaryimage","url":"https:\/\/www.schramas.com\/wp-content\/uploads\/2022\/02\/Prunus-armeniaca-diamant-sfeer.jpg","contentUrl":"https:\/\/www.schramas.com\/wp-content\/uploads\/2022\/02\/Prunus-armeniaca-diamant-sfeer.jpg","width":1200,"height":1200},{"@type":"BreadcrumbList","@id":"https:\/\/www.schramas.com\/winkel\/prunus-armeniaca-diamant-abrikoos-wortelgoed-vanaf-april-in-5l-pot\/#breadcrumb","itemListElement":[{"@type":"ListItem","position":1,"name":"Product","item":"https:\/\/www.schramas.com\/assortiment\/"},{"@type":"ListItem","position":2,"name":"Bomen &amp; Struiken","item":"https:\/\/www.schramas.com\/product-category\/bomen-struiken\/"},{"@type":"ListItem","position":3,"name":"Fruitbomen","item":"https:\/\/www.schramas.com\/product-category\/bomen-struiken\/fruitbomen\/"},{"@type":"ListItem","position":4,"name":"Abrikozen","item":"https:\/\/www.schramas.com\/product-category\/bomen-struiken\/fruitbomen\/abrikozen\/"},{"@type":"ListItem","position":5,"name":"Prunus armeniaca &#8216;Diamant&#8217; abrikoos, 5 liter pot"}]},{"@type":"WebSite","@id":"https:\/\/www.schramas.com\/#website","url":"https:\/\/www.schramas.com\/","name":"Schramas.com | Haveplanter bestilles nemt online | Direkte fra vores gartneri","description":"","alternateName":"Schramas.com - Alle planten direct van de kweker","potentialAction":[{"@type":"SearchAction","target":{"@type":"EntryPoint","urlTemplate":"https:\/\/www.schramas.com\/?s={search_term_string}"},"query-input":{"@type":"PropertyValueSpecification","valueRequired":true,"valueName":"search_term_string"}}],"inLanguage":"da-DK"}]}},"_links":{"self":[{"href":"https:\/\/www.schramas.com\/dk\/wp-json\/wp\/v2\/product\/18236","targetHints":{"allow":["GET"]}}],"collection":[{"href":"https:\/\/www.schramas.com\/dk\/wp-json\/wp\/v2\/product"}],"about":[{"href":"https:\/\/www.schramas.com\/dk\/wp-json\/wp\/v2\/types\/product"}],"version-history":[{"count":1,"href":"https:\/\/www.schramas.com\/dk\/wp-json\/wp\/v2\/product\/18236\/revisions"}],"predecessor-version":[{"id":44587,"href":"https:\/\/www.schramas.com\/dk\/wp-json\/wp\/v2\/product\/18236\/revisions\/44587"}],"wp:featuredmedia":[{"embeddable":true,"href":"https:\/\/www.schramas.com\/dk\/wp-json\/wp\/v2\/media\/20233"}],"wp:attachment":[{"href":"https:\/\/www.schramas.com\/dk\/wp-json\/wp\/v2\/media?parent=18236"}],"wp:term":[{"taxonomy":"product_brand","embeddable":true,"href":"https:\/\/www.schramas.com\/dk\/wp-json\/wp\/v2\/product_brand?post=18236"},{"taxonomy":"product_cat","embeddable":true,"href":"https:\/\/www.schramas.com\/dk\/wp-json\/wp\/v2\/product_cat?post=18236"},{"taxonomy":"product_tag","embeddable":true,"href":"https:\/\/www.schramas.com\/dk\/wp-json\/wp\/v2\/product_tag?post=18236"}],"curies":[{"name":"wp","href":"https:\/\/api.w.org\/{rel}","templated":true}]}}