{"id":18243,"date":"2022-02-24T15:32:54","date_gmt":"2022-02-24T14:32:54","guid":{"rendered":"https:\/\/www.schramas.com\/?post_type=product&#038;p=18243"},"modified":"2026-03-26T16:34:51","modified_gmt":"2026-03-26T15:34:51","slug":"prunus-armeniaca-dame-tremmeseng-abrikosrod-materiale-fra-april-i-5l-pottekopi","status":"publish","type":"product","link":"https:\/\/www.schramas.com\/dk\/butik\/prunus-armeniaca-dame-tremmeseng-abrikosrod-materiale-fra-april-i-5l-pottekopi\/","title":{"rendered":"Prunus armeniaca 'Lady Cot' abrikos, 5 liter potte"},"content":{"rendered":"<p>Prunus Armeniaca &#039;Lady Cot&#039; er et abrikostr\u00e6 med store, s\u00f8de, smukke orange-gule frugter.<\/p>\n<p>Selvbest\u00f8vende og frugtbar, blomsterne er lidt l\u00e6ngere end andre abrikoser, med lyser\u00f8de stjerneformede blomster.<\/p>\n<p>P\u00e5 grund af abrikosens tidlige blomstring anbefales det at beskytte blomsten mod nattefrost og plante tr\u00e6et p\u00e5 et beskyttet og solrigt sted.<\/p>\n<p>Denne abrikos bringes til dig af schramas.com med en planteh\u00f8jde p\u00e5 80-100 cm.<\/p>\n<p>H\u00e5rdf\u00f8r, t\u00e5ler t\u00f8rke og tiltr\u00e6kker bier og sommerfugle.<\/p>","protected":false},"excerpt":{"rendered":"<p>Prunus Armeniaca 'Luizet', abrikos<\/p>\n<p>Abrikos<\/p>\n<p>Smag: bl\u00f8de, saftige frugter med en fin aroma<\/p>\n<p>Frugts\u00e6tningsperiode: August<\/p>\n<p>Frugtfarve: orange, rund oval, let beh\u00e5ret<\/p>\n<p>Maks. h\u00f8jde: ca. 3-5 m i \u00e5bent terr\u00e6n afh\u00e6ngigt af besk\u00e6ring og grundstamme<\/p>\n<p>Selvbest\u00f8vende<\/p>\n<p>Leveringsh\u00f8jde inkl. potte: ca. 80-100 cm inkl. potte<\/p>\n<p>Pottest\u00f8rrelse: Leveres som grundstamme og fra april i en stor 5-liters potte.<\/p>\n<p>Velegnet til b\u00e5de terrasse og \u00e5bent land (p\u00e5 et beskyttet og solrigt sted)<\/p>","protected":false},"featured_media":20225,"template":"","meta":{"_joinchat":[]},"product_brand":[],"product_cat":[21,262,233,761],"product_tag":[309,327,719,312,351,316,328],"class_list":{"0":"post-18243","1":"product","2":"type-product","3":"status-publish","4":"has-post-thumbnail","6":"product_cat-abrikozen","7":"product_cat-bomen-struiken","8":"product_cat-fruitbomen","9":"product_cat-lente","10":"product_tag-abrikoos","11":"product_tag-goldrich","12":"product_tag-oranje-geel","13":"product_tag-steenvrucht","14":"product_tag-winterhard","15":"product_tag-zelfbestuivend","16":"product_tag-zoet","17":"pa_bloeimaanden-maart","18":"pa_ewd_uwcf_colors-oranje","19":"pa_groeihoogte-300-cm","20":"pa_pot-5-liter-pot","22":"first","23":"outofstock","24":"downloadable","25":"taxable","26":"shipping-taxable","27":"purchasable","28":"product-type-simple"},"yoast_head":"<!-- This site is optimized with the Yoast SEO plugin v24.2 - https:\/\/yoast.com\/wordpress\/plugins\/seo\/ -->\n<title>Prunus armeniaca &#039;Lady Cot&#039; abrikoos, 5 liter pot kopen | Planten eenvoudig online bestellen | Schramas.com<\/title>\n<meta name=\"robots\" content=\"index, follow, max-snippet:-1, max-image-preview:large, max-video-preview:-1\" \/>\n<link rel=\"canonical\" href=\"https:\/\/www.schramas.com\/dk\/butik\/prunus-armeniaca-dame-tremmeseng-abrikosrod-materiale-fra-april-i-5l-pottekopi\/\" \/>\n<meta property=\"og:locale\" content=\"da_DK\" \/>\n<meta property=\"og:type\" content=\"article\" \/>\n<meta property=\"og:title\" content=\"Prunus armeniaca &#039;Lady Cot&#039; abrikoos, 5 liter pot kopen | Planten eenvoudig online bestellen | Schramas.com\" \/>\n<meta property=\"og:description\" content=\"Prunus Armeniaca &#039;Luizet&#039;, abrikoos  Abrikoos  Smaak: zachte sappige vruchten met een fijn aroma  Vruchtperiode: augustus  Kleur vrucht: oranje, rond ovaal, licht behaard  Hoogte max: ca. 3 -5 meter in volle grond afhankelijk van snoei en onderstam  Zelfbestuivend  Leverhoogte incl. pot: ca. 80-100 cm incl pot  Potmaat: geleverd als wortelgoed en vanaf april in forse 5 liter pot.  Geschikt voor zowel patio als volle grond (op beschutte en zonnige plek)\" \/>\n<meta property=\"og:url\" content=\"https:\/\/www.schramas.com\/dk\/butik\/prunus-armeniaca-dame-tremmeseng-abrikosrod-materiale-fra-april-i-5l-pottekopi\/\" \/>\n<meta property=\"og:site_name\" content=\"Planten eenvoudig online bestellen | Schramas.com\" \/>\n<meta property=\"article:publisher\" content=\"https:\/\/www.facebook.com\/Schramascom-106872874153195\/\" \/>\n<meta property=\"article:modified_time\" content=\"2026-03-26T15:34:51+00:00\" \/>\n<meta property=\"og:image\" content=\"https:\/\/www.schramas.com\/wp-content\/uploads\/2022\/02\/prunus-armeniaca-lady-cot-sfeer2.jpg\" \/>\n\t<meta property=\"og:image:width\" content=\"1200\" \/>\n\t<meta property=\"og:image:height\" content=\"1200\" \/>\n\t<meta property=\"og:image:type\" content=\"image\/jpeg\" \/>\n<meta name=\"twitter:card\" content=\"summary_large_image\" \/>\n<meta name=\"twitter:label1\" content=\"Estimeret l\u00e6setid\" \/>\n\t<meta name=\"twitter:data1\" content=\"1 minut\" \/>\n<script type=\"application\/ld+json\" class=\"yoast-schema-graph\">{\"@context\":\"https:\/\/schema.org\",\"@graph\":[{\"@type\":[\"WebPage\",\"ItemPage\"],\"@id\":\"https:\/\/www.schramas.com\/en\/shop\/prunus-armeniaca-lady-cot-apricot-bare-root-stock-from-april-in-5l-pot-copy\/\",\"url\":\"https:\/\/www.schramas.com\/en\/shop\/prunus-armeniaca-lady-cot-apricot-bare-root-stock-from-april-in-5l-pot-copy\/\",\"name\":\"Prunus armeniaca 'Lady Cot' abrikoos, 5 liter pot kopen | Planten eenvoudig online bestellen | Schramas.com\",\"isPartOf\":{\"@id\":\"https:\/\/www.schramas.com\/#website\"},\"primaryImageOfPage\":{\"@id\":\"https:\/\/www.schramas.com\/en\/shop\/prunus-armeniaca-lady-cot-apricot-bare-root-stock-from-april-in-5l-pot-copy\/#primaryimage\"},\"image\":{\"@id\":\"https:\/\/www.schramas.com\/en\/shop\/prunus-armeniaca-lady-cot-apricot-bare-root-stock-from-april-in-5l-pot-copy\/#primaryimage\"},\"thumbnailUrl\":\"https:\/\/www.schramas.com\/wp-content\/uploads\/2022\/02\/prunus-armeniaca-lady-cot-sfeer2.jpg\",\"datePublished\":\"2022-02-24T14:32:54+00:00\",\"dateModified\":\"2026-03-26T15:34:51+00:00\",\"breadcrumb\":{\"@id\":\"https:\/\/www.schramas.com\/en\/shop\/prunus-armeniaca-lady-cot-apricot-bare-root-stock-from-april-in-5l-pot-copy\/#breadcrumb\"},\"inLanguage\":\"da-DK\",\"potentialAction\":[{\"@type\":\"ReadAction\",\"target\":[\"https:\/\/www.schramas.com\/en\/shop\/prunus-armeniaca-lady-cot-apricot-bare-root-stock-from-april-in-5l-pot-copy\/\"]}]},{\"@type\":\"ImageObject\",\"inLanguage\":\"da-DK\",\"@id\":\"https:\/\/www.schramas.com\/en\/shop\/prunus-armeniaca-lady-cot-apricot-bare-root-stock-from-april-in-5l-pot-copy\/#primaryimage\",\"url\":\"https:\/\/www.schramas.com\/wp-content\/uploads\/2022\/02\/prunus-armeniaca-lady-cot-sfeer2.jpg\",\"contentUrl\":\"https:\/\/www.schramas.com\/wp-content\/uploads\/2022\/02\/prunus-armeniaca-lady-cot-sfeer2.jpg\",\"width\":1200,\"height\":1200},{\"@type\":\"BreadcrumbList\",\"@id\":\"https:\/\/www.schramas.com\/en\/shop\/prunus-armeniaca-lady-cot-apricot-bare-root-stock-from-april-in-5l-pot-copy\/#breadcrumb\",\"itemListElement\":[{\"@type\":\"ListItem\",\"position\":1,\"name\":\"Product\",\"item\":\"https:\/\/www.schramas.com\/assortiment\/\"},{\"@type\":\"ListItem\",\"position\":2,\"name\":\"Bomen &amp; Struiken\",\"item\":\"https:\/\/www.schramas.com\/product-category\/bomen-struiken\/\"},{\"@type\":\"ListItem\",\"position\":3,\"name\":\"Fruitbomen\",\"item\":\"https:\/\/www.schramas.com\/product-category\/bomen-struiken\/fruitbomen\/\"},{\"@type\":\"ListItem\",\"position\":4,\"name\":\"Prunus armeniaca &#8216;Lady Cot&#8217; abrikoos, 5 liter pot\"}]},{\"@type\":\"WebSite\",\"@id\":\"https:\/\/www.schramas.com\/#website\",\"url\":\"https:\/\/www.schramas.com\/\",\"name\":\"Schramas.com | Tuinplanten eenvoudig online bestellen | Direct van onze Kwekerij\",\"description\":\"\",\"alternateName\":\"Schramas.com - Alle planten direct van de kweker\",\"potentialAction\":[{\"@type\":\"SearchAction\",\"target\":{\"@type\":\"EntryPoint\",\"urlTemplate\":\"https:\/\/www.schramas.com\/?s={search_term_string}\"},\"query-input\":{\"@type\":\"PropertyValueSpecification\",\"valueRequired\":true,\"valueName\":\"search_term_string\"}}],\"inLanguage\":\"da-DK\"}]}<\/script>\n<!-- \/ Yoast SEO plugin. -->","yoast_head_json":{"title":"K\u00f8b Prunus Armeniaca &#039;Lady Cot&#039; abrikos, 5 liters gryde | Bestil nemt planter online | Schramas.com","robots":{"index":"index","follow":"follow","max-snippet":"max-snippet:-1","max-image-preview":"max-image-preview:large","max-video-preview":"max-video-preview:-1"},"canonical":"https:\/\/www.schramas.com\/dk\/butik\/prunus-armeniaca-dame-tremmeseng-abrikosrod-materiale-fra-april-i-5l-pottekopi\/","og_locale":"da_DK","og_type":"article","og_title":"Prunus armeniaca 'Lady Cot' abrikoos, 5 liter pot kopen | Planten eenvoudig online bestellen | Schramas.com","og_description":"Prunus Armeniaca 'Luizet', abrikoos  Abrikoos  Smaak: zachte sappige vruchten met een fijn aroma  Vruchtperiode: augustus  Kleur vrucht: oranje, rond ovaal, licht behaard  Hoogte max: ca. 3 -5 meter in volle grond afhankelijk van snoei en onderstam  Zelfbestuivend  Leverhoogte incl. pot: ca. 80-100 cm incl pot  Potmaat: geleverd als wortelgoed en vanaf april in forse 5 liter pot.  Geschikt voor zowel patio als volle grond (op beschutte en zonnige plek)","og_url":"https:\/\/www.schramas.com\/dk\/butik\/prunus-armeniaca-dame-tremmeseng-abrikosrod-materiale-fra-april-i-5l-pottekopi\/","og_site_name":"Planten eenvoudig online bestellen | Schramas.com","article_publisher":"https:\/\/www.facebook.com\/Schramascom-106872874153195\/","article_modified_time":"2026-03-26T15:34:51+00:00","og_image":[{"width":1200,"height":1200,"url":"https:\/\/www.schramas.com\/wp-content\/uploads\/2022\/02\/prunus-armeniaca-lady-cot-sfeer2.jpg","type":"image\/jpeg"}],"twitter_card":"summary_large_image","twitter_misc":{"Estimeret l\u00e6setid":"1 minut"},"schema":{"@context":"https:\/\/schema.org","@graph":[{"@type":["WebPage","ItemPage"],"@id":"https:\/\/www.schramas.com\/en\/shop\/prunus-armeniaca-lady-cot-apricot-bare-root-stock-from-april-in-5l-pot-copy\/","url":"https:\/\/www.schramas.com\/en\/shop\/prunus-armeniaca-lady-cot-apricot-bare-root-stock-from-april-in-5l-pot-copy\/","name":"K\u00f8b Prunus Armeniaca &#039;Lady Cot&#039; abrikos, 5 liters gryde | Bestil nemt planter online | Schramas.com","isPartOf":{"@id":"https:\/\/www.schramas.com\/#website"},"primaryImageOfPage":{"@id":"https:\/\/www.schramas.com\/en\/shop\/prunus-armeniaca-lady-cot-apricot-bare-root-stock-from-april-in-5l-pot-copy\/#primaryimage"},"image":{"@id":"https:\/\/www.schramas.com\/en\/shop\/prunus-armeniaca-lady-cot-apricot-bare-root-stock-from-april-in-5l-pot-copy\/#primaryimage"},"thumbnailUrl":"https:\/\/www.schramas.com\/wp-content\/uploads\/2022\/02\/prunus-armeniaca-lady-cot-sfeer2.jpg","datePublished":"2022-02-24T14:32:54+00:00","dateModified":"2026-03-26T15:34:51+00:00","breadcrumb":{"@id":"https:\/\/www.schramas.com\/en\/shop\/prunus-armeniaca-lady-cot-apricot-bare-root-stock-from-april-in-5l-pot-copy\/#breadcrumb"},"inLanguage":"da-DK","potentialAction":[{"@type":"ReadAction","target":["https:\/\/www.schramas.com\/en\/shop\/prunus-armeniaca-lady-cot-apricot-bare-root-stock-from-april-in-5l-pot-copy\/"]}]},{"@type":"ImageObject","inLanguage":"da-DK","@id":"https:\/\/www.schramas.com\/en\/shop\/prunus-armeniaca-lady-cot-apricot-bare-root-stock-from-april-in-5l-pot-copy\/#primaryimage","url":"https:\/\/www.schramas.com\/wp-content\/uploads\/2022\/02\/prunus-armeniaca-lady-cot-sfeer2.jpg","contentUrl":"https:\/\/www.schramas.com\/wp-content\/uploads\/2022\/02\/prunus-armeniaca-lady-cot-sfeer2.jpg","width":1200,"height":1200},{"@type":"BreadcrumbList","@id":"https:\/\/www.schramas.com\/en\/shop\/prunus-armeniaca-lady-cot-apricot-bare-root-stock-from-april-in-5l-pot-copy\/#breadcrumb","itemListElement":[{"@type":"ListItem","position":1,"name":"Product","item":"https:\/\/www.schramas.com\/assortiment\/"},{"@type":"ListItem","position":2,"name":"Bomen &amp; Struiken","item":"https:\/\/www.schramas.com\/product-category\/bomen-struiken\/"},{"@type":"ListItem","position":3,"name":"Fruitbomen","item":"https:\/\/www.schramas.com\/product-category\/bomen-struiken\/fruitbomen\/"},{"@type":"ListItem","position":4,"name":"Prunus armeniaca &#8216;Lady Cot&#8217; abrikoos, 5 liter pot"}]},{"@type":"WebSite","@id":"https:\/\/www.schramas.com\/#website","url":"https:\/\/www.schramas.com\/","name":"Schramas.com | Haveplanter bestilles nemt online | Direkte fra vores gartneri","description":"","alternateName":"Schramas.com - Alle planten direct van de kweker","potentialAction":[{"@type":"SearchAction","target":{"@type":"EntryPoint","urlTemplate":"https:\/\/www.schramas.com\/?s={search_term_string}"},"query-input":{"@type":"PropertyValueSpecification","valueRequired":true,"valueName":"search_term_string"}}],"inLanguage":"da-DK"}]}},"_links":{"self":[{"href":"https:\/\/www.schramas.com\/dk\/wp-json\/wp\/v2\/product\/18243","targetHints":{"allow":["GET"]}}],"collection":[{"href":"https:\/\/www.schramas.com\/dk\/wp-json\/wp\/v2\/product"}],"about":[{"href":"https:\/\/www.schramas.com\/dk\/wp-json\/wp\/v2\/types\/product"}],"version-history":[{"count":0,"href":"https:\/\/www.schramas.com\/dk\/wp-json\/wp\/v2\/product\/18243\/revisions"}],"wp:featuredmedia":[{"embeddable":true,"href":"https:\/\/www.schramas.com\/dk\/wp-json\/wp\/v2\/media\/20225"}],"wp:attachment":[{"href":"https:\/\/www.schramas.com\/dk\/wp-json\/wp\/v2\/media?parent=18243"}],"wp:term":[{"taxonomy":"product_brand","embeddable":true,"href":"https:\/\/www.schramas.com\/dk\/wp-json\/wp\/v2\/product_brand?post=18243"},{"taxonomy":"product_cat","embeddable":true,"href":"https:\/\/www.schramas.com\/dk\/wp-json\/wp\/v2\/product_cat?post=18243"},{"taxonomy":"product_tag","embeddable":true,"href":"https:\/\/www.schramas.com\/dk\/wp-json\/wp\/v2\/product_tag?post=18243"}],"curies":[{"name":"wp","href":"https:\/\/api.w.org\/{rel}","templated":true}]}}