{"id":19730,"date":"2022-07-07T10:45:35","date_gmt":"2022-07-07T08:45:35","guid":{"rendered":"https:\/\/www.schramas.com\/?post_type=product&#038;p=19730"},"modified":"2026-03-26T16:34:56","modified_gmt":"2026-03-26T15:34:56","slug":"blanding-af-3-typer-hostaer-let-at-passe-typer-%e2%86%95-30-cm-3-liters-gryde","status":"publish","type":"product","link":"https:\/\/www.schramas.com\/dk\/butik\/blanding-af-3-typer-hostaer-let-at-passe-typer-%e2%86%95-30-cm-3-liters-gryde\/","title":{"rendered":"Blanding af 3 hostaer - sorter, der er nemme at passe - H30 cm - 3-liters potte"},"content":{"rendered":"<p>I vores udvalg af specielle hostaer har &#039;Forbidden Fruit&#039; et robust blad med en orange-gul midte og en bl\u00e5-gr\u00f8n kant. Hostaen blomstrer med lilla blomster og er en meget dekorativ plante. Hostaen &#039;Hands Up\u00ae&#039; har et smallere blad med en dekorativ, uregelm\u00e6ssig form. &#039;Hands Up&#039; er en meget dekorativ plante til haven. Hostaen &#039;Blue Mouse Ears&#039; har sm\u00e5, robuste og runde blade og holder sig lavt til jorden, 15-20 cm. Blomstrer med lilla blomster. Disse hostaer trives i et halvskyggemilj\u00f8, for eksempel i haven, border eller i en krukke p\u00e5 terrassen eller altanen. De er ogs\u00e5 nemme at passe.<\/p>\n<p>BEM\u00c6RK VENLIGST: Hostaerne leveres i en sort b\u00f8rnepotte i plastik.<\/p>","protected":false},"excerpt":{"rendered":"<p>Hosta &#039;Hands Up&#039; = Gr\u00f8nne blade med gule kanter.<\/p>\n<p>Hosta &#039;Blue Mouse Ears&#039; = Kraftige sm\u00e5 runde blade, orange-gule med bl\u00e5-gr\u00f8nne kanter.<\/p>\n<p>Hosta &#039;forbudt frugt&#039; = Kraftige blade med en orange-gul midte og en bl\u00e5gr\u00f8n kant. Hostaen blomstrer med lilla blomster.<\/p>\n<p>H\u00f8jde: ca 30 cm<\/p>\n<p>Hostaer er ikke stedsegr\u00f8nne og mister deres blade i slutningen af \u00e5ret, men vokser sig st\u00f8rre igen det f\u00f8lgende \u00e5r.<\/p>\n<p>Leveres i 3 liters grydest\u00f8rrelse.<\/p>\n<p>Velegnet til have, terrasse, balkon.<\/p>","protected":false},"featured_media":19731,"template":"","meta":{"_joinchat":[]},"product_brand":[],"product_cat":[139,867,1012,305,306],"product_tag":[881,883,880,771,589,884,543,872,882,879,871,885],"class_list":{"0":"post-19730","1":"product","2":"type-product","3":"status-publish","4":"has-post-thumbnail","6":"product_cat-hostas","7":"product_cat-pakket-deals","8":"product_cat-overige-deals","9":"product_cat-planten-heesters","10":"product_cat-vaste-planten","11":"product_tag-blue","12":"product_tag-ears","13":"product_tag-forbidden","14":"product_tag-fruit","15":"product_tag-groen","16":"product_tag-hands","17":"product_tag-hosta","18":"product_tag-mix","19":"product_tag-mouse","20":"product_tag-pakketdeal","21":"product_tag-set","22":"product_tag-up","23":"pa_bloeimaanden-april","24":"pa_bloeimaanden-juni","25":"pa_bloeimaanden-juli","26":"pa_ewd_uwcf_colors-geel","27":"pa_ewd_uwcf_colors-groen-2","28":"pa_ewd_uwcf_colors-mixed","29":"pa_groeihoogte-50-100-cm","30":"pa_pot-met-pot","32":"first","33":"instock","34":"taxable","35":"shipping-taxable","36":"purchasable","37":"product-type-simple"},"yoast_head":"<!-- This site is optimized with the Yoast SEO plugin v24.2 - https:\/\/yoast.com\/wordpress\/plugins\/seo\/ -->\n<title>Mix van 3 soorten Hosta&#039;s - Makkelijk te verzorgen soorten - H30 cm - 3 liter pot kopen | Planten eenvoudig online bestellen | Schramas.com<\/title>\n<meta name=\"robots\" content=\"index, follow, max-snippet:-1, max-image-preview:large, max-video-preview:-1\" \/>\n<link rel=\"canonical\" href=\"https:\/\/www.schramas.com\/dk\/butik\/blanding-af-3-typer-hostaer-let-at-passe-typer-\u2195-30-cm-3-liters-gryde\/\" \/>\n<meta property=\"og:locale\" content=\"da_DK\" \/>\n<meta property=\"og:type\" content=\"article\" \/>\n<meta property=\"og:title\" content=\"Mix van 3 soorten Hosta&#039;s - Makkelijk te verzorgen soorten - H30 cm - 3 liter pot kopen | Planten eenvoudig online bestellen | Schramas.com\" \/>\n<meta property=\"og:description\" content=\"Hosta &#039;Hands Up&#039; = Groen blad met gele rand.  Hosta &#039;Blue Mouse Ears&#039; = Stevig klein rond blad, oranjegeel met blauwgroene rand.  Hosta &#039;forbidden fruit&#039; = Stevig blad met een oranjegeel centrum en een blauwgroene rand. De hosta bloeit met lila bloemen.  Hoogte: ca 30 cm  Hosta&#039;s zijn niet groenblijvend en verliezen het blad aan het eind van het jaar maar komt het jaar daarop groter terug.  Worden geleverd in potmaat van 3 liter.  Geschikt voor tuin, terras, balkon.\" \/>\n<meta property=\"og:url\" content=\"https:\/\/www.schramas.com\/dk\/butik\/blanding-af-3-typer-hostaer-let-at-passe-typer-\u2195-30-cm-3-liters-gryde\/\" \/>\n<meta property=\"og:site_name\" content=\"Planten eenvoudig online bestellen | Schramas.com\" \/>\n<meta property=\"article:publisher\" content=\"https:\/\/www.facebook.com\/Schramascom-106872874153195\/\" \/>\n<meta property=\"article:modified_time\" content=\"2026-03-26T15:34:56+00:00\" \/>\n<meta property=\"og:image\" content=\"https:\/\/www.schramas.com\/wp-content\/uploads\/2022\/07\/Pakketdeal-hostas.jpg\" \/>\n\t<meta property=\"og:image:width\" content=\"1200\" \/>\n\t<meta property=\"og:image:height\" content=\"1200\" \/>\n\t<meta property=\"og:image:type\" content=\"image\/jpeg\" \/>\n<meta name=\"twitter:card\" content=\"summary_large_image\" \/>\n<meta name=\"twitter:label1\" content=\"Estimeret l\u00e6setid\" \/>\n\t<meta name=\"twitter:data1\" content=\"1 minut\" \/>\n<script type=\"application\/ld+json\" class=\"yoast-schema-graph\">{\"@context\":\"https:\/\/schema.org\",\"@graph\":[{\"@type\":[\"WebPage\",\"ItemPage\"],\"@id\":\"https:\/\/www.schramas.com\/winkel\/mix-van-3-soorten-hostas-makkelijk-te-verzorgen-soorten-%e2%86%95-30-cm-3-liter-pot\/\",\"url\":\"https:\/\/www.schramas.com\/winkel\/mix-van-3-soorten-hostas-makkelijk-te-verzorgen-soorten-%e2%86%95-30-cm-3-liter-pot\/\",\"name\":\"Mix van 3 soorten Hosta's - Makkelijk te verzorgen soorten - H30 cm - 3 liter pot kopen | Planten eenvoudig online bestellen | Schramas.com\",\"isPartOf\":{\"@id\":\"https:\/\/www.schramas.com\/#website\"},\"primaryImageOfPage\":{\"@id\":\"https:\/\/www.schramas.com\/winkel\/mix-van-3-soorten-hostas-makkelijk-te-verzorgen-soorten-%e2%86%95-30-cm-3-liter-pot\/#primaryimage\"},\"image\":{\"@id\":\"https:\/\/www.schramas.com\/winkel\/mix-van-3-soorten-hostas-makkelijk-te-verzorgen-soorten-%e2%86%95-30-cm-3-liter-pot\/#primaryimage\"},\"thumbnailUrl\":\"https:\/\/www.schramas.com\/wp-content\/uploads\/2022\/07\/Pakketdeal-hostas.jpg\",\"datePublished\":\"2022-07-07T08:45:35+00:00\",\"dateModified\":\"2026-03-26T15:34:56+00:00\",\"breadcrumb\":{\"@id\":\"https:\/\/www.schramas.com\/winkel\/mix-van-3-soorten-hostas-makkelijk-te-verzorgen-soorten-%e2%86%95-30-cm-3-liter-pot\/#breadcrumb\"},\"inLanguage\":\"da-DK\",\"potentialAction\":[{\"@type\":\"ReadAction\",\"target\":[\"https:\/\/www.schramas.com\/winkel\/mix-van-3-soorten-hostas-makkelijk-te-verzorgen-soorten-%e2%86%95-30-cm-3-liter-pot\/\"]}]},{\"@type\":\"ImageObject\",\"inLanguage\":\"da-DK\",\"@id\":\"https:\/\/www.schramas.com\/winkel\/mix-van-3-soorten-hostas-makkelijk-te-verzorgen-soorten-%e2%86%95-30-cm-3-liter-pot\/#primaryimage\",\"url\":\"https:\/\/www.schramas.com\/wp-content\/uploads\/2022\/07\/Pakketdeal-hostas.jpg\",\"contentUrl\":\"https:\/\/www.schramas.com\/wp-content\/uploads\/2022\/07\/Pakketdeal-hostas.jpg\",\"width\":1200,\"height\":1200},{\"@type\":\"BreadcrumbList\",\"@id\":\"https:\/\/www.schramas.com\/winkel\/mix-van-3-soorten-hostas-makkelijk-te-verzorgen-soorten-%e2%86%95-30-cm-3-liter-pot\/#breadcrumb\",\"itemListElement\":[{\"@type\":\"ListItem\",\"position\":1,\"name\":\"Product\",\"item\":\"https:\/\/www.schramas.com\/assortiment\/\"},{\"@type\":\"ListItem\",\"position\":2,\"name\":\"Tuinplanten\",\"item\":\"https:\/\/www.schramas.com\/product-category\/planten-heesters\/\"},{\"@type\":\"ListItem\",\"position\":3,\"name\":\"Mix van 3 soorten Hosta&#8217;s &#8211; Makkelijk te verzorgen soorten &#8211; H30 cm &#8211; 3 liter pot\"}]},{\"@type\":\"WebSite\",\"@id\":\"https:\/\/www.schramas.com\/#website\",\"url\":\"https:\/\/www.schramas.com\/\",\"name\":\"Schramas.com | Tuinplanten eenvoudig online bestellen | Direct van onze Kwekerij\",\"description\":\"\",\"alternateName\":\"Schramas.com - Alle planten direct van de kweker\",\"potentialAction\":[{\"@type\":\"SearchAction\",\"target\":{\"@type\":\"EntryPoint\",\"urlTemplate\":\"https:\/\/www.schramas.com\/?s={search_term_string}\"},\"query-input\":{\"@type\":\"PropertyValueSpecification\",\"valueRequired\":true,\"valueName\":\"search_term_string\"}}],\"inLanguage\":\"da-DK\"}]}<\/script>\n<!-- \/ Yoast SEO plugin. -->","yoast_head_json":{"title":"Blanding af 3 typer Hostaer - Let at vedligeholde typer - H30 cm - k\u00f8b 3 liters gryde | Bestil nemt planter online | Schramas.com","robots":{"index":"index","follow":"follow","max-snippet":"max-snippet:-1","max-image-preview":"max-image-preview:large","max-video-preview":"max-video-preview:-1"},"canonical":"https:\/\/www.schramas.com\/dk\/butik\/blanding-af-3-typer-hostaer-let-at-passe-typer-\u2195-30-cm-3-liters-gryde\/","og_locale":"da_DK","og_type":"article","og_title":"Mix van 3 soorten Hosta's - Makkelijk te verzorgen soorten - H30 cm - 3 liter pot kopen | Planten eenvoudig online bestellen | Schramas.com","og_description":"Hosta 'Hands Up' = Groen blad met gele rand.  Hosta 'Blue Mouse Ears' = Stevig klein rond blad, oranjegeel met blauwgroene rand.  Hosta 'forbidden fruit' = Stevig blad met een oranjegeel centrum en een blauwgroene rand. De hosta bloeit met lila bloemen.  Hoogte: ca 30 cm  Hosta's zijn niet groenblijvend en verliezen het blad aan het eind van het jaar maar komt het jaar daarop groter terug.  Worden geleverd in potmaat van 3 liter.  Geschikt voor tuin, terras, balkon.","og_url":"https:\/\/www.schramas.com\/dk\/butik\/blanding-af-3-typer-hostaer-let-at-passe-typer-\u2195-30-cm-3-liters-gryde\/","og_site_name":"Planten eenvoudig online bestellen | Schramas.com","article_publisher":"https:\/\/www.facebook.com\/Schramascom-106872874153195\/","article_modified_time":"2026-03-26T15:34:56+00:00","og_image":[{"width":1200,"height":1200,"url":"https:\/\/www.schramas.com\/wp-content\/uploads\/2022\/07\/Pakketdeal-hostas.jpg","type":"image\/jpeg"}],"twitter_card":"summary_large_image","twitter_misc":{"Estimeret l\u00e6setid":"1 minut"},"schema":{"@context":"https:\/\/schema.org","@graph":[{"@type":["WebPage","ItemPage"],"@id":"https:\/\/www.schramas.com\/winkel\/mix-van-3-soorten-hostas-makkelijk-te-verzorgen-soorten-%e2%86%95-30-cm-3-liter-pot\/","url":"https:\/\/www.schramas.com\/winkel\/mix-van-3-soorten-hostas-makkelijk-te-verzorgen-soorten-%e2%86%95-30-cm-3-liter-pot\/","name":"Blanding af 3 typer Hostaer - Let at vedligeholde typer - H30 cm - k\u00f8b 3 liters gryde | Bestil nemt planter online | Schramas.com","isPartOf":{"@id":"https:\/\/www.schramas.com\/#website"},"primaryImageOfPage":{"@id":"https:\/\/www.schramas.com\/winkel\/mix-van-3-soorten-hostas-makkelijk-te-verzorgen-soorten-%e2%86%95-30-cm-3-liter-pot\/#primaryimage"},"image":{"@id":"https:\/\/www.schramas.com\/winkel\/mix-van-3-soorten-hostas-makkelijk-te-verzorgen-soorten-%e2%86%95-30-cm-3-liter-pot\/#primaryimage"},"thumbnailUrl":"https:\/\/www.schramas.com\/wp-content\/uploads\/2022\/07\/Pakketdeal-hostas.jpg","datePublished":"2022-07-07T08:45:35+00:00","dateModified":"2026-03-26T15:34:56+00:00","breadcrumb":{"@id":"https:\/\/www.schramas.com\/winkel\/mix-van-3-soorten-hostas-makkelijk-te-verzorgen-soorten-%e2%86%95-30-cm-3-liter-pot\/#breadcrumb"},"inLanguage":"da-DK","potentialAction":[{"@type":"ReadAction","target":["https:\/\/www.schramas.com\/winkel\/mix-van-3-soorten-hostas-makkelijk-te-verzorgen-soorten-%e2%86%95-30-cm-3-liter-pot\/"]}]},{"@type":"ImageObject","inLanguage":"da-DK","@id":"https:\/\/www.schramas.com\/winkel\/mix-van-3-soorten-hostas-makkelijk-te-verzorgen-soorten-%e2%86%95-30-cm-3-liter-pot\/#primaryimage","url":"https:\/\/www.schramas.com\/wp-content\/uploads\/2022\/07\/Pakketdeal-hostas.jpg","contentUrl":"https:\/\/www.schramas.com\/wp-content\/uploads\/2022\/07\/Pakketdeal-hostas.jpg","width":1200,"height":1200},{"@type":"BreadcrumbList","@id":"https:\/\/www.schramas.com\/winkel\/mix-van-3-soorten-hostas-makkelijk-te-verzorgen-soorten-%e2%86%95-30-cm-3-liter-pot\/#breadcrumb","itemListElement":[{"@type":"ListItem","position":1,"name":"Product","item":"https:\/\/www.schramas.com\/assortiment\/"},{"@type":"ListItem","position":2,"name":"Tuinplanten","item":"https:\/\/www.schramas.com\/product-category\/planten-heesters\/"},{"@type":"ListItem","position":3,"name":"Mix van 3 soorten Hosta&#8217;s &#8211; Makkelijk te verzorgen soorten &#8211; H30 cm &#8211; 3 liter pot"}]},{"@type":"WebSite","@id":"https:\/\/www.schramas.com\/#website","url":"https:\/\/www.schramas.com\/","name":"Schramas.com | Haveplanter bestilles nemt online | Direkte fra vores gartneri","description":"","alternateName":"Schramas.com - Alle planten direct van de kweker","potentialAction":[{"@type":"SearchAction","target":{"@type":"EntryPoint","urlTemplate":"https:\/\/www.schramas.com\/?s={search_term_string}"},"query-input":{"@type":"PropertyValueSpecification","valueRequired":true,"valueName":"search_term_string"}}],"inLanguage":"da-DK"}]}},"_links":{"self":[{"href":"https:\/\/www.schramas.com\/dk\/wp-json\/wp\/v2\/product\/19730","targetHints":{"allow":["GET"]}}],"collection":[{"href":"https:\/\/www.schramas.com\/dk\/wp-json\/wp\/v2\/product"}],"about":[{"href":"https:\/\/www.schramas.com\/dk\/wp-json\/wp\/v2\/types\/product"}],"version-history":[{"count":0,"href":"https:\/\/www.schramas.com\/dk\/wp-json\/wp\/v2\/product\/19730\/revisions"}],"wp:featuredmedia":[{"embeddable":true,"href":"https:\/\/www.schramas.com\/dk\/wp-json\/wp\/v2\/media\/19731"}],"wp:attachment":[{"href":"https:\/\/www.schramas.com\/dk\/wp-json\/wp\/v2\/media?parent=19730"}],"wp:term":[{"taxonomy":"product_brand","embeddable":true,"href":"https:\/\/www.schramas.com\/dk\/wp-json\/wp\/v2\/product_brand?post=19730"},{"taxonomy":"product_cat","embeddable":true,"href":"https:\/\/www.schramas.com\/dk\/wp-json\/wp\/v2\/product_cat?post=19730"},{"taxonomy":"product_tag","embeddable":true,"href":"https:\/\/www.schramas.com\/dk\/wp-json\/wp\/v2\/product_tag?post=19730"}],"curies":[{"name":"wp","href":"https:\/\/api.w.org\/{rel}","templated":true}]}}