{"id":19872,"date":"2022-07-14T16:11:30","date_gmt":"2022-07-14T14:11:30","guid":{"rendered":"https:\/\/www.schramas.com\/?post_type=product&#038;p=19872"},"modified":"2026-03-28T12:53:24","modified_gmt":"2026-03-28T11:53:24","slug":"spiraea-densiflora-muskelbusk-2-liter-potte","status":"publish","type":"product","link":"https:\/\/www.schramas.com\/dk\/butik\/spiraea-densiflora-muskelbusk-2-liter-potte\/","title":{"rendered":"Spiraea 'Densiflora' muskelbusk, 2 liter potte"},"content":{"rendered":"<p>Spiraea 'Densiflora' er en smuk muskelbusk, der er kendt som bjergspirea. Busken har duftende, lyser\u00f8de blomster midt p\u00e5 sommeren. Den findes normalt p\u00e5 kolde, fugtige, stenede skr\u00e5ninger, men den er ogs\u00e5 en veltilpasset landskabsbusk. Disse bl\u00e5gr\u00f8nne og rosa buske findes i mellemh\u00f8je til h\u00f8je h\u00f8jder. Efter\u00e5rsl\u00f8vet er farvet med gule, bl\u00e5 og lilla effekter.<\/p>","protected":false},"excerpt":{"rendered":"<p>Spiraea 'Densiflora' muskelbusk<\/p>\n<p>Velegnet til b\u00e5de terrasse og \u00e5bent terr\u00e6n.<\/p>\n<p>Blomsterstand: Lyser\u00f8de blomster<\/p>\n<p>Blomstringstid: Maj, juni, juli<\/p>\n<p>Leveringsh\u00f8jde inkl. potte: 30+ cm<\/p>\n<p>Maks. h\u00f8jde: ca. 100 cm<\/p>","protected":false},"featured_media":20003,"template":"","meta":{"_joinchat":[]},"product_brand":[],"product_cat":[302,300,229,305],"product_tag":[918,917,916,536,495,915],"class_list":{"0":"post-19872","1":"product","2":"type-product","3":"status-publish","4":"has-post-thumbnail","6":"product_cat-bladverliezende-heesters","7":"product_cat-heesters","8":"product_cat-sierheesters","9":"product_cat-planten-heesters","10":"product_tag-densiflora","11":"product_tag-gebergte","12":"product_tag-helling","13":"product_tag-roze","14":"product_tag-sierheester","15":"product_tag-spierstruik","16":"pa_bloeimaanden-mei","17":"pa_bloeimaanden-juni","18":"pa_bloeimaanden-juli","19":"pa_ewd_uwcf_colors-groen-2","20":"pa_ewd_uwcf_colors-mixed","21":"pa_ewd_uwcf_colors-roze","22":"pa_groeihoogte-50-tot-100-cm","23":"pa_pot-zonder-pot","25":"first","26":"instock","27":"taxable","28":"shipping-taxable","29":"purchasable","30":"product-type-simple"},"yoast_head":"<!-- This site is optimized with the Yoast SEO plugin v24.2 - https:\/\/yoast.com\/wordpress\/plugins\/seo\/ -->\n<title>Spiraea &#039;Densiflora&#039; spierstruik, 2 liter pot kopen | Planten eenvoudig online bestellen | Schramas.com<\/title>\n<meta name=\"robots\" content=\"index, follow, max-snippet:-1, max-image-preview:large, max-video-preview:-1\" \/>\n<link rel=\"canonical\" href=\"https:\/\/www.schramas.com\/dk\/butik\/spiraea-densiflora-muskelbusk-2-liter-potte\/\" \/>\n<meta property=\"og:locale\" content=\"da_DK\" \/>\n<meta property=\"og:type\" content=\"article\" \/>\n<meta property=\"og:title\" content=\"Spiraea &#039;Densiflora&#039; spierstruik, 2 liter pot kopen | Planten eenvoudig online bestellen | Schramas.com\" \/>\n<meta property=\"og:description\" content=\"Spiraea &#039;Densiflora&#039; spierstruik  Geschikt voor zowel patio als volle grond.  Bloeiwijze: Roze bloemen  Bloeitijd: mei, juni, juli  Leverhoogte incl. pot: 30+ cm  Max. hoogte: circa 100 cm\" \/>\n<meta property=\"og:url\" content=\"https:\/\/www.schramas.com\/dk\/butik\/spiraea-densiflora-muskelbusk-2-liter-potte\/\" \/>\n<meta property=\"og:site_name\" content=\"Planten eenvoudig online bestellen | Schramas.com\" \/>\n<meta property=\"article:publisher\" content=\"https:\/\/www.facebook.com\/Schramascom-106872874153195\/\" \/>\n<meta property=\"article:modified_time\" content=\"2026-03-28T11:53:24+00:00\" \/>\n<meta property=\"og:image\" content=\"https:\/\/www.schramas.com\/wp-content\/uploads\/2022\/07\/densiflora-sfeer.jpg\" \/>\n\t<meta property=\"og:image:width\" content=\"1200\" \/>\n\t<meta property=\"og:image:height\" content=\"1200\" \/>\n\t<meta property=\"og:image:type\" content=\"image\/jpeg\" \/>\n<meta name=\"twitter:card\" content=\"summary_large_image\" \/>\n<script type=\"application\/ld+json\" class=\"yoast-schema-graph\">{\"@context\":\"https:\/\/schema.org\",\"@graph\":[{\"@type\":[\"WebPage\",\"ItemPage\"],\"@id\":\"https:\/\/www.schramas.com\/winkel\/spiraea-densiflora-spierstruik-2-liter-pot\/\",\"url\":\"https:\/\/www.schramas.com\/winkel\/spiraea-densiflora-spierstruik-2-liter-pot\/\",\"name\":\"Spiraea 'Densiflora' spierstruik, 2 liter pot kopen | Planten eenvoudig online bestellen | Schramas.com\",\"isPartOf\":{\"@id\":\"https:\/\/www.schramas.com\/#website\"},\"primaryImageOfPage\":{\"@id\":\"https:\/\/www.schramas.com\/winkel\/spiraea-densiflora-spierstruik-2-liter-pot\/#primaryimage\"},\"image\":{\"@id\":\"https:\/\/www.schramas.com\/winkel\/spiraea-densiflora-spierstruik-2-liter-pot\/#primaryimage\"},\"thumbnailUrl\":\"https:\/\/www.schramas.com\/wp-content\/uploads\/2022\/07\/densiflora-sfeer.jpg\",\"datePublished\":\"2022-07-14T14:11:30+00:00\",\"dateModified\":\"2026-03-28T11:53:24+00:00\",\"breadcrumb\":{\"@id\":\"https:\/\/www.schramas.com\/winkel\/spiraea-densiflora-spierstruik-2-liter-pot\/#breadcrumb\"},\"inLanguage\":\"da-DK\",\"potentialAction\":[{\"@type\":\"ReadAction\",\"target\":[\"https:\/\/www.schramas.com\/winkel\/spiraea-densiflora-spierstruik-2-liter-pot\/\"]}]},{\"@type\":\"ImageObject\",\"inLanguage\":\"da-DK\",\"@id\":\"https:\/\/www.schramas.com\/winkel\/spiraea-densiflora-spierstruik-2-liter-pot\/#primaryimage\",\"url\":\"https:\/\/www.schramas.com\/wp-content\/uploads\/2022\/07\/densiflora-sfeer.jpg\",\"contentUrl\":\"https:\/\/www.schramas.com\/wp-content\/uploads\/2022\/07\/densiflora-sfeer.jpg\",\"width\":1200,\"height\":1200},{\"@type\":\"BreadcrumbList\",\"@id\":\"https:\/\/www.schramas.com\/winkel\/spiraea-densiflora-spierstruik-2-liter-pot\/#breadcrumb\",\"itemListElement\":[{\"@type\":\"ListItem\",\"position\":1,\"name\":\"Product\",\"item\":\"https:\/\/www.schramas.com\/assortiment\/\"},{\"@type\":\"ListItem\",\"position\":2,\"name\":\"Tuinplanten\",\"item\":\"https:\/\/www.schramas.com\/product-category\/planten-heesters\/\"},{\"@type\":\"ListItem\",\"position\":3,\"name\":\"Spiraea &#8216;Densiflora&#8217; spierstruik, 2 liter pot\"}]},{\"@type\":\"WebSite\",\"@id\":\"https:\/\/www.schramas.com\/#website\",\"url\":\"https:\/\/www.schramas.com\/\",\"name\":\"Schramas.com | Tuinplanten eenvoudig online bestellen | Direct van onze Kwekerij\",\"description\":\"\",\"alternateName\":\"Schramas.com - Alle planten direct van de kweker\",\"potentialAction\":[{\"@type\":\"SearchAction\",\"target\":{\"@type\":\"EntryPoint\",\"urlTemplate\":\"https:\/\/www.schramas.com\/?s={search_term_string}\"},\"query-input\":{\"@type\":\"PropertyValueSpecification\",\"valueRequired\":true,\"valueName\":\"search_term_string\"}}],\"inLanguage\":\"da-DK\"}]}<\/script>\n<!-- \/ Yoast SEO plugin. -->","yoast_head_json":{"title":"Spiraea 'Densiflora' muskelbusk, 2 liter potte k\u00f8b | Planter nem online bestilling | Schramas.com","robots":{"index":"index","follow":"follow","max-snippet":"max-snippet:-1","max-image-preview":"max-image-preview:large","max-video-preview":"max-video-preview:-1"},"canonical":"https:\/\/www.schramas.com\/dk\/butik\/spiraea-densiflora-muskelbusk-2-liter-potte\/","og_locale":"da_DK","og_type":"article","og_title":"Spiraea 'Densiflora' spierstruik, 2 liter pot kopen | Planten eenvoudig online bestellen | Schramas.com","og_description":"Spiraea 'Densiflora' spierstruik  Geschikt voor zowel patio als volle grond.  Bloeiwijze: Roze bloemen  Bloeitijd: mei, juni, juli  Leverhoogte incl. pot: 30+ cm  Max. hoogte: circa 100 cm","og_url":"https:\/\/www.schramas.com\/dk\/butik\/spiraea-densiflora-muskelbusk-2-liter-potte\/","og_site_name":"Planten eenvoudig online bestellen | Schramas.com","article_publisher":"https:\/\/www.facebook.com\/Schramascom-106872874153195\/","article_modified_time":"2026-03-28T11:53:24+00:00","og_image":[{"width":1200,"height":1200,"url":"https:\/\/www.schramas.com\/wp-content\/uploads\/2022\/07\/densiflora-sfeer.jpg","type":"image\/jpeg"}],"twitter_card":"summary_large_image","schema":{"@context":"https:\/\/schema.org","@graph":[{"@type":["WebPage","ItemPage"],"@id":"https:\/\/www.schramas.com\/winkel\/spiraea-densiflora-spierstruik-2-liter-pot\/","url":"https:\/\/www.schramas.com\/winkel\/spiraea-densiflora-spierstruik-2-liter-pot\/","name":"Spiraea 'Densiflora' muskelbusk, 2 liter potte k\u00f8b | Planter nem online bestilling | Schramas.com","isPartOf":{"@id":"https:\/\/www.schramas.com\/#website"},"primaryImageOfPage":{"@id":"https:\/\/www.schramas.com\/winkel\/spiraea-densiflora-spierstruik-2-liter-pot\/#primaryimage"},"image":{"@id":"https:\/\/www.schramas.com\/winkel\/spiraea-densiflora-spierstruik-2-liter-pot\/#primaryimage"},"thumbnailUrl":"https:\/\/www.schramas.com\/wp-content\/uploads\/2022\/07\/densiflora-sfeer.jpg","datePublished":"2022-07-14T14:11:30+00:00","dateModified":"2026-03-28T11:53:24+00:00","breadcrumb":{"@id":"https:\/\/www.schramas.com\/winkel\/spiraea-densiflora-spierstruik-2-liter-pot\/#breadcrumb"},"inLanguage":"da-DK","potentialAction":[{"@type":"ReadAction","target":["https:\/\/www.schramas.com\/winkel\/spiraea-densiflora-spierstruik-2-liter-pot\/"]}]},{"@type":"ImageObject","inLanguage":"da-DK","@id":"https:\/\/www.schramas.com\/winkel\/spiraea-densiflora-spierstruik-2-liter-pot\/#primaryimage","url":"https:\/\/www.schramas.com\/wp-content\/uploads\/2022\/07\/densiflora-sfeer.jpg","contentUrl":"https:\/\/www.schramas.com\/wp-content\/uploads\/2022\/07\/densiflora-sfeer.jpg","width":1200,"height":1200},{"@type":"BreadcrumbList","@id":"https:\/\/www.schramas.com\/winkel\/spiraea-densiflora-spierstruik-2-liter-pot\/#breadcrumb","itemListElement":[{"@type":"ListItem","position":1,"name":"Product","item":"https:\/\/www.schramas.com\/assortiment\/"},{"@type":"ListItem","position":2,"name":"Tuinplanten","item":"https:\/\/www.schramas.com\/product-category\/planten-heesters\/"},{"@type":"ListItem","position":3,"name":"Spiraea &#8216;Densiflora&#8217; spierstruik, 2 liter pot"}]},{"@type":"WebSite","@id":"https:\/\/www.schramas.com\/#website","url":"https:\/\/www.schramas.com\/","name":"Schramas.com | Haveplanter bestilles nemt online | Direkte fra vores gartneri","description":"","alternateName":"Schramas.com - Alle planten direct van de kweker","potentialAction":[{"@type":"SearchAction","target":{"@type":"EntryPoint","urlTemplate":"https:\/\/www.schramas.com\/?s={search_term_string}"},"query-input":{"@type":"PropertyValueSpecification","valueRequired":true,"valueName":"search_term_string"}}],"inLanguage":"da-DK"}]}},"_links":{"self":[{"href":"https:\/\/www.schramas.com\/dk\/wp-json\/wp\/v2\/product\/19872","targetHints":{"allow":["GET"]}}],"collection":[{"href":"https:\/\/www.schramas.com\/dk\/wp-json\/wp\/v2\/product"}],"about":[{"href":"https:\/\/www.schramas.com\/dk\/wp-json\/wp\/v2\/types\/product"}],"version-history":[{"count":0,"href":"https:\/\/www.schramas.com\/dk\/wp-json\/wp\/v2\/product\/19872\/revisions"}],"wp:featuredmedia":[{"embeddable":true,"href":"https:\/\/www.schramas.com\/dk\/wp-json\/wp\/v2\/media\/20003"}],"wp:attachment":[{"href":"https:\/\/www.schramas.com\/dk\/wp-json\/wp\/v2\/media?parent=19872"}],"wp:term":[{"taxonomy":"product_brand","embeddable":true,"href":"https:\/\/www.schramas.com\/dk\/wp-json\/wp\/v2\/product_brand?post=19872"},{"taxonomy":"product_cat","embeddable":true,"href":"https:\/\/www.schramas.com\/dk\/wp-json\/wp\/v2\/product_cat?post=19872"},{"taxonomy":"product_tag","embeddable":true,"href":"https:\/\/www.schramas.com\/dk\/wp-json\/wp\/v2\/product_tag?post=19872"}],"curies":[{"name":"wp","href":"https:\/\/api.w.org\/{rel}","templated":true}]}}