{"id":20040,"date":"2022-07-21T12:10:12","date_gmt":"2022-07-21T10:10:12","guid":{"rendered":"https:\/\/www.schramas.com\/?post_type=product&#038;p=20040"},"modified":"2026-03-26T16:35:04","modified_gmt":"2026-03-26T15:35:04","slug":"malus-domestica-ballerina-flamenco-sojle-aebletrae-7-liter-potte-hojde-120-140cm","status":"publish","type":"product","link":"https:\/\/www.schramas.com\/dk\/butik\/malus-domestica-ballerina-flamenco-sojle-aebletrae-7-liter-potte-hojde-120-140cm\/","title":{"rendered":"Malus domestica Ballerina 'Flamenco' s\u00f8jleformet \u00e6bletr\u00e6, 7-liters potte, h\u00f8jde 120-140 cm"},"content":{"rendered":"<p>Et \u00e6gte s\u00f8jle\u00e6ble, hvilket betyder, at dette \u00e6bletr\u00e6 kun vokser vinkelret op som en s\u00f8jle og giver \u00e6blerne direkte til stammen.<\/p>\n<p>Takket v\u00e6re deres meget kompakte v\u00e6kstform kan du endda s\u00e6tte dem ret t\u00e6t sammen og f.eks. bruge dem til at skabe en skillev\u00e6g af \u00e6bletr\u00e6er. Et blikfang i enhver have!<\/p>","protected":false},"excerpt":{"rendered":"<p>Malus domestica 'Flamenco'<\/p>\n<p>\u00c6gte s\u00f8jle\u00e6ble<\/p>\n<p>Smag: s\u00f8d<\/p>\n<p>Frugtens farve: r\u00f8d<\/p>\n<p>Maksimal h\u00f8jde: 2,5 - 3 meter<\/p>\n<p>Velegnet til b\u00e5de terrasse og \u00e5bent terr\u00e6n.<\/p>\n<p>Selvbest\u00f8vende. Selvom denne ballerina er selvbest\u00f8vende, anbefaler vi altid at placere et malus krabbe\u00e6ble inden for 10 meter af tr\u00e6et for at f\u00e5 mere krydsbest\u00f8vning.<\/p>\n<p>Leveringsh\u00f8jde inkl. potte: +\/_80-100 cm<\/p>\n<p>Gryde st\u00f8rrelse: 7 liter<\/p>\n<p>Bem\u00e6rk, at dette produkt har en anden pris for transport p\u00e5 grund af den forskellige st\u00f8rrelse.<\/p>","protected":false},"featured_media":20969,"template":"","meta":{"_joinchat":[]},"product_brand":[],"product_cat":[20,262,233,152],"product_tag":[569,705,709,584,352,587,351,316,706],"class_list":{"0":"post-20040","1":"product","2":"type-product","3":"status-publish","4":"has-post-thumbnail","6":"product_cat-appels","7":"product_cat-bomen-struiken","8":"product_cat-fruitbomen","9":"product_cat-zuilfruit","10":"product_tag-appel","11":"product_tag-ballerina","12":"product_tag-flamenco","13":"product_tag-fris-zoet","14":"product_tag-geent","15":"product_tag-rood","16":"product_tag-winterhard","17":"product_tag-zelfbestuivend","18":"product_tag-zuilvorm","19":"pa_bloeimaanden-maart","20":"pa_bloeimaanden-april","21":"pa_ewd_uwcf_colors-rood-2","22":"pa_groeihoogte-200-300-cm","23":"pa_pot-7-liter-pot","25":"first","26":"outofstock","27":"taxable","28":"shipping-taxable","29":"purchasable","30":"product-type-simple"},"yoast_head":"<!-- This site is optimized with the Yoast SEO plugin v24.2 - https:\/\/yoast.com\/wordpress\/plugins\/seo\/ -->\n<title>Malus domestica Ballerina &#039;Flamenco&#039; zuilappelboom, 7 liter pot, Hoogte 120-140cm kopen | Planten eenvoudig online bestellen | Schramas.com<\/title>\n<meta name=\"robots\" content=\"index, follow, max-snippet:-1, max-image-preview:large, max-video-preview:-1\" \/>\n<link rel=\"canonical\" href=\"https:\/\/www.schramas.com\/dk\/butik\/malus-domestica-ballerina-flamenco-sojle-aebletrae-7-liter-potte-hojde-120-140cm\/\" \/>\n<meta property=\"og:locale\" content=\"da_DK\" \/>\n<meta property=\"og:type\" content=\"article\" \/>\n<meta property=\"og:title\" content=\"Malus domestica Ballerina &#039;Flamenco&#039; zuilappelboom, 7 liter pot, Hoogte 120-140cm kopen | Planten eenvoudig online bestellen | Schramas.com\" \/>\n<meta property=\"og:description\" content=\"Malus domestica &#039;Flamenco&#039;  Echte zuil appel  smaak: zoet  kleur vrucht: rood  Hoogte maximaal: 2,5- 3 meter  Geschikt voor zowel patio als volle grond.  Zelf bestuivend. Hoewel deze ballerina zelf bestuivend is raden wij altijd aan een malus sierappel binnen 10 meter van de boom te plaatsen voor meer kruisbestuiving.  Leverhoogte incl. pot: +\/_80-100 cm  Pot maat: 7 liter  Let op! dit product heeft een afwijkende prijs voor vervoer vanwege de afwijkende maat\" \/>\n<meta property=\"og:url\" content=\"https:\/\/www.schramas.com\/dk\/butik\/malus-domestica-ballerina-flamenco-sojle-aebletrae-7-liter-potte-hojde-120-140cm\/\" \/>\n<meta property=\"og:site_name\" content=\"Planten eenvoudig online bestellen | Schramas.com\" \/>\n<meta property=\"article:publisher\" content=\"https:\/\/www.facebook.com\/Schramascom-106872874153195\/\" \/>\n<meta property=\"article:modified_time\" content=\"2026-03-26T15:35:04+00:00\" \/>\n<meta property=\"og:image\" content=\"https:\/\/www.schramas.com\/wp-content\/uploads\/2022\/07\/flamenco-oud.jpg\" \/>\n\t<meta property=\"og:image:width\" content=\"1200\" \/>\n\t<meta property=\"og:image:height\" content=\"1200\" \/>\n\t<meta property=\"og:image:type\" content=\"image\/jpeg\" \/>\n<meta name=\"twitter:card\" content=\"summary_large_image\" \/>\n<script type=\"application\/ld+json\" class=\"yoast-schema-graph\">{\"@context\":\"https:\/\/schema.org\",\"@graph\":[{\"@type\":[\"WebPage\",\"ItemPage\"],\"@id\":\"https:\/\/www.schramas.com\/winkel\/malus-domestica-ballerina-flamenco-zuilappelboom-7-liter-pot-hoogte-120-140cm\/\",\"url\":\"https:\/\/www.schramas.com\/winkel\/malus-domestica-ballerina-flamenco-zuilappelboom-7-liter-pot-hoogte-120-140cm\/\",\"name\":\"Malus domestica Ballerina 'Flamenco' zuilappelboom, 7 liter pot, Hoogte 120-140cm kopen | Planten eenvoudig online bestellen | Schramas.com\",\"isPartOf\":{\"@id\":\"https:\/\/www.schramas.com\/#website\"},\"primaryImageOfPage\":{\"@id\":\"https:\/\/www.schramas.com\/winkel\/malus-domestica-ballerina-flamenco-zuilappelboom-7-liter-pot-hoogte-120-140cm\/#primaryimage\"},\"image\":{\"@id\":\"https:\/\/www.schramas.com\/winkel\/malus-domestica-ballerina-flamenco-zuilappelboom-7-liter-pot-hoogte-120-140cm\/#primaryimage\"},\"thumbnailUrl\":\"https:\/\/www.schramas.com\/wp-content\/uploads\/2022\/07\/flamenco-oud.jpg\",\"datePublished\":\"2022-07-21T10:10:12+00:00\",\"dateModified\":\"2026-03-26T15:35:04+00:00\",\"breadcrumb\":{\"@id\":\"https:\/\/www.schramas.com\/winkel\/malus-domestica-ballerina-flamenco-zuilappelboom-7-liter-pot-hoogte-120-140cm\/#breadcrumb\"},\"inLanguage\":\"da-DK\",\"potentialAction\":[{\"@type\":\"ReadAction\",\"target\":[\"https:\/\/www.schramas.com\/winkel\/malus-domestica-ballerina-flamenco-zuilappelboom-7-liter-pot-hoogte-120-140cm\/\"]}]},{\"@type\":\"ImageObject\",\"inLanguage\":\"da-DK\",\"@id\":\"https:\/\/www.schramas.com\/winkel\/malus-domestica-ballerina-flamenco-zuilappelboom-7-liter-pot-hoogte-120-140cm\/#primaryimage\",\"url\":\"https:\/\/www.schramas.com\/wp-content\/uploads\/2022\/07\/flamenco-oud.jpg\",\"contentUrl\":\"https:\/\/www.schramas.com\/wp-content\/uploads\/2022\/07\/flamenco-oud.jpg\",\"width\":1200,\"height\":1200},{\"@type\":\"BreadcrumbList\",\"@id\":\"https:\/\/www.schramas.com\/winkel\/malus-domestica-ballerina-flamenco-zuilappelboom-7-liter-pot-hoogte-120-140cm\/#breadcrumb\",\"itemListElement\":[{\"@type\":\"ListItem\",\"position\":1,\"name\":\"Product\",\"item\":\"https:\/\/www.schramas.com\/assortiment\/\"},{\"@type\":\"ListItem\",\"position\":2,\"name\":\"Bomen &amp; Struiken\",\"item\":\"https:\/\/www.schramas.com\/product-category\/bomen-struiken\/\"},{\"@type\":\"ListItem\",\"position\":3,\"name\":\"Specials\",\"item\":\"https:\/\/www.schramas.com\/product-category\/bomen-struiken\/specials\/\"},{\"@type\":\"ListItem\",\"position\":4,\"name\":\"Pilaar\/zuil fruit\",\"item\":\"https:\/\/www.schramas.com\/product-category\/bomen-struiken\/specials\/zuilfruit\/\"},{\"@type\":\"ListItem\",\"position\":5,\"name\":\"Malus domestica Ballerina &#8216;Flamenco&#8217; zuilappelboom, 7 liter pot, Hoogte 120-140cm\"}]},{\"@type\":\"WebSite\",\"@id\":\"https:\/\/www.schramas.com\/#website\",\"url\":\"https:\/\/www.schramas.com\/\",\"name\":\"Schramas.com | Tuinplanten eenvoudig online bestellen | Direct van onze Kwekerij\",\"description\":\"\",\"alternateName\":\"Schramas.com - Alle planten direct van de kweker\",\"potentialAction\":[{\"@type\":\"SearchAction\",\"target\":{\"@type\":\"EntryPoint\",\"urlTemplate\":\"https:\/\/www.schramas.com\/?s={search_term_string}\"},\"query-input\":{\"@type\":\"PropertyValueSpecification\",\"valueRequired\":true,\"valueName\":\"search_term_string\"}}],\"inLanguage\":\"da-DK\"}]}<\/script>\n<!-- \/ Yoast SEO plugin. -->","yoast_head_json":{"title":"K\u00f8b Malus domestica Ballerina &#039;Flamenco&#039; s\u00f8jle \u00e6bletr\u00e6, 7 liter potte, H\u00f8jde 120-140cm | Bestil nemt planter online | Schramas.com","robots":{"index":"index","follow":"follow","max-snippet":"max-snippet:-1","max-image-preview":"max-image-preview:large","max-video-preview":"max-video-preview:-1"},"canonical":"https:\/\/www.schramas.com\/dk\/butik\/malus-domestica-ballerina-flamenco-sojle-aebletrae-7-liter-potte-hojde-120-140cm\/","og_locale":"da_DK","og_type":"article","og_title":"Malus domestica Ballerina 'Flamenco' zuilappelboom, 7 liter pot, Hoogte 120-140cm kopen | Planten eenvoudig online bestellen | Schramas.com","og_description":"Malus domestica 'Flamenco'  Echte zuil appel  smaak: zoet  kleur vrucht: rood  Hoogte maximaal: 2,5- 3 meter  Geschikt voor zowel patio als volle grond.  Zelf bestuivend. Hoewel deze ballerina zelf bestuivend is raden wij altijd aan een malus sierappel binnen 10 meter van de boom te plaatsen voor meer kruisbestuiving.  Leverhoogte incl. pot: +\/_80-100 cm  Pot maat: 7 liter  Let op! dit product heeft een afwijkende prijs voor vervoer vanwege de afwijkende maat","og_url":"https:\/\/www.schramas.com\/dk\/butik\/malus-domestica-ballerina-flamenco-sojle-aebletrae-7-liter-potte-hojde-120-140cm\/","og_site_name":"Planten eenvoudig online bestellen | Schramas.com","article_publisher":"https:\/\/www.facebook.com\/Schramascom-106872874153195\/","article_modified_time":"2026-03-26T15:35:04+00:00","og_image":[{"width":1200,"height":1200,"url":"https:\/\/www.schramas.com\/wp-content\/uploads\/2022\/07\/flamenco-oud.jpg","type":"image\/jpeg"}],"twitter_card":"summary_large_image","schema":{"@context":"https:\/\/schema.org","@graph":[{"@type":["WebPage","ItemPage"],"@id":"https:\/\/www.schramas.com\/winkel\/malus-domestica-ballerina-flamenco-zuilappelboom-7-liter-pot-hoogte-120-140cm\/","url":"https:\/\/www.schramas.com\/winkel\/malus-domestica-ballerina-flamenco-zuilappelboom-7-liter-pot-hoogte-120-140cm\/","name":"K\u00f8b Malus domestica Ballerina &#039;Flamenco&#039; s\u00f8jle \u00e6bletr\u00e6, 7 liter potte, H\u00f8jde 120-140cm | Bestil nemt planter online | Schramas.com","isPartOf":{"@id":"https:\/\/www.schramas.com\/#website"},"primaryImageOfPage":{"@id":"https:\/\/www.schramas.com\/winkel\/malus-domestica-ballerina-flamenco-zuilappelboom-7-liter-pot-hoogte-120-140cm\/#primaryimage"},"image":{"@id":"https:\/\/www.schramas.com\/winkel\/malus-domestica-ballerina-flamenco-zuilappelboom-7-liter-pot-hoogte-120-140cm\/#primaryimage"},"thumbnailUrl":"https:\/\/www.schramas.com\/wp-content\/uploads\/2022\/07\/flamenco-oud.jpg","datePublished":"2022-07-21T10:10:12+00:00","dateModified":"2026-03-26T15:35:04+00:00","breadcrumb":{"@id":"https:\/\/www.schramas.com\/winkel\/malus-domestica-ballerina-flamenco-zuilappelboom-7-liter-pot-hoogte-120-140cm\/#breadcrumb"},"inLanguage":"da-DK","potentialAction":[{"@type":"ReadAction","target":["https:\/\/www.schramas.com\/winkel\/malus-domestica-ballerina-flamenco-zuilappelboom-7-liter-pot-hoogte-120-140cm\/"]}]},{"@type":"ImageObject","inLanguage":"da-DK","@id":"https:\/\/www.schramas.com\/winkel\/malus-domestica-ballerina-flamenco-zuilappelboom-7-liter-pot-hoogte-120-140cm\/#primaryimage","url":"https:\/\/www.schramas.com\/wp-content\/uploads\/2022\/07\/flamenco-oud.jpg","contentUrl":"https:\/\/www.schramas.com\/wp-content\/uploads\/2022\/07\/flamenco-oud.jpg","width":1200,"height":1200},{"@type":"BreadcrumbList","@id":"https:\/\/www.schramas.com\/winkel\/malus-domestica-ballerina-flamenco-zuilappelboom-7-liter-pot-hoogte-120-140cm\/#breadcrumb","itemListElement":[{"@type":"ListItem","position":1,"name":"Product","item":"https:\/\/www.schramas.com\/assortiment\/"},{"@type":"ListItem","position":2,"name":"Bomen &amp; Struiken","item":"https:\/\/www.schramas.com\/product-category\/bomen-struiken\/"},{"@type":"ListItem","position":3,"name":"Specials","item":"https:\/\/www.schramas.com\/product-category\/bomen-struiken\/specials\/"},{"@type":"ListItem","position":4,"name":"Pilaar\/zuil fruit","item":"https:\/\/www.schramas.com\/product-category\/bomen-struiken\/specials\/zuilfruit\/"},{"@type":"ListItem","position":5,"name":"Malus domestica Ballerina &#8216;Flamenco&#8217; zuilappelboom, 7 liter pot, Hoogte 120-140cm"}]},{"@type":"WebSite","@id":"https:\/\/www.schramas.com\/#website","url":"https:\/\/www.schramas.com\/","name":"Schramas.com | Haveplanter bestilles nemt online | Direkte fra vores gartneri","description":"","alternateName":"Schramas.com - Alle planten direct van de kweker","potentialAction":[{"@type":"SearchAction","target":{"@type":"EntryPoint","urlTemplate":"https:\/\/www.schramas.com\/?s={search_term_string}"},"query-input":{"@type":"PropertyValueSpecification","valueRequired":true,"valueName":"search_term_string"}}],"inLanguage":"da-DK"}]}},"_links":{"self":[{"href":"https:\/\/www.schramas.com\/dk\/wp-json\/wp\/v2\/product\/20040","targetHints":{"allow":["GET"]}}],"collection":[{"href":"https:\/\/www.schramas.com\/dk\/wp-json\/wp\/v2\/product"}],"about":[{"href":"https:\/\/www.schramas.com\/dk\/wp-json\/wp\/v2\/types\/product"}],"version-history":[{"count":1,"href":"https:\/\/www.schramas.com\/dk\/wp-json\/wp\/v2\/product\/20040\/revisions"}],"predecessor-version":[{"id":49869,"href":"https:\/\/www.schramas.com\/dk\/wp-json\/wp\/v2\/product\/20040\/revisions\/49869"}],"wp:featuredmedia":[{"embeddable":true,"href":"https:\/\/www.schramas.com\/dk\/wp-json\/wp\/v2\/media\/20969"}],"wp:attachment":[{"href":"https:\/\/www.schramas.com\/dk\/wp-json\/wp\/v2\/media?parent=20040"}],"wp:term":[{"taxonomy":"product_brand","embeddable":true,"href":"https:\/\/www.schramas.com\/dk\/wp-json\/wp\/v2\/product_brand?post=20040"},{"taxonomy":"product_cat","embeddable":true,"href":"https:\/\/www.schramas.com\/dk\/wp-json\/wp\/v2\/product_cat?post=20040"},{"taxonomy":"product_tag","embeddable":true,"href":"https:\/\/www.schramas.com\/dk\/wp-json\/wp\/v2\/product_tag?post=20040"}],"curies":[{"name":"wp","href":"https:\/\/api.w.org\/{rel}","templated":true}]}}