{"id":20252,"date":"2022-08-25T15:08:02","date_gmt":"2022-08-25T13:08:02","guid":{"rendered":"https:\/\/www.schramas.com\/?post_type=product&#038;p=20252"},"modified":"2026-04-29T22:40:14","modified_gmt":"2026-04-29T20:40:14","slug":"prunus-armeniaca-mini-abrikos-dvaerg-abrikostrae-5-liter-potte-70cm","status":"publish","type":"product","link":"https:\/\/www.schramas.com\/dk\/butik\/prunus-armeniaca-mini-abrikos-dvaerg-abrikostrae-5-liter-potte-70cm\/","title":{"rendered":"Prunus armeniaca - miniabrikos - dv\u00e6rgabrikostr\u00e6 - 5 liters potte - 70 cm"},"content":{"rendered":"<p>Prunus Armeniaca Mini er en dv\u00e6rgversion af det normale abrikostr\u00e6 og derfor ideel til at s\u00e6tte i en krukke som terrasseplante. Det klarer sig ogs\u00e5 godt p\u00e5 friland. Frugterne p\u00e5 miniabrikosen er af normal st\u00f8rrelse. Tr\u00e6et er meget lidt modtageligt for sygdomme og blomstrer i midten af marts. P\u00e5 grund af abrikosens tidlige blomstring anbefales det at beskytte blomsten mod nattefrost og plante tr\u00e6et p\u00e5 et beskyttet, solrigt sted.<\/p>\n<p><strong>Produktspecifikationer<\/strong><\/p>\n<ul>\n<li>Prunus Armeniaca Mini<\/li>\n<li>Mini abrikos<\/li>\n<li>Smag: s\u00f8d<\/li>\n<li>Frugtfarve: orange-gul<\/li>\n<li>Maks. h\u00f8jde: ca. 1,2-1,5 m i \u00e5bent terr\u00e6n, afh\u00e6ngigt af grundstamme og besk\u00e6ring<\/li>\n<li>Velegnet til b\u00e5de terrasse og \u00e5bent terr\u00e6n - i l\u00e6 og sol.<\/li>\n<li>Selvbest\u00f8vende<\/li>\n<li>Leveringsh\u00f8jde: ca. 70 cm<\/li>\n<\/ul>","protected":false},"excerpt":{"rendered":"<p>Prunus Armeniaca Mini<\/p>\n<p>Mini abrikos<\/p>\n<p>Smag: s\u00f8d<\/p>\n<p>Frugtfarve: orange-gul<\/p>\n<p>Maks. h\u00f8jde: ca. 1,2-1,5 m i \u00e5bent terr\u00e6n, afh\u00e6ngigt af grundstamme og besk\u00e6ring<\/p>\n<p>Velegnet til b\u00e5de terrasse og \u00e5bent terr\u00e6n - i l\u00e6 og sol.<\/p>\n<p>Selvbest\u00f8vende<\/p>\n<p>Leveringsh\u00f8jde: ca. 70 cm<\/p>","protected":false},"featured_media":20254,"template":"","meta":{"_joinchat":[]},"product_brand":[],"product_cat":[21,262,1716,233,2391],"product_tag":[],"class_list":{"0":"post-20252","1":"product","2":"type-product","3":"status-publish","4":"has-post-thumbnail","6":"product_cat-abrikozen","7":"product_cat-bomen-struiken","8":"product_cat-dwerg-fruit","9":"product_cat-fruitbomen","10":"product_cat-mediterrane-en-exotische-fruitplanten","12":"first","13":"instock","14":"featured","15":"taxable","16":"shipping-taxable","17":"purchasable","18":"product-type-simple"},"yoast_head":"<!-- This site is optimized with the Yoast SEO plugin v24.2 - https:\/\/yoast.com\/wordpress\/plugins\/seo\/ -->\n<title>Prunus armeniaca - mini-abrikoos - dwerg abrikozenboom - 5 liter pot - 70cm kopen | Planten eenvoudig online bestellen | Schramas.com<\/title>\n<meta name=\"robots\" content=\"index, follow, max-snippet:-1, max-image-preview:large, max-video-preview:-1\" \/>\n<link rel=\"canonical\" href=\"https:\/\/www.schramas.com\/dk\/butik\/prunus-armeniaca-mini-abrikos-dvaerg-abrikostrae-5-liter-potte-70cm\/\" \/>\n<meta property=\"og:locale\" content=\"da_DK\" \/>\n<meta property=\"og:type\" content=\"article\" \/>\n<meta property=\"og:title\" content=\"Prunus armeniaca - mini-abrikoos - dwerg abrikozenboom - 5 liter pot - 70cm kopen | Planten eenvoudig online bestellen | Schramas.com\" \/>\n<meta property=\"og:description\" content=\"Prunus Armeniaca Mini  Mini abrikoos  Smaak: zoet  Kleur vrucht: oranjegeel  Hoogte max: ca. 1.2-1.5 meter in volle grond, afhankelijk van onderstam en snoei  Geschikt voor zowel patio als volle grond \u2013 beschut en zonnig  Zelfbestuivend  Leverhoogte: ca. 70 cm\" \/>\n<meta property=\"og:url\" content=\"https:\/\/www.schramas.com\/dk\/butik\/prunus-armeniaca-mini-abrikos-dvaerg-abrikostrae-5-liter-potte-70cm\/\" \/>\n<meta property=\"og:site_name\" content=\"Planten eenvoudig online bestellen | Schramas.com\" \/>\n<meta property=\"article:publisher\" content=\"https:\/\/www.facebook.com\/Schramascom-106872874153195\/\" \/>\n<meta property=\"article:modified_time\" content=\"2026-04-29T20:40:14+00:00\" \/>\n<meta property=\"og:image\" content=\"http:\/\/www.schramas.com\/wp-content\/uploads\/2022\/08\/mini-abrikoos-sfeer.jpg\" \/>\n\t<meta property=\"og:image:width\" content=\"1200\" \/>\n\t<meta property=\"og:image:height\" content=\"1200\" \/>\n\t<meta property=\"og:image:type\" content=\"image\/jpeg\" \/>\n<meta name=\"twitter:card\" content=\"summary_large_image\" \/>\n<meta name=\"twitter:label1\" content=\"Estimeret l\u00e6setid\" \/>\n\t<meta name=\"twitter:data1\" content=\"1 minut\" \/>\n<script type=\"application\/ld+json\" class=\"yoast-schema-graph\">{\"@context\":\"https:\/\/schema.org\",\"@graph\":[{\"@type\":[\"WebPage\",\"ItemPage\"],\"@id\":\"https:\/\/www.schramas.com\/winkel\/prunus-armeniaca-mini-abrikoos-dwerg-abrikozenboom-5-liter-pot-70cm\/\",\"url\":\"https:\/\/www.schramas.com\/winkel\/prunus-armeniaca-mini-abrikoos-dwerg-abrikozenboom-5-liter-pot-70cm\/\",\"name\":\"Prunus armeniaca - mini-abrikoos - dwerg abrikozenboom - 5 liter pot - 70cm kopen | Planten eenvoudig online bestellen | Schramas.com\",\"isPartOf\":{\"@id\":\"https:\/\/www.schramas.com\/#website\"},\"primaryImageOfPage\":{\"@id\":\"https:\/\/www.schramas.com\/winkel\/prunus-armeniaca-mini-abrikoos-dwerg-abrikozenboom-5-liter-pot-70cm\/#primaryimage\"},\"image\":{\"@id\":\"https:\/\/www.schramas.com\/winkel\/prunus-armeniaca-mini-abrikoos-dwerg-abrikozenboom-5-liter-pot-70cm\/#primaryimage\"},\"thumbnailUrl\":\"https:\/\/www.schramas.com\/wp-content\/uploads\/2022\/08\/mini-abrikoos-sfeer.jpg\",\"datePublished\":\"2022-08-25T13:08:02+00:00\",\"dateModified\":\"2026-04-29T20:40:14+00:00\",\"breadcrumb\":{\"@id\":\"https:\/\/www.schramas.com\/winkel\/prunus-armeniaca-mini-abrikoos-dwerg-abrikozenboom-5-liter-pot-70cm\/#breadcrumb\"},\"inLanguage\":\"da-DK\",\"potentialAction\":[{\"@type\":\"ReadAction\",\"target\":[\"https:\/\/www.schramas.com\/winkel\/prunus-armeniaca-mini-abrikoos-dwerg-abrikozenboom-5-liter-pot-70cm\/\"]}]},{\"@type\":\"ImageObject\",\"inLanguage\":\"da-DK\",\"@id\":\"https:\/\/www.schramas.com\/winkel\/prunus-armeniaca-mini-abrikoos-dwerg-abrikozenboom-5-liter-pot-70cm\/#primaryimage\",\"url\":\"https:\/\/www.schramas.com\/wp-content\/uploads\/2022\/08\/mini-abrikoos-sfeer.jpg\",\"contentUrl\":\"https:\/\/www.schramas.com\/wp-content\/uploads\/2022\/08\/mini-abrikoos-sfeer.jpg\",\"width\":1200,\"height\":1200},{\"@type\":\"BreadcrumbList\",\"@id\":\"https:\/\/www.schramas.com\/winkel\/prunus-armeniaca-mini-abrikoos-dwerg-abrikozenboom-5-liter-pot-70cm\/#breadcrumb\",\"itemListElement\":[{\"@type\":\"ListItem\",\"position\":1,\"name\":\"Product\",\"item\":\"https:\/\/www.schramas.com\/assortiment\/\"},{\"@type\":\"ListItem\",\"position\":2,\"name\":\"Bomen &amp; Struiken\",\"item\":\"https:\/\/www.schramas.com\/product-category\/bomen-struiken\/\"},{\"@type\":\"ListItem\",\"position\":3,\"name\":\"Fruitbomen\",\"item\":\"https:\/\/www.schramas.com\/product-category\/bomen-struiken\/fruitbomen\/\"},{\"@type\":\"ListItem\",\"position\":4,\"name\":\"Abrikozen\",\"item\":\"https:\/\/www.schramas.com\/product-category\/bomen-struiken\/fruitbomen\/abrikozen\/\"},{\"@type\":\"ListItem\",\"position\":5,\"name\":\"Prunus armeniaca &#8211; mini-abrikoos &#8211; dwerg abrikozenboom &#8211; 5 liter pot &#8211; 70cm\"}]},{\"@type\":\"WebSite\",\"@id\":\"https:\/\/www.schramas.com\/#website\",\"url\":\"https:\/\/www.schramas.com\/\",\"name\":\"Schramas.com | Tuinplanten eenvoudig online bestellen | Direct van onze Kwekerij\",\"description\":\"\",\"alternateName\":\"Schramas.com - Alle planten direct van de kweker\",\"potentialAction\":[{\"@type\":\"SearchAction\",\"target\":{\"@type\":\"EntryPoint\",\"urlTemplate\":\"https:\/\/www.schramas.com\/?s={search_term_string}\"},\"query-input\":{\"@type\":\"PropertyValueSpecification\",\"valueRequired\":true,\"valueName\":\"search_term_string\"}}],\"inLanguage\":\"da-DK\"}]}<\/script>\n<!-- \/ Yoast SEO plugin. -->","yoast_head_json":{"title":"K\u00f8b Prunus armeniaca - mini abrikos - dv\u00e6rg abrikostr\u00e6 - 5 liter potte - 70 cm | Planter nemt online | Schramas.com","robots":{"index":"index","follow":"follow","max-snippet":"max-snippet:-1","max-image-preview":"max-image-preview:large","max-video-preview":"max-video-preview:-1"},"canonical":"https:\/\/www.schramas.com\/dk\/butik\/prunus-armeniaca-mini-abrikos-dvaerg-abrikostrae-5-liter-potte-70cm\/","og_locale":"da_DK","og_type":"article","og_title":"Prunus armeniaca - mini-abrikoos - dwerg abrikozenboom - 5 liter pot - 70cm kopen | Planten eenvoudig online bestellen | Schramas.com","og_description":"Prunus Armeniaca Mini  Mini abrikoos  Smaak: zoet  Kleur vrucht: oranjegeel  Hoogte max: ca. 1.2-1.5 meter in volle grond, afhankelijk van onderstam en snoei  Geschikt voor zowel patio als volle grond \u2013 beschut en zonnig  Zelfbestuivend  Leverhoogte: ca. 70 cm","og_url":"https:\/\/www.schramas.com\/dk\/butik\/prunus-armeniaca-mini-abrikos-dvaerg-abrikostrae-5-liter-potte-70cm\/","og_site_name":"Planten eenvoudig online bestellen | Schramas.com","article_publisher":"https:\/\/www.facebook.com\/Schramascom-106872874153195\/","article_modified_time":"2026-04-29T20:40:14+00:00","og_image":[{"width":1200,"height":1200,"url":"http:\/\/www.schramas.com\/wp-content\/uploads\/2022\/08\/mini-abrikoos-sfeer.jpg","type":"image\/jpeg"}],"twitter_card":"summary_large_image","twitter_misc":{"Estimeret l\u00e6setid":"1 minut"},"schema":{"@context":"https:\/\/schema.org","@graph":[{"@type":["WebPage","ItemPage"],"@id":"https:\/\/www.schramas.com\/winkel\/prunus-armeniaca-mini-abrikoos-dwerg-abrikozenboom-5-liter-pot-70cm\/","url":"https:\/\/www.schramas.com\/winkel\/prunus-armeniaca-mini-abrikoos-dwerg-abrikozenboom-5-liter-pot-70cm\/","name":"K\u00f8b Prunus armeniaca - mini abrikos - dv\u00e6rg abrikostr\u00e6 - 5 liter potte - 70 cm | Planter nemt online | Schramas.com","isPartOf":{"@id":"https:\/\/www.schramas.com\/#website"},"primaryImageOfPage":{"@id":"https:\/\/www.schramas.com\/winkel\/prunus-armeniaca-mini-abrikoos-dwerg-abrikozenboom-5-liter-pot-70cm\/#primaryimage"},"image":{"@id":"https:\/\/www.schramas.com\/winkel\/prunus-armeniaca-mini-abrikoos-dwerg-abrikozenboom-5-liter-pot-70cm\/#primaryimage"},"thumbnailUrl":"https:\/\/www.schramas.com\/wp-content\/uploads\/2022\/08\/mini-abrikoos-sfeer.jpg","datePublished":"2022-08-25T13:08:02+00:00","dateModified":"2026-04-29T20:40:14+00:00","breadcrumb":{"@id":"https:\/\/www.schramas.com\/winkel\/prunus-armeniaca-mini-abrikoos-dwerg-abrikozenboom-5-liter-pot-70cm\/#breadcrumb"},"inLanguage":"da-DK","potentialAction":[{"@type":"ReadAction","target":["https:\/\/www.schramas.com\/winkel\/prunus-armeniaca-mini-abrikoos-dwerg-abrikozenboom-5-liter-pot-70cm\/"]}]},{"@type":"ImageObject","inLanguage":"da-DK","@id":"https:\/\/www.schramas.com\/winkel\/prunus-armeniaca-mini-abrikoos-dwerg-abrikozenboom-5-liter-pot-70cm\/#primaryimage","url":"https:\/\/www.schramas.com\/wp-content\/uploads\/2022\/08\/mini-abrikoos-sfeer.jpg","contentUrl":"https:\/\/www.schramas.com\/wp-content\/uploads\/2022\/08\/mini-abrikoos-sfeer.jpg","width":1200,"height":1200},{"@type":"BreadcrumbList","@id":"https:\/\/www.schramas.com\/winkel\/prunus-armeniaca-mini-abrikoos-dwerg-abrikozenboom-5-liter-pot-70cm\/#breadcrumb","itemListElement":[{"@type":"ListItem","position":1,"name":"Product","item":"https:\/\/www.schramas.com\/assortiment\/"},{"@type":"ListItem","position":2,"name":"Bomen &amp; Struiken","item":"https:\/\/www.schramas.com\/product-category\/bomen-struiken\/"},{"@type":"ListItem","position":3,"name":"Fruitbomen","item":"https:\/\/www.schramas.com\/product-category\/bomen-struiken\/fruitbomen\/"},{"@type":"ListItem","position":4,"name":"Abrikozen","item":"https:\/\/www.schramas.com\/product-category\/bomen-struiken\/fruitbomen\/abrikozen\/"},{"@type":"ListItem","position":5,"name":"Prunus armeniaca &#8211; mini-abrikoos &#8211; dwerg abrikozenboom &#8211; 5 liter pot &#8211; 70cm"}]},{"@type":"WebSite","@id":"https:\/\/www.schramas.com\/#website","url":"https:\/\/www.schramas.com\/","name":"Schramas.com | Haveplanter bestilles nemt online | Direkte fra vores gartneri","description":"","alternateName":"Schramas.com - Alle planten direct van de kweker","potentialAction":[{"@type":"SearchAction","target":{"@type":"EntryPoint","urlTemplate":"https:\/\/www.schramas.com\/?s={search_term_string}"},"query-input":{"@type":"PropertyValueSpecification","valueRequired":true,"valueName":"search_term_string"}}],"inLanguage":"da-DK"}]}},"_links":{"self":[{"href":"https:\/\/www.schramas.com\/dk\/wp-json\/wp\/v2\/product\/20252","targetHints":{"allow":["GET"]}}],"collection":[{"href":"https:\/\/www.schramas.com\/dk\/wp-json\/wp\/v2\/product"}],"about":[{"href":"https:\/\/www.schramas.com\/dk\/wp-json\/wp\/v2\/types\/product"}],"version-history":[{"count":3,"href":"https:\/\/www.schramas.com\/dk\/wp-json\/wp\/v2\/product\/20252\/revisions"}],"predecessor-version":[{"id":68483,"href":"https:\/\/www.schramas.com\/dk\/wp-json\/wp\/v2\/product\/20252\/revisions\/68483"}],"wp:featuredmedia":[{"embeddable":true,"href":"https:\/\/www.schramas.com\/dk\/wp-json\/wp\/v2\/media\/20254"}],"wp:attachment":[{"href":"https:\/\/www.schramas.com\/dk\/wp-json\/wp\/v2\/media?parent=20252"}],"wp:term":[{"taxonomy":"product_brand","embeddable":true,"href":"https:\/\/www.schramas.com\/dk\/wp-json\/wp\/v2\/product_brand?post=20252"},{"taxonomy":"product_cat","embeddable":true,"href":"https:\/\/www.schramas.com\/dk\/wp-json\/wp\/v2\/product_cat?post=20252"},{"taxonomy":"product_tag","embeddable":true,"href":"https:\/\/www.schramas.com\/dk\/wp-json\/wp\/v2\/product_tag?post=20252"}],"curies":[{"name":"wp","href":"https:\/\/api.w.org\/{rel}","templated":true}]}}