{"id":20419,"date":"2022-09-08T10:47:46","date_gmt":"2022-09-08T08:47:46","guid":{"rendered":"https:\/\/www.schramas.com\/?post_type=product&#038;p=20419"},"modified":"2026-03-26T16:35:10","modified_gmt":"2026-03-26T15:35:10","slug":"saet-med-2-citrusplanter-lime-citron-hojde-60cm-2-liter-potte","status":"publish","type":"product","link":"https:\/\/www.schramas.com\/dk\/butik\/saet-med-2-citrusplanter-lime-citron-hojde-60cm-2-liter-potte\/","title":{"rendered":"S\u00e6t med 2 citrusplanter - Lime &amp; Lemon - H\u00f8jde +60 cm - 2 liters potte"},"content":{"rendered":"<p>Da disse citrusplanter dyrkes i potter, kan de plantes eller ompottes hele \u00e5ret rundt.<\/p>\n<p>&nbsp;<\/p>\n<p><b>F\u00f8rste sort: Citrus auratifolia 'Lime'<\/b><\/p>\n<p>Citrus auratifolia 'lime', ogs\u00e5 kaldet lindetr\u00e6, giver en dejlig s\u00f8d duft under blomstringen p\u00e5 terrassen eller altanen. Det er en nem plante, som giver gode frugter. Behandl linden som en rigtig karplante, hvilket betyder, at den skal flyttes indend\u00f8rs om vinteren i et drivhus eller frostfrit udend\u00f8rs drivhus. I et drivhus blomstrer denne plante n\u00e6sten hele \u00e5ret rundt. Den kan besk\u00e6res i september, s\u00e5 1\/3 af skuddene bliver siddende for at holde planten fuld.<\/p>\n<p><strong>Produktspecifikationer<\/strong><\/p>\n<ul>\n<li>Citrus auratifolia 'Lime'<\/li>\n<li>Frugtfarve: gr\u00f8n<\/li>\n<li>Maks. h\u00f8jde +\/_ 200 cm<\/li>\n<li>Karplante med smukke blade<\/li>\n<li>Ikke h\u00e5rdf\u00f8r, frostf\u00f8lsom.<\/li>\n<\/ul>\n<p>&nbsp;<\/p>\n<p><b>sort to: Citrus limon 'Citronplante'<\/b><\/p>\n<p>Citrus limon 'Lemon', ogs\u00e5 kaldet citrontr\u00e6, giver ogs\u00e5 en dejlig s\u00f8d duft under blomstringen. Det er en nem plante, som giver gode frugter. Behandl citronen som en rigtig karplante, hvilket betyder, at den skal flyttes indend\u00f8rs om vinteren i et drivhus eller frostfrit udend\u00f8rs drivhus. I et drivhus blomstrer denne plante n\u00e6sten hele \u00e5ret rundt. Du kan besk\u00e6re den tilbage i september og lade 1\/3 af skuddene blive siddende for at holde planten fuld.<\/p>\n<p><strong>Produktspecifikationer<\/strong><\/p>\n<ul>\n<li>Citrus limon 'Citron'<\/li>\n<li>Citrontr\u00e6.<\/li>\n<li>Frugtfarve: gul<\/li>\n<li>Maks. h\u00f8jde +\/_ 200 cm<\/li>\n<li>Karplante med duftende blade<\/li>\n<li>Ikke h\u00e5rdf\u00f8r, frostf\u00f8lsom.<\/li>\n<li><\/li>\n<\/ul>","protected":false},"excerpt":{"rendered":"<p>En: Citrus auratifolia 'Lime'<\/p>\n<p>To: Citrus limon 'Citronplante'<\/p>\n<p>Leveringsh\u00f8jde inkl. potte: ca. 60 cm<\/p>\n<p>Gryde st\u00f8rrelse: 2 liter<\/p>","protected":false},"featured_media":27105,"template":"","meta":{"_joinchat":[]},"product_brand":[],"product_cat":[262,946,1011,233,867],"product_tag":[948,782,832,879],"class_list":{"0":"post-20419","1":"product","2":"type-product","3":"status-publish","4":"has-post-thumbnail","6":"product_cat-bomen-struiken","7":"product_cat-citrus","8":"product_cat-fruit-deals","9":"product_cat-fruitbomen","10":"product_cat-pakket-deals","11":"product_tag-citroen","12":"product_tag-citrus","13":"product_tag-limoen","14":"product_tag-pakketdeal","16":"first","17":"outofstock","18":"taxable","19":"shipping-taxable","20":"purchasable","21":"product-type-simple"},"yoast_head":"<!-- This site is optimized with the Yoast SEO plugin v24.2 - https:\/\/yoast.com\/wordpress\/plugins\/seo\/ -->\n<title>Set van 2 Citrus planten- Limoen &amp; Citroen - Hoogte +60cm - 2 Liter pot kopen | Planten eenvoudig online bestellen | Schramas.com<\/title>\n<meta name=\"robots\" content=\"index, follow, max-snippet:-1, max-image-preview:large, max-video-preview:-1\" \/>\n<link rel=\"canonical\" href=\"https:\/\/www.schramas.com\/dk\/butik\/saet-med-2-citrusplanter-lime-citron-hojde-60cm-2-liter-potte\/\" \/>\n<meta property=\"og:locale\" content=\"da_DK\" \/>\n<meta property=\"og:type\" content=\"article\" \/>\n<meta property=\"og:title\" content=\"Set van 2 Citrus planten- Limoen &amp; Citroen - Hoogte +60cm - 2 Liter pot kopen | Planten eenvoudig online bestellen | Schramas.com\" \/>\n<meta property=\"og:description\" content=\"\u00c9\u00e9n: Citrus auratifolia \u2018Limoen\u2019  Twee: Citrus limon &#039;Citroenplant&#039;  Leverhoogte incl. pot: ca. 60 cm  Potmaat: 2 liter\" \/>\n<meta property=\"og:url\" content=\"https:\/\/www.schramas.com\/dk\/butik\/saet-med-2-citrusplanter-lime-citron-hojde-60cm-2-liter-potte\/\" \/>\n<meta property=\"og:site_name\" content=\"Planten eenvoudig online bestellen | Schramas.com\" \/>\n<meta property=\"article:publisher\" content=\"https:\/\/www.facebook.com\/Schramascom-106872874153195\/\" \/>\n<meta property=\"article:modified_time\" content=\"2026-03-26T15:35:10+00:00\" \/>\n<meta property=\"og:image\" content=\"https:\/\/www.schramas.com\/wp-content\/uploads\/2022\/09\/Pakketdeal-set-Limoen-Citroen-2L.jpg\" \/>\n\t<meta property=\"og:image:width\" content=\"1600\" \/>\n\t<meta property=\"og:image:height\" content=\"1600\" \/>\n\t<meta property=\"og:image:type\" content=\"image\/jpeg\" \/>\n<meta name=\"twitter:card\" content=\"summary_large_image\" \/>\n<meta name=\"twitter:label1\" content=\"Estimeret l\u00e6setid\" \/>\n\t<meta name=\"twitter:data1\" content=\"2 minutter\" \/>\n<script type=\"application\/ld+json\" class=\"yoast-schema-graph\">{\"@context\":\"https:\/\/schema.org\",\"@graph\":[{\"@type\":[\"WebPage\",\"ItemPage\"],\"@id\":\"https:\/\/www.schramas.com\/winkel\/set-van-2-citrus-planten-limoen-citroen-hoogte-60cm-2-liter-pot\/\",\"url\":\"https:\/\/www.schramas.com\/winkel\/set-van-2-citrus-planten-limoen-citroen-hoogte-60cm-2-liter-pot\/\",\"name\":\"Set van 2 Citrus planten- Limoen &amp; Citroen - Hoogte +60cm - 2 Liter pot kopen | Planten eenvoudig online bestellen | Schramas.com\",\"isPartOf\":{\"@id\":\"https:\/\/www.schramas.com\/#website\"},\"primaryImageOfPage\":{\"@id\":\"https:\/\/www.schramas.com\/winkel\/set-van-2-citrus-planten-limoen-citroen-hoogte-60cm-2-liter-pot\/#primaryimage\"},\"image\":{\"@id\":\"https:\/\/www.schramas.com\/winkel\/set-van-2-citrus-planten-limoen-citroen-hoogte-60cm-2-liter-pot\/#primaryimage\"},\"thumbnailUrl\":\"https:\/\/www.schramas.com\/wp-content\/uploads\/2022\/09\/Pakketdeal-set-Limoen-Citroen-2L.jpg\",\"datePublished\":\"2022-09-08T08:47:46+00:00\",\"dateModified\":\"2026-03-26T15:35:10+00:00\",\"breadcrumb\":{\"@id\":\"https:\/\/www.schramas.com\/winkel\/set-van-2-citrus-planten-limoen-citroen-hoogte-60cm-2-liter-pot\/#breadcrumb\"},\"inLanguage\":\"da-DK\",\"potentialAction\":[{\"@type\":\"ReadAction\",\"target\":[\"https:\/\/www.schramas.com\/winkel\/set-van-2-citrus-planten-limoen-citroen-hoogte-60cm-2-liter-pot\/\"]}]},{\"@type\":\"ImageObject\",\"inLanguage\":\"da-DK\",\"@id\":\"https:\/\/www.schramas.com\/winkel\/set-van-2-citrus-planten-limoen-citroen-hoogte-60cm-2-liter-pot\/#primaryimage\",\"url\":\"https:\/\/www.schramas.com\/wp-content\/uploads\/2022\/09\/Pakketdeal-set-Limoen-Citroen-2L.jpg\",\"contentUrl\":\"https:\/\/www.schramas.com\/wp-content\/uploads\/2022\/09\/Pakketdeal-set-Limoen-Citroen-2L.jpg\",\"width\":1600,\"height\":1600},{\"@type\":\"BreadcrumbList\",\"@id\":\"https:\/\/www.schramas.com\/winkel\/set-van-2-citrus-planten-limoen-citroen-hoogte-60cm-2-liter-pot\/#breadcrumb\",\"itemListElement\":[{\"@type\":\"ListItem\",\"position\":1,\"name\":\"Product\",\"item\":\"https:\/\/www.schramas.com\/assortiment\/\"},{\"@type\":\"ListItem\",\"position\":2,\"name\":\"Pakketdeals\",\"item\":\"https:\/\/www.schramas.com\/product-category\/pakket-deals\/\"},{\"@type\":\"ListItem\",\"position\":3,\"name\":\"Set van 2 Citrus planten- Limoen &amp; Citroen &#8211; Hoogte +60cm &#8211; 2 Liter pot\"}]},{\"@type\":\"WebSite\",\"@id\":\"https:\/\/www.schramas.com\/#website\",\"url\":\"https:\/\/www.schramas.com\/\",\"name\":\"Schramas.com | Tuinplanten eenvoudig online bestellen | Direct van onze Kwekerij\",\"description\":\"\",\"alternateName\":\"Schramas.com - Alle planten direct van de kweker\",\"potentialAction\":[{\"@type\":\"SearchAction\",\"target\":{\"@type\":\"EntryPoint\",\"urlTemplate\":\"https:\/\/www.schramas.com\/?s={search_term_string}\"},\"query-input\":{\"@type\":\"PropertyValueSpecification\",\"valueRequired\":true,\"valueName\":\"search_term_string\"}}],\"inLanguage\":\"da-DK\"}]}<\/script>\n<!-- \/ Yoast SEO plugin. -->","yoast_head_json":{"title":"S\u00e6t med 2 citrusplanter - Lime &amp; Lemon - H\u00f8jde +60cm - K\u00f8b 2 liters potte | K\u00f8b planter nemt online | Schramas.com","robots":{"index":"index","follow":"follow","max-snippet":"max-snippet:-1","max-image-preview":"max-image-preview:large","max-video-preview":"max-video-preview:-1"},"canonical":"https:\/\/www.schramas.com\/dk\/butik\/saet-med-2-citrusplanter-lime-citron-hojde-60cm-2-liter-potte\/","og_locale":"da_DK","og_type":"article","og_title":"Set van 2 Citrus planten- Limoen &amp; Citroen - Hoogte +60cm - 2 Liter pot kopen | Planten eenvoudig online bestellen | Schramas.com","og_description":"\u00c9\u00e9n: Citrus auratifolia \u2018Limoen\u2019  Twee: Citrus limon 'Citroenplant'  Leverhoogte incl. pot: ca. 60 cm  Potmaat: 2 liter","og_url":"https:\/\/www.schramas.com\/dk\/butik\/saet-med-2-citrusplanter-lime-citron-hojde-60cm-2-liter-potte\/","og_site_name":"Planten eenvoudig online bestellen | Schramas.com","article_publisher":"https:\/\/www.facebook.com\/Schramascom-106872874153195\/","article_modified_time":"2026-03-26T15:35:10+00:00","og_image":[{"width":1600,"height":1600,"url":"https:\/\/www.schramas.com\/wp-content\/uploads\/2022\/09\/Pakketdeal-set-Limoen-Citroen-2L.jpg","type":"image\/jpeg"}],"twitter_card":"summary_large_image","twitter_misc":{"Estimeret l\u00e6setid":"2 minutter"},"schema":{"@context":"https:\/\/schema.org","@graph":[{"@type":["WebPage","ItemPage"],"@id":"https:\/\/www.schramas.com\/winkel\/set-van-2-citrus-planten-limoen-citroen-hoogte-60cm-2-liter-pot\/","url":"https:\/\/www.schramas.com\/winkel\/set-van-2-citrus-planten-limoen-citroen-hoogte-60cm-2-liter-pot\/","name":"S\u00e6t med 2 citrusplanter - Lime &amp; Lemon - H\u00f8jde +60cm - K\u00f8b 2 liters potte | K\u00f8b planter nemt online | Schramas.com","isPartOf":{"@id":"https:\/\/www.schramas.com\/#website"},"primaryImageOfPage":{"@id":"https:\/\/www.schramas.com\/winkel\/set-van-2-citrus-planten-limoen-citroen-hoogte-60cm-2-liter-pot\/#primaryimage"},"image":{"@id":"https:\/\/www.schramas.com\/winkel\/set-van-2-citrus-planten-limoen-citroen-hoogte-60cm-2-liter-pot\/#primaryimage"},"thumbnailUrl":"https:\/\/www.schramas.com\/wp-content\/uploads\/2022\/09\/Pakketdeal-set-Limoen-Citroen-2L.jpg","datePublished":"2022-09-08T08:47:46+00:00","dateModified":"2026-03-26T15:35:10+00:00","breadcrumb":{"@id":"https:\/\/www.schramas.com\/winkel\/set-van-2-citrus-planten-limoen-citroen-hoogte-60cm-2-liter-pot\/#breadcrumb"},"inLanguage":"da-DK","potentialAction":[{"@type":"ReadAction","target":["https:\/\/www.schramas.com\/winkel\/set-van-2-citrus-planten-limoen-citroen-hoogte-60cm-2-liter-pot\/"]}]},{"@type":"ImageObject","inLanguage":"da-DK","@id":"https:\/\/www.schramas.com\/winkel\/set-van-2-citrus-planten-limoen-citroen-hoogte-60cm-2-liter-pot\/#primaryimage","url":"https:\/\/www.schramas.com\/wp-content\/uploads\/2022\/09\/Pakketdeal-set-Limoen-Citroen-2L.jpg","contentUrl":"https:\/\/www.schramas.com\/wp-content\/uploads\/2022\/09\/Pakketdeal-set-Limoen-Citroen-2L.jpg","width":1600,"height":1600},{"@type":"BreadcrumbList","@id":"https:\/\/www.schramas.com\/winkel\/set-van-2-citrus-planten-limoen-citroen-hoogte-60cm-2-liter-pot\/#breadcrumb","itemListElement":[{"@type":"ListItem","position":1,"name":"Product","item":"https:\/\/www.schramas.com\/assortiment\/"},{"@type":"ListItem","position":2,"name":"Pakketdeals","item":"https:\/\/www.schramas.com\/product-category\/pakket-deals\/"},{"@type":"ListItem","position":3,"name":"Set van 2 Citrus planten- Limoen &amp; Citroen &#8211; Hoogte +60cm &#8211; 2 Liter pot"}]},{"@type":"WebSite","@id":"https:\/\/www.schramas.com\/#website","url":"https:\/\/www.schramas.com\/","name":"Schramas.com | Haveplanter bestilles nemt online | Direkte fra vores gartneri","description":"","alternateName":"Schramas.com - Alle planten direct van de kweker","potentialAction":[{"@type":"SearchAction","target":{"@type":"EntryPoint","urlTemplate":"https:\/\/www.schramas.com\/?s={search_term_string}"},"query-input":{"@type":"PropertyValueSpecification","valueRequired":true,"valueName":"search_term_string"}}],"inLanguage":"da-DK"}]}},"_links":{"self":[{"href":"https:\/\/www.schramas.com\/dk\/wp-json\/wp\/v2\/product\/20419","targetHints":{"allow":["GET"]}}],"collection":[{"href":"https:\/\/www.schramas.com\/dk\/wp-json\/wp\/v2\/product"}],"about":[{"href":"https:\/\/www.schramas.com\/dk\/wp-json\/wp\/v2\/types\/product"}],"version-history":[{"count":1,"href":"https:\/\/www.schramas.com\/dk\/wp-json\/wp\/v2\/product\/20419\/revisions"}],"predecessor-version":[{"id":38209,"href":"https:\/\/www.schramas.com\/dk\/wp-json\/wp\/v2\/product\/20419\/revisions\/38209"}],"wp:featuredmedia":[{"embeddable":true,"href":"https:\/\/www.schramas.com\/dk\/wp-json\/wp\/v2\/media\/27105"}],"wp:attachment":[{"href":"https:\/\/www.schramas.com\/dk\/wp-json\/wp\/v2\/media?parent=20419"}],"wp:term":[{"taxonomy":"product_brand","embeddable":true,"href":"https:\/\/www.schramas.com\/dk\/wp-json\/wp\/v2\/product_brand?post=20419"},{"taxonomy":"product_cat","embeddable":true,"href":"https:\/\/www.schramas.com\/dk\/wp-json\/wp\/v2\/product_cat?post=20419"},{"taxonomy":"product_tag","embeddable":true,"href":"https:\/\/www.schramas.com\/dk\/wp-json\/wp\/v2\/product_tag?post=20419"}],"curies":[{"name":"wp","href":"https:\/\/api.w.org\/{rel}","templated":true}]}}