{"id":20516,"date":"2022-09-16T16:19:58","date_gmt":"2022-09-16T14:19:58","guid":{"rendered":"https:\/\/www.schramas.com\/?post_type=product&#038;p=20516"},"modified":"2026-03-26T16:35:11","modified_gmt":"2026-03-26T15:35:11","slug":"lonicera-caerulea-rebecca-honningbaer-9-cm-potte","status":"publish","type":"product","link":"https:\/\/www.schramas.com\/dk\/butik\/lonicera-caerulea-rebecca-honningbaer-9-cm-potte\/","title":{"rendered":"Lonicera caerulea 'Rebecca', honningb\u00e6r, 9 cm potte"},"content":{"rendered":"<p>Lonicera caerulea &#039;Rebecca&#039; kaldes ogs\u00e5 majb\u00e6r eller honningb\u00e6r.<\/p>\n<p>&nbsp;<\/p>","protected":false},"excerpt":{"rendered":"<p>Lonicera caerula &#039;Rebecca&#039;<\/p>\n<p>Honningb\u00e6r<\/p>\n<p>Smag: frisk og s\u00f8d<\/p>\n<p>Frugtfarve: bl\u00e5-lilla<\/p>\n<p>H\u00f8jde max: 1,5 - 1,8 meter<\/p>\n<p>Velegnet til b\u00e5de terrasse og \u00e5bent terr\u00e6n<\/p>\n<p>Leveringsh\u00f8jde inkl. potte: +\/_30 cm<\/p>\n<p>Pottest\u00f8rrelse: 9 cm.<\/p>","protected":false},"featured_media":20517,"template":"","meta":{"_joinchat":[]},"product_brand":[],"product_cat":[262,234,46],"product_tag":[643,676,677,656,351,328],"class_list":{"0":"post-20516","1":"product","2":"type-product","3":"status-publish","4":"has-post-thumbnail","6":"product_cat-bomen-struiken","7":"product_cat-fruitstruiken","8":"product_cat-lonicera","9":"product_tag-honingbes","10":"product_tag-lonicera","11":"product_tag-purple-sweet","12":"product_tag-vitamine","13":"product_tag-winterhard","14":"product_tag-zoet","15":"pa_bloeimaanden-maart","16":"pa_bloeimaanden-april","17":"pa_groeihoogte-150-200-cm","18":"pa_pot-9-cm-pot","20":"first","21":"outofstock","22":"taxable","23":"shipping-taxable","24":"purchasable","25":"product-type-simple"},"yoast_head":"<!-- This site is optimized with the Yoast SEO plugin v24.2 - https:\/\/yoast.com\/wordpress\/plugins\/seo\/ -->\n<title>Lonicera caerulea &#039;Rebecca&#039;, honingbes, 9cm pot kopen | Planten eenvoudig online bestellen | Schramas.com<\/title>\n<meta name=\"robots\" content=\"index, follow, max-snippet:-1, max-image-preview:large, max-video-preview:-1\" \/>\n<link rel=\"canonical\" href=\"https:\/\/www.schramas.com\/dk\/butik\/lonicera-caerulea-rebecca-honningbaer-9-cm-potte\/\" \/>\n<meta property=\"og:locale\" content=\"da_DK\" \/>\n<meta property=\"og:type\" content=\"article\" \/>\n<meta property=\"og:title\" content=\"Lonicera caerulea &#039;Rebecca&#039;, honingbes, 9cm pot kopen | Planten eenvoudig online bestellen | Schramas.com\" \/>\n<meta property=\"og:description\" content=\"Lonicera caerula &#039;Rebecca&#039;  Honingbes  Smaak: fris zoet  Kleur vrucht: blauw paars  Hoogte max: 1,5 - 1,8 meter  Geschikt voor zowel patio als volle grond  Leverhoogte incl. pot: +\/_30 cm  Pot maat: 9cm.\" \/>\n<meta property=\"og:url\" content=\"https:\/\/www.schramas.com\/dk\/butik\/lonicera-caerulea-rebecca-honningbaer-9-cm-potte\/\" \/>\n<meta property=\"og:site_name\" content=\"Planten eenvoudig online bestellen | Schramas.com\" \/>\n<meta property=\"article:publisher\" content=\"https:\/\/www.facebook.com\/Schramascom-106872874153195\/\" \/>\n<meta property=\"article:modified_time\" content=\"2026-03-26T15:35:11+00:00\" \/>\n<meta property=\"og:image\" content=\"http:\/\/www.schramas.com\/wp-content\/uploads\/2022\/09\/rebecca-sfeer.jpg\" \/>\n\t<meta property=\"og:image:width\" content=\"1200\" \/>\n\t<meta property=\"og:image:height\" content=\"1200\" \/>\n\t<meta property=\"og:image:type\" content=\"image\/jpeg\" \/>\n<meta name=\"twitter:card\" content=\"summary_large_image\" \/>\n<meta name=\"twitter:label1\" content=\"Estimeret l\u00e6setid\" \/>\n\t<meta name=\"twitter:data1\" content=\"1 minut\" \/>\n<script type=\"application\/ld+json\" class=\"yoast-schema-graph\">{\"@context\":\"https:\/\/schema.org\",\"@graph\":[{\"@type\":[\"WebPage\",\"ItemPage\"],\"@id\":\"https:\/\/www.schramas.com\/winkel\/lonicera-caerulea-rebecca-honingbes-9cm-pot\/\",\"url\":\"https:\/\/www.schramas.com\/winkel\/lonicera-caerulea-rebecca-honingbes-9cm-pot\/\",\"name\":\"Lonicera caerulea 'Rebecca', honingbes, 9cm pot kopen | Planten eenvoudig online bestellen | Schramas.com\",\"isPartOf\":{\"@id\":\"https:\/\/www.schramas.com\/#website\"},\"primaryImageOfPage\":{\"@id\":\"https:\/\/www.schramas.com\/winkel\/lonicera-caerulea-rebecca-honingbes-9cm-pot\/#primaryimage\"},\"image\":{\"@id\":\"https:\/\/www.schramas.com\/winkel\/lonicera-caerulea-rebecca-honingbes-9cm-pot\/#primaryimage\"},\"thumbnailUrl\":\"https:\/\/www.schramas.com\/wp-content\/uploads\/2022\/09\/rebecca-sfeer.jpg\",\"datePublished\":\"2022-09-16T14:19:58+00:00\",\"dateModified\":\"2026-03-26T15:35:11+00:00\",\"breadcrumb\":{\"@id\":\"https:\/\/www.schramas.com\/winkel\/lonicera-caerulea-rebecca-honingbes-9cm-pot\/#breadcrumb\"},\"inLanguage\":\"da-DK\",\"potentialAction\":[{\"@type\":\"ReadAction\",\"target\":[\"https:\/\/www.schramas.com\/winkel\/lonicera-caerulea-rebecca-honingbes-9cm-pot\/\"]}]},{\"@type\":\"ImageObject\",\"inLanguage\":\"da-DK\",\"@id\":\"https:\/\/www.schramas.com\/winkel\/lonicera-caerulea-rebecca-honingbes-9cm-pot\/#primaryimage\",\"url\":\"https:\/\/www.schramas.com\/wp-content\/uploads\/2022\/09\/rebecca-sfeer.jpg\",\"contentUrl\":\"https:\/\/www.schramas.com\/wp-content\/uploads\/2022\/09\/rebecca-sfeer.jpg\",\"width\":1200,\"height\":1200},{\"@type\":\"BreadcrumbList\",\"@id\":\"https:\/\/www.schramas.com\/winkel\/lonicera-caerulea-rebecca-honingbes-9cm-pot\/#breadcrumb\",\"itemListElement\":[{\"@type\":\"ListItem\",\"position\":1,\"name\":\"Product\",\"item\":\"https:\/\/www.schramas.com\/assortiment\/\"},{\"@type\":\"ListItem\",\"position\":2,\"name\":\"Bomen &amp; Struiken\",\"item\":\"https:\/\/www.schramas.com\/product-category\/bomen-struiken\/\"},{\"@type\":\"ListItem\",\"position\":3,\"name\":\"Fruitstruiken\",\"item\":\"https:\/\/www.schramas.com\/de\/produktkategorie\/baume-und-straucher\/obststraucher\/\"},{\"@type\":\"ListItem\",\"position\":4,\"name\":\"Honingbessen\",\"item\":\"https:\/\/www.schramas.com\/de\/produktkategorie\/baume-und-straucher\/obststraucher\/lonicera\/\"},{\"@type\":\"ListItem\",\"position\":5,\"name\":\"Lonicera caerulea &#8216;Rebecca&#8217;, honingbes, 9cm pot\"}]},{\"@type\":\"WebSite\",\"@id\":\"https:\/\/www.schramas.com\/#website\",\"url\":\"https:\/\/www.schramas.com\/\",\"name\":\"Schramas.com | Tuinplanten eenvoudig online bestellen | Direct van onze Kwekerij\",\"description\":\"\",\"alternateName\":\"Schramas.com - Alle planten direct van de kweker\",\"potentialAction\":[{\"@type\":\"SearchAction\",\"target\":{\"@type\":\"EntryPoint\",\"urlTemplate\":\"https:\/\/www.schramas.com\/?s={search_term_string}\"},\"query-input\":{\"@type\":\"PropertyValueSpecification\",\"valueRequired\":true,\"valueName\":\"search_term_string\"}}],\"inLanguage\":\"da-DK\"}]}<\/script>\n<!-- \/ Yoast SEO plugin. -->","yoast_head_json":{"title":"K\u00f8b Lonicera caerulea &#039;Rebecca&#039;, honningb\u00e6r, 9 cm potte | Bestil nemt planter online | Schramas.com","robots":{"index":"index","follow":"follow","max-snippet":"max-snippet:-1","max-image-preview":"max-image-preview:large","max-video-preview":"max-video-preview:-1"},"canonical":"https:\/\/www.schramas.com\/dk\/butik\/lonicera-caerulea-rebecca-honningbaer-9-cm-potte\/","og_locale":"da_DK","og_type":"article","og_title":"Lonicera caerulea 'Rebecca', honingbes, 9cm pot kopen | Planten eenvoudig online bestellen | Schramas.com","og_description":"Lonicera caerula 'Rebecca'  Honingbes  Smaak: fris zoet  Kleur vrucht: blauw paars  Hoogte max: 1,5 - 1,8 meter  Geschikt voor zowel patio als volle grond  Leverhoogte incl. pot: +\/_30 cm  Pot maat: 9cm.","og_url":"https:\/\/www.schramas.com\/dk\/butik\/lonicera-caerulea-rebecca-honningbaer-9-cm-potte\/","og_site_name":"Planten eenvoudig online bestellen | Schramas.com","article_publisher":"https:\/\/www.facebook.com\/Schramascom-106872874153195\/","article_modified_time":"2026-03-26T15:35:11+00:00","og_image":[{"width":1200,"height":1200,"url":"http:\/\/www.schramas.com\/wp-content\/uploads\/2022\/09\/rebecca-sfeer.jpg","type":"image\/jpeg"}],"twitter_card":"summary_large_image","twitter_misc":{"Estimeret l\u00e6setid":"1 minut"},"schema":{"@context":"https:\/\/schema.org","@graph":[{"@type":["WebPage","ItemPage"],"@id":"https:\/\/www.schramas.com\/winkel\/lonicera-caerulea-rebecca-honingbes-9cm-pot\/","url":"https:\/\/www.schramas.com\/winkel\/lonicera-caerulea-rebecca-honingbes-9cm-pot\/","name":"K\u00f8b Lonicera caerulea &#039;Rebecca&#039;, honningb\u00e6r, 9 cm potte | Bestil nemt planter online | Schramas.com","isPartOf":{"@id":"https:\/\/www.schramas.com\/#website"},"primaryImageOfPage":{"@id":"https:\/\/www.schramas.com\/winkel\/lonicera-caerulea-rebecca-honingbes-9cm-pot\/#primaryimage"},"image":{"@id":"https:\/\/www.schramas.com\/winkel\/lonicera-caerulea-rebecca-honingbes-9cm-pot\/#primaryimage"},"thumbnailUrl":"https:\/\/www.schramas.com\/wp-content\/uploads\/2022\/09\/rebecca-sfeer.jpg","datePublished":"2022-09-16T14:19:58+00:00","dateModified":"2026-03-26T15:35:11+00:00","breadcrumb":{"@id":"https:\/\/www.schramas.com\/winkel\/lonicera-caerulea-rebecca-honingbes-9cm-pot\/#breadcrumb"},"inLanguage":"da-DK","potentialAction":[{"@type":"ReadAction","target":["https:\/\/www.schramas.com\/winkel\/lonicera-caerulea-rebecca-honingbes-9cm-pot\/"]}]},{"@type":"ImageObject","inLanguage":"da-DK","@id":"https:\/\/www.schramas.com\/winkel\/lonicera-caerulea-rebecca-honingbes-9cm-pot\/#primaryimage","url":"https:\/\/www.schramas.com\/wp-content\/uploads\/2022\/09\/rebecca-sfeer.jpg","contentUrl":"https:\/\/www.schramas.com\/wp-content\/uploads\/2022\/09\/rebecca-sfeer.jpg","width":1200,"height":1200},{"@type":"BreadcrumbList","@id":"https:\/\/www.schramas.com\/winkel\/lonicera-caerulea-rebecca-honingbes-9cm-pot\/#breadcrumb","itemListElement":[{"@type":"ListItem","position":1,"name":"Product","item":"https:\/\/www.schramas.com\/assortiment\/"},{"@type":"ListItem","position":2,"name":"Bomen &amp; Struiken","item":"https:\/\/www.schramas.com\/product-category\/bomen-struiken\/"},{"@type":"ListItem","position":3,"name":"Fruitstruiken","item":"https:\/\/www.schramas.com\/de\/produktkategorie\/baume-und-straucher\/obststraucher\/"},{"@type":"ListItem","position":4,"name":"Honingbessen","item":"https:\/\/www.schramas.com\/de\/produktkategorie\/baume-und-straucher\/obststraucher\/lonicera\/"},{"@type":"ListItem","position":5,"name":"Lonicera caerulea &#8216;Rebecca&#8217;, honingbes, 9cm pot"}]},{"@type":"WebSite","@id":"https:\/\/www.schramas.com\/#website","url":"https:\/\/www.schramas.com\/","name":"Schramas.com | Haveplanter bestilles nemt online | Direkte fra vores gartneri","description":"","alternateName":"Schramas.com - Alle planten direct van de kweker","potentialAction":[{"@type":"SearchAction","target":{"@type":"EntryPoint","urlTemplate":"https:\/\/www.schramas.com\/?s={search_term_string}"},"query-input":{"@type":"PropertyValueSpecification","valueRequired":true,"valueName":"search_term_string"}}],"inLanguage":"da-DK"}]}},"_links":{"self":[{"href":"https:\/\/www.schramas.com\/dk\/wp-json\/wp\/v2\/product\/20516","targetHints":{"allow":["GET"]}}],"collection":[{"href":"https:\/\/www.schramas.com\/dk\/wp-json\/wp\/v2\/product"}],"about":[{"href":"https:\/\/www.schramas.com\/dk\/wp-json\/wp\/v2\/types\/product"}],"version-history":[{"count":1,"href":"https:\/\/www.schramas.com\/dk\/wp-json\/wp\/v2\/product\/20516\/revisions"}],"predecessor-version":[{"id":58694,"href":"https:\/\/www.schramas.com\/dk\/wp-json\/wp\/v2\/product\/20516\/revisions\/58694"}],"wp:featuredmedia":[{"embeddable":true,"href":"https:\/\/www.schramas.com\/dk\/wp-json\/wp\/v2\/media\/20517"}],"wp:attachment":[{"href":"https:\/\/www.schramas.com\/dk\/wp-json\/wp\/v2\/media?parent=20516"}],"wp:term":[{"taxonomy":"product_brand","embeddable":true,"href":"https:\/\/www.schramas.com\/dk\/wp-json\/wp\/v2\/product_brand?post=20516"},{"taxonomy":"product_cat","embeddable":true,"href":"https:\/\/www.schramas.com\/dk\/wp-json\/wp\/v2\/product_cat?post=20516"},{"taxonomy":"product_tag","embeddable":true,"href":"https:\/\/www.schramas.com\/dk\/wp-json\/wp\/v2\/product_tag?post=20516"}],"curies":[{"name":"wp","href":"https:\/\/api.w.org\/{rel}","templated":true}]}}