{"id":21315,"date":"2022-11-08T13:44:53","date_gmt":"2022-11-08T12:44:53","guid":{"rendered":"https:\/\/www.schramas.com\/?post_type=product&#038;p=21315"},"modified":"2026-04-30T18:58:53","modified_gmt":"2026-04-30T16:58:53","slug":"saet-med-4-frugttraeer-1-aeble-1-paere-1-kirsebaer-1-blomme-hojde-60cm-9cm-pot-mix-a","status":"publish","type":"product","link":"https:\/\/www.schramas.com\/dk\/butik\/saet-med-4-frugttraeer-1-aeble-1-paere-1-kirsebaer-1-blomme-hojde-60cm-9cm-pot-mix-a\/","title":{"rendered":"S\u00e6t med 4 frugttr\u00e6er - 1 \u00e6ble, 1 p\u00e6re, 1 kirseb\u00e6r, 1 blomme - H\u00f8jde 70\/100 cm - 11 cm potte - Mix A"},"content":{"rendered":"<p><b>\u00c6blesort: Elstar<\/b><\/p>\n<p>Vi kender selvf\u00f8lgelig alle sammen 'Elstar'! Det er stadig en af de bedst s\u00e6lgende \u00e6blesorter i butikkerne. Det er et saftigt, spr\u00f8dt \u00e6ble med cremet hvidt frugtk\u00f8d. Duften og smagen er frisk og dejligt s\u00f8d. De fleste Elstar-\u00e6bler er gr\u00f8ngule med en klar r\u00f8d farve. Dette \u00e6ble tilbydes af schramas.com i en 5-liters potte med en planteh\u00f8jde p\u00e5 ca. 80 cm.<\/p>\n<p><strong>Produktspecifikationer<\/strong><\/p>\n<ul>\n<li>Malus domestica 'Elstar'<\/li>\n<li>Meget popul\u00e6r \u00e6blesort.<\/li>\n<li>Smag: frisk-s\u00f8d.<\/li>\n<li>Frugtfarve: gr\u00f8n-gul med lys r\u00f8d farve.<\/li>\n<li>Hardy<\/li>\n<li>Maks. h\u00f8jde: 2,5 til 3 meter<\/li>\n<\/ul>\n<p>&nbsp;<\/p>\n<p><b>P\u00e6resort: Conference<\/b><\/p>\n<p>Conference er den mest kendte p\u00e6re takket v\u00e6re dens s\u00f8de, faste p\u00e6rer, der holder sig l\u00e6nge. Conference-p\u00e6retr\u00e6et giver stor gl\u00e6de hele \u00e5ret rundt. Om for\u00e5ret producerer det mange hvidfarvede blomster, om efter\u00e5ret de mange frugter.<\/p>\n<p><strong>Produktspecifikationer<\/strong><\/p>\n<ul>\n<li>Pyrus communis 'Konference'<\/li>\n<li>Smag: s\u00f8d<\/li>\n<li>Frugtfarve: gr\u00f8n<\/li>\n<li>Hardy<\/li>\n<li>Maks. h\u00f8jde: 3-5 meter afh\u00e6ngigt af besk\u00e6ring og type grundstamme.<\/li>\n<li><\/li>\n<\/ul>\n<p><b>Kirseb\u00e6rsort: Kordia<\/b><\/p>\n<p>Kirseb\u00e6rret Kordia kaldes ogs\u00e5 attika, og det giver store, m\u00f8rke, s\u00f8de kirseb\u00e6r. Afh\u00e6ngigt af besk\u00e6ringen bliver Kordia normalt +\/- 2,5 til 3 meter h\u00f8j. Dette kirseb\u00e6r omtales ofte som selvbest\u00f8vende, men som for de fleste kirseb\u00e6r anbefaler vi, at man har en krydsbest\u00f8ver i n\u00e6rheden for at f\u00e5 bedre m\u00e6ngder af frugt. Dette kirseb\u00e6rtr\u00e6 er dyrket p\u00e5 en Colt\u00ae-grundstamme.<\/p>\n<p><strong>Produktspecifikationer<\/strong><\/p>\n<ul>\n<li>Prunus avium 'Kordia'<\/li>\n<li>Grundstamme: H\u00f8l<\/li>\n<li>Smag: s\u00f8d<\/li>\n<li>Frugtfarve: r\u00f8d<\/li>\n<li>Hardy<\/li>\n<li>Maks. h\u00f8jde: 3-5 meter afh\u00e6ngigt af besk\u00e6ring.<\/li>\n<li><\/li>\n<\/ul>\n<p><b>Blommesort: President<\/b><\/p>\n<p>Blommen 'President' har en sen h\u00f8st og er meget rig p\u00e5 frugt. Prunus domestica 'President' producerer store frugter, som er bl\u00e5-lilla i farven.<\/p>\n<p><strong>Produktspecifikationer<\/strong><\/p>\n<ul>\n<li>Prunus domestica 'President'<\/li>\n<li>Smag: Saftig og s\u00f8d i smagen.<\/li>\n<li>Frugtfarve: Lilla bl\u00e5<\/li>\n<li>Hardy<\/li>\n<li>Maks. h\u00f8jde: 3-5 meter i \u00e5bent terr\u00e6n og afh\u00e6ngigt af grundstammen<\/li>\n<\/ul>","protected":false},"excerpt":{"rendered":"<p>\u00c6ble: Malus domestica 'Elstar'<\/p>\n<p>P\u00e6re: Pyrus communis &#039;Konference&#039;<\/p>\n<p>Kirseb\u00e6r: Prunus avium 'Kordia'<\/p>\n<p>Blomme: Prunus domestica &#039;Pr\u00e6sident&#039;<\/p>\n<p>Leveringsh\u00f8jde inkl. potte: ca. 70\/100 cm<\/p>\n<p>Grydest\u00f8rrelse: 1,5L gryde<\/p>\n<p>Velegnet til b\u00e5de terrasse og \u00e5bent terr\u00e6n<\/p>","protected":false},"featured_media":40808,"template":"","meta":{"_joinchat":[]},"product_brand":[],"product_cat":[262,1011,233,867],"product_tag":[588,582,938,699,1000],"class_list":{"0":"post-21315","1":"product","2":"type-product","3":"status-publish","4":"has-post-thumbnail","6":"product_cat-bomen-struiken","7":"product_cat-fruit-deals","8":"product_cat-fruitbomen","9":"product_cat-pakket-deals","10":"product_tag-conference","11":"product_tag-elstar","12":"product_tag-fruitbomen-set","13":"product_tag-kordia","14":"product_tag-president","16":"first","17":"instock","18":"taxable","19":"shipping-taxable","20":"purchasable","21":"product-type-simple"},"yoast_head":"<!-- This site is optimized with the Yoast SEO plugin v24.2 - https:\/\/yoast.com\/wordpress\/plugins\/seo\/ -->\n<title>Set van 4 fruitbomen - 1 Appel, 1 Peer, 1 Kers, 1 Pruim - Hoogte 70\/100cm - 11cm pot - Mix A kopen | Planten eenvoudig online bestellen | Schramas.com<\/title>\n<meta name=\"robots\" content=\"index, follow, max-snippet:-1, max-image-preview:large, max-video-preview:-1\" \/>\n<link rel=\"canonical\" href=\"https:\/\/www.schramas.com\/dk\/butik\/saet-med-4-frugttraeer-1-aeble-1-paere-1-kirsebaer-1-blomme-hojde-60cm-9cm-pot-mix-a\/\" \/>\n<meta property=\"og:locale\" content=\"da_DK\" \/>\n<meta property=\"og:type\" content=\"article\" \/>\n<meta property=\"og:title\" content=\"Set van 4 fruitbomen - 1 Appel, 1 Peer, 1 Kers, 1 Pruim - Hoogte 70\/100cm - 11cm pot - Mix A kopen | Planten eenvoudig online bestellen | Schramas.com\" \/>\n<meta property=\"og:description\" content=\"Appel: Malus domestica &#039;Elstar&#039;  Peer: Pyrus communis &#039;Conference&#039;  Kers: Prunus avium &#039;Kordia&#039;  Pruim: Prunus domestica \u2018President\u2019  Leverhoogte incl. pot: ca. 70\/100 cm  Potmaat: 1,5L pot  Geschikt voor zowel patio als volle grond\" \/>\n<meta property=\"og:url\" content=\"https:\/\/www.schramas.com\/dk\/butik\/saet-med-4-frugttraeer-1-aeble-1-paere-1-kirsebaer-1-blomme-hojde-60cm-9cm-pot-mix-a\/\" \/>\n<meta property=\"og:site_name\" content=\"Planten eenvoudig online bestellen | Schramas.com\" \/>\n<meta property=\"article:publisher\" content=\"https:\/\/www.facebook.com\/Schramascom-106872874153195\/\" \/>\n<meta property=\"article:modified_time\" content=\"2026-04-30T16:58:53+00:00\" \/>\n<meta property=\"og:image\" content=\"http:\/\/www.schramas.com\/wp-content\/uploads\/2022\/11\/Set-fruitbomen-15L-sfeer.jpg\" \/>\n\t<meta property=\"og:image:width\" content=\"1200\" \/>\n\t<meta property=\"og:image:height\" content=\"1200\" \/>\n\t<meta property=\"og:image:type\" content=\"image\/jpeg\" \/>\n<meta name=\"twitter:card\" content=\"summary_large_image\" \/>\n<meta name=\"twitter:label1\" content=\"Estimeret l\u00e6setid\" \/>\n\t<meta name=\"twitter:data1\" content=\"2 minutter\" \/>\n<script type=\"application\/ld+json\" class=\"yoast-schema-graph\">{\"@context\":\"https:\/\/schema.org\",\"@graph\":[{\"@type\":[\"WebPage\",\"ItemPage\"],\"@id\":\"https:\/\/www.schramas.com\/winkel\/set-van-4-fruitbomen-1-appel-1-peer-1-kers-1-pruim-hoogte-60cm-9cm-pot-mix-a\/\",\"url\":\"https:\/\/www.schramas.com\/winkel\/set-van-4-fruitbomen-1-appel-1-peer-1-kers-1-pruim-hoogte-60cm-9cm-pot-mix-a\/\",\"name\":\"Set van 4 fruitbomen - 1 Appel, 1 Peer, 1 Kers, 1 Pruim - Hoogte 70\/100cm - 11cm pot - Mix A kopen | Planten eenvoudig online bestellen | Schramas.com\",\"isPartOf\":{\"@id\":\"https:\/\/www.schramas.com\/#website\"},\"primaryImageOfPage\":{\"@id\":\"https:\/\/www.schramas.com\/winkel\/set-van-4-fruitbomen-1-appel-1-peer-1-kers-1-pruim-hoogte-60cm-9cm-pot-mix-a\/#primaryimage\"},\"image\":{\"@id\":\"https:\/\/www.schramas.com\/winkel\/set-van-4-fruitbomen-1-appel-1-peer-1-kers-1-pruim-hoogte-60cm-9cm-pot-mix-a\/#primaryimage\"},\"thumbnailUrl\":\"https:\/\/www.schramas.com\/wp-content\/uploads\/2022\/11\/Set-fruitbomen-15L-sfeer.jpg\",\"datePublished\":\"2022-11-08T12:44:53+00:00\",\"dateModified\":\"2026-04-30T16:58:53+00:00\",\"breadcrumb\":{\"@id\":\"https:\/\/www.schramas.com\/winkel\/set-van-4-fruitbomen-1-appel-1-peer-1-kers-1-pruim-hoogte-60cm-9cm-pot-mix-a\/#breadcrumb\"},\"inLanguage\":\"da-DK\",\"potentialAction\":[{\"@type\":\"ReadAction\",\"target\":[\"https:\/\/www.schramas.com\/winkel\/set-van-4-fruitbomen-1-appel-1-peer-1-kers-1-pruim-hoogte-60cm-9cm-pot-mix-a\/\"]}]},{\"@type\":\"ImageObject\",\"inLanguage\":\"da-DK\",\"@id\":\"https:\/\/www.schramas.com\/winkel\/set-van-4-fruitbomen-1-appel-1-peer-1-kers-1-pruim-hoogte-60cm-9cm-pot-mix-a\/#primaryimage\",\"url\":\"https:\/\/www.schramas.com\/wp-content\/uploads\/2022\/11\/Set-fruitbomen-15L-sfeer.jpg\",\"contentUrl\":\"https:\/\/www.schramas.com\/wp-content\/uploads\/2022\/11\/Set-fruitbomen-15L-sfeer.jpg\",\"width\":1200,\"height\":1200},{\"@type\":\"BreadcrumbList\",\"@id\":\"https:\/\/www.schramas.com\/winkel\/set-van-4-fruitbomen-1-appel-1-peer-1-kers-1-pruim-hoogte-60cm-9cm-pot-mix-a\/#breadcrumb\",\"itemListElement\":[{\"@type\":\"ListItem\",\"position\":1,\"name\":\"Product\",\"item\":\"https:\/\/www.schramas.com\/assortiment\/\"},{\"@type\":\"ListItem\",\"position\":2,\"name\":\"Pakketdeals\",\"item\":\"https:\/\/www.schramas.com\/product-category\/pakket-deals\/\"},{\"@type\":\"ListItem\",\"position\":3,\"name\":\"Fruit Deals\",\"item\":\"https:\/\/www.schramas.com\/product-category\/pakket-deals\/fruit-deals\/\"},{\"@type\":\"ListItem\",\"position\":4,\"name\":\"Set van 4 fruitbomen &#8211; 1 Appel, 1 Peer, 1 Kers, 1 Pruim &#8211; Hoogte 70\/100cm &#8211; 11cm pot &#8211; Mix A\"}]},{\"@type\":\"WebSite\",\"@id\":\"https:\/\/www.schramas.com\/#website\",\"url\":\"https:\/\/www.schramas.com\/\",\"name\":\"Schramas.com | Tuinplanten eenvoudig online bestellen | Direct van onze Kwekerij\",\"description\":\"\",\"alternateName\":\"Schramas.com - Alle planten direct van de kweker\",\"potentialAction\":[{\"@type\":\"SearchAction\",\"target\":{\"@type\":\"EntryPoint\",\"urlTemplate\":\"https:\/\/www.schramas.com\/?s={search_term_string}\"},\"query-input\":{\"@type\":\"PropertyValueSpecification\",\"valueRequired\":true,\"valueName\":\"search_term_string\"}}],\"inLanguage\":\"da-DK\"}]}<\/script>\n<!-- \/ Yoast SEO plugin. -->","yoast_head_json":{"title":"S\u00e6t med 4 frugttr\u00e6er - 1 \u00e6ble, 1 p\u00e6re, 1 kirseb\u00e6r, 1 blomme - H\u00f8jde 70\/100 cm - 11 cm potte - K\u00f8b Mix A | Bestil nemt planter online | Schramas.com","robots":{"index":"index","follow":"follow","max-snippet":"max-snippet:-1","max-image-preview":"max-image-preview:large","max-video-preview":"max-video-preview:-1"},"canonical":"https:\/\/www.schramas.com\/dk\/butik\/saet-med-4-frugttraeer-1-aeble-1-paere-1-kirsebaer-1-blomme-hojde-60cm-9cm-pot-mix-a\/","og_locale":"da_DK","og_type":"article","og_title":"Set van 4 fruitbomen - 1 Appel, 1 Peer, 1 Kers, 1 Pruim - Hoogte 70\/100cm - 11cm pot - Mix A kopen | Planten eenvoudig online bestellen | Schramas.com","og_description":"Appel: Malus domestica 'Elstar'  Peer: Pyrus communis 'Conference'  Kers: Prunus avium 'Kordia'  Pruim: Prunus domestica \u2018President\u2019  Leverhoogte incl. pot: ca. 70\/100 cm  Potmaat: 1,5L pot  Geschikt voor zowel patio als volle grond","og_url":"https:\/\/www.schramas.com\/dk\/butik\/saet-med-4-frugttraeer-1-aeble-1-paere-1-kirsebaer-1-blomme-hojde-60cm-9cm-pot-mix-a\/","og_site_name":"Planten eenvoudig online bestellen | Schramas.com","article_publisher":"https:\/\/www.facebook.com\/Schramascom-106872874153195\/","article_modified_time":"2026-04-30T16:58:53+00:00","og_image":[{"width":1200,"height":1200,"url":"http:\/\/www.schramas.com\/wp-content\/uploads\/2022\/11\/Set-fruitbomen-15L-sfeer.jpg","type":"image\/jpeg"}],"twitter_card":"summary_large_image","twitter_misc":{"Estimeret l\u00e6setid":"2 minutter"},"schema":{"@context":"https:\/\/schema.org","@graph":[{"@type":["WebPage","ItemPage"],"@id":"https:\/\/www.schramas.com\/winkel\/set-van-4-fruitbomen-1-appel-1-peer-1-kers-1-pruim-hoogte-60cm-9cm-pot-mix-a\/","url":"https:\/\/www.schramas.com\/winkel\/set-van-4-fruitbomen-1-appel-1-peer-1-kers-1-pruim-hoogte-60cm-9cm-pot-mix-a\/","name":"S\u00e6t med 4 frugttr\u00e6er - 1 \u00e6ble, 1 p\u00e6re, 1 kirseb\u00e6r, 1 blomme - H\u00f8jde 70\/100 cm - 11 cm potte - K\u00f8b Mix A | Bestil nemt planter online | Schramas.com","isPartOf":{"@id":"https:\/\/www.schramas.com\/#website"},"primaryImageOfPage":{"@id":"https:\/\/www.schramas.com\/winkel\/set-van-4-fruitbomen-1-appel-1-peer-1-kers-1-pruim-hoogte-60cm-9cm-pot-mix-a\/#primaryimage"},"image":{"@id":"https:\/\/www.schramas.com\/winkel\/set-van-4-fruitbomen-1-appel-1-peer-1-kers-1-pruim-hoogte-60cm-9cm-pot-mix-a\/#primaryimage"},"thumbnailUrl":"https:\/\/www.schramas.com\/wp-content\/uploads\/2022\/11\/Set-fruitbomen-15L-sfeer.jpg","datePublished":"2022-11-08T12:44:53+00:00","dateModified":"2026-04-30T16:58:53+00:00","breadcrumb":{"@id":"https:\/\/www.schramas.com\/winkel\/set-van-4-fruitbomen-1-appel-1-peer-1-kers-1-pruim-hoogte-60cm-9cm-pot-mix-a\/#breadcrumb"},"inLanguage":"da-DK","potentialAction":[{"@type":"ReadAction","target":["https:\/\/www.schramas.com\/winkel\/set-van-4-fruitbomen-1-appel-1-peer-1-kers-1-pruim-hoogte-60cm-9cm-pot-mix-a\/"]}]},{"@type":"ImageObject","inLanguage":"da-DK","@id":"https:\/\/www.schramas.com\/winkel\/set-van-4-fruitbomen-1-appel-1-peer-1-kers-1-pruim-hoogte-60cm-9cm-pot-mix-a\/#primaryimage","url":"https:\/\/www.schramas.com\/wp-content\/uploads\/2022\/11\/Set-fruitbomen-15L-sfeer.jpg","contentUrl":"https:\/\/www.schramas.com\/wp-content\/uploads\/2022\/11\/Set-fruitbomen-15L-sfeer.jpg","width":1200,"height":1200},{"@type":"BreadcrumbList","@id":"https:\/\/www.schramas.com\/winkel\/set-van-4-fruitbomen-1-appel-1-peer-1-kers-1-pruim-hoogte-60cm-9cm-pot-mix-a\/#breadcrumb","itemListElement":[{"@type":"ListItem","position":1,"name":"Product","item":"https:\/\/www.schramas.com\/assortiment\/"},{"@type":"ListItem","position":2,"name":"Pakketdeals","item":"https:\/\/www.schramas.com\/product-category\/pakket-deals\/"},{"@type":"ListItem","position":3,"name":"Fruit Deals","item":"https:\/\/www.schramas.com\/product-category\/pakket-deals\/fruit-deals\/"},{"@type":"ListItem","position":4,"name":"Set van 4 fruitbomen &#8211; 1 Appel, 1 Peer, 1 Kers, 1 Pruim &#8211; Hoogte 70\/100cm &#8211; 11cm pot &#8211; Mix A"}]},{"@type":"WebSite","@id":"https:\/\/www.schramas.com\/#website","url":"https:\/\/www.schramas.com\/","name":"Schramas.com | Haveplanter bestilles nemt online | Direkte fra vores gartneri","description":"","alternateName":"Schramas.com - Alle planten direct van de kweker","potentialAction":[{"@type":"SearchAction","target":{"@type":"EntryPoint","urlTemplate":"https:\/\/www.schramas.com\/?s={search_term_string}"},"query-input":{"@type":"PropertyValueSpecification","valueRequired":true,"valueName":"search_term_string"}}],"inLanguage":"da-DK"}]}},"_links":{"self":[{"href":"https:\/\/www.schramas.com\/dk\/wp-json\/wp\/v2\/product\/21315","targetHints":{"allow":["GET"]}}],"collection":[{"href":"https:\/\/www.schramas.com\/dk\/wp-json\/wp\/v2\/product"}],"about":[{"href":"https:\/\/www.schramas.com\/dk\/wp-json\/wp\/v2\/types\/product"}],"version-history":[{"count":2,"href":"https:\/\/www.schramas.com\/dk\/wp-json\/wp\/v2\/product\/21315\/revisions"}],"predecessor-version":[{"id":41121,"href":"https:\/\/www.schramas.com\/dk\/wp-json\/wp\/v2\/product\/21315\/revisions\/41121"}],"wp:featuredmedia":[{"embeddable":true,"href":"https:\/\/www.schramas.com\/dk\/wp-json\/wp\/v2\/media\/40808"}],"wp:attachment":[{"href":"https:\/\/www.schramas.com\/dk\/wp-json\/wp\/v2\/media?parent=21315"}],"wp:term":[{"taxonomy":"product_brand","embeddable":true,"href":"https:\/\/www.schramas.com\/dk\/wp-json\/wp\/v2\/product_brand?post=21315"},{"taxonomy":"product_cat","embeddable":true,"href":"https:\/\/www.schramas.com\/dk\/wp-json\/wp\/v2\/product_cat?post=21315"},{"taxonomy":"product_tag","embeddable":true,"href":"https:\/\/www.schramas.com\/dk\/wp-json\/wp\/v2\/product_tag?post=21315"}],"curies":[{"name":"wp","href":"https:\/\/api.w.org\/{rel}","templated":true}]}}