{"id":21460,"date":"2022-11-22T12:22:23","date_gmt":"2022-11-22T11:22:23","guid":{"rendered":"https:\/\/www.schramas.com\/?post_type=product&#038;p=21460"},"modified":"2026-03-26T16:35:25","modified_gmt":"2026-03-26T15:35:25","slug":"ribes-nigrum-titania-solbaer-rodfond-10-stk","status":"publish","type":"product","link":"https:\/\/www.schramas.com\/dk\/butik\/ribes-nigrum-titania-solbaer-rodfond-10-stk\/","title":{"rendered":"Ribes nigrum 'Titania' solb\u00e6r, grundstamme, 10 planter"},"content":{"rendered":"<p>Denne solb\u00e6r er en meget produktiv b\u00e6rsort. Ribes nigrum &#039;Titania&#039; er bedst kendt for den cassis, der er lavet af denne b\u00e6r. Denne sort producerer et stort antal saftige b\u00e6r i store klaser, n\u00e5r de er unge. Den er meget vinterh\u00e5rdf\u00f8r og modstandsdygtig over for sen frost. Denne plante tiltr\u00e6kker bier og sommerfugle under blomstringen. Et andet navn for ribes nigrum &#039;Titania&#039; kaldes ogs\u00e5 solb\u00e6r.<\/p>","protected":false},"excerpt":{"rendered":"<p>Ribes nigrum &#039;Titania&#039;<\/p>\n<p>Solb\u00e6r.<\/p>\n<p>Smag: s\u00f8d aromatisk<\/p>\n<p>Frugtfarve: sort<\/p>\n<p>H\u00f8jde max: 1,75 meter<\/p>\n<p>Velegnet til b\u00e5de terrasse og \u00e5bent terr\u00e6n.<\/p>\n<p>Selvbest\u00f8vende<\/p>\n<p>Frostbestandig<\/p>\n<p>Leveringsh\u00f8jde inkl. r\u00f8dder: +\/_50 cm<\/p>\n<p>Guler\u00f8dder<\/p>","protected":false},"featured_media":21461,"template":"","meta":{"_joinchat":[]},"product_brand":[],"product_cat":[41,262,234],"product_tag":[646,603,598,661,351,316,662],"class_list":{"0":"post-21460","1":"product","2":"type-product","3":"status-publish","4":"has-post-thumbnail","6":"product_cat-aalbessen","7":"product_cat-bomen-struiken","8":"product_cat-fruitstruiken","9":"product_tag-aalbes","10":"product_tag-bessen","11":"product_tag-ribes","12":"product_tag-titania","13":"product_tag-winterhard","14":"product_tag-zelfbestuivend","15":"product_tag-zwarte-bes","16":"pa_bloeimaanden-april","17":"pa_bloeimaanden-mei","18":"pa_groeihoogte-150-200-cm","19":"pa_pot-9-cm-pot","21":"first","22":"outofstock","23":"taxable","24":"shipping-taxable","25":"purchasable","26":"product-type-simple"},"yoast_head":"<!-- This site is optimized with the Yoast SEO plugin v24.2 - https:\/\/yoast.com\/wordpress\/plugins\/seo\/ -->\n<title>Ribes nigrum &#039;Titania&#039; zwarte aalbes, wortelgoed, 10 stuks kopen | Planten eenvoudig online bestellen | Schramas.com<\/title>\n<meta name=\"robots\" content=\"index, follow, max-snippet:-1, max-image-preview:large, max-video-preview:-1\" \/>\n<link rel=\"canonical\" href=\"https:\/\/www.schramas.com\/dk\/butik\/ribes-nigrum-titania-solbaer-rodfond-10-stk\/\" \/>\n<meta property=\"og:locale\" content=\"da_DK\" \/>\n<meta property=\"og:type\" content=\"article\" \/>\n<meta property=\"og:title\" content=\"Ribes nigrum &#039;Titania&#039; zwarte aalbes, wortelgoed, 10 stuks kopen | Planten eenvoudig online bestellen | Schramas.com\" \/>\n<meta property=\"og:description\" content=\"Ribes nigrum &#039;Titania&#039;  Zwarte bes.  Smaak: zoet aromatisch  Kleur vrucht: zwart  Hoogte max: 1.75 meter  Geschikt voor zowel patio als volle grond.  Zelf bestuivend  Vorst bestending  Leverhoogte incl. wortels: +\/_50 cm  Wortelgoed\" \/>\n<meta property=\"og:url\" content=\"https:\/\/www.schramas.com\/dk\/butik\/ribes-nigrum-titania-solbaer-rodfond-10-stk\/\" \/>\n<meta property=\"og:site_name\" content=\"Planten eenvoudig online bestellen | Schramas.com\" \/>\n<meta property=\"article:publisher\" content=\"https:\/\/www.facebook.com\/Schramascom-106872874153195\/\" \/>\n<meta property=\"article:modified_time\" content=\"2026-03-26T15:35:25+00:00\" \/>\n<meta property=\"og:image\" content=\"http:\/\/www.schramas.com\/wp-content\/uploads\/2022\/11\/Titania.jpg\" \/>\n\t<meta property=\"og:image:width\" content=\"1200\" \/>\n\t<meta property=\"og:image:height\" content=\"1200\" \/>\n\t<meta property=\"og:image:type\" content=\"image\/jpeg\" \/>\n<meta name=\"twitter:card\" content=\"summary_large_image\" \/>\n<script type=\"application\/ld+json\" class=\"yoast-schema-graph\">{\"@context\":\"https:\/\/schema.org\",\"@graph\":[{\"@type\":[\"WebPage\",\"ItemPage\"],\"@id\":\"https:\/\/www.schramas.com\/winkel\/ribes-nigrum-titania-zwarte-aalbes-wortelgoed-10-stuks\/\",\"url\":\"https:\/\/www.schramas.com\/winkel\/ribes-nigrum-titania-zwarte-aalbes-wortelgoed-10-stuks\/\",\"name\":\"Ribes nigrum 'Titania' zwarte aalbes, wortelgoed, 10 stuks kopen | Planten eenvoudig online bestellen | Schramas.com\",\"isPartOf\":{\"@id\":\"https:\/\/www.schramas.com\/#website\"},\"primaryImageOfPage\":{\"@id\":\"https:\/\/www.schramas.com\/winkel\/ribes-nigrum-titania-zwarte-aalbes-wortelgoed-10-stuks\/#primaryimage\"},\"image\":{\"@id\":\"https:\/\/www.schramas.com\/winkel\/ribes-nigrum-titania-zwarte-aalbes-wortelgoed-10-stuks\/#primaryimage\"},\"thumbnailUrl\":\"https:\/\/www.schramas.com\/wp-content\/uploads\/2022\/11\/Titania.jpg\",\"datePublished\":\"2022-11-22T11:22:23+00:00\",\"dateModified\":\"2026-03-26T15:35:25+00:00\",\"breadcrumb\":{\"@id\":\"https:\/\/www.schramas.com\/winkel\/ribes-nigrum-titania-zwarte-aalbes-wortelgoed-10-stuks\/#breadcrumb\"},\"inLanguage\":\"da-DK\",\"potentialAction\":[{\"@type\":\"ReadAction\",\"target\":[\"https:\/\/www.schramas.com\/winkel\/ribes-nigrum-titania-zwarte-aalbes-wortelgoed-10-stuks\/\"]}]},{\"@type\":\"ImageObject\",\"inLanguage\":\"da-DK\",\"@id\":\"https:\/\/www.schramas.com\/winkel\/ribes-nigrum-titania-zwarte-aalbes-wortelgoed-10-stuks\/#primaryimage\",\"url\":\"https:\/\/www.schramas.com\/wp-content\/uploads\/2022\/11\/Titania.jpg\",\"contentUrl\":\"https:\/\/www.schramas.com\/wp-content\/uploads\/2022\/11\/Titania.jpg\",\"width\":1200,\"height\":1200},{\"@type\":\"BreadcrumbList\",\"@id\":\"https:\/\/www.schramas.com\/winkel\/ribes-nigrum-titania-zwarte-aalbes-wortelgoed-10-stuks\/#breadcrumb\",\"itemListElement\":[{\"@type\":\"ListItem\",\"position\":1,\"name\":\"Product\",\"item\":\"https:\/\/www.schramas.com\/assortiment\/\"},{\"@type\":\"ListItem\",\"position\":2,\"name\":\"Bomen &amp; Struiken\",\"item\":\"https:\/\/www.schramas.com\/product-category\/bomen-struiken\/\"},{\"@type\":\"ListItem\",\"position\":3,\"name\":\"Fruitstruiken\",\"item\":\"https:\/\/www.schramas.com\/de\/produktkategorie\/baume-und-straucher\/obststraucher\/\"},{\"@type\":\"ListItem\",\"position\":4,\"name\":\"Aalbessen\",\"item\":\"https:\/\/www.schramas.com\/product-category\/bomen-struiken\/fruitstruiken\/aalbessen\/\"},{\"@type\":\"ListItem\",\"position\":5,\"name\":\"Ribes nigrum &#8216;Titania&#8217; zwarte aalbes, wortelgoed, 10 stuks\"}]},{\"@type\":\"WebSite\",\"@id\":\"https:\/\/www.schramas.com\/#website\",\"url\":\"https:\/\/www.schramas.com\/\",\"name\":\"Schramas.com | Tuinplanten eenvoudig online bestellen | Direct van onze Kwekerij\",\"description\":\"\",\"alternateName\":\"Schramas.com - Alle planten direct van de kweker\",\"potentialAction\":[{\"@type\":\"SearchAction\",\"target\":{\"@type\":\"EntryPoint\",\"urlTemplate\":\"https:\/\/www.schramas.com\/?s={search_term_string}\"},\"query-input\":{\"@type\":\"PropertyValueSpecification\",\"valueRequired\":true,\"valueName\":\"search_term_string\"}}],\"inLanguage\":\"da-DK\"}]}<\/script>\n<!-- \/ Yoast SEO plugin. -->","yoast_head_json":{"title":"K\u00f8b Ribes nigrum &#039;Titania&#039; solb\u00e6r, grundstamme, 10 stk. | Bestil nemt planter online | Schramas.com","robots":{"index":"index","follow":"follow","max-snippet":"max-snippet:-1","max-image-preview":"max-image-preview:large","max-video-preview":"max-video-preview:-1"},"canonical":"https:\/\/www.schramas.com\/dk\/butik\/ribes-nigrum-titania-solbaer-rodfond-10-stk\/","og_locale":"da_DK","og_type":"article","og_title":"Ribes nigrum 'Titania' zwarte aalbes, wortelgoed, 10 stuks kopen | Planten eenvoudig online bestellen | Schramas.com","og_description":"Ribes nigrum 'Titania'  Zwarte bes.  Smaak: zoet aromatisch  Kleur vrucht: zwart  Hoogte max: 1.75 meter  Geschikt voor zowel patio als volle grond.  Zelf bestuivend  Vorst bestending  Leverhoogte incl. wortels: +\/_50 cm  Wortelgoed","og_url":"https:\/\/www.schramas.com\/dk\/butik\/ribes-nigrum-titania-solbaer-rodfond-10-stk\/","og_site_name":"Planten eenvoudig online bestellen | Schramas.com","article_publisher":"https:\/\/www.facebook.com\/Schramascom-106872874153195\/","article_modified_time":"2026-03-26T15:35:25+00:00","og_image":[{"width":1200,"height":1200,"url":"http:\/\/www.schramas.com\/wp-content\/uploads\/2022\/11\/Titania.jpg","type":"image\/jpeg"}],"twitter_card":"summary_large_image","schema":{"@context":"https:\/\/schema.org","@graph":[{"@type":["WebPage","ItemPage"],"@id":"https:\/\/www.schramas.com\/winkel\/ribes-nigrum-titania-zwarte-aalbes-wortelgoed-10-stuks\/","url":"https:\/\/www.schramas.com\/winkel\/ribes-nigrum-titania-zwarte-aalbes-wortelgoed-10-stuks\/","name":"K\u00f8b Ribes nigrum &#039;Titania&#039; solb\u00e6r, grundstamme, 10 stk. | Bestil nemt planter online | Schramas.com","isPartOf":{"@id":"https:\/\/www.schramas.com\/#website"},"primaryImageOfPage":{"@id":"https:\/\/www.schramas.com\/winkel\/ribes-nigrum-titania-zwarte-aalbes-wortelgoed-10-stuks\/#primaryimage"},"image":{"@id":"https:\/\/www.schramas.com\/winkel\/ribes-nigrum-titania-zwarte-aalbes-wortelgoed-10-stuks\/#primaryimage"},"thumbnailUrl":"https:\/\/www.schramas.com\/wp-content\/uploads\/2022\/11\/Titania.jpg","datePublished":"2022-11-22T11:22:23+00:00","dateModified":"2026-03-26T15:35:25+00:00","breadcrumb":{"@id":"https:\/\/www.schramas.com\/winkel\/ribes-nigrum-titania-zwarte-aalbes-wortelgoed-10-stuks\/#breadcrumb"},"inLanguage":"da-DK","potentialAction":[{"@type":"ReadAction","target":["https:\/\/www.schramas.com\/winkel\/ribes-nigrum-titania-zwarte-aalbes-wortelgoed-10-stuks\/"]}]},{"@type":"ImageObject","inLanguage":"da-DK","@id":"https:\/\/www.schramas.com\/winkel\/ribes-nigrum-titania-zwarte-aalbes-wortelgoed-10-stuks\/#primaryimage","url":"https:\/\/www.schramas.com\/wp-content\/uploads\/2022\/11\/Titania.jpg","contentUrl":"https:\/\/www.schramas.com\/wp-content\/uploads\/2022\/11\/Titania.jpg","width":1200,"height":1200},{"@type":"BreadcrumbList","@id":"https:\/\/www.schramas.com\/winkel\/ribes-nigrum-titania-zwarte-aalbes-wortelgoed-10-stuks\/#breadcrumb","itemListElement":[{"@type":"ListItem","position":1,"name":"Product","item":"https:\/\/www.schramas.com\/assortiment\/"},{"@type":"ListItem","position":2,"name":"Bomen &amp; Struiken","item":"https:\/\/www.schramas.com\/product-category\/bomen-struiken\/"},{"@type":"ListItem","position":3,"name":"Fruitstruiken","item":"https:\/\/www.schramas.com\/de\/produktkategorie\/baume-und-straucher\/obststraucher\/"},{"@type":"ListItem","position":4,"name":"Aalbessen","item":"https:\/\/www.schramas.com\/product-category\/bomen-struiken\/fruitstruiken\/aalbessen\/"},{"@type":"ListItem","position":5,"name":"Ribes nigrum &#8216;Titania&#8217; zwarte aalbes, wortelgoed, 10 stuks"}]},{"@type":"WebSite","@id":"https:\/\/www.schramas.com\/#website","url":"https:\/\/www.schramas.com\/","name":"Schramas.com | Haveplanter bestilles nemt online | Direkte fra vores gartneri","description":"","alternateName":"Schramas.com - Alle planten direct van de kweker","potentialAction":[{"@type":"SearchAction","target":{"@type":"EntryPoint","urlTemplate":"https:\/\/www.schramas.com\/?s={search_term_string}"},"query-input":{"@type":"PropertyValueSpecification","valueRequired":true,"valueName":"search_term_string"}}],"inLanguage":"da-DK"}]}},"_links":{"self":[{"href":"https:\/\/www.schramas.com\/dk\/wp-json\/wp\/v2\/product\/21460","targetHints":{"allow":["GET"]}}],"collection":[{"href":"https:\/\/www.schramas.com\/dk\/wp-json\/wp\/v2\/product"}],"about":[{"href":"https:\/\/www.schramas.com\/dk\/wp-json\/wp\/v2\/types\/product"}],"version-history":[{"count":1,"href":"https:\/\/www.schramas.com\/dk\/wp-json\/wp\/v2\/product\/21460\/revisions"}],"predecessor-version":[{"id":44992,"href":"https:\/\/www.schramas.com\/dk\/wp-json\/wp\/v2\/product\/21460\/revisions\/44992"}],"wp:featuredmedia":[{"embeddable":true,"href":"https:\/\/www.schramas.com\/dk\/wp-json\/wp\/v2\/media\/21461"}],"wp:attachment":[{"href":"https:\/\/www.schramas.com\/dk\/wp-json\/wp\/v2\/media?parent=21460"}],"wp:term":[{"taxonomy":"product_brand","embeddable":true,"href":"https:\/\/www.schramas.com\/dk\/wp-json\/wp\/v2\/product_brand?post=21460"},{"taxonomy":"product_cat","embeddable":true,"href":"https:\/\/www.schramas.com\/dk\/wp-json\/wp\/v2\/product_cat?post=21460"},{"taxonomy":"product_tag","embeddable":true,"href":"https:\/\/www.schramas.com\/dk\/wp-json\/wp\/v2\/product_tag?post=21460"}],"curies":[{"name":"wp","href":"https:\/\/api.w.org\/{rel}","templated":true}]}}