{"id":21489,"date":"2022-11-24T16:10:33","date_gmt":"2022-11-24T15:10:33","guid":{"rendered":"https:\/\/www.schramas.com\/?post_type=product&#038;p=21489"},"modified":"2026-03-26T16:35:26","modified_gmt":"2026-03-26T15:35:26","slug":"rubus-idaeus-glen-ample-rod-hindbaerrodstok-10-stk","status":"publish","type":"product","link":"https:\/\/www.schramas.com\/dk\/butik\/rubus-idaeus-glen-ample-rod-hindbaerrodstok-10-stk\/","title":{"rendered":"Rubus idaeus 'Glen Ample' r\u00f8d hindb\u00e6r, grundstamme, 10 stk."},"content":{"rendered":"<p>Bliver du ogs\u00e5 nogle gange chokeret over prisen p\u00e5 hindb\u00e6r? Hvorfor ikke dyrke dem selv! Hvis du plejer denne busk med en luftig jord og et dejligt halvskygget\/solrigt sted, vil du blive bel\u00f8nnet med l\u00e6kre, s\u00f8de hindb\u00e6r!<\/p>\n<p>&nbsp;<\/p>","protected":false},"excerpt":{"rendered":"<p>Rubus idaeus 'Glen Ample'<\/p>\n<p>Sommer hindb\u00e6r<\/p>\n<p>Frugtfarve: r\u00f8d<\/p>\n<p>Maks. h\u00f8jde: ca. 150 cm i \u00e5bent terr\u00e6n<\/p>\n<p>Velegnet til b\u00e5de terrasse og \u00e5bent terr\u00e6n<\/p>\n<p>Leveringsh\u00f8jde inkl. r\u00f8dder: +\/_50 cm<\/p>\n<p>Guler\u00f8dder<\/p>","protected":false},"featured_media":21490,"template":"","meta":{"_joinchat":[]},"product_brand":[],"product_cat":[42,234],"product_tag":[597,596,587,591,351,595],"class_list":{"0":"post-21489","1":"product","2":"type-product","3":"status-publish","4":"has-post-thumbnail","6":"product_cat-frambozen","7":"product_cat-fruitstruiken","8":"product_tag-framboos","9":"product_tag-glan-ample","10":"product_tag-rood","11":"product_tag-rubus","12":"product_tag-winterhard","13":"product_tag-zacht-fruit","14":"pa_bloeimaanden-april","15":"pa_groeihoogte-60-150-cm","16":"pa_pot-naaktwortelig","18":"first","19":"outofstock","20":"taxable","21":"shipping-taxable","22":"purchasable","23":"product-type-simple"},"yoast_head":"<!-- This site is optimized with the Yoast SEO plugin v24.2 - https:\/\/yoast.com\/wordpress\/plugins\/seo\/ -->\n<title>Rubus idaeus &#039;Glen Ample&#039; rode framboos, wortelgoed, 10 stuks kopen | Planten eenvoudig online bestellen | Schramas.com<\/title>\n<meta name=\"robots\" content=\"index, follow, max-snippet:-1, max-image-preview:large, max-video-preview:-1\" \/>\n<link rel=\"canonical\" href=\"https:\/\/www.schramas.com\/dk\/butik\/rubus-idaeus-glen-ample-rod-hindbaerrodstok-10-stk\/\" \/>\n<meta property=\"og:locale\" content=\"da_DK\" \/>\n<meta property=\"og:type\" content=\"article\" \/>\n<meta property=\"og:title\" content=\"Rubus idaeus &#039;Glen Ample&#039; rode framboos, wortelgoed, 10 stuks kopen | Planten eenvoudig online bestellen | Schramas.com\" \/>\n<meta property=\"og:description\" content=\"Rubus idaeus &#039;Glen Ample&#039;  Zomerframboos  Kleur vrucht: rood  Hoogte max: circa 150 cm in de volle grond  Geschikt voor zowel patio als volle grond  Leverhoogte incl. wortels: +\/_50 cm  Wortelgoed\" \/>\n<meta property=\"og:url\" content=\"https:\/\/www.schramas.com\/dk\/butik\/rubus-idaeus-glen-ample-rod-hindbaerrodstok-10-stk\/\" \/>\n<meta property=\"og:site_name\" content=\"Planten eenvoudig online bestellen | Schramas.com\" \/>\n<meta property=\"article:publisher\" content=\"https:\/\/www.facebook.com\/Schramascom-106872874153195\/\" \/>\n<meta property=\"article:modified_time\" content=\"2026-03-26T15:35:26+00:00\" \/>\n<meta property=\"og:image\" content=\"https:\/\/www.schramas.com\/wp-content\/uploads\/2022\/11\/Glen-ample.jpg\" \/>\n\t<meta property=\"og:image:width\" content=\"1200\" \/>\n\t<meta property=\"og:image:height\" content=\"1200\" \/>\n\t<meta property=\"og:image:type\" content=\"image\/jpeg\" \/>\n<meta name=\"twitter:card\" content=\"summary_large_image\" \/>\n<meta name=\"twitter:label1\" content=\"Estimeret l\u00e6setid\" \/>\n\t<meta name=\"twitter:data1\" content=\"1 minut\" \/>\n<script type=\"application\/ld+json\" class=\"yoast-schema-graph\">{\"@context\":\"https:\/\/schema.org\",\"@graph\":[{\"@type\":[\"WebPage\",\"ItemPage\"],\"@id\":\"https:\/\/www.schramas.com\/winkel\/rubus-idaeus-glen-ample-rode-framboos-wortelgoed-10-stuks\/\",\"url\":\"https:\/\/www.schramas.com\/winkel\/rubus-idaeus-glen-ample-rode-framboos-wortelgoed-10-stuks\/\",\"name\":\"Rubus idaeus 'Glen Ample' rode framboos, wortelgoed, 10 stuks kopen | Planten eenvoudig online bestellen | Schramas.com\",\"isPartOf\":{\"@id\":\"https:\/\/www.schramas.com\/#website\"},\"primaryImageOfPage\":{\"@id\":\"https:\/\/www.schramas.com\/winkel\/rubus-idaeus-glen-ample-rode-framboos-wortelgoed-10-stuks\/#primaryimage\"},\"image\":{\"@id\":\"https:\/\/www.schramas.com\/winkel\/rubus-idaeus-glen-ample-rode-framboos-wortelgoed-10-stuks\/#primaryimage\"},\"thumbnailUrl\":\"https:\/\/www.schramas.com\/wp-content\/uploads\/2022\/11\/Glen-ample.jpg\",\"datePublished\":\"2022-11-24T15:10:33+00:00\",\"dateModified\":\"2026-03-26T15:35:26+00:00\",\"breadcrumb\":{\"@id\":\"https:\/\/www.schramas.com\/winkel\/rubus-idaeus-glen-ample-rode-framboos-wortelgoed-10-stuks\/#breadcrumb\"},\"inLanguage\":\"da-DK\",\"potentialAction\":[{\"@type\":\"ReadAction\",\"target\":[\"https:\/\/www.schramas.com\/winkel\/rubus-idaeus-glen-ample-rode-framboos-wortelgoed-10-stuks\/\"]}]},{\"@type\":\"ImageObject\",\"inLanguage\":\"da-DK\",\"@id\":\"https:\/\/www.schramas.com\/winkel\/rubus-idaeus-glen-ample-rode-framboos-wortelgoed-10-stuks\/#primaryimage\",\"url\":\"https:\/\/www.schramas.com\/wp-content\/uploads\/2022\/11\/Glen-ample.jpg\",\"contentUrl\":\"https:\/\/www.schramas.com\/wp-content\/uploads\/2022\/11\/Glen-ample.jpg\",\"width\":1200,\"height\":1200},{\"@type\":\"BreadcrumbList\",\"@id\":\"https:\/\/www.schramas.com\/winkel\/rubus-idaeus-glen-ample-rode-framboos-wortelgoed-10-stuks\/#breadcrumb\",\"itemListElement\":[{\"@type\":\"ListItem\",\"position\":1,\"name\":\"Product\",\"item\":\"https:\/\/www.schramas.com\/assortiment\/\"},{\"@type\":\"ListItem\",\"position\":2,\"name\":\"Bomen &amp; Struiken\",\"item\":\"https:\/\/www.schramas.com\/product-category\/bomen-struiken\/\"},{\"@type\":\"ListItem\",\"position\":3,\"name\":\"Fruitstruiken\",\"item\":\"https:\/\/www.schramas.com\/de\/produktkategorie\/baume-und-straucher\/obststraucher\/\"},{\"@type\":\"ListItem\",\"position\":4,\"name\":\"Frambozen\",\"item\":\"https:\/\/www.schramas.com\/product-category\/bomen-struiken\/fruitstruiken\/frambozen\/\"},{\"@type\":\"ListItem\",\"position\":5,\"name\":\"Rubus idaeus &#8216;Glen Ample&#8217; rode framboos, wortelgoed, 10 stuks\"}]},{\"@type\":\"WebSite\",\"@id\":\"https:\/\/www.schramas.com\/#website\",\"url\":\"https:\/\/www.schramas.com\/\",\"name\":\"Schramas.com | Tuinplanten eenvoudig online bestellen | Direct van onze Kwekerij\",\"description\":\"\",\"alternateName\":\"Schramas.com - Alle planten direct van de kweker\",\"potentialAction\":[{\"@type\":\"SearchAction\",\"target\":{\"@type\":\"EntryPoint\",\"urlTemplate\":\"https:\/\/www.schramas.com\/?s={search_term_string}\"},\"query-input\":{\"@type\":\"PropertyValueSpecification\",\"valueRequired\":true,\"valueName\":\"search_term_string\"}}],\"inLanguage\":\"da-DK\"}]}<\/script>\n<!-- \/ Yoast SEO plugin. -->","yoast_head_json":{"title":"Rubus idaeus 'Glen Ample' r\u00f8d hindb\u00e6r, grundstamme, k\u00f8b 10 stk | Planter nemt online | Schramas.com","robots":{"index":"index","follow":"follow","max-snippet":"max-snippet:-1","max-image-preview":"max-image-preview:large","max-video-preview":"max-video-preview:-1"},"canonical":"https:\/\/www.schramas.com\/dk\/butik\/rubus-idaeus-glen-ample-rod-hindbaerrodstok-10-stk\/","og_locale":"da_DK","og_type":"article","og_title":"Rubus idaeus 'Glen Ample' rode framboos, wortelgoed, 10 stuks kopen | Planten eenvoudig online bestellen | Schramas.com","og_description":"Rubus idaeus 'Glen Ample'  Zomerframboos  Kleur vrucht: rood  Hoogte max: circa 150 cm in de volle grond  Geschikt voor zowel patio als volle grond  Leverhoogte incl. wortels: +\/_50 cm  Wortelgoed","og_url":"https:\/\/www.schramas.com\/dk\/butik\/rubus-idaeus-glen-ample-rod-hindbaerrodstok-10-stk\/","og_site_name":"Planten eenvoudig online bestellen | Schramas.com","article_publisher":"https:\/\/www.facebook.com\/Schramascom-106872874153195\/","article_modified_time":"2026-03-26T15:35:26+00:00","og_image":[{"width":1200,"height":1200,"url":"https:\/\/www.schramas.com\/wp-content\/uploads\/2022\/11\/Glen-ample.jpg","type":"image\/jpeg"}],"twitter_card":"summary_large_image","twitter_misc":{"Estimeret l\u00e6setid":"1 minut"},"schema":{"@context":"https:\/\/schema.org","@graph":[{"@type":["WebPage","ItemPage"],"@id":"https:\/\/www.schramas.com\/winkel\/rubus-idaeus-glen-ample-rode-framboos-wortelgoed-10-stuks\/","url":"https:\/\/www.schramas.com\/winkel\/rubus-idaeus-glen-ample-rode-framboos-wortelgoed-10-stuks\/","name":"Rubus idaeus 'Glen Ample' r\u00f8d hindb\u00e6r, grundstamme, k\u00f8b 10 stk | Planter nemt online | Schramas.com","isPartOf":{"@id":"https:\/\/www.schramas.com\/#website"},"primaryImageOfPage":{"@id":"https:\/\/www.schramas.com\/winkel\/rubus-idaeus-glen-ample-rode-framboos-wortelgoed-10-stuks\/#primaryimage"},"image":{"@id":"https:\/\/www.schramas.com\/winkel\/rubus-idaeus-glen-ample-rode-framboos-wortelgoed-10-stuks\/#primaryimage"},"thumbnailUrl":"https:\/\/www.schramas.com\/wp-content\/uploads\/2022\/11\/Glen-ample.jpg","datePublished":"2022-11-24T15:10:33+00:00","dateModified":"2026-03-26T15:35:26+00:00","breadcrumb":{"@id":"https:\/\/www.schramas.com\/winkel\/rubus-idaeus-glen-ample-rode-framboos-wortelgoed-10-stuks\/#breadcrumb"},"inLanguage":"da-DK","potentialAction":[{"@type":"ReadAction","target":["https:\/\/www.schramas.com\/winkel\/rubus-idaeus-glen-ample-rode-framboos-wortelgoed-10-stuks\/"]}]},{"@type":"ImageObject","inLanguage":"da-DK","@id":"https:\/\/www.schramas.com\/winkel\/rubus-idaeus-glen-ample-rode-framboos-wortelgoed-10-stuks\/#primaryimage","url":"https:\/\/www.schramas.com\/wp-content\/uploads\/2022\/11\/Glen-ample.jpg","contentUrl":"https:\/\/www.schramas.com\/wp-content\/uploads\/2022\/11\/Glen-ample.jpg","width":1200,"height":1200},{"@type":"BreadcrumbList","@id":"https:\/\/www.schramas.com\/winkel\/rubus-idaeus-glen-ample-rode-framboos-wortelgoed-10-stuks\/#breadcrumb","itemListElement":[{"@type":"ListItem","position":1,"name":"Product","item":"https:\/\/www.schramas.com\/assortiment\/"},{"@type":"ListItem","position":2,"name":"Bomen &amp; Struiken","item":"https:\/\/www.schramas.com\/product-category\/bomen-struiken\/"},{"@type":"ListItem","position":3,"name":"Fruitstruiken","item":"https:\/\/www.schramas.com\/de\/produktkategorie\/baume-und-straucher\/obststraucher\/"},{"@type":"ListItem","position":4,"name":"Frambozen","item":"https:\/\/www.schramas.com\/product-category\/bomen-struiken\/fruitstruiken\/frambozen\/"},{"@type":"ListItem","position":5,"name":"Rubus idaeus &#8216;Glen Ample&#8217; rode framboos, wortelgoed, 10 stuks"}]},{"@type":"WebSite","@id":"https:\/\/www.schramas.com\/#website","url":"https:\/\/www.schramas.com\/","name":"Schramas.com | Haveplanter bestilles nemt online | Direkte fra vores gartneri","description":"","alternateName":"Schramas.com - Alle planten direct van de kweker","potentialAction":[{"@type":"SearchAction","target":{"@type":"EntryPoint","urlTemplate":"https:\/\/www.schramas.com\/?s={search_term_string}"},"query-input":{"@type":"PropertyValueSpecification","valueRequired":true,"valueName":"search_term_string"}}],"inLanguage":"da-DK"}]}},"_links":{"self":[{"href":"https:\/\/www.schramas.com\/dk\/wp-json\/wp\/v2\/product\/21489","targetHints":{"allow":["GET"]}}],"collection":[{"href":"https:\/\/www.schramas.com\/dk\/wp-json\/wp\/v2\/product"}],"about":[{"href":"https:\/\/www.schramas.com\/dk\/wp-json\/wp\/v2\/types\/product"}],"version-history":[{"count":0,"href":"https:\/\/www.schramas.com\/dk\/wp-json\/wp\/v2\/product\/21489\/revisions"}],"wp:featuredmedia":[{"embeddable":true,"href":"https:\/\/www.schramas.com\/dk\/wp-json\/wp\/v2\/media\/21490"}],"wp:attachment":[{"href":"https:\/\/www.schramas.com\/dk\/wp-json\/wp\/v2\/media?parent=21489"}],"wp:term":[{"taxonomy":"product_brand","embeddable":true,"href":"https:\/\/www.schramas.com\/dk\/wp-json\/wp\/v2\/product_brand?post=21489"},{"taxonomy":"product_cat","embeddable":true,"href":"https:\/\/www.schramas.com\/dk\/wp-json\/wp\/v2\/product_cat?post=21489"},{"taxonomy":"product_tag","embeddable":true,"href":"https:\/\/www.schramas.com\/dk\/wp-json\/wp\/v2\/product_tag?post=21489"}],"curies":[{"name":"wp","href":"https:\/\/api.w.org\/{rel}","templated":true}]}}