{"id":22410,"date":"2023-02-07T14:33:36","date_gmt":"2023-02-07T13:33:36","guid":{"rendered":"https:\/\/www.schramas.com\/?post_type=product&#038;p=22410"},"modified":"2026-03-26T16:35:28","modified_gmt":"2026-03-26T15:35:28","slug":"prunus-persica-stor-top-nektarin-grundstamme","status":"publish","type":"product","link":"https:\/\/www.schramas.com\/dk\/butik\/prunus-persica-stor-top-nektarin-grundstamme\/","title":{"rendered":"Prunus Persica &#039;Big Top&#039; nektarin, 5 liters gryde"},"content":{"rendered":"<p>Nektarin &#039;Big Top&#039; er en gul frugtsort af meget god kvalitet. Tr\u00e6et vokser kraftigt og robust med en halvopretst\u00e5ende til en opretst\u00e5ende krone. Blomsten er selvbest\u00f8vende, og frugten er meget stor, vejer 250 til 300 g, oval og skinnende. Fuldt modne frugter er f\u00f8lsomme over for insektskader. Frugtens grundfarve er m\u00f8rker\u00f8d, og frugtk\u00f8det er gult, saftigt og stenfrit. Den er meget s\u00f8d og aromatisk, selv n\u00e5r frugterne endnu ikke er helt modne, hvilket tillader tidlig plukning. H\u00f8sts\u00e6sonen er slutningen af juli, og udbyttet er h\u00f8jt og regelm\u00e6ssigt.<\/p>","protected":false},"excerpt":{"rendered":"<p>Prunus Persica &#039;Big Top&#039;<\/p>\n<p>Smag: meget s\u00f8d<\/p>\n<p>Frugtfarve: r\u00f8d med orange baggrund<\/p>\n<p>H\u00f8jde max: 4-5 meter<\/p>\n<p>Velegnet til b\u00e5de terrasse og \u00e5bent terr\u00e6n - i l\u00e6 og sol.<\/p>\n<p>Selvbest\u00f8vende<\/p>\n<p>Leveringsh\u00f8jde: ca. 100 cm<\/p>\n<div class=\"elementor-element elementor-element-22a0eea elementor-widget elementor-widget-woocommerce-product-short-description\" data-id=\"22a0eea\" data-element_type=\"widget\" data-widget_type=\"woocommerce-product-short-description.default\">\n<div class=\"elementor-widget-container\">\n<div class=\"woocommerce-product-details__short-description\">\n<p>&nbsp;<\/p>\n<\/div>\n<\/div>\n<\/div>\n<div class=\"elementor-element elementor-element-e241044 elementor-widget elementor-widget-woocommerce-product-price\" data-id=\"e241044\" data-element_type=\"widget\" data-widget_type=\"woocommerce-product-price.default\">\n<div class=\"elementor-widget-container\"><\/div>\n<\/div>","protected":false},"featured_media":22383,"template":"","meta":{"_joinchat":[]},"product_brand":[],"product_cat":[262,233,23],"product_tag":[1022,1021],"class_list":{"0":"post-22410","1":"product","2":"type-product","3":"status-publish","4":"has-post-thumbnail","6":"product_cat-bomen-struiken","7":"product_cat-fruitbomen","8":"product_cat-nectarines","9":"product_tag-nectarine","10":"product_tag-nectarineboom","12":"first","13":"outofstock","14":"taxable","15":"shipping-taxable","16":"purchasable","17":"product-type-simple"},"yoast_head":"<!-- This site is optimized with the Yoast SEO plugin v24.2 - https:\/\/yoast.com\/wordpress\/plugins\/seo\/ -->\n<title>Prunus Persica &#039;Big Top&#039; nectarine, 5 liter pot kopen | Planten eenvoudig online bestellen | Schramas.com<\/title>\n<meta name=\"robots\" content=\"index, follow, max-snippet:-1, max-image-preview:large, max-video-preview:-1\" \/>\n<link rel=\"canonical\" href=\"https:\/\/www.schramas.com\/dk\/butik\/prunus-persica-stor-top-nektarin-grundstamme\/\" \/>\n<meta property=\"og:locale\" content=\"da_DK\" \/>\n<meta property=\"og:type\" content=\"article\" \/>\n<meta property=\"og:title\" content=\"Prunus Persica &#039;Big Top&#039; nectarine, 5 liter pot kopen | Planten eenvoudig online bestellen | Schramas.com\" \/>\n<meta property=\"og:description\" content=\"Prunus Persica &#039;Big Top&#039;  Smaak: zeer zoet  Kleur vrucht: rood met oranje achtergrond  Hoogte max: 4-5 meter  Geschikt voor zowel patio als volle grond - beschut en zonnig  Zelfbestuivend  Leverhoogte: ca. 100 cm     &nbsp;\" \/>\n<meta property=\"og:url\" content=\"https:\/\/www.schramas.com\/dk\/butik\/prunus-persica-stor-top-nektarin-grundstamme\/\" \/>\n<meta property=\"og:site_name\" content=\"Planten eenvoudig online bestellen | Schramas.com\" \/>\n<meta property=\"article:publisher\" content=\"https:\/\/www.facebook.com\/Schramascom-106872874153195\/\" \/>\n<meta property=\"article:modified_time\" content=\"2026-03-26T15:35:28+00:00\" \/>\n<meta property=\"og:image\" content=\"http:\/\/www.schramas.com\/wp-content\/uploads\/2023\/02\/Prunus-persica-Big-Top-Nectarine.png\" \/>\n\t<meta property=\"og:image:width\" content=\"774\" \/>\n\t<meta property=\"og:image:height\" content=\"772\" \/>\n\t<meta property=\"og:image:type\" content=\"image\/png\" \/>\n<meta name=\"twitter:card\" content=\"summary_large_image\" \/>\n<script type=\"application\/ld+json\" class=\"yoast-schema-graph\">{\"@context\":\"https:\/\/schema.org\",\"@graph\":[{\"@type\":[\"WebPage\",\"ItemPage\"],\"@id\":\"https:\/\/www.schramas.com\/winkel\/prunus-persica-big-top-nectarine-wortelgoed\/\",\"url\":\"https:\/\/www.schramas.com\/winkel\/prunus-persica-big-top-nectarine-wortelgoed\/\",\"name\":\"Prunus Persica 'Big Top' nectarine, 5 liter pot kopen | Planten eenvoudig online bestellen | Schramas.com\",\"isPartOf\":{\"@id\":\"https:\/\/www.schramas.com\/#website\"},\"primaryImageOfPage\":{\"@id\":\"https:\/\/www.schramas.com\/winkel\/prunus-persica-big-top-nectarine-wortelgoed\/#primaryimage\"},\"image\":{\"@id\":\"https:\/\/www.schramas.com\/winkel\/prunus-persica-big-top-nectarine-wortelgoed\/#primaryimage\"},\"thumbnailUrl\":\"https:\/\/www.schramas.com\/wp-content\/uploads\/2023\/02\/Prunus-persica-Big-Top-Nectarine.png\",\"datePublished\":\"2023-02-07T13:33:36+00:00\",\"dateModified\":\"2026-03-26T15:35:28+00:00\",\"breadcrumb\":{\"@id\":\"https:\/\/www.schramas.com\/winkel\/prunus-persica-big-top-nectarine-wortelgoed\/#breadcrumb\"},\"inLanguage\":\"da-DK\",\"potentialAction\":[{\"@type\":\"ReadAction\",\"target\":[\"https:\/\/www.schramas.com\/winkel\/prunus-persica-big-top-nectarine-wortelgoed\/\"]}]},{\"@type\":\"ImageObject\",\"inLanguage\":\"da-DK\",\"@id\":\"https:\/\/www.schramas.com\/winkel\/prunus-persica-big-top-nectarine-wortelgoed\/#primaryimage\",\"url\":\"https:\/\/www.schramas.com\/wp-content\/uploads\/2023\/02\/Prunus-persica-Big-Top-Nectarine.png\",\"contentUrl\":\"https:\/\/www.schramas.com\/wp-content\/uploads\/2023\/02\/Prunus-persica-Big-Top-Nectarine.png\",\"width\":774,\"height\":772},{\"@type\":\"BreadcrumbList\",\"@id\":\"https:\/\/www.schramas.com\/winkel\/prunus-persica-big-top-nectarine-wortelgoed\/#breadcrumb\",\"itemListElement\":[{\"@type\":\"ListItem\",\"position\":1,\"name\":\"Product\",\"item\":\"https:\/\/www.schramas.com\/assortiment\/\"},{\"@type\":\"ListItem\",\"position\":2,\"name\":\"Bomen &amp; Struiken\",\"item\":\"https:\/\/www.schramas.com\/product-category\/bomen-struiken\/\"},{\"@type\":\"ListItem\",\"position\":3,\"name\":\"Fruitbomen\",\"item\":\"https:\/\/www.schramas.com\/product-category\/bomen-struiken\/fruitbomen\/\"},{\"@type\":\"ListItem\",\"position\":4,\"name\":\"Nectarines\",\"item\":\"https:\/\/www.schramas.com\/product-category\/bomen-struiken\/fruitbomen\/nectarines\/\"},{\"@type\":\"ListItem\",\"position\":5,\"name\":\"Prunus Persica &#8216;Big Top&#8217; nectarine, 5 liter pot\"}]},{\"@type\":\"WebSite\",\"@id\":\"https:\/\/www.schramas.com\/#website\",\"url\":\"https:\/\/www.schramas.com\/\",\"name\":\"Schramas.com | Tuinplanten eenvoudig online bestellen | Direct van onze Kwekerij\",\"description\":\"\",\"alternateName\":\"Schramas.com - Alle planten direct van de kweker\",\"potentialAction\":[{\"@type\":\"SearchAction\",\"target\":{\"@type\":\"EntryPoint\",\"urlTemplate\":\"https:\/\/www.schramas.com\/?s={search_term_string}\"},\"query-input\":{\"@type\":\"PropertyValueSpecification\",\"valueRequired\":true,\"valueName\":\"search_term_string\"}}],\"inLanguage\":\"da-DK\"}]}<\/script>\n<!-- \/ Yoast SEO plugin. -->","yoast_head_json":{"title":"K\u00f8b Prunus Persica &#039;Big Top&#039; nektarin, 5 liters gryde | Bestil nemt planter online | Schramas.com","robots":{"index":"index","follow":"follow","max-snippet":"max-snippet:-1","max-image-preview":"max-image-preview:large","max-video-preview":"max-video-preview:-1"},"canonical":"https:\/\/www.schramas.com\/dk\/butik\/prunus-persica-stor-top-nektarin-grundstamme\/","og_locale":"da_DK","og_type":"article","og_title":"Prunus Persica 'Big Top' nectarine, 5 liter pot kopen | Planten eenvoudig online bestellen | Schramas.com","og_description":"Prunus Persica 'Big Top'  Smaak: zeer zoet  Kleur vrucht: rood met oranje achtergrond  Hoogte max: 4-5 meter  Geschikt voor zowel patio als volle grond - beschut en zonnig  Zelfbestuivend  Leverhoogte: ca. 100 cm     &nbsp;","og_url":"https:\/\/www.schramas.com\/dk\/butik\/prunus-persica-stor-top-nektarin-grundstamme\/","og_site_name":"Planten eenvoudig online bestellen | Schramas.com","article_publisher":"https:\/\/www.facebook.com\/Schramascom-106872874153195\/","article_modified_time":"2026-03-26T15:35:28+00:00","og_image":[{"width":774,"height":772,"url":"http:\/\/www.schramas.com\/wp-content\/uploads\/2023\/02\/Prunus-persica-Big-Top-Nectarine.png","type":"image\/png"}],"twitter_card":"summary_large_image","schema":{"@context":"https:\/\/schema.org","@graph":[{"@type":["WebPage","ItemPage"],"@id":"https:\/\/www.schramas.com\/winkel\/prunus-persica-big-top-nectarine-wortelgoed\/","url":"https:\/\/www.schramas.com\/winkel\/prunus-persica-big-top-nectarine-wortelgoed\/","name":"K\u00f8b Prunus Persica &#039;Big Top&#039; nektarin, 5 liters gryde | Bestil nemt planter online | Schramas.com","isPartOf":{"@id":"https:\/\/www.schramas.com\/#website"},"primaryImageOfPage":{"@id":"https:\/\/www.schramas.com\/winkel\/prunus-persica-big-top-nectarine-wortelgoed\/#primaryimage"},"image":{"@id":"https:\/\/www.schramas.com\/winkel\/prunus-persica-big-top-nectarine-wortelgoed\/#primaryimage"},"thumbnailUrl":"https:\/\/www.schramas.com\/wp-content\/uploads\/2023\/02\/Prunus-persica-Big-Top-Nectarine.png","datePublished":"2023-02-07T13:33:36+00:00","dateModified":"2026-03-26T15:35:28+00:00","breadcrumb":{"@id":"https:\/\/www.schramas.com\/winkel\/prunus-persica-big-top-nectarine-wortelgoed\/#breadcrumb"},"inLanguage":"da-DK","potentialAction":[{"@type":"ReadAction","target":["https:\/\/www.schramas.com\/winkel\/prunus-persica-big-top-nectarine-wortelgoed\/"]}]},{"@type":"ImageObject","inLanguage":"da-DK","@id":"https:\/\/www.schramas.com\/winkel\/prunus-persica-big-top-nectarine-wortelgoed\/#primaryimage","url":"https:\/\/www.schramas.com\/wp-content\/uploads\/2023\/02\/Prunus-persica-Big-Top-Nectarine.png","contentUrl":"https:\/\/www.schramas.com\/wp-content\/uploads\/2023\/02\/Prunus-persica-Big-Top-Nectarine.png","width":774,"height":772},{"@type":"BreadcrumbList","@id":"https:\/\/www.schramas.com\/winkel\/prunus-persica-big-top-nectarine-wortelgoed\/#breadcrumb","itemListElement":[{"@type":"ListItem","position":1,"name":"Product","item":"https:\/\/www.schramas.com\/assortiment\/"},{"@type":"ListItem","position":2,"name":"Bomen &amp; Struiken","item":"https:\/\/www.schramas.com\/product-category\/bomen-struiken\/"},{"@type":"ListItem","position":3,"name":"Fruitbomen","item":"https:\/\/www.schramas.com\/product-category\/bomen-struiken\/fruitbomen\/"},{"@type":"ListItem","position":4,"name":"Nectarines","item":"https:\/\/www.schramas.com\/product-category\/bomen-struiken\/fruitbomen\/nectarines\/"},{"@type":"ListItem","position":5,"name":"Prunus Persica &#8216;Big Top&#8217; nectarine, 5 liter pot"}]},{"@type":"WebSite","@id":"https:\/\/www.schramas.com\/#website","url":"https:\/\/www.schramas.com\/","name":"Schramas.com | Haveplanter bestilles nemt online | Direkte fra vores gartneri","description":"","alternateName":"Schramas.com - Alle planten direct van de kweker","potentialAction":[{"@type":"SearchAction","target":{"@type":"EntryPoint","urlTemplate":"https:\/\/www.schramas.com\/?s={search_term_string}"},"query-input":{"@type":"PropertyValueSpecification","valueRequired":true,"valueName":"search_term_string"}}],"inLanguage":"da-DK"}]}},"_links":{"self":[{"href":"https:\/\/www.schramas.com\/dk\/wp-json\/wp\/v2\/product\/22410","targetHints":{"allow":["GET"]}}],"collection":[{"href":"https:\/\/www.schramas.com\/dk\/wp-json\/wp\/v2\/product"}],"about":[{"href":"https:\/\/www.schramas.com\/dk\/wp-json\/wp\/v2\/types\/product"}],"version-history":[{"count":1,"href":"https:\/\/www.schramas.com\/dk\/wp-json\/wp\/v2\/product\/22410\/revisions"}],"predecessor-version":[{"id":58971,"href":"https:\/\/www.schramas.com\/dk\/wp-json\/wp\/v2\/product\/22410\/revisions\/58971"}],"wp:featuredmedia":[{"embeddable":true,"href":"https:\/\/www.schramas.com\/dk\/wp-json\/wp\/v2\/media\/22383"}],"wp:attachment":[{"href":"https:\/\/www.schramas.com\/dk\/wp-json\/wp\/v2\/media?parent=22410"}],"wp:term":[{"taxonomy":"product_brand","embeddable":true,"href":"https:\/\/www.schramas.com\/dk\/wp-json\/wp\/v2\/product_brand?post=22410"},{"taxonomy":"product_cat","embeddable":true,"href":"https:\/\/www.schramas.com\/dk\/wp-json\/wp\/v2\/product_cat?post=22410"},{"taxonomy":"product_tag","embeddable":true,"href":"https:\/\/www.schramas.com\/dk\/wp-json\/wp\/v2\/product_tag?post=22410"}],"curies":[{"name":"wp","href":"https:\/\/api.w.org\/{rel}","templated":true}]}}