{"id":22429,"date":"2023-02-07T17:01:42","date_gmt":"2023-02-07T16:01:42","guid":{"rendered":"https:\/\/www.schramas.com\/?post_type=product&#038;p=22429"},"modified":"2026-04-23T18:57:33","modified_gmt":"2026-04-23T16:57:33","slug":"ficus-carica-sort-mission-figentrae-2-liters-gryde","status":"publish","type":"product","link":"https:\/\/www.schramas.com\/dk\/butik\/ficus-carica-sort-mission-figentrae-2-liters-gryde\/","title":{"rendered":"Ficus carica 'Black Mission' Figentr\u00e6, 2-liters potte"},"content":{"rendered":"<p>Black Mission Fig \u2013 En popul\u00e6r variant af fig<\/p>\n<p>The Black Mission Fig, ogs\u00e5 kendt som Mission eller Franciscana, er en elsket variant af den spiselige figen (Ficus carica). Denne femmer har en god produktion og betragtes som en &#039;evigtb\u00e6rende&#039; sort i det rigtige klima.<\/p>\n<p>The Black Mission Fig er en m\u00f8rk sk\u00e5ret figen med en jordb\u00e6rfarvet indeni. Frugtens skind revner ofte, n\u00e5r den er moden. Det er en meget s\u00f8d figen med en b\u00e6rsmag. Bladene er ofte lyser\u00f8de i farven og varierer meget i form og er normalt noget tynde og slappe.<\/p>\n<p>Black Mission Fig er plantet meget bredt og betragtes som en af de h\u00f8jeste kvalitet figner, der kan dyrkes i USA.<\/p>\n<p>Bestil din Black Mission Fig nu og nyd denne popul\u00e6re og velsmagende figenvariant!<\/p>","protected":false},"excerpt":{"rendered":"<p>Ficus carica &quot;Black Mission&quot;<\/p>\n<p>Smag: s\u00f8d<\/p>\n<p>Farve: lilla-sorte frugter<\/p>\n<p>Maks. h\u00f8jde: ca. 5 meter<\/p>\n<p>Leveringsh\u00f8jde inkl. potte: ca. 100 cm<\/p>\n<p>Gryde st\u00f8rrelse: 2 liter<\/p>\n<p>Velegnet til b\u00e5de altan, terrasse og \u00e5bent terr\u00e6n<\/p>","protected":false},"featured_media":22447,"template":"","meta":{"_joinchat":[]},"product_brand":[],"product_cat":[262,233,2391,3193,294,38],"product_tag":[1025,889,1026,716,896,1024],"class_list":{"0":"post-22429","1":"product","2":"type-product","3":"status-publish","4":"has-post-thumbnail","6":"product_cat-bomen-struiken","7":"product_cat-fruitbomen","8":"product_cat-mediterrane-en-exotische-fruitplanten","9":"product_cat-sierbomen","10":"product_cat-specials","11":"product_cat-vijgen","12":"product_tag-black-mission","13":"product_tag-lang","14":"product_tag-mission-fig","15":"product_tag-vijg","16":"product_tag-vijgen-boom","17":"product_tag-zwarte-vijg","18":"pa_bloeimaanden-juli","19":"pa_bloeimaanden-augustus","20":"pa_bloeimaanden-september","21":"pa_ewd_uwcf_colors-groen-2","22":"pa_ewd_uwcf_colors-mixed","23":"pa_ewd_uwcf_colors-rood-2","24":"pa_groeihoogte-300-cm","25":"pa_pot-zonder-pot","27":"first","28":"instock","29":"taxable","30":"shipping-taxable","31":"purchasable","32":"product-type-simple"},"yoast_head":"<!-- This site is optimized with the Yoast SEO plugin v24.2 - https:\/\/yoast.com\/wordpress\/plugins\/seo\/ -->\n<title>Ficus carica &#039;Black Mission&#039; Vijgenboom, 2 liter pot kopen | Planten eenvoudig online bestellen | Schramas.com<\/title>\n<meta name=\"robots\" content=\"index, follow, max-snippet:-1, max-image-preview:large, max-video-preview:-1\" \/>\n<link rel=\"canonical\" href=\"https:\/\/www.schramas.com\/dk\/butik\/ficus-carica-sort-mission-figentrae-2-liters-gryde\/\" \/>\n<meta property=\"og:locale\" content=\"da_DK\" \/>\n<meta property=\"og:type\" content=\"article\" \/>\n<meta property=\"og:title\" content=\"Ficus carica &#039;Black Mission&#039; Vijgenboom, 2 liter pot kopen | Planten eenvoudig online bestellen | Schramas.com\" \/>\n<meta property=\"og:description\" content=\"Ficus carica &quot;Black Mission&quot;  Smaak: zoet  Kleur: paarszwarte vruchten  Hoogte max.: ca. 5 meter  Leverhoogte incl. pot: ca. 100 cm  Potmaat: 2 liter  Geschikt voor zowel balkon, patio als volle grond\" \/>\n<meta property=\"og:url\" content=\"https:\/\/www.schramas.com\/dk\/butik\/ficus-carica-sort-mission-figentrae-2-liters-gryde\/\" \/>\n<meta property=\"og:site_name\" content=\"Planten eenvoudig online bestellen | Schramas.com\" \/>\n<meta property=\"article:publisher\" content=\"https:\/\/www.facebook.com\/Schramascom-106872874153195\/\" \/>\n<meta property=\"article:modified_time\" content=\"2026-04-23T16:57:33+00:00\" \/>\n<meta property=\"og:image\" content=\"http:\/\/www.schramas.com\/wp-content\/uploads\/2023\/02\/Black-mission-sfeer.jpg\" \/>\n\t<meta property=\"og:image:width\" content=\"1200\" \/>\n\t<meta property=\"og:image:height\" content=\"1200\" \/>\n\t<meta property=\"og:image:type\" content=\"image\/jpeg\" \/>\n<meta name=\"twitter:card\" content=\"summary_large_image\" \/>\n<meta name=\"twitter:label1\" content=\"Estimeret l\u00e6setid\" \/>\n\t<meta name=\"twitter:data1\" content=\"1 minut\" \/>\n<script type=\"application\/ld+json\" class=\"yoast-schema-graph\">{\"@context\":\"https:\/\/schema.org\",\"@graph\":[{\"@type\":[\"WebPage\",\"ItemPage\"],\"@id\":\"https:\/\/www.schramas.com\/winkel\/ficus-carica-black-mission-vijgenboom-2-liter-pot\/\",\"url\":\"https:\/\/www.schramas.com\/winkel\/ficus-carica-black-mission-vijgenboom-2-liter-pot\/\",\"name\":\"Ficus carica 'Black Mission' Vijgenboom, 2 liter pot kopen | Planten eenvoudig online bestellen | Schramas.com\",\"isPartOf\":{\"@id\":\"https:\/\/www.schramas.com\/#website\"},\"primaryImageOfPage\":{\"@id\":\"https:\/\/www.schramas.com\/winkel\/ficus-carica-black-mission-vijgenboom-2-liter-pot\/#primaryimage\"},\"image\":{\"@id\":\"https:\/\/www.schramas.com\/winkel\/ficus-carica-black-mission-vijgenboom-2-liter-pot\/#primaryimage\"},\"thumbnailUrl\":\"https:\/\/www.schramas.com\/wp-content\/uploads\/2023\/02\/Black-mission-sfeer.jpg\",\"datePublished\":\"2023-02-07T16:01:42+00:00\",\"dateModified\":\"2026-04-23T16:57:33+00:00\",\"breadcrumb\":{\"@id\":\"https:\/\/www.schramas.com\/winkel\/ficus-carica-black-mission-vijgenboom-2-liter-pot\/#breadcrumb\"},\"inLanguage\":\"da-DK\",\"potentialAction\":[{\"@type\":\"ReadAction\",\"target\":[\"https:\/\/www.schramas.com\/winkel\/ficus-carica-black-mission-vijgenboom-2-liter-pot\/\"]}]},{\"@type\":\"ImageObject\",\"inLanguage\":\"da-DK\",\"@id\":\"https:\/\/www.schramas.com\/winkel\/ficus-carica-black-mission-vijgenboom-2-liter-pot\/#primaryimage\",\"url\":\"https:\/\/www.schramas.com\/wp-content\/uploads\/2023\/02\/Black-mission-sfeer.jpg\",\"contentUrl\":\"https:\/\/www.schramas.com\/wp-content\/uploads\/2023\/02\/Black-mission-sfeer.jpg\",\"width\":1200,\"height\":1200},{\"@type\":\"BreadcrumbList\",\"@id\":\"https:\/\/www.schramas.com\/winkel\/ficus-carica-black-mission-vijgenboom-2-liter-pot\/#breadcrumb\",\"itemListElement\":[{\"@type\":\"ListItem\",\"position\":1,\"name\":\"Product\",\"item\":\"https:\/\/www.schramas.com\/assortiment\/\"},{\"@type\":\"ListItem\",\"position\":2,\"name\":\"Bomen &amp; Struiken\",\"item\":\"https:\/\/www.schramas.com\/product-category\/bomen-struiken\/\"},{\"@type\":\"ListItem\",\"position\":3,\"name\":\"Ficus carica &#8216;Black Mission&#8217; Vijgenboom, 2 liter pot\"}]},{\"@type\":\"WebSite\",\"@id\":\"https:\/\/www.schramas.com\/#website\",\"url\":\"https:\/\/www.schramas.com\/\",\"name\":\"Schramas.com | Tuinplanten eenvoudig online bestellen | Direct van onze Kwekerij\",\"description\":\"\",\"alternateName\":\"Schramas.com - Alle planten direct van de kweker\",\"potentialAction\":[{\"@type\":\"SearchAction\",\"target\":{\"@type\":\"EntryPoint\",\"urlTemplate\":\"https:\/\/www.schramas.com\/?s={search_term_string}\"},\"query-input\":{\"@type\":\"PropertyValueSpecification\",\"valueRequired\":true,\"valueName\":\"search_term_string\"}}],\"inLanguage\":\"da-DK\"}]}<\/script>\n<!-- \/ Yoast SEO plugin. -->","yoast_head_json":{"title":"K\u00f8b Ficus carica &#039;Black Mission&#039; Figentr\u00e6, 2 liters potte | Bestil nemt planter online | Schramas.com","robots":{"index":"index","follow":"follow","max-snippet":"max-snippet:-1","max-image-preview":"max-image-preview:large","max-video-preview":"max-video-preview:-1"},"canonical":"https:\/\/www.schramas.com\/dk\/butik\/ficus-carica-sort-mission-figentrae-2-liters-gryde\/","og_locale":"da_DK","og_type":"article","og_title":"Ficus carica 'Black Mission' Vijgenboom, 2 liter pot kopen | Planten eenvoudig online bestellen | Schramas.com","og_description":"Ficus carica \"Black Mission\"  Smaak: zoet  Kleur: paarszwarte vruchten  Hoogte max.: ca. 5 meter  Leverhoogte incl. pot: ca. 100 cm  Potmaat: 2 liter  Geschikt voor zowel balkon, patio als volle grond","og_url":"https:\/\/www.schramas.com\/dk\/butik\/ficus-carica-sort-mission-figentrae-2-liters-gryde\/","og_site_name":"Planten eenvoudig online bestellen | Schramas.com","article_publisher":"https:\/\/www.facebook.com\/Schramascom-106872874153195\/","article_modified_time":"2026-04-23T16:57:33+00:00","og_image":[{"width":1200,"height":1200,"url":"http:\/\/www.schramas.com\/wp-content\/uploads\/2023\/02\/Black-mission-sfeer.jpg","type":"image\/jpeg"}],"twitter_card":"summary_large_image","twitter_misc":{"Estimeret l\u00e6setid":"1 minut"},"schema":{"@context":"https:\/\/schema.org","@graph":[{"@type":["WebPage","ItemPage"],"@id":"https:\/\/www.schramas.com\/winkel\/ficus-carica-black-mission-vijgenboom-2-liter-pot\/","url":"https:\/\/www.schramas.com\/winkel\/ficus-carica-black-mission-vijgenboom-2-liter-pot\/","name":"K\u00f8b Ficus carica &#039;Black Mission&#039; Figentr\u00e6, 2 liters potte | Bestil nemt planter online | Schramas.com","isPartOf":{"@id":"https:\/\/www.schramas.com\/#website"},"primaryImageOfPage":{"@id":"https:\/\/www.schramas.com\/winkel\/ficus-carica-black-mission-vijgenboom-2-liter-pot\/#primaryimage"},"image":{"@id":"https:\/\/www.schramas.com\/winkel\/ficus-carica-black-mission-vijgenboom-2-liter-pot\/#primaryimage"},"thumbnailUrl":"https:\/\/www.schramas.com\/wp-content\/uploads\/2023\/02\/Black-mission-sfeer.jpg","datePublished":"2023-02-07T16:01:42+00:00","dateModified":"2026-04-23T16:57:33+00:00","breadcrumb":{"@id":"https:\/\/www.schramas.com\/winkel\/ficus-carica-black-mission-vijgenboom-2-liter-pot\/#breadcrumb"},"inLanguage":"da-DK","potentialAction":[{"@type":"ReadAction","target":["https:\/\/www.schramas.com\/winkel\/ficus-carica-black-mission-vijgenboom-2-liter-pot\/"]}]},{"@type":"ImageObject","inLanguage":"da-DK","@id":"https:\/\/www.schramas.com\/winkel\/ficus-carica-black-mission-vijgenboom-2-liter-pot\/#primaryimage","url":"https:\/\/www.schramas.com\/wp-content\/uploads\/2023\/02\/Black-mission-sfeer.jpg","contentUrl":"https:\/\/www.schramas.com\/wp-content\/uploads\/2023\/02\/Black-mission-sfeer.jpg","width":1200,"height":1200},{"@type":"BreadcrumbList","@id":"https:\/\/www.schramas.com\/winkel\/ficus-carica-black-mission-vijgenboom-2-liter-pot\/#breadcrumb","itemListElement":[{"@type":"ListItem","position":1,"name":"Product","item":"https:\/\/www.schramas.com\/assortiment\/"},{"@type":"ListItem","position":2,"name":"Bomen &amp; Struiken","item":"https:\/\/www.schramas.com\/product-category\/bomen-struiken\/"},{"@type":"ListItem","position":3,"name":"Ficus carica &#8216;Black Mission&#8217; Vijgenboom, 2 liter pot"}]},{"@type":"WebSite","@id":"https:\/\/www.schramas.com\/#website","url":"https:\/\/www.schramas.com\/","name":"Schramas.com | Haveplanter bestilles nemt online | Direkte fra vores gartneri","description":"","alternateName":"Schramas.com - Alle planten direct van de kweker","potentialAction":[{"@type":"SearchAction","target":{"@type":"EntryPoint","urlTemplate":"https:\/\/www.schramas.com\/?s={search_term_string}"},"query-input":{"@type":"PropertyValueSpecification","valueRequired":true,"valueName":"search_term_string"}}],"inLanguage":"da-DK"}]}},"_links":{"self":[{"href":"https:\/\/www.schramas.com\/dk\/wp-json\/wp\/v2\/product\/22429","targetHints":{"allow":["GET"]}}],"collection":[{"href":"https:\/\/www.schramas.com\/dk\/wp-json\/wp\/v2\/product"}],"about":[{"href":"https:\/\/www.schramas.com\/dk\/wp-json\/wp\/v2\/types\/product"}],"version-history":[{"count":1,"href":"https:\/\/www.schramas.com\/dk\/wp-json\/wp\/v2\/product\/22429\/revisions"}],"predecessor-version":[{"id":52818,"href":"https:\/\/www.schramas.com\/dk\/wp-json\/wp\/v2\/product\/22429\/revisions\/52818"}],"wp:featuredmedia":[{"embeddable":true,"href":"https:\/\/www.schramas.com\/dk\/wp-json\/wp\/v2\/media\/22447"}],"wp:attachment":[{"href":"https:\/\/www.schramas.com\/dk\/wp-json\/wp\/v2\/media?parent=22429"}],"wp:term":[{"taxonomy":"product_brand","embeddable":true,"href":"https:\/\/www.schramas.com\/dk\/wp-json\/wp\/v2\/product_brand?post=22429"},{"taxonomy":"product_cat","embeddable":true,"href":"https:\/\/www.schramas.com\/dk\/wp-json\/wp\/v2\/product_cat?post=22429"},{"taxonomy":"product_tag","embeddable":true,"href":"https:\/\/www.schramas.com\/dk\/wp-json\/wp\/v2\/product_tag?post=22429"}],"curies":[{"name":"wp","href":"https:\/\/api.w.org\/{rel}","templated":true}]}}