{"id":22616,"date":"2023-02-14T13:33:35","date_gmt":"2023-02-14T12:33:35","guid":{"rendered":"https:\/\/www.schramas.com\/?post_type=product&#038;p=22616"},"modified":"2026-05-03T23:46:59","modified_gmt":"2026-05-03T21:46:59","slug":"corylus-avellana-hasselnoddetrae-hassel-2-liters-potte","status":"publish","type":"product","link":"https:\/\/www.schramas.com\/dk\/butik\/corylus-avellana-hasselnoddetrae-hassel-2-liters-potte\/","title":{"rendered":"Corylus avellana 'Giagli', hasseln\u00f8ddetr\u00e6 \/ hassel, 2-liters potte"},"content":{"rendered":"<p>Oplev hasseln\u00f8d &#039;Giagli&#039;, et hasseln\u00f8ddetr\u00e6, der vokser til en h\u00f8jde p\u00e5 3 til 4 meter. Tr\u00e6et har mellemstore, brunfarvede frugter med et skind, der er let at kn\u00e6kke. Kernen fylder 56%&#039;s samlede st\u00f8rrelse og er s\u00f8d, spr\u00f8d, fed og lysebrun i farven. Frugterne modner i slutningen af september og oktober og er meget rigelige og fuldst\u00e6ndig frostbestandige. Det er ideelt at dyrke to forskellige tr\u00e6er for at sikre et h\u00f8jere udbytte.<\/p>","protected":false},"excerpt":{"rendered":"<p>Corylus avellana &#039;Giagli&#039; hasseln\u00f8d<\/p>\n<p>L\u00f8vf\u00e6ldende og h\u00e5rdf\u00f8r<\/p>\n<p>Smag: S\u00f8d, spr\u00f8d og olieagtig<\/p>\n<p>H\u00f8st: september og oktober<\/p>\n<p>Leveringsh\u00f8jde inkl. potte: ca. 80 - 100 cm<\/p>\n<p>Pottest\u00f8rrelse: 2 liter potte<\/p>","protected":false},"featured_media":22621,"template":"","meta":{"_joinchat":[]},"product_brand":[],"product_cat":[262,1033,1031,3193],"product_tag":[1036,1037,352,1035,1034,351,316],"class_list":{"0":"post-22616","1":"product","2":"type-product","3":"status-publish","4":"has-post-thumbnail","6":"product_cat-bomen-struiken","7":"product_cat-hazelnoten","8":"product_cat-notenbomen","9":"product_cat-sierbomen","10":"product_tag-berkenfamilie","11":"product_tag-corylus-avellana","12":"product_tag-geent","13":"product_tag-hazelaar","14":"product_tag-hazelnoot","15":"product_tag-winterhard","16":"product_tag-zelfbestuivend","17":"pa_bloeimaanden-mei","18":"pa_groeihoogte-300-cm","19":"pa_pot-met-pot","21":"first","22":"instock","23":"taxable","24":"shipping-taxable","25":"purchasable","26":"product-type-simple"},"yoast_head":"<!-- This site is optimized with the Yoast SEO plugin v24.2 - https:\/\/yoast.com\/wordpress\/plugins\/seo\/ -->\n<title>Corylus avellana &#039;Giagli&#039;, hazelnootboom \/ hazelaar, 2 liter pot kopen | Planten eenvoudig online bestellen | Schramas.com<\/title>\n<meta name=\"robots\" content=\"index, follow, max-snippet:-1, max-image-preview:large, max-video-preview:-1\" \/>\n<link rel=\"canonical\" href=\"https:\/\/www.schramas.com\/dk\/butik\/corylus-avellana-hasselnoddetrae-hassel-2-liters-potte\/\" \/>\n<meta property=\"og:locale\" content=\"da_DK\" \/>\n<meta property=\"og:type\" content=\"article\" \/>\n<meta property=\"og:title\" content=\"Corylus avellana &#039;Giagli&#039;, hazelnootboom \/ hazelaar, 2 liter pot kopen | Planten eenvoudig online bestellen | Schramas.com\" \/>\n<meta property=\"og:description\" content=\"Corylus avellana &#039;Giagli&#039; Hazelnoot  Bladverliezend en winterhard  Smaak: Zoet, knapperig en vettig  Oogst: september en oktober  Leverhoogte incl. pot: circa 80 - 100 cm  Potmaat: 2 liter pot\" \/>\n<meta property=\"og:url\" content=\"https:\/\/www.schramas.com\/dk\/butik\/corylus-avellana-hasselnoddetrae-hassel-2-liters-potte\/\" \/>\n<meta property=\"og:site_name\" content=\"Planten eenvoudig online bestellen | Schramas.com\" \/>\n<meta property=\"article:publisher\" content=\"https:\/\/www.facebook.com\/Schramascom-106872874153195\/\" \/>\n<meta property=\"article:modified_time\" content=\"2026-05-03T21:46:59+00:00\" \/>\n<meta property=\"og:image\" content=\"http:\/\/www.schramas.com\/wp-content\/uploads\/2023\/02\/Giagli-sfeer.jpg\" \/>\n\t<meta property=\"og:image:width\" content=\"1200\" \/>\n\t<meta property=\"og:image:height\" content=\"1200\" \/>\n\t<meta property=\"og:image:type\" content=\"image\/jpeg\" \/>\n<meta name=\"twitter:card\" content=\"summary_large_image\" \/>\n<meta name=\"twitter:label1\" content=\"Estimeret l\u00e6setid\" \/>\n\t<meta name=\"twitter:data1\" content=\"1 minut\" \/>\n<script type=\"application\/ld+json\" class=\"yoast-schema-graph\">{\"@context\":\"https:\/\/schema.org\",\"@graph\":[{\"@type\":[\"WebPage\",\"ItemPage\"],\"@id\":\"https:\/\/www.schramas.com\/winkel\/corylus-avellana-hazelnootboom-hazelaar-2-liter-pot\/\",\"url\":\"https:\/\/www.schramas.com\/winkel\/corylus-avellana-hazelnootboom-hazelaar-2-liter-pot\/\",\"name\":\"Corylus avellana 'Giagli', hazelnootboom \/ hazelaar, 2 liter pot kopen | Planten eenvoudig online bestellen | Schramas.com\",\"isPartOf\":{\"@id\":\"https:\/\/www.schramas.com\/#website\"},\"primaryImageOfPage\":{\"@id\":\"https:\/\/www.schramas.com\/winkel\/corylus-avellana-hazelnootboom-hazelaar-2-liter-pot\/#primaryimage\"},\"image\":{\"@id\":\"https:\/\/www.schramas.com\/winkel\/corylus-avellana-hazelnootboom-hazelaar-2-liter-pot\/#primaryimage\"},\"thumbnailUrl\":\"https:\/\/www.schramas.com\/wp-content\/uploads\/2023\/02\/Giagli-sfeer.jpg\",\"datePublished\":\"2023-02-14T12:33:35+00:00\",\"dateModified\":\"2026-05-03T21:46:59+00:00\",\"breadcrumb\":{\"@id\":\"https:\/\/www.schramas.com\/winkel\/corylus-avellana-hazelnootboom-hazelaar-2-liter-pot\/#breadcrumb\"},\"inLanguage\":\"da-DK\",\"potentialAction\":[{\"@type\":\"ReadAction\",\"target\":[\"https:\/\/www.schramas.com\/winkel\/corylus-avellana-hazelnootboom-hazelaar-2-liter-pot\/\"]}]},{\"@type\":\"ImageObject\",\"inLanguage\":\"da-DK\",\"@id\":\"https:\/\/www.schramas.com\/winkel\/corylus-avellana-hazelnootboom-hazelaar-2-liter-pot\/#primaryimage\",\"url\":\"https:\/\/www.schramas.com\/wp-content\/uploads\/2023\/02\/Giagli-sfeer.jpg\",\"contentUrl\":\"https:\/\/www.schramas.com\/wp-content\/uploads\/2023\/02\/Giagli-sfeer.jpg\",\"width\":1200,\"height\":1200},{\"@type\":\"BreadcrumbList\",\"@id\":\"https:\/\/www.schramas.com\/winkel\/corylus-avellana-hazelnootboom-hazelaar-2-liter-pot\/#breadcrumb\",\"itemListElement\":[{\"@type\":\"ListItem\",\"position\":1,\"name\":\"Product\",\"item\":\"https:\/\/www.schramas.com\/assortiment\/\"},{\"@type\":\"ListItem\",\"position\":2,\"name\":\"Bomen &amp; Struiken\",\"item\":\"https:\/\/www.schramas.com\/product-category\/bomen-struiken\/\"},{\"@type\":\"ListItem\",\"position\":3,\"name\":\"Notenbomen\",\"item\":\"https:\/\/www.schramas.com\/product-category\/bomen-struiken\/notenbomen\/\"},{\"@type\":\"ListItem\",\"position\":4,\"name\":\"Hazelnoten\",\"item\":\"https:\/\/www.schramas.com\/product-category\/bomen-struiken\/notenbomen\/hazelnoten\/\"},{\"@type\":\"ListItem\",\"position\":5,\"name\":\"Corylus avellana &#8216;Giagli&#8217;, hazelnootboom \/ hazelaar, 2 liter pot\"}]},{\"@type\":\"WebSite\",\"@id\":\"https:\/\/www.schramas.com\/#website\",\"url\":\"https:\/\/www.schramas.com\/\",\"name\":\"Schramas.com | Tuinplanten eenvoudig online bestellen | Direct van onze Kwekerij\",\"description\":\"\",\"alternateName\":\"Schramas.com - Alle planten direct van de kweker\",\"potentialAction\":[{\"@type\":\"SearchAction\",\"target\":{\"@type\":\"EntryPoint\",\"urlTemplate\":\"https:\/\/www.schramas.com\/?s={search_term_string}\"},\"query-input\":{\"@type\":\"PropertyValueSpecification\",\"valueRequired\":true,\"valueName\":\"search_term_string\"}}],\"inLanguage\":\"da-DK\"}]}<\/script>\n<!-- \/ Yoast SEO plugin. -->","yoast_head_json":{"title":"K\u00f8b Corylus avellana &#039;Giagli&#039;, hasseln\u00f8ddetr\u00e6 \/ hassel, 2 liters potte | Bestil nemt planter online | Schramas.com","robots":{"index":"index","follow":"follow","max-snippet":"max-snippet:-1","max-image-preview":"max-image-preview:large","max-video-preview":"max-video-preview:-1"},"canonical":"https:\/\/www.schramas.com\/dk\/butik\/corylus-avellana-hasselnoddetrae-hassel-2-liters-potte\/","og_locale":"da_DK","og_type":"article","og_title":"Corylus avellana 'Giagli', hazelnootboom \/ hazelaar, 2 liter pot kopen | Planten eenvoudig online bestellen | Schramas.com","og_description":"Corylus avellana 'Giagli' Hazelnoot  Bladverliezend en winterhard  Smaak: Zoet, knapperig en vettig  Oogst: september en oktober  Leverhoogte incl. pot: circa 80 - 100 cm  Potmaat: 2 liter pot","og_url":"https:\/\/www.schramas.com\/dk\/butik\/corylus-avellana-hasselnoddetrae-hassel-2-liters-potte\/","og_site_name":"Planten eenvoudig online bestellen | Schramas.com","article_publisher":"https:\/\/www.facebook.com\/Schramascom-106872874153195\/","article_modified_time":"2026-05-03T21:46:59+00:00","og_image":[{"width":1200,"height":1200,"url":"http:\/\/www.schramas.com\/wp-content\/uploads\/2023\/02\/Giagli-sfeer.jpg","type":"image\/jpeg"}],"twitter_card":"summary_large_image","twitter_misc":{"Estimeret l\u00e6setid":"1 minut"},"schema":{"@context":"https:\/\/schema.org","@graph":[{"@type":["WebPage","ItemPage"],"@id":"https:\/\/www.schramas.com\/winkel\/corylus-avellana-hazelnootboom-hazelaar-2-liter-pot\/","url":"https:\/\/www.schramas.com\/winkel\/corylus-avellana-hazelnootboom-hazelaar-2-liter-pot\/","name":"K\u00f8b Corylus avellana &#039;Giagli&#039;, hasseln\u00f8ddetr\u00e6 \/ hassel, 2 liters potte | Bestil nemt planter online | Schramas.com","isPartOf":{"@id":"https:\/\/www.schramas.com\/#website"},"primaryImageOfPage":{"@id":"https:\/\/www.schramas.com\/winkel\/corylus-avellana-hazelnootboom-hazelaar-2-liter-pot\/#primaryimage"},"image":{"@id":"https:\/\/www.schramas.com\/winkel\/corylus-avellana-hazelnootboom-hazelaar-2-liter-pot\/#primaryimage"},"thumbnailUrl":"https:\/\/www.schramas.com\/wp-content\/uploads\/2023\/02\/Giagli-sfeer.jpg","datePublished":"2023-02-14T12:33:35+00:00","dateModified":"2026-05-03T21:46:59+00:00","breadcrumb":{"@id":"https:\/\/www.schramas.com\/winkel\/corylus-avellana-hazelnootboom-hazelaar-2-liter-pot\/#breadcrumb"},"inLanguage":"da-DK","potentialAction":[{"@type":"ReadAction","target":["https:\/\/www.schramas.com\/winkel\/corylus-avellana-hazelnootboom-hazelaar-2-liter-pot\/"]}]},{"@type":"ImageObject","inLanguage":"da-DK","@id":"https:\/\/www.schramas.com\/winkel\/corylus-avellana-hazelnootboom-hazelaar-2-liter-pot\/#primaryimage","url":"https:\/\/www.schramas.com\/wp-content\/uploads\/2023\/02\/Giagli-sfeer.jpg","contentUrl":"https:\/\/www.schramas.com\/wp-content\/uploads\/2023\/02\/Giagli-sfeer.jpg","width":1200,"height":1200},{"@type":"BreadcrumbList","@id":"https:\/\/www.schramas.com\/winkel\/corylus-avellana-hazelnootboom-hazelaar-2-liter-pot\/#breadcrumb","itemListElement":[{"@type":"ListItem","position":1,"name":"Product","item":"https:\/\/www.schramas.com\/assortiment\/"},{"@type":"ListItem","position":2,"name":"Bomen &amp; Struiken","item":"https:\/\/www.schramas.com\/product-category\/bomen-struiken\/"},{"@type":"ListItem","position":3,"name":"Notenbomen","item":"https:\/\/www.schramas.com\/product-category\/bomen-struiken\/notenbomen\/"},{"@type":"ListItem","position":4,"name":"Hazelnoten","item":"https:\/\/www.schramas.com\/product-category\/bomen-struiken\/notenbomen\/hazelnoten\/"},{"@type":"ListItem","position":5,"name":"Corylus avellana &#8216;Giagli&#8217;, hazelnootboom \/ hazelaar, 2 liter pot"}]},{"@type":"WebSite","@id":"https:\/\/www.schramas.com\/#website","url":"https:\/\/www.schramas.com\/","name":"Schramas.com | Haveplanter bestilles nemt online | Direkte fra vores gartneri","description":"","alternateName":"Schramas.com - Alle planten direct van de kweker","potentialAction":[{"@type":"SearchAction","target":{"@type":"EntryPoint","urlTemplate":"https:\/\/www.schramas.com\/?s={search_term_string}"},"query-input":{"@type":"PropertyValueSpecification","valueRequired":true,"valueName":"search_term_string"}}],"inLanguage":"da-DK"}]}},"_links":{"self":[{"href":"https:\/\/www.schramas.com\/dk\/wp-json\/wp\/v2\/product\/22616","targetHints":{"allow":["GET"]}}],"collection":[{"href":"https:\/\/www.schramas.com\/dk\/wp-json\/wp\/v2\/product"}],"about":[{"href":"https:\/\/www.schramas.com\/dk\/wp-json\/wp\/v2\/types\/product"}],"version-history":[{"count":1,"href":"https:\/\/www.schramas.com\/dk\/wp-json\/wp\/v2\/product\/22616\/revisions"}],"predecessor-version":[{"id":48870,"href":"https:\/\/www.schramas.com\/dk\/wp-json\/wp\/v2\/product\/22616\/revisions\/48870"}],"wp:featuredmedia":[{"embeddable":true,"href":"https:\/\/www.schramas.com\/dk\/wp-json\/wp\/v2\/media\/22621"}],"wp:attachment":[{"href":"https:\/\/www.schramas.com\/dk\/wp-json\/wp\/v2\/media?parent=22616"}],"wp:term":[{"taxonomy":"product_brand","embeddable":true,"href":"https:\/\/www.schramas.com\/dk\/wp-json\/wp\/v2\/product_brand?post=22616"},{"taxonomy":"product_cat","embeddable":true,"href":"https:\/\/www.schramas.com\/dk\/wp-json\/wp\/v2\/product_cat?post=22616"},{"taxonomy":"product_tag","embeddable":true,"href":"https:\/\/www.schramas.com\/dk\/wp-json\/wp\/v2\/product_tag?post=22616"}],"curies":[{"name":"wp","href":"https:\/\/api.w.org\/{rel}","templated":true}]}}