{"id":22676,"date":"2023-02-16T13:39:42","date_gmt":"2023-02-16T12:39:42","guid":{"rendered":"https:\/\/www.schramas.com\/?post_type=product&#038;p=22676"},"modified":"2026-03-26T16:35:34","modified_gmt":"2026-03-26T15:35:34","slug":"saet-med-4-ribs-pa-stilk-ribes-rubrum-jonkheer-van-tets-ribs-pa-stilk-hojde-80cm-3l-potte","status":"publish","type":"product","link":"https:\/\/www.schramas.com\/dk\/butik\/saet-med-4-ribs-pa-stilk-ribes-rubrum-jonkheer-van-tets-ribs-pa-stilk-hojde-80cm-3l-potte\/","title":{"rendered":"S\u00e6t med 4 solb\u00e6r p\u00e5 stilk - Ribes rubrum 'Jonkheer van Tets' - Solb\u00e6r p\u00e5 stilk - H\u00f8jde +80cm - 3L potte"},"content":{"rendered":"<p>Leder du efter et ubekymret og p\u00e5lideligt solb\u00e6r til din have eller terrasse? S\u00e5 v\u00e6lg Ribes rubrum 'Jonkheer van Tets' p\u00e5 stamme. Denne gamle, popul\u00e6re sort er nem at dyrke og er kendt for sin friske, s\u00f8de smag og sine r\u00f8de b\u00e6r. Ved at besk\u00e6re b\u00e6rrene kan du p\u00e5virke st\u00f8rrelsen og m\u00e6ngden. Planten er podet p\u00e5 en 60 cm lang stamme og leveres i en stor 3-liters potte med en minimumsh\u00f8jde p\u00e5 80 cm. Dette solb\u00e6r er velegnet til b\u00e5de friland og terrasse og er selvbest\u00f8vende og h\u00e5rdf\u00f8r. Tilf\u00f8j Ribes rubrum 'Jonkheer van Tets' til din have, og nyd den l\u00e6kre smag og farve af dette smukke solb\u00e6r. Bestil 4 stk. nu p\u00e5 Schramas.com!<\/p>","protected":false},"excerpt":{"rendered":"<p>Ribes rubrum 'Jonkheer van Tets' 4x<\/p>\n<p>R\u00f8de ribs.<\/p>\n<p>Smag: frisk s\u00f8d.<\/p>\n<p>Frugtfarve: r\u00f8d<\/p>\n<p>H\u00f8jde max: 1,75 - 2 meter<\/p>\n<p>Velegnet til b\u00e5de terrasse og \u00e5bent terr\u00e6n.<\/p>\n<p>Selvbest\u00f8vende.<\/p>\n<p>Hardy.<\/p>\n<p>Leveringsh\u00f8jde inkl. potte: +\/_80-100 cm<\/p>\n<p>Pottest\u00f8rrelse: 3 liter.<\/p>","protected":false},"featured_media":22677,"template":"","meta":{"_joinchat":[]},"product_brand":[],"product_cat":[41,1011,234,867],"product_tag":[711,603,710,1038,598,647,351,316],"class_list":{"0":"post-22676","1":"product","2":"type-product","3":"status-publish","4":"has-post-thumbnail","6":"product_cat-aalbessen","7":"product_cat-fruit-deals","8":"product_cat-fruitstruiken","9":"product_cat-pakket-deals","10":"product_tag-aalbessen","11":"product_tag-bessen","12":"product_tag-jonkheer-van-tets","13":"product_tag-op-stam","14":"product_tag-ribes","15":"product_tag-rode-bes","16":"product_tag-winterhard","17":"product_tag-zelfbestuivend","18":"pa_bloeimaanden-mei","19":"pa_ewd_uwcf_colors-rood-2","20":"pa_groeihoogte-60-150-cm","21":"pa_pot-met-pot","23":"first","24":"outofstock","25":"taxable","26":"shipping-taxable","27":"purchasable","28":"product-type-simple"},"yoast_head":"<!-- This site is optimized with the Yoast SEO plugin v24.2 - https:\/\/yoast.com\/wordpress\/plugins\/seo\/ -->\n<title>Set van 4 Aalbessen op stam - Ribes rubrum &#039;Jonkheer van Tets&#039; - Aalbes op stam - Hoogte +80cm - 3L pot kopen | Planten eenvoudig online bestellen | Schramas.com<\/title>\n<meta name=\"robots\" content=\"index, follow, max-snippet:-1, max-image-preview:large, max-video-preview:-1\" \/>\n<link rel=\"canonical\" href=\"https:\/\/www.schramas.com\/dk\/butik\/saet-med-4-ribs-pa-stilk-ribes-rubrum-jonkheer-van-tets-ribs-pa-stilk-hojde-80cm-3l-potte\/\" \/>\n<meta property=\"og:locale\" content=\"da_DK\" \/>\n<meta property=\"og:type\" content=\"article\" \/>\n<meta property=\"og:title\" content=\"Set van 4 Aalbessen op stam - Ribes rubrum &#039;Jonkheer van Tets&#039; - Aalbes op stam - Hoogte +80cm - 3L pot kopen | Planten eenvoudig online bestellen | Schramas.com\" \/>\n<meta property=\"og:description\" content=\"Ribes rubrum &#039;Jonkheer van Tets&#039; 4x  Rode aalbes.  Smaak: fris zoet.  Kleur vrucht: rood  Hoogte max: 1,75 - 2 meter  Geschikt voor zowel patio als volle grond.  Zelf bestuivend.  Winterhard.  Leverhoogte incl. pot: +\/_80-100 cm  Pot maat: 3 liter.\" \/>\n<meta property=\"og:url\" content=\"https:\/\/www.schramas.com\/dk\/butik\/saet-med-4-ribs-pa-stilk-ribes-rubrum-jonkheer-van-tets-ribs-pa-stilk-hojde-80cm-3l-potte\/\" \/>\n<meta property=\"og:site_name\" content=\"Planten eenvoudig online bestellen | Schramas.com\" \/>\n<meta property=\"article:publisher\" content=\"https:\/\/www.facebook.com\/Schramascom-106872874153195\/\" \/>\n<meta property=\"article:modified_time\" content=\"2026-03-26T15:35:34+00:00\" \/>\n<meta property=\"og:image\" content=\"https:\/\/www.schramas.com\/wp-content\/uploads\/2023\/02\/Jonkheer-van-test-sfeer-pakketdeal-4x.jpg\" \/>\n\t<meta property=\"og:image:width\" content=\"1200\" \/>\n\t<meta property=\"og:image:height\" content=\"1200\" \/>\n\t<meta property=\"og:image:type\" content=\"image\/jpeg\" \/>\n<meta name=\"twitter:card\" content=\"summary_large_image\" \/>\n<meta name=\"twitter:label1\" content=\"Estimeret l\u00e6setid\" \/>\n\t<meta name=\"twitter:data1\" content=\"1 minut\" \/>\n<script type=\"application\/ld+json\" class=\"yoast-schema-graph\">{\"@context\":\"https:\/\/schema.org\",\"@graph\":[{\"@type\":[\"WebPage\",\"ItemPage\"],\"@id\":\"https:\/\/www.schramas.com\/winkel\/set-van-4-aalbessen-op-stam-ribes-rubrum-jonkheer-van-tets-aalbes-op-stam-hoogte-80cm-3l-pot\/\",\"url\":\"https:\/\/www.schramas.com\/winkel\/set-van-4-aalbessen-op-stam-ribes-rubrum-jonkheer-van-tets-aalbes-op-stam-hoogte-80cm-3l-pot\/\",\"name\":\"Set van 4 Aalbessen op stam - Ribes rubrum 'Jonkheer van Tets' - Aalbes op stam - Hoogte +80cm - 3L pot kopen | Planten eenvoudig online bestellen | Schramas.com\",\"isPartOf\":{\"@id\":\"https:\/\/www.schramas.com\/#website\"},\"primaryImageOfPage\":{\"@id\":\"https:\/\/www.schramas.com\/winkel\/set-van-4-aalbessen-op-stam-ribes-rubrum-jonkheer-van-tets-aalbes-op-stam-hoogte-80cm-3l-pot\/#primaryimage\"},\"image\":{\"@id\":\"https:\/\/www.schramas.com\/winkel\/set-van-4-aalbessen-op-stam-ribes-rubrum-jonkheer-van-tets-aalbes-op-stam-hoogte-80cm-3l-pot\/#primaryimage\"},\"thumbnailUrl\":\"https:\/\/www.schramas.com\/wp-content\/uploads\/2023\/02\/Jonkheer-van-test-sfeer-pakketdeal-4x.jpg\",\"datePublished\":\"2023-02-16T12:39:42+00:00\",\"dateModified\":\"2026-03-26T15:35:34+00:00\",\"breadcrumb\":{\"@id\":\"https:\/\/www.schramas.com\/winkel\/set-van-4-aalbessen-op-stam-ribes-rubrum-jonkheer-van-tets-aalbes-op-stam-hoogte-80cm-3l-pot\/#breadcrumb\"},\"inLanguage\":\"da-DK\",\"potentialAction\":[{\"@type\":\"ReadAction\",\"target\":[\"https:\/\/www.schramas.com\/winkel\/set-van-4-aalbessen-op-stam-ribes-rubrum-jonkheer-van-tets-aalbes-op-stam-hoogte-80cm-3l-pot\/\"]}]},{\"@type\":\"ImageObject\",\"inLanguage\":\"da-DK\",\"@id\":\"https:\/\/www.schramas.com\/winkel\/set-van-4-aalbessen-op-stam-ribes-rubrum-jonkheer-van-tets-aalbes-op-stam-hoogte-80cm-3l-pot\/#primaryimage\",\"url\":\"https:\/\/www.schramas.com\/wp-content\/uploads\/2023\/02\/Jonkheer-van-test-sfeer-pakketdeal-4x.jpg\",\"contentUrl\":\"https:\/\/www.schramas.com\/wp-content\/uploads\/2023\/02\/Jonkheer-van-test-sfeer-pakketdeal-4x.jpg\",\"width\":1200,\"height\":1200},{\"@type\":\"BreadcrumbList\",\"@id\":\"https:\/\/www.schramas.com\/winkel\/set-van-4-aalbessen-op-stam-ribes-rubrum-jonkheer-van-tets-aalbes-op-stam-hoogte-80cm-3l-pot\/#breadcrumb\",\"itemListElement\":[{\"@type\":\"ListItem\",\"position\":1,\"name\":\"Product\",\"item\":\"https:\/\/www.schramas.com\/assortiment\/\"},{\"@type\":\"ListItem\",\"position\":2,\"name\":\"Bomen &amp; Struiken\",\"item\":\"https:\/\/www.schramas.com\/product-category\/bomen-struiken\/\"},{\"@type\":\"ListItem\",\"position\":3,\"name\":\"Fruitstruiken\",\"item\":\"https:\/\/www.schramas.com\/de\/produktkategorie\/baume-und-straucher\/obststraucher\/\"},{\"@type\":\"ListItem\",\"position\":4,\"name\":\"Aalbessen\",\"item\":\"https:\/\/www.schramas.com\/product-category\/bomen-struiken\/fruitstruiken\/aalbessen\/\"},{\"@type\":\"ListItem\",\"position\":5,\"name\":\"Set van 4 Aalbessen op stam &#8211; Ribes rubrum &#8216;Jonkheer van Tets&#8217; &#8211; Aalbes op stam &#8211; Hoogte +80cm &#8211; 3L pot\"}]},{\"@type\":\"WebSite\",\"@id\":\"https:\/\/www.schramas.com\/#website\",\"url\":\"https:\/\/www.schramas.com\/\",\"name\":\"Schramas.com | Tuinplanten eenvoudig online bestellen | Direct van onze Kwekerij\",\"description\":\"\",\"alternateName\":\"Schramas.com - Alle planten direct van de kweker\",\"potentialAction\":[{\"@type\":\"SearchAction\",\"target\":{\"@type\":\"EntryPoint\",\"urlTemplate\":\"https:\/\/www.schramas.com\/?s={search_term_string}\"},\"query-input\":{\"@type\":\"PropertyValueSpecification\",\"valueRequired\":true,\"valueName\":\"search_term_string\"}}],\"inLanguage\":\"da-DK\"}]}<\/script>\n<!-- \/ Yoast SEO plugin. -->","yoast_head_json":{"title":"S\u00e6t med 4 solb\u00e6r p\u00e5 stilk - Ribes rubrum 'Jonkheer van Tets' - Solb\u00e6r p\u00e5 stilk - H\u00f8jde +80cm - K\u00f8b 3L potte | K\u00f8b planter nemt online | Schramas.com","robots":{"index":"index","follow":"follow","max-snippet":"max-snippet:-1","max-image-preview":"max-image-preview:large","max-video-preview":"max-video-preview:-1"},"canonical":"https:\/\/www.schramas.com\/dk\/butik\/saet-med-4-ribs-pa-stilk-ribes-rubrum-jonkheer-van-tets-ribs-pa-stilk-hojde-80cm-3l-potte\/","og_locale":"da_DK","og_type":"article","og_title":"Set van 4 Aalbessen op stam - Ribes rubrum 'Jonkheer van Tets' - Aalbes op stam - Hoogte +80cm - 3L pot kopen | Planten eenvoudig online bestellen | Schramas.com","og_description":"Ribes rubrum 'Jonkheer van Tets' 4x  Rode aalbes.  Smaak: fris zoet.  Kleur vrucht: rood  Hoogte max: 1,75 - 2 meter  Geschikt voor zowel patio als volle grond.  Zelf bestuivend.  Winterhard.  Leverhoogte incl. pot: +\/_80-100 cm  Pot maat: 3 liter.","og_url":"https:\/\/www.schramas.com\/dk\/butik\/saet-med-4-ribs-pa-stilk-ribes-rubrum-jonkheer-van-tets-ribs-pa-stilk-hojde-80cm-3l-potte\/","og_site_name":"Planten eenvoudig online bestellen | Schramas.com","article_publisher":"https:\/\/www.facebook.com\/Schramascom-106872874153195\/","article_modified_time":"2026-03-26T15:35:34+00:00","og_image":[{"width":1200,"height":1200,"url":"https:\/\/www.schramas.com\/wp-content\/uploads\/2023\/02\/Jonkheer-van-test-sfeer-pakketdeal-4x.jpg","type":"image\/jpeg"}],"twitter_card":"summary_large_image","twitter_misc":{"Estimeret l\u00e6setid":"1 minut"},"schema":{"@context":"https:\/\/schema.org","@graph":[{"@type":["WebPage","ItemPage"],"@id":"https:\/\/www.schramas.com\/winkel\/set-van-4-aalbessen-op-stam-ribes-rubrum-jonkheer-van-tets-aalbes-op-stam-hoogte-80cm-3l-pot\/","url":"https:\/\/www.schramas.com\/winkel\/set-van-4-aalbessen-op-stam-ribes-rubrum-jonkheer-van-tets-aalbes-op-stam-hoogte-80cm-3l-pot\/","name":"S\u00e6t med 4 solb\u00e6r p\u00e5 stilk - Ribes rubrum 'Jonkheer van Tets' - Solb\u00e6r p\u00e5 stilk - H\u00f8jde +80cm - K\u00f8b 3L potte | K\u00f8b planter nemt online | Schramas.com","isPartOf":{"@id":"https:\/\/www.schramas.com\/#website"},"primaryImageOfPage":{"@id":"https:\/\/www.schramas.com\/winkel\/set-van-4-aalbessen-op-stam-ribes-rubrum-jonkheer-van-tets-aalbes-op-stam-hoogte-80cm-3l-pot\/#primaryimage"},"image":{"@id":"https:\/\/www.schramas.com\/winkel\/set-van-4-aalbessen-op-stam-ribes-rubrum-jonkheer-van-tets-aalbes-op-stam-hoogte-80cm-3l-pot\/#primaryimage"},"thumbnailUrl":"https:\/\/www.schramas.com\/wp-content\/uploads\/2023\/02\/Jonkheer-van-test-sfeer-pakketdeal-4x.jpg","datePublished":"2023-02-16T12:39:42+00:00","dateModified":"2026-03-26T15:35:34+00:00","breadcrumb":{"@id":"https:\/\/www.schramas.com\/winkel\/set-van-4-aalbessen-op-stam-ribes-rubrum-jonkheer-van-tets-aalbes-op-stam-hoogte-80cm-3l-pot\/#breadcrumb"},"inLanguage":"da-DK","potentialAction":[{"@type":"ReadAction","target":["https:\/\/www.schramas.com\/winkel\/set-van-4-aalbessen-op-stam-ribes-rubrum-jonkheer-van-tets-aalbes-op-stam-hoogte-80cm-3l-pot\/"]}]},{"@type":"ImageObject","inLanguage":"da-DK","@id":"https:\/\/www.schramas.com\/winkel\/set-van-4-aalbessen-op-stam-ribes-rubrum-jonkheer-van-tets-aalbes-op-stam-hoogte-80cm-3l-pot\/#primaryimage","url":"https:\/\/www.schramas.com\/wp-content\/uploads\/2023\/02\/Jonkheer-van-test-sfeer-pakketdeal-4x.jpg","contentUrl":"https:\/\/www.schramas.com\/wp-content\/uploads\/2023\/02\/Jonkheer-van-test-sfeer-pakketdeal-4x.jpg","width":1200,"height":1200},{"@type":"BreadcrumbList","@id":"https:\/\/www.schramas.com\/winkel\/set-van-4-aalbessen-op-stam-ribes-rubrum-jonkheer-van-tets-aalbes-op-stam-hoogte-80cm-3l-pot\/#breadcrumb","itemListElement":[{"@type":"ListItem","position":1,"name":"Product","item":"https:\/\/www.schramas.com\/assortiment\/"},{"@type":"ListItem","position":2,"name":"Bomen &amp; Struiken","item":"https:\/\/www.schramas.com\/product-category\/bomen-struiken\/"},{"@type":"ListItem","position":3,"name":"Fruitstruiken","item":"https:\/\/www.schramas.com\/de\/produktkategorie\/baume-und-straucher\/obststraucher\/"},{"@type":"ListItem","position":4,"name":"Aalbessen","item":"https:\/\/www.schramas.com\/product-category\/bomen-struiken\/fruitstruiken\/aalbessen\/"},{"@type":"ListItem","position":5,"name":"Set van 4 Aalbessen op stam &#8211; Ribes rubrum &#8216;Jonkheer van Tets&#8217; &#8211; Aalbes op stam &#8211; Hoogte +80cm &#8211; 3L pot"}]},{"@type":"WebSite","@id":"https:\/\/www.schramas.com\/#website","url":"https:\/\/www.schramas.com\/","name":"Schramas.com | Haveplanter bestilles nemt online | Direkte fra vores gartneri","description":"","alternateName":"Schramas.com - Alle planten direct van de kweker","potentialAction":[{"@type":"SearchAction","target":{"@type":"EntryPoint","urlTemplate":"https:\/\/www.schramas.com\/?s={search_term_string}"},"query-input":{"@type":"PropertyValueSpecification","valueRequired":true,"valueName":"search_term_string"}}],"inLanguage":"da-DK"}]}},"_links":{"self":[{"href":"https:\/\/www.schramas.com\/dk\/wp-json\/wp\/v2\/product\/22676","targetHints":{"allow":["GET"]}}],"collection":[{"href":"https:\/\/www.schramas.com\/dk\/wp-json\/wp\/v2\/product"}],"about":[{"href":"https:\/\/www.schramas.com\/dk\/wp-json\/wp\/v2\/types\/product"}],"version-history":[{"count":0,"href":"https:\/\/www.schramas.com\/dk\/wp-json\/wp\/v2\/product\/22676\/revisions"}],"wp:featuredmedia":[{"embeddable":true,"href":"https:\/\/www.schramas.com\/dk\/wp-json\/wp\/v2\/media\/22677"}],"wp:attachment":[{"href":"https:\/\/www.schramas.com\/dk\/wp-json\/wp\/v2\/media?parent=22676"}],"wp:term":[{"taxonomy":"product_brand","embeddable":true,"href":"https:\/\/www.schramas.com\/dk\/wp-json\/wp\/v2\/product_brand?post=22676"},{"taxonomy":"product_cat","embeddable":true,"href":"https:\/\/www.schramas.com\/dk\/wp-json\/wp\/v2\/product_cat?post=22676"},{"taxonomy":"product_tag","embeddable":true,"href":"https:\/\/www.schramas.com\/dk\/wp-json\/wp\/v2\/product_tag?post=22676"}],"curies":[{"name":"wp","href":"https:\/\/api.w.org\/{rel}","templated":true}]}}