{"id":23184,"date":"2023-03-07T15:58:52","date_gmt":"2023-03-07T14:58:52","guid":{"rendered":"https:\/\/www.schramas.com\/?post_type=product&#038;p=23184"},"modified":"2026-04-28T13:18:40","modified_gmt":"2026-04-28T11:18:40","slug":"saet-med-4-frugtplanter-1-goji-baer-1-brombaer-1-aronia-1-tranebaer-hojde-15-30-cm-9-cm-potteblanding-b","status":"publish","type":"product","link":"https:\/\/www.schramas.com\/dk\/butik\/saet-med-4-frugtplanter-1-goji-baer-1-brombaer-1-aronia-1-tranebaer-hojde-15-30-cm-9-cm-potteblanding-b\/","title":{"rendered":"S\u00e6t med 4 frugtplanter - 1 gojib\u00e6r, 1 bromb\u00e6r, 1 \u00e6bleb\u00e6r, 1 traneb\u00e6r - H\u00f8jde 15\/30 cm - 9 cm potte - Mix B"},"content":{"rendered":"<p><b>Gojib\u00e6rsort: Lycium barbarum, gojib\u00e6r<\/b><\/p>\n<p>Lycium Barbarum, bedre kendt som Gojib\u00e6r eller Boxthorn, er en vinterh\u00e5rdf\u00f8r busk, der stammer fra Kina og Tibet. Denne hurtigtvoksende plante trives i d\u00e5rlig jord og kan t\u00e5le havvinde. Om for\u00e5ret vokser de aflange blade og under blomstringen kommer der lilla blomster p\u00e5 det et \u00e5r gamle tr\u00e6. Efter blomstringen dannes der ovale frugter, som f\u00f8rst er gr\u00f8nne og bliver oranger\u00f8de, n\u00e5r de er modne. B\u00e6rene er meget medicinske og indeholder vitaminer, caroten og aminosyrer. De hj\u00e6lper mod forskellige lidelser s\u00e5som for tidlig aldring og luftvejssygdomme. Gojib\u00e6ret kan forarbejdes til marmelade, juice, gel\u00e9, t\u00f8rres til ribs eller endda bruges til at lave te. Bem\u00e6rk venligst, at busken har skarpe torne og er velegnet til at danne en uigennemtr\u00e6ngelig h\u00e6k p\u00e5 op til 150-200 cm.<\/p>\n<p><strong>Produktspecifikationer<\/strong><\/p>\n<ul>\n<li>Lycium barbarum, Goji b\u00e6r<\/li>\n<li>Smag: frisk ribssmag.<\/li>\n<li>Frugtfarve: orange r\u00f8d<\/li>\n<li>H\u00f8jde max: 2 meter<\/li>\n<li>Tornet busk velegnet som adskillelsesh\u00e6k<\/li>\n<li>Selvbest\u00f8vende<\/li>\n<li>Velegnet til b\u00e5de terrasse og \u00e5bent terr\u00e6n.<\/li>\n<li>Leveringsh\u00f8jde inkl. potte: 25 til 30 cm<\/li>\n<\/ul>\n<p>&nbsp;<\/p>\n<p><b>Blackberry sort: Rubus fruticosus &#039;Loch Ness&#039;\u00a0<\/b><\/p>\n<p>M\u00f8d Rubus fruticosus &#039;Loch Ness&#039;, en st\u00e6rk bromb\u00e6rplante, der b\u00e6rer frugt tidligt og forts\u00e6tter med at producere i lang tid (fra august til oktober). De store, s\u00f8de og aromatiske frugter er elliptiske i formen og nemme at plukke. Denne sygdomsresistente plante blev avlet i 1983 ved at krydse flere arter i Skotland og har et stort udbytte. Den har god modstandsdygtighed over for meldug, men vinterbeskyttelse under -15c grader anbefales. Vinplanten har ingen pigge og kan udvikle skud op til 3 meter lange. Det er en af de bedre rygs\u00f8jlel\u00f8se bromb\u00e6rsorter og kan plukkes ugentligt. Ideel til frysning.<\/p>\n<p><strong>Produktspecifikationer<\/strong><\/p>\n<ul>\n<li>Rubus fruticosus &#039;Loch Ness&#039;<\/li>\n<li>Udbytte: s\u00f8de aflange bromb\u00e6r<\/li>\n<li>Farve: Sort frugt<\/li>\n<li>Hardy<\/li>\n<li>Selvbest\u00f8vende<\/li>\n<li>Maks. h\u00f8jde: ca. 250 cm i \u00e5bent terr\u00e6n<\/li>\n<\/ul>\n<p>&nbsp;<\/p>\n<p><b>Chokeb\u00e6rsort: Aronia prunifolia &#039;Viking&#039;\u00a0<\/b><\/p>\n<p>Aronia prunifolia &#039;Viking&#039; er et glimrende valg til en solrig eller halvskyggefuld have. Planten blomstrer i maj med hvid-rosa, duftende blomster, der udvikler sig til aubergine-sorte b\u00e6r med masser af n\u00e6ringsstoffer. B\u00e6rene har en syrlig smag, men er v\u00e6rdsat af fugle og kan laves til juice, gel\u00e9 eller marmelade. Bladene skifter farve om efter\u00e5ret til en smuk farvekombination af gul, r\u00f8d og lilla. Aronia prunifolia &#039;Viking&#039; er selvbest\u00f8vende, vinterh\u00e5rdf\u00f8r og l\u00f8vf\u00e6ldende.<\/p>\n<p><strong>Produktspecifikationer<\/strong><\/p>\n<ul>\n<li>Aronia prunifolia 'Viking'<\/li>\n<li>\u00c6bleb\u00e6r<\/li>\n<li>Smag: frisk syrlig smag.<\/li>\n<li>Frugtfarve: sort<\/li>\n<li>H\u00f8jde max: 2 meter<\/li>\n<li>Busk velegnet som afgr\u00e6nsende h\u00e6k eller solit\u00e6r.<\/li>\n<li>Selvbest\u00f8vende<\/li>\n<li>Velegnet til b\u00e5de terrasse og \u00e5bent terr\u00e6n.<\/li>\n<li>Leveringsh\u00f8jde inkl. potte: +\/_30 cm<\/li>\n<\/ul>\n<p>&nbsp;<\/p>\n<p><b>Traneb\u00e6rsort: Vaccinium Macrocarpon &#039;Howes&#039;\u00a0<\/b><\/p>\n<p>Vaccinium Macrocarpon &#039;Howes&#039; er en smuk stedsegr\u00f8n frugtbusk kendt for sine saftige og velsmagende traneb\u00e6r. Denne lavtvoksende busk vokser til en h\u00f8jde p\u00e5 30-50 cm og har en spredning p\u00e5 0,5-1m, hvilket g\u00f8r den til et glimrende valg til dyrkning i k\u00f8ligere klimaer.<\/p>\n<p>I det sene for\u00e5r eller forsommeren blomstrer Vaccinium Macrocarpon &#039;Howes&#039; med lyser\u00f8de blomster, som s\u00e5 viger for en rigelig h\u00f8st af karminr\u00f8de traneb\u00e6r midt p\u00e5 efter\u00e5ret. Plantens m\u00f8rkegr\u00f8nne blade skifter til en smuk bronze eller r\u00f8d farve om vinteren, hvilket g\u00f8r den til en smuk tilf\u00f8jelse til enhver have eller landskab.<\/p>\n<p><strong>Produktspecifikationer<\/strong><\/p>\n<ul>\n<li>Vaccinium Macrocarpon &#039;Howes&#039;<\/li>\n<li>Traneb\u00e6r<\/li>\n<li>Smag: frisk og syrlig<\/li>\n<li>Frugtfarve: r\u00f8d<\/li>\n<li>Max h\u00f8jde: cirka 0,5 meter<\/li>\n<li>Bundd\u00e6kke<\/li>\n<li>Selvbest\u00f8vende<\/li>\n<li>Leveringsh\u00f8jde inkl. gryde: cirka 15 cm<\/li>\n<li>Velegnet til b\u00e5de terrasse og \u00e5bent terr\u00e6n.<\/li>\n<\/ul>","protected":false},"excerpt":{"rendered":"<p>Gojib\u00e6rsort: Lycium barbarum, gojib\u00e6r<\/p>\n<p>Blackberry sort: Rubus fruticosus &#039;Loch Ness&#039;<\/p>\n<p>Chokeb\u00e6rsort: Aronia prunifolia &#039;Viking&#039;<\/p>\n<p>Traneb\u00e6rsort: Vaccinium Macrocarpon &#039;Howes&#039;<\/p>\n<p>Leveringsh\u00f8jde inkl. gryde: ca<\/p>\n<p>Pottest\u00f8rrelse: 9 cm potte<\/p>\n<p>Velegnet til b\u00e5de terrasse og \u00e5bent terr\u00e6n<\/p>","protected":false},"featured_media":23185,"template":"","meta":{"_joinchat":[]},"product_brand":[],"product_cat":[48,262,44,1011,234,46,867],"product_tag":[550,807,1048,1047,1050,654,653,1049],"class_list":{"0":"post-23184","1":"product","2":"type-product","3":"status-publish","4":"has-post-thumbnail","6":"product_cat-appelbes","7":"product_cat-bomen-struiken","8":"product_cat-bramen","9":"product_cat-fruit-deals","10":"product_cat-fruitstruiken","11":"product_cat-lonicera","12":"product_cat-pakket-deals","13":"product_tag-appelbes","14":"product_tag-bramen","15":"product_tag-cranberry","16":"product_tag-fruitplanten-set","17":"product_tag-gojiberry","18":"product_tag-gojibes","19":"product_tag-lycium","20":"product_tag-veenbes","22":"first","23":"instock","24":"taxable","25":"shipping-taxable","26":"purchasable","27":"product-type-simple"},"yoast_head":"<!-- This site is optimized with the Yoast SEO plugin v24.2 - https:\/\/yoast.com\/wordpress\/plugins\/seo\/ -->\n<title>Set van 4 Fruitplanten - 1 Gojibes, 1 Braam, 1 Appelbes, 1 Cranberry - Hoogte 15\/30cm - 9cm pot - Mix B kopen | Planten eenvoudig online bestellen | Schramas.com<\/title>\n<meta name=\"robots\" content=\"index, follow, max-snippet:-1, max-image-preview:large, max-video-preview:-1\" \/>\n<link rel=\"canonical\" href=\"https:\/\/www.schramas.com\/dk\/butik\/saet-med-4-frugtplanter-1-goji-baer-1-brombaer-1-aronia-1-tranebaer-hojde-15-30-cm-9-cm-potteblanding-b\/\" \/>\n<meta property=\"og:locale\" content=\"da_DK\" \/>\n<meta property=\"og:type\" content=\"article\" \/>\n<meta property=\"og:title\" content=\"Set van 4 Fruitplanten - 1 Gojibes, 1 Braam, 1 Appelbes, 1 Cranberry - Hoogte 15\/30cm - 9cm pot - Mix B kopen | Planten eenvoudig online bestellen | Schramas.com\" \/>\n<meta property=\"og:description\" content=\"Gojiberry vari\u00ebteit: Lycium barbarum, goji bes  Braam vari\u00ebteit: Rubus fruticosus &#039;Loch Ness&#039;  Appelbes vari\u00ebteit: Aronia prunifolia &#039;Viking&#039;  Cranberry vari\u00ebteit: Vaccinium Macrocarpon &#039;Howes&#039;  Leverhoogte incl. pot: ca. 15\/30cm  Potmaat: 9cm pot  Geschikt voor zowel patio als volle grond\" \/>\n<meta property=\"og:url\" content=\"https:\/\/www.schramas.com\/dk\/butik\/saet-med-4-frugtplanter-1-goji-baer-1-brombaer-1-aronia-1-tranebaer-hojde-15-30-cm-9-cm-potteblanding-b\/\" \/>\n<meta property=\"og:site_name\" content=\"Planten eenvoudig online bestellen | Schramas.com\" \/>\n<meta property=\"article:publisher\" content=\"https:\/\/www.facebook.com\/Schramascom-106872874153195\/\" \/>\n<meta property=\"article:modified_time\" content=\"2026-04-28T11:18:40+00:00\" \/>\n<meta property=\"og:image\" content=\"http:\/\/www.schramas.com\/wp-content\/uploads\/2023\/03\/Set-van-4-fruitplanten-Mix-B.png\" \/>\n\t<meta property=\"og:image:width\" content=\"701\" \/>\n\t<meta property=\"og:image:height\" content=\"701\" \/>\n\t<meta property=\"og:image:type\" content=\"image\/png\" \/>\n<meta name=\"twitter:card\" content=\"summary_large_image\" \/>\n<meta name=\"twitter:label1\" content=\"Estimeret l\u00e6setid\" \/>\n\t<meta name=\"twitter:data1\" content=\"3 minutter\" \/>\n<script type=\"application\/ld+json\" class=\"yoast-schema-graph\">{\"@context\":\"https:\/\/schema.org\",\"@graph\":[{\"@type\":[\"WebPage\",\"ItemPage\"],\"@id\":\"https:\/\/www.schramas.com\/winkel\/set-van-4-fruitplanten-1-gojibes-1-braam-1-appelbes-1-cranberry-hoogte-15-30cm-9cm-pot-mix-b\/\",\"url\":\"https:\/\/www.schramas.com\/winkel\/set-van-4-fruitplanten-1-gojibes-1-braam-1-appelbes-1-cranberry-hoogte-15-30cm-9cm-pot-mix-b\/\",\"name\":\"Set van 4 Fruitplanten - 1 Gojibes, 1 Braam, 1 Appelbes, 1 Cranberry - Hoogte 15\/30cm - 9cm pot - Mix B kopen | Planten eenvoudig online bestellen | Schramas.com\",\"isPartOf\":{\"@id\":\"https:\/\/www.schramas.com\/#website\"},\"primaryImageOfPage\":{\"@id\":\"https:\/\/www.schramas.com\/winkel\/set-van-4-fruitplanten-1-gojibes-1-braam-1-appelbes-1-cranberry-hoogte-15-30cm-9cm-pot-mix-b\/#primaryimage\"},\"image\":{\"@id\":\"https:\/\/www.schramas.com\/winkel\/set-van-4-fruitplanten-1-gojibes-1-braam-1-appelbes-1-cranberry-hoogte-15-30cm-9cm-pot-mix-b\/#primaryimage\"},\"thumbnailUrl\":\"https:\/\/www.schramas.com\/wp-content\/uploads\/2023\/03\/Set-van-4-fruitplanten-Mix-B.png\",\"datePublished\":\"2023-03-07T14:58:52+00:00\",\"dateModified\":\"2026-04-28T11:18:40+00:00\",\"breadcrumb\":{\"@id\":\"https:\/\/www.schramas.com\/winkel\/set-van-4-fruitplanten-1-gojibes-1-braam-1-appelbes-1-cranberry-hoogte-15-30cm-9cm-pot-mix-b\/#breadcrumb\"},\"inLanguage\":\"da-DK\",\"potentialAction\":[{\"@type\":\"ReadAction\",\"target\":[\"https:\/\/www.schramas.com\/winkel\/set-van-4-fruitplanten-1-gojibes-1-braam-1-appelbes-1-cranberry-hoogte-15-30cm-9cm-pot-mix-b\/\"]}]},{\"@type\":\"ImageObject\",\"inLanguage\":\"da-DK\",\"@id\":\"https:\/\/www.schramas.com\/winkel\/set-van-4-fruitplanten-1-gojibes-1-braam-1-appelbes-1-cranberry-hoogte-15-30cm-9cm-pot-mix-b\/#primaryimage\",\"url\":\"https:\/\/www.schramas.com\/wp-content\/uploads\/2023\/03\/Set-van-4-fruitplanten-Mix-B.png\",\"contentUrl\":\"https:\/\/www.schramas.com\/wp-content\/uploads\/2023\/03\/Set-van-4-fruitplanten-Mix-B.png\",\"width\":701,\"height\":701},{\"@type\":\"BreadcrumbList\",\"@id\":\"https:\/\/www.schramas.com\/winkel\/set-van-4-fruitplanten-1-gojibes-1-braam-1-appelbes-1-cranberry-hoogte-15-30cm-9cm-pot-mix-b\/#breadcrumb\",\"itemListElement\":[{\"@type\":\"ListItem\",\"position\":1,\"name\":\"Product\",\"item\":\"https:\/\/www.schramas.com\/assortiment\/\"},{\"@type\":\"ListItem\",\"position\":2,\"name\":\"Bomen &amp; Struiken\",\"item\":\"https:\/\/www.schramas.com\/product-category\/bomen-struiken\/\"},{\"@type\":\"ListItem\",\"position\":3,\"name\":\"Fruitstruiken\",\"item\":\"https:\/\/www.schramas.com\/de\/produktkategorie\/baume-und-straucher\/obststraucher\/\"},{\"@type\":\"ListItem\",\"position\":4,\"name\":\"Appelbes\",\"item\":\"https:\/\/www.schramas.com\/product-category\/bomen-struiken\/fruitstruiken\/appelbes\/\"},{\"@type\":\"ListItem\",\"position\":5,\"name\":\"Set van 4 Fruitplanten &#8211; 1 Gojibes, 1 Braam, 1 Appelbes, 1 Cranberry &#8211; Hoogte 15\/30cm &#8211; 9cm pot &#8211; Mix B\"}]},{\"@type\":\"WebSite\",\"@id\":\"https:\/\/www.schramas.com\/#website\",\"url\":\"https:\/\/www.schramas.com\/\",\"name\":\"Schramas.com | Tuinplanten eenvoudig online bestellen | Direct van onze Kwekerij\",\"description\":\"\",\"alternateName\":\"Schramas.com - Alle planten direct van de kweker\",\"potentialAction\":[{\"@type\":\"SearchAction\",\"target\":{\"@type\":\"EntryPoint\",\"urlTemplate\":\"https:\/\/www.schramas.com\/?s={search_term_string}\"},\"query-input\":{\"@type\":\"PropertyValueSpecification\",\"valueRequired\":true,\"valueName\":\"search_term_string\"}}],\"inLanguage\":\"da-DK\"}]}<\/script>\n<!-- \/ Yoast SEO plugin. -->","yoast_head_json":{"title":"S\u00e6t med 4 frugtplanter - 1 Gojiberry, 1 Blackberry, 1 Chokeberry, 1 Craneberry - H\u00f8jde 15\/30 cm - 9 cm potte - K\u00f8b Mix B | Bestil nemt planter online | Schramas.com","robots":{"index":"index","follow":"follow","max-snippet":"max-snippet:-1","max-image-preview":"max-image-preview:large","max-video-preview":"max-video-preview:-1"},"canonical":"https:\/\/www.schramas.com\/dk\/butik\/saet-med-4-frugtplanter-1-goji-baer-1-brombaer-1-aronia-1-tranebaer-hojde-15-30-cm-9-cm-potteblanding-b\/","og_locale":"da_DK","og_type":"article","og_title":"Set van 4 Fruitplanten - 1 Gojibes, 1 Braam, 1 Appelbes, 1 Cranberry - Hoogte 15\/30cm - 9cm pot - Mix B kopen | Planten eenvoudig online bestellen | Schramas.com","og_description":"Gojiberry vari\u00ebteit: Lycium barbarum, goji bes  Braam vari\u00ebteit: Rubus fruticosus 'Loch Ness'  Appelbes vari\u00ebteit: Aronia prunifolia 'Viking'  Cranberry vari\u00ebteit: Vaccinium Macrocarpon 'Howes'  Leverhoogte incl. pot: ca. 15\/30cm  Potmaat: 9cm pot  Geschikt voor zowel patio als volle grond","og_url":"https:\/\/www.schramas.com\/dk\/butik\/saet-med-4-frugtplanter-1-goji-baer-1-brombaer-1-aronia-1-tranebaer-hojde-15-30-cm-9-cm-potteblanding-b\/","og_site_name":"Planten eenvoudig online bestellen | Schramas.com","article_publisher":"https:\/\/www.facebook.com\/Schramascom-106872874153195\/","article_modified_time":"2026-04-28T11:18:40+00:00","og_image":[{"width":701,"height":701,"url":"http:\/\/www.schramas.com\/wp-content\/uploads\/2023\/03\/Set-van-4-fruitplanten-Mix-B.png","type":"image\/png"}],"twitter_card":"summary_large_image","twitter_misc":{"Estimeret l\u00e6setid":"3 minutter"},"schema":{"@context":"https:\/\/schema.org","@graph":[{"@type":["WebPage","ItemPage"],"@id":"https:\/\/www.schramas.com\/winkel\/set-van-4-fruitplanten-1-gojibes-1-braam-1-appelbes-1-cranberry-hoogte-15-30cm-9cm-pot-mix-b\/","url":"https:\/\/www.schramas.com\/winkel\/set-van-4-fruitplanten-1-gojibes-1-braam-1-appelbes-1-cranberry-hoogte-15-30cm-9cm-pot-mix-b\/","name":"S\u00e6t med 4 frugtplanter - 1 Gojiberry, 1 Blackberry, 1 Chokeberry, 1 Craneberry - H\u00f8jde 15\/30 cm - 9 cm potte - K\u00f8b Mix B | Bestil nemt planter online | Schramas.com","isPartOf":{"@id":"https:\/\/www.schramas.com\/#website"},"primaryImageOfPage":{"@id":"https:\/\/www.schramas.com\/winkel\/set-van-4-fruitplanten-1-gojibes-1-braam-1-appelbes-1-cranberry-hoogte-15-30cm-9cm-pot-mix-b\/#primaryimage"},"image":{"@id":"https:\/\/www.schramas.com\/winkel\/set-van-4-fruitplanten-1-gojibes-1-braam-1-appelbes-1-cranberry-hoogte-15-30cm-9cm-pot-mix-b\/#primaryimage"},"thumbnailUrl":"https:\/\/www.schramas.com\/wp-content\/uploads\/2023\/03\/Set-van-4-fruitplanten-Mix-B.png","datePublished":"2023-03-07T14:58:52+00:00","dateModified":"2026-04-28T11:18:40+00:00","breadcrumb":{"@id":"https:\/\/www.schramas.com\/winkel\/set-van-4-fruitplanten-1-gojibes-1-braam-1-appelbes-1-cranberry-hoogte-15-30cm-9cm-pot-mix-b\/#breadcrumb"},"inLanguage":"da-DK","potentialAction":[{"@type":"ReadAction","target":["https:\/\/www.schramas.com\/winkel\/set-van-4-fruitplanten-1-gojibes-1-braam-1-appelbes-1-cranberry-hoogte-15-30cm-9cm-pot-mix-b\/"]}]},{"@type":"ImageObject","inLanguage":"da-DK","@id":"https:\/\/www.schramas.com\/winkel\/set-van-4-fruitplanten-1-gojibes-1-braam-1-appelbes-1-cranberry-hoogte-15-30cm-9cm-pot-mix-b\/#primaryimage","url":"https:\/\/www.schramas.com\/wp-content\/uploads\/2023\/03\/Set-van-4-fruitplanten-Mix-B.png","contentUrl":"https:\/\/www.schramas.com\/wp-content\/uploads\/2023\/03\/Set-van-4-fruitplanten-Mix-B.png","width":701,"height":701},{"@type":"BreadcrumbList","@id":"https:\/\/www.schramas.com\/winkel\/set-van-4-fruitplanten-1-gojibes-1-braam-1-appelbes-1-cranberry-hoogte-15-30cm-9cm-pot-mix-b\/#breadcrumb","itemListElement":[{"@type":"ListItem","position":1,"name":"Product","item":"https:\/\/www.schramas.com\/assortiment\/"},{"@type":"ListItem","position":2,"name":"Bomen &amp; Struiken","item":"https:\/\/www.schramas.com\/product-category\/bomen-struiken\/"},{"@type":"ListItem","position":3,"name":"Fruitstruiken","item":"https:\/\/www.schramas.com\/de\/produktkategorie\/baume-und-straucher\/obststraucher\/"},{"@type":"ListItem","position":4,"name":"Appelbes","item":"https:\/\/www.schramas.com\/product-category\/bomen-struiken\/fruitstruiken\/appelbes\/"},{"@type":"ListItem","position":5,"name":"Set van 4 Fruitplanten &#8211; 1 Gojibes, 1 Braam, 1 Appelbes, 1 Cranberry &#8211; Hoogte 15\/30cm &#8211; 9cm pot &#8211; Mix B"}]},{"@type":"WebSite","@id":"https:\/\/www.schramas.com\/#website","url":"https:\/\/www.schramas.com\/","name":"Schramas.com | Haveplanter bestilles nemt online | Direkte fra vores gartneri","description":"","alternateName":"Schramas.com - Alle planten direct van de kweker","potentialAction":[{"@type":"SearchAction","target":{"@type":"EntryPoint","urlTemplate":"https:\/\/www.schramas.com\/?s={search_term_string}"},"query-input":{"@type":"PropertyValueSpecification","valueRequired":true,"valueName":"search_term_string"}}],"inLanguage":"da-DK"}]}},"_links":{"self":[{"href":"https:\/\/www.schramas.com\/dk\/wp-json\/wp\/v2\/product\/23184","targetHints":{"allow":["GET"]}}],"collection":[{"href":"https:\/\/www.schramas.com\/dk\/wp-json\/wp\/v2\/product"}],"about":[{"href":"https:\/\/www.schramas.com\/dk\/wp-json\/wp\/v2\/types\/product"}],"version-history":[{"count":1,"href":"https:\/\/www.schramas.com\/dk\/wp-json\/wp\/v2\/product\/23184\/revisions"}],"predecessor-version":[{"id":48581,"href":"https:\/\/www.schramas.com\/dk\/wp-json\/wp\/v2\/product\/23184\/revisions\/48581"}],"wp:featuredmedia":[{"embeddable":true,"href":"https:\/\/www.schramas.com\/dk\/wp-json\/wp\/v2\/media\/23185"}],"wp:attachment":[{"href":"https:\/\/www.schramas.com\/dk\/wp-json\/wp\/v2\/media?parent=23184"}],"wp:term":[{"taxonomy":"product_brand","embeddable":true,"href":"https:\/\/www.schramas.com\/dk\/wp-json\/wp\/v2\/product_brand?post=23184"},{"taxonomy":"product_cat","embeddable":true,"href":"https:\/\/www.schramas.com\/dk\/wp-json\/wp\/v2\/product_cat?post=23184"},{"taxonomy":"product_tag","embeddable":true,"href":"https:\/\/www.schramas.com\/dk\/wp-json\/wp\/v2\/product_tag?post=23184"}],"curies":[{"name":"wp","href":"https:\/\/api.w.org\/{rel}","templated":true}]}}