{"id":24800,"date":"2023-04-26T15:10:03","date_gmt":"2023-04-26T13:10:03","guid":{"rendered":"https:\/\/www.schramas.com\/?post_type=product&#038;p=24800"},"modified":"2025-07-10T12:18:05","modified_gmt":"2025-07-10T10:18:05","slug":"plaenegraesfro-1-kg-taetvoksende-fast","status":"publish","type":"product","link":"https:\/\/www.schramas.com\/dk\/butik\/plaenegraesfro-1-kg-taetvoksende-fast\/","title":{"rendered":"Gr\u00e6spl\u00e6ne - Gr\u00e6sfr\u00f8 - 1 kg - T\u00e6t og fler\u00e5rig"},"content":{"rendered":"<p>Florsilva gr\u00e6sfr\u00f8 er den perfekte l\u00f8sning til en t\u00e6t voksende og etableret gr\u00e6spl\u00e6ne. Dette gr\u00e6sfr\u00f8 best\u00e5r af en blanding af st\u00e6rke, dybt rodf\u00e6stede gr\u00e6sarter, der er modstandsdygtige over for varme og t\u00f8rke. Det giver en t\u00e6t gr\u00e6st\u00f8rv, der forhindrer bare pletter og er derfor velegnet til b\u00e5de pryd- og legepl\u00e6ner. Blandingen er velegnet til mange \u00e5rs brug og giver langvarig gr\u00e6spl\u00e6negl\u00e6de.<\/p>\n<p>Florsilva gr\u00e6sfr\u00f8 har ogs\u00e5 en god slidbanetolerance, hvilket g\u00f8r pl\u00e6nen modstandsdygtig over for slid. Gr\u00e6sfr\u00f8et vokser hurtigt t\u00e6t, hvilket g\u00f8r ukrudt mindre tilb\u00f8jelige til at vokse.<\/p>\n<p>Dette gr\u00e6sfr\u00f8 er velegnet til enhver jordtype, inklusive t\u00f8rkef\u00f8lsom sandjord, og er pakket i en praktisk spredeboks til j\u00e6vn fordeling. Den indeholder ogs\u00e5 ekstra \u00f8kologisk startmad til hurtig rodf\u00e6stning. Florsilva gr\u00e6sfr\u00f8 er af topkvalitet og giver hurtige resultater. Kan bruges hele \u00e5ret rundt op til en jordtemperatur p\u00e5 6 grader.<\/p>\n<p>Florsilva gr\u00e6sfr\u00f8 kan bruges p\u00e5 flere m\u00e5der. Den kan bruges til at genoprette bare pletter i en genopretningspl\u00e6ne, efter oprettelse eller f\u00f8r gens\u00e5ning af pl\u00e6nen.<\/p>\n<p>Med Florsilva gr\u00e6sfr\u00f8 f\u00e5r du et kvalitetsprodukt, der giver hurtige resultater og er velegnet til forskellige anvendelser. Med den praktiske spredeboks er den nem at p\u00e5f\u00f8re og sikrer en j\u00e6vn fordeling af fr\u00f8et. P\u00e5 denne m\u00e5de f\u00e5r du hurtigt en sund og t\u00e6t gr\u00e6spl\u00e6ne, som du kan have gl\u00e6de af i mange \u00e5r fremover.<\/p>","protected":false},"excerpt":{"rendered":"<p>1 kg gr\u00e6sfr\u00f8<\/p>\n<p>Florsilva gr\u00e6sfr\u00f8<\/p>\n<p>T\u00e6t &amp; fast<\/p>","protected":false},"featured_media":24814,"template":"","meta":{"_joinchat":[]},"product_brand":[],"product_cat":[1055,1051],"product_tag":[],"class_list":{"0":"post-24800","1":"product","2":"type-product","3":"status-publish","4":"has-post-thumbnail","6":"product_cat-gazon-gras-zaad","7":"product_cat-zaden","9":"first","10":"outofstock","11":"taxable","12":"shipping-taxable","13":"purchasable","14":"product-type-simple"},"yoast_head":"<!-- This site is optimized with the Yoast SEO plugin v24.2 - https:\/\/yoast.com\/wordpress\/plugins\/seo\/ -->\n<title>Gazon - Graszaad - 1kg - Dichtgroeiend &amp; Vast kopen | Planten eenvoudig online bestellen | Schramas.com<\/title>\n<meta name=\"robots\" content=\"index, follow, max-snippet:-1, max-image-preview:large, max-video-preview:-1\" \/>\n<link rel=\"canonical\" href=\"https:\/\/www.schramas.com\/dk\/butik\/plaenegraesfro-1-kg-taetvoksende-fast\/\" \/>\n<meta property=\"og:locale\" content=\"da_DK\" \/>\n<meta property=\"og:type\" content=\"article\" \/>\n<meta property=\"og:title\" content=\"Gazon - Graszaad - 1kg - Dichtgroeiend &amp; Vast kopen | Planten eenvoudig online bestellen | Schramas.com\" \/>\n<meta property=\"og:description\" content=\"1kg Graszaad  Florsilva graszaad  Dichtgroeiend &amp; Vast\" \/>\n<meta property=\"og:url\" content=\"https:\/\/www.schramas.com\/dk\/butik\/plaenegraesfro-1-kg-taetvoksende-fast\/\" \/>\n<meta property=\"og:site_name\" content=\"Planten eenvoudig online bestellen | Schramas.com\" \/>\n<meta property=\"article:publisher\" content=\"https:\/\/www.facebook.com\/Schramascom-106872874153195\/\" \/>\n<meta property=\"article:modified_time\" content=\"2025-07-10T10:18:05+00:00\" \/>\n<meta property=\"og:image\" content=\"https:\/\/www.schramas.com\/wp-content\/uploads\/2023\/04\/Gazon_1kg_dichtgroeiend.jpg\" \/>\n\t<meta property=\"og:image:width\" content=\"1600\" \/>\n\t<meta property=\"og:image:height\" content=\"1600\" \/>\n\t<meta property=\"og:image:type\" content=\"image\/jpeg\" \/>\n<meta name=\"twitter:card\" content=\"summary_large_image\" \/>\n<meta name=\"twitter:label1\" content=\"Estimeret l\u00e6setid\" \/>\n\t<meta name=\"twitter:data1\" content=\"1 minut\" \/>\n<script type=\"application\/ld+json\" class=\"yoast-schema-graph\">{\"@context\":\"https:\/\/schema.org\",\"@graph\":[{\"@type\":[\"WebPage\",\"ItemPage\"],\"@id\":\"https:\/\/www.schramas.com\/winkel\/gazon-graszaad-1kg-dichtgroeiend-vast\/\",\"url\":\"https:\/\/www.schramas.com\/winkel\/gazon-graszaad-1kg-dichtgroeiend-vast\/\",\"name\":\"Gazon - Graszaad - 1kg - Dichtgroeiend & Vast kopen | Planten eenvoudig online bestellen | Schramas.com\",\"isPartOf\":{\"@id\":\"https:\/\/www.schramas.com\/#website\"},\"primaryImageOfPage\":{\"@id\":\"https:\/\/www.schramas.com\/winkel\/gazon-graszaad-1kg-dichtgroeiend-vast\/#primaryimage\"},\"image\":{\"@id\":\"https:\/\/www.schramas.com\/winkel\/gazon-graszaad-1kg-dichtgroeiend-vast\/#primaryimage\"},\"thumbnailUrl\":\"https:\/\/www.schramas.com\/wp-content\/uploads\/2023\/04\/Gazon_1kg_dichtgroeiend.jpg\",\"datePublished\":\"2023-04-26T13:10:03+00:00\",\"dateModified\":\"2025-07-10T10:18:05+00:00\",\"breadcrumb\":{\"@id\":\"https:\/\/www.schramas.com\/winkel\/gazon-graszaad-1kg-dichtgroeiend-vast\/#breadcrumb\"},\"inLanguage\":\"da-DK\",\"potentialAction\":[{\"@type\":\"ReadAction\",\"target\":[\"https:\/\/www.schramas.com\/winkel\/gazon-graszaad-1kg-dichtgroeiend-vast\/\"]}]},{\"@type\":\"ImageObject\",\"inLanguage\":\"da-DK\",\"@id\":\"https:\/\/www.schramas.com\/winkel\/gazon-graszaad-1kg-dichtgroeiend-vast\/#primaryimage\",\"url\":\"https:\/\/www.schramas.com\/wp-content\/uploads\/2023\/04\/Gazon_1kg_dichtgroeiend.jpg\",\"contentUrl\":\"https:\/\/www.schramas.com\/wp-content\/uploads\/2023\/04\/Gazon_1kg_dichtgroeiend.jpg\",\"width\":1600,\"height\":1600},{\"@type\":\"BreadcrumbList\",\"@id\":\"https:\/\/www.schramas.com\/winkel\/gazon-graszaad-1kg-dichtgroeiend-vast\/#breadcrumb\",\"itemListElement\":[{\"@type\":\"ListItem\",\"position\":1,\"name\":\"Product\",\"item\":\"https:\/\/www.schramas.com\/assortiment\/\"},{\"@type\":\"ListItem\",\"position\":2,\"name\":\"Zaden\",\"item\":\"https:\/\/www.schramas.com\/product-category\/zaden\/\"},{\"@type\":\"ListItem\",\"position\":3,\"name\":\"Gazon &#8211; Graszaad &#8211; 1kg &#8211; Dichtgroeiend &#038; Vast\"}]},{\"@type\":\"WebSite\",\"@id\":\"https:\/\/www.schramas.com\/#website\",\"url\":\"https:\/\/www.schramas.com\/\",\"name\":\"Schramas.com | Tuinplanten eenvoudig online bestellen | Direct van onze Kwekerij\",\"description\":\"\",\"alternateName\":\"Schramas.com - Alle planten direct van de kweker\",\"potentialAction\":[{\"@type\":\"SearchAction\",\"target\":{\"@type\":\"EntryPoint\",\"urlTemplate\":\"https:\/\/www.schramas.com\/?s={search_term_string}\"},\"query-input\":{\"@type\":\"PropertyValueSpecification\",\"valueRequired\":true,\"valueName\":\"search_term_string\"}}],\"inLanguage\":\"da-DK\"}]}<\/script>\n<!-- \/ Yoast SEO plugin. -->","yoast_head_json":{"title":"Pl\u00e6ne - Gr\u00e6sfr\u00f8 - 1 kg - N\u00e6rdyrkning &amp; fler\u00e5rig k\u00f8b | Bestil nemt planter online | Schramas.com","robots":{"index":"index","follow":"follow","max-snippet":"max-snippet:-1","max-image-preview":"max-image-preview:large","max-video-preview":"max-video-preview:-1"},"canonical":"https:\/\/www.schramas.com\/dk\/butik\/plaenegraesfro-1-kg-taetvoksende-fast\/","og_locale":"da_DK","og_type":"article","og_title":"Gazon - Graszaad - 1kg - Dichtgroeiend & Vast kopen | Planten eenvoudig online bestellen | Schramas.com","og_description":"1kg Graszaad  Florsilva graszaad  Dichtgroeiend &amp; Vast","og_url":"https:\/\/www.schramas.com\/dk\/butik\/plaenegraesfro-1-kg-taetvoksende-fast\/","og_site_name":"Planten eenvoudig online bestellen | Schramas.com","article_publisher":"https:\/\/www.facebook.com\/Schramascom-106872874153195\/","article_modified_time":"2025-07-10T10:18:05+00:00","og_image":[{"width":1600,"height":1600,"url":"https:\/\/www.schramas.com\/wp-content\/uploads\/2023\/04\/Gazon_1kg_dichtgroeiend.jpg","type":"image\/jpeg"}],"twitter_card":"summary_large_image","twitter_misc":{"Estimeret l\u00e6setid":"1 minut"},"schema":{"@context":"https:\/\/schema.org","@graph":[{"@type":["WebPage","ItemPage"],"@id":"https:\/\/www.schramas.com\/winkel\/gazon-graszaad-1kg-dichtgroeiend-vast\/","url":"https:\/\/www.schramas.com\/winkel\/gazon-graszaad-1kg-dichtgroeiend-vast\/","name":"Pl\u00e6ne - Gr\u00e6sfr\u00f8 - 1 kg - N\u00e6rdyrkning &amp; fler\u00e5rig k\u00f8b | Bestil nemt planter online | Schramas.com","isPartOf":{"@id":"https:\/\/www.schramas.com\/#website"},"primaryImageOfPage":{"@id":"https:\/\/www.schramas.com\/winkel\/gazon-graszaad-1kg-dichtgroeiend-vast\/#primaryimage"},"image":{"@id":"https:\/\/www.schramas.com\/winkel\/gazon-graszaad-1kg-dichtgroeiend-vast\/#primaryimage"},"thumbnailUrl":"https:\/\/www.schramas.com\/wp-content\/uploads\/2023\/04\/Gazon_1kg_dichtgroeiend.jpg","datePublished":"2023-04-26T13:10:03+00:00","dateModified":"2025-07-10T10:18:05+00:00","breadcrumb":{"@id":"https:\/\/www.schramas.com\/winkel\/gazon-graszaad-1kg-dichtgroeiend-vast\/#breadcrumb"},"inLanguage":"da-DK","potentialAction":[{"@type":"ReadAction","target":["https:\/\/www.schramas.com\/winkel\/gazon-graszaad-1kg-dichtgroeiend-vast\/"]}]},{"@type":"ImageObject","inLanguage":"da-DK","@id":"https:\/\/www.schramas.com\/winkel\/gazon-graszaad-1kg-dichtgroeiend-vast\/#primaryimage","url":"https:\/\/www.schramas.com\/wp-content\/uploads\/2023\/04\/Gazon_1kg_dichtgroeiend.jpg","contentUrl":"https:\/\/www.schramas.com\/wp-content\/uploads\/2023\/04\/Gazon_1kg_dichtgroeiend.jpg","width":1600,"height":1600},{"@type":"BreadcrumbList","@id":"https:\/\/www.schramas.com\/winkel\/gazon-graszaad-1kg-dichtgroeiend-vast\/#breadcrumb","itemListElement":[{"@type":"ListItem","position":1,"name":"Product","item":"https:\/\/www.schramas.com\/assortiment\/"},{"@type":"ListItem","position":2,"name":"Zaden","item":"https:\/\/www.schramas.com\/product-category\/zaden\/"},{"@type":"ListItem","position":3,"name":"Gazon &#8211; Graszaad &#8211; 1kg &#8211; Dichtgroeiend &#038; Vast"}]},{"@type":"WebSite","@id":"https:\/\/www.schramas.com\/#website","url":"https:\/\/www.schramas.com\/","name":"Schramas.com | Haveplanter bestilles nemt online | Direkte fra vores gartneri","description":"","alternateName":"Schramas.com - Alle planten direct van de kweker","potentialAction":[{"@type":"SearchAction","target":{"@type":"EntryPoint","urlTemplate":"https:\/\/www.schramas.com\/?s={search_term_string}"},"query-input":{"@type":"PropertyValueSpecification","valueRequired":true,"valueName":"search_term_string"}}],"inLanguage":"da-DK"}]}},"_links":{"self":[{"href":"https:\/\/www.schramas.com\/dk\/wp-json\/wp\/v2\/product\/24800","targetHints":{"allow":["GET"]}}],"collection":[{"href":"https:\/\/www.schramas.com\/dk\/wp-json\/wp\/v2\/product"}],"about":[{"href":"https:\/\/www.schramas.com\/dk\/wp-json\/wp\/v2\/types\/product"}],"version-history":[{"count":0,"href":"https:\/\/www.schramas.com\/dk\/wp-json\/wp\/v2\/product\/24800\/revisions"}],"wp:featuredmedia":[{"embeddable":true,"href":"https:\/\/www.schramas.com\/dk\/wp-json\/wp\/v2\/media\/24814"}],"wp:attachment":[{"href":"https:\/\/www.schramas.com\/dk\/wp-json\/wp\/v2\/media?parent=24800"}],"wp:term":[{"taxonomy":"product_brand","embeddable":true,"href":"https:\/\/www.schramas.com\/dk\/wp-json\/wp\/v2\/product_brand?post=24800"},{"taxonomy":"product_cat","embeddable":true,"href":"https:\/\/www.schramas.com\/dk\/wp-json\/wp\/v2\/product_cat?post=24800"},{"taxonomy":"product_tag","embeddable":true,"href":"https:\/\/www.schramas.com\/dk\/wp-json\/wp\/v2\/product_tag?post=24800"}],"curies":[{"name":"wp","href":"https:\/\/api.w.org\/{rel}","templated":true}]}}