{"id":26258,"date":"2023-06-13T15:41:13","date_gmt":"2023-06-13T13:41:13","guid":{"rendered":"https:\/\/www.schramas.com\/?post_type=product&#038;p=26258"},"modified":"2026-03-26T16:35:43","modified_gmt":"2026-03-26T15:35:43","slug":"saet-med-3-eksotiske-frugttraeer-1-abrikos-1-fersken-1-nektarin-hojde-90-cm-5-liter-grydeblanding-b","status":"publish","type":"product","link":"https:\/\/www.schramas.com\/dk\/butik\/saet-med-3-eksotiske-frugttraeer-1-abrikos-1-fersken-1-nektarin-hojde-90-cm-5-liter-grydeblanding-b\/","title":{"rendered":"S\u00e6t med 3 eksotiske frugttr\u00e6er - 1 abrikos, 1 fersken, 1 nektarin - H\u00f8jde +90 cm - 5 liters potte - Mix B"},"content":{"rendered":"<p><strong>Abrikossort: Prunus armeniaca 'Luizet' abrikos<\/strong><\/p>\n<p>Prunus Armeniaca 'Luizet' er et abrikostr\u00e6 med store, s\u00f8de, smukke orangegule frugter. Det er selvbest\u00f8vende og frugtbart og blomstrer lidt l\u00e6ngere end andre abrikoser med lyser\u00f8de, stjerneformede blomster. P\u00e5 grund af abrikosernes tidlige blomstring anbefales det at beskytte blomsterne mod nattefrost og plante tr\u00e6et et beskyttet og solrigt sted. H\u00e5rdf\u00f8r, t\u00e5ler t\u00f8rke og tiltr\u00e6kker bier og sommerfugle.<\/p>\n<p>&nbsp;<\/p>\n<p><strong>Produktspecifikationer<\/strong><\/p>\n<ul>\n<li>Prunus Armeniaca 'Luizet', abrikos<\/li>\n<li>Abrikos<\/li>\n<li>Smag: bl\u00f8de, saftige frugter med en fin aroma<\/li>\n<li>Frugts\u00e6tningsperiode: August<\/li>\n<li>Frugtfarve: orange, rund oval, let beh\u00e5ret<\/li>\n<li>Maks. h\u00f8jde: ca. 3-5 m i \u00e5bent terr\u00e6n afh\u00e6ngigt af besk\u00e6ring og grundstamme<\/li>\n<li>Selvbest\u00f8vende<\/li>\n<li>Velegnet til b\u00e5de terrasse og \u00e5bent land (p\u00e5 et beskyttet og solrigt sted)<\/li>\n<\/ul>\n<p>&nbsp;<\/p>\n<p><strong>Ferskensort: Prunus persica 'Donut' vildt ferskentr\u00e6<\/strong><\/p>\n<p>Den velkendte flade eller vilde fersken, som ogs\u00e5 er saftig og s\u00f8d! Dette ferskentr\u00e6 vokser ogs\u00e5 glimrende i Europa, men vi anbefaler en varm og beskyttet placering og at beskytte det mod frost det f\u00f8rste \u00e5r. Den flade vilde fersken har masser af smag og er nem at spise. Alene p\u00e5 grund af blomsterne er dette ferskentr\u00e6 vidunderligt at have i sin have! Fersken blomstrer meget tidligt p\u00e5 \u00e5ret (februar-marts), og s\u00e5 er det vigtigt at beskytte blomsterne mod frost.  Ferskner er selvbest\u00f8vende og kan derfor st\u00e5 alene.<\/p>\n<p>&nbsp;<\/p>\n<p><strong>Produktspecifikationer<\/strong><\/p>\n<ul>\n<li>Prunus persica 'Donut'<\/li>\n<li>Donut flat eller vild fersken<\/li>\n<li>Smag: s\u00f8d.<\/li>\n<li>Frugtfarve: gulr\u00f8d.<\/li>\n<li>Velegnet til b\u00e5de terrasse og \u00e5bent terr\u00e6n.<\/li>\n<li>selvbest\u00f8vende<\/li>\n<li>Beskyt mod frost det f\u00f8rste \u00e5r.<\/li>\n<\/ul>\n<p>&nbsp;<\/p>\n<p><strong>Nektarinsort: Prunus Persica &#039;Fire Top&#039; nektarin<\/strong><\/p>\n<p>&#039;Fire Top&#039;-nektarinen er en velsmagende, gul frugt, der modnes midt p\u00e5 s\u00e6sonen. Nektarintr\u00e6et har et mellemst\u00e6rkt og halvopretst\u00e5ende blad, med god selvbest\u00f8vning. Den blomstrer smukt med rosenformede blomster, der ikke er s\u00e6rlig f\u00f8lsomme over for vinterfrost. Frugten er medium stor, rund. Huden er glat og har en skinnende m\u00f8rker\u00f8d til lilla farve. K\u00f8det er meget gult, let r\u00f8dligt omkring stenen, fast og saftigt, med en krydret-aromatisk smag og ideel syrlighed. Gruben kan l\u00f8snes delvist, og frugterne kan opbevares godt. H\u00f8sten finder sted i slutningen af juli, og udbyttet er h\u00f8jt og regelm\u00e6ssigt, men udtynding af frugt er ofte n\u00f8dvendig.<\/p>\n<p>&nbsp;<\/p>\n<p><strong>Produktspecifikationer<\/strong><\/p>\n<ul>\n<li>Prunus Persica &#039;Fire Top&#039;<\/li>\n<li>Smag: krydret-aromatisk smag og ideel syrlighed<\/li>\n<li>Frugtfarve: r\u00f8d til lilla med orange baggrund<\/li>\n<li>H\u00f8jde max: 4-5 meter<\/li>\n<li>Velegnet til b\u00e5de terrasse og \u00e5bent terr\u00e6n - i l\u00e6 og sol.<\/li>\n<li>Selvbest\u00f8vende<\/li>\n<li><\/li>\n<\/ul>\n<p>&nbsp;<\/p>","protected":false},"excerpt":{"rendered":"<p>Abrikossort: Prunus armeniaca 'Luizet' abrikos<\/p>\n<p>Ferskensort: Prunus persica 'Donut' vildt ferskentr\u00e6<\/p>\n<p>Nektarinsort: Prunus Persica &#039;Fire Top&#039; nektarin<\/p>\n<p>Leveringsh\u00f8jde inkl. gryde: ca<\/p>\n<p>Pottest\u00f8rrelse: 5 liter<\/p>\n<p>Velegnet til b\u00e5de terrasse og \u00e5bent terr\u00e6n<\/p>","protected":false},"featured_media":26259,"template":"","meta":{"_joinchat":[]},"product_brand":[],"product_cat":[262,1011,233,2391,867],"product_tag":[309,973,938,1022,576],"class_list":{"0":"post-26258","1":"product","2":"type-product","3":"status-publish","4":"has-post-thumbnail","6":"product_cat-bomen-struiken","7":"product_cat-fruit-deals","8":"product_cat-fruitbomen","9":"product_cat-mediterrane-en-exotische-fruitplanten","10":"product_cat-pakket-deals","11":"product_tag-abrikoos","12":"product_tag-exotisch","13":"product_tag-fruitbomen-set","14":"product_tag-nectarine","15":"product_tag-perzik","17":"first","18":"outofstock","19":"taxable","20":"shipping-taxable","21":"purchasable","22":"product-type-simple"},"yoast_head":"<!-- This site is optimized with the Yoast SEO plugin v24.2 - https:\/\/yoast.com\/wordpress\/plugins\/seo\/ -->\n<title>Set van 3 Exotische fruitbomen - 1 Abrikoos, 1 Perzik, 1 Nectarine - Hoogte +90cm - 5 Liter pot - Mix B kopen | Planten eenvoudig online bestellen | Schramas.com<\/title>\n<meta name=\"robots\" content=\"index, follow, max-snippet:-1, max-image-preview:large, max-video-preview:-1\" \/>\n<link rel=\"canonical\" href=\"https:\/\/www.schramas.com\/dk\/butik\/saet-med-3-eksotiske-frugttraeer-1-abrikos-1-fersken-1-nektarin-hojde-90-cm-5-liter-grydeblanding-b\/\" \/>\n<meta property=\"og:locale\" content=\"da_DK\" \/>\n<meta property=\"og:type\" content=\"article\" \/>\n<meta property=\"og:title\" content=\"Set van 3 Exotische fruitbomen - 1 Abrikoos, 1 Perzik, 1 Nectarine - Hoogte +90cm - 5 Liter pot - Mix B kopen | Planten eenvoudig online bestellen | Schramas.com\" \/>\n<meta property=\"og:description\" content=\"Abrikoos vari\u00ebteit: Prunus armeniaca &#039;Luizet&#039; abrikoos  Perzik vari\u00ebteit: Prunus persica &#039;Donut&#039; wilde perzikboom  Nectarine vari\u00ebteit: Prunus Persica \u2018Fire Top\u2019 nectarine  Leverhoogte incl. pot: ca. 90 cm  Potmaat: 5 liter  Geschikt voor zowel patio als volle grond\" \/>\n<meta property=\"og:url\" content=\"https:\/\/www.schramas.com\/dk\/butik\/saet-med-3-eksotiske-frugttraeer-1-abrikos-1-fersken-1-nektarin-hojde-90-cm-5-liter-grydeblanding-b\/\" \/>\n<meta property=\"og:site_name\" content=\"Planten eenvoudig online bestellen | Schramas.com\" \/>\n<meta property=\"article:publisher\" content=\"https:\/\/www.facebook.com\/Schramascom-106872874153195\/\" \/>\n<meta property=\"article:modified_time\" content=\"2026-03-26T15:35:43+00:00\" \/>\n<meta property=\"og:image\" content=\"http:\/\/www.schramas.com\/wp-content\/uploads\/2023\/06\/Pakketdeal-Exotische-fruitbomen-set-3-5L-B.jpg\" \/>\n\t<meta property=\"og:image:width\" content=\"1600\" \/>\n\t<meta property=\"og:image:height\" content=\"1600\" \/>\n\t<meta property=\"og:image:type\" content=\"image\/jpeg\" \/>\n<meta name=\"twitter:card\" content=\"summary_large_image\" \/>\n<meta name=\"twitter:label1\" content=\"Estimeret l\u00e6setid\" \/>\n\t<meta name=\"twitter:data1\" content=\"2 minutter\" \/>\n<script type=\"application\/ld+json\" class=\"yoast-schema-graph\">{\"@context\":\"https:\/\/schema.org\",\"@graph\":[{\"@type\":[\"WebPage\",\"ItemPage\"],\"@id\":\"https:\/\/www.schramas.com\/winkel\/set-van-3-exotische-fruitbomen-1-abrikoos-1-perzik-1-nectarine-hoogte-90cm-5-liter-pot-mix-b\/\",\"url\":\"https:\/\/www.schramas.com\/winkel\/set-van-3-exotische-fruitbomen-1-abrikoos-1-perzik-1-nectarine-hoogte-90cm-5-liter-pot-mix-b\/\",\"name\":\"Set van 3 Exotische fruitbomen - 1 Abrikoos, 1 Perzik, 1 Nectarine - Hoogte +90cm - 5 Liter pot - Mix B kopen | Planten eenvoudig online bestellen | Schramas.com\",\"isPartOf\":{\"@id\":\"https:\/\/www.schramas.com\/#website\"},\"primaryImageOfPage\":{\"@id\":\"https:\/\/www.schramas.com\/winkel\/set-van-3-exotische-fruitbomen-1-abrikoos-1-perzik-1-nectarine-hoogte-90cm-5-liter-pot-mix-b\/#primaryimage\"},\"image\":{\"@id\":\"https:\/\/www.schramas.com\/winkel\/set-van-3-exotische-fruitbomen-1-abrikoos-1-perzik-1-nectarine-hoogte-90cm-5-liter-pot-mix-b\/#primaryimage\"},\"thumbnailUrl\":\"https:\/\/www.schramas.com\/wp-content\/uploads\/2023\/06\/Pakketdeal-Exotische-fruitbomen-set-3-5L-B.jpg\",\"datePublished\":\"2023-06-13T13:41:13+00:00\",\"dateModified\":\"2026-03-26T15:35:43+00:00\",\"breadcrumb\":{\"@id\":\"https:\/\/www.schramas.com\/winkel\/set-van-3-exotische-fruitbomen-1-abrikoos-1-perzik-1-nectarine-hoogte-90cm-5-liter-pot-mix-b\/#breadcrumb\"},\"inLanguage\":\"da-DK\",\"potentialAction\":[{\"@type\":\"ReadAction\",\"target\":[\"https:\/\/www.schramas.com\/winkel\/set-van-3-exotische-fruitbomen-1-abrikoos-1-perzik-1-nectarine-hoogte-90cm-5-liter-pot-mix-b\/\"]}]},{\"@type\":\"ImageObject\",\"inLanguage\":\"da-DK\",\"@id\":\"https:\/\/www.schramas.com\/winkel\/set-van-3-exotische-fruitbomen-1-abrikoos-1-perzik-1-nectarine-hoogte-90cm-5-liter-pot-mix-b\/#primaryimage\",\"url\":\"https:\/\/www.schramas.com\/wp-content\/uploads\/2023\/06\/Pakketdeal-Exotische-fruitbomen-set-3-5L-B.jpg\",\"contentUrl\":\"https:\/\/www.schramas.com\/wp-content\/uploads\/2023\/06\/Pakketdeal-Exotische-fruitbomen-set-3-5L-B.jpg\",\"width\":1600,\"height\":1600},{\"@type\":\"BreadcrumbList\",\"@id\":\"https:\/\/www.schramas.com\/winkel\/set-van-3-exotische-fruitbomen-1-abrikoos-1-perzik-1-nectarine-hoogte-90cm-5-liter-pot-mix-b\/#breadcrumb\",\"itemListElement\":[{\"@type\":\"ListItem\",\"position\":1,\"name\":\"Product\",\"item\":\"https:\/\/www.schramas.com\/assortiment\/\"},{\"@type\":\"ListItem\",\"position\":2,\"name\":\"Bomen &amp; Struiken\",\"item\":\"https:\/\/www.schramas.com\/product-category\/bomen-struiken\/\"},{\"@type\":\"ListItem\",\"position\":3,\"name\":\"Specials\",\"item\":\"https:\/\/www.schramas.com\/product-category\/bomen-struiken\/specials\/\"},{\"@type\":\"ListItem\",\"position\":4,\"name\":\"Mediterrane en Exotische Fruitplanten\",\"item\":\"https:\/\/www.schramas.com\/product-category\/bomen-struiken\/specials\/mediterrane-en-exotische-fruitplanten\/\"},{\"@type\":\"ListItem\",\"position\":5,\"name\":\"Set van 3 Exotische fruitbomen &#8211; 1 Abrikoos, 1 Perzik, 1 Nectarine &#8211; Hoogte +90cm &#8211; 5 Liter pot &#8211; Mix B\"}]},{\"@type\":\"WebSite\",\"@id\":\"https:\/\/www.schramas.com\/#website\",\"url\":\"https:\/\/www.schramas.com\/\",\"name\":\"Schramas.com | Tuinplanten eenvoudig online bestellen | Direct van onze Kwekerij\",\"description\":\"\",\"alternateName\":\"Schramas.com - Alle planten direct van de kweker\",\"potentialAction\":[{\"@type\":\"SearchAction\",\"target\":{\"@type\":\"EntryPoint\",\"urlTemplate\":\"https:\/\/www.schramas.com\/?s={search_term_string}\"},\"query-input\":{\"@type\":\"PropertyValueSpecification\",\"valueRequired\":true,\"valueName\":\"search_term_string\"}}],\"inLanguage\":\"da-DK\"}]}<\/script>\n<!-- \/ Yoast SEO plugin. -->","yoast_head_json":{"title":"S\u00e6t med 3 eksotiske frugttr\u00e6er - 1 Abrikos, 1 Fersken, 1 Nektarin - H\u00f8jde +90 cm - 5 liter potte - K\u00f8b Mix B | Bestil nemt planter online | Schramas.com","robots":{"index":"index","follow":"follow","max-snippet":"max-snippet:-1","max-image-preview":"max-image-preview:large","max-video-preview":"max-video-preview:-1"},"canonical":"https:\/\/www.schramas.com\/dk\/butik\/saet-med-3-eksotiske-frugttraeer-1-abrikos-1-fersken-1-nektarin-hojde-90-cm-5-liter-grydeblanding-b\/","og_locale":"da_DK","og_type":"article","og_title":"Set van 3 Exotische fruitbomen - 1 Abrikoos, 1 Perzik, 1 Nectarine - Hoogte +90cm - 5 Liter pot - Mix B kopen | Planten eenvoudig online bestellen | Schramas.com","og_description":"Abrikoos vari\u00ebteit: Prunus armeniaca 'Luizet' abrikoos  Perzik vari\u00ebteit: Prunus persica 'Donut' wilde perzikboom  Nectarine vari\u00ebteit: Prunus Persica \u2018Fire Top\u2019 nectarine  Leverhoogte incl. pot: ca. 90 cm  Potmaat: 5 liter  Geschikt voor zowel patio als volle grond","og_url":"https:\/\/www.schramas.com\/dk\/butik\/saet-med-3-eksotiske-frugttraeer-1-abrikos-1-fersken-1-nektarin-hojde-90-cm-5-liter-grydeblanding-b\/","og_site_name":"Planten eenvoudig online bestellen | Schramas.com","article_publisher":"https:\/\/www.facebook.com\/Schramascom-106872874153195\/","article_modified_time":"2026-03-26T15:35:43+00:00","og_image":[{"width":1600,"height":1600,"url":"http:\/\/www.schramas.com\/wp-content\/uploads\/2023\/06\/Pakketdeal-Exotische-fruitbomen-set-3-5L-B.jpg","type":"image\/jpeg"}],"twitter_card":"summary_large_image","twitter_misc":{"Estimeret l\u00e6setid":"2 minutter"},"schema":{"@context":"https:\/\/schema.org","@graph":[{"@type":["WebPage","ItemPage"],"@id":"https:\/\/www.schramas.com\/winkel\/set-van-3-exotische-fruitbomen-1-abrikoos-1-perzik-1-nectarine-hoogte-90cm-5-liter-pot-mix-b\/","url":"https:\/\/www.schramas.com\/winkel\/set-van-3-exotische-fruitbomen-1-abrikoos-1-perzik-1-nectarine-hoogte-90cm-5-liter-pot-mix-b\/","name":"S\u00e6t med 3 eksotiske frugttr\u00e6er - 1 Abrikos, 1 Fersken, 1 Nektarin - H\u00f8jde +90 cm - 5 liter potte - K\u00f8b Mix B | Bestil nemt planter online | Schramas.com","isPartOf":{"@id":"https:\/\/www.schramas.com\/#website"},"primaryImageOfPage":{"@id":"https:\/\/www.schramas.com\/winkel\/set-van-3-exotische-fruitbomen-1-abrikoos-1-perzik-1-nectarine-hoogte-90cm-5-liter-pot-mix-b\/#primaryimage"},"image":{"@id":"https:\/\/www.schramas.com\/winkel\/set-van-3-exotische-fruitbomen-1-abrikoos-1-perzik-1-nectarine-hoogte-90cm-5-liter-pot-mix-b\/#primaryimage"},"thumbnailUrl":"https:\/\/www.schramas.com\/wp-content\/uploads\/2023\/06\/Pakketdeal-Exotische-fruitbomen-set-3-5L-B.jpg","datePublished":"2023-06-13T13:41:13+00:00","dateModified":"2026-03-26T15:35:43+00:00","breadcrumb":{"@id":"https:\/\/www.schramas.com\/winkel\/set-van-3-exotische-fruitbomen-1-abrikoos-1-perzik-1-nectarine-hoogte-90cm-5-liter-pot-mix-b\/#breadcrumb"},"inLanguage":"da-DK","potentialAction":[{"@type":"ReadAction","target":["https:\/\/www.schramas.com\/winkel\/set-van-3-exotische-fruitbomen-1-abrikoos-1-perzik-1-nectarine-hoogte-90cm-5-liter-pot-mix-b\/"]}]},{"@type":"ImageObject","inLanguage":"da-DK","@id":"https:\/\/www.schramas.com\/winkel\/set-van-3-exotische-fruitbomen-1-abrikoos-1-perzik-1-nectarine-hoogte-90cm-5-liter-pot-mix-b\/#primaryimage","url":"https:\/\/www.schramas.com\/wp-content\/uploads\/2023\/06\/Pakketdeal-Exotische-fruitbomen-set-3-5L-B.jpg","contentUrl":"https:\/\/www.schramas.com\/wp-content\/uploads\/2023\/06\/Pakketdeal-Exotische-fruitbomen-set-3-5L-B.jpg","width":1600,"height":1600},{"@type":"BreadcrumbList","@id":"https:\/\/www.schramas.com\/winkel\/set-van-3-exotische-fruitbomen-1-abrikoos-1-perzik-1-nectarine-hoogte-90cm-5-liter-pot-mix-b\/#breadcrumb","itemListElement":[{"@type":"ListItem","position":1,"name":"Product","item":"https:\/\/www.schramas.com\/assortiment\/"},{"@type":"ListItem","position":2,"name":"Bomen &amp; Struiken","item":"https:\/\/www.schramas.com\/product-category\/bomen-struiken\/"},{"@type":"ListItem","position":3,"name":"Specials","item":"https:\/\/www.schramas.com\/product-category\/bomen-struiken\/specials\/"},{"@type":"ListItem","position":4,"name":"Mediterrane en Exotische Fruitplanten","item":"https:\/\/www.schramas.com\/product-category\/bomen-struiken\/specials\/mediterrane-en-exotische-fruitplanten\/"},{"@type":"ListItem","position":5,"name":"Set van 3 Exotische fruitbomen &#8211; 1 Abrikoos, 1 Perzik, 1 Nectarine &#8211; Hoogte +90cm &#8211; 5 Liter pot &#8211; Mix B"}]},{"@type":"WebSite","@id":"https:\/\/www.schramas.com\/#website","url":"https:\/\/www.schramas.com\/","name":"Schramas.com | Haveplanter bestilles nemt online | Direkte fra vores gartneri","description":"","alternateName":"Schramas.com - Alle planten direct van de kweker","potentialAction":[{"@type":"SearchAction","target":{"@type":"EntryPoint","urlTemplate":"https:\/\/www.schramas.com\/?s={search_term_string}"},"query-input":{"@type":"PropertyValueSpecification","valueRequired":true,"valueName":"search_term_string"}}],"inLanguage":"da-DK"}]}},"_links":{"self":[{"href":"https:\/\/www.schramas.com\/dk\/wp-json\/wp\/v2\/product\/26258","targetHints":{"allow":["GET"]}}],"collection":[{"href":"https:\/\/www.schramas.com\/dk\/wp-json\/wp\/v2\/product"}],"about":[{"href":"https:\/\/www.schramas.com\/dk\/wp-json\/wp\/v2\/types\/product"}],"version-history":[{"count":2,"href":"https:\/\/www.schramas.com\/dk\/wp-json\/wp\/v2\/product\/26258\/revisions"}],"predecessor-version":[{"id":46286,"href":"https:\/\/www.schramas.com\/dk\/wp-json\/wp\/v2\/product\/26258\/revisions\/46286"}],"wp:featuredmedia":[{"embeddable":true,"href":"https:\/\/www.schramas.com\/dk\/wp-json\/wp\/v2\/media\/26259"}],"wp:attachment":[{"href":"https:\/\/www.schramas.com\/dk\/wp-json\/wp\/v2\/media?parent=26258"}],"wp:term":[{"taxonomy":"product_brand","embeddable":true,"href":"https:\/\/www.schramas.com\/dk\/wp-json\/wp\/v2\/product_brand?post=26258"},{"taxonomy":"product_cat","embeddable":true,"href":"https:\/\/www.schramas.com\/dk\/wp-json\/wp\/v2\/product_cat?post=26258"},{"taxonomy":"product_tag","embeddable":true,"href":"https:\/\/www.schramas.com\/dk\/wp-json\/wp\/v2\/product_tag?post=26258"}],"curies":[{"name":"wp","href":"https:\/\/api.w.org\/{rel}","templated":true}]}}