{"id":26412,"date":"2023-06-22T12:13:40","date_gmt":"2023-06-22T10:13:40","guid":{"rendered":"https:\/\/www.schramas.com\/?post_type=product&#038;p=26412"},"modified":"2026-03-26T16:35:44","modified_gmt":"2026-03-26T15:35:44","slug":"pieris-japonica-mountain-fire-rock-heather-2-liter-potte","status":"publish","type":"product","link":"https:\/\/www.schramas.com\/dk\/butik\/pieris-japonica-mountain-fire-rock-heather-2-liter-potte\/","title":{"rendered":"Pieris Japonica 'Mountain fire' - Stenlyng - 2 liter potte"},"content":{"rendered":"<div class=\"group w-full text-gray-800 dark:text-gray-100 border-b border-black\/10 dark:border-gray-900\/50 bg-gray-50 dark:bg-[#444654]\">\n<div class=\"flex p-4 gap-4 text-base md:gap-6 md:max-w-2xl lg:max-w-[38rem] xl:max-w-3xl md:py-6 lg:px-0 m-auto\">\n<div class=\"relative flex w-[calc(100%-50px)] flex-col gap-1 md:gap-3 lg:w-[calc(100%-115px)]\">\n<div class=\"flex flex-grow flex-col gap-3\">\n<div class=\"min-h-[20px] flex flex-col items-start gap-4 whitespace-pre-wrap break-words\">\n<div class=\"markdown prose w-full break-words dark:prose-invert light\"><\/div>\n<\/div>\n<\/div>\n<div class=\"flex justify-between lg:block\">\n<div class=\"text-gray-400 flex self-end lg:self-center justify-center mt-2 gap-2 md:gap-3 lg:gap-1 lg:absolute lg:top-0 lg:translate-x-full lg:right-0 lg:mt-0 lg:pl-2 visible\">\n<p>Tilf\u00f8j et fyrigt element til din have med Pieris Japonica 'Mountain Fire', ogs\u00e5 kendt som Rock Heath. Denne smukke busk er en sl\u00e5ende tilf\u00f8jelse til enhver have og kommer i en praktisk 2-liters potte.<\/p>\n<div class=\"flex gap-1\">\n<p>Pieris Japonica 'Mountain Fire' er en stedsegr\u00f8n busk med markante r\u00f8dfarvede nye skud, som er til stede hele \u00e5ret. Om for\u00e5ret blomstrer busken med klynger af h\u00e6ngende hvide blomster, der giver en subtil og elegant kontrast til det m\u00f8rkegr\u00f8nne l\u00f8v. Blomsterne tiltr\u00e6kker sommerfugle og bier og giver din have liv med summen fra disse nyttige best\u00f8vere.<\/p>\n<p>Denne klippegr\u00f8nt vokser bedst i veldr\u00e6net jord, der er let sur. Det er en kompakt busk, som kan blive ca. 1 meter h\u00f8j. Det anbefales at plante busken p\u00e5 et beskyttet sted i halvskygge til fuld skygge, hvor den er beskyttet mod den skarpe middagssol.<\/p>\n<p>Pieris Japonica 'Mountain Fire' er en h\u00e5rdf\u00f8r busk, der t\u00e5ler kolde temperaturer godt. Den kr\u00e6ver kun lidt vedligeholdelse og er generelt en nem plante at passe. Besk\u00e6r om n\u00f8dvendigt efter blomstringen for at bevare den \u00f8nskede form og st\u00f8rrelse.<\/p>\n<p>Bring farve og liv til din have med den smukke Pieris Japonica 'Mountain Fire'. Bestil din egen i dag, og nyd de livlige r\u00f8de skud og hvide blomster, som denne busk har at byde p\u00e5.<\/p>\n<\/div>\n<\/div>\n<\/div>\n<\/div>\n<\/div>\n<\/div>","protected":false},"excerpt":{"rendered":"<p>Pieris Japonica 'Mountain fire'<\/p>\n<p>Klippehede<\/p>\n<p>Maks. h\u00f8jde: 150 cm<\/p>\n<p>Leveringsh\u00f8jde inkl. potte: ca. 40 cm<\/p>\n<p>Gryde st\u00f8rrelse: 2 liter<\/p>","protected":false},"featured_media":26570,"template":"","meta":{"_joinchat":[]},"product_brand":[],"product_cat":[16,480,303,300,229,805],"product_tag":[798,499,797,351],"class_list":{"0":"post-26412","1":"product","2":"type-product","3":"status-publish","4":"has-post-thumbnail","6":"product_cat-diversen","7":"product_cat-diversen-struiken","8":"product_cat-groenblijvende-heesters","9":"product_cat-heesters","10":"product_cat-sierheesters","11":"product_cat-winter","12":"product_tag-bont-blad","13":"product_tag-groenblijvend","14":"product_tag-japanse-vingerplant","15":"product_tag-winterhard","16":"pa_bloeimaanden-juni","17":"pa_bloeimaanden-augustus","18":"pa_groeihoogte-150-200-cm","19":"pa_pot-zonder-pot","21":"first","22":"outofstock","23":"taxable","24":"shipping-taxable","25":"purchasable","26":"product-type-simple"},"yoast_head":"<!-- This site is optimized with the Yoast SEO plugin v24.2 - https:\/\/yoast.com\/wordpress\/plugins\/seo\/ -->\n<title>Pieris Japonica &#039;Mountain fire&#039; - Rotsheide - 2 liter pot kopen | Planten eenvoudig online bestellen | Schramas.com<\/title>\n<meta name=\"robots\" content=\"index, follow, max-snippet:-1, max-image-preview:large, max-video-preview:-1\" \/>\n<link rel=\"canonical\" href=\"https:\/\/www.schramas.com\/dk\/butik\/pieris-japonica-mountain-fire-rock-heather-2-liter-potte\/\" \/>\n<meta property=\"og:locale\" content=\"da_DK\" \/>\n<meta property=\"og:type\" content=\"article\" \/>\n<meta property=\"og:title\" content=\"Pieris Japonica &#039;Mountain fire&#039; - Rotsheide - 2 liter pot kopen | Planten eenvoudig online bestellen | Schramas.com\" \/>\n<meta property=\"og:description\" content=\"Pieris Japonica &#039;Mountain fire&#039;  Rotsheide  Max. hoogte: 150cm  Leverhoogte incl. pot: ca. 40 cm  Potmaat: 2 liter\" \/>\n<meta property=\"og:url\" content=\"https:\/\/www.schramas.com\/dk\/butik\/pieris-japonica-mountain-fire-rock-heather-2-liter-potte\/\" \/>\n<meta property=\"og:site_name\" content=\"Planten eenvoudig online bestellen | Schramas.com\" \/>\n<meta property=\"article:publisher\" content=\"https:\/\/www.facebook.com\/Schramascom-106872874153195\/\" \/>\n<meta property=\"article:modified_time\" content=\"2026-03-26T15:35:44+00:00\" \/>\n<meta property=\"og:image\" content=\"https:\/\/www.schramas.com\/wp-content\/uploads\/2023\/06\/Pieris-japonica-Mountain-fire.jpg\" \/>\n\t<meta property=\"og:image:width\" content=\"1600\" \/>\n\t<meta property=\"og:image:height\" content=\"1600\" \/>\n\t<meta property=\"og:image:type\" content=\"image\/jpeg\" \/>\n<meta name=\"twitter:card\" content=\"summary_large_image\" \/>\n<meta name=\"twitter:label1\" content=\"Estimeret l\u00e6setid\" \/>\n\t<meta name=\"twitter:data1\" content=\"1 minut\" \/>\n<script type=\"application\/ld+json\" class=\"yoast-schema-graph\">{\"@context\":\"https:\/\/schema.org\",\"@graph\":[{\"@type\":[\"WebPage\",\"ItemPage\"],\"@id\":\"https:\/\/www.schramas.com\/winkel\/pieris-japonica-mountain-fire-rotsheide-2-liter-pot\/\",\"url\":\"https:\/\/www.schramas.com\/winkel\/pieris-japonica-mountain-fire-rotsheide-2-liter-pot\/\",\"name\":\"Pieris Japonica 'Mountain fire' - Rotsheide - 2 liter pot kopen | Planten eenvoudig online bestellen | Schramas.com\",\"isPartOf\":{\"@id\":\"https:\/\/www.schramas.com\/#website\"},\"primaryImageOfPage\":{\"@id\":\"https:\/\/www.schramas.com\/winkel\/pieris-japonica-mountain-fire-rotsheide-2-liter-pot\/#primaryimage\"},\"image\":{\"@id\":\"https:\/\/www.schramas.com\/winkel\/pieris-japonica-mountain-fire-rotsheide-2-liter-pot\/#primaryimage\"},\"thumbnailUrl\":\"https:\/\/www.schramas.com\/wp-content\/uploads\/2023\/06\/Pieris-japonica-Mountain-fire.jpg\",\"datePublished\":\"2023-06-22T10:13:40+00:00\",\"dateModified\":\"2026-03-26T15:35:44+00:00\",\"breadcrumb\":{\"@id\":\"https:\/\/www.schramas.com\/winkel\/pieris-japonica-mountain-fire-rotsheide-2-liter-pot\/#breadcrumb\"},\"inLanguage\":\"da-DK\",\"potentialAction\":[{\"@type\":\"ReadAction\",\"target\":[\"https:\/\/www.schramas.com\/winkel\/pieris-japonica-mountain-fire-rotsheide-2-liter-pot\/\"]}]},{\"@type\":\"ImageObject\",\"inLanguage\":\"da-DK\",\"@id\":\"https:\/\/www.schramas.com\/winkel\/pieris-japonica-mountain-fire-rotsheide-2-liter-pot\/#primaryimage\",\"url\":\"https:\/\/www.schramas.com\/wp-content\/uploads\/2023\/06\/Pieris-japonica-Mountain-fire.jpg\",\"contentUrl\":\"https:\/\/www.schramas.com\/wp-content\/uploads\/2023\/06\/Pieris-japonica-Mountain-fire.jpg\",\"width\":1600,\"height\":1600},{\"@type\":\"BreadcrumbList\",\"@id\":\"https:\/\/www.schramas.com\/winkel\/pieris-japonica-mountain-fire-rotsheide-2-liter-pot\/#breadcrumb\",\"itemListElement\":[{\"@type\":\"ListItem\",\"position\":1,\"name\":\"Product\",\"item\":\"https:\/\/www.schramas.com\/assortiment\/\"},{\"@type\":\"ListItem\",\"position\":2,\"name\":\"Tuinplanten\",\"item\":\"https:\/\/www.schramas.com\/product-category\/planten-heesters\/\"},{\"@type\":\"ListItem\",\"position\":3,\"name\":\"Heesters\",\"item\":\"https:\/\/www.schramas.com\/product-category\/planten-heesters\/heesters\/\"},{\"@type\":\"ListItem\",\"position\":4,\"name\":\"Sierheesters\",\"item\":\"https:\/\/www.schramas.com\/product-category\/planten-heesters\/heesters\/sierheesters\/\"},{\"@type\":\"ListItem\",\"position\":5,\"name\":\"Pieris Japonica &#8216;Mountain fire&#8217; &#8211; Rotsheide &#8211; 2 liter pot\"}]},{\"@type\":\"WebSite\",\"@id\":\"https:\/\/www.schramas.com\/#website\",\"url\":\"https:\/\/www.schramas.com\/\",\"name\":\"Schramas.com | Tuinplanten eenvoudig online bestellen | Direct van onze Kwekerij\",\"description\":\"\",\"alternateName\":\"Schramas.com - Alle planten direct van de kweker\",\"potentialAction\":[{\"@type\":\"SearchAction\",\"target\":{\"@type\":\"EntryPoint\",\"urlTemplate\":\"https:\/\/www.schramas.com\/?s={search_term_string}\"},\"query-input\":{\"@type\":\"PropertyValueSpecification\",\"valueRequired\":true,\"valueName\":\"search_term_string\"}}],\"inLanguage\":\"da-DK\"}]}<\/script>\n<!-- \/ Yoast SEO plugin. -->","yoast_head_json":{"title":"Pieris Japonica 'Mountain fire' - Stenlyng - k\u00f8b 2 liter potte | Planter nem online bestilling | Schramas.com","robots":{"index":"index","follow":"follow","max-snippet":"max-snippet:-1","max-image-preview":"max-image-preview:large","max-video-preview":"max-video-preview:-1"},"canonical":"https:\/\/www.schramas.com\/dk\/butik\/pieris-japonica-mountain-fire-rock-heather-2-liter-potte\/","og_locale":"da_DK","og_type":"article","og_title":"Pieris Japonica 'Mountain fire' - Rotsheide - 2 liter pot kopen | Planten eenvoudig online bestellen | Schramas.com","og_description":"Pieris Japonica 'Mountain fire'  Rotsheide  Max. hoogte: 150cm  Leverhoogte incl. pot: ca. 40 cm  Potmaat: 2 liter","og_url":"https:\/\/www.schramas.com\/dk\/butik\/pieris-japonica-mountain-fire-rock-heather-2-liter-potte\/","og_site_name":"Planten eenvoudig online bestellen | Schramas.com","article_publisher":"https:\/\/www.facebook.com\/Schramascom-106872874153195\/","article_modified_time":"2026-03-26T15:35:44+00:00","og_image":[{"width":1600,"height":1600,"url":"https:\/\/www.schramas.com\/wp-content\/uploads\/2023\/06\/Pieris-japonica-Mountain-fire.jpg","type":"image\/jpeg"}],"twitter_card":"summary_large_image","twitter_misc":{"Estimeret l\u00e6setid":"1 minut"},"schema":{"@context":"https:\/\/schema.org","@graph":[{"@type":["WebPage","ItemPage"],"@id":"https:\/\/www.schramas.com\/winkel\/pieris-japonica-mountain-fire-rotsheide-2-liter-pot\/","url":"https:\/\/www.schramas.com\/winkel\/pieris-japonica-mountain-fire-rotsheide-2-liter-pot\/","name":"Pieris Japonica 'Mountain fire' - Stenlyng - k\u00f8b 2 liter potte | Planter nem online bestilling | Schramas.com","isPartOf":{"@id":"https:\/\/www.schramas.com\/#website"},"primaryImageOfPage":{"@id":"https:\/\/www.schramas.com\/winkel\/pieris-japonica-mountain-fire-rotsheide-2-liter-pot\/#primaryimage"},"image":{"@id":"https:\/\/www.schramas.com\/winkel\/pieris-japonica-mountain-fire-rotsheide-2-liter-pot\/#primaryimage"},"thumbnailUrl":"https:\/\/www.schramas.com\/wp-content\/uploads\/2023\/06\/Pieris-japonica-Mountain-fire.jpg","datePublished":"2023-06-22T10:13:40+00:00","dateModified":"2026-03-26T15:35:44+00:00","breadcrumb":{"@id":"https:\/\/www.schramas.com\/winkel\/pieris-japonica-mountain-fire-rotsheide-2-liter-pot\/#breadcrumb"},"inLanguage":"da-DK","potentialAction":[{"@type":"ReadAction","target":["https:\/\/www.schramas.com\/winkel\/pieris-japonica-mountain-fire-rotsheide-2-liter-pot\/"]}]},{"@type":"ImageObject","inLanguage":"da-DK","@id":"https:\/\/www.schramas.com\/winkel\/pieris-japonica-mountain-fire-rotsheide-2-liter-pot\/#primaryimage","url":"https:\/\/www.schramas.com\/wp-content\/uploads\/2023\/06\/Pieris-japonica-Mountain-fire.jpg","contentUrl":"https:\/\/www.schramas.com\/wp-content\/uploads\/2023\/06\/Pieris-japonica-Mountain-fire.jpg","width":1600,"height":1600},{"@type":"BreadcrumbList","@id":"https:\/\/www.schramas.com\/winkel\/pieris-japonica-mountain-fire-rotsheide-2-liter-pot\/#breadcrumb","itemListElement":[{"@type":"ListItem","position":1,"name":"Product","item":"https:\/\/www.schramas.com\/assortiment\/"},{"@type":"ListItem","position":2,"name":"Tuinplanten","item":"https:\/\/www.schramas.com\/product-category\/planten-heesters\/"},{"@type":"ListItem","position":3,"name":"Heesters","item":"https:\/\/www.schramas.com\/product-category\/planten-heesters\/heesters\/"},{"@type":"ListItem","position":4,"name":"Sierheesters","item":"https:\/\/www.schramas.com\/product-category\/planten-heesters\/heesters\/sierheesters\/"},{"@type":"ListItem","position":5,"name":"Pieris Japonica &#8216;Mountain fire&#8217; &#8211; Rotsheide &#8211; 2 liter pot"}]},{"@type":"WebSite","@id":"https:\/\/www.schramas.com\/#website","url":"https:\/\/www.schramas.com\/","name":"Schramas.com | Haveplanter bestilles nemt online | Direkte fra vores gartneri","description":"","alternateName":"Schramas.com - Alle planten direct van de kweker","potentialAction":[{"@type":"SearchAction","target":{"@type":"EntryPoint","urlTemplate":"https:\/\/www.schramas.com\/?s={search_term_string}"},"query-input":{"@type":"PropertyValueSpecification","valueRequired":true,"valueName":"search_term_string"}}],"inLanguage":"da-DK"}]}},"_links":{"self":[{"href":"https:\/\/www.schramas.com\/dk\/wp-json\/wp\/v2\/product\/26412","targetHints":{"allow":["GET"]}}],"collection":[{"href":"https:\/\/www.schramas.com\/dk\/wp-json\/wp\/v2\/product"}],"about":[{"href":"https:\/\/www.schramas.com\/dk\/wp-json\/wp\/v2\/types\/product"}],"version-history":[{"count":1,"href":"https:\/\/www.schramas.com\/dk\/wp-json\/wp\/v2\/product\/26412\/revisions"}],"predecessor-version":[{"id":47683,"href":"https:\/\/www.schramas.com\/dk\/wp-json\/wp\/v2\/product\/26412\/revisions\/47683"}],"wp:featuredmedia":[{"embeddable":true,"href":"https:\/\/www.schramas.com\/dk\/wp-json\/wp\/v2\/media\/26570"}],"wp:attachment":[{"href":"https:\/\/www.schramas.com\/dk\/wp-json\/wp\/v2\/media?parent=26412"}],"wp:term":[{"taxonomy":"product_brand","embeddable":true,"href":"https:\/\/www.schramas.com\/dk\/wp-json\/wp\/v2\/product_brand?post=26412"},{"taxonomy":"product_cat","embeddable":true,"href":"https:\/\/www.schramas.com\/dk\/wp-json\/wp\/v2\/product_cat?post=26412"},{"taxonomy":"product_tag","embeddable":true,"href":"https:\/\/www.schramas.com\/dk\/wp-json\/wp\/v2\/product_tag?post=26412"}],"curies":[{"name":"wp","href":"https:\/\/api.w.org\/{rel}","templated":true}]}}