{"id":26587,"date":"2023-07-04T13:47:04","date_gmt":"2023-07-04T11:47:04","guid":{"rendered":"https:\/\/www.schramas.com\/?post_type=product&#038;p=26587"},"modified":"2026-04-19T13:59:37","modified_gmt":"2026-04-19T11:59:37","slug":"ligustrum-ovalifolium-ligusterhaek-3-liter-potte","status":"publish","type":"product","link":"https:\/\/www.schramas.com\/dk\/butik\/ligustrum-ovalifolium-ligusterhaek-3-liter-potte\/","title":{"rendered":"Ligustrum ovalifolium - Ligusterh\u00e6k - 3 liter potte"},"content":{"rendered":"<p>Skab privatliv og et gr\u00f8nt hegn i din have med Ligustrum ovalifolium, ogs\u00e5 kendt som ligusterh\u00e6k. Denne h\u00e6kplante kommer i en 3-liters potte og er klar til at blive plantet direkte i din have.<\/p>\n<p>Ligustrum ovalifolium er et popul\u00e6rt valg til at danne h\u00e6kke p\u00e5 grund af sin t\u00e6tte v\u00e6kst og sit yndefulde udseende. De blanke, ovale blade har en m\u00f8rkegr\u00f8n farve og bevarer deres friske udseende hele \u00e5ret. Denne h\u00e6kplante er semi-eviggr\u00f8n og kan tabe bladene i h\u00e5rde vintre.<\/p>\n<p>Ligusterh\u00e6kken vokser let i mange forskellige jordtyper og klarer sig godt i sol og halvskygge. Det er en st\u00e6rk og modstandsdygtig plante, der kr\u00e6ver lidt vedligeholdelse. Med regelm\u00e6ssig besk\u00e6ring kan du holde h\u00e6kken i den \u00f8nskede form og h\u00f8jde.<\/p>\n<p>Ligustrum ovalifolium er et ideelt valg til b\u00e5de formelle og uformelle haver. Den skaber en naturlig adskillelse, giver l\u00e6 til fugle og andre dyr og bidrager til et gr\u00f8nt og levende landskab.<\/p>\n<p>Bestil Ligustrum ovalifolium nu i en 3-liters potte, og begynd at skabe din egen gr\u00f8nne h\u00e6k. Nyd privatliv, sk\u00f8nhed og funktionalitet i din have med denne smukke ligusterh\u00e6k.<\/p>","protected":false},"excerpt":{"rendered":"<p>Ligustrum ovalifolium<\/p>\n<p>Ligusterh\u00e6k<\/p>\n<p>Maks. h\u00f8jde: 250 cm<\/p>\n<p>Leveringsh\u00f8jde inkl. potte: ca. 80 cm<\/p>\n<p>Grydest\u00f8rrelse: 3 liter<\/p>","protected":false},"featured_media":26700,"template":"","meta":{"_joinchat":[]},"product_brand":[],"product_cat":[16,480,762,305],"product_tag":[499,1071,351],"class_list":{"0":"post-26587","1":"product","2":"type-product","3":"status-publish","4":"has-post-thumbnail","6":"product_cat-diversen","7":"product_cat-diversen-struiken","8":"product_cat-hagen","9":"product_cat-planten-heesters","10":"product_tag-groenblijvend","11":"product_tag-ligusterhaag","12":"product_tag-winterhard","13":"pa_bloeimaanden-juni","14":"pa_bloeimaanden-augustus","15":"pa_groeihoogte-150-200-cm","16":"pa_pot-zonder-pot","18":"first","19":"instock","20":"taxable","21":"shipping-taxable","22":"purchasable","23":"product-type-simple"},"yoast_head":"<!-- This site is optimized with the Yoast SEO plugin v24.2 - https:\/\/yoast.com\/wordpress\/plugins\/seo\/ -->\n<title>Ligustrum ovalifolium - Ligusterhaag - 3 liter pot kopen | Planten eenvoudig online bestellen | Schramas.com<\/title>\n<meta name=\"robots\" content=\"index, follow, max-snippet:-1, max-image-preview:large, max-video-preview:-1\" \/>\n<link rel=\"canonical\" href=\"https:\/\/www.schramas.com\/dk\/butik\/ligustrum-ovalifolium-ligusterhaek-3-liter-potte\/\" \/>\n<meta property=\"og:locale\" content=\"da_DK\" \/>\n<meta property=\"og:type\" content=\"article\" \/>\n<meta property=\"og:title\" content=\"Ligustrum ovalifolium - Ligusterhaag - 3 liter pot kopen | Planten eenvoudig online bestellen | Schramas.com\" \/>\n<meta property=\"og:description\" content=\"Ligustrum ovalifolium  Ligusterhaag  Max. hoogte: 250cm  Leverhoogte incl. pot: ca. 80 cm  Potmaat: 3 liter\" \/>\n<meta property=\"og:url\" content=\"https:\/\/www.schramas.com\/dk\/butik\/ligustrum-ovalifolium-ligusterhaek-3-liter-potte\/\" \/>\n<meta property=\"og:site_name\" content=\"Planten eenvoudig online bestellen | Schramas.com\" \/>\n<meta property=\"article:publisher\" content=\"https:\/\/www.facebook.com\/Schramascom-106872874153195\/\" \/>\n<meta property=\"article:modified_time\" content=\"2026-04-19T11:59:37+00:00\" \/>\n<meta property=\"og:image\" content=\"http:\/\/www.schramas.com\/wp-content\/uploads\/2023\/07\/Ligustrum-ovalifolium-3L.jpg\" \/>\n\t<meta property=\"og:image:width\" content=\"780\" \/>\n\t<meta property=\"og:image:height\" content=\"784\" \/>\n\t<meta property=\"og:image:type\" content=\"image\/jpeg\" \/>\n<meta name=\"twitter:card\" content=\"summary_large_image\" \/>\n<meta name=\"twitter:label1\" content=\"Estimeret l\u00e6setid\" \/>\n\t<meta name=\"twitter:data1\" content=\"1 minut\" \/>\n<script type=\"application\/ld+json\" class=\"yoast-schema-graph\">{\"@context\":\"https:\/\/schema.org\",\"@graph\":[{\"@type\":[\"WebPage\",\"ItemPage\"],\"@id\":\"https:\/\/www.schramas.com\/winkel\/ligustrum-ovalifolium-ligusterhaag-3-liter-pot\/\",\"url\":\"https:\/\/www.schramas.com\/winkel\/ligustrum-ovalifolium-ligusterhaag-3-liter-pot\/\",\"name\":\"Ligustrum ovalifolium - Ligusterhaag - 3 liter pot kopen | Planten eenvoudig online bestellen | Schramas.com\",\"isPartOf\":{\"@id\":\"https:\/\/www.schramas.com\/#website\"},\"primaryImageOfPage\":{\"@id\":\"https:\/\/www.schramas.com\/winkel\/ligustrum-ovalifolium-ligusterhaag-3-liter-pot\/#primaryimage\"},\"image\":{\"@id\":\"https:\/\/www.schramas.com\/winkel\/ligustrum-ovalifolium-ligusterhaag-3-liter-pot\/#primaryimage\"},\"thumbnailUrl\":\"https:\/\/www.schramas.com\/wp-content\/uploads\/2023\/07\/Ligustrum-ovalifolium-3L.jpg\",\"datePublished\":\"2023-07-04T11:47:04+00:00\",\"dateModified\":\"2026-04-19T11:59:37+00:00\",\"breadcrumb\":{\"@id\":\"https:\/\/www.schramas.com\/winkel\/ligustrum-ovalifolium-ligusterhaag-3-liter-pot\/#breadcrumb\"},\"inLanguage\":\"da-DK\",\"potentialAction\":[{\"@type\":\"ReadAction\",\"target\":[\"https:\/\/www.schramas.com\/winkel\/ligustrum-ovalifolium-ligusterhaag-3-liter-pot\/\"]}]},{\"@type\":\"ImageObject\",\"inLanguage\":\"da-DK\",\"@id\":\"https:\/\/www.schramas.com\/winkel\/ligustrum-ovalifolium-ligusterhaag-3-liter-pot\/#primaryimage\",\"url\":\"https:\/\/www.schramas.com\/wp-content\/uploads\/2023\/07\/Ligustrum-ovalifolium-3L.jpg\",\"contentUrl\":\"https:\/\/www.schramas.com\/wp-content\/uploads\/2023\/07\/Ligustrum-ovalifolium-3L.jpg\",\"width\":780,\"height\":784},{\"@type\":\"BreadcrumbList\",\"@id\":\"https:\/\/www.schramas.com\/winkel\/ligustrum-ovalifolium-ligusterhaag-3-liter-pot\/#breadcrumb\",\"itemListElement\":[{\"@type\":\"ListItem\",\"position\":1,\"name\":\"Product\",\"item\":\"https:\/\/www.schramas.com\/assortiment\/\"},{\"@type\":\"ListItem\",\"position\":2,\"name\":\"Diversen planten\",\"item\":\"https:\/\/www.schramas.com\/product-category\/diversen\/\"},{\"@type\":\"ListItem\",\"position\":3,\"name\":\"Diversen struiken\",\"item\":\"https:\/\/www.schramas.com\/en\/product-category-2\/miscellaneous\/miscellaneous-shrubs\/\"},{\"@type\":\"ListItem\",\"position\":4,\"name\":\"Ligustrum ovalifolium &#8211; Ligusterhaag &#8211; 3 liter pot\"}]},{\"@type\":\"WebSite\",\"@id\":\"https:\/\/www.schramas.com\/#website\",\"url\":\"https:\/\/www.schramas.com\/\",\"name\":\"Schramas.com | Tuinplanten eenvoudig online bestellen | Direct van onze Kwekerij\",\"description\":\"\",\"alternateName\":\"Schramas.com - Alle planten direct van de kweker\",\"potentialAction\":[{\"@type\":\"SearchAction\",\"target\":{\"@type\":\"EntryPoint\",\"urlTemplate\":\"https:\/\/www.schramas.com\/?s={search_term_string}\"},\"query-input\":{\"@type\":\"PropertyValueSpecification\",\"valueRequired\":true,\"valueName\":\"search_term_string\"}}],\"inLanguage\":\"da-DK\"}]}<\/script>\n<!-- \/ Yoast SEO plugin. -->","yoast_head_json":{"title":"Ligustrum ovalifolium - Ligusterh\u00e6k - k\u00f8b 3 liter potte | Planter nem online bestilling | Schramas.com","robots":{"index":"index","follow":"follow","max-snippet":"max-snippet:-1","max-image-preview":"max-image-preview:large","max-video-preview":"max-video-preview:-1"},"canonical":"https:\/\/www.schramas.com\/dk\/butik\/ligustrum-ovalifolium-ligusterhaek-3-liter-potte\/","og_locale":"da_DK","og_type":"article","og_title":"Ligustrum ovalifolium - Ligusterhaag - 3 liter pot kopen | Planten eenvoudig online bestellen | Schramas.com","og_description":"Ligustrum ovalifolium  Ligusterhaag  Max. hoogte: 250cm  Leverhoogte incl. pot: ca. 80 cm  Potmaat: 3 liter","og_url":"https:\/\/www.schramas.com\/dk\/butik\/ligustrum-ovalifolium-ligusterhaek-3-liter-potte\/","og_site_name":"Planten eenvoudig online bestellen | Schramas.com","article_publisher":"https:\/\/www.facebook.com\/Schramascom-106872874153195\/","article_modified_time":"2026-04-19T11:59:37+00:00","og_image":[{"width":780,"height":784,"url":"http:\/\/www.schramas.com\/wp-content\/uploads\/2023\/07\/Ligustrum-ovalifolium-3L.jpg","type":"image\/jpeg"}],"twitter_card":"summary_large_image","twitter_misc":{"Estimeret l\u00e6setid":"1 minut"},"schema":{"@context":"https:\/\/schema.org","@graph":[{"@type":["WebPage","ItemPage"],"@id":"https:\/\/www.schramas.com\/winkel\/ligustrum-ovalifolium-ligusterhaag-3-liter-pot\/","url":"https:\/\/www.schramas.com\/winkel\/ligustrum-ovalifolium-ligusterhaag-3-liter-pot\/","name":"Ligustrum ovalifolium - Ligusterh\u00e6k - k\u00f8b 3 liter potte | Planter nem online bestilling | Schramas.com","isPartOf":{"@id":"https:\/\/www.schramas.com\/#website"},"primaryImageOfPage":{"@id":"https:\/\/www.schramas.com\/winkel\/ligustrum-ovalifolium-ligusterhaag-3-liter-pot\/#primaryimage"},"image":{"@id":"https:\/\/www.schramas.com\/winkel\/ligustrum-ovalifolium-ligusterhaag-3-liter-pot\/#primaryimage"},"thumbnailUrl":"https:\/\/www.schramas.com\/wp-content\/uploads\/2023\/07\/Ligustrum-ovalifolium-3L.jpg","datePublished":"2023-07-04T11:47:04+00:00","dateModified":"2026-04-19T11:59:37+00:00","breadcrumb":{"@id":"https:\/\/www.schramas.com\/winkel\/ligustrum-ovalifolium-ligusterhaag-3-liter-pot\/#breadcrumb"},"inLanguage":"da-DK","potentialAction":[{"@type":"ReadAction","target":["https:\/\/www.schramas.com\/winkel\/ligustrum-ovalifolium-ligusterhaag-3-liter-pot\/"]}]},{"@type":"ImageObject","inLanguage":"da-DK","@id":"https:\/\/www.schramas.com\/winkel\/ligustrum-ovalifolium-ligusterhaag-3-liter-pot\/#primaryimage","url":"https:\/\/www.schramas.com\/wp-content\/uploads\/2023\/07\/Ligustrum-ovalifolium-3L.jpg","contentUrl":"https:\/\/www.schramas.com\/wp-content\/uploads\/2023\/07\/Ligustrum-ovalifolium-3L.jpg","width":780,"height":784},{"@type":"BreadcrumbList","@id":"https:\/\/www.schramas.com\/winkel\/ligustrum-ovalifolium-ligusterhaag-3-liter-pot\/#breadcrumb","itemListElement":[{"@type":"ListItem","position":1,"name":"Product","item":"https:\/\/www.schramas.com\/assortiment\/"},{"@type":"ListItem","position":2,"name":"Diversen planten","item":"https:\/\/www.schramas.com\/product-category\/diversen\/"},{"@type":"ListItem","position":3,"name":"Diversen struiken","item":"https:\/\/www.schramas.com\/en\/product-category-2\/miscellaneous\/miscellaneous-shrubs\/"},{"@type":"ListItem","position":4,"name":"Ligustrum ovalifolium &#8211; Ligusterhaag &#8211; 3 liter pot"}]},{"@type":"WebSite","@id":"https:\/\/www.schramas.com\/#website","url":"https:\/\/www.schramas.com\/","name":"Schramas.com | Haveplanter bestilles nemt online | Direkte fra vores gartneri","description":"","alternateName":"Schramas.com - Alle planten direct van de kweker","potentialAction":[{"@type":"SearchAction","target":{"@type":"EntryPoint","urlTemplate":"https:\/\/www.schramas.com\/?s={search_term_string}"},"query-input":{"@type":"PropertyValueSpecification","valueRequired":true,"valueName":"search_term_string"}}],"inLanguage":"da-DK"}]}},"_links":{"self":[{"href":"https:\/\/www.schramas.com\/dk\/wp-json\/wp\/v2\/product\/26587","targetHints":{"allow":["GET"]}}],"collection":[{"href":"https:\/\/www.schramas.com\/dk\/wp-json\/wp\/v2\/product"}],"about":[{"href":"https:\/\/www.schramas.com\/dk\/wp-json\/wp\/v2\/types\/product"}],"version-history":[{"count":1,"href":"https:\/\/www.schramas.com\/dk\/wp-json\/wp\/v2\/product\/26587\/revisions"}],"predecessor-version":[{"id":59472,"href":"https:\/\/www.schramas.com\/dk\/wp-json\/wp\/v2\/product\/26587\/revisions\/59472"}],"wp:featuredmedia":[{"embeddable":true,"href":"https:\/\/www.schramas.com\/dk\/wp-json\/wp\/v2\/media\/26700"}],"wp:attachment":[{"href":"https:\/\/www.schramas.com\/dk\/wp-json\/wp\/v2\/media?parent=26587"}],"wp:term":[{"taxonomy":"product_brand","embeddable":true,"href":"https:\/\/www.schramas.com\/dk\/wp-json\/wp\/v2\/product_brand?post=26587"},{"taxonomy":"product_cat","embeddable":true,"href":"https:\/\/www.schramas.com\/dk\/wp-json\/wp\/v2\/product_cat?post=26587"},{"taxonomy":"product_tag","embeddable":true,"href":"https:\/\/www.schramas.com\/dk\/wp-json\/wp\/v2\/product_tag?post=26587"}],"curies":[{"name":"wp","href":"https:\/\/api.w.org\/{rel}","templated":true}]}}