{"id":27827,"date":"2023-09-12T14:32:00","date_gmt":"2023-09-12T12:32:00","guid":{"rendered":"https:\/\/www.schramas.com\/winkel\/asimina-triloba-pawpaw\/"},"modified":"2025-07-10T12:18:15","modified_gmt":"2025-07-10T10:18:15","slug":"asimina-triloba-pawpaw","status":"publish","type":"product","link":"https:\/\/www.schramas.com\/dk\/butik\/asimina-triloba-pawpaw\/","title":{"rendered":"Asimina triloba Pawpaw"},"content":{"rendered":"<p>Asimina triloba, ogs\u00e5 kendt som Pawpaw, er et oprindeligt nordamerikansk frugttr\u00e6. Frugten har et gr\u00f8nt skind og et bl\u00f8dt, cremet k\u00f8d med en unik, s\u00f8d smag, der minder om banan og mango. Pawpaw-tr\u00e6er trives i fugtig, frugtbar jord og har ofte brug for en beskyttet placering.<\/p>","protected":false},"excerpt":{"rendered":"<p>Asimina triloba, ogs\u00e5 kendt som Pawpaw, er et oprindeligt nordamerikansk frugttr\u00e6. Frugten har et gr\u00f8nt skind og et bl\u00f8dt, cremet k\u00f8d med en unik, s\u00f8d smag, der minder om banan og mango. Pawpaw-tr\u00e6er trives i fugtig, frugtbar jord og har ofte brug for en beskyttet placering.<\/p>","protected":false},"featured_media":0,"template":"","meta":{"_joinchat":[]},"product_brand":[],"product_cat":[],"product_tag":[1087,1088,328],"class_list":{"0":"post-27827","1":"product","2":"type-product","3":"status-publish","5":"product_tag-inheems","6":"product_tag-noord-amerika","7":"product_tag-zoet","9":"first","10":"outofstock","11":"taxable","12":"shipping-taxable","13":"purchasable","14":"product-type-simple"},"yoast_head":"<!-- This site is optimized with the Yoast SEO plugin v24.2 - https:\/\/yoast.com\/wordpress\/plugins\/seo\/ -->\n<title>Asimina triloba Pawpaw kopen | Planten eenvoudig online bestellen | Schramas.com<\/title>\n<meta name=\"robots\" content=\"index, follow, max-snippet:-1, max-image-preview:large, max-video-preview:-1\" \/>\n<link rel=\"canonical\" href=\"https:\/\/www.schramas.com\/dk\/butik\/asimina-triloba-pawpaw\/\" \/>\n<meta property=\"og:locale\" content=\"da_DK\" \/>\n<meta property=\"og:type\" content=\"article\" \/>\n<meta property=\"og:title\" content=\"Asimina triloba Pawpaw kopen | Planten eenvoudig online bestellen | Schramas.com\" \/>\n<meta property=\"og:description\" content=\"De Asimina triloba, ook bekend als Pawpaw, is een inheemse Noord-Amerikaanse fruitboom. De vruchten hebben een groene schil en zacht, romig vruchtvlees met een unieke, zoete smaak die doet denken aan banaan en mango. Pawpaw-bomen gedijen in vochtige, vruchtbare grond en hebben vaak een beschutte locatie nodig.\" \/>\n<meta property=\"og:url\" content=\"https:\/\/www.schramas.com\/dk\/butik\/asimina-triloba-pawpaw\/\" \/>\n<meta property=\"og:site_name\" content=\"Planten eenvoudig online bestellen | Schramas.com\" \/>\n<meta property=\"article:publisher\" content=\"https:\/\/www.facebook.com\/Schramascom-106872874153195\/\" \/>\n<meta property=\"article:modified_time\" content=\"2025-07-10T10:18:15+00:00\" \/>\n<meta property=\"og:image\" content=\"https:\/\/www.schramas.com\/wp-content\/uploads\/2020\/11\/210913-Logo-ontwerp-versie-2-amazon-grijs.png\" \/>\n\t<meta property=\"og:image:width\" content=\"1446\" \/>\n\t<meta property=\"og:image:height\" content=\"700\" \/>\n\t<meta property=\"og:image:type\" content=\"image\/png\" \/>\n<meta name=\"twitter:card\" content=\"summary_large_image\" \/>\n<script type=\"application\/ld+json\" class=\"yoast-schema-graph\">{\"@context\":\"https:\/\/schema.org\",\"@graph\":[{\"@type\":[\"WebPage\",\"ItemPage\"],\"@id\":\"https:\/\/www.schramas.com\/winkel\/asimina-triloba-pawpaw\/\",\"url\":\"https:\/\/www.schramas.com\/winkel\/asimina-triloba-pawpaw\/\",\"name\":\"Asimina triloba Pawpaw kopen | Planten eenvoudig online bestellen | Schramas.com\",\"isPartOf\":{\"@id\":\"https:\/\/www.schramas.com\/#website\"},\"datePublished\":\"2023-09-12T12:32:00+00:00\",\"dateModified\":\"2025-07-10T10:18:15+00:00\",\"breadcrumb\":{\"@id\":\"https:\/\/www.schramas.com\/winkel\/asimina-triloba-pawpaw\/#breadcrumb\"},\"inLanguage\":\"da-DK\",\"potentialAction\":[{\"@type\":\"ReadAction\",\"target\":[\"https:\/\/www.schramas.com\/winkel\/asimina-triloba-pawpaw\/\"]}]},{\"@type\":\"BreadcrumbList\",\"@id\":\"https:\/\/www.schramas.com\/winkel\/asimina-triloba-pawpaw\/#breadcrumb\",\"itemListElement\":[{\"@type\":\"ListItem\",\"position\":1,\"name\":\"Product\",\"item\":\"https:\/\/www.schramas.com\/assortiment\/\"},{\"@type\":\"ListItem\",\"position\":2,\"name\":\"Offerte aanvragen\",\"item\":\"https:\/\/www.schramas.com\/product-category\/offerte-aanvragen\/\"},{\"@type\":\"ListItem\",\"position\":3,\"name\":\"Asimina triloba Pawpaw\"}]},{\"@type\":\"WebSite\",\"@id\":\"https:\/\/www.schramas.com\/#website\",\"url\":\"https:\/\/www.schramas.com\/\",\"name\":\"Schramas.com | Tuinplanten eenvoudig online bestellen | Direct van onze Kwekerij\",\"description\":\"\",\"alternateName\":\"Schramas.com - Alle planten direct van de kweker\",\"potentialAction\":[{\"@type\":\"SearchAction\",\"target\":{\"@type\":\"EntryPoint\",\"urlTemplate\":\"https:\/\/www.schramas.com\/?s={search_term_string}\"},\"query-input\":{\"@type\":\"PropertyValueSpecification\",\"valueRequired\":true,\"valueName\":\"search_term_string\"}}],\"inLanguage\":\"da-DK\"}]}<\/script>\n<!-- \/ Yoast SEO plugin. -->","yoast_head_json":{"title":"K\u00f8b Asimina triloba Pawpaw | Planter nem online bestilling | Schramas.com","robots":{"index":"index","follow":"follow","max-snippet":"max-snippet:-1","max-image-preview":"max-image-preview:large","max-video-preview":"max-video-preview:-1"},"canonical":"https:\/\/www.schramas.com\/dk\/butik\/asimina-triloba-pawpaw\/","og_locale":"da_DK","og_type":"article","og_title":"Asimina triloba Pawpaw kopen | Planten eenvoudig online bestellen | Schramas.com","og_description":"De Asimina triloba, ook bekend als Pawpaw, is een inheemse Noord-Amerikaanse fruitboom. De vruchten hebben een groene schil en zacht, romig vruchtvlees met een unieke, zoete smaak die doet denken aan banaan en mango. Pawpaw-bomen gedijen in vochtige, vruchtbare grond en hebben vaak een beschutte locatie nodig.","og_url":"https:\/\/www.schramas.com\/dk\/butik\/asimina-triloba-pawpaw\/","og_site_name":"Planten eenvoudig online bestellen | Schramas.com","article_publisher":"https:\/\/www.facebook.com\/Schramascom-106872874153195\/","article_modified_time":"2025-07-10T10:18:15+00:00","og_image":[{"width":1446,"height":700,"url":"https:\/\/www.schramas.com\/wp-content\/uploads\/2020\/11\/210913-Logo-ontwerp-versie-2-amazon-grijs.png","type":"image\/png"}],"twitter_card":"summary_large_image","schema":{"@context":"https:\/\/schema.org","@graph":[{"@type":["WebPage","ItemPage"],"@id":"https:\/\/www.schramas.com\/winkel\/asimina-triloba-pawpaw\/","url":"https:\/\/www.schramas.com\/winkel\/asimina-triloba-pawpaw\/","name":"K\u00f8b Asimina triloba Pawpaw | Planter nem online bestilling | Schramas.com","isPartOf":{"@id":"https:\/\/www.schramas.com\/#website"},"datePublished":"2023-09-12T12:32:00+00:00","dateModified":"2025-07-10T10:18:15+00:00","breadcrumb":{"@id":"https:\/\/www.schramas.com\/winkel\/asimina-triloba-pawpaw\/#breadcrumb"},"inLanguage":"da-DK","potentialAction":[{"@type":"ReadAction","target":["https:\/\/www.schramas.com\/winkel\/asimina-triloba-pawpaw\/"]}]},{"@type":"BreadcrumbList","@id":"https:\/\/www.schramas.com\/winkel\/asimina-triloba-pawpaw\/#breadcrumb","itemListElement":[{"@type":"ListItem","position":1,"name":"Product","item":"https:\/\/www.schramas.com\/assortiment\/"},{"@type":"ListItem","position":2,"name":"Offerte aanvragen","item":"https:\/\/www.schramas.com\/product-category\/offerte-aanvragen\/"},{"@type":"ListItem","position":3,"name":"Asimina triloba Pawpaw"}]},{"@type":"WebSite","@id":"https:\/\/www.schramas.com\/#website","url":"https:\/\/www.schramas.com\/","name":"Schramas.com | Haveplanter bestilles nemt online | Direkte fra vores gartneri","description":"","alternateName":"Schramas.com - Alle planten direct van de kweker","potentialAction":[{"@type":"SearchAction","target":{"@type":"EntryPoint","urlTemplate":"https:\/\/www.schramas.com\/?s={search_term_string}"},"query-input":{"@type":"PropertyValueSpecification","valueRequired":true,"valueName":"search_term_string"}}],"inLanguage":"da-DK"}]}},"_links":{"self":[{"href":"https:\/\/www.schramas.com\/dk\/wp-json\/wp\/v2\/product\/27827","targetHints":{"allow":["GET"]}}],"collection":[{"href":"https:\/\/www.schramas.com\/dk\/wp-json\/wp\/v2\/product"}],"about":[{"href":"https:\/\/www.schramas.com\/dk\/wp-json\/wp\/v2\/types\/product"}],"version-history":[{"count":0,"href":"https:\/\/www.schramas.com\/dk\/wp-json\/wp\/v2\/product\/27827\/revisions"}],"wp:attachment":[{"href":"https:\/\/www.schramas.com\/dk\/wp-json\/wp\/v2\/media?parent=27827"}],"wp:term":[{"taxonomy":"product_brand","embeddable":true,"href":"https:\/\/www.schramas.com\/dk\/wp-json\/wp\/v2\/product_brand?post=27827"},{"taxonomy":"product_cat","embeddable":true,"href":"https:\/\/www.schramas.com\/dk\/wp-json\/wp\/v2\/product_cat?post=27827"},{"taxonomy":"product_tag","embeddable":true,"href":"https:\/\/www.schramas.com\/dk\/wp-json\/wp\/v2\/product_tag?post=27827"}],"curies":[{"name":"wp","href":"https:\/\/api.w.org\/{rel}","templated":true}]}}